{"id":24434,"date":"2019-07-05T11:55:24","date_gmt":"2019-07-05T08:55:24","guid":{"rendered":"https:\/\/kloon.kodukolle.ee\/?page_id=24434"},"modified":"2023-11-07T11:01:26","modified_gmt":"2023-11-07T09:01:26","slug":"meista","status":"publish","type":"page","link":"https:\/\/kloon.kodukolle.ee\/fi\/meista\/","title":{"rendered":"Meist\u00e4"},"content":{"rendered":"<p>Kodukolle LT. O\u00dc on toiminut vuodesta 1998 alkaen erikoistuen erilaisten l\u00e4mmityslaitteiden ja tarvikkeiden v\u00e4hitt\u00e4is- ja tukkumyyntiin. Suurin osa tarjoamistamme tuotteista tuodaan Euroopan valmistajilta, jotka yhdist\u00e4v\u00e4t vuosikymmenien perinteen nykyaikaiseen teknologiaan ja muotoiluun. Kodukolle valitsee yhteisty\u00f6kumppaninsa siten, ett\u00e4 asiakkaamme saavat aina laadukkaan tuotteen, joka tarjoaa l\u00e4mp\u00f6\u00e4 moniksi vuosiksi.<\/p>\n<p><strong>Kodukollen n\u00e4yttelytilat<\/strong>\u00a0sijaitsevat Tallinnassa, Rakveressa ja J\u00f5hvissa. Kaikissa n\u00e4yttelytiloissa on esill\u00e4 valikoima, jonka joukosta jokaisen on mahdollista l\u00f6yt\u00e4\u00e4 itselleen sopivin l\u00e4mmitysratkaisu: takat, liedet, uunit, erilaiset keskusl\u00e4mmitysratkaisut, pellettitakat, takan- ja lieden ovet, saunakiukaat ja saunatuotteet &#8211; valikoimamme ei pit\u00e4isi j\u00e4tt\u00e4\u00e4 ket\u00e4\u00e4n kylm\u00e4ksi!<\/p>\n<p>N\u00e4yttelytilamme ovat erikoisliikkeit\u00e4, joissa alansa asiantuntijat antavat teille neuvoja ja apua. L\u00e4mmityslaitteiden lis\u00e4ksi l\u00f6yd\u00e4t n\u00e4yttelytiloista my\u00f6s niiden asennukseen tarvittavat savuputket, savupiippujen ratkaisut, vetos\u00e4\u00e4timet, koristekivet, tarvikkeet ja paljon muuta. Tavoitteenamme on tarjota perinteisten ratkaisujen lis\u00e4ksi my\u00f6s moderneja vaihtoehtoja sek\u00e4 alan innovatiivisia uutuksia.<\/p>\n","protected":false},"excerpt":{"rendered":"<p>Kodukolle LT. O\u00dc on toiminut vuodesta 1998 alkaen erikoistuen erilaisten l\u00e4mmityslaitteiden ja tarvikkeiden v\u00e4hitt\u00e4is- ja tukkumyyntiin. Suurin osa tarjoamistamme tuotteista tuodaan Euroopan valmistajilta, jotka yhdist\u00e4v\u00e4t vuosikymmenien perinteen nykyaikaiseen teknologiaan ja muotoiluun. Kodukolle valitsee yhteisty\u00f6kumppaninsa siten, ett\u00e4 asiakkaamme saavat aina laadukkaan tuotteen, joka tarjoaa l\u00e4mp\u00f6\u00e4 moniksi vuosiksi. Kodukollen n\u00e4yttelytilat\u00a0sijaitsevat Tallinnassa, Rakveressa ja J\u00f5hvissa. Kaikissa n\u00e4yttelytiloissa on [&hellip;]<\/p>\n","protected":false},"author":8,"featured_media":24525,"parent":0,"menu_order":0,"comment_status":"closed","ping_status":"closed","template":"","meta":{"_acf_changed":false,"footnotes":""},"class_list":["post-24434","page","type-page","status-publish","has-post-thumbnail","hentry"],"acf":[],"yoast_head":"<!-- This site is optimized with the Yoast SEO plugin v27.3 - https:\/\/yoast.com\/product\/yoast-seo-wordpress\/ -->\n<title>Meist\u00e4 - Kodukolle<\/title>\n<meta name=\"description\" content=\"Kodukolle-salongit sijaitsevat Tallinnassa, Rakveressa ja J\u00f5hvissa. Tule tutustumaan tuotevalikoimaamme! Asiantuntijamme auttavat sinua l\u00f6yt\u00e4m\u00e4\u00e4n parhaan ratkaisun.\" \/>\n<meta name=\"robots\" content=\"noindex, follow, max-snippet:-1, max-image-preview:large, max-video-preview:-1\" \/>\n<meta property=\"og:locale\" content=\"fi_FI\" \/>\n<meta property=\"og:type\" content=\"article\" \/>\n<meta property=\"og:title\" content=\"Meist\u00e4 - Kodukolle\" \/>\n<meta property=\"og:description\" content=\"Kodukolle-salongit sijaitsevat Tallinnassa, Rakveressa ja J\u00f5hvissa. Tule tutustumaan tuotevalikoimaamme! Asiantuntijamme auttavat sinua l\u00f6yt\u00e4m\u00e4\u00e4n parhaan ratkaisun.\" \/>\n<meta property=\"og:url\" content=\"https:\/\/kloon.kodukolle.ee\/fi\/meista\/\" \/>\n<meta property=\"og:site_name\" content=\"Kodukolle\" \/>\n<meta property=\"article:modified_time\" content=\"2023-11-07T09:01:26+00:00\" \/>\n<meta property=\"og:image\" content=\"https:\/\/kloon.kodukolle.ee\/wp-content\/uploads\/2019\/08\/snow-1902052_1920.jpg\" \/>\n\t<meta property=\"og:image:width\" content=\"1920\" \/>\n\t<meta property=\"og:image:height\" content=\"1279\" \/>\n\t<meta property=\"og:image:type\" content=\"image\/jpeg\" \/>\n<meta name=\"twitter:card\" content=\"summary_large_image\" \/>\n<meta name=\"twitter:label1\" content=\"Est. reading time\" \/>\n\t<meta name=\"twitter:data1\" content=\"1 minuutti\" \/>\n<script type=\"application\/ld+json\" class=\"yoast-schema-graph\">{\"@context\":\"https:\\\/\\\/schema.org\",\"@graph\":[{\"@type\":\"WebPage\",\"@id\":\"https:\\\/\\\/kloon.kodukolle.ee\\\/fi\\\/meista\\\/\",\"url\":\"https:\\\/\\\/kloon.kodukolle.ee\\\/fi\\\/meista\\\/\",\"name\":\"Meist\u00e4 - Kodukolle\",\"isPartOf\":{\"@id\":\"https:\\\/\\\/kloon.kodukolle.ee\\\/#website\"},\"primaryImageOfPage\":{\"@id\":\"https:\\\/\\\/kloon.kodukolle.ee\\\/fi\\\/meista\\\/#primaryimage\"},\"image\":{\"@id\":\"https:\\\/\\\/kloon.kodukolle.ee\\\/fi\\\/meista\\\/#primaryimage\"},\"thumbnailUrl\":\"https:\\\/\\\/kloon.kodukolle.ee\\\/wp-content\\\/uploads\\\/2019\\\/08\\\/snow-1902052_1920.jpg\",\"datePublished\":\"2019-07-05T08:55:24+00:00\",\"dateModified\":\"2023-11-07T09:01:26+00:00\",\"description\":\"Kodukolle-salongit sijaitsevat Tallinnassa, Rakveressa ja J\u00f5hvissa. Tule tutustumaan tuotevalikoimaamme! Asiantuntijamme auttavat sinua l\u00f6yt\u00e4m\u00e4\u00e4n parhaan ratkaisun.\",\"breadcrumb\":{\"@id\":\"https:\\\/\\\/kloon.kodukolle.ee\\\/fi\\\/meista\\\/#breadcrumb\"},\"inLanguage\":\"fi\",\"potentialAction\":[{\"@type\":\"ReadAction\",\"target\":[\"https:\\\/\\\/kloon.kodukolle.ee\\\/fi\\\/meista\\\/\"]}]},{\"@type\":\"ImageObject\",\"inLanguage\":\"fi\",\"@id\":\"https:\\\/\\\/kloon.kodukolle.ee\\\/fi\\\/meista\\\/#primaryimage\",\"url\":\"https:\\\/\\\/kloon.kodukolle.ee\\\/wp-content\\\/uploads\\\/2019\\\/08\\\/snow-1902052_1920.jpg\",\"contentUrl\":\"https:\\\/\\\/kloon.kodukolle.ee\\\/wp-content\\\/uploads\\\/2019\\\/08\\\/snow-1902052_1920.jpg\",\"width\":1920,\"height\":1279},{\"@type\":\"BreadcrumbList\",\"@id\":\"https:\\\/\\\/kloon.kodukolle.ee\\\/fi\\\/meista\\\/#breadcrumb\",\"itemListElement\":[{\"@type\":\"ListItem\",\"position\":1,\"name\":\"Home\",\"item\":\"https:\\\/\\\/kloon.kodukolle.ee\\\/fi\\\/\"},{\"@type\":\"ListItem\",\"position\":2,\"name\":\"Meist\u00e4\"}]},{\"@type\":\"WebSite\",\"@id\":\"https:\\\/\\\/kloon.kodukolle.ee\\\/#website\",\"url\":\"https:\\\/\\\/kloon.kodukolle.ee\\\/\",\"name\":\"Kodukolle\",\"description\":\"\",\"publisher\":{\"@id\":\"https:\\\/\\\/kloon.kodukolle.ee\\\/#organization\"},\"potentialAction\":[{\"@type\":\"SearchAction\",\"target\":{\"@type\":\"EntryPoint\",\"urlTemplate\":\"https:\\\/\\\/kloon.kodukolle.ee\\\/?s={search_term_string}\"},\"query-input\":{\"@type\":\"PropertyValueSpecification\",\"valueRequired\":true,\"valueName\":\"search_term_string\"}}],\"inLanguage\":\"fi\"},{\"@type\":\"Organization\",\"@id\":\"https:\\\/\\\/kloon.kodukolle.ee\\\/#organization\",\"name\":\"Kodukolle\",\"url\":\"https:\\\/\\\/kloon.kodukolle.ee\\\/\",\"logo\":{\"@type\":\"ImageObject\",\"inLanguage\":\"fi\",\"@id\":\"https:\\\/\\\/kloon.kodukolle.ee\\\/#\\\/schema\\\/logo\\\/image\\\/\",\"url\":\"https:\\\/\\\/kloon.kodukolle.ee\\\/wp-content\\\/uploads\\\/2025\\\/06\\\/logo_must_gradient.svg\",\"contentUrl\":\"https:\\\/\\\/kloon.kodukolle.ee\\\/wp-content\\\/uploads\\\/2025\\\/06\\\/logo_must_gradient.svg\",\"caption\":\"Kodukolle\"},\"image\":{\"@id\":\"https:\\\/\\\/kloon.kodukolle.ee\\\/#\\\/schema\\\/logo\\\/image\\\/\"}}]}<\/script>\n<!-- \/ Yoast SEO plugin. -->","yoast_head_json":{"title":"Meist\u00e4 - Kodukolle","description":"Kodukolle-salongit sijaitsevat Tallinnassa, Rakveressa ja J\u00f5hvissa. Tule tutustumaan tuotevalikoimaamme! Asiantuntijamme auttavat sinua l\u00f6yt\u00e4m\u00e4\u00e4n parhaan ratkaisun.","robots":{"index":"noindex","follow":"follow","max-snippet":"max-snippet:-1","max-image-preview":"max-image-preview:large","max-video-preview":"max-video-preview:-1"},"og_locale":"fi_FI","og_type":"article","og_title":"Meist\u00e4 - Kodukolle","og_description":"Kodukolle-salongit sijaitsevat Tallinnassa, Rakveressa ja J\u00f5hvissa. Tule tutustumaan tuotevalikoimaamme! Asiantuntijamme auttavat sinua l\u00f6yt\u00e4m\u00e4\u00e4n parhaan ratkaisun.","og_url":"https:\/\/kloon.kodukolle.ee\/fi\/meista\/","og_site_name":"Kodukolle","article_modified_time":"2023-11-07T09:01:26+00:00","og_image":[{"width":1920,"height":1279,"url":"https:\/\/kloon.kodukolle.ee\/wp-content\/uploads\/2019\/08\/snow-1902052_1920.jpg","type":"image\/jpeg"}],"twitter_card":"summary_large_image","twitter_misc":{"Est. reading time":"1 minuutti"},"schema":{"@context":"https:\/\/schema.org","@graph":[{"@type":"WebPage","@id":"https:\/\/kloon.kodukolle.ee\/fi\/meista\/","url":"https:\/\/kloon.kodukolle.ee\/fi\/meista\/","name":"Meist\u00e4 - Kodukolle","isPartOf":{"@id":"https:\/\/kloon.kodukolle.ee\/#website"},"primaryImageOfPage":{"@id":"https:\/\/kloon.kodukolle.ee\/fi\/meista\/#primaryimage"},"image":{"@id":"https:\/\/kloon.kodukolle.ee\/fi\/meista\/#primaryimage"},"thumbnailUrl":"https:\/\/kloon.kodukolle.ee\/wp-content\/uploads\/2019\/08\/snow-1902052_1920.jpg","datePublished":"2019-07-05T08:55:24+00:00","dateModified":"2023-11-07T09:01:26+00:00","description":"Kodukolle-salongit sijaitsevat Tallinnassa, Rakveressa ja J\u00f5hvissa. Tule tutustumaan tuotevalikoimaamme! Asiantuntijamme auttavat sinua l\u00f6yt\u00e4m\u00e4\u00e4n parhaan ratkaisun.","breadcrumb":{"@id":"https:\/\/kloon.kodukolle.ee\/fi\/meista\/#breadcrumb"},"inLanguage":"fi","potentialAction":[{"@type":"ReadAction","target":["https:\/\/kloon.kodukolle.ee\/fi\/meista\/"]}]},{"@type":"ImageObject","inLanguage":"fi","@id":"https:\/\/kloon.kodukolle.ee\/fi\/meista\/#primaryimage","url":"https:\/\/kloon.kodukolle.ee\/wp-content\/uploads\/2019\/08\/snow-1902052_1920.jpg","contentUrl":"https:\/\/kloon.kodukolle.ee\/wp-content\/uploads\/2019\/08\/snow-1902052_1920.jpg","width":1920,"height":1279},{"@type":"BreadcrumbList","@id":"https:\/\/kloon.kodukolle.ee\/fi\/meista\/#breadcrumb","itemListElement":[{"@type":"ListItem","position":1,"name":"Home","item":"https:\/\/kloon.kodukolle.ee\/fi\/"},{"@type":"ListItem","position":2,"name":"Meist\u00e4"}]},{"@type":"WebSite","@id":"https:\/\/kloon.kodukolle.ee\/#website","url":"https:\/\/kloon.kodukolle.ee\/","name":"Kodukolle","description":"","publisher":{"@id":"https:\/\/kloon.kodukolle.ee\/#organization"},"potentialAction":[{"@type":"SearchAction","target":{"@type":"EntryPoint","urlTemplate":"https:\/\/kloon.kodukolle.ee\/?s={search_term_string}"},"query-input":{"@type":"PropertyValueSpecification","valueRequired":true,"valueName":"search_term_string"}}],"inLanguage":"fi"},{"@type":"Organization","@id":"https:\/\/kloon.kodukolle.ee\/#organization","name":"Kodukolle","url":"https:\/\/kloon.kodukolle.ee\/","logo":{"@type":"ImageObject","inLanguage":"fi","@id":"https:\/\/kloon.kodukolle.ee\/#\/schema\/logo\/image\/","url":"https:\/\/kloon.kodukolle.ee\/wp-content\/uploads\/2025\/06\/logo_must_gradient.svg","contentUrl":"https:\/\/kloon.kodukolle.ee\/wp-content\/uploads\/2025\/06\/logo_must_gradient.svg","caption":"Kodukolle"},"image":{"@id":"https:\/\/kloon.kodukolle.ee\/#\/schema\/logo\/image\/"}}]}},"_links":{"self":[{"href":"https:\/\/kloon.kodukolle.ee\/fi\/wp-json\/wp\/v2\/pages\/24434","targetHints":{"allow":["GET"]}}],"collection":[{"href":"https:\/\/kloon.kodukolle.ee\/fi\/wp-json\/wp\/v2\/pages"}],"about":[{"href":"https:\/\/kloon.kodukolle.ee\/fi\/wp-json\/wp\/v2\/types\/page"}],"author":[{"embeddable":true,"href":"https:\/\/kloon.kodukolle.ee\/fi\/wp-json\/wp\/v2\/users\/8"}],"replies":[{"embeddable":true,"href":"https:\/\/kloon.kodukolle.ee\/fi\/wp-json\/wp\/v2\/comments?post=24434"}],"version-history":[{"count":5,"href":"https:\/\/kloon.kodukolle.ee\/fi\/wp-json\/wp\/v2\/pages\/24434\/revisions"}],"predecessor-version":[{"id":24526,"href":"https:\/\/kloon.kodukolle.ee\/fi\/wp-json\/wp\/v2\/pages\/24434\/revisions\/24526"}],"wp:featuredmedia":[{"embeddable":true,"href":"https:\/\/kloon.kodukolle.ee\/fi\/wp-json\/wp\/v2\/media\/24525"}],"wp:attachment":[{"href":"https:\/\/kloon.kodukolle.ee\/fi\/wp-json\/wp\/v2\/media?parent=24434"}],"curies":[{"name":"wp","href":"https:\/\/api.w.org\/{rel}","templated":true}]}}