{"id":8819,"date":"2019-06-19T22:29:13","date_gmt":"2019-06-19T19:29:13","guid":{"rendered":"https:\/\/kloon.kodukolle.ee\/lai-valik-kvaliteetseid-kuttekoldeid-tuntud-brandidelt\/"},"modified":"2023-11-07T13:01:57","modified_gmt":"2023-11-07T11:01:57","slug":"lai-valik-kvaliteetseid-kuttekoldeid-tuntud-brandidelt","status":"publish","type":"page","link":"https:\/\/kloon.kodukolle.ee\/fi\/","title":{"rendered":"Laaja valikoima laadukkaita tulisijoja tunnetuilta merkeilt\u00e4"},"content":{"rendered":"<p>Kodukolle LT. O\u00dc tarjoaa laajan valikoiman l\u00e4mmityslaitteita &#8211; varaavat takat, tulisijat, design-takat, s\u00e4hk\u00f6- ja kaasutakat, puuhellat ja liedet, pellettiuunit, takkasyd\u00e4met, kiukaat, grillit &#8211; valinta, joka ei j\u00e4t\u00e4 sinua kylm\u00e4ksi!<\/p>\n","protected":false},"excerpt":{"rendered":"<p>Kodukolle LT. O\u00dc tarjoaa laajan valikoiman l\u00e4mmityslaitteita &#8211; varaavat takat, tulisijat, design-takat, s\u00e4hk\u00f6- ja kaasutakat, puuhellat ja liedet, pellettiuunit, takkasyd\u00e4met, kiukaat, grillit &#8211; valinta, joka ei j\u00e4t\u00e4 sinua kylm\u00e4ksi!<\/p>\n","protected":false},"author":1,"featured_media":0,"parent":0,"menu_order":0,"comment_status":"closed","ping_status":"open","template":"template-homepage.php","meta":{"_acf_changed":false,"footnotes":""},"class_list":["post-8819","page","type-page","status-publish","hentry"],"acf":[],"yoast_head":"<!-- This site is optimized with the Yoast SEO plugin v27.3 - https:\/\/yoast.com\/product\/yoast-seo-wordpress\/ -->\n<title>Laaja valikoima laadukkaita tulisijoja tunnetuilta merkeilt\u00e4 - Kodukolle<\/title>\n<meta name=\"description\" content=\"Kodukolle LT. O\u00dc tarjoaa laajan valikoiman l\u00e4mmityslaitteita - varaavat takat, tulisijat, design-takat, s\u00e4hk\u00f6- ja kaasutakat, puuhellat ja liedet, pellettiuunit, takkasyd\u00e4met, kiukaat, grillit - valinta, joka ei j\u00e4t\u00e4 sinua kylm\u00e4ksi!\" \/>\n<meta name=\"robots\" content=\"noindex, follow, max-snippet:-1, max-image-preview:large, max-video-preview:-1\" \/>\n<meta property=\"og:locale\" content=\"fi_FI\" \/>\n<meta property=\"og:type\" content=\"article\" \/>\n<meta property=\"og:title\" content=\"Laaja valikoima laadukkaita tulisijoja tunnetuilta merkeilt\u00e4 - Kodukolle\" \/>\n<meta property=\"og:description\" content=\"Kodukolle LT. O\u00dc tarjoaa laajan valikoiman l\u00e4mmityslaitteita - varaavat takat, tulisijat, design-takat, s\u00e4hk\u00f6- ja kaasutakat, puuhellat ja liedet, pellettiuunit, takkasyd\u00e4met, kiukaat, grillit - valinta, joka ei j\u00e4t\u00e4 sinua kylm\u00e4ksi!\" \/>\n<meta property=\"og:url\" content=\"https:\/\/kloon.kodukolle.ee\/fi\/\" \/>\n<meta property=\"og:site_name\" content=\"Kodukolle\" \/>\n<meta property=\"article:modified_time\" content=\"2023-11-07T11:01:57+00:00\" \/>\n<meta name=\"twitter:card\" content=\"summary_large_image\" \/>\n<meta name=\"twitter:label1\" content=\"Est. reading time\" \/>\n\t<meta name=\"twitter:data1\" content=\"1 minuutti\" \/>\n<script type=\"application\/ld+json\" class=\"yoast-schema-graph\">{\"@context\":\"https:\\\/\\\/schema.org\",\"@graph\":[{\"@type\":\"WebPage\",\"@id\":\"https:\\\/\\\/kloon.kodukolle.ee\\\/fi\\\/\",\"url\":\"https:\\\/\\\/kloon.kodukolle.ee\\\/fi\\\/\",\"name\":\"Laaja valikoima laadukkaita tulisijoja tunnetuilta merkeilt\u00e4 - Kodukolle\",\"isPartOf\":{\"@id\":\"https:\\\/\\\/kloon.kodukolle.ee\\\/#website\"},\"datePublished\":\"2019-06-19T19:29:13+00:00\",\"dateModified\":\"2023-11-07T11:01:57+00:00\",\"description\":\"Kodukolle LT. O\u00dc tarjoaa laajan valikoiman l\u00e4mmityslaitteita - varaavat takat, tulisijat, design-takat, s\u00e4hk\u00f6- ja kaasutakat, puuhellat ja liedet, pellettiuunit, takkasyd\u00e4met, kiukaat, grillit - valinta, joka ei j\u00e4t\u00e4 sinua kylm\u00e4ksi!\",\"breadcrumb\":{\"@id\":\"https:\\\/\\\/kloon.kodukolle.ee\\\/fi\\\/#breadcrumb\"},\"inLanguage\":\"fi\",\"potentialAction\":[{\"@type\":\"ReadAction\",\"target\":[\"https:\\\/\\\/kloon.kodukolle.ee\\\/fi\\\/\"]}]},{\"@type\":\"BreadcrumbList\",\"@id\":\"https:\\\/\\\/kloon.kodukolle.ee\\\/fi\\\/#breadcrumb\",\"itemListElement\":[{\"@type\":\"ListItem\",\"position\":1,\"name\":\"Home\",\"item\":\"https:\\\/\\\/kloon.kodukolle.ee\\\/fi\\\/\"},{\"@type\":\"ListItem\",\"position\":2,\"name\":\"Laaja valikoima laadukkaita tulisijoja tunnetuilta merkeilt\u00e4\"}]},{\"@type\":\"WebSite\",\"@id\":\"https:\\\/\\\/kloon.kodukolle.ee\\\/#website\",\"url\":\"https:\\\/\\\/kloon.kodukolle.ee\\\/\",\"name\":\"Kodukolle\",\"description\":\"\",\"publisher\":{\"@id\":\"https:\\\/\\\/kloon.kodukolle.ee\\\/#organization\"},\"potentialAction\":[{\"@type\":\"SearchAction\",\"target\":{\"@type\":\"EntryPoint\",\"urlTemplate\":\"https:\\\/\\\/kloon.kodukolle.ee\\\/?s={search_term_string}\"},\"query-input\":{\"@type\":\"PropertyValueSpecification\",\"valueRequired\":true,\"valueName\":\"search_term_string\"}}],\"inLanguage\":\"fi\"},{\"@type\":\"Organization\",\"@id\":\"https:\\\/\\\/kloon.kodukolle.ee\\\/#organization\",\"name\":\"Kodukolle\",\"url\":\"https:\\\/\\\/kloon.kodukolle.ee\\\/\",\"logo\":{\"@type\":\"ImageObject\",\"inLanguage\":\"fi\",\"@id\":\"https:\\\/\\\/kloon.kodukolle.ee\\\/#\\\/schema\\\/logo\\\/image\\\/\",\"url\":\"https:\\\/\\\/kloon.kodukolle.ee\\\/wp-content\\\/uploads\\\/2025\\\/06\\\/logo_must_gradient.svg\",\"contentUrl\":\"https:\\\/\\\/kloon.kodukolle.ee\\\/wp-content\\\/uploads\\\/2025\\\/06\\\/logo_must_gradient.svg\",\"caption\":\"Kodukolle\"},\"image\":{\"@id\":\"https:\\\/\\\/kloon.kodukolle.ee\\\/#\\\/schema\\\/logo\\\/image\\\/\"}}]}<\/script>\n<!-- \/ Yoast SEO plugin. -->","yoast_head_json":{"title":"Laaja valikoima laadukkaita tulisijoja tunnetuilta merkeilt\u00e4 - Kodukolle","description":"Kodukolle LT. O\u00dc tarjoaa laajan valikoiman l\u00e4mmityslaitteita - varaavat takat, tulisijat, design-takat, s\u00e4hk\u00f6- ja kaasutakat, puuhellat ja liedet, pellettiuunit, takkasyd\u00e4met, kiukaat, grillit - valinta, joka ei j\u00e4t\u00e4 sinua kylm\u00e4ksi!","robots":{"index":"noindex","follow":"follow","max-snippet":"max-snippet:-1","max-image-preview":"max-image-preview:large","max-video-preview":"max-video-preview:-1"},"og_locale":"fi_FI","og_type":"article","og_title":"Laaja valikoima laadukkaita tulisijoja tunnetuilta merkeilt\u00e4 - Kodukolle","og_description":"Kodukolle LT. O\u00dc tarjoaa laajan valikoiman l\u00e4mmityslaitteita - varaavat takat, tulisijat, design-takat, s\u00e4hk\u00f6- ja kaasutakat, puuhellat ja liedet, pellettiuunit, takkasyd\u00e4met, kiukaat, grillit - valinta, joka ei j\u00e4t\u00e4 sinua kylm\u00e4ksi!","og_url":"https:\/\/kloon.kodukolle.ee\/fi\/","og_site_name":"Kodukolle","article_modified_time":"2023-11-07T11:01:57+00:00","twitter_card":"summary_large_image","twitter_misc":{"Est. reading time":"1 minuutti"},"schema":{"@context":"https:\/\/schema.org","@graph":[{"@type":"WebPage","@id":"https:\/\/kloon.kodukolle.ee\/fi\/","url":"https:\/\/kloon.kodukolle.ee\/fi\/","name":"Laaja valikoima laadukkaita tulisijoja tunnetuilta merkeilt\u00e4 - Kodukolle","isPartOf":{"@id":"https:\/\/kloon.kodukolle.ee\/#website"},"datePublished":"2019-06-19T19:29:13+00:00","dateModified":"2023-11-07T11:01:57+00:00","description":"Kodukolle LT. O\u00dc tarjoaa laajan valikoiman l\u00e4mmityslaitteita - varaavat takat, tulisijat, design-takat, s\u00e4hk\u00f6- ja kaasutakat, puuhellat ja liedet, pellettiuunit, takkasyd\u00e4met, kiukaat, grillit - valinta, joka ei j\u00e4t\u00e4 sinua kylm\u00e4ksi!","breadcrumb":{"@id":"https:\/\/kloon.kodukolle.ee\/fi\/#breadcrumb"},"inLanguage":"fi","potentialAction":[{"@type":"ReadAction","target":["https:\/\/kloon.kodukolle.ee\/fi\/"]}]},{"@type":"BreadcrumbList","@id":"https:\/\/kloon.kodukolle.ee\/fi\/#breadcrumb","itemListElement":[{"@type":"ListItem","position":1,"name":"Home","item":"https:\/\/kloon.kodukolle.ee\/fi\/"},{"@type":"ListItem","position":2,"name":"Laaja valikoima laadukkaita tulisijoja tunnetuilta merkeilt\u00e4"}]},{"@type":"WebSite","@id":"https:\/\/kloon.kodukolle.ee\/#website","url":"https:\/\/kloon.kodukolle.ee\/","name":"Kodukolle","description":"","publisher":{"@id":"https:\/\/kloon.kodukolle.ee\/#organization"},"potentialAction":[{"@type":"SearchAction","target":{"@type":"EntryPoint","urlTemplate":"https:\/\/kloon.kodukolle.ee\/?s={search_term_string}"},"query-input":{"@type":"PropertyValueSpecification","valueRequired":true,"valueName":"search_term_string"}}],"inLanguage":"fi"},{"@type":"Organization","@id":"https:\/\/kloon.kodukolle.ee\/#organization","name":"Kodukolle","url":"https:\/\/kloon.kodukolle.ee\/","logo":{"@type":"ImageObject","inLanguage":"fi","@id":"https:\/\/kloon.kodukolle.ee\/#\/schema\/logo\/image\/","url":"https:\/\/kloon.kodukolle.ee\/wp-content\/uploads\/2025\/06\/logo_must_gradient.svg","contentUrl":"https:\/\/kloon.kodukolle.ee\/wp-content\/uploads\/2025\/06\/logo_must_gradient.svg","caption":"Kodukolle"},"image":{"@id":"https:\/\/kloon.kodukolle.ee\/#\/schema\/logo\/image\/"}}]}},"_links":{"self":[{"href":"https:\/\/kloon.kodukolle.ee\/fi\/wp-json\/wp\/v2\/pages\/8819","targetHints":{"allow":["GET"]}}],"collection":[{"href":"https:\/\/kloon.kodukolle.ee\/fi\/wp-json\/wp\/v2\/pages"}],"about":[{"href":"https:\/\/kloon.kodukolle.ee\/fi\/wp-json\/wp\/v2\/types\/page"}],"author":[{"embeddable":true,"href":"https:\/\/kloon.kodukolle.ee\/fi\/wp-json\/wp\/v2\/users\/1"}],"replies":[{"embeddable":true,"href":"https:\/\/kloon.kodukolle.ee\/fi\/wp-json\/wp\/v2\/comments?post=8819"}],"version-history":[{"count":2,"href":"https:\/\/kloon.kodukolle.ee\/fi\/wp-json\/wp\/v2\/pages\/8819\/revisions"}],"predecessor-version":[{"id":24528,"href":"https:\/\/kloon.kodukolle.ee\/fi\/wp-json\/wp\/v2\/pages\/8819\/revisions\/24528"}],"wp:attachment":[{"href":"https:\/\/kloon.kodukolle.ee\/fi\/wp-json\/wp\/v2\/media?parent=8819"}],"curies":[{"name":"wp","href":"https:\/\/api.w.org\/{rel}","templated":true}]}}