{"id":24736,"date":"2019-10-31T16:55:15","date_gmt":"2019-10-31T14:55:15","guid":{"rendered":"https:\/\/kloon.kodukolle.ee\/?post_type=product&#038;p=24736"},"modified":"2023-11-21T12:07:47","modified_gmt":"2023-11-21T10:07:47","slug":"design-takka-rocal-born","status":"publish","type":"product","link":"https:\/\/kloon.kodukolle.ee\/fi\/tuote\/design-takka-rocal-born\/","title":{"rendered":"Design takka Rocal BORN"},"content":{"rendered":"<p>Rocal Born -designtakka on ainutlaatuinen ja tyylik\u00e4s lis\u00e4 jokaiseen kotiin. Sen kolmion muotoinen muotoilu ja kolme avautuvaa ovea tarjoavat t\u00e4yden n\u00e4kym\u00e4n sis\u00e4ll\u00e4 olevasta l\u00e4mpim\u00e4st\u00e4 ja kutsuvasta tulesta. T\u00e4m\u00e4 takka voidaan sijoittaa huoneen keskelle jalustalle tai se voidaan ripustaa kattoon, mik\u00e4 tarjoaa entist\u00e4 enemm\u00e4n joustavuutta sijoittelun suhteen. N\u00e4ill\u00e4 ominaisuuksilla varustettu Rocal Born -designtakka on t\u00e4ydellinen valinta kaikille, jotka haluavat lis\u00e4t\u00e4 l\u00e4mp\u00f6\u00e4 ja tyyli\u00e4 kotiinsa.<\/p>\n<p>&nbsp;<\/p>\n","protected":false},"excerpt":{"rendered":"<p>Rocal Born -designtakka on ainutlaatuinen ja tyylik\u00e4s lis\u00e4 jokaiseen kotiin. Sen kolmion muotoinen muotoilu ja kolme avautuvaa ovea tarjoavat t\u00e4yden n\u00e4kym\u00e4n sis\u00e4ll\u00e4 olevasta l\u00e4mpim\u00e4st\u00e4 ja kutsuvasta tulesta. T\u00e4m\u00e4 takka voidaan sijoittaa huoneen keskelle jalustalle tai se voidaan ripustaa kattoon, mik\u00e4 tarjoaa entist\u00e4 enemm\u00e4n joustavuutta sijoittelun suhteen. N\u00e4ill\u00e4 ominaisuuksilla varustettu Rocal Born -designtakka on t\u00e4ydellinen valinta kaikille, jotka haluavat lis\u00e4t\u00e4 l\u00e4mp\u00f6\u00e4 ja tyyli\u00e4 kotiinsa.<\/p>\n","protected":false},"featured_media":10797,"template":"","meta":{"_acf_changed":false},"product_brand":[],"product_cat":[1584],"product_tag":[],"class_list":{"0":"post-24736","1":"product","2":"type-product","3":"status-publish","4":"has-post-thumbnail","6":"brands-rocal-fi","7":"product_cat-design-takat","9":"first","10":"instock","11":"shipping-taxable","12":"purchasable","13":"product-type-simple"},"acf":[],"yoast_head":"<!-- This site is optimized with the Yoast SEO plugin v27.3 - https:\/\/yoast.com\/product\/yoast-seo-wordpress\/ -->\n<title>Design takka Rocal BORN - Kodukolle<\/title>\n<meta name=\"description\" content=\"Rocal Born -designtakka on ainutlaatuinen ja tyylik\u00e4s lis\u00e4 jokaiseen kotiin. Kolme avautuvaa ovea tarjoavat t\u00e4yden n\u00e4kym\u00e4n sis\u00e4ll\u00e4 olevasta l\u00e4mpim\u00e4st\u00e4 ja kutsuvasta tulesta.\" \/>\n<meta name=\"robots\" content=\"noindex, follow, max-snippet:-1, max-image-preview:large, max-video-preview:-1\" \/>\n<meta property=\"og:locale\" content=\"fi_FI\" \/>\n<meta property=\"og:type\" content=\"article\" \/>\n<meta property=\"og:title\" content=\"Design takka Rocal BORN - Kodukolle\" \/>\n<meta property=\"og:description\" content=\"Rocal Born -designtakka on ainutlaatuinen ja tyylik\u00e4s lis\u00e4 jokaiseen kotiin. Kolme avautuvaa ovea tarjoavat t\u00e4yden n\u00e4kym\u00e4n sis\u00e4ll\u00e4 olevasta l\u00e4mpim\u00e4st\u00e4 ja kutsuvasta tulesta.\" \/>\n<meta property=\"og:url\" content=\"https:\/\/kloon.kodukolle.ee\/fi\/tuote\/design-takka-rocal-born\/\" \/>\n<meta property=\"og:site_name\" content=\"Kodukolle\" \/>\n<meta property=\"article:modified_time\" content=\"2023-11-21T10:07:47+00:00\" \/>\n<meta property=\"og:image\" content=\"https:\/\/kloon.kodukolle.ee\/wp-content\/uploads\/2019\/10\/0256-Rocal-Born-V2-001.jpg\" \/>\n\t<meta property=\"og:image:width\" content=\"1344\" \/>\n\t<meta property=\"og:image:height\" content=\"840\" \/>\n\t<meta property=\"og:image:type\" content=\"image\/jpeg\" \/>\n<meta name=\"twitter:card\" content=\"summary_large_image\" \/>\n<script type=\"application\/ld+json\" class=\"yoast-schema-graph\">{\"@context\":\"https:\\\/\\\/schema.org\",\"@graph\":[{\"@type\":\"WebPage\",\"@id\":\"https:\\\/\\\/kloon.kodukolle.ee\\\/fi\\\/tuote\\\/design-takka-rocal-born\\\/\",\"url\":\"https:\\\/\\\/kloon.kodukolle.ee\\\/fi\\\/tuote\\\/design-takka-rocal-born\\\/\",\"name\":\"Design takka Rocal BORN - Kodukolle\",\"isPartOf\":{\"@id\":\"https:\\\/\\\/kloon.kodukolle.ee\\\/#website\"},\"primaryImageOfPage\":{\"@id\":\"https:\\\/\\\/kloon.kodukolle.ee\\\/fi\\\/tuote\\\/design-takka-rocal-born\\\/#primaryimage\"},\"image\":{\"@id\":\"https:\\\/\\\/kloon.kodukolle.ee\\\/fi\\\/tuote\\\/design-takka-rocal-born\\\/#primaryimage\"},\"thumbnailUrl\":\"https:\\\/\\\/kloon.kodukolle.ee\\\/wp-content\\\/uploads\\\/2019\\\/10\\\/0256-Rocal-Born-V2-001.jpg\",\"datePublished\":\"2019-10-31T14:55:15+00:00\",\"dateModified\":\"2023-11-21T10:07:47+00:00\",\"description\":\"Rocal Born -designtakka on ainutlaatuinen ja tyylik\u00e4s lis\u00e4 jokaiseen kotiin. Kolme avautuvaa ovea tarjoavat t\u00e4yden n\u00e4kym\u00e4n sis\u00e4ll\u00e4 olevasta l\u00e4mpim\u00e4st\u00e4 ja kutsuvasta tulesta.\",\"breadcrumb\":{\"@id\":\"https:\\\/\\\/kloon.kodukolle.ee\\\/fi\\\/tuote\\\/design-takka-rocal-born\\\/#breadcrumb\"},\"inLanguage\":\"fi\",\"potentialAction\":[{\"@type\":\"ReadAction\",\"target\":[\"https:\\\/\\\/kloon.kodukolle.ee\\\/fi\\\/tuote\\\/design-takka-rocal-born\\\/\"]}]},{\"@type\":\"ImageObject\",\"inLanguage\":\"fi\",\"@id\":\"https:\\\/\\\/kloon.kodukolle.ee\\\/fi\\\/tuote\\\/design-takka-rocal-born\\\/#primaryimage\",\"url\":\"https:\\\/\\\/kloon.kodukolle.ee\\\/wp-content\\\/uploads\\\/2019\\\/10\\\/0256-Rocal-Born-V2-001.jpg\",\"contentUrl\":\"https:\\\/\\\/kloon.kodukolle.ee\\\/wp-content\\\/uploads\\\/2019\\\/10\\\/0256-Rocal-Born-V2-001.jpg\",\"width\":1344,\"height\":840},{\"@type\":\"BreadcrumbList\",\"@id\":\"https:\\\/\\\/kloon.kodukolle.ee\\\/fi\\\/tuote\\\/design-takka-rocal-born\\\/#breadcrumb\",\"itemListElement\":[{\"@type\":\"ListItem\",\"position\":1,\"name\":\"Home\",\"item\":\"https:\\\/\\\/kloon.kodukolle.ee\\\/fi\\\/\"},{\"@type\":\"ListItem\",\"position\":2,\"name\":\"Tuotteet\",\"item\":\"https:\\\/\\\/kloon.kodukolle.ee\\\/fi\\\/tuotteet\\\/\"},{\"@type\":\"ListItem\",\"position\":3,\"name\":\"Design takka Rocal BORN\"}]},{\"@type\":\"WebSite\",\"@id\":\"https:\\\/\\\/kloon.kodukolle.ee\\\/#website\",\"url\":\"https:\\\/\\\/kloon.kodukolle.ee\\\/\",\"name\":\"Kodukolle\",\"description\":\"\",\"publisher\":{\"@id\":\"https:\\\/\\\/kloon.kodukolle.ee\\\/#organization\"},\"potentialAction\":[{\"@type\":\"SearchAction\",\"target\":{\"@type\":\"EntryPoint\",\"urlTemplate\":\"https:\\\/\\\/kloon.kodukolle.ee\\\/?s={search_term_string}\"},\"query-input\":{\"@type\":\"PropertyValueSpecification\",\"valueRequired\":true,\"valueName\":\"search_term_string\"}}],\"inLanguage\":\"fi\"},{\"@type\":\"Organization\",\"@id\":\"https:\\\/\\\/kloon.kodukolle.ee\\\/#organization\",\"name\":\"Kodukolle\",\"url\":\"https:\\\/\\\/kloon.kodukolle.ee\\\/\",\"logo\":{\"@type\":\"ImageObject\",\"inLanguage\":\"fi\",\"@id\":\"https:\\\/\\\/kloon.kodukolle.ee\\\/#\\\/schema\\\/logo\\\/image\\\/\",\"url\":\"https:\\\/\\\/kloon.kodukolle.ee\\\/wp-content\\\/uploads\\\/2025\\\/06\\\/logo_must_gradient.svg\",\"contentUrl\":\"https:\\\/\\\/kloon.kodukolle.ee\\\/wp-content\\\/uploads\\\/2025\\\/06\\\/logo_must_gradient.svg\",\"caption\":\"Kodukolle\"},\"image\":{\"@id\":\"https:\\\/\\\/kloon.kodukolle.ee\\\/#\\\/schema\\\/logo\\\/image\\\/\"}}]}<\/script>\n<!-- \/ Yoast SEO plugin. -->","yoast_head_json":{"title":"Design takka Rocal BORN - Kodukolle","description":"Rocal Born -designtakka on ainutlaatuinen ja tyylik\u00e4s lis\u00e4 jokaiseen kotiin. Kolme avautuvaa ovea tarjoavat t\u00e4yden n\u00e4kym\u00e4n sis\u00e4ll\u00e4 olevasta l\u00e4mpim\u00e4st\u00e4 ja kutsuvasta tulesta.","robots":{"index":"noindex","follow":"follow","max-snippet":"max-snippet:-1","max-image-preview":"max-image-preview:large","max-video-preview":"max-video-preview:-1"},"og_locale":"fi_FI","og_type":"article","og_title":"Design takka Rocal BORN - Kodukolle","og_description":"Rocal Born -designtakka on ainutlaatuinen ja tyylik\u00e4s lis\u00e4 jokaiseen kotiin. Kolme avautuvaa ovea tarjoavat t\u00e4yden n\u00e4kym\u00e4n sis\u00e4ll\u00e4 olevasta l\u00e4mpim\u00e4st\u00e4 ja kutsuvasta tulesta.","og_url":"https:\/\/kloon.kodukolle.ee\/fi\/tuote\/design-takka-rocal-born\/","og_site_name":"Kodukolle","article_modified_time":"2023-11-21T10:07:47+00:00","og_image":[{"width":1344,"height":840,"url":"https:\/\/kloon.kodukolle.ee\/wp-content\/uploads\/2019\/10\/0256-Rocal-Born-V2-001.jpg","type":"image\/jpeg"}],"twitter_card":"summary_large_image","schema":{"@context":"https:\/\/schema.org","@graph":[{"@type":"WebPage","@id":"https:\/\/kloon.kodukolle.ee\/fi\/tuote\/design-takka-rocal-born\/","url":"https:\/\/kloon.kodukolle.ee\/fi\/tuote\/design-takka-rocal-born\/","name":"Design takka Rocal BORN - Kodukolle","isPartOf":{"@id":"https:\/\/kloon.kodukolle.ee\/#website"},"primaryImageOfPage":{"@id":"https:\/\/kloon.kodukolle.ee\/fi\/tuote\/design-takka-rocal-born\/#primaryimage"},"image":{"@id":"https:\/\/kloon.kodukolle.ee\/fi\/tuote\/design-takka-rocal-born\/#primaryimage"},"thumbnailUrl":"https:\/\/kloon.kodukolle.ee\/wp-content\/uploads\/2019\/10\/0256-Rocal-Born-V2-001.jpg","datePublished":"2019-10-31T14:55:15+00:00","dateModified":"2023-11-21T10:07:47+00:00","description":"Rocal Born -designtakka on ainutlaatuinen ja tyylik\u00e4s lis\u00e4 jokaiseen kotiin. Kolme avautuvaa ovea tarjoavat t\u00e4yden n\u00e4kym\u00e4n sis\u00e4ll\u00e4 olevasta l\u00e4mpim\u00e4st\u00e4 ja kutsuvasta tulesta.","breadcrumb":{"@id":"https:\/\/kloon.kodukolle.ee\/fi\/tuote\/design-takka-rocal-born\/#breadcrumb"},"inLanguage":"fi","potentialAction":[{"@type":"ReadAction","target":["https:\/\/kloon.kodukolle.ee\/fi\/tuote\/design-takka-rocal-born\/"]}]},{"@type":"ImageObject","inLanguage":"fi","@id":"https:\/\/kloon.kodukolle.ee\/fi\/tuote\/design-takka-rocal-born\/#primaryimage","url":"https:\/\/kloon.kodukolle.ee\/wp-content\/uploads\/2019\/10\/0256-Rocal-Born-V2-001.jpg","contentUrl":"https:\/\/kloon.kodukolle.ee\/wp-content\/uploads\/2019\/10\/0256-Rocal-Born-V2-001.jpg","width":1344,"height":840},{"@type":"BreadcrumbList","@id":"https:\/\/kloon.kodukolle.ee\/fi\/tuote\/design-takka-rocal-born\/#breadcrumb","itemListElement":[{"@type":"ListItem","position":1,"name":"Home","item":"https:\/\/kloon.kodukolle.ee\/fi\/"},{"@type":"ListItem","position":2,"name":"Tuotteet","item":"https:\/\/kloon.kodukolle.ee\/fi\/tuotteet\/"},{"@type":"ListItem","position":3,"name":"Design takka Rocal BORN"}]},{"@type":"WebSite","@id":"https:\/\/kloon.kodukolle.ee\/#website","url":"https:\/\/kloon.kodukolle.ee\/","name":"Kodukolle","description":"","publisher":{"@id":"https:\/\/kloon.kodukolle.ee\/#organization"},"potentialAction":[{"@type":"SearchAction","target":{"@type":"EntryPoint","urlTemplate":"https:\/\/kloon.kodukolle.ee\/?s={search_term_string}"},"query-input":{"@type":"PropertyValueSpecification","valueRequired":true,"valueName":"search_term_string"}}],"inLanguage":"fi"},{"@type":"Organization","@id":"https:\/\/kloon.kodukolle.ee\/#organization","name":"Kodukolle","url":"https:\/\/kloon.kodukolle.ee\/","logo":{"@type":"ImageObject","inLanguage":"fi","@id":"https:\/\/kloon.kodukolle.ee\/#\/schema\/logo\/image\/","url":"https:\/\/kloon.kodukolle.ee\/wp-content\/uploads\/2025\/06\/logo_must_gradient.svg","contentUrl":"https:\/\/kloon.kodukolle.ee\/wp-content\/uploads\/2025\/06\/logo_must_gradient.svg","caption":"Kodukolle"},"image":{"@id":"https:\/\/kloon.kodukolle.ee\/#\/schema\/logo\/image\/"}}]}},"_links":{"self":[{"href":"https:\/\/kloon.kodukolle.ee\/fi\/wp-json\/wp\/v2\/product\/24736","targetHints":{"allow":["GET"]}}],"collection":[{"href":"https:\/\/kloon.kodukolle.ee\/fi\/wp-json\/wp\/v2\/product"}],"about":[{"href":"https:\/\/kloon.kodukolle.ee\/fi\/wp-json\/wp\/v2\/types\/product"}],"wp:featuredmedia":[{"embeddable":true,"href":"https:\/\/kloon.kodukolle.ee\/fi\/wp-json\/wp\/v2\/media\/10797"}],"wp:attachment":[{"href":"https:\/\/kloon.kodukolle.ee\/fi\/wp-json\/wp\/v2\/media?parent=24736"}],"wp:term":[{"taxonomy":"product_brand","embeddable":true,"href":"https:\/\/kloon.kodukolle.ee\/fi\/wp-json\/wp\/v2\/product_brand?post=24736"},{"taxonomy":"product_cat","embeddable":true,"href":"https:\/\/kloon.kodukolle.ee\/fi\/wp-json\/wp\/v2\/product_cat?post=24736"},{"taxonomy":"product_tag","embeddable":true,"href":"https:\/\/kloon.kodukolle.ee\/fi\/wp-json\/wp\/v2\/product_tag?post=24736"}],"curies":[{"name":"wp","href":"https:\/\/api.w.org\/{rel}","templated":true}]}}