{"id":25007,"date":"2021-05-06T13:25:30","date_gmt":"2021-05-06T10:25:30","guid":{"rendered":"https:\/\/kloon.kodukolle.ee\/?post_type=product&#038;p=25007"},"modified":"2023-12-19T09:40:02","modified_gmt":"2023-12-19T07:40:02","slug":"sahkotakka-dru-virtuo-75","status":"publish","type":"product","link":"https:\/\/kloon.kodukolle.ee\/fi\/tuote\/sahkotakka-dru-virtuo-75\/","title":{"rendered":"S\u00e4hk\u00f6takka DRU Virtuo 75"},"content":{"rendered":"<p>Jos valitset mukavuuden, kest\u00e4vyyden ja ymp\u00e4rist\u00f6n, niin s\u00e4hk\u00f6takka on t\u00e4ydellinen ratkaisu tunnelman ja l\u00e4mm\u00f6n luomiseen. Todenmukaisen liekkikuvan, s\u00e4\u00e4dett\u00e4v\u00e4n l\u00e4mm\u00f6n ja v\u00e4h\u00e4isen huollon ansiosta DRU Virtuo 75 on t\u00e4ydellinen s\u00e4hk\u00f6takkasi. Asutpa kerrostalossa tai talossa, jossa ei ole savupiippua, nyt voit asentaa 100 % s\u00e4hk\u00f6takan Virtuo 75 miss\u00e4 tilanteessa tahansa. Tarvitset vain pistorasia ja olet valmis. Aivan kuten puu- tai kaasul\u00e4mmitys, t\u00e4m\u00e4 takka tarjoaa ihanaa l\u00e4mp\u00f6\u00e4 kotiisi. Vilkas liekkien leikki ja r\u00e4tisev\u00e4n puun \u00e4\u00e4ni tarjoavat realistisen el\u00e4myksen. Luonnonpuut yhdistettyn\u00e4 ainutlaatuiseen tekniikkaan varmistavat, ett\u00e4 liekkej\u00e4 ei voi erottaa todellisista liekeist\u00e4. Koskaan aikaisemmin s\u00e4hk\u00f6takka ei ole ollut yht\u00e4 kest\u00e4v\u00e4\u00e4 ja realistista. Ja ilmaisella DRU Fire -sovelluksella voit helposti ladata erilaisia \u200b\u200bliekkikuvia. S\u00e4hk\u00f6takka ei k\u00e4yt\u00e4nn\u00f6ss\u00e4 vaikuta ymp\u00e4rist\u00f6\u00f6n. Se ei tuota kasvihuonekaasuja, ei polta fossiilisia polttoaineita ja on t\u00e4ysin kierr\u00e4tett\u00e4v\u00e4! Nauti siis kaikesta tunnelmasta, mutta ilman p\u00e4\u00e4st\u00f6j\u00e4.\n<\/ul>\n<p>&nbsp;<\/p>\n","protected":false},"excerpt":{"rendered":"<p>Jos valitset mukavuuden, kest\u00e4vyyden ja ymp\u00e4rist\u00f6n, niin s\u00e4hk\u00f6takka on t\u00e4ydellinen ratkaisu tunnelman ja l\u00e4mm\u00f6n luomiseen. Todenmukaisen liekkikuvan, s\u00e4\u00e4dett\u00e4v\u00e4n l\u00e4mm\u00f6n ja v\u00e4h\u00e4isen huollon ansiosta DRU Virtuo 75 on t\u00e4ydellinen s\u00e4hk\u00f6takkasi. Asutpa kerrostalossa tai talossa, jossa ei ole savupiippua, nyt voit asentaa 100 % s\u00e4hk\u00f6takan Virtuo 75 miss\u00e4 tilanteessa tahansa. Tarvitset vain pistorasia ja olet valmis. Aivan kuten puu- tai kaasul\u00e4mmitys, t\u00e4m\u00e4 takka tarjoaa ihanaa l\u00e4mp\u00f6\u00e4 kotiisi.<\/p>\n","protected":false},"featured_media":25981,"template":"","meta":{"_acf_changed":false},"product_brand":[],"product_cat":[9686],"product_tag":[],"class_list":{"0":"post-25007","1":"product","2":"type-product","3":"status-publish","4":"has-post-thumbnail","6":"brands-dru-fi","7":"product_cat-sahko-ja-biotakat","9":"first","10":"instock","11":"shipping-taxable","12":"product-type-simple"},"acf":[],"yoast_head":"<!-- This site is optimized with the Yoast SEO plugin v27.3 - https:\/\/yoast.com\/product\/yoast-seo-wordpress\/ -->\n<title>S\u00e4hk\u00f6takka DRU Virtuo 75 - Kodukolle<\/title>\n<meta name=\"description\" content=\"Todenmukaisen liekkikuvan, s\u00e4\u00e4dett\u00e4v\u00e4n l\u00e4mm\u00f6n ja v\u00e4h\u00e4isen huollon ansiosta DRU Virtuo 75 on t\u00e4ydellinen s\u00e4hk\u00f6takkasi.\" \/>\n<meta name=\"robots\" content=\"noindex, follow, max-snippet:-1, max-image-preview:large, max-video-preview:-1\" \/>\n<meta property=\"og:locale\" content=\"fi_FI\" \/>\n<meta property=\"og:type\" content=\"article\" \/>\n<meta property=\"og:title\" content=\"S\u00e4hk\u00f6takka DRU Virtuo 75 - Kodukolle\" \/>\n<meta property=\"og:description\" content=\"Todenmukaisen liekkikuvan, s\u00e4\u00e4dett\u00e4v\u00e4n l\u00e4mm\u00f6n ja v\u00e4h\u00e4isen huollon ansiosta DRU Virtuo 75 on t\u00e4ydellinen s\u00e4hk\u00f6takkasi.\" \/>\n<meta property=\"og:url\" content=\"https:\/\/kloon.kodukolle.ee\/fi\/tuote\/sahkotakka-dru-virtuo-75\/\" \/>\n<meta property=\"og:site_name\" content=\"Kodukolle\" \/>\n<meta property=\"article:modified_time\" content=\"2023-12-19T07:40:02+00:00\" \/>\n<meta property=\"og:image\" content=\"https:\/\/kloon.kodukolle.ee\/wp-content\/uploads\/2021\/05\/DRU-Virtuo-75.jpg\" \/>\n\t<meta property=\"og:image:width\" content=\"796\" \/>\n\t<meta property=\"og:image:height\" content=\"654\" \/>\n\t<meta property=\"og:image:type\" content=\"image\/jpeg\" \/>\n<meta name=\"twitter:card\" content=\"summary_large_image\" \/>\n<script type=\"application\/ld+json\" class=\"yoast-schema-graph\">{\"@context\":\"https:\\\/\\\/schema.org\",\"@graph\":[{\"@type\":\"WebPage\",\"@id\":\"https:\\\/\\\/kloon.kodukolle.ee\\\/fi\\\/tuote\\\/sahkotakka-dru-virtuo-75\\\/\",\"url\":\"https:\\\/\\\/kloon.kodukolle.ee\\\/fi\\\/tuote\\\/sahkotakka-dru-virtuo-75\\\/\",\"name\":\"S\u00e4hk\u00f6takka DRU Virtuo 75 - Kodukolle\",\"isPartOf\":{\"@id\":\"https:\\\/\\\/kloon.kodukolle.ee\\\/#website\"},\"primaryImageOfPage\":{\"@id\":\"https:\\\/\\\/kloon.kodukolle.ee\\\/fi\\\/tuote\\\/sahkotakka-dru-virtuo-75\\\/#primaryimage\"},\"image\":{\"@id\":\"https:\\\/\\\/kloon.kodukolle.ee\\\/fi\\\/tuote\\\/sahkotakka-dru-virtuo-75\\\/#primaryimage\"},\"thumbnailUrl\":\"https:\\\/\\\/kloon.kodukolle.ee\\\/wp-content\\\/uploads\\\/2021\\\/05\\\/DRU-Virtuo-75.jpg\",\"datePublished\":\"2021-05-06T10:25:30+00:00\",\"dateModified\":\"2023-12-19T07:40:02+00:00\",\"description\":\"Todenmukaisen liekkikuvan, s\u00e4\u00e4dett\u00e4v\u00e4n l\u00e4mm\u00f6n ja v\u00e4h\u00e4isen huollon ansiosta DRU Virtuo 75 on t\u00e4ydellinen s\u00e4hk\u00f6takkasi.\",\"breadcrumb\":{\"@id\":\"https:\\\/\\\/kloon.kodukolle.ee\\\/fi\\\/tuote\\\/sahkotakka-dru-virtuo-75\\\/#breadcrumb\"},\"inLanguage\":\"fi\",\"potentialAction\":[{\"@type\":\"ReadAction\",\"target\":[\"https:\\\/\\\/kloon.kodukolle.ee\\\/fi\\\/tuote\\\/sahkotakka-dru-virtuo-75\\\/\"]}]},{\"@type\":\"ImageObject\",\"inLanguage\":\"fi\",\"@id\":\"https:\\\/\\\/kloon.kodukolle.ee\\\/fi\\\/tuote\\\/sahkotakka-dru-virtuo-75\\\/#primaryimage\",\"url\":\"https:\\\/\\\/kloon.kodukolle.ee\\\/wp-content\\\/uploads\\\/2021\\\/05\\\/DRU-Virtuo-75.jpg\",\"contentUrl\":\"https:\\\/\\\/kloon.kodukolle.ee\\\/wp-content\\\/uploads\\\/2021\\\/05\\\/DRU-Virtuo-75.jpg\",\"width\":796,\"height\":654,\"caption\":\"DRU Virtuo 75\"},{\"@type\":\"BreadcrumbList\",\"@id\":\"https:\\\/\\\/kloon.kodukolle.ee\\\/fi\\\/tuote\\\/sahkotakka-dru-virtuo-75\\\/#breadcrumb\",\"itemListElement\":[{\"@type\":\"ListItem\",\"position\":1,\"name\":\"Home\",\"item\":\"https:\\\/\\\/kloon.kodukolle.ee\\\/fi\\\/\"},{\"@type\":\"ListItem\",\"position\":2,\"name\":\"Tuotteet\",\"item\":\"https:\\\/\\\/kloon.kodukolle.ee\\\/fi\\\/tuotteet\\\/\"},{\"@type\":\"ListItem\",\"position\":3,\"name\":\"S\u00e4hk\u00f6takka DRU Virtuo 75\"}]},{\"@type\":\"WebSite\",\"@id\":\"https:\\\/\\\/kloon.kodukolle.ee\\\/#website\",\"url\":\"https:\\\/\\\/kloon.kodukolle.ee\\\/\",\"name\":\"Kodukolle\",\"description\":\"\",\"publisher\":{\"@id\":\"https:\\\/\\\/kloon.kodukolle.ee\\\/#organization\"},\"potentialAction\":[{\"@type\":\"SearchAction\",\"target\":{\"@type\":\"EntryPoint\",\"urlTemplate\":\"https:\\\/\\\/kloon.kodukolle.ee\\\/?s={search_term_string}\"},\"query-input\":{\"@type\":\"PropertyValueSpecification\",\"valueRequired\":true,\"valueName\":\"search_term_string\"}}],\"inLanguage\":\"fi\"},{\"@type\":\"Organization\",\"@id\":\"https:\\\/\\\/kloon.kodukolle.ee\\\/#organization\",\"name\":\"Kodukolle\",\"url\":\"https:\\\/\\\/kloon.kodukolle.ee\\\/\",\"logo\":{\"@type\":\"ImageObject\",\"inLanguage\":\"fi\",\"@id\":\"https:\\\/\\\/kloon.kodukolle.ee\\\/#\\\/schema\\\/logo\\\/image\\\/\",\"url\":\"https:\\\/\\\/kloon.kodukolle.ee\\\/wp-content\\\/uploads\\\/2025\\\/06\\\/logo_must_gradient.svg\",\"contentUrl\":\"https:\\\/\\\/kloon.kodukolle.ee\\\/wp-content\\\/uploads\\\/2025\\\/06\\\/logo_must_gradient.svg\",\"caption\":\"Kodukolle\"},\"image\":{\"@id\":\"https:\\\/\\\/kloon.kodukolle.ee\\\/#\\\/schema\\\/logo\\\/image\\\/\"}}]}<\/script>\n<!-- \/ Yoast SEO plugin. -->","yoast_head_json":{"title":"S\u00e4hk\u00f6takka DRU Virtuo 75 - Kodukolle","description":"Todenmukaisen liekkikuvan, s\u00e4\u00e4dett\u00e4v\u00e4n l\u00e4mm\u00f6n ja v\u00e4h\u00e4isen huollon ansiosta DRU Virtuo 75 on t\u00e4ydellinen s\u00e4hk\u00f6takkasi.","robots":{"index":"noindex","follow":"follow","max-snippet":"max-snippet:-1","max-image-preview":"max-image-preview:large","max-video-preview":"max-video-preview:-1"},"og_locale":"fi_FI","og_type":"article","og_title":"S\u00e4hk\u00f6takka DRU Virtuo 75 - Kodukolle","og_description":"Todenmukaisen liekkikuvan, s\u00e4\u00e4dett\u00e4v\u00e4n l\u00e4mm\u00f6n ja v\u00e4h\u00e4isen huollon ansiosta DRU Virtuo 75 on t\u00e4ydellinen s\u00e4hk\u00f6takkasi.","og_url":"https:\/\/kloon.kodukolle.ee\/fi\/tuote\/sahkotakka-dru-virtuo-75\/","og_site_name":"Kodukolle","article_modified_time":"2023-12-19T07:40:02+00:00","og_image":[{"width":796,"height":654,"url":"https:\/\/kloon.kodukolle.ee\/wp-content\/uploads\/2021\/05\/DRU-Virtuo-75.jpg","type":"image\/jpeg"}],"twitter_card":"summary_large_image","schema":{"@context":"https:\/\/schema.org","@graph":[{"@type":"WebPage","@id":"https:\/\/kloon.kodukolle.ee\/fi\/tuote\/sahkotakka-dru-virtuo-75\/","url":"https:\/\/kloon.kodukolle.ee\/fi\/tuote\/sahkotakka-dru-virtuo-75\/","name":"S\u00e4hk\u00f6takka DRU Virtuo 75 - Kodukolle","isPartOf":{"@id":"https:\/\/kloon.kodukolle.ee\/#website"},"primaryImageOfPage":{"@id":"https:\/\/kloon.kodukolle.ee\/fi\/tuote\/sahkotakka-dru-virtuo-75\/#primaryimage"},"image":{"@id":"https:\/\/kloon.kodukolle.ee\/fi\/tuote\/sahkotakka-dru-virtuo-75\/#primaryimage"},"thumbnailUrl":"https:\/\/kloon.kodukolle.ee\/wp-content\/uploads\/2021\/05\/DRU-Virtuo-75.jpg","datePublished":"2021-05-06T10:25:30+00:00","dateModified":"2023-12-19T07:40:02+00:00","description":"Todenmukaisen liekkikuvan, s\u00e4\u00e4dett\u00e4v\u00e4n l\u00e4mm\u00f6n ja v\u00e4h\u00e4isen huollon ansiosta DRU Virtuo 75 on t\u00e4ydellinen s\u00e4hk\u00f6takkasi.","breadcrumb":{"@id":"https:\/\/kloon.kodukolle.ee\/fi\/tuote\/sahkotakka-dru-virtuo-75\/#breadcrumb"},"inLanguage":"fi","potentialAction":[{"@type":"ReadAction","target":["https:\/\/kloon.kodukolle.ee\/fi\/tuote\/sahkotakka-dru-virtuo-75\/"]}]},{"@type":"ImageObject","inLanguage":"fi","@id":"https:\/\/kloon.kodukolle.ee\/fi\/tuote\/sahkotakka-dru-virtuo-75\/#primaryimage","url":"https:\/\/kloon.kodukolle.ee\/wp-content\/uploads\/2021\/05\/DRU-Virtuo-75.jpg","contentUrl":"https:\/\/kloon.kodukolle.ee\/wp-content\/uploads\/2021\/05\/DRU-Virtuo-75.jpg","width":796,"height":654,"caption":"DRU Virtuo 75"},{"@type":"BreadcrumbList","@id":"https:\/\/kloon.kodukolle.ee\/fi\/tuote\/sahkotakka-dru-virtuo-75\/#breadcrumb","itemListElement":[{"@type":"ListItem","position":1,"name":"Home","item":"https:\/\/kloon.kodukolle.ee\/fi\/"},{"@type":"ListItem","position":2,"name":"Tuotteet","item":"https:\/\/kloon.kodukolle.ee\/fi\/tuotteet\/"},{"@type":"ListItem","position":3,"name":"S\u00e4hk\u00f6takka DRU Virtuo 75"}]},{"@type":"WebSite","@id":"https:\/\/kloon.kodukolle.ee\/#website","url":"https:\/\/kloon.kodukolle.ee\/","name":"Kodukolle","description":"","publisher":{"@id":"https:\/\/kloon.kodukolle.ee\/#organization"},"potentialAction":[{"@type":"SearchAction","target":{"@type":"EntryPoint","urlTemplate":"https:\/\/kloon.kodukolle.ee\/?s={search_term_string}"},"query-input":{"@type":"PropertyValueSpecification","valueRequired":true,"valueName":"search_term_string"}}],"inLanguage":"fi"},{"@type":"Organization","@id":"https:\/\/kloon.kodukolle.ee\/#organization","name":"Kodukolle","url":"https:\/\/kloon.kodukolle.ee\/","logo":{"@type":"ImageObject","inLanguage":"fi","@id":"https:\/\/kloon.kodukolle.ee\/#\/schema\/logo\/image\/","url":"https:\/\/kloon.kodukolle.ee\/wp-content\/uploads\/2025\/06\/logo_must_gradient.svg","contentUrl":"https:\/\/kloon.kodukolle.ee\/wp-content\/uploads\/2025\/06\/logo_must_gradient.svg","caption":"Kodukolle"},"image":{"@id":"https:\/\/kloon.kodukolle.ee\/#\/schema\/logo\/image\/"}}]}},"_links":{"self":[{"href":"https:\/\/kloon.kodukolle.ee\/fi\/wp-json\/wp\/v2\/product\/25007","targetHints":{"allow":["GET"]}}],"collection":[{"href":"https:\/\/kloon.kodukolle.ee\/fi\/wp-json\/wp\/v2\/product"}],"about":[{"href":"https:\/\/kloon.kodukolle.ee\/fi\/wp-json\/wp\/v2\/types\/product"}],"wp:featuredmedia":[{"embeddable":true,"href":"https:\/\/kloon.kodukolle.ee\/fi\/wp-json\/wp\/v2\/media\/25981"}],"wp:attachment":[{"href":"https:\/\/kloon.kodukolle.ee\/fi\/wp-json\/wp\/v2\/media?parent=25007"}],"wp:term":[{"taxonomy":"product_brand","embeddable":true,"href":"https:\/\/kloon.kodukolle.ee\/fi\/wp-json\/wp\/v2\/product_brand?post=25007"},{"taxonomy":"product_cat","embeddable":true,"href":"https:\/\/kloon.kodukolle.ee\/fi\/wp-json\/wp\/v2\/product_cat?post=25007"},{"taxonomy":"product_tag","embeddable":true,"href":"https:\/\/kloon.kodukolle.ee\/fi\/wp-json\/wp\/v2\/product_tag?post=25007"}],"curies":[{"name":"wp","href":"https:\/\/api.w.org\/{rel}","templated":true}]}}