{"id":25052,"date":"2021-05-18T13:31:02","date_gmt":"2021-05-18T10:31:02","guid":{"rendered":"https:\/\/kloon.kodukolle.ee\/?post_type=product&#038;p=25052"},"modified":"2025-11-23T20:04:35","modified_gmt":"2025-11-23T18:04:35","slug":"kynttilavalaisin-caframo-joi","status":"publish","type":"product","link":"https:\/\/kloon.kodukolle.ee\/fi\/tuote\/kynttilavalaisin-caframo-joi\/","title":{"rendered":"Kynttil\u00e4valaisin Caframo JOI"},"content":{"rendered":"<p>Valaise huone kahdeksalla LEDill\u00e4, jotka saavat virtansa yhdest\u00e4 kynttil\u00e4st\u00e4. Kynttil\u00e4valaisin Caframo JOI k\u00e4ytt\u00e4\u00e4 l\u00e4mp\u00f6s\u00e4hk\u00f6ist\u00e4 tekniikkaa, joka muuntaa yhden kynttil\u00e4n l\u00e4mm\u00f6n tuottamaan 100 kertaa enemm\u00e4n valoa sytytt\u00e4m\u00e4ll\u00e4 kahdeksan LEDi\u00e4.<\/p>\n<ul>\n<li>S\u00e4\u00e4nkest\u00e4v\u00e4 ruostumattomasta ter\u00e4ksest\u00e4 valmistettu kotelo<\/li>\n<li>K\u00e4yt\u00e4nn\u00f6llinen, helppok\u00e4ytt\u00f6inen ja koristeellinen<\/li>\n<li>S\u00e4\u00e4dett\u00e4v\u00e4 korkeus<\/li>\n<li>Valmistettu Kanadassa<\/li>\n<\/ul>\n<p>&nbsp;<\/p>\n","protected":false},"excerpt":{"rendered":"<p>Valaise huone kahdeksalla LEDill\u00e4, jotka saavat virtansa yhdest\u00e4 kynttil\u00e4st\u00e4. Kynttil\u00e4valaisin Caframo JOI k\u00e4ytt\u00e4\u00e4 l\u00e4mp\u00f6s\u00e4hk\u00f6ist\u00e4 tekniikkaa, joka muuntaa yhden kynttil\u00e4n l\u00e4mm\u00f6n tuottamaan 100 kertaa enemm\u00e4n valoa sytytt\u00e4m\u00e4ll\u00e4 kahdeksan LEDi\u00e4.<\/p>\n","protected":false},"featured_media":8310,"template":"","meta":{"_acf_changed":false},"product_brand":[],"product_cat":[9693,9723],"product_tag":[],"class_list":{"0":"post-25052","1":"product","2":"type-product","3":"status-publish","4":"has-post-thumbnail","6":"brands-caframo-fi","7":"product_cat-tarvikkeet-ja-muut-tuotteet","8":"product_cat-ale","10":"first","11":"instock","12":"shipping-taxable","13":"purchasable","14":"product-type-simple"},"acf":[],"yoast_head":"<!-- This site is optimized with the Yoast SEO plugin v27.3 - https:\/\/yoast.com\/product\/yoast-seo-wordpress\/ -->\n<title>Kynttil\u00e4valaisin Caframo JOI - Kodukolle<\/title>\n<meta name=\"description\" content=\"Kynttil\u00e4valaisin Caframo JOI k\u00e4ytt\u00e4\u00e4 l\u00e4mp\u00f6s\u00e4hk\u00f6ist\u00e4 tekniikkaa, joka muuntaa yhden kynttil\u00e4n l\u00e4mm\u00f6n tuottamaan 100 kertaa enemm\u00e4n valoa sytytt\u00e4m\u00e4ll\u00e4 kahdeksan LEDi\u00e4.\" \/>\n<meta name=\"robots\" content=\"noindex, follow, max-snippet:-1, max-image-preview:large, max-video-preview:-1\" \/>\n<meta property=\"og:locale\" content=\"fi_FI\" \/>\n<meta property=\"og:type\" content=\"article\" \/>\n<meta property=\"og:title\" content=\"Kynttil\u00e4valaisin Caframo JOI - Kodukolle\" \/>\n<meta property=\"og:description\" content=\"Kynttil\u00e4valaisin Caframo JOI k\u00e4ytt\u00e4\u00e4 l\u00e4mp\u00f6s\u00e4hk\u00f6ist\u00e4 tekniikkaa, joka muuntaa yhden kynttil\u00e4n l\u00e4mm\u00f6n tuottamaan 100 kertaa enemm\u00e4n valoa sytytt\u00e4m\u00e4ll\u00e4 kahdeksan LEDi\u00e4.\" \/>\n<meta property=\"og:url\" content=\"https:\/\/kloon.kodukolle.ee\/fi\/tuote\/kynttilavalaisin-caframo-joi\/\" \/>\n<meta property=\"og:site_name\" content=\"Kodukolle\" \/>\n<meta property=\"article:modified_time\" content=\"2025-11-23T18:04:35+00:00\" \/>\n<meta property=\"og:image\" content=\"https:\/\/kloon.kodukolle.ee\/wp-content\/uploads\/2021\/05\/LED-lamp-Caframo-JOI-2.jpg\" \/>\n\t<meta property=\"og:image:width\" content=\"1100\" \/>\n\t<meta property=\"og:image:height\" content=\"1100\" \/>\n\t<meta property=\"og:image:type\" content=\"image\/jpeg\" \/>\n<meta name=\"twitter:card\" content=\"summary_large_image\" \/>\n<meta name=\"twitter:label1\" content=\"Est. reading time\" \/>\n\t<meta name=\"twitter:data1\" content=\"1 minuutti\" \/>\n<script type=\"application\/ld+json\" class=\"yoast-schema-graph\">{\"@context\":\"https:\\\/\\\/schema.org\",\"@graph\":[{\"@type\":\"WebPage\",\"@id\":\"https:\\\/\\\/kloon.kodukolle.ee\\\/fi\\\/tuote\\\/kynttilavalaisin-caframo-joi\\\/\",\"url\":\"https:\\\/\\\/kloon.kodukolle.ee\\\/fi\\\/tuote\\\/kynttilavalaisin-caframo-joi\\\/\",\"name\":\"Kynttil\u00e4valaisin Caframo JOI - Kodukolle\",\"isPartOf\":{\"@id\":\"https:\\\/\\\/kloon.kodukolle.ee\\\/#website\"},\"primaryImageOfPage\":{\"@id\":\"https:\\\/\\\/kloon.kodukolle.ee\\\/fi\\\/tuote\\\/kynttilavalaisin-caframo-joi\\\/#primaryimage\"},\"image\":{\"@id\":\"https:\\\/\\\/kloon.kodukolle.ee\\\/fi\\\/tuote\\\/kynttilavalaisin-caframo-joi\\\/#primaryimage\"},\"thumbnailUrl\":\"https:\\\/\\\/kloon.kodukolle.ee\\\/wp-content\\\/uploads\\\/2021\\\/05\\\/LED-lamp-Caframo-JOI-2.jpg\",\"datePublished\":\"2021-05-18T10:31:02+00:00\",\"dateModified\":\"2025-11-23T18:04:35+00:00\",\"description\":\"Kynttil\u00e4valaisin Caframo JOI k\u00e4ytt\u00e4\u00e4 l\u00e4mp\u00f6s\u00e4hk\u00f6ist\u00e4 tekniikkaa, joka muuntaa yhden kynttil\u00e4n l\u00e4mm\u00f6n tuottamaan 100 kertaa enemm\u00e4n valoa sytytt\u00e4m\u00e4ll\u00e4 kahdeksan LEDi\u00e4.\",\"breadcrumb\":{\"@id\":\"https:\\\/\\\/kloon.kodukolle.ee\\\/fi\\\/tuote\\\/kynttilavalaisin-caframo-joi\\\/#breadcrumb\"},\"inLanguage\":\"fi\",\"potentialAction\":[{\"@type\":\"ReadAction\",\"target\":[\"https:\\\/\\\/kloon.kodukolle.ee\\\/fi\\\/tuote\\\/kynttilavalaisin-caframo-joi\\\/\"]}]},{\"@type\":\"ImageObject\",\"inLanguage\":\"fi\",\"@id\":\"https:\\\/\\\/kloon.kodukolle.ee\\\/fi\\\/tuote\\\/kynttilavalaisin-caframo-joi\\\/#primaryimage\",\"url\":\"https:\\\/\\\/kloon.kodukolle.ee\\\/wp-content\\\/uploads\\\/2021\\\/05\\\/LED-lamp-Caframo-JOI-2.jpg\",\"contentUrl\":\"https:\\\/\\\/kloon.kodukolle.ee\\\/wp-content\\\/uploads\\\/2021\\\/05\\\/LED-lamp-Caframo-JOI-2.jpg\",\"width\":1100,\"height\":1100,\"caption\":\"LED lamp Caframo JOI\"},{\"@type\":\"BreadcrumbList\",\"@id\":\"https:\\\/\\\/kloon.kodukolle.ee\\\/fi\\\/tuote\\\/kynttilavalaisin-caframo-joi\\\/#breadcrumb\",\"itemListElement\":[{\"@type\":\"ListItem\",\"position\":1,\"name\":\"Home\",\"item\":\"https:\\\/\\\/kloon.kodukolle.ee\\\/fi\\\/\"},{\"@type\":\"ListItem\",\"position\":2,\"name\":\"Tuotteet\",\"item\":\"https:\\\/\\\/kloon.kodukolle.ee\\\/fi\\\/tuotteet\\\/\"},{\"@type\":\"ListItem\",\"position\":3,\"name\":\"Kynttil\u00e4valaisin Caframo JOI\"}]},{\"@type\":\"WebSite\",\"@id\":\"https:\\\/\\\/kloon.kodukolle.ee\\\/#website\",\"url\":\"https:\\\/\\\/kloon.kodukolle.ee\\\/\",\"name\":\"Kodukolle\",\"description\":\"\",\"publisher\":{\"@id\":\"https:\\\/\\\/kloon.kodukolle.ee\\\/#organization\"},\"potentialAction\":[{\"@type\":\"SearchAction\",\"target\":{\"@type\":\"EntryPoint\",\"urlTemplate\":\"https:\\\/\\\/kloon.kodukolle.ee\\\/?s={search_term_string}\"},\"query-input\":{\"@type\":\"PropertyValueSpecification\",\"valueRequired\":true,\"valueName\":\"search_term_string\"}}],\"inLanguage\":\"fi\"},{\"@type\":\"Organization\",\"@id\":\"https:\\\/\\\/kloon.kodukolle.ee\\\/#organization\",\"name\":\"Kodukolle\",\"url\":\"https:\\\/\\\/kloon.kodukolle.ee\\\/\",\"logo\":{\"@type\":\"ImageObject\",\"inLanguage\":\"fi\",\"@id\":\"https:\\\/\\\/kloon.kodukolle.ee\\\/#\\\/schema\\\/logo\\\/image\\\/\",\"url\":\"https:\\\/\\\/kloon.kodukolle.ee\\\/wp-content\\\/uploads\\\/2025\\\/06\\\/logo_must_gradient.svg\",\"contentUrl\":\"https:\\\/\\\/kloon.kodukolle.ee\\\/wp-content\\\/uploads\\\/2025\\\/06\\\/logo_must_gradient.svg\",\"caption\":\"Kodukolle\"},\"image\":{\"@id\":\"https:\\\/\\\/kloon.kodukolle.ee\\\/#\\\/schema\\\/logo\\\/image\\\/\"}}]}<\/script>\n<!-- \/ Yoast SEO plugin. -->","yoast_head_json":{"title":"Kynttil\u00e4valaisin Caframo JOI - Kodukolle","description":"Kynttil\u00e4valaisin Caframo JOI k\u00e4ytt\u00e4\u00e4 l\u00e4mp\u00f6s\u00e4hk\u00f6ist\u00e4 tekniikkaa, joka muuntaa yhden kynttil\u00e4n l\u00e4mm\u00f6n tuottamaan 100 kertaa enemm\u00e4n valoa sytytt\u00e4m\u00e4ll\u00e4 kahdeksan LEDi\u00e4.","robots":{"index":"noindex","follow":"follow","max-snippet":"max-snippet:-1","max-image-preview":"max-image-preview:large","max-video-preview":"max-video-preview:-1"},"og_locale":"fi_FI","og_type":"article","og_title":"Kynttil\u00e4valaisin Caframo JOI - Kodukolle","og_description":"Kynttil\u00e4valaisin Caframo JOI k\u00e4ytt\u00e4\u00e4 l\u00e4mp\u00f6s\u00e4hk\u00f6ist\u00e4 tekniikkaa, joka muuntaa yhden kynttil\u00e4n l\u00e4mm\u00f6n tuottamaan 100 kertaa enemm\u00e4n valoa sytytt\u00e4m\u00e4ll\u00e4 kahdeksan LEDi\u00e4.","og_url":"https:\/\/kloon.kodukolle.ee\/fi\/tuote\/kynttilavalaisin-caframo-joi\/","og_site_name":"Kodukolle","article_modified_time":"2025-11-23T18:04:35+00:00","og_image":[{"width":1100,"height":1100,"url":"https:\/\/kloon.kodukolle.ee\/wp-content\/uploads\/2021\/05\/LED-lamp-Caframo-JOI-2.jpg","type":"image\/jpeg"}],"twitter_card":"summary_large_image","twitter_misc":{"Est. reading time":"1 minuutti"},"schema":{"@context":"https:\/\/schema.org","@graph":[{"@type":"WebPage","@id":"https:\/\/kloon.kodukolle.ee\/fi\/tuote\/kynttilavalaisin-caframo-joi\/","url":"https:\/\/kloon.kodukolle.ee\/fi\/tuote\/kynttilavalaisin-caframo-joi\/","name":"Kynttil\u00e4valaisin Caframo JOI - Kodukolle","isPartOf":{"@id":"https:\/\/kloon.kodukolle.ee\/#website"},"primaryImageOfPage":{"@id":"https:\/\/kloon.kodukolle.ee\/fi\/tuote\/kynttilavalaisin-caframo-joi\/#primaryimage"},"image":{"@id":"https:\/\/kloon.kodukolle.ee\/fi\/tuote\/kynttilavalaisin-caframo-joi\/#primaryimage"},"thumbnailUrl":"https:\/\/kloon.kodukolle.ee\/wp-content\/uploads\/2021\/05\/LED-lamp-Caframo-JOI-2.jpg","datePublished":"2021-05-18T10:31:02+00:00","dateModified":"2025-11-23T18:04:35+00:00","description":"Kynttil\u00e4valaisin Caframo JOI k\u00e4ytt\u00e4\u00e4 l\u00e4mp\u00f6s\u00e4hk\u00f6ist\u00e4 tekniikkaa, joka muuntaa yhden kynttil\u00e4n l\u00e4mm\u00f6n tuottamaan 100 kertaa enemm\u00e4n valoa sytytt\u00e4m\u00e4ll\u00e4 kahdeksan LEDi\u00e4.","breadcrumb":{"@id":"https:\/\/kloon.kodukolle.ee\/fi\/tuote\/kynttilavalaisin-caframo-joi\/#breadcrumb"},"inLanguage":"fi","potentialAction":[{"@type":"ReadAction","target":["https:\/\/kloon.kodukolle.ee\/fi\/tuote\/kynttilavalaisin-caframo-joi\/"]}]},{"@type":"ImageObject","inLanguage":"fi","@id":"https:\/\/kloon.kodukolle.ee\/fi\/tuote\/kynttilavalaisin-caframo-joi\/#primaryimage","url":"https:\/\/kloon.kodukolle.ee\/wp-content\/uploads\/2021\/05\/LED-lamp-Caframo-JOI-2.jpg","contentUrl":"https:\/\/kloon.kodukolle.ee\/wp-content\/uploads\/2021\/05\/LED-lamp-Caframo-JOI-2.jpg","width":1100,"height":1100,"caption":"LED lamp Caframo JOI"},{"@type":"BreadcrumbList","@id":"https:\/\/kloon.kodukolle.ee\/fi\/tuote\/kynttilavalaisin-caframo-joi\/#breadcrumb","itemListElement":[{"@type":"ListItem","position":1,"name":"Home","item":"https:\/\/kloon.kodukolle.ee\/fi\/"},{"@type":"ListItem","position":2,"name":"Tuotteet","item":"https:\/\/kloon.kodukolle.ee\/fi\/tuotteet\/"},{"@type":"ListItem","position":3,"name":"Kynttil\u00e4valaisin Caframo JOI"}]},{"@type":"WebSite","@id":"https:\/\/kloon.kodukolle.ee\/#website","url":"https:\/\/kloon.kodukolle.ee\/","name":"Kodukolle","description":"","publisher":{"@id":"https:\/\/kloon.kodukolle.ee\/#organization"},"potentialAction":[{"@type":"SearchAction","target":{"@type":"EntryPoint","urlTemplate":"https:\/\/kloon.kodukolle.ee\/?s={search_term_string}"},"query-input":{"@type":"PropertyValueSpecification","valueRequired":true,"valueName":"search_term_string"}}],"inLanguage":"fi"},{"@type":"Organization","@id":"https:\/\/kloon.kodukolle.ee\/#organization","name":"Kodukolle","url":"https:\/\/kloon.kodukolle.ee\/","logo":{"@type":"ImageObject","inLanguage":"fi","@id":"https:\/\/kloon.kodukolle.ee\/#\/schema\/logo\/image\/","url":"https:\/\/kloon.kodukolle.ee\/wp-content\/uploads\/2025\/06\/logo_must_gradient.svg","contentUrl":"https:\/\/kloon.kodukolle.ee\/wp-content\/uploads\/2025\/06\/logo_must_gradient.svg","caption":"Kodukolle"},"image":{"@id":"https:\/\/kloon.kodukolle.ee\/#\/schema\/logo\/image\/"}}]}},"_links":{"self":[{"href":"https:\/\/kloon.kodukolle.ee\/fi\/wp-json\/wp\/v2\/product\/25052","targetHints":{"allow":["GET"]}}],"collection":[{"href":"https:\/\/kloon.kodukolle.ee\/fi\/wp-json\/wp\/v2\/product"}],"about":[{"href":"https:\/\/kloon.kodukolle.ee\/fi\/wp-json\/wp\/v2\/types\/product"}],"wp:featuredmedia":[{"embeddable":true,"href":"https:\/\/kloon.kodukolle.ee\/fi\/wp-json\/wp\/v2\/media\/8310"}],"wp:attachment":[{"href":"https:\/\/kloon.kodukolle.ee\/fi\/wp-json\/wp\/v2\/media?parent=25052"}],"wp:term":[{"taxonomy":"product_brand","embeddable":true,"href":"https:\/\/kloon.kodukolle.ee\/fi\/wp-json\/wp\/v2\/product_brand?post=25052"},{"taxonomy":"product_cat","embeddable":true,"href":"https:\/\/kloon.kodukolle.ee\/fi\/wp-json\/wp\/v2\/product_cat?post=25052"},{"taxonomy":"product_tag","embeddable":true,"href":"https:\/\/kloon.kodukolle.ee\/fi\/wp-json\/wp\/v2\/product_tag?post=25052"}],"curies":[{"name":"wp","href":"https:\/\/api.w.org\/{rel}","templated":true}]}}