{"id":25102,"date":"2019-07-31T14:20:56","date_gmt":"2019-07-31T11:20:56","guid":{"rendered":"https:\/\/kloon.kodukolle.ee\/?post_type=product&#038;p=25102"},"modified":"2023-11-30T10:07:10","modified_gmt":"2023-11-30T08:07:10","slug":"puukiuas-harvia-legend-150","status":"publish","type":"product","link":"https:\/\/kloon.kodukolle.ee\/fi\/tuote\/puukiuas-harvia-legend-150\/","title":{"rendered":"Puukiuas Harvia Legend 150 (rajoitettu m\u00e4\u00e4r\u00e4)"},"content":{"rendered":"<p><strong>Puukiuas Harvia Legend 150 &#8211; k\u00e4sintehty mestariteos.<\/strong><\/p>\n<p>Harvia Legend -puul\u00e4mmitteiset kiukaat tarjoavat huippuluokan saunael\u00e4myksen. Mustan ter\u00e4srungon sis\u00e4ll\u00e4 on valtava m\u00e4\u00e4r\u00e4 kivi\u00e4, ja niiden l\u00e4mpeneess\u00e4 saat verrattoman saunael\u00e4myksen alemmallakin l\u00e4mp\u00f6tilalla. Suuri kivim\u00e4\u00e4r\u00e4 takaa hyv\u00e4n l\u00e4mm\u00f6n, vaikka tuli sammuisikin v\u00e4lill\u00e4. Legend-puul\u00e4mmittimiss\u00e4 on moderni arinarakenne, joka ohjaa palamisilmaa. Osa ilmasta ohjataan tulikammion yl\u00e4osaan &#8211; jolloin palaminen on puhtaampaa ja tehokkaampaa. T\u00e4llainen ristikkorakenne antaa my\u00f6s puul\u00e4mmitteiselle kiukaalle pidemm\u00e4n k\u00e4ytt\u00f6i\u00e4n. Tavallista pienemm\u00e4t turvaet\u00e4isyydet sivu- ja takapinnasta palaviin materiaaleihin mahdollistavat lavojen sijoittelun vapaammin. Legend-puul\u00e4mmittimet voidaan varustaa savupiipputyyppisell\u00e4 vesikattilalla. Harvia Legend 150 tarjoaa miellytt\u00e4v\u00e4n kostean saunael\u00e4myksen pienemm\u00e4ss\u00e4 saunassa. Puukiuas on ilo silm\u00e4lle ja saunank\u00e4ytt\u00e4j\u00e4lle. Harvia Legend 150:ss\u00e4 on valurautalasiovi, jonka avulla tulen l\u00e4mmin hehku t\u00e4ydent\u00e4\u00e4 saunatunnelmaa. S\u00e4\u00e4dett\u00e4vien jalkojen ansiosta puukiuas on helppo sijoittaa saunaan. Sopivan saunatilan koko on 6-13 m3 ja maksimi kivim\u00e4\u00e4r\u00e4 120 kg.\n<\/ul>\n<p>&nbsp;<\/p>\n","protected":false},"excerpt":{"rendered":"<p>Harvia Legend -puul\u00e4mmitteiset kiukaat tarjoavat huippuluokan saunael\u00e4myksen. Mustan ter\u00e4srungon sis\u00e4ll\u00e4 on valtava m\u00e4\u00e4r\u00e4 kivi\u00e4, ja niiden l\u00e4mpeneess\u00e4 saat verrattoman saunael\u00e4myksen alemmallakin l\u00e4mp\u00f6tilalla. Suuri kivim\u00e4\u00e4r\u00e4 takaa hyv\u00e4n l\u00e4mm\u00f6n, vaikka tuli sammuisikin v\u00e4lill\u00e4. Legend-puul\u00e4mmittimiss\u00e4 on moderni arinarakenne, joka ohjaa palamisilmaa.<\/p>\n","protected":false},"featured_media":25104,"template":"","meta":{"_acf_changed":false},"product_brand":[],"product_cat":[9692,9694],"product_tag":[],"class_list":{"0":"post-25102","1":"product","2":"type-product","3":"status-publish","4":"has-post-thumbnail","6":"brands-harvia-fi","7":"product_cat-kiukaat-ja-grillit","8":"product_cat-outlet-fi","10":"first","11":"instock","12":"shipping-taxable","13":"purchasable","14":"product-type-simple"},"acf":[],"yoast_head":"<!-- This site is optimized with the Yoast SEO plugin v27.3 - https:\/\/yoast.com\/product\/yoast-seo-wordpress\/ -->\n<title>Puukiuas Harvia Legend 150 (rajoitettu m\u00e4\u00e4r\u00e4) - Kodukolle<\/title>\n<meta name=\"description\" content=\"Harvia Legend -puul\u00e4mmitteiset kiukaat tarjoavat huippuluokan saunael\u00e4myksen. Puukiuas on ilo silm\u00e4lle ja saunank\u00e4ytt\u00e4j\u00e4lle.\" \/>\n<meta name=\"robots\" content=\"noindex, follow, max-snippet:-1, max-image-preview:large, max-video-preview:-1\" \/>\n<meta property=\"og:locale\" content=\"fi_FI\" \/>\n<meta property=\"og:type\" content=\"article\" \/>\n<meta property=\"og:title\" content=\"Puukiuas Harvia Legend 150 (rajoitettu m\u00e4\u00e4r\u00e4) - Kodukolle\" \/>\n<meta property=\"og:description\" content=\"Harvia Legend -puul\u00e4mmitteiset kiukaat tarjoavat huippuluokan saunael\u00e4myksen. Puukiuas on ilo silm\u00e4lle ja saunank\u00e4ytt\u00e4j\u00e4lle.\" \/>\n<meta property=\"og:url\" content=\"https:\/\/kloon.kodukolle.ee\/fi\/tuote\/puukiuas-harvia-legend-150\/\" \/>\n<meta property=\"og:site_name\" content=\"Kodukolle\" \/>\n<meta property=\"article:modified_time\" content=\"2023-11-30T08:07:10+00:00\" \/>\n<meta property=\"og:image\" content=\"https:\/\/kloon.kodukolle.ee\/wp-content\/uploads\/2019\/07\/HarviaLegend-150-WK150LD.jpg\" \/>\n\t<meta property=\"og:image:width\" content=\"1593\" \/>\n\t<meta property=\"og:image:height\" content=\"2362\" \/>\n\t<meta property=\"og:image:type\" content=\"image\/jpeg\" \/>\n<meta name=\"twitter:card\" content=\"summary_large_image\" \/>\n<script type=\"application\/ld+json\" class=\"yoast-schema-graph\">{\"@context\":\"https:\\\/\\\/schema.org\",\"@graph\":[{\"@type\":\"WebPage\",\"@id\":\"https:\\\/\\\/kloon.kodukolle.ee\\\/fi\\\/tuote\\\/puukiuas-harvia-legend-150\\\/\",\"url\":\"https:\\\/\\\/kloon.kodukolle.ee\\\/fi\\\/tuote\\\/puukiuas-harvia-legend-150\\\/\",\"name\":\"Puukiuas Harvia Legend 150 (rajoitettu m\u00e4\u00e4r\u00e4) - Kodukolle\",\"isPartOf\":{\"@id\":\"https:\\\/\\\/kloon.kodukolle.ee\\\/#website\"},\"primaryImageOfPage\":{\"@id\":\"https:\\\/\\\/kloon.kodukolle.ee\\\/fi\\\/tuote\\\/puukiuas-harvia-legend-150\\\/#primaryimage\"},\"image\":{\"@id\":\"https:\\\/\\\/kloon.kodukolle.ee\\\/fi\\\/tuote\\\/puukiuas-harvia-legend-150\\\/#primaryimage\"},\"thumbnailUrl\":\"https:\\\/\\\/kloon.kodukolle.ee\\\/wp-content\\\/uploads\\\/2019\\\/07\\\/HarviaLegend-150-WK150LD.jpg\",\"datePublished\":\"2019-07-31T11:20:56+00:00\",\"dateModified\":\"2023-11-30T08:07:10+00:00\",\"description\":\"Harvia Legend -puul\u00e4mmitteiset kiukaat tarjoavat huippuluokan saunael\u00e4myksen. Puukiuas on ilo silm\u00e4lle ja saunank\u00e4ytt\u00e4j\u00e4lle.\",\"breadcrumb\":{\"@id\":\"https:\\\/\\\/kloon.kodukolle.ee\\\/fi\\\/tuote\\\/puukiuas-harvia-legend-150\\\/#breadcrumb\"},\"inLanguage\":\"fi\",\"potentialAction\":[{\"@type\":\"ReadAction\",\"target\":[\"https:\\\/\\\/kloon.kodukolle.ee\\\/fi\\\/tuote\\\/puukiuas-harvia-legend-150\\\/\"]}]},{\"@type\":\"ImageObject\",\"inLanguage\":\"fi\",\"@id\":\"https:\\\/\\\/kloon.kodukolle.ee\\\/fi\\\/tuote\\\/puukiuas-harvia-legend-150\\\/#primaryimage\",\"url\":\"https:\\\/\\\/kloon.kodukolle.ee\\\/wp-content\\\/uploads\\\/2019\\\/07\\\/HarviaLegend-150-WK150LD.jpg\",\"contentUrl\":\"https:\\\/\\\/kloon.kodukolle.ee\\\/wp-content\\\/uploads\\\/2019\\\/07\\\/HarviaLegend-150-WK150LD.jpg\",\"width\":1593,\"height\":2362},{\"@type\":\"BreadcrumbList\",\"@id\":\"https:\\\/\\\/kloon.kodukolle.ee\\\/fi\\\/tuote\\\/puukiuas-harvia-legend-150\\\/#breadcrumb\",\"itemListElement\":[{\"@type\":\"ListItem\",\"position\":1,\"name\":\"Home\",\"item\":\"https:\\\/\\\/kloon.kodukolle.ee\\\/fi\\\/\"},{\"@type\":\"ListItem\",\"position\":2,\"name\":\"Tuotteet\",\"item\":\"https:\\\/\\\/kloon.kodukolle.ee\\\/fi\\\/tuotteet\\\/\"},{\"@type\":\"ListItem\",\"position\":3,\"name\":\"Puukiuas Harvia Legend 150 (rajoitettu m\u00e4\u00e4r\u00e4)\"}]},{\"@type\":\"WebSite\",\"@id\":\"https:\\\/\\\/kloon.kodukolle.ee\\\/#website\",\"url\":\"https:\\\/\\\/kloon.kodukolle.ee\\\/\",\"name\":\"Kodukolle\",\"description\":\"\",\"publisher\":{\"@id\":\"https:\\\/\\\/kloon.kodukolle.ee\\\/#organization\"},\"potentialAction\":[{\"@type\":\"SearchAction\",\"target\":{\"@type\":\"EntryPoint\",\"urlTemplate\":\"https:\\\/\\\/kloon.kodukolle.ee\\\/?s={search_term_string}\"},\"query-input\":{\"@type\":\"PropertyValueSpecification\",\"valueRequired\":true,\"valueName\":\"search_term_string\"}}],\"inLanguage\":\"fi\"},{\"@type\":\"Organization\",\"@id\":\"https:\\\/\\\/kloon.kodukolle.ee\\\/#organization\",\"name\":\"Kodukolle\",\"url\":\"https:\\\/\\\/kloon.kodukolle.ee\\\/\",\"logo\":{\"@type\":\"ImageObject\",\"inLanguage\":\"fi\",\"@id\":\"https:\\\/\\\/kloon.kodukolle.ee\\\/#\\\/schema\\\/logo\\\/image\\\/\",\"url\":\"https:\\\/\\\/kloon.kodukolle.ee\\\/wp-content\\\/uploads\\\/2025\\\/06\\\/logo_must_gradient.svg\",\"contentUrl\":\"https:\\\/\\\/kloon.kodukolle.ee\\\/wp-content\\\/uploads\\\/2025\\\/06\\\/logo_must_gradient.svg\",\"caption\":\"Kodukolle\"},\"image\":{\"@id\":\"https:\\\/\\\/kloon.kodukolle.ee\\\/#\\\/schema\\\/logo\\\/image\\\/\"}}]}<\/script>\n<!-- \/ Yoast SEO plugin. -->","yoast_head_json":{"title":"Puukiuas Harvia Legend 150 (rajoitettu m\u00e4\u00e4r\u00e4) - Kodukolle","description":"Harvia Legend -puul\u00e4mmitteiset kiukaat tarjoavat huippuluokan saunael\u00e4myksen. Puukiuas on ilo silm\u00e4lle ja saunank\u00e4ytt\u00e4j\u00e4lle.","robots":{"index":"noindex","follow":"follow","max-snippet":"max-snippet:-1","max-image-preview":"max-image-preview:large","max-video-preview":"max-video-preview:-1"},"og_locale":"fi_FI","og_type":"article","og_title":"Puukiuas Harvia Legend 150 (rajoitettu m\u00e4\u00e4r\u00e4) - Kodukolle","og_description":"Harvia Legend -puul\u00e4mmitteiset kiukaat tarjoavat huippuluokan saunael\u00e4myksen. Puukiuas on ilo silm\u00e4lle ja saunank\u00e4ytt\u00e4j\u00e4lle.","og_url":"https:\/\/kloon.kodukolle.ee\/fi\/tuote\/puukiuas-harvia-legend-150\/","og_site_name":"Kodukolle","article_modified_time":"2023-11-30T08:07:10+00:00","og_image":[{"width":1593,"height":2362,"url":"https:\/\/kloon.kodukolle.ee\/wp-content\/uploads\/2019\/07\/HarviaLegend-150-WK150LD.jpg","type":"image\/jpeg"}],"twitter_card":"summary_large_image","schema":{"@context":"https:\/\/schema.org","@graph":[{"@type":"WebPage","@id":"https:\/\/kloon.kodukolle.ee\/fi\/tuote\/puukiuas-harvia-legend-150\/","url":"https:\/\/kloon.kodukolle.ee\/fi\/tuote\/puukiuas-harvia-legend-150\/","name":"Puukiuas Harvia Legend 150 (rajoitettu m\u00e4\u00e4r\u00e4) - Kodukolle","isPartOf":{"@id":"https:\/\/kloon.kodukolle.ee\/#website"},"primaryImageOfPage":{"@id":"https:\/\/kloon.kodukolle.ee\/fi\/tuote\/puukiuas-harvia-legend-150\/#primaryimage"},"image":{"@id":"https:\/\/kloon.kodukolle.ee\/fi\/tuote\/puukiuas-harvia-legend-150\/#primaryimage"},"thumbnailUrl":"https:\/\/kloon.kodukolle.ee\/wp-content\/uploads\/2019\/07\/HarviaLegend-150-WK150LD.jpg","datePublished":"2019-07-31T11:20:56+00:00","dateModified":"2023-11-30T08:07:10+00:00","description":"Harvia Legend -puul\u00e4mmitteiset kiukaat tarjoavat huippuluokan saunael\u00e4myksen. Puukiuas on ilo silm\u00e4lle ja saunank\u00e4ytt\u00e4j\u00e4lle.","breadcrumb":{"@id":"https:\/\/kloon.kodukolle.ee\/fi\/tuote\/puukiuas-harvia-legend-150\/#breadcrumb"},"inLanguage":"fi","potentialAction":[{"@type":"ReadAction","target":["https:\/\/kloon.kodukolle.ee\/fi\/tuote\/puukiuas-harvia-legend-150\/"]}]},{"@type":"ImageObject","inLanguage":"fi","@id":"https:\/\/kloon.kodukolle.ee\/fi\/tuote\/puukiuas-harvia-legend-150\/#primaryimage","url":"https:\/\/kloon.kodukolle.ee\/wp-content\/uploads\/2019\/07\/HarviaLegend-150-WK150LD.jpg","contentUrl":"https:\/\/kloon.kodukolle.ee\/wp-content\/uploads\/2019\/07\/HarviaLegend-150-WK150LD.jpg","width":1593,"height":2362},{"@type":"BreadcrumbList","@id":"https:\/\/kloon.kodukolle.ee\/fi\/tuote\/puukiuas-harvia-legend-150\/#breadcrumb","itemListElement":[{"@type":"ListItem","position":1,"name":"Home","item":"https:\/\/kloon.kodukolle.ee\/fi\/"},{"@type":"ListItem","position":2,"name":"Tuotteet","item":"https:\/\/kloon.kodukolle.ee\/fi\/tuotteet\/"},{"@type":"ListItem","position":3,"name":"Puukiuas Harvia Legend 150 (rajoitettu m\u00e4\u00e4r\u00e4)"}]},{"@type":"WebSite","@id":"https:\/\/kloon.kodukolle.ee\/#website","url":"https:\/\/kloon.kodukolle.ee\/","name":"Kodukolle","description":"","publisher":{"@id":"https:\/\/kloon.kodukolle.ee\/#organization"},"potentialAction":[{"@type":"SearchAction","target":{"@type":"EntryPoint","urlTemplate":"https:\/\/kloon.kodukolle.ee\/?s={search_term_string}"},"query-input":{"@type":"PropertyValueSpecification","valueRequired":true,"valueName":"search_term_string"}}],"inLanguage":"fi"},{"@type":"Organization","@id":"https:\/\/kloon.kodukolle.ee\/#organization","name":"Kodukolle","url":"https:\/\/kloon.kodukolle.ee\/","logo":{"@type":"ImageObject","inLanguage":"fi","@id":"https:\/\/kloon.kodukolle.ee\/#\/schema\/logo\/image\/","url":"https:\/\/kloon.kodukolle.ee\/wp-content\/uploads\/2025\/06\/logo_must_gradient.svg","contentUrl":"https:\/\/kloon.kodukolle.ee\/wp-content\/uploads\/2025\/06\/logo_must_gradient.svg","caption":"Kodukolle"},"image":{"@id":"https:\/\/kloon.kodukolle.ee\/#\/schema\/logo\/image\/"}}]}},"_links":{"self":[{"href":"https:\/\/kloon.kodukolle.ee\/fi\/wp-json\/wp\/v2\/product\/25102","targetHints":{"allow":["GET"]}}],"collection":[{"href":"https:\/\/kloon.kodukolle.ee\/fi\/wp-json\/wp\/v2\/product"}],"about":[{"href":"https:\/\/kloon.kodukolle.ee\/fi\/wp-json\/wp\/v2\/types\/product"}],"wp:featuredmedia":[{"embeddable":true,"href":"https:\/\/kloon.kodukolle.ee\/fi\/wp-json\/wp\/v2\/media\/25104"}],"wp:attachment":[{"href":"https:\/\/kloon.kodukolle.ee\/fi\/wp-json\/wp\/v2\/media?parent=25102"}],"wp:term":[{"taxonomy":"product_brand","embeddable":true,"href":"https:\/\/kloon.kodukolle.ee\/fi\/wp-json\/wp\/v2\/product_brand?post=25102"},{"taxonomy":"product_cat","embeddable":true,"href":"https:\/\/kloon.kodukolle.ee\/fi\/wp-json\/wp\/v2\/product_cat?post=25102"},{"taxonomy":"product_tag","embeddable":true,"href":"https:\/\/kloon.kodukolle.ee\/fi\/wp-json\/wp\/v2\/product_tag?post=25102"}],"curies":[{"name":"wp","href":"https:\/\/api.w.org\/{rel}","templated":true}]}}