{"id":25310,"date":"2019-07-31T14:20:57","date_gmt":"2019-07-31T11:20:57","guid":{"rendered":"https:\/\/kloon.kodukolle.ee\/?post_type=product&#038;p=25310"},"modified":"2023-12-01T13:13:52","modified_gmt":"2023-12-01T11:13:52","slug":"puukiuas-harvia-legend-240-duo","status":"publish","type":"product","link":"https:\/\/kloon.kodukolle.ee\/fi\/tuote\/puukiuas-harvia-legend-240-duo\/","title":{"rendered":"Puukiuas Harvia Legend 240 Duo"},"content":{"rendered":"<p><strong>Puukiuas Harvia Legend 240 Duo &#8211; k\u00e4sintehty mestariteos.<\/strong><\/p>\n<p>Harvia Legend -puul\u00e4mmitteiset kiukaat tarjoavat huippuluokan saunael\u00e4myksen. Mustan ter\u00e4srungon sis\u00e4ll\u00e4 on valtava m\u00e4\u00e4r\u00e4 kivi\u00e4, ja niiden l\u00e4mpeneess\u00e4 saat verrattoman saunael\u00e4myksen alemmallakin l\u00e4mp\u00f6tilalla. Suuri kivim\u00e4\u00e4r\u00e4 takaa hyv\u00e4n l\u00e4mm\u00f6n, vaikka tuli sammuisikin v\u00e4lill\u00e4. Legend-puul\u00e4mmittimiss\u00e4 on moderni arinarakenne, joka ohjaa palamisilmaa. Osa ilmasta ohjataan tulikammion yl\u00e4osaan &#8211; jolloin palaminen on puhtaampaa ja tehokkaampaa. T\u00e4llainen ristikkorakenne antaa my\u00f6s puul\u00e4mmitteiselle kiukaalle pidemm\u00e4n k\u00e4ytt\u00f6i\u00e4n. Tavallista pienemm\u00e4t turvaet\u00e4isyydet sivu- ja takapinnasta palaviin materiaaleihin mahdollistavat lavojen sijoittelun vapaammin. Legend-puul\u00e4mmittimet voidaan varustaa savupiipputyyppisell\u00e4 vesikattilalla. Harvia Legend 240 Duo -malli on oikea valinta henkil\u00f6lle, joka haluaa l\u00e4mmitt\u00e4\u00e4 saunansa k\u00e4tev\u00e4sti toisesta huoneesta tai rakennuksen ulkopuolelta. Oven avautumissuuntaa voidaan muuttaa, mik\u00e4 helpottaa n\u00e4iden puul\u00e4mmittimien k\u00e4ytt\u00f6\u00e4 entisest\u00e4\u00e4n. S\u00e4\u00e4dett\u00e4vien jalkojen ansiosta puukiuas on helppo sijoittaa saunaan. Sopivan saunatilan koko on 10-24 m3 ja kivien enimm\u00e4ism\u00e4\u00e4r\u00e4 200 kg.<br \/>\n\u200b\n<\/ul>\n<p>&nbsp;<\/p>\n","protected":false},"excerpt":{"rendered":"<p>Harvia Legend -puul\u00e4mmitteiset kiukaat tarjoavat huippuluokan saunael\u00e4myksen. Mustan ter\u00e4srungon sis\u00e4ll\u00e4 on valtava m\u00e4\u00e4r\u00e4 kivi\u00e4, ja niiden l\u00e4mpeneess\u00e4 saat verrattoman saunael\u00e4myksen alemmallakin l\u00e4mp\u00f6tilalla. Suuri kivim\u00e4\u00e4r\u00e4 takaa hyv\u00e4n l\u00e4mm\u00f6n, vaikka tuli sammuisikin v\u00e4lill\u00e4. Legend-puul\u00e4mmittimiss\u00e4 on moderni arinarakenne, joka ohjaa palamisilmaa. Osa ilmasta ohjataan tulikammion yl\u00e4osaan &#8211; jolloin palaminen on puhtaampaa ja tehokkaampaa. T\u00e4llainen ristikkorakenne antaa my\u00f6s puul\u00e4mmitteiselle kiukaalle pidemm\u00e4n k\u00e4ytt\u00f6i\u00e4n. Tavallista pienemm\u00e4t turvaet\u00e4isyydet sivu- ja takapinnasta palaviin materiaaleihin mahdollistavat lavojen sijoittelun vapaammin.<\/p>\n","protected":false},"featured_media":25312,"template":"","meta":{"_acf_changed":false},"product_brand":[],"product_cat":[9692],"product_tag":[],"class_list":{"0":"post-25310","1":"product","2":"type-product","3":"status-publish","4":"has-post-thumbnail","6":"brands-harvia-fi","7":"product_cat-kiukaat-ja-grillit","9":"first","10":"instock","11":"shipping-taxable","12":"purchasable","13":"product-type-simple"},"acf":[],"yoast_head":"<!-- This site is optimized with the Yoast SEO plugin v27.3 - https:\/\/yoast.com\/product\/yoast-seo-wordpress\/ -->\n<title>Puukiuas Harvia Legend 240 Duo - Kodukolle<\/title>\n<meta name=\"description\" content=\"Harvia Legend 240 Duo puukiuas on oikea valinta henkil\u00f6lle, joka haluaa l\u00e4mmitt\u00e4\u00e4 saunansa k\u00e4tev\u00e4sti toisesta huoneesta tai rakennuksen ulkopuolelta.\" \/>\n<meta name=\"robots\" content=\"noindex, follow, max-snippet:-1, max-image-preview:large, max-video-preview:-1\" \/>\n<meta property=\"og:locale\" content=\"fi_FI\" \/>\n<meta property=\"og:type\" content=\"article\" \/>\n<meta property=\"og:title\" content=\"Puukiuas Harvia Legend 240 Duo - Kodukolle\" \/>\n<meta property=\"og:description\" content=\"Harvia Legend 240 Duo puukiuas on oikea valinta henkil\u00f6lle, joka haluaa l\u00e4mmitt\u00e4\u00e4 saunansa k\u00e4tev\u00e4sti toisesta huoneesta tai rakennuksen ulkopuolelta.\" \/>\n<meta property=\"og:url\" content=\"https:\/\/kloon.kodukolle.ee\/fi\/tuote\/puukiuas-harvia-legend-240-duo\/\" \/>\n<meta property=\"og:site_name\" content=\"Kodukolle\" \/>\n<meta property=\"article:modified_time\" content=\"2023-12-01T11:13:52+00:00\" \/>\n<meta property=\"og:image\" content=\"https:\/\/kloon.kodukolle.ee\/wp-content\/uploads\/2019\/07\/Harvia-Legend-240-Duo-WK240LDLUX.jpg\" \/>\n\t<meta property=\"og:image:width\" content=\"1235\" \/>\n\t<meta property=\"og:image:height\" content=\"1668\" \/>\n\t<meta property=\"og:image:type\" content=\"image\/jpeg\" \/>\n<meta name=\"twitter:card\" content=\"summary_large_image\" \/>\n<script type=\"application\/ld+json\" class=\"yoast-schema-graph\">{\"@context\":\"https:\\\/\\\/schema.org\",\"@graph\":[{\"@type\":\"WebPage\",\"@id\":\"https:\\\/\\\/kloon.kodukolle.ee\\\/fi\\\/tuote\\\/puukiuas-harvia-legend-240-duo\\\/\",\"url\":\"https:\\\/\\\/kloon.kodukolle.ee\\\/fi\\\/tuote\\\/puukiuas-harvia-legend-240-duo\\\/\",\"name\":\"Puukiuas Harvia Legend 240 Duo - Kodukolle\",\"isPartOf\":{\"@id\":\"https:\\\/\\\/kloon.kodukolle.ee\\\/#website\"},\"primaryImageOfPage\":{\"@id\":\"https:\\\/\\\/kloon.kodukolle.ee\\\/fi\\\/tuote\\\/puukiuas-harvia-legend-240-duo\\\/#primaryimage\"},\"image\":{\"@id\":\"https:\\\/\\\/kloon.kodukolle.ee\\\/fi\\\/tuote\\\/puukiuas-harvia-legend-240-duo\\\/#primaryimage\"},\"thumbnailUrl\":\"https:\\\/\\\/kloon.kodukolle.ee\\\/wp-content\\\/uploads\\\/2019\\\/07\\\/Harvia-Legend-240-Duo-WK240LDLUX.jpg\",\"datePublished\":\"2019-07-31T11:20:57+00:00\",\"dateModified\":\"2023-12-01T11:13:52+00:00\",\"description\":\"Harvia Legend 240 Duo puukiuas on oikea valinta henkil\u00f6lle, joka haluaa l\u00e4mmitt\u00e4\u00e4 saunansa k\u00e4tev\u00e4sti toisesta huoneesta tai rakennuksen ulkopuolelta.\",\"breadcrumb\":{\"@id\":\"https:\\\/\\\/kloon.kodukolle.ee\\\/fi\\\/tuote\\\/puukiuas-harvia-legend-240-duo\\\/#breadcrumb\"},\"inLanguage\":\"fi\",\"potentialAction\":[{\"@type\":\"ReadAction\",\"target\":[\"https:\\\/\\\/kloon.kodukolle.ee\\\/fi\\\/tuote\\\/puukiuas-harvia-legend-240-duo\\\/\"]}]},{\"@type\":\"ImageObject\",\"inLanguage\":\"fi\",\"@id\":\"https:\\\/\\\/kloon.kodukolle.ee\\\/fi\\\/tuote\\\/puukiuas-harvia-legend-240-duo\\\/#primaryimage\",\"url\":\"https:\\\/\\\/kloon.kodukolle.ee\\\/wp-content\\\/uploads\\\/2019\\\/07\\\/Harvia-Legend-240-Duo-WK240LDLUX.jpg\",\"contentUrl\":\"https:\\\/\\\/kloon.kodukolle.ee\\\/wp-content\\\/uploads\\\/2019\\\/07\\\/Harvia-Legend-240-Duo-WK240LDLUX.jpg\",\"width\":1235,\"height\":1668},{\"@type\":\"BreadcrumbList\",\"@id\":\"https:\\\/\\\/kloon.kodukolle.ee\\\/fi\\\/tuote\\\/puukiuas-harvia-legend-240-duo\\\/#breadcrumb\",\"itemListElement\":[{\"@type\":\"ListItem\",\"position\":1,\"name\":\"Home\",\"item\":\"https:\\\/\\\/kloon.kodukolle.ee\\\/fi\\\/\"},{\"@type\":\"ListItem\",\"position\":2,\"name\":\"Tuotteet\",\"item\":\"https:\\\/\\\/kloon.kodukolle.ee\\\/fi\\\/tuotteet\\\/\"},{\"@type\":\"ListItem\",\"position\":3,\"name\":\"Puukiuas Harvia Legend 240 Duo\"}]},{\"@type\":\"WebSite\",\"@id\":\"https:\\\/\\\/kloon.kodukolle.ee\\\/#website\",\"url\":\"https:\\\/\\\/kloon.kodukolle.ee\\\/\",\"name\":\"Kodukolle\",\"description\":\"\",\"publisher\":{\"@id\":\"https:\\\/\\\/kloon.kodukolle.ee\\\/#organization\"},\"potentialAction\":[{\"@type\":\"SearchAction\",\"target\":{\"@type\":\"EntryPoint\",\"urlTemplate\":\"https:\\\/\\\/kloon.kodukolle.ee\\\/?s={search_term_string}\"},\"query-input\":{\"@type\":\"PropertyValueSpecification\",\"valueRequired\":true,\"valueName\":\"search_term_string\"}}],\"inLanguage\":\"fi\"},{\"@type\":\"Organization\",\"@id\":\"https:\\\/\\\/kloon.kodukolle.ee\\\/#organization\",\"name\":\"Kodukolle\",\"url\":\"https:\\\/\\\/kloon.kodukolle.ee\\\/\",\"logo\":{\"@type\":\"ImageObject\",\"inLanguage\":\"fi\",\"@id\":\"https:\\\/\\\/kloon.kodukolle.ee\\\/#\\\/schema\\\/logo\\\/image\\\/\",\"url\":\"https:\\\/\\\/kloon.kodukolle.ee\\\/wp-content\\\/uploads\\\/2025\\\/06\\\/logo_must_gradient.svg\",\"contentUrl\":\"https:\\\/\\\/kloon.kodukolle.ee\\\/wp-content\\\/uploads\\\/2025\\\/06\\\/logo_must_gradient.svg\",\"caption\":\"Kodukolle\"},\"image\":{\"@id\":\"https:\\\/\\\/kloon.kodukolle.ee\\\/#\\\/schema\\\/logo\\\/image\\\/\"}}]}<\/script>\n<!-- \/ Yoast SEO plugin. -->","yoast_head_json":{"title":"Puukiuas Harvia Legend 240 Duo - Kodukolle","description":"Harvia Legend 240 Duo puukiuas on oikea valinta henkil\u00f6lle, joka haluaa l\u00e4mmitt\u00e4\u00e4 saunansa k\u00e4tev\u00e4sti toisesta huoneesta tai rakennuksen ulkopuolelta.","robots":{"index":"noindex","follow":"follow","max-snippet":"max-snippet:-1","max-image-preview":"max-image-preview:large","max-video-preview":"max-video-preview:-1"},"og_locale":"fi_FI","og_type":"article","og_title":"Puukiuas Harvia Legend 240 Duo - Kodukolle","og_description":"Harvia Legend 240 Duo puukiuas on oikea valinta henkil\u00f6lle, joka haluaa l\u00e4mmitt\u00e4\u00e4 saunansa k\u00e4tev\u00e4sti toisesta huoneesta tai rakennuksen ulkopuolelta.","og_url":"https:\/\/kloon.kodukolle.ee\/fi\/tuote\/puukiuas-harvia-legend-240-duo\/","og_site_name":"Kodukolle","article_modified_time":"2023-12-01T11:13:52+00:00","og_image":[{"width":1235,"height":1668,"url":"https:\/\/kloon.kodukolle.ee\/wp-content\/uploads\/2019\/07\/Harvia-Legend-240-Duo-WK240LDLUX.jpg","type":"image\/jpeg"}],"twitter_card":"summary_large_image","schema":{"@context":"https:\/\/schema.org","@graph":[{"@type":"WebPage","@id":"https:\/\/kloon.kodukolle.ee\/fi\/tuote\/puukiuas-harvia-legend-240-duo\/","url":"https:\/\/kloon.kodukolle.ee\/fi\/tuote\/puukiuas-harvia-legend-240-duo\/","name":"Puukiuas Harvia Legend 240 Duo - Kodukolle","isPartOf":{"@id":"https:\/\/kloon.kodukolle.ee\/#website"},"primaryImageOfPage":{"@id":"https:\/\/kloon.kodukolle.ee\/fi\/tuote\/puukiuas-harvia-legend-240-duo\/#primaryimage"},"image":{"@id":"https:\/\/kloon.kodukolle.ee\/fi\/tuote\/puukiuas-harvia-legend-240-duo\/#primaryimage"},"thumbnailUrl":"https:\/\/kloon.kodukolle.ee\/wp-content\/uploads\/2019\/07\/Harvia-Legend-240-Duo-WK240LDLUX.jpg","datePublished":"2019-07-31T11:20:57+00:00","dateModified":"2023-12-01T11:13:52+00:00","description":"Harvia Legend 240 Duo puukiuas on oikea valinta henkil\u00f6lle, joka haluaa l\u00e4mmitt\u00e4\u00e4 saunansa k\u00e4tev\u00e4sti toisesta huoneesta tai rakennuksen ulkopuolelta.","breadcrumb":{"@id":"https:\/\/kloon.kodukolle.ee\/fi\/tuote\/puukiuas-harvia-legend-240-duo\/#breadcrumb"},"inLanguage":"fi","potentialAction":[{"@type":"ReadAction","target":["https:\/\/kloon.kodukolle.ee\/fi\/tuote\/puukiuas-harvia-legend-240-duo\/"]}]},{"@type":"ImageObject","inLanguage":"fi","@id":"https:\/\/kloon.kodukolle.ee\/fi\/tuote\/puukiuas-harvia-legend-240-duo\/#primaryimage","url":"https:\/\/kloon.kodukolle.ee\/wp-content\/uploads\/2019\/07\/Harvia-Legend-240-Duo-WK240LDLUX.jpg","contentUrl":"https:\/\/kloon.kodukolle.ee\/wp-content\/uploads\/2019\/07\/Harvia-Legend-240-Duo-WK240LDLUX.jpg","width":1235,"height":1668},{"@type":"BreadcrumbList","@id":"https:\/\/kloon.kodukolle.ee\/fi\/tuote\/puukiuas-harvia-legend-240-duo\/#breadcrumb","itemListElement":[{"@type":"ListItem","position":1,"name":"Home","item":"https:\/\/kloon.kodukolle.ee\/fi\/"},{"@type":"ListItem","position":2,"name":"Tuotteet","item":"https:\/\/kloon.kodukolle.ee\/fi\/tuotteet\/"},{"@type":"ListItem","position":3,"name":"Puukiuas Harvia Legend 240 Duo"}]},{"@type":"WebSite","@id":"https:\/\/kloon.kodukolle.ee\/#website","url":"https:\/\/kloon.kodukolle.ee\/","name":"Kodukolle","description":"","publisher":{"@id":"https:\/\/kloon.kodukolle.ee\/#organization"},"potentialAction":[{"@type":"SearchAction","target":{"@type":"EntryPoint","urlTemplate":"https:\/\/kloon.kodukolle.ee\/?s={search_term_string}"},"query-input":{"@type":"PropertyValueSpecification","valueRequired":true,"valueName":"search_term_string"}}],"inLanguage":"fi"},{"@type":"Organization","@id":"https:\/\/kloon.kodukolle.ee\/#organization","name":"Kodukolle","url":"https:\/\/kloon.kodukolle.ee\/","logo":{"@type":"ImageObject","inLanguage":"fi","@id":"https:\/\/kloon.kodukolle.ee\/#\/schema\/logo\/image\/","url":"https:\/\/kloon.kodukolle.ee\/wp-content\/uploads\/2025\/06\/logo_must_gradient.svg","contentUrl":"https:\/\/kloon.kodukolle.ee\/wp-content\/uploads\/2025\/06\/logo_must_gradient.svg","caption":"Kodukolle"},"image":{"@id":"https:\/\/kloon.kodukolle.ee\/#\/schema\/logo\/image\/"}}]}},"_links":{"self":[{"href":"https:\/\/kloon.kodukolle.ee\/fi\/wp-json\/wp\/v2\/product\/25310","targetHints":{"allow":["GET"]}}],"collection":[{"href":"https:\/\/kloon.kodukolle.ee\/fi\/wp-json\/wp\/v2\/product"}],"about":[{"href":"https:\/\/kloon.kodukolle.ee\/fi\/wp-json\/wp\/v2\/types\/product"}],"wp:featuredmedia":[{"embeddable":true,"href":"https:\/\/kloon.kodukolle.ee\/fi\/wp-json\/wp\/v2\/media\/25312"}],"wp:attachment":[{"href":"https:\/\/kloon.kodukolle.ee\/fi\/wp-json\/wp\/v2\/media?parent=25310"}],"wp:term":[{"taxonomy":"product_brand","embeddable":true,"href":"https:\/\/kloon.kodukolle.ee\/fi\/wp-json\/wp\/v2\/product_brand?post=25310"},{"taxonomy":"product_cat","embeddable":true,"href":"https:\/\/kloon.kodukolle.ee\/fi\/wp-json\/wp\/v2\/product_cat?post=25310"},{"taxonomy":"product_tag","embeddable":true,"href":"https:\/\/kloon.kodukolle.ee\/fi\/wp-json\/wp\/v2\/product_tag?post=25310"}],"curies":[{"name":"wp","href":"https:\/\/api.w.org\/{rel}","templated":true}]}}