{"id":25382,"date":"2023-12-04T10:11:47","date_gmt":"2023-12-04T08:11:47","guid":{"rendered":"https:\/\/kloon.kodukolle.ee\/?post_type=product&#038;p=25382"},"modified":"2023-12-04T10:39:01","modified_gmt":"2023-12-04T08:39:01","slug":"valurautatakka-invicta-sedan-m","status":"publish","type":"product","link":"https:\/\/kloon.kodukolle.ee\/fi\/tuote\/valurautatakka-invicta-sedan-m\/","title":{"rendered":"Valurautatakka Invicta SEDAN M (myym\u00e4l\u00e4n n\u00e4ytetuote)"},"content":{"rendered":"<p>Klassinen ja ajaton Invicta Sedan M valurautatakka on p\u00e4\u00e4llystetty trendikk\u00e4\u00e4ll\u00e4 norsunluun s\u00e4vyisell\u00e4 emalilla. Takassa on kaksi t\u00e4ytt\u00f6luukkua, yksi edess\u00e4 ja toinen sivulla. Takka voi toimia hitaasti palavassa tilassa 8 tuntia ilman, ett\u00e4 tarvitsee lis\u00e4t\u00e4 puuta. Puhdas lasij\u00e4rjestelm\u00e4 hidastaa noen ker\u00e4\u00e4ntymist\u00e4 lasille. Esil\u00e4mmitetty ilma ohjataan lasia pitkin, mik\u00e4 k\u00e4ynnist\u00e4\u00e4 kaasun ja haihtuvien aineiden palamisen ja suojaa lasia savulta ja noelta.<br \/>\n&nbsp;<\/p>\n","protected":false},"excerpt":{"rendered":"<p>Klassinen ja ajaton Invicta Sedan M valurautatakka on p\u00e4\u00e4llystetty trendikk\u00e4\u00e4ll\u00e4 norsunluun s\u00e4vyisell\u00e4 emalilla. Takassa on kaksi t\u00e4ytt\u00f6luukkua, yksi edess\u00e4 ja toinen sivulla. Takka voi toimia hitaasti palavassa tilassa 8 tuntia ilman, ett\u00e4 tarvitsee lis\u00e4t\u00e4 puuta. Puhdas lasij\u00e4rjestelm\u00e4 hidastaa noen ker\u00e4\u00e4ntymist\u00e4 lasille. Esil\u00e4mmitetty ilma ohjataan lasia pitkin, mik\u00e4 k\u00e4ynnist\u00e4\u00e4 kaasun ja haihtuvien aineiden palamisen ja suojaa lasia savulta ja noelta.<\/p>\n","protected":false},"featured_media":25390,"template":"","meta":{"_acf_changed":false},"product_brand":[],"product_cat":[9620,9694],"product_tag":[],"class_list":{"0":"post-25382","1":"product","2":"type-product","3":"status-publish","4":"has-post-thumbnail","6":"brands-invicta-fi","7":"product_cat-takat","8":"product_cat-outlet-fi","10":"first","11":"instock","12":"shipping-taxable","13":"purchasable","14":"product-type-simple"},"acf":[],"yoast_head":"<!-- This site is optimized with the Yoast SEO plugin v27.3 - https:\/\/yoast.com\/product\/yoast-seo-wordpress\/ -->\n<title>Valurautatakka Invicta SEDAN M (myym\u00e4l\u00e4n n\u00e4ytetuote) - Kodukolle<\/title>\n<meta name=\"description\" content=\"Klassinen ja ajaton Invicta Sedan M valurautatakka on p\u00e4\u00e4llystetty trendikk\u00e4\u00e4ll\u00e4 norsunluun s\u00e4vyisell\u00e4 emalilla. Takassa on kaksi t\u00e4ytt\u00f6luukkua, yksi edess\u00e4 ja toinen sivulla.\" \/>\n<meta name=\"robots\" content=\"noindex, follow, max-snippet:-1, max-image-preview:large, max-video-preview:-1\" \/>\n<meta property=\"og:locale\" content=\"fi_FI\" \/>\n<meta property=\"og:type\" content=\"article\" \/>\n<meta property=\"og:title\" content=\"Valurautatakka Invicta SEDAN M (myym\u00e4l\u00e4n n\u00e4ytetuote) - Kodukolle\" \/>\n<meta property=\"og:description\" content=\"Klassinen ja ajaton Invicta Sedan M valurautatakka on p\u00e4\u00e4llystetty trendikk\u00e4\u00e4ll\u00e4 norsunluun s\u00e4vyisell\u00e4 emalilla. Takassa on kaksi t\u00e4ytt\u00f6luukkua, yksi edess\u00e4 ja toinen sivulla.\" \/>\n<meta property=\"og:url\" content=\"https:\/\/kloon.kodukolle.ee\/fi\/tuote\/valurautatakka-invicta-sedan-m\/\" \/>\n<meta property=\"og:site_name\" content=\"Kodukolle\" \/>\n<meta property=\"article:modified_time\" content=\"2023-12-04T08:39:01+00:00\" \/>\n<meta property=\"og:image\" content=\"https:\/\/kloon.kodukolle.ee\/wp-content\/uploads\/2023\/12\/Invicta-Sedan-M.jpg\" \/>\n\t<meta property=\"og:image:width\" content=\"823\" \/>\n\t<meta property=\"og:image:height\" content=\"775\" \/>\n\t<meta property=\"og:image:type\" content=\"image\/jpeg\" \/>\n<meta name=\"twitter:card\" content=\"summary_large_image\" \/>\n<meta name=\"twitter:label1\" content=\"Est. reading time\" \/>\n\t<meta name=\"twitter:data1\" content=\"1 minuutti\" \/>\n<script type=\"application\/ld+json\" class=\"yoast-schema-graph\">{\"@context\":\"https:\\\/\\\/schema.org\",\"@graph\":[{\"@type\":\"WebPage\",\"@id\":\"https:\\\/\\\/kloon.kodukolle.ee\\\/fi\\\/tuote\\\/valurautatakka-invicta-sedan-m\\\/\",\"url\":\"https:\\\/\\\/kloon.kodukolle.ee\\\/fi\\\/tuote\\\/valurautatakka-invicta-sedan-m\\\/\",\"name\":\"Valurautatakka Invicta SEDAN M (myym\u00e4l\u00e4n n\u00e4ytetuote) - Kodukolle\",\"isPartOf\":{\"@id\":\"https:\\\/\\\/kloon.kodukolle.ee\\\/#website\"},\"primaryImageOfPage\":{\"@id\":\"https:\\\/\\\/kloon.kodukolle.ee\\\/fi\\\/tuote\\\/valurautatakka-invicta-sedan-m\\\/#primaryimage\"},\"image\":{\"@id\":\"https:\\\/\\\/kloon.kodukolle.ee\\\/fi\\\/tuote\\\/valurautatakka-invicta-sedan-m\\\/#primaryimage\"},\"thumbnailUrl\":\"https:\\\/\\\/kloon.kodukolle.ee\\\/wp-content\\\/uploads\\\/2023\\\/12\\\/Invicta-Sedan-M.jpg\",\"datePublished\":\"2023-12-04T08:11:47+00:00\",\"dateModified\":\"2023-12-04T08:39:01+00:00\",\"description\":\"Klassinen ja ajaton Invicta Sedan M valurautatakka on p\u00e4\u00e4llystetty trendikk\u00e4\u00e4ll\u00e4 norsunluun s\u00e4vyisell\u00e4 emalilla. Takassa on kaksi t\u00e4ytt\u00f6luukkua, yksi edess\u00e4 ja toinen sivulla.\",\"breadcrumb\":{\"@id\":\"https:\\\/\\\/kloon.kodukolle.ee\\\/fi\\\/tuote\\\/valurautatakka-invicta-sedan-m\\\/#breadcrumb\"},\"inLanguage\":\"fi\",\"potentialAction\":[{\"@type\":\"ReadAction\",\"target\":[\"https:\\\/\\\/kloon.kodukolle.ee\\\/fi\\\/tuote\\\/valurautatakka-invicta-sedan-m\\\/\"]}]},{\"@type\":\"ImageObject\",\"inLanguage\":\"fi\",\"@id\":\"https:\\\/\\\/kloon.kodukolle.ee\\\/fi\\\/tuote\\\/valurautatakka-invicta-sedan-m\\\/#primaryimage\",\"url\":\"https:\\\/\\\/kloon.kodukolle.ee\\\/wp-content\\\/uploads\\\/2023\\\/12\\\/Invicta-Sedan-M.jpg\",\"contentUrl\":\"https:\\\/\\\/kloon.kodukolle.ee\\\/wp-content\\\/uploads\\\/2023\\\/12\\\/Invicta-Sedan-M.jpg\",\"width\":823,\"height\":775,\"caption\":\"Invicta Sedan M\"},{\"@type\":\"BreadcrumbList\",\"@id\":\"https:\\\/\\\/kloon.kodukolle.ee\\\/fi\\\/tuote\\\/valurautatakka-invicta-sedan-m\\\/#breadcrumb\",\"itemListElement\":[{\"@type\":\"ListItem\",\"position\":1,\"name\":\"Home\",\"item\":\"https:\\\/\\\/kloon.kodukolle.ee\\\/fi\\\/\"},{\"@type\":\"ListItem\",\"position\":2,\"name\":\"Tuotteet\",\"item\":\"https:\\\/\\\/kloon.kodukolle.ee\\\/fi\\\/tuotteet\\\/\"},{\"@type\":\"ListItem\",\"position\":3,\"name\":\"Valurautatakka Invicta SEDAN M (myym\u00e4l\u00e4n n\u00e4ytetuote)\"}]},{\"@type\":\"WebSite\",\"@id\":\"https:\\\/\\\/kloon.kodukolle.ee\\\/#website\",\"url\":\"https:\\\/\\\/kloon.kodukolle.ee\\\/\",\"name\":\"Kodukolle\",\"description\":\"\",\"publisher\":{\"@id\":\"https:\\\/\\\/kloon.kodukolle.ee\\\/#organization\"},\"potentialAction\":[{\"@type\":\"SearchAction\",\"target\":{\"@type\":\"EntryPoint\",\"urlTemplate\":\"https:\\\/\\\/kloon.kodukolle.ee\\\/?s={search_term_string}\"},\"query-input\":{\"@type\":\"PropertyValueSpecification\",\"valueRequired\":true,\"valueName\":\"search_term_string\"}}],\"inLanguage\":\"fi\"},{\"@type\":\"Organization\",\"@id\":\"https:\\\/\\\/kloon.kodukolle.ee\\\/#organization\",\"name\":\"Kodukolle\",\"url\":\"https:\\\/\\\/kloon.kodukolle.ee\\\/\",\"logo\":{\"@type\":\"ImageObject\",\"inLanguage\":\"fi\",\"@id\":\"https:\\\/\\\/kloon.kodukolle.ee\\\/#\\\/schema\\\/logo\\\/image\\\/\",\"url\":\"https:\\\/\\\/kloon.kodukolle.ee\\\/wp-content\\\/uploads\\\/2025\\\/06\\\/logo_must_gradient.svg\",\"contentUrl\":\"https:\\\/\\\/kloon.kodukolle.ee\\\/wp-content\\\/uploads\\\/2025\\\/06\\\/logo_must_gradient.svg\",\"caption\":\"Kodukolle\"},\"image\":{\"@id\":\"https:\\\/\\\/kloon.kodukolle.ee\\\/#\\\/schema\\\/logo\\\/image\\\/\"}}]}<\/script>\n<!-- \/ Yoast SEO plugin. -->","yoast_head_json":{"title":"Valurautatakka Invicta SEDAN M (myym\u00e4l\u00e4n n\u00e4ytetuote) - Kodukolle","description":"Klassinen ja ajaton Invicta Sedan M valurautatakka on p\u00e4\u00e4llystetty trendikk\u00e4\u00e4ll\u00e4 norsunluun s\u00e4vyisell\u00e4 emalilla. Takassa on kaksi t\u00e4ytt\u00f6luukkua, yksi edess\u00e4 ja toinen sivulla.","robots":{"index":"noindex","follow":"follow","max-snippet":"max-snippet:-1","max-image-preview":"max-image-preview:large","max-video-preview":"max-video-preview:-1"},"og_locale":"fi_FI","og_type":"article","og_title":"Valurautatakka Invicta SEDAN M (myym\u00e4l\u00e4n n\u00e4ytetuote) - Kodukolle","og_description":"Klassinen ja ajaton Invicta Sedan M valurautatakka on p\u00e4\u00e4llystetty trendikk\u00e4\u00e4ll\u00e4 norsunluun s\u00e4vyisell\u00e4 emalilla. Takassa on kaksi t\u00e4ytt\u00f6luukkua, yksi edess\u00e4 ja toinen sivulla.","og_url":"https:\/\/kloon.kodukolle.ee\/fi\/tuote\/valurautatakka-invicta-sedan-m\/","og_site_name":"Kodukolle","article_modified_time":"2023-12-04T08:39:01+00:00","og_image":[{"width":823,"height":775,"url":"https:\/\/kloon.kodukolle.ee\/wp-content\/uploads\/2023\/12\/Invicta-Sedan-M.jpg","type":"image\/jpeg"}],"twitter_card":"summary_large_image","twitter_misc":{"Est. reading time":"1 minuutti"},"schema":{"@context":"https:\/\/schema.org","@graph":[{"@type":"WebPage","@id":"https:\/\/kloon.kodukolle.ee\/fi\/tuote\/valurautatakka-invicta-sedan-m\/","url":"https:\/\/kloon.kodukolle.ee\/fi\/tuote\/valurautatakka-invicta-sedan-m\/","name":"Valurautatakka Invicta SEDAN M (myym\u00e4l\u00e4n n\u00e4ytetuote) - Kodukolle","isPartOf":{"@id":"https:\/\/kloon.kodukolle.ee\/#website"},"primaryImageOfPage":{"@id":"https:\/\/kloon.kodukolle.ee\/fi\/tuote\/valurautatakka-invicta-sedan-m\/#primaryimage"},"image":{"@id":"https:\/\/kloon.kodukolle.ee\/fi\/tuote\/valurautatakka-invicta-sedan-m\/#primaryimage"},"thumbnailUrl":"https:\/\/kloon.kodukolle.ee\/wp-content\/uploads\/2023\/12\/Invicta-Sedan-M.jpg","datePublished":"2023-12-04T08:11:47+00:00","dateModified":"2023-12-04T08:39:01+00:00","description":"Klassinen ja ajaton Invicta Sedan M valurautatakka on p\u00e4\u00e4llystetty trendikk\u00e4\u00e4ll\u00e4 norsunluun s\u00e4vyisell\u00e4 emalilla. Takassa on kaksi t\u00e4ytt\u00f6luukkua, yksi edess\u00e4 ja toinen sivulla.","breadcrumb":{"@id":"https:\/\/kloon.kodukolle.ee\/fi\/tuote\/valurautatakka-invicta-sedan-m\/#breadcrumb"},"inLanguage":"fi","potentialAction":[{"@type":"ReadAction","target":["https:\/\/kloon.kodukolle.ee\/fi\/tuote\/valurautatakka-invicta-sedan-m\/"]}]},{"@type":"ImageObject","inLanguage":"fi","@id":"https:\/\/kloon.kodukolle.ee\/fi\/tuote\/valurautatakka-invicta-sedan-m\/#primaryimage","url":"https:\/\/kloon.kodukolle.ee\/wp-content\/uploads\/2023\/12\/Invicta-Sedan-M.jpg","contentUrl":"https:\/\/kloon.kodukolle.ee\/wp-content\/uploads\/2023\/12\/Invicta-Sedan-M.jpg","width":823,"height":775,"caption":"Invicta Sedan M"},{"@type":"BreadcrumbList","@id":"https:\/\/kloon.kodukolle.ee\/fi\/tuote\/valurautatakka-invicta-sedan-m\/#breadcrumb","itemListElement":[{"@type":"ListItem","position":1,"name":"Home","item":"https:\/\/kloon.kodukolle.ee\/fi\/"},{"@type":"ListItem","position":2,"name":"Tuotteet","item":"https:\/\/kloon.kodukolle.ee\/fi\/tuotteet\/"},{"@type":"ListItem","position":3,"name":"Valurautatakka Invicta SEDAN M (myym\u00e4l\u00e4n n\u00e4ytetuote)"}]},{"@type":"WebSite","@id":"https:\/\/kloon.kodukolle.ee\/#website","url":"https:\/\/kloon.kodukolle.ee\/","name":"Kodukolle","description":"","publisher":{"@id":"https:\/\/kloon.kodukolle.ee\/#organization"},"potentialAction":[{"@type":"SearchAction","target":{"@type":"EntryPoint","urlTemplate":"https:\/\/kloon.kodukolle.ee\/?s={search_term_string}"},"query-input":{"@type":"PropertyValueSpecification","valueRequired":true,"valueName":"search_term_string"}}],"inLanguage":"fi"},{"@type":"Organization","@id":"https:\/\/kloon.kodukolle.ee\/#organization","name":"Kodukolle","url":"https:\/\/kloon.kodukolle.ee\/","logo":{"@type":"ImageObject","inLanguage":"fi","@id":"https:\/\/kloon.kodukolle.ee\/#\/schema\/logo\/image\/","url":"https:\/\/kloon.kodukolle.ee\/wp-content\/uploads\/2025\/06\/logo_must_gradient.svg","contentUrl":"https:\/\/kloon.kodukolle.ee\/wp-content\/uploads\/2025\/06\/logo_must_gradient.svg","caption":"Kodukolle"},"image":{"@id":"https:\/\/kloon.kodukolle.ee\/#\/schema\/logo\/image\/"}}]}},"_links":{"self":[{"href":"https:\/\/kloon.kodukolle.ee\/fi\/wp-json\/wp\/v2\/product\/25382","targetHints":{"allow":["GET"]}}],"collection":[{"href":"https:\/\/kloon.kodukolle.ee\/fi\/wp-json\/wp\/v2\/product"}],"about":[{"href":"https:\/\/kloon.kodukolle.ee\/fi\/wp-json\/wp\/v2\/types\/product"}],"wp:featuredmedia":[{"embeddable":true,"href":"https:\/\/kloon.kodukolle.ee\/fi\/wp-json\/wp\/v2\/media\/25390"}],"wp:attachment":[{"href":"https:\/\/kloon.kodukolle.ee\/fi\/wp-json\/wp\/v2\/media?parent=25382"}],"wp:term":[{"taxonomy":"product_brand","embeddable":true,"href":"https:\/\/kloon.kodukolle.ee\/fi\/wp-json\/wp\/v2\/product_brand?post=25382"},{"taxonomy":"product_cat","embeddable":true,"href":"https:\/\/kloon.kodukolle.ee\/fi\/wp-json\/wp\/v2\/product_cat?post=25382"},{"taxonomy":"product_tag","embeddable":true,"href":"https:\/\/kloon.kodukolle.ee\/fi\/wp-json\/wp\/v2\/product_tag?post=25382"}],"curies":[{"name":"wp","href":"https:\/\/api.w.org\/{rel}","templated":true}]}}