{"id":25665,"date":"2023-09-27T15:57:28","date_gmt":"2023-09-27T12:57:28","guid":{"rendered":"https:\/\/kloon.kodukolle.ee\/?post_type=product&#038;p=25665"},"modified":"2024-02-06T16:43:24","modified_gmt":"2024-02-06T14:43:24","slug":"sahkokiuas-harvia-cilindro-pc90-9kw-teras","status":"publish","type":"product","link":"https:\/\/kloon.kodukolle.ee\/fi\/tuote\/sahkokiuas-harvia-cilindro-pc90-9kw-teras\/","title":{"rendered":"S\u00e4hk\u00f6kiuas Harvia Cilindro PC90 9kW, ter\u00e4s"},"content":{"rendered":"<p><strong>S\u00e4hk\u00f6kiuas Harvia Cilindro &#8211; monipuolinen, laadukas saunakokemus.<\/strong><\/p>\n<p>Harvia Cilindro -pilarikiukaat ovat tyylikk\u00e4it\u00e4 s\u00e4hk\u00f6kiukaat, jotka sopivat moneen tarpeeseen. Kiukaan koko ja massiivinen kivim\u00e4\u00e4r\u00e4 on optimoitu tuottamaan tasaista mutta tehokasta l\u00f6yly\u00e4 kaikenkokoisissa saunoissa pienist\u00e4 perhesaunoista suuriin yleissaunoihin. Cilindro-kiukaassa korkea laatu kohtaa vaikuttavan ulkon\u00e4\u00f6n. Ruostumattomasta ter\u00e4ksest\u00e4 valmistettu ulkokuori on loistava lis\u00e4 jokaiseen saunaan. Arinaa muistuttavan ulkosein\u00e4n ansiosta jokainen saunalainen voi vaihtaa h\u00f6yry\u00e4. H\u00f6yry on pehme\u00e4mp\u00e4\u00e4, jos heit\u00e4t vett\u00e4 kiukaan kylke\u00e4 vasten ja ter\u00e4v\u00e4mp\u00e4\u00e4, jos heit\u00e4t vett\u00e4 suoraan kivipilarin p\u00e4\u00e4lle. Cilindro on vaikuttava sek\u00e4 katsottava ett\u00e4 koettava. Kiuas on varustettu mekaanisella ajastimella sek\u00e4 termostaatilla.\n<\/ul>\n<p>&nbsp;<\/p>\n","protected":false},"excerpt":{"rendered":"<p>Harvia Cilindro -pilarikiukaat ovat tyylikk\u00e4it\u00e4 s\u00e4hk\u00f6kiukaat, jotka sopivat moneen tarpeeseen. Kiukaan koko ja massiivinen kivim\u00e4\u00e4r\u00e4 on optimoitu tuottamaan tasaista mutta tehokasta l\u00f6yly\u00e4 kaikenkokoisissa saunoissa pienist\u00e4 perhesaunoista suuriin yleissaunoihin. Cilindro-kiukaassa korkea laatu kohtaa vaikuttavan ulkon\u00e4\u00f6n. Ruostumattomasta ter\u00e4ksest\u00e4 valmistettu ulkokuori on loistava lis\u00e4 jokaiseen saunaan.<\/p>\n","protected":false},"featured_media":22744,"template":"","meta":{"_acf_changed":false},"product_brand":[],"product_cat":[9692],"product_tag":[],"class_list":{"0":"post-25665","1":"product","2":"type-product","3":"status-publish","4":"has-post-thumbnail","6":"brands-harvia-fi","7":"product_cat-kiukaat-ja-grillit","9":"first","10":"instock","11":"shipping-taxable","12":"purchasable","13":"product-type-simple"},"acf":[],"yoast_head":"<!-- This site is optimized with the Yoast SEO plugin v27.3 - https:\/\/yoast.com\/product\/yoast-seo-wordpress\/ -->\n<title>S\u00e4hk\u00f6kiuas Harvia Cilindro PC90 9kW, ter\u00e4s - Kodukolle<\/title>\n<meta name=\"description\" content=\"Harvia Cilindro -pilarikiukaat ovat tyylikk\u00e4it\u00e4 s\u00e4hk\u00f6kiukaat, jotka sopivat moneen tarpeeseen. Cilindro-kiukaassa korkea laatu kohtaa vaikuttavan ulkon\u00e4\u00f6n.\" \/>\n<meta name=\"robots\" content=\"noindex, follow, max-snippet:-1, max-image-preview:large, max-video-preview:-1\" \/>\n<meta property=\"og:locale\" content=\"fi_FI\" \/>\n<meta property=\"og:type\" content=\"article\" \/>\n<meta property=\"og:title\" content=\"S\u00e4hk\u00f6kiuas Harvia Cilindro PC90 9kW, ter\u00e4s - Kodukolle\" \/>\n<meta property=\"og:description\" content=\"Harvia Cilindro -pilarikiukaat ovat tyylikk\u00e4it\u00e4 s\u00e4hk\u00f6kiukaat, jotka sopivat moneen tarpeeseen. Cilindro-kiukaassa korkea laatu kohtaa vaikuttavan ulkon\u00e4\u00f6n.\" \/>\n<meta property=\"og:url\" content=\"https:\/\/kloon.kodukolle.ee\/fi\/tuote\/sahkokiuas-harvia-cilindro-pc90-9kw-teras\/\" \/>\n<meta property=\"og:site_name\" content=\"Kodukolle\" \/>\n<meta property=\"article:modified_time\" content=\"2024-02-06T14:43:24+00:00\" \/>\n<meta property=\"og:image\" content=\"https:\/\/kloon.kodukolle.ee\/wp-content\/uploads\/2023\/09\/Harvia_Cilindro_PC90.jpg\" \/>\n\t<meta property=\"og:image:width\" content=\"430\" \/>\n\t<meta property=\"og:image:height\" content=\"1000\" \/>\n\t<meta property=\"og:image:type\" content=\"image\/jpeg\" \/>\n<meta name=\"twitter:card\" content=\"summary_large_image\" \/>\n<meta name=\"twitter:label1\" content=\"Est. reading time\" \/>\n\t<meta name=\"twitter:data1\" content=\"1 minuutti\" \/>\n<script type=\"application\/ld+json\" class=\"yoast-schema-graph\">{\"@context\":\"https:\\\/\\\/schema.org\",\"@graph\":[{\"@type\":\"WebPage\",\"@id\":\"https:\\\/\\\/kloon.kodukolle.ee\\\/fi\\\/tuote\\\/sahkokiuas-harvia-cilindro-pc90-9kw-teras\\\/\",\"url\":\"https:\\\/\\\/kloon.kodukolle.ee\\\/fi\\\/tuote\\\/sahkokiuas-harvia-cilindro-pc90-9kw-teras\\\/\",\"name\":\"S\u00e4hk\u00f6kiuas Harvia Cilindro PC90 9kW, ter\u00e4s - Kodukolle\",\"isPartOf\":{\"@id\":\"https:\\\/\\\/kloon.kodukolle.ee\\\/#website\"},\"primaryImageOfPage\":{\"@id\":\"https:\\\/\\\/kloon.kodukolle.ee\\\/fi\\\/tuote\\\/sahkokiuas-harvia-cilindro-pc90-9kw-teras\\\/#primaryimage\"},\"image\":{\"@id\":\"https:\\\/\\\/kloon.kodukolle.ee\\\/fi\\\/tuote\\\/sahkokiuas-harvia-cilindro-pc90-9kw-teras\\\/#primaryimage\"},\"thumbnailUrl\":\"https:\\\/\\\/kloon.kodukolle.ee\\\/wp-content\\\/uploads\\\/2023\\\/09\\\/Harvia_Cilindro_PC90.jpg\",\"datePublished\":\"2023-09-27T12:57:28+00:00\",\"dateModified\":\"2024-02-06T14:43:24+00:00\",\"description\":\"Harvia Cilindro -pilarikiukaat ovat tyylikk\u00e4it\u00e4 s\u00e4hk\u00f6kiukaat, jotka sopivat moneen tarpeeseen. Cilindro-kiukaassa korkea laatu kohtaa vaikuttavan ulkon\u00e4\u00f6n.\",\"breadcrumb\":{\"@id\":\"https:\\\/\\\/kloon.kodukolle.ee\\\/fi\\\/tuote\\\/sahkokiuas-harvia-cilindro-pc90-9kw-teras\\\/#breadcrumb\"},\"inLanguage\":\"fi\",\"potentialAction\":[{\"@type\":\"ReadAction\",\"target\":[\"https:\\\/\\\/kloon.kodukolle.ee\\\/fi\\\/tuote\\\/sahkokiuas-harvia-cilindro-pc90-9kw-teras\\\/\"]}]},{\"@type\":\"ImageObject\",\"inLanguage\":\"fi\",\"@id\":\"https:\\\/\\\/kloon.kodukolle.ee\\\/fi\\\/tuote\\\/sahkokiuas-harvia-cilindro-pc90-9kw-teras\\\/#primaryimage\",\"url\":\"https:\\\/\\\/kloon.kodukolle.ee\\\/wp-content\\\/uploads\\\/2023\\\/09\\\/Harvia_Cilindro_PC90.jpg\",\"contentUrl\":\"https:\\\/\\\/kloon.kodukolle.ee\\\/wp-content\\\/uploads\\\/2023\\\/09\\\/Harvia_Cilindro_PC90.jpg\",\"width\":430,\"height\":1000,\"caption\":\"Harvia Cilindro PC90\"},{\"@type\":\"BreadcrumbList\",\"@id\":\"https:\\\/\\\/kloon.kodukolle.ee\\\/fi\\\/tuote\\\/sahkokiuas-harvia-cilindro-pc90-9kw-teras\\\/#breadcrumb\",\"itemListElement\":[{\"@type\":\"ListItem\",\"position\":1,\"name\":\"Home\",\"item\":\"https:\\\/\\\/kloon.kodukolle.ee\\\/fi\\\/\"},{\"@type\":\"ListItem\",\"position\":2,\"name\":\"Tuotteet\",\"item\":\"https:\\\/\\\/kloon.kodukolle.ee\\\/fi\\\/tuotteet\\\/\"},{\"@type\":\"ListItem\",\"position\":3,\"name\":\"S\u00e4hk\u00f6kiuas Harvia Cilindro PC90 9kW, ter\u00e4s\"}]},{\"@type\":\"WebSite\",\"@id\":\"https:\\\/\\\/kloon.kodukolle.ee\\\/#website\",\"url\":\"https:\\\/\\\/kloon.kodukolle.ee\\\/\",\"name\":\"Kodukolle\",\"description\":\"\",\"publisher\":{\"@id\":\"https:\\\/\\\/kloon.kodukolle.ee\\\/#organization\"},\"potentialAction\":[{\"@type\":\"SearchAction\",\"target\":{\"@type\":\"EntryPoint\",\"urlTemplate\":\"https:\\\/\\\/kloon.kodukolle.ee\\\/?s={search_term_string}\"},\"query-input\":{\"@type\":\"PropertyValueSpecification\",\"valueRequired\":true,\"valueName\":\"search_term_string\"}}],\"inLanguage\":\"fi\"},{\"@type\":\"Organization\",\"@id\":\"https:\\\/\\\/kloon.kodukolle.ee\\\/#organization\",\"name\":\"Kodukolle\",\"url\":\"https:\\\/\\\/kloon.kodukolle.ee\\\/\",\"logo\":{\"@type\":\"ImageObject\",\"inLanguage\":\"fi\",\"@id\":\"https:\\\/\\\/kloon.kodukolle.ee\\\/#\\\/schema\\\/logo\\\/image\\\/\",\"url\":\"https:\\\/\\\/kloon.kodukolle.ee\\\/wp-content\\\/uploads\\\/2025\\\/06\\\/logo_must_gradient.svg\",\"contentUrl\":\"https:\\\/\\\/kloon.kodukolle.ee\\\/wp-content\\\/uploads\\\/2025\\\/06\\\/logo_must_gradient.svg\",\"caption\":\"Kodukolle\"},\"image\":{\"@id\":\"https:\\\/\\\/kloon.kodukolle.ee\\\/#\\\/schema\\\/logo\\\/image\\\/\"}}]}<\/script>\n<!-- \/ Yoast SEO plugin. -->","yoast_head_json":{"title":"S\u00e4hk\u00f6kiuas Harvia Cilindro PC90 9kW, ter\u00e4s - Kodukolle","description":"Harvia Cilindro -pilarikiukaat ovat tyylikk\u00e4it\u00e4 s\u00e4hk\u00f6kiukaat, jotka sopivat moneen tarpeeseen. Cilindro-kiukaassa korkea laatu kohtaa vaikuttavan ulkon\u00e4\u00f6n.","robots":{"index":"noindex","follow":"follow","max-snippet":"max-snippet:-1","max-image-preview":"max-image-preview:large","max-video-preview":"max-video-preview:-1"},"og_locale":"fi_FI","og_type":"article","og_title":"S\u00e4hk\u00f6kiuas Harvia Cilindro PC90 9kW, ter\u00e4s - Kodukolle","og_description":"Harvia Cilindro -pilarikiukaat ovat tyylikk\u00e4it\u00e4 s\u00e4hk\u00f6kiukaat, jotka sopivat moneen tarpeeseen. Cilindro-kiukaassa korkea laatu kohtaa vaikuttavan ulkon\u00e4\u00f6n.","og_url":"https:\/\/kloon.kodukolle.ee\/fi\/tuote\/sahkokiuas-harvia-cilindro-pc90-9kw-teras\/","og_site_name":"Kodukolle","article_modified_time":"2024-02-06T14:43:24+00:00","og_image":[{"width":430,"height":1000,"url":"https:\/\/kloon.kodukolle.ee\/wp-content\/uploads\/2023\/09\/Harvia_Cilindro_PC90.jpg","type":"image\/jpeg"}],"twitter_card":"summary_large_image","twitter_misc":{"Est. reading time":"1 minuutti"},"schema":{"@context":"https:\/\/schema.org","@graph":[{"@type":"WebPage","@id":"https:\/\/kloon.kodukolle.ee\/fi\/tuote\/sahkokiuas-harvia-cilindro-pc90-9kw-teras\/","url":"https:\/\/kloon.kodukolle.ee\/fi\/tuote\/sahkokiuas-harvia-cilindro-pc90-9kw-teras\/","name":"S\u00e4hk\u00f6kiuas Harvia Cilindro PC90 9kW, ter\u00e4s - Kodukolle","isPartOf":{"@id":"https:\/\/kloon.kodukolle.ee\/#website"},"primaryImageOfPage":{"@id":"https:\/\/kloon.kodukolle.ee\/fi\/tuote\/sahkokiuas-harvia-cilindro-pc90-9kw-teras\/#primaryimage"},"image":{"@id":"https:\/\/kloon.kodukolle.ee\/fi\/tuote\/sahkokiuas-harvia-cilindro-pc90-9kw-teras\/#primaryimage"},"thumbnailUrl":"https:\/\/kloon.kodukolle.ee\/wp-content\/uploads\/2023\/09\/Harvia_Cilindro_PC90.jpg","datePublished":"2023-09-27T12:57:28+00:00","dateModified":"2024-02-06T14:43:24+00:00","description":"Harvia Cilindro -pilarikiukaat ovat tyylikk\u00e4it\u00e4 s\u00e4hk\u00f6kiukaat, jotka sopivat moneen tarpeeseen. Cilindro-kiukaassa korkea laatu kohtaa vaikuttavan ulkon\u00e4\u00f6n.","breadcrumb":{"@id":"https:\/\/kloon.kodukolle.ee\/fi\/tuote\/sahkokiuas-harvia-cilindro-pc90-9kw-teras\/#breadcrumb"},"inLanguage":"fi","potentialAction":[{"@type":"ReadAction","target":["https:\/\/kloon.kodukolle.ee\/fi\/tuote\/sahkokiuas-harvia-cilindro-pc90-9kw-teras\/"]}]},{"@type":"ImageObject","inLanguage":"fi","@id":"https:\/\/kloon.kodukolle.ee\/fi\/tuote\/sahkokiuas-harvia-cilindro-pc90-9kw-teras\/#primaryimage","url":"https:\/\/kloon.kodukolle.ee\/wp-content\/uploads\/2023\/09\/Harvia_Cilindro_PC90.jpg","contentUrl":"https:\/\/kloon.kodukolle.ee\/wp-content\/uploads\/2023\/09\/Harvia_Cilindro_PC90.jpg","width":430,"height":1000,"caption":"Harvia Cilindro PC90"},{"@type":"BreadcrumbList","@id":"https:\/\/kloon.kodukolle.ee\/fi\/tuote\/sahkokiuas-harvia-cilindro-pc90-9kw-teras\/#breadcrumb","itemListElement":[{"@type":"ListItem","position":1,"name":"Home","item":"https:\/\/kloon.kodukolle.ee\/fi\/"},{"@type":"ListItem","position":2,"name":"Tuotteet","item":"https:\/\/kloon.kodukolle.ee\/fi\/tuotteet\/"},{"@type":"ListItem","position":3,"name":"S\u00e4hk\u00f6kiuas Harvia Cilindro PC90 9kW, ter\u00e4s"}]},{"@type":"WebSite","@id":"https:\/\/kloon.kodukolle.ee\/#website","url":"https:\/\/kloon.kodukolle.ee\/","name":"Kodukolle","description":"","publisher":{"@id":"https:\/\/kloon.kodukolle.ee\/#organization"},"potentialAction":[{"@type":"SearchAction","target":{"@type":"EntryPoint","urlTemplate":"https:\/\/kloon.kodukolle.ee\/?s={search_term_string}"},"query-input":{"@type":"PropertyValueSpecification","valueRequired":true,"valueName":"search_term_string"}}],"inLanguage":"fi"},{"@type":"Organization","@id":"https:\/\/kloon.kodukolle.ee\/#organization","name":"Kodukolle","url":"https:\/\/kloon.kodukolle.ee\/","logo":{"@type":"ImageObject","inLanguage":"fi","@id":"https:\/\/kloon.kodukolle.ee\/#\/schema\/logo\/image\/","url":"https:\/\/kloon.kodukolle.ee\/wp-content\/uploads\/2025\/06\/logo_must_gradient.svg","contentUrl":"https:\/\/kloon.kodukolle.ee\/wp-content\/uploads\/2025\/06\/logo_must_gradient.svg","caption":"Kodukolle"},"image":{"@id":"https:\/\/kloon.kodukolle.ee\/#\/schema\/logo\/image\/"}}]}},"_links":{"self":[{"href":"https:\/\/kloon.kodukolle.ee\/fi\/wp-json\/wp\/v2\/product\/25665","targetHints":{"allow":["GET"]}}],"collection":[{"href":"https:\/\/kloon.kodukolle.ee\/fi\/wp-json\/wp\/v2\/product"}],"about":[{"href":"https:\/\/kloon.kodukolle.ee\/fi\/wp-json\/wp\/v2\/types\/product"}],"wp:featuredmedia":[{"embeddable":true,"href":"https:\/\/kloon.kodukolle.ee\/fi\/wp-json\/wp\/v2\/media\/22744"}],"wp:attachment":[{"href":"https:\/\/kloon.kodukolle.ee\/fi\/wp-json\/wp\/v2\/media?parent=25665"}],"wp:term":[{"taxonomy":"product_brand","embeddable":true,"href":"https:\/\/kloon.kodukolle.ee\/fi\/wp-json\/wp\/v2\/product_brand?post=25665"},{"taxonomy":"product_cat","embeddable":true,"href":"https:\/\/kloon.kodukolle.ee\/fi\/wp-json\/wp\/v2\/product_cat?post=25665"},{"taxonomy":"product_tag","embeddable":true,"href":"https:\/\/kloon.kodukolle.ee\/fi\/wp-json\/wp\/v2\/product_tag?post=25665"}],"curies":[{"name":"wp","href":"https:\/\/api.w.org\/{rel}","templated":true}]}}