{"id":25963,"date":"2021-04-27T13:18:50","date_gmt":"2021-04-27T10:18:50","guid":{"rendered":"https:\/\/kloon.kodukolle.ee\/?post_type=product&#038;p=25963"},"modified":"2023-12-15T16:23:33","modified_gmt":"2023-12-15T14:23:33","slug":"design-takka-rocal-d-10-graffiti","status":"publish","type":"product","link":"https:\/\/kloon.kodukolle.ee\/fi\/tuote\/design-takka-rocal-d-10-graffiti\/","title":{"rendered":"Design takka Rocal D-10 GRAFFITI"},"content":{"rendered":"<p>Rocal D-10 Graffiti -designtakka on tyylik\u00e4s ja moderni lis\u00e4 jokaiseen kotiin. Selkeill\u00e4 linjoillaan ja minimalistisella muotoilullaan se sulautuu saumattomasti mihin tahansa huoneeseen. Suuri kulmalasiovi tarjoaa upeat n\u00e4kym\u00e4t liekkeihin, mik\u00e4 yhdess\u00e4 kahden suuren sivuikkunan kanssa tekee siit\u00e4 t\u00e4ydellisen keskipisteen miss\u00e4 tahansa huoneessa. Rocal D-10 Graffiti designtakka voidaan kiinnitt\u00e4\u00e4 sein\u00e4\u00e4n, mutta se voidaan asentaa my\u00f6s erilliseksi tulisijaksi, jalusta on saatavana lis\u00e4varusteena. Halusitpa sitten sein\u00e4lle asennettavan tai vapaasti seisovan takan, Rocal D-10 Graffiti t\u00e4ytt\u00e4\u00e4 tarpeesi. Takka on valmistettu korkealaatuisesta ter\u00e4ksest\u00e4, mik\u00e4 tekee siit\u00e4 kest\u00e4v\u00e4n ja pitk\u00e4ik\u00e4isen.<br \/>\n&nbsp; <\/p>\n","protected":false},"excerpt":{"rendered":"<p>Rocal D-10 Graffiti -designtakka on tyylik\u00e4s ja moderni lis\u00e4 jokaiseen kotiin. Selkeill\u00e4 linjoillaan ja minimalistisella muotoilullaan se sulautuu saumattomasti mihin tahansa huoneeseen. Suuri kulmalasiovi tarjoaa upeat n\u00e4kym\u00e4t liekkeihin, mik\u00e4 yhdess\u00e4 kahden suuren sivuikkunan kanssa tekee siit\u00e4 t\u00e4ydellisen keskipisteen miss\u00e4 tahansa huoneessa.<\/p>\n","protected":false},"featured_media":11032,"template":"","meta":{"_acf_changed":false},"product_brand":[],"product_cat":[1584],"product_tag":[],"class_list":{"0":"post-25963","1":"product","2":"type-product","3":"status-publish","4":"has-post-thumbnail","6":"brands-rocal-fi","7":"product_cat-design-takat","9":"first","10":"instock","11":"shipping-taxable","12":"purchasable","13":"product-type-simple"},"acf":[],"yoast_head":"<!-- This site is optimized with the Yoast SEO plugin v27.3 - https:\/\/yoast.com\/product\/yoast-seo-wordpress\/ -->\n<title>Design takka Rocal D-10 GRAFFITI - Kodukolle<\/title>\n<meta name=\"description\" content=\"Rocal D-10 Graffiti -designtakka on tyylik\u00e4s ja moderni lis\u00e4 jokaiseen kotiin. Selkeill\u00e4 linjoillaan ja minimalistisella muotoilullaan se sulautuu saumattomasti mihin tahansa huoneeseen.\" \/>\n<meta name=\"robots\" content=\"noindex, follow, max-snippet:-1, max-image-preview:large, max-video-preview:-1\" \/>\n<meta property=\"og:locale\" content=\"fi_FI\" \/>\n<meta property=\"og:type\" content=\"article\" \/>\n<meta property=\"og:title\" content=\"Design takka Rocal D-10 GRAFFITI - Kodukolle\" \/>\n<meta property=\"og:description\" content=\"Rocal D-10 Graffiti -designtakka on tyylik\u00e4s ja moderni lis\u00e4 jokaiseen kotiin. Selkeill\u00e4 linjoillaan ja minimalistisella muotoilullaan se sulautuu saumattomasti mihin tahansa huoneeseen.\" \/>\n<meta property=\"og:url\" content=\"https:\/\/kloon.kodukolle.ee\/fi\/tuote\/design-takka-rocal-d-10-graffiti\/\" \/>\n<meta property=\"og:site_name\" content=\"Kodukolle\" \/>\n<meta property=\"article:modified_time\" content=\"2023-12-15T14:23:33+00:00\" \/>\n<meta property=\"og:image\" content=\"https:\/\/kloon.kodukolle.ee\/wp-content\/uploads\/2021\/04\/D10.jpg\" \/>\n\t<meta property=\"og:image:width\" content=\"1580\" \/>\n\t<meta property=\"og:image:height\" content=\"1040\" \/>\n\t<meta property=\"og:image:type\" content=\"image\/jpeg\" \/>\n<meta name=\"twitter:card\" content=\"summary_large_image\" \/>\n<script type=\"application\/ld+json\" class=\"yoast-schema-graph\">{\"@context\":\"https:\\\/\\\/schema.org\",\"@graph\":[{\"@type\":\"WebPage\",\"@id\":\"https:\\\/\\\/kloon.kodukolle.ee\\\/fi\\\/tuote\\\/design-takka-rocal-d-10-graffiti\\\/\",\"url\":\"https:\\\/\\\/kloon.kodukolle.ee\\\/fi\\\/tuote\\\/design-takka-rocal-d-10-graffiti\\\/\",\"name\":\"Design takka Rocal D-10 GRAFFITI - Kodukolle\",\"isPartOf\":{\"@id\":\"https:\\\/\\\/kloon.kodukolle.ee\\\/#website\"},\"primaryImageOfPage\":{\"@id\":\"https:\\\/\\\/kloon.kodukolle.ee\\\/fi\\\/tuote\\\/design-takka-rocal-d-10-graffiti\\\/#primaryimage\"},\"image\":{\"@id\":\"https:\\\/\\\/kloon.kodukolle.ee\\\/fi\\\/tuote\\\/design-takka-rocal-d-10-graffiti\\\/#primaryimage\"},\"thumbnailUrl\":\"https:\\\/\\\/kloon.kodukolle.ee\\\/wp-content\\\/uploads\\\/2021\\\/04\\\/D10.jpg\",\"datePublished\":\"2021-04-27T10:18:50+00:00\",\"dateModified\":\"2023-12-15T14:23:33+00:00\",\"description\":\"Rocal D-10 Graffiti -designtakka on tyylik\u00e4s ja moderni lis\u00e4 jokaiseen kotiin. Selkeill\u00e4 linjoillaan ja minimalistisella muotoilullaan se sulautuu saumattomasti mihin tahansa huoneeseen.\",\"breadcrumb\":{\"@id\":\"https:\\\/\\\/kloon.kodukolle.ee\\\/fi\\\/tuote\\\/design-takka-rocal-d-10-graffiti\\\/#breadcrumb\"},\"inLanguage\":\"fi\",\"potentialAction\":[{\"@type\":\"ReadAction\",\"target\":[\"https:\\\/\\\/kloon.kodukolle.ee\\\/fi\\\/tuote\\\/design-takka-rocal-d-10-graffiti\\\/\"]}]},{\"@type\":\"ImageObject\",\"inLanguage\":\"fi\",\"@id\":\"https:\\\/\\\/kloon.kodukolle.ee\\\/fi\\\/tuote\\\/design-takka-rocal-d-10-graffiti\\\/#primaryimage\",\"url\":\"https:\\\/\\\/kloon.kodukolle.ee\\\/wp-content\\\/uploads\\\/2021\\\/04\\\/D10.jpg\",\"contentUrl\":\"https:\\\/\\\/kloon.kodukolle.ee\\\/wp-content\\\/uploads\\\/2021\\\/04\\\/D10.jpg\",\"width\":1580,\"height\":1040},{\"@type\":\"BreadcrumbList\",\"@id\":\"https:\\\/\\\/kloon.kodukolle.ee\\\/fi\\\/tuote\\\/design-takka-rocal-d-10-graffiti\\\/#breadcrumb\",\"itemListElement\":[{\"@type\":\"ListItem\",\"position\":1,\"name\":\"Home\",\"item\":\"https:\\\/\\\/kloon.kodukolle.ee\\\/fi\\\/\"},{\"@type\":\"ListItem\",\"position\":2,\"name\":\"Tuotteet\",\"item\":\"https:\\\/\\\/kloon.kodukolle.ee\\\/fi\\\/tuotteet\\\/\"},{\"@type\":\"ListItem\",\"position\":3,\"name\":\"Design takka Rocal D-10 GRAFFITI\"}]},{\"@type\":\"WebSite\",\"@id\":\"https:\\\/\\\/kloon.kodukolle.ee\\\/#website\",\"url\":\"https:\\\/\\\/kloon.kodukolle.ee\\\/\",\"name\":\"Kodukolle\",\"description\":\"\",\"publisher\":{\"@id\":\"https:\\\/\\\/kloon.kodukolle.ee\\\/#organization\"},\"potentialAction\":[{\"@type\":\"SearchAction\",\"target\":{\"@type\":\"EntryPoint\",\"urlTemplate\":\"https:\\\/\\\/kloon.kodukolle.ee\\\/?s={search_term_string}\"},\"query-input\":{\"@type\":\"PropertyValueSpecification\",\"valueRequired\":true,\"valueName\":\"search_term_string\"}}],\"inLanguage\":\"fi\"},{\"@type\":\"Organization\",\"@id\":\"https:\\\/\\\/kloon.kodukolle.ee\\\/#organization\",\"name\":\"Kodukolle\",\"url\":\"https:\\\/\\\/kloon.kodukolle.ee\\\/\",\"logo\":{\"@type\":\"ImageObject\",\"inLanguage\":\"fi\",\"@id\":\"https:\\\/\\\/kloon.kodukolle.ee\\\/#\\\/schema\\\/logo\\\/image\\\/\",\"url\":\"https:\\\/\\\/kloon.kodukolle.ee\\\/wp-content\\\/uploads\\\/2025\\\/06\\\/logo_must_gradient.svg\",\"contentUrl\":\"https:\\\/\\\/kloon.kodukolle.ee\\\/wp-content\\\/uploads\\\/2025\\\/06\\\/logo_must_gradient.svg\",\"caption\":\"Kodukolle\"},\"image\":{\"@id\":\"https:\\\/\\\/kloon.kodukolle.ee\\\/#\\\/schema\\\/logo\\\/image\\\/\"}}]}<\/script>\n<!-- \/ Yoast SEO plugin. -->","yoast_head_json":{"title":"Design takka Rocal D-10 GRAFFITI - Kodukolle","description":"Rocal D-10 Graffiti -designtakka on tyylik\u00e4s ja moderni lis\u00e4 jokaiseen kotiin. Selkeill\u00e4 linjoillaan ja minimalistisella muotoilullaan se sulautuu saumattomasti mihin tahansa huoneeseen.","robots":{"index":"noindex","follow":"follow","max-snippet":"max-snippet:-1","max-image-preview":"max-image-preview:large","max-video-preview":"max-video-preview:-1"},"og_locale":"fi_FI","og_type":"article","og_title":"Design takka Rocal D-10 GRAFFITI - Kodukolle","og_description":"Rocal D-10 Graffiti -designtakka on tyylik\u00e4s ja moderni lis\u00e4 jokaiseen kotiin. Selkeill\u00e4 linjoillaan ja minimalistisella muotoilullaan se sulautuu saumattomasti mihin tahansa huoneeseen.","og_url":"https:\/\/kloon.kodukolle.ee\/fi\/tuote\/design-takka-rocal-d-10-graffiti\/","og_site_name":"Kodukolle","article_modified_time":"2023-12-15T14:23:33+00:00","og_image":[{"width":1580,"height":1040,"url":"https:\/\/kloon.kodukolle.ee\/wp-content\/uploads\/2021\/04\/D10.jpg","type":"image\/jpeg"}],"twitter_card":"summary_large_image","schema":{"@context":"https:\/\/schema.org","@graph":[{"@type":"WebPage","@id":"https:\/\/kloon.kodukolle.ee\/fi\/tuote\/design-takka-rocal-d-10-graffiti\/","url":"https:\/\/kloon.kodukolle.ee\/fi\/tuote\/design-takka-rocal-d-10-graffiti\/","name":"Design takka Rocal D-10 GRAFFITI - Kodukolle","isPartOf":{"@id":"https:\/\/kloon.kodukolle.ee\/#website"},"primaryImageOfPage":{"@id":"https:\/\/kloon.kodukolle.ee\/fi\/tuote\/design-takka-rocal-d-10-graffiti\/#primaryimage"},"image":{"@id":"https:\/\/kloon.kodukolle.ee\/fi\/tuote\/design-takka-rocal-d-10-graffiti\/#primaryimage"},"thumbnailUrl":"https:\/\/kloon.kodukolle.ee\/wp-content\/uploads\/2021\/04\/D10.jpg","datePublished":"2021-04-27T10:18:50+00:00","dateModified":"2023-12-15T14:23:33+00:00","description":"Rocal D-10 Graffiti -designtakka on tyylik\u00e4s ja moderni lis\u00e4 jokaiseen kotiin. Selkeill\u00e4 linjoillaan ja minimalistisella muotoilullaan se sulautuu saumattomasti mihin tahansa huoneeseen.","breadcrumb":{"@id":"https:\/\/kloon.kodukolle.ee\/fi\/tuote\/design-takka-rocal-d-10-graffiti\/#breadcrumb"},"inLanguage":"fi","potentialAction":[{"@type":"ReadAction","target":["https:\/\/kloon.kodukolle.ee\/fi\/tuote\/design-takka-rocal-d-10-graffiti\/"]}]},{"@type":"ImageObject","inLanguage":"fi","@id":"https:\/\/kloon.kodukolle.ee\/fi\/tuote\/design-takka-rocal-d-10-graffiti\/#primaryimage","url":"https:\/\/kloon.kodukolle.ee\/wp-content\/uploads\/2021\/04\/D10.jpg","contentUrl":"https:\/\/kloon.kodukolle.ee\/wp-content\/uploads\/2021\/04\/D10.jpg","width":1580,"height":1040},{"@type":"BreadcrumbList","@id":"https:\/\/kloon.kodukolle.ee\/fi\/tuote\/design-takka-rocal-d-10-graffiti\/#breadcrumb","itemListElement":[{"@type":"ListItem","position":1,"name":"Home","item":"https:\/\/kloon.kodukolle.ee\/fi\/"},{"@type":"ListItem","position":2,"name":"Tuotteet","item":"https:\/\/kloon.kodukolle.ee\/fi\/tuotteet\/"},{"@type":"ListItem","position":3,"name":"Design takka Rocal D-10 GRAFFITI"}]},{"@type":"WebSite","@id":"https:\/\/kloon.kodukolle.ee\/#website","url":"https:\/\/kloon.kodukolle.ee\/","name":"Kodukolle","description":"","publisher":{"@id":"https:\/\/kloon.kodukolle.ee\/#organization"},"potentialAction":[{"@type":"SearchAction","target":{"@type":"EntryPoint","urlTemplate":"https:\/\/kloon.kodukolle.ee\/?s={search_term_string}"},"query-input":{"@type":"PropertyValueSpecification","valueRequired":true,"valueName":"search_term_string"}}],"inLanguage":"fi"},{"@type":"Organization","@id":"https:\/\/kloon.kodukolle.ee\/#organization","name":"Kodukolle","url":"https:\/\/kloon.kodukolle.ee\/","logo":{"@type":"ImageObject","inLanguage":"fi","@id":"https:\/\/kloon.kodukolle.ee\/#\/schema\/logo\/image\/","url":"https:\/\/kloon.kodukolle.ee\/wp-content\/uploads\/2025\/06\/logo_must_gradient.svg","contentUrl":"https:\/\/kloon.kodukolle.ee\/wp-content\/uploads\/2025\/06\/logo_must_gradient.svg","caption":"Kodukolle"},"image":{"@id":"https:\/\/kloon.kodukolle.ee\/#\/schema\/logo\/image\/"}}]}},"_links":{"self":[{"href":"https:\/\/kloon.kodukolle.ee\/fi\/wp-json\/wp\/v2\/product\/25963","targetHints":{"allow":["GET"]}}],"collection":[{"href":"https:\/\/kloon.kodukolle.ee\/fi\/wp-json\/wp\/v2\/product"}],"about":[{"href":"https:\/\/kloon.kodukolle.ee\/fi\/wp-json\/wp\/v2\/types\/product"}],"wp:featuredmedia":[{"embeddable":true,"href":"https:\/\/kloon.kodukolle.ee\/fi\/wp-json\/wp\/v2\/media\/11032"}],"wp:attachment":[{"href":"https:\/\/kloon.kodukolle.ee\/fi\/wp-json\/wp\/v2\/media?parent=25963"}],"wp:term":[{"taxonomy":"product_brand","embeddable":true,"href":"https:\/\/kloon.kodukolle.ee\/fi\/wp-json\/wp\/v2\/product_brand?post=25963"},{"taxonomy":"product_cat","embeddable":true,"href":"https:\/\/kloon.kodukolle.ee\/fi\/wp-json\/wp\/v2\/product_cat?post=25963"},{"taxonomy":"product_tag","embeddable":true,"href":"https:\/\/kloon.kodukolle.ee\/fi\/wp-json\/wp\/v2\/product_tag?post=25963"}],"curies":[{"name":"wp","href":"https:\/\/api.w.org\/{rel}","templated":true}]}}