{"id":25965,"date":"2021-04-27T12:38:52","date_gmt":"2021-04-27T09:38:52","guid":{"rendered":"https:\/\/kloon.kodukolle.ee\/?post_type=product&#038;p=25965"},"modified":"2023-12-15T16:31:37","modified_gmt":"2023-12-15T14:31:37","slug":"design-takka-rocal-ronde-frontal","status":"publish","type":"product","link":"https:\/\/kloon.kodukolle.ee\/fi\/tuote\/design-takka-rocal-ronde-frontal\/","title":{"rendered":"Design takka Rocal RONDE FRONTAL"},"content":{"rendered":"<p>Rocal Ronde Frontal -designtakan erottuva ominaisuus on sen upea panoraamakaareinen lasiovi, joka tarjoaa vertaansa vailla olevan n\u00e4kym\u00e4n liekkeihin luoden kodikkaan ja kutsuvan tunnelman. Vakiovarusteisiin kuuluu sein\u00e4kiinnitys, jonka avulla voit helposti kiinnitt\u00e4\u00e4 takan mihin tahansa sopivaan sein\u00e4\u00e4n. Jos kuitenkin haluat vapaasti seisovan tulisijan, sinulla on mahdollisuus valita jalusta. T\u00e4m\u00e4 tarkoittaa, ett\u00e4 voit integroida Rocal Ronde Frontal -designtakan vaivattomasti mihin tahansa huoneeseen yksil\u00f6llisten mieltymystesi mukaan. Rocal Ronde Frontal -designtakka on laadukas l\u00e4mmitysratkaisu, joka tuo l\u00e4mp\u00f6\u00e4 ja mukavuutta jokaiseen kotiin.<\/p>\n<p>&nbsp;<\/p>\n","protected":false},"excerpt":{"rendered":"<p>Rocal Ronde Frontal -designtakan erottuva ominaisuus on sen upea panoraamakaareinen lasiovi, joka tarjoaa vertaansa vailla olevan n\u00e4kym\u00e4n liekkeihin luoden kodikkaan ja kutsuvan tunnelman. Vakiovarusteisiin kuuluu sein\u00e4kiinnitys, jonka avulla voit helposti kiinnitt\u00e4\u00e4 takan mihin tahansa sopivaan sein\u00e4\u00e4n. Jos kuitenkin haluat vapaasti seisovan tulisijan, sinulla on mahdollisuus valita jalusta. <\/p>\n","protected":false},"featured_media":10818,"template":"","meta":{"_acf_changed":false},"product_brand":[],"product_cat":[1584],"product_tag":[],"class_list":{"0":"post-25965","1":"product","2":"type-product","3":"status-publish","4":"has-post-thumbnail","6":"brands-rocal-fi","7":"product_cat-design-takat","9":"first","10":"instock","11":"shipping-taxable","12":"purchasable","13":"product-type-simple"},"acf":[],"yoast_head":"<!-- This site is optimized with the Yoast SEO plugin v27.3 - https:\/\/yoast.com\/product\/yoast-seo-wordpress\/ -->\n<title>Design takka Rocal RONDE FRONTAL - Kodukolle<\/title>\n<meta name=\"description\" content=\"Rocal Ronde Frontal -designtakan erottuva ominaisuus on sen upea panoraamakaareinen lasiovi, joka tarjoaa vertaansa vailla olevan n\u00e4kym\u00e4n liekkeihin luoden kodikkaan ja kutsuvan tunnelman.\" \/>\n<meta name=\"robots\" content=\"noindex, follow, max-snippet:-1, max-image-preview:large, max-video-preview:-1\" \/>\n<meta property=\"og:locale\" content=\"fi_FI\" \/>\n<meta property=\"og:type\" content=\"article\" \/>\n<meta property=\"og:title\" content=\"Design takka Rocal RONDE FRONTAL - Kodukolle\" \/>\n<meta property=\"og:description\" content=\"Rocal Ronde Frontal -designtakan erottuva ominaisuus on sen upea panoraamakaareinen lasiovi, joka tarjoaa vertaansa vailla olevan n\u00e4kym\u00e4n liekkeihin luoden kodikkaan ja kutsuvan tunnelman.\" \/>\n<meta property=\"og:url\" content=\"https:\/\/kloon.kodukolle.ee\/fi\/tuote\/design-takka-rocal-ronde-frontal\/\" \/>\n<meta property=\"og:site_name\" content=\"Kodukolle\" \/>\n<meta property=\"article:modified_time\" content=\"2023-12-15T14:31:37+00:00\" \/>\n<meta property=\"og:image\" content=\"https:\/\/kloon.kodukolle.ee\/wp-content\/uploads\/2021\/04\/Ronde-Frontal--scaled.jpg\" \/>\n\t<meta property=\"og:image:width\" content=\"2560\" \/>\n\t<meta property=\"og:image:height\" content=\"1685\" \/>\n\t<meta property=\"og:image:type\" content=\"image\/jpeg\" \/>\n<meta name=\"twitter:card\" content=\"summary_large_image\" \/>\n<script type=\"application\/ld+json\" class=\"yoast-schema-graph\">{\"@context\":\"https:\\\/\\\/schema.org\",\"@graph\":[{\"@type\":\"WebPage\",\"@id\":\"https:\\\/\\\/kloon.kodukolle.ee\\\/fi\\\/tuote\\\/design-takka-rocal-ronde-frontal\\\/\",\"url\":\"https:\\\/\\\/kloon.kodukolle.ee\\\/fi\\\/tuote\\\/design-takka-rocal-ronde-frontal\\\/\",\"name\":\"Design takka Rocal RONDE FRONTAL - Kodukolle\",\"isPartOf\":{\"@id\":\"https:\\\/\\\/kloon.kodukolle.ee\\\/#website\"},\"primaryImageOfPage\":{\"@id\":\"https:\\\/\\\/kloon.kodukolle.ee\\\/fi\\\/tuote\\\/design-takka-rocal-ronde-frontal\\\/#primaryimage\"},\"image\":{\"@id\":\"https:\\\/\\\/kloon.kodukolle.ee\\\/fi\\\/tuote\\\/design-takka-rocal-ronde-frontal\\\/#primaryimage\"},\"thumbnailUrl\":\"https:\\\/\\\/kloon.kodukolle.ee\\\/wp-content\\\/uploads\\\/2021\\\/04\\\/Ronde-Frontal--scaled.jpg\",\"datePublished\":\"2021-04-27T09:38:52+00:00\",\"dateModified\":\"2023-12-15T14:31:37+00:00\",\"description\":\"Rocal Ronde Frontal -designtakan erottuva ominaisuus on sen upea panoraamakaareinen lasiovi, joka tarjoaa vertaansa vailla olevan n\u00e4kym\u00e4n liekkeihin luoden kodikkaan ja kutsuvan tunnelman.\",\"breadcrumb\":{\"@id\":\"https:\\\/\\\/kloon.kodukolle.ee\\\/fi\\\/tuote\\\/design-takka-rocal-ronde-frontal\\\/#breadcrumb\"},\"inLanguage\":\"fi\",\"potentialAction\":[{\"@type\":\"ReadAction\",\"target\":[\"https:\\\/\\\/kloon.kodukolle.ee\\\/fi\\\/tuote\\\/design-takka-rocal-ronde-frontal\\\/\"]}]},{\"@type\":\"ImageObject\",\"inLanguage\":\"fi\",\"@id\":\"https:\\\/\\\/kloon.kodukolle.ee\\\/fi\\\/tuote\\\/design-takka-rocal-ronde-frontal\\\/#primaryimage\",\"url\":\"https:\\\/\\\/kloon.kodukolle.ee\\\/wp-content\\\/uploads\\\/2021\\\/04\\\/Ronde-Frontal--scaled.jpg\",\"contentUrl\":\"https:\\\/\\\/kloon.kodukolle.ee\\\/wp-content\\\/uploads\\\/2021\\\/04\\\/Ronde-Frontal--scaled.jpg\",\"width\":2560,\"height\":1685},{\"@type\":\"BreadcrumbList\",\"@id\":\"https:\\\/\\\/kloon.kodukolle.ee\\\/fi\\\/tuote\\\/design-takka-rocal-ronde-frontal\\\/#breadcrumb\",\"itemListElement\":[{\"@type\":\"ListItem\",\"position\":1,\"name\":\"Home\",\"item\":\"https:\\\/\\\/kloon.kodukolle.ee\\\/fi\\\/\"},{\"@type\":\"ListItem\",\"position\":2,\"name\":\"Tuotteet\",\"item\":\"https:\\\/\\\/kloon.kodukolle.ee\\\/fi\\\/tuotteet\\\/\"},{\"@type\":\"ListItem\",\"position\":3,\"name\":\"Design takka Rocal RONDE FRONTAL\"}]},{\"@type\":\"WebSite\",\"@id\":\"https:\\\/\\\/kloon.kodukolle.ee\\\/#website\",\"url\":\"https:\\\/\\\/kloon.kodukolle.ee\\\/\",\"name\":\"Kodukolle\",\"description\":\"\",\"publisher\":{\"@id\":\"https:\\\/\\\/kloon.kodukolle.ee\\\/#organization\"},\"potentialAction\":[{\"@type\":\"SearchAction\",\"target\":{\"@type\":\"EntryPoint\",\"urlTemplate\":\"https:\\\/\\\/kloon.kodukolle.ee\\\/?s={search_term_string}\"},\"query-input\":{\"@type\":\"PropertyValueSpecification\",\"valueRequired\":true,\"valueName\":\"search_term_string\"}}],\"inLanguage\":\"fi\"},{\"@type\":\"Organization\",\"@id\":\"https:\\\/\\\/kloon.kodukolle.ee\\\/#organization\",\"name\":\"Kodukolle\",\"url\":\"https:\\\/\\\/kloon.kodukolle.ee\\\/\",\"logo\":{\"@type\":\"ImageObject\",\"inLanguage\":\"fi\",\"@id\":\"https:\\\/\\\/kloon.kodukolle.ee\\\/#\\\/schema\\\/logo\\\/image\\\/\",\"url\":\"https:\\\/\\\/kloon.kodukolle.ee\\\/wp-content\\\/uploads\\\/2025\\\/06\\\/logo_must_gradient.svg\",\"contentUrl\":\"https:\\\/\\\/kloon.kodukolle.ee\\\/wp-content\\\/uploads\\\/2025\\\/06\\\/logo_must_gradient.svg\",\"caption\":\"Kodukolle\"},\"image\":{\"@id\":\"https:\\\/\\\/kloon.kodukolle.ee\\\/#\\\/schema\\\/logo\\\/image\\\/\"}}]}<\/script>\n<!-- \/ Yoast SEO plugin. -->","yoast_head_json":{"title":"Design takka Rocal RONDE FRONTAL - Kodukolle","description":"Rocal Ronde Frontal -designtakan erottuva ominaisuus on sen upea panoraamakaareinen lasiovi, joka tarjoaa vertaansa vailla olevan n\u00e4kym\u00e4n liekkeihin luoden kodikkaan ja kutsuvan tunnelman.","robots":{"index":"noindex","follow":"follow","max-snippet":"max-snippet:-1","max-image-preview":"max-image-preview:large","max-video-preview":"max-video-preview:-1"},"og_locale":"fi_FI","og_type":"article","og_title":"Design takka Rocal RONDE FRONTAL - Kodukolle","og_description":"Rocal Ronde Frontal -designtakan erottuva ominaisuus on sen upea panoraamakaareinen lasiovi, joka tarjoaa vertaansa vailla olevan n\u00e4kym\u00e4n liekkeihin luoden kodikkaan ja kutsuvan tunnelman.","og_url":"https:\/\/kloon.kodukolle.ee\/fi\/tuote\/design-takka-rocal-ronde-frontal\/","og_site_name":"Kodukolle","article_modified_time":"2023-12-15T14:31:37+00:00","og_image":[{"width":2560,"height":1685,"url":"https:\/\/kloon.kodukolle.ee\/wp-content\/uploads\/2021\/04\/Ronde-Frontal--scaled.jpg","type":"image\/jpeg"}],"twitter_card":"summary_large_image","schema":{"@context":"https:\/\/schema.org","@graph":[{"@type":"WebPage","@id":"https:\/\/kloon.kodukolle.ee\/fi\/tuote\/design-takka-rocal-ronde-frontal\/","url":"https:\/\/kloon.kodukolle.ee\/fi\/tuote\/design-takka-rocal-ronde-frontal\/","name":"Design takka Rocal RONDE FRONTAL - Kodukolle","isPartOf":{"@id":"https:\/\/kloon.kodukolle.ee\/#website"},"primaryImageOfPage":{"@id":"https:\/\/kloon.kodukolle.ee\/fi\/tuote\/design-takka-rocal-ronde-frontal\/#primaryimage"},"image":{"@id":"https:\/\/kloon.kodukolle.ee\/fi\/tuote\/design-takka-rocal-ronde-frontal\/#primaryimage"},"thumbnailUrl":"https:\/\/kloon.kodukolle.ee\/wp-content\/uploads\/2021\/04\/Ronde-Frontal--scaled.jpg","datePublished":"2021-04-27T09:38:52+00:00","dateModified":"2023-12-15T14:31:37+00:00","description":"Rocal Ronde Frontal -designtakan erottuva ominaisuus on sen upea panoraamakaareinen lasiovi, joka tarjoaa vertaansa vailla olevan n\u00e4kym\u00e4n liekkeihin luoden kodikkaan ja kutsuvan tunnelman.","breadcrumb":{"@id":"https:\/\/kloon.kodukolle.ee\/fi\/tuote\/design-takka-rocal-ronde-frontal\/#breadcrumb"},"inLanguage":"fi","potentialAction":[{"@type":"ReadAction","target":["https:\/\/kloon.kodukolle.ee\/fi\/tuote\/design-takka-rocal-ronde-frontal\/"]}]},{"@type":"ImageObject","inLanguage":"fi","@id":"https:\/\/kloon.kodukolle.ee\/fi\/tuote\/design-takka-rocal-ronde-frontal\/#primaryimage","url":"https:\/\/kloon.kodukolle.ee\/wp-content\/uploads\/2021\/04\/Ronde-Frontal--scaled.jpg","contentUrl":"https:\/\/kloon.kodukolle.ee\/wp-content\/uploads\/2021\/04\/Ronde-Frontal--scaled.jpg","width":2560,"height":1685},{"@type":"BreadcrumbList","@id":"https:\/\/kloon.kodukolle.ee\/fi\/tuote\/design-takka-rocal-ronde-frontal\/#breadcrumb","itemListElement":[{"@type":"ListItem","position":1,"name":"Home","item":"https:\/\/kloon.kodukolle.ee\/fi\/"},{"@type":"ListItem","position":2,"name":"Tuotteet","item":"https:\/\/kloon.kodukolle.ee\/fi\/tuotteet\/"},{"@type":"ListItem","position":3,"name":"Design takka Rocal RONDE FRONTAL"}]},{"@type":"WebSite","@id":"https:\/\/kloon.kodukolle.ee\/#website","url":"https:\/\/kloon.kodukolle.ee\/","name":"Kodukolle","description":"","publisher":{"@id":"https:\/\/kloon.kodukolle.ee\/#organization"},"potentialAction":[{"@type":"SearchAction","target":{"@type":"EntryPoint","urlTemplate":"https:\/\/kloon.kodukolle.ee\/?s={search_term_string}"},"query-input":{"@type":"PropertyValueSpecification","valueRequired":true,"valueName":"search_term_string"}}],"inLanguage":"fi"},{"@type":"Organization","@id":"https:\/\/kloon.kodukolle.ee\/#organization","name":"Kodukolle","url":"https:\/\/kloon.kodukolle.ee\/","logo":{"@type":"ImageObject","inLanguage":"fi","@id":"https:\/\/kloon.kodukolle.ee\/#\/schema\/logo\/image\/","url":"https:\/\/kloon.kodukolle.ee\/wp-content\/uploads\/2025\/06\/logo_must_gradient.svg","contentUrl":"https:\/\/kloon.kodukolle.ee\/wp-content\/uploads\/2025\/06\/logo_must_gradient.svg","caption":"Kodukolle"},"image":{"@id":"https:\/\/kloon.kodukolle.ee\/#\/schema\/logo\/image\/"}}]}},"_links":{"self":[{"href":"https:\/\/kloon.kodukolle.ee\/fi\/wp-json\/wp\/v2\/product\/25965","targetHints":{"allow":["GET"]}}],"collection":[{"href":"https:\/\/kloon.kodukolle.ee\/fi\/wp-json\/wp\/v2\/product"}],"about":[{"href":"https:\/\/kloon.kodukolle.ee\/fi\/wp-json\/wp\/v2\/types\/product"}],"wp:featuredmedia":[{"embeddable":true,"href":"https:\/\/kloon.kodukolle.ee\/fi\/wp-json\/wp\/v2\/media\/10818"}],"wp:attachment":[{"href":"https:\/\/kloon.kodukolle.ee\/fi\/wp-json\/wp\/v2\/media?parent=25965"}],"wp:term":[{"taxonomy":"product_brand","embeddable":true,"href":"https:\/\/kloon.kodukolle.ee\/fi\/wp-json\/wp\/v2\/product_brand?post=25965"},{"taxonomy":"product_cat","embeddable":true,"href":"https:\/\/kloon.kodukolle.ee\/fi\/wp-json\/wp\/v2\/product_cat?post=25965"},{"taxonomy":"product_tag","embeddable":true,"href":"https:\/\/kloon.kodukolle.ee\/fi\/wp-json\/wp\/v2\/product_tag?post=25965"}],"curies":[{"name":"wp","href":"https:\/\/api.w.org\/{rel}","templated":true}]}}