{"id":25967,"date":"2021-04-20T10:06:31","date_gmt":"2021-04-20T07:06:31","guid":{"rendered":"https:\/\/kloon.kodukolle.ee\/?post_type=product&#038;p=25967"},"modified":"2023-12-15T16:47:50","modified_gmt":"2023-12-15T14:47:50","slug":"design-takka-rocal-ronde-central","status":"publish","type":"product","link":"https:\/\/kloon.kodukolle.ee\/fi\/tuote\/design-takka-rocal-ronde-central\/","title":{"rendered":"Design takka Rocal RONDE CENTRAL"},"content":{"rendered":"<p>Rocal Ronde Central on design-takka, joka kiinnitt\u00e4\u00e4 varmasti kaikkien huoneessa asuvien huomion puhtaalla energiallaan ja yksinkertaisuudellaan. Se on moderni puul\u00e4mmitteinen takka, jonka avulla voit nauttia el\u00e4v\u00e4st\u00e4 tulesta mist\u00e4 tahansa kulmasta ja joka mahtuu kokonsa ansiosta mihin tahansa huoneeseen. Jalustalla takka  on ihanteellinen niille, joilla on avoin oleskelutila ja jotka haluavat nauttia takan l\u00e4mm\u00f6st\u00e4 monelta suunnalta. Ainutlaatuisemman ratkaisun etsiville Ronde-puul\u00e4mmitteinen designtakka voidaan ripustaa my\u00f6s kattoon. T\u00e4m\u00e4 vaihtoehto sopii erinomaisesti niille, jotka haluavat luoda hyvin erikoisen asuintilan, ja se pit\u00e4\u00e4 takkaan my\u00f6s lasten ja lemmikkien ulottumattomissa. Ilmans\u00e4\u00e4d\u00f6n liukus\u00e4\u00e4timet sijaitsevat k\u00e4tev\u00e4sti laitteen etuosassa, joten ilmavirran s\u00e4\u00e4t\u00f6 ja l\u00e4mm\u00f6ntuoton hienos\u00e4\u00e4t\u00f6 on helppoa.<\/p>\n<p>&nbsp;<\/p>\n","protected":false},"excerpt":{"rendered":"<p>Rocal Ronde Central on design-takka, joka kiinnitt\u00e4\u00e4 varmasti kaikkien huoneessa asuvien huomion puhtaalla energiallaan ja yksinkertaisuudellaan. Se on moderni puul\u00e4mmitteinen takka, jonka avulla voit nauttia el\u00e4v\u00e4st\u00e4 tulesta mist\u00e4 tahansa kulmasta ja joka mahtuu kokonsa ansiosta mihin tahansa huoneeseen. Jalustalla takka  on ihanteellinen niille, joilla on avoin oleskelutila ja jotka haluavat nauttia takan l\u00e4mm\u00f6st\u00e4 monelta suunnalta.<\/p>\n","protected":false},"featured_media":10759,"template":"","meta":{"_acf_changed":false},"product_brand":[],"product_cat":[1584],"product_tag":[],"class_list":{"0":"post-25967","1":"product","2":"type-product","3":"status-publish","4":"has-post-thumbnail","6":"brands-rocal-fi","7":"product_cat-design-takat","9":"first","10":"instock","11":"shipping-taxable","12":"purchasable","13":"product-type-simple"},"acf":[],"yoast_head":"<!-- This site is optimized with the Yoast SEO plugin v27.3 - https:\/\/yoast.com\/product\/yoast-seo-wordpress\/ -->\n<title>Design takka Rocal RONDE CENTRAL - Kodukolle<\/title>\n<meta name=\"description\" content=\"Rocal Ronde Central on design-takka, joka kiinnitt\u00e4\u00e4 varmasti kaikkien huoneessa asuvien huomion puhtaalla energiallaan ja yksinkertaisuudellaan.\" \/>\n<meta name=\"robots\" content=\"noindex, follow, max-snippet:-1, max-image-preview:large, max-video-preview:-1\" \/>\n<meta property=\"og:locale\" content=\"fi_FI\" \/>\n<meta property=\"og:type\" content=\"article\" \/>\n<meta property=\"og:title\" content=\"Design takka Rocal RONDE CENTRAL - Kodukolle\" \/>\n<meta property=\"og:description\" content=\"Rocal Ronde Central on design-takka, joka kiinnitt\u00e4\u00e4 varmasti kaikkien huoneessa asuvien huomion puhtaalla energiallaan ja yksinkertaisuudellaan.\" \/>\n<meta property=\"og:url\" content=\"https:\/\/kloon.kodukolle.ee\/fi\/tuote\/design-takka-rocal-ronde-central\/\" \/>\n<meta property=\"og:site_name\" content=\"Kodukolle\" \/>\n<meta property=\"article:modified_time\" content=\"2023-12-15T14:47:50+00:00\" \/>\n<meta property=\"og:image\" content=\"https:\/\/kloon.kodukolle.ee\/wp-content\/uploads\/2021\/04\/Ronde-Central-peu-1370x913-1.jpg\" \/>\n\t<meta property=\"og:image:width\" content=\"1370\" \/>\n\t<meta property=\"og:image:height\" content=\"913\" \/>\n\t<meta property=\"og:image:type\" content=\"image\/jpeg\" \/>\n<meta name=\"twitter:card\" content=\"summary_large_image\" \/>\n<script type=\"application\/ld+json\" class=\"yoast-schema-graph\">{\"@context\":\"https:\\\/\\\/schema.org\",\"@graph\":[{\"@type\":\"WebPage\",\"@id\":\"https:\\\/\\\/kloon.kodukolle.ee\\\/fi\\\/tuote\\\/design-takka-rocal-ronde-central\\\/\",\"url\":\"https:\\\/\\\/kloon.kodukolle.ee\\\/fi\\\/tuote\\\/design-takka-rocal-ronde-central\\\/\",\"name\":\"Design takka Rocal RONDE CENTRAL - Kodukolle\",\"isPartOf\":{\"@id\":\"https:\\\/\\\/kloon.kodukolle.ee\\\/#website\"},\"primaryImageOfPage\":{\"@id\":\"https:\\\/\\\/kloon.kodukolle.ee\\\/fi\\\/tuote\\\/design-takka-rocal-ronde-central\\\/#primaryimage\"},\"image\":{\"@id\":\"https:\\\/\\\/kloon.kodukolle.ee\\\/fi\\\/tuote\\\/design-takka-rocal-ronde-central\\\/#primaryimage\"},\"thumbnailUrl\":\"https:\\\/\\\/kloon.kodukolle.ee\\\/wp-content\\\/uploads\\\/2021\\\/04\\\/Ronde-Central-peu-1370x913-1.jpg\",\"datePublished\":\"2021-04-20T07:06:31+00:00\",\"dateModified\":\"2023-12-15T14:47:50+00:00\",\"description\":\"Rocal Ronde Central on design-takka, joka kiinnitt\u00e4\u00e4 varmasti kaikkien huoneessa asuvien huomion puhtaalla energiallaan ja yksinkertaisuudellaan.\",\"breadcrumb\":{\"@id\":\"https:\\\/\\\/kloon.kodukolle.ee\\\/fi\\\/tuote\\\/design-takka-rocal-ronde-central\\\/#breadcrumb\"},\"inLanguage\":\"fi\",\"potentialAction\":[{\"@type\":\"ReadAction\",\"target\":[\"https:\\\/\\\/kloon.kodukolle.ee\\\/fi\\\/tuote\\\/design-takka-rocal-ronde-central\\\/\"]}]},{\"@type\":\"ImageObject\",\"inLanguage\":\"fi\",\"@id\":\"https:\\\/\\\/kloon.kodukolle.ee\\\/fi\\\/tuote\\\/design-takka-rocal-ronde-central\\\/#primaryimage\",\"url\":\"https:\\\/\\\/kloon.kodukolle.ee\\\/wp-content\\\/uploads\\\/2021\\\/04\\\/Ronde-Central-peu-1370x913-1.jpg\",\"contentUrl\":\"https:\\\/\\\/kloon.kodukolle.ee\\\/wp-content\\\/uploads\\\/2021\\\/04\\\/Ronde-Central-peu-1370x913-1.jpg\",\"width\":1370,\"height\":913},{\"@type\":\"BreadcrumbList\",\"@id\":\"https:\\\/\\\/kloon.kodukolle.ee\\\/fi\\\/tuote\\\/design-takka-rocal-ronde-central\\\/#breadcrumb\",\"itemListElement\":[{\"@type\":\"ListItem\",\"position\":1,\"name\":\"Home\",\"item\":\"https:\\\/\\\/kloon.kodukolle.ee\\\/fi\\\/\"},{\"@type\":\"ListItem\",\"position\":2,\"name\":\"Tuotteet\",\"item\":\"https:\\\/\\\/kloon.kodukolle.ee\\\/fi\\\/tuotteet\\\/\"},{\"@type\":\"ListItem\",\"position\":3,\"name\":\"Design takka Rocal RONDE CENTRAL\"}]},{\"@type\":\"WebSite\",\"@id\":\"https:\\\/\\\/kloon.kodukolle.ee\\\/#website\",\"url\":\"https:\\\/\\\/kloon.kodukolle.ee\\\/\",\"name\":\"Kodukolle\",\"description\":\"\",\"publisher\":{\"@id\":\"https:\\\/\\\/kloon.kodukolle.ee\\\/#organization\"},\"potentialAction\":[{\"@type\":\"SearchAction\",\"target\":{\"@type\":\"EntryPoint\",\"urlTemplate\":\"https:\\\/\\\/kloon.kodukolle.ee\\\/?s={search_term_string}\"},\"query-input\":{\"@type\":\"PropertyValueSpecification\",\"valueRequired\":true,\"valueName\":\"search_term_string\"}}],\"inLanguage\":\"fi\"},{\"@type\":\"Organization\",\"@id\":\"https:\\\/\\\/kloon.kodukolle.ee\\\/#organization\",\"name\":\"Kodukolle\",\"url\":\"https:\\\/\\\/kloon.kodukolle.ee\\\/\",\"logo\":{\"@type\":\"ImageObject\",\"inLanguage\":\"fi\",\"@id\":\"https:\\\/\\\/kloon.kodukolle.ee\\\/#\\\/schema\\\/logo\\\/image\\\/\",\"url\":\"https:\\\/\\\/kloon.kodukolle.ee\\\/wp-content\\\/uploads\\\/2025\\\/06\\\/logo_must_gradient.svg\",\"contentUrl\":\"https:\\\/\\\/kloon.kodukolle.ee\\\/wp-content\\\/uploads\\\/2025\\\/06\\\/logo_must_gradient.svg\",\"caption\":\"Kodukolle\"},\"image\":{\"@id\":\"https:\\\/\\\/kloon.kodukolle.ee\\\/#\\\/schema\\\/logo\\\/image\\\/\"}}]}<\/script>\n<!-- \/ Yoast SEO plugin. -->","yoast_head_json":{"title":"Design takka Rocal RONDE CENTRAL - Kodukolle","description":"Rocal Ronde Central on design-takka, joka kiinnitt\u00e4\u00e4 varmasti kaikkien huoneessa asuvien huomion puhtaalla energiallaan ja yksinkertaisuudellaan.","robots":{"index":"noindex","follow":"follow","max-snippet":"max-snippet:-1","max-image-preview":"max-image-preview:large","max-video-preview":"max-video-preview:-1"},"og_locale":"fi_FI","og_type":"article","og_title":"Design takka Rocal RONDE CENTRAL - Kodukolle","og_description":"Rocal Ronde Central on design-takka, joka kiinnitt\u00e4\u00e4 varmasti kaikkien huoneessa asuvien huomion puhtaalla energiallaan ja yksinkertaisuudellaan.","og_url":"https:\/\/kloon.kodukolle.ee\/fi\/tuote\/design-takka-rocal-ronde-central\/","og_site_name":"Kodukolle","article_modified_time":"2023-12-15T14:47:50+00:00","og_image":[{"width":1370,"height":913,"url":"https:\/\/kloon.kodukolle.ee\/wp-content\/uploads\/2021\/04\/Ronde-Central-peu-1370x913-1.jpg","type":"image\/jpeg"}],"twitter_card":"summary_large_image","schema":{"@context":"https:\/\/schema.org","@graph":[{"@type":"WebPage","@id":"https:\/\/kloon.kodukolle.ee\/fi\/tuote\/design-takka-rocal-ronde-central\/","url":"https:\/\/kloon.kodukolle.ee\/fi\/tuote\/design-takka-rocal-ronde-central\/","name":"Design takka Rocal RONDE CENTRAL - Kodukolle","isPartOf":{"@id":"https:\/\/kloon.kodukolle.ee\/#website"},"primaryImageOfPage":{"@id":"https:\/\/kloon.kodukolle.ee\/fi\/tuote\/design-takka-rocal-ronde-central\/#primaryimage"},"image":{"@id":"https:\/\/kloon.kodukolle.ee\/fi\/tuote\/design-takka-rocal-ronde-central\/#primaryimage"},"thumbnailUrl":"https:\/\/kloon.kodukolle.ee\/wp-content\/uploads\/2021\/04\/Ronde-Central-peu-1370x913-1.jpg","datePublished":"2021-04-20T07:06:31+00:00","dateModified":"2023-12-15T14:47:50+00:00","description":"Rocal Ronde Central on design-takka, joka kiinnitt\u00e4\u00e4 varmasti kaikkien huoneessa asuvien huomion puhtaalla energiallaan ja yksinkertaisuudellaan.","breadcrumb":{"@id":"https:\/\/kloon.kodukolle.ee\/fi\/tuote\/design-takka-rocal-ronde-central\/#breadcrumb"},"inLanguage":"fi","potentialAction":[{"@type":"ReadAction","target":["https:\/\/kloon.kodukolle.ee\/fi\/tuote\/design-takka-rocal-ronde-central\/"]}]},{"@type":"ImageObject","inLanguage":"fi","@id":"https:\/\/kloon.kodukolle.ee\/fi\/tuote\/design-takka-rocal-ronde-central\/#primaryimage","url":"https:\/\/kloon.kodukolle.ee\/wp-content\/uploads\/2021\/04\/Ronde-Central-peu-1370x913-1.jpg","contentUrl":"https:\/\/kloon.kodukolle.ee\/wp-content\/uploads\/2021\/04\/Ronde-Central-peu-1370x913-1.jpg","width":1370,"height":913},{"@type":"BreadcrumbList","@id":"https:\/\/kloon.kodukolle.ee\/fi\/tuote\/design-takka-rocal-ronde-central\/#breadcrumb","itemListElement":[{"@type":"ListItem","position":1,"name":"Home","item":"https:\/\/kloon.kodukolle.ee\/fi\/"},{"@type":"ListItem","position":2,"name":"Tuotteet","item":"https:\/\/kloon.kodukolle.ee\/fi\/tuotteet\/"},{"@type":"ListItem","position":3,"name":"Design takka Rocal RONDE CENTRAL"}]},{"@type":"WebSite","@id":"https:\/\/kloon.kodukolle.ee\/#website","url":"https:\/\/kloon.kodukolle.ee\/","name":"Kodukolle","description":"","publisher":{"@id":"https:\/\/kloon.kodukolle.ee\/#organization"},"potentialAction":[{"@type":"SearchAction","target":{"@type":"EntryPoint","urlTemplate":"https:\/\/kloon.kodukolle.ee\/?s={search_term_string}"},"query-input":{"@type":"PropertyValueSpecification","valueRequired":true,"valueName":"search_term_string"}}],"inLanguage":"fi"},{"@type":"Organization","@id":"https:\/\/kloon.kodukolle.ee\/#organization","name":"Kodukolle","url":"https:\/\/kloon.kodukolle.ee\/","logo":{"@type":"ImageObject","inLanguage":"fi","@id":"https:\/\/kloon.kodukolle.ee\/#\/schema\/logo\/image\/","url":"https:\/\/kloon.kodukolle.ee\/wp-content\/uploads\/2025\/06\/logo_must_gradient.svg","contentUrl":"https:\/\/kloon.kodukolle.ee\/wp-content\/uploads\/2025\/06\/logo_must_gradient.svg","caption":"Kodukolle"},"image":{"@id":"https:\/\/kloon.kodukolle.ee\/#\/schema\/logo\/image\/"}}]}},"_links":{"self":[{"href":"https:\/\/kloon.kodukolle.ee\/fi\/wp-json\/wp\/v2\/product\/25967","targetHints":{"allow":["GET"]}}],"collection":[{"href":"https:\/\/kloon.kodukolle.ee\/fi\/wp-json\/wp\/v2\/product"}],"about":[{"href":"https:\/\/kloon.kodukolle.ee\/fi\/wp-json\/wp\/v2\/types\/product"}],"wp:featuredmedia":[{"embeddable":true,"href":"https:\/\/kloon.kodukolle.ee\/fi\/wp-json\/wp\/v2\/media\/10759"}],"wp:attachment":[{"href":"https:\/\/kloon.kodukolle.ee\/fi\/wp-json\/wp\/v2\/media?parent=25967"}],"wp:term":[{"taxonomy":"product_brand","embeddable":true,"href":"https:\/\/kloon.kodukolle.ee\/fi\/wp-json\/wp\/v2\/product_brand?post=25967"},{"taxonomy":"product_cat","embeddable":true,"href":"https:\/\/kloon.kodukolle.ee\/fi\/wp-json\/wp\/v2\/product_cat?post=25967"},{"taxonomy":"product_tag","embeddable":true,"href":"https:\/\/kloon.kodukolle.ee\/fi\/wp-json\/wp\/v2\/product_tag?post=25967"}],"curies":[{"name":"wp","href":"https:\/\/api.w.org\/{rel}","templated":true}]}}