{"id":26068,"date":"2021-02-03T17:42:19","date_gmt":"2021-02-03T15:42:19","guid":{"rendered":"https:\/\/kloon.kodukolle.ee\/?post_type=product&#038;p=26068"},"modified":"2023-12-20T09:46:36","modified_gmt":"2023-12-20T07:46:36","slug":"valurautatakka-plamen-tara","status":"publish","type":"product","link":"https:\/\/kloon.kodukolle.ee\/fi\/tuote\/valurautatakka-plamen-tara\/","title":{"rendered":"Valurautatakka Plamen TARA"},"content":{"rendered":"<p>Plamen Tara &#8211; tyylik\u00e4s, moderni ja tehokas puul\u00e4mmitteinen valurautatakka. Tara on valmistettu korkealaatuisesta valuraudasta, jonka pinta on suojattu l\u00e4mm\u00f6nkest\u00e4v\u00e4ll\u00e4 maalilla, mik\u00e4 puolestaan \u200b\u200btakaa tulisijan luotettavuuden ja pitk\u00e4ik\u00e4isyyden. Pystysuora lasiovi tarjoaa kauniin n\u00e4kym\u00e4n liekkeihin, erityinen ilmansy\u00f6tt\u00f6tapa pit\u00e4\u00e4 lasin puhtaana koko palamisajan. Plamen Tara valurautatakka yhdist\u00e4\u00e4 toimivuuden, turvallisuuden ja houkuttelevan ulkon\u00e4\u00f6n, samalla kun se on energiatehokas ja ymp\u00e4rist\u00f6yst\u00e4v\u00e4llinen.\n<\/ul>\n<p>&nbsp;<\/p>\n","protected":false},"excerpt":{"rendered":"<p>Plamen Tara &#8211; tyylik\u00e4s, moderni ja tehokas puul\u00e4mmitteinen valurautatakka. Tara on valmistettu korkealaatuisesta valuraudasta, jonka pinta on suojattu l\u00e4mm\u00f6nkest\u00e4v\u00e4ll\u00e4 maalilla, mik\u00e4 puolestaan \u200b\u200btakaa tulisijan luotettavuuden ja pitk\u00e4ik\u00e4isyyden. Pystysuora lasiovi tarjoaa kauniin n\u00e4kym\u00e4n liekkeihin, erityinen ilmansy\u00f6tt\u00f6tapa pit\u00e4\u00e4 lasin puhtaana koko palamisajan. Plamen Tara valurautatakka yhdist\u00e4\u00e4 toimivuuden, turvallisuuden ja houkuttelevan ulkon\u00e4\u00f6n, samalla kun se on energiatehokas ja ymp\u00e4rist\u00f6yst\u00e4v\u00e4llinen.<\/p>\n","protected":false},"featured_media":16069,"template":"","meta":{"_acf_changed":false},"product_brand":[],"product_cat":[9620,9723],"product_tag":[],"class_list":{"0":"post-26068","1":"product","2":"type-product","3":"status-publish","4":"has-post-thumbnail","6":"brands-plamen-fi","7":"product_cat-takat","8":"product_cat-ale","10":"first","11":"instock","12":"shipping-taxable","13":"purchasable","14":"product-type-simple"},"acf":[],"yoast_head":"<!-- This site is optimized with the Yoast SEO plugin v27.3 - https:\/\/yoast.com\/product\/yoast-seo-wordpress\/ -->\n<title>Valurautatakka Plamen TARA - Kodukolle<\/title>\n<meta name=\"description\" content=\"Plamen Tara - tyylik\u00e4s, moderni ja tehokas puul\u00e4mmitteinen valurautatakka. Pystysuora lasiovi tarjoaa kauniin n\u00e4kym\u00e4n liekkeihin, erityinen ilmansy\u00f6tt\u00f6tapa pit\u00e4\u00e4 lasin puhtaana koko palamisajan.\" \/>\n<meta name=\"robots\" content=\"noindex, follow, max-snippet:-1, max-image-preview:large, max-video-preview:-1\" \/>\n<meta property=\"og:locale\" content=\"fi_FI\" \/>\n<meta property=\"og:type\" content=\"article\" \/>\n<meta property=\"og:title\" content=\"Valurautatakka Plamen TARA - Kodukolle\" \/>\n<meta property=\"og:description\" content=\"Plamen Tara - tyylik\u00e4s, moderni ja tehokas puul\u00e4mmitteinen valurautatakka. Pystysuora lasiovi tarjoaa kauniin n\u00e4kym\u00e4n liekkeihin, erityinen ilmansy\u00f6tt\u00f6tapa pit\u00e4\u00e4 lasin puhtaana koko palamisajan.\" \/>\n<meta property=\"og:url\" content=\"https:\/\/kloon.kodukolle.ee\/tuote\/malmkamin-plamen-tara\/\" \/>\n<meta property=\"og:site_name\" content=\"Kodukolle\" \/>\n<meta property=\"article:modified_time\" content=\"2023-12-20T07:46:36+00:00\" \/>\n<meta property=\"og:image\" content=\"https:\/\/kloon.kodukolle.ee\/wp-content\/uploads\/2021\/02\/Plamen-Tara-1.jpg\" \/>\n\t<meta property=\"og:image:width\" content=\"736\" \/>\n\t<meta property=\"og:image:height\" content=\"736\" \/>\n\t<meta property=\"og:image:type\" content=\"image\/jpeg\" \/>\n<meta name=\"twitter:card\" content=\"summary_large_image\" \/>\n<script type=\"application\/ld+json\" class=\"yoast-schema-graph\">{\"@context\":\"https:\\\/\\\/schema.org\",\"@graph\":[{\"@type\":\"WebPage\",\"@id\":\"https:\\\/\\\/kloon.kodukolle.ee\\\/tuote\\\/malmkamin-plamen-tara\\\/\",\"url\":\"https:\\\/\\\/kloon.kodukolle.ee\\\/tuote\\\/malmkamin-plamen-tara\\\/\",\"name\":\"Valurautatakka Plamen TARA - Kodukolle\",\"isPartOf\":{\"@id\":\"https:\\\/\\\/kloon.kodukolle.ee\\\/#website\"},\"primaryImageOfPage\":{\"@id\":\"https:\\\/\\\/kloon.kodukolle.ee\\\/tuote\\\/malmkamin-plamen-tara\\\/#primaryimage\"},\"image\":{\"@id\":\"https:\\\/\\\/kloon.kodukolle.ee\\\/tuote\\\/malmkamin-plamen-tara\\\/#primaryimage\"},\"thumbnailUrl\":\"https:\\\/\\\/kloon.kodukolle.ee\\\/wp-content\\\/uploads\\\/2021\\\/02\\\/Plamen-Tara-1.jpg\",\"datePublished\":\"2021-02-03T15:42:19+00:00\",\"dateModified\":\"2023-12-20T07:46:36+00:00\",\"description\":\"Plamen Tara - tyylik\u00e4s, moderni ja tehokas puul\u00e4mmitteinen valurautatakka. Pystysuora lasiovi tarjoaa kauniin n\u00e4kym\u00e4n liekkeihin, erityinen ilmansy\u00f6tt\u00f6tapa pit\u00e4\u00e4 lasin puhtaana koko palamisajan.\",\"breadcrumb\":{\"@id\":\"https:\\\/\\\/kloon.kodukolle.ee\\\/tuote\\\/malmkamin-plamen-tara\\\/#breadcrumb\"},\"inLanguage\":\"fi\",\"potentialAction\":[{\"@type\":\"ReadAction\",\"target\":[\"https:\\\/\\\/kloon.kodukolle.ee\\\/tuote\\\/malmkamin-plamen-tara\\\/\"]}]},{\"@type\":\"ImageObject\",\"inLanguage\":\"fi\",\"@id\":\"https:\\\/\\\/kloon.kodukolle.ee\\\/tuote\\\/malmkamin-plamen-tara\\\/#primaryimage\",\"url\":\"https:\\\/\\\/kloon.kodukolle.ee\\\/wp-content\\\/uploads\\\/2021\\\/02\\\/Plamen-Tara-1.jpg\",\"contentUrl\":\"https:\\\/\\\/kloon.kodukolle.ee\\\/wp-content\\\/uploads\\\/2021\\\/02\\\/Plamen-Tara-1.jpg\",\"width\":736,\"height\":736,\"caption\":\"Plamen Tara\"},{\"@type\":\"BreadcrumbList\",\"@id\":\"https:\\\/\\\/kloon.kodukolle.ee\\\/tuote\\\/malmkamin-plamen-tara\\\/#breadcrumb\",\"itemListElement\":[{\"@type\":\"ListItem\",\"position\":1,\"name\":\"Home\",\"item\":\"https:\\\/\\\/kloon.kodukolle.ee\\\/fi\\\/\"},{\"@type\":\"ListItem\",\"position\":2,\"name\":\"Tuotteet\",\"item\":\"https:\\\/\\\/kloon.kodukolle.ee\\\/fi\\\/tuotteet\\\/\"},{\"@type\":\"ListItem\",\"position\":3,\"name\":\"Valurautatakka Plamen TARA\"}]},{\"@type\":\"WebSite\",\"@id\":\"https:\\\/\\\/kloon.kodukolle.ee\\\/#website\",\"url\":\"https:\\\/\\\/kloon.kodukolle.ee\\\/\",\"name\":\"Kodukolle\",\"description\":\"\",\"publisher\":{\"@id\":\"https:\\\/\\\/kloon.kodukolle.ee\\\/#organization\"},\"potentialAction\":[{\"@type\":\"SearchAction\",\"target\":{\"@type\":\"EntryPoint\",\"urlTemplate\":\"https:\\\/\\\/kloon.kodukolle.ee\\\/?s={search_term_string}\"},\"query-input\":{\"@type\":\"PropertyValueSpecification\",\"valueRequired\":true,\"valueName\":\"search_term_string\"}}],\"inLanguage\":\"fi\"},{\"@type\":\"Organization\",\"@id\":\"https:\\\/\\\/kloon.kodukolle.ee\\\/#organization\",\"name\":\"Kodukolle\",\"url\":\"https:\\\/\\\/kloon.kodukolle.ee\\\/\",\"logo\":{\"@type\":\"ImageObject\",\"inLanguage\":\"fi\",\"@id\":\"https:\\\/\\\/kloon.kodukolle.ee\\\/#\\\/schema\\\/logo\\\/image\\\/\",\"url\":\"https:\\\/\\\/kloon.kodukolle.ee\\\/wp-content\\\/uploads\\\/2025\\\/06\\\/logo_must_gradient.svg\",\"contentUrl\":\"https:\\\/\\\/kloon.kodukolle.ee\\\/wp-content\\\/uploads\\\/2025\\\/06\\\/logo_must_gradient.svg\",\"caption\":\"Kodukolle\"},\"image\":{\"@id\":\"https:\\\/\\\/kloon.kodukolle.ee\\\/#\\\/schema\\\/logo\\\/image\\\/\"}}]}<\/script>\n<!-- \/ Yoast SEO plugin. -->","yoast_head_json":{"title":"Valurautatakka Plamen TARA - Kodukolle","description":"Plamen Tara - tyylik\u00e4s, moderni ja tehokas puul\u00e4mmitteinen valurautatakka. Pystysuora lasiovi tarjoaa kauniin n\u00e4kym\u00e4n liekkeihin, erityinen ilmansy\u00f6tt\u00f6tapa pit\u00e4\u00e4 lasin puhtaana koko palamisajan.","robots":{"index":"noindex","follow":"follow","max-snippet":"max-snippet:-1","max-image-preview":"max-image-preview:large","max-video-preview":"max-video-preview:-1"},"og_locale":"fi_FI","og_type":"article","og_title":"Valurautatakka Plamen TARA - Kodukolle","og_description":"Plamen Tara - tyylik\u00e4s, moderni ja tehokas puul\u00e4mmitteinen valurautatakka. Pystysuora lasiovi tarjoaa kauniin n\u00e4kym\u00e4n liekkeihin, erityinen ilmansy\u00f6tt\u00f6tapa pit\u00e4\u00e4 lasin puhtaana koko palamisajan.","og_url":"https:\/\/kloon.kodukolle.ee\/tuote\/malmkamin-plamen-tara\/","og_site_name":"Kodukolle","article_modified_time":"2023-12-20T07:46:36+00:00","og_image":[{"width":736,"height":736,"url":"https:\/\/kloon.kodukolle.ee\/wp-content\/uploads\/2021\/02\/Plamen-Tara-1.jpg","type":"image\/jpeg"}],"twitter_card":"summary_large_image","schema":{"@context":"https:\/\/schema.org","@graph":[{"@type":"WebPage","@id":"https:\/\/kloon.kodukolle.ee\/tuote\/malmkamin-plamen-tara\/","url":"https:\/\/kloon.kodukolle.ee\/tuote\/malmkamin-plamen-tara\/","name":"Valurautatakka Plamen TARA - Kodukolle","isPartOf":{"@id":"https:\/\/kloon.kodukolle.ee\/#website"},"primaryImageOfPage":{"@id":"https:\/\/kloon.kodukolle.ee\/tuote\/malmkamin-plamen-tara\/#primaryimage"},"image":{"@id":"https:\/\/kloon.kodukolle.ee\/tuote\/malmkamin-plamen-tara\/#primaryimage"},"thumbnailUrl":"https:\/\/kloon.kodukolle.ee\/wp-content\/uploads\/2021\/02\/Plamen-Tara-1.jpg","datePublished":"2021-02-03T15:42:19+00:00","dateModified":"2023-12-20T07:46:36+00:00","description":"Plamen Tara - tyylik\u00e4s, moderni ja tehokas puul\u00e4mmitteinen valurautatakka. Pystysuora lasiovi tarjoaa kauniin n\u00e4kym\u00e4n liekkeihin, erityinen ilmansy\u00f6tt\u00f6tapa pit\u00e4\u00e4 lasin puhtaana koko palamisajan.","breadcrumb":{"@id":"https:\/\/kloon.kodukolle.ee\/tuote\/malmkamin-plamen-tara\/#breadcrumb"},"inLanguage":"fi","potentialAction":[{"@type":"ReadAction","target":["https:\/\/kloon.kodukolle.ee\/tuote\/malmkamin-plamen-tara\/"]}]},{"@type":"ImageObject","inLanguage":"fi","@id":"https:\/\/kloon.kodukolle.ee\/tuote\/malmkamin-plamen-tara\/#primaryimage","url":"https:\/\/kloon.kodukolle.ee\/wp-content\/uploads\/2021\/02\/Plamen-Tara-1.jpg","contentUrl":"https:\/\/kloon.kodukolle.ee\/wp-content\/uploads\/2021\/02\/Plamen-Tara-1.jpg","width":736,"height":736,"caption":"Plamen Tara"},{"@type":"BreadcrumbList","@id":"https:\/\/kloon.kodukolle.ee\/tuote\/malmkamin-plamen-tara\/#breadcrumb","itemListElement":[{"@type":"ListItem","position":1,"name":"Home","item":"https:\/\/kloon.kodukolle.ee\/fi\/"},{"@type":"ListItem","position":2,"name":"Tuotteet","item":"https:\/\/kloon.kodukolle.ee\/fi\/tuotteet\/"},{"@type":"ListItem","position":3,"name":"Valurautatakka Plamen TARA"}]},{"@type":"WebSite","@id":"https:\/\/kloon.kodukolle.ee\/#website","url":"https:\/\/kloon.kodukolle.ee\/","name":"Kodukolle","description":"","publisher":{"@id":"https:\/\/kloon.kodukolle.ee\/#organization"},"potentialAction":[{"@type":"SearchAction","target":{"@type":"EntryPoint","urlTemplate":"https:\/\/kloon.kodukolle.ee\/?s={search_term_string}"},"query-input":{"@type":"PropertyValueSpecification","valueRequired":true,"valueName":"search_term_string"}}],"inLanguage":"fi"},{"@type":"Organization","@id":"https:\/\/kloon.kodukolle.ee\/#organization","name":"Kodukolle","url":"https:\/\/kloon.kodukolle.ee\/","logo":{"@type":"ImageObject","inLanguage":"fi","@id":"https:\/\/kloon.kodukolle.ee\/#\/schema\/logo\/image\/","url":"https:\/\/kloon.kodukolle.ee\/wp-content\/uploads\/2025\/06\/logo_must_gradient.svg","contentUrl":"https:\/\/kloon.kodukolle.ee\/wp-content\/uploads\/2025\/06\/logo_must_gradient.svg","caption":"Kodukolle"},"image":{"@id":"https:\/\/kloon.kodukolle.ee\/#\/schema\/logo\/image\/"}}]}},"_links":{"self":[{"href":"https:\/\/kloon.kodukolle.ee\/fi\/wp-json\/wp\/v2\/product\/26068","targetHints":{"allow":["GET"]}}],"collection":[{"href":"https:\/\/kloon.kodukolle.ee\/fi\/wp-json\/wp\/v2\/product"}],"about":[{"href":"https:\/\/kloon.kodukolle.ee\/fi\/wp-json\/wp\/v2\/types\/product"}],"wp:featuredmedia":[{"embeddable":true,"href":"https:\/\/kloon.kodukolle.ee\/fi\/wp-json\/wp\/v2\/media\/16069"}],"wp:attachment":[{"href":"https:\/\/kloon.kodukolle.ee\/fi\/wp-json\/wp\/v2\/media?parent=26068"}],"wp:term":[{"taxonomy":"product_brand","embeddable":true,"href":"https:\/\/kloon.kodukolle.ee\/fi\/wp-json\/wp\/v2\/product_brand?post=26068"},{"taxonomy":"product_cat","embeddable":true,"href":"https:\/\/kloon.kodukolle.ee\/fi\/wp-json\/wp\/v2\/product_cat?post=26068"},{"taxonomy":"product_tag","embeddable":true,"href":"https:\/\/kloon.kodukolle.ee\/fi\/wp-json\/wp\/v2\/product_tag?post=26068"}],"curies":[{"name":"wp","href":"https:\/\/api.w.org\/{rel}","templated":true}]}}