{"id":26126,"date":"2022-07-15T17:00:16","date_gmt":"2022-07-15T14:00:16","guid":{"rendered":"https:\/\/kloon.kodukolle.ee\/?post_type=product&#038;p=26126"},"modified":"2023-12-20T12:25:46","modified_gmt":"2023-12-20T10:25:46","slug":"teraspiippu-harvia-whp1500m-musta","status":"publish","type":"product","link":"https:\/\/kloon.kodukolle.ee\/fi\/tuote\/teraspiippu-harvia-whp1500m-musta\/","title":{"rendered":"Ter\u00e4spiippu Harvia WHP1500M, musta"},"content":{"rendered":"<p>Harvia-ter\u00e4spiippu on tyylik\u00e4s piippuratkaisu, joka on helppo asentaa. L\u00e4hinn\u00e4 puul\u00e4mmitteisten kiukaiden, pienempien takkamallien ja kamiinoiden kanssa erillisiss\u00e4 saunarakennuksissa k\u00e4ytett\u00e4v\u00e4ksi suunniteltu ter\u00e4spiippu kest\u00e4\u00e4 kovatkin l\u00e4mm\u00f6nvaihtelut. Ajaton, py\u00f6re\u00e4 muotoilu yhdess\u00e4 ter\u00e4ksisen pinnan kanssa miellytt\u00e4\u00e4 silm\u00e4\u00e4. Koska ulkovaippa, sis\u00e4putki ja p\u00e4\u00e4dyt ovat ruostumatonta ter\u00e4st\u00e4, on tuote kest\u00e4v\u00e4 ja ulkon\u00e4k\u00f6ns\u00e4 s\u00e4ilytt\u00e4v\u00e4.<\/p>\n<p>Ter\u00e4spiipun vakiotoimitus sis\u00e4lt\u00e4\u00e4 1,5 metrin ter\u00e4spiipun (WHP1500) sek\u00e4 tarvikelaatikon, jossa on 1,0 m erist\u00e4m\u00e4t\u00f6nt\u00e4 savuputkea, sadehattu, kuminen sadekaulus ja sadekauluksen kiinnityssarja, ter\u00e4ksinen l\u00e4pivientikaulus sis\u00e4kattoon, l\u00e4pivientieriste ja -suojus. Ter\u00e4spiippu on helposti jatkettavissa erikseen tilattavilla 0,5 (WHP500) ja 1,0 (WHP1000) metrin mittaisilla lis\u00e4osilla. Nerokkaan liitosmenetelm\u00e4n ansiosta lis\u00e4osat kierret\u00e4\u00e4n toisiinsa ja my\u00f6s savuputket lukkiutuvat toisiinsa putkessa olevien urien ansiosta. N\u00e4in estet\u00e4\u00e4n l\u00e4mp\u00f6tilan vaihteluista aiheutuva liikehdint\u00e4. Sis\u00e4tilaan piipun voi asentaa 3 metrin korkeuteen ilman tuentaa ja ulkona vastaava korkeus on 2 m.<\/p>\n<p>Harvia-ter\u00e4spiippuun liitett\u00e4v\u00e4n tulisijan savukaasujen nimellinen l\u00e4mp\u00f6tila saa olla max. 600 \u00b0C. Ter\u00e4spiipun ulkohalkaisija on 220 mm ja tuliputken halkaisija on 115 mm. Ter\u00e4spiipun suojaet\u00e4isyys palaviin materiaaleihin on 100 mm. Harvian ter\u00e4spiippu on CE-merkitty, joten tuote t\u00e4ytt\u00e4\u00e4 kansainv\u00e4liset tuotteeseen sek\u00e4 palo- ja k\u00e4ytt\u00f6turvallisuuteen liittyv\u00e4t vaatimukset. Ter\u00e4spiippu on nokipalonkest\u00e4v\u00e4.<\/p>\n<\/ul>\n<p>&nbsp;<\/p>\n","protected":false},"excerpt":{"rendered":"<p>Harvia-ter\u00e4spiippu on tyylik\u00e4s piippuratkaisu, joka on helppo asentaa. L\u00e4hinn\u00e4 puul\u00e4mmitteisten kiukaiden, pienempien takkamallien ja kamiinoiden kanssa erillisiss\u00e4 saunarakennuksissa k\u00e4ytett\u00e4v\u00e4ksi suunniteltu ter\u00e4spiippu kest\u00e4\u00e4 kovatkin l\u00e4mm\u00f6nvaihtelut. Ajaton, py\u00f6re\u00e4 muotoilu yhdess\u00e4 ter\u00e4ksisen pinnan kanssa miellytt\u00e4\u00e4 silm\u00e4\u00e4. Koska ulkovaippa, sis\u00e4putki ja p\u00e4\u00e4dyt ovat ruostumatonta ter\u00e4st\u00e4, on tuote kest\u00e4v\u00e4 ja ulkon\u00e4k\u00f6ns\u00e4 s\u00e4ilytt\u00e4v\u00e4.<\/p>\n","protected":false},"featured_media":8661,"template":"","meta":{"_acf_changed":false},"product_brand":[],"product_cat":[9691,9723],"product_tag":[],"class_list":{"0":"post-26126","1":"product","2":"type-product","3":"status-publish","4":"has-post-thumbnail","6":"brands-harvia-fi","7":"product_cat-hormit-ja-savupiiput","8":"product_cat-ale","10":"first","11":"instock","12":"sale","13":"shipping-taxable","14":"purchasable","15":"product-type-simple"},"acf":[],"yoast_head":"<!-- This site is optimized with the Yoast SEO plugin v27.3 - https:\/\/yoast.com\/product\/yoast-seo-wordpress\/ -->\n<title>Ter\u00e4spiippu Harvia WHP1500M, musta - Kodukolle<\/title>\n<meta name=\"description\" content=\"Harvia-ter\u00e4spiippu on tyylik\u00e4s piippuratkaisu, joka on helppo asentaa. L\u00e4hinn\u00e4 puul\u00e4mmitteisten kiukaiden, pienempien takkamallien ja kamiinoiden kanssa erillisiss\u00e4 saunarakennuksissa k\u00e4ytett\u00e4v\u00e4ksi suunniteltu ter\u00e4spiippu kest\u00e4\u00e4 kovatkin l\u00e4mm\u00f6nvaihtelut.\" \/>\n<meta name=\"robots\" content=\"noindex, follow, max-snippet:-1, max-image-preview:large, max-video-preview:-1\" \/>\n<meta property=\"og:locale\" content=\"fi_FI\" \/>\n<meta property=\"og:type\" content=\"article\" \/>\n<meta property=\"og:title\" content=\"Ter\u00e4spiippu Harvia WHP1500M, musta - Kodukolle\" \/>\n<meta property=\"og:description\" content=\"Harvia-ter\u00e4spiippu on tyylik\u00e4s piippuratkaisu, joka on helppo asentaa. L\u00e4hinn\u00e4 puul\u00e4mmitteisten kiukaiden, pienempien takkamallien ja kamiinoiden kanssa erillisiss\u00e4 saunarakennuksissa k\u00e4ytett\u00e4v\u00e4ksi suunniteltu ter\u00e4spiippu kest\u00e4\u00e4 kovatkin l\u00e4mm\u00f6nvaihtelut.\" \/>\n<meta property=\"og:url\" content=\"https:\/\/kloon.kodukolle.ee\/fi\/tuote\/teraspiippu-harvia-whp1500m-musta\/\" \/>\n<meta property=\"og:site_name\" content=\"Kodukolle\" \/>\n<meta property=\"article:modified_time\" content=\"2023-12-20T10:25:46+00:00\" \/>\n<meta property=\"og:image\" content=\"https:\/\/kloon.kodukolle.ee\/wp-content\/uploads\/2022\/07\/saunainter-metallist-moodulkorstnad-harvia-komplekt-moodulkorsten-whp-1500-must_IgUAiY.png\" \/>\n\t<meta property=\"og:image:width\" content=\"584\" \/>\n\t<meta property=\"og:image:height\" content=\"584\" \/>\n\t<meta property=\"og:image:type\" content=\"image\/png\" \/>\n<meta name=\"twitter:card\" content=\"summary_large_image\" \/>\n<script type=\"application\/ld+json\" class=\"yoast-schema-graph\">{\"@context\":\"https:\\\/\\\/schema.org\",\"@graph\":[{\"@type\":\"WebPage\",\"@id\":\"https:\\\/\\\/kloon.kodukolle.ee\\\/fi\\\/tuote\\\/teraspiippu-harvia-whp1500m-musta\\\/\",\"url\":\"https:\\\/\\\/kloon.kodukolle.ee\\\/fi\\\/tuote\\\/teraspiippu-harvia-whp1500m-musta\\\/\",\"name\":\"Ter\u00e4spiippu Harvia WHP1500M, musta - Kodukolle\",\"isPartOf\":{\"@id\":\"https:\\\/\\\/kloon.kodukolle.ee\\\/#website\"},\"primaryImageOfPage\":{\"@id\":\"https:\\\/\\\/kloon.kodukolle.ee\\\/fi\\\/tuote\\\/teraspiippu-harvia-whp1500m-musta\\\/#primaryimage\"},\"image\":{\"@id\":\"https:\\\/\\\/kloon.kodukolle.ee\\\/fi\\\/tuote\\\/teraspiippu-harvia-whp1500m-musta\\\/#primaryimage\"},\"thumbnailUrl\":\"https:\\\/\\\/kloon.kodukolle.ee\\\/wp-content\\\/uploads\\\/2022\\\/07\\\/saunainter-metallist-moodulkorstnad-harvia-komplekt-moodulkorsten-whp-1500-must_IgUAiY.png\",\"datePublished\":\"2022-07-15T14:00:16+00:00\",\"dateModified\":\"2023-12-20T10:25:46+00:00\",\"description\":\"Harvia-ter\u00e4spiippu on tyylik\u00e4s piippuratkaisu, joka on helppo asentaa. L\u00e4hinn\u00e4 puul\u00e4mmitteisten kiukaiden, pienempien takkamallien ja kamiinoiden kanssa erillisiss\u00e4 saunarakennuksissa k\u00e4ytett\u00e4v\u00e4ksi suunniteltu ter\u00e4spiippu kest\u00e4\u00e4 kovatkin l\u00e4mm\u00f6nvaihtelut.\",\"breadcrumb\":{\"@id\":\"https:\\\/\\\/kloon.kodukolle.ee\\\/fi\\\/tuote\\\/teraspiippu-harvia-whp1500m-musta\\\/#breadcrumb\"},\"inLanguage\":\"fi\",\"potentialAction\":[{\"@type\":\"ReadAction\",\"target\":[\"https:\\\/\\\/kloon.kodukolle.ee\\\/fi\\\/tuote\\\/teraspiippu-harvia-whp1500m-musta\\\/\"]}]},{\"@type\":\"ImageObject\",\"inLanguage\":\"fi\",\"@id\":\"https:\\\/\\\/kloon.kodukolle.ee\\\/fi\\\/tuote\\\/teraspiippu-harvia-whp1500m-musta\\\/#primaryimage\",\"url\":\"https:\\\/\\\/kloon.kodukolle.ee\\\/wp-content\\\/uploads\\\/2022\\\/07\\\/saunainter-metallist-moodulkorstnad-harvia-komplekt-moodulkorsten-whp-1500-must_IgUAiY.png\",\"contentUrl\":\"https:\\\/\\\/kloon.kodukolle.ee\\\/wp-content\\\/uploads\\\/2022\\\/07\\\/saunainter-metallist-moodulkorstnad-harvia-komplekt-moodulkorsten-whp-1500-must_IgUAiY.png\",\"width\":584,\"height\":584,\"caption\":\"Harvia moodulkorstna komplekt saunale WHP1500M must\"},{\"@type\":\"BreadcrumbList\",\"@id\":\"https:\\\/\\\/kloon.kodukolle.ee\\\/fi\\\/tuote\\\/teraspiippu-harvia-whp1500m-musta\\\/#breadcrumb\",\"itemListElement\":[{\"@type\":\"ListItem\",\"position\":1,\"name\":\"Home\",\"item\":\"https:\\\/\\\/kloon.kodukolle.ee\\\/fi\\\/\"},{\"@type\":\"ListItem\",\"position\":2,\"name\":\"Tuotteet\",\"item\":\"https:\\\/\\\/kloon.kodukolle.ee\\\/fi\\\/tuotteet\\\/\"},{\"@type\":\"ListItem\",\"position\":3,\"name\":\"Ter\u00e4spiippu Harvia WHP1500M, musta\"}]},{\"@type\":\"WebSite\",\"@id\":\"https:\\\/\\\/kloon.kodukolle.ee\\\/#website\",\"url\":\"https:\\\/\\\/kloon.kodukolle.ee\\\/\",\"name\":\"Kodukolle\",\"description\":\"\",\"publisher\":{\"@id\":\"https:\\\/\\\/kloon.kodukolle.ee\\\/#organization\"},\"potentialAction\":[{\"@type\":\"SearchAction\",\"target\":{\"@type\":\"EntryPoint\",\"urlTemplate\":\"https:\\\/\\\/kloon.kodukolle.ee\\\/?s={search_term_string}\"},\"query-input\":{\"@type\":\"PropertyValueSpecification\",\"valueRequired\":true,\"valueName\":\"search_term_string\"}}],\"inLanguage\":\"fi\"},{\"@type\":\"Organization\",\"@id\":\"https:\\\/\\\/kloon.kodukolle.ee\\\/#organization\",\"name\":\"Kodukolle\",\"url\":\"https:\\\/\\\/kloon.kodukolle.ee\\\/\",\"logo\":{\"@type\":\"ImageObject\",\"inLanguage\":\"fi\",\"@id\":\"https:\\\/\\\/kloon.kodukolle.ee\\\/#\\\/schema\\\/logo\\\/image\\\/\",\"url\":\"https:\\\/\\\/kloon.kodukolle.ee\\\/wp-content\\\/uploads\\\/2025\\\/06\\\/logo_must_gradient.svg\",\"contentUrl\":\"https:\\\/\\\/kloon.kodukolle.ee\\\/wp-content\\\/uploads\\\/2025\\\/06\\\/logo_must_gradient.svg\",\"caption\":\"Kodukolle\"},\"image\":{\"@id\":\"https:\\\/\\\/kloon.kodukolle.ee\\\/#\\\/schema\\\/logo\\\/image\\\/\"}}]}<\/script>\n<!-- \/ Yoast SEO plugin. -->","yoast_head_json":{"title":"Ter\u00e4spiippu Harvia WHP1500M, musta - Kodukolle","description":"Harvia-ter\u00e4spiippu on tyylik\u00e4s piippuratkaisu, joka on helppo asentaa. L\u00e4hinn\u00e4 puul\u00e4mmitteisten kiukaiden, pienempien takkamallien ja kamiinoiden kanssa erillisiss\u00e4 saunarakennuksissa k\u00e4ytett\u00e4v\u00e4ksi suunniteltu ter\u00e4spiippu kest\u00e4\u00e4 kovatkin l\u00e4mm\u00f6nvaihtelut.","robots":{"index":"noindex","follow":"follow","max-snippet":"max-snippet:-1","max-image-preview":"max-image-preview:large","max-video-preview":"max-video-preview:-1"},"og_locale":"fi_FI","og_type":"article","og_title":"Ter\u00e4spiippu Harvia WHP1500M, musta - Kodukolle","og_description":"Harvia-ter\u00e4spiippu on tyylik\u00e4s piippuratkaisu, joka on helppo asentaa. L\u00e4hinn\u00e4 puul\u00e4mmitteisten kiukaiden, pienempien takkamallien ja kamiinoiden kanssa erillisiss\u00e4 saunarakennuksissa k\u00e4ytett\u00e4v\u00e4ksi suunniteltu ter\u00e4spiippu kest\u00e4\u00e4 kovatkin l\u00e4mm\u00f6nvaihtelut.","og_url":"https:\/\/kloon.kodukolle.ee\/fi\/tuote\/teraspiippu-harvia-whp1500m-musta\/","og_site_name":"Kodukolle","article_modified_time":"2023-12-20T10:25:46+00:00","og_image":[{"width":584,"height":584,"url":"https:\/\/kloon.kodukolle.ee\/wp-content\/uploads\/2022\/07\/saunainter-metallist-moodulkorstnad-harvia-komplekt-moodulkorsten-whp-1500-must_IgUAiY.png","type":"image\/png"}],"twitter_card":"summary_large_image","schema":{"@context":"https:\/\/schema.org","@graph":[{"@type":"WebPage","@id":"https:\/\/kloon.kodukolle.ee\/fi\/tuote\/teraspiippu-harvia-whp1500m-musta\/","url":"https:\/\/kloon.kodukolle.ee\/fi\/tuote\/teraspiippu-harvia-whp1500m-musta\/","name":"Ter\u00e4spiippu Harvia WHP1500M, musta - Kodukolle","isPartOf":{"@id":"https:\/\/kloon.kodukolle.ee\/#website"},"primaryImageOfPage":{"@id":"https:\/\/kloon.kodukolle.ee\/fi\/tuote\/teraspiippu-harvia-whp1500m-musta\/#primaryimage"},"image":{"@id":"https:\/\/kloon.kodukolle.ee\/fi\/tuote\/teraspiippu-harvia-whp1500m-musta\/#primaryimage"},"thumbnailUrl":"https:\/\/kloon.kodukolle.ee\/wp-content\/uploads\/2022\/07\/saunainter-metallist-moodulkorstnad-harvia-komplekt-moodulkorsten-whp-1500-must_IgUAiY.png","datePublished":"2022-07-15T14:00:16+00:00","dateModified":"2023-12-20T10:25:46+00:00","description":"Harvia-ter\u00e4spiippu on tyylik\u00e4s piippuratkaisu, joka on helppo asentaa. L\u00e4hinn\u00e4 puul\u00e4mmitteisten kiukaiden, pienempien takkamallien ja kamiinoiden kanssa erillisiss\u00e4 saunarakennuksissa k\u00e4ytett\u00e4v\u00e4ksi suunniteltu ter\u00e4spiippu kest\u00e4\u00e4 kovatkin l\u00e4mm\u00f6nvaihtelut.","breadcrumb":{"@id":"https:\/\/kloon.kodukolle.ee\/fi\/tuote\/teraspiippu-harvia-whp1500m-musta\/#breadcrumb"},"inLanguage":"fi","potentialAction":[{"@type":"ReadAction","target":["https:\/\/kloon.kodukolle.ee\/fi\/tuote\/teraspiippu-harvia-whp1500m-musta\/"]}]},{"@type":"ImageObject","inLanguage":"fi","@id":"https:\/\/kloon.kodukolle.ee\/fi\/tuote\/teraspiippu-harvia-whp1500m-musta\/#primaryimage","url":"https:\/\/kloon.kodukolle.ee\/wp-content\/uploads\/2022\/07\/saunainter-metallist-moodulkorstnad-harvia-komplekt-moodulkorsten-whp-1500-must_IgUAiY.png","contentUrl":"https:\/\/kloon.kodukolle.ee\/wp-content\/uploads\/2022\/07\/saunainter-metallist-moodulkorstnad-harvia-komplekt-moodulkorsten-whp-1500-must_IgUAiY.png","width":584,"height":584,"caption":"Harvia moodulkorstna komplekt saunale WHP1500M must"},{"@type":"BreadcrumbList","@id":"https:\/\/kloon.kodukolle.ee\/fi\/tuote\/teraspiippu-harvia-whp1500m-musta\/#breadcrumb","itemListElement":[{"@type":"ListItem","position":1,"name":"Home","item":"https:\/\/kloon.kodukolle.ee\/fi\/"},{"@type":"ListItem","position":2,"name":"Tuotteet","item":"https:\/\/kloon.kodukolle.ee\/fi\/tuotteet\/"},{"@type":"ListItem","position":3,"name":"Ter\u00e4spiippu Harvia WHP1500M, musta"}]},{"@type":"WebSite","@id":"https:\/\/kloon.kodukolle.ee\/#website","url":"https:\/\/kloon.kodukolle.ee\/","name":"Kodukolle","description":"","publisher":{"@id":"https:\/\/kloon.kodukolle.ee\/#organization"},"potentialAction":[{"@type":"SearchAction","target":{"@type":"EntryPoint","urlTemplate":"https:\/\/kloon.kodukolle.ee\/?s={search_term_string}"},"query-input":{"@type":"PropertyValueSpecification","valueRequired":true,"valueName":"search_term_string"}}],"inLanguage":"fi"},{"@type":"Organization","@id":"https:\/\/kloon.kodukolle.ee\/#organization","name":"Kodukolle","url":"https:\/\/kloon.kodukolle.ee\/","logo":{"@type":"ImageObject","inLanguage":"fi","@id":"https:\/\/kloon.kodukolle.ee\/#\/schema\/logo\/image\/","url":"https:\/\/kloon.kodukolle.ee\/wp-content\/uploads\/2025\/06\/logo_must_gradient.svg","contentUrl":"https:\/\/kloon.kodukolle.ee\/wp-content\/uploads\/2025\/06\/logo_must_gradient.svg","caption":"Kodukolle"},"image":{"@id":"https:\/\/kloon.kodukolle.ee\/#\/schema\/logo\/image\/"}}]}},"_links":{"self":[{"href":"https:\/\/kloon.kodukolle.ee\/fi\/wp-json\/wp\/v2\/product\/26126","targetHints":{"allow":["GET"]}}],"collection":[{"href":"https:\/\/kloon.kodukolle.ee\/fi\/wp-json\/wp\/v2\/product"}],"about":[{"href":"https:\/\/kloon.kodukolle.ee\/fi\/wp-json\/wp\/v2\/types\/product"}],"wp:featuredmedia":[{"embeddable":true,"href":"https:\/\/kloon.kodukolle.ee\/fi\/wp-json\/wp\/v2\/media\/8661"}],"wp:attachment":[{"href":"https:\/\/kloon.kodukolle.ee\/fi\/wp-json\/wp\/v2\/media?parent=26126"}],"wp:term":[{"taxonomy":"product_brand","embeddable":true,"href":"https:\/\/kloon.kodukolle.ee\/fi\/wp-json\/wp\/v2\/product_brand?post=26126"},{"taxonomy":"product_cat","embeddable":true,"href":"https:\/\/kloon.kodukolle.ee\/fi\/wp-json\/wp\/v2\/product_cat?post=26126"},{"taxonomy":"product_tag","embeddable":true,"href":"https:\/\/kloon.kodukolle.ee\/fi\/wp-json\/wp\/v2\/product_tag?post=26126"}],"curies":[{"name":"wp","href":"https:\/\/api.w.org\/{rel}","templated":true}]}}