{"id":26133,"date":"2021-05-18T13:22:48","date_gmt":"2021-05-18T10:22:48","guid":{"rendered":"https:\/\/kloon.kodukolle.ee\/?post_type=product&#038;p=26133"},"modified":"2024-01-16T14:25:21","modified_gmt":"2024-01-16T12:25:21","slug":"kamiinapuhallin-caframo-ecofan-800","status":"publish","type":"product","link":"https:\/\/kloon.kodukolle.ee\/fi\/tuote\/kamiinapuhallin-caframo-ecofan-800\/","title":{"rendered":"Kamiinapuhallin Caframo ECOFAN 800"},"content":{"rendered":"<p>Ainutlaatuisen Ecofan-tuulettimen toiminta perustuu l\u00e4mp\u00f6s\u00e4hk\u00f6teknologiaan. Ecofan kamiinapuhallin asetetaan l\u00e4mp\u00f6l\u00e4hteen (esim. puuhella) tasaiselle pinnalle, ja tuuletin alkaa py\u00f6rim\u00e4\u00e4n l\u00e4mp\u00f6tilan kasvaessa. Mit\u00e4 suurempi l\u00e4mp\u00f6tila saavutetaan, sit\u00e4 nopeammin tuuletin py\u00f6rii. Ecofan-tuulettimet l\u00e4mmitt\u00e4v\u00e4t huoneen nopeammin ja tehokkaammin. L\u00e4mpim\u00e4n ilman kierto 170 m\u00b3\/h. Ihanteellinen kaikkiin jopa 11 m\u00b2:n huoneisiin, l\u00e4mmitt\u00e4\u00e4 huoneesi jopa 20 % nopeammin. Sen on todistettu v\u00e4hent\u00e4v\u00e4n l\u00e4mmityskustannuksia ja p\u00e4\u00e4st\u00f6j\u00e4 jopa 12 %. Ecofan on suunniteltu k\u00e4ytett\u00e4v\u00e4ksi liesiss\u00e4, joiden pintal\u00e4mp\u00f6tila on 110-345 \u00b0C. Yli 345 \u00b0C:n l\u00e4mp\u00f6tilat voivat vahingoittaa Ecofania. Aseta Ecofan viile\u00e4mp\u00e4\u00e4n paikkaan liedelle, jos pintal\u00e4mp\u00f6tila ylitt\u00e4\u00e4 345\u00b0C. Varmista, ett\u00e4 Ecofanin kahva on pystyasennossa ennen kuin asetat sen liedelle. K\u00e4yt\u00f6n aikana Ecofanin pohja on eritt\u00e4in kuuma, k\u00e4yt\u00e4 aina kahvaa siirt\u00e4ess\u00e4si paikkaa. <\/p>\n<ul>\n<li>L\u00e4mpim\u00e4n ilman optimaalinen jakautuminen<\/li>\n<li>Virta ja akku vapaa<\/li>\n<li>Toimii hiljaa<\/li>\n<li>Nopeuden s\u00e4\u00e4t\u00f6 liesil\u00e4mp\u00f6tilan avulla<\/li>\n<li>Valmistettu Kanadassa<\/li>\n<\/ul>\n<p>&nbsp;<\/p>\n","protected":false},"excerpt":{"rendered":"<p>Ainutlaatuisen Ecofan-tuulettimen toiminta perustuu l\u00e4mp\u00f6s\u00e4hk\u00f6teknologiaan. Ecofan kamiinapuhallin asetetaan l\u00e4mp\u00f6l\u00e4hteen (esim. puuhella) tasaiselle pinnalle, ja tuuletin alkaa py\u00f6rim\u00e4\u00e4n l\u00e4mp\u00f6tilan kasvaessa. Mit\u00e4 suurempi l\u00e4mp\u00f6tila saavutetaan, sit\u00e4 nopeammin tuuletin py\u00f6rii. Ecofan-tuulettimet l\u00e4mmitt\u00e4v\u00e4t huoneen nopeammin ja tehokkaammin. L\u00e4mpim\u00e4n ilman kierto 170 m\u00b3\/h. Ihanteellinen kaikkiin jopa 11 m\u00b2:n huoneisiin, l\u00e4mmitt\u00e4\u00e4 huoneesi jopa 20 % nopeammin.<\/p>\n","protected":false},"featured_media":8257,"template":"","meta":{"_acf_changed":false},"product_brand":[],"product_cat":[9693,9723],"product_tag":[],"class_list":{"0":"post-26133","1":"product","2":"type-product","3":"status-publish","4":"has-post-thumbnail","6":"brands-caframo-fi","7":"product_cat-tarvikkeet-ja-muut-tuotteet","8":"product_cat-ale","10":"first","11":"instock","12":"shipping-taxable","13":"purchasable","14":"product-type-simple"},"acf":[],"yoast_head":"<!-- This site is optimized with the Yoast SEO plugin v27.3 - https:\/\/yoast.com\/product\/yoast-seo-wordpress\/ -->\n<title>Kamiinapuhallin Caframo ECOFAN 800 - Kodukolle<\/title>\n<meta name=\"description\" content=\"Ainutlaatuisen Ecofan-tuulettimen toiminta perustuu l\u00e4mp\u00f6s\u00e4hk\u00f6teknologiaan. Ecofan kamiinapuhallin asetetaan l\u00e4mp\u00f6l\u00e4hteen (esim. puuhella) tasaiselle pinnalle, ja tuuletin alkaa py\u00f6rim\u00e4\u00e4n l\u00e4mp\u00f6tilan kasvaessa.\" \/>\n<meta name=\"robots\" content=\"noindex, follow, max-snippet:-1, max-image-preview:large, max-video-preview:-1\" \/>\n<meta property=\"og:locale\" content=\"fi_FI\" \/>\n<meta property=\"og:type\" content=\"article\" \/>\n<meta property=\"og:title\" content=\"Kamiinapuhallin Caframo ECOFAN 800 - Kodukolle\" \/>\n<meta property=\"og:description\" content=\"Ainutlaatuisen Ecofan-tuulettimen toiminta perustuu l\u00e4mp\u00f6s\u00e4hk\u00f6teknologiaan. Ecofan kamiinapuhallin asetetaan l\u00e4mp\u00f6l\u00e4hteen (esim. puuhella) tasaiselle pinnalle, ja tuuletin alkaa py\u00f6rim\u00e4\u00e4n l\u00e4mp\u00f6tilan kasvaessa.\" \/>\n<meta property=\"og:url\" content=\"https:\/\/kloon.kodukolle.ee\/fi\/tuote\/kamiinapuhallin-caframo-ecofan-800\/\" \/>\n<meta property=\"og:site_name\" content=\"Kodukolle\" \/>\n<meta property=\"article:modified_time\" content=\"2024-01-16T12:25:21+00:00\" \/>\n<meta property=\"og:image\" content=\"https:\/\/kloon.kodukolle.ee\/wp-content\/uploads\/2021\/05\/Ventilaator-Caframo-ECOFAN-800-2.jpg\" \/>\n\t<meta property=\"og:image:width\" content=\"1100\" \/>\n\t<meta property=\"og:image:height\" content=\"1100\" \/>\n\t<meta property=\"og:image:type\" content=\"image\/jpeg\" \/>\n<meta name=\"twitter:card\" content=\"summary_large_image\" \/>\n<meta name=\"twitter:label1\" content=\"Est. reading time\" \/>\n\t<meta name=\"twitter:data1\" content=\"1 minuutti\" \/>\n<script type=\"application\/ld+json\" class=\"yoast-schema-graph\">{\"@context\":\"https:\\\/\\\/schema.org\",\"@graph\":[{\"@type\":\"WebPage\",\"@id\":\"https:\\\/\\\/kloon.kodukolle.ee\\\/fi\\\/tuote\\\/kamiinapuhallin-caframo-ecofan-800\\\/\",\"url\":\"https:\\\/\\\/kloon.kodukolle.ee\\\/fi\\\/tuote\\\/kamiinapuhallin-caframo-ecofan-800\\\/\",\"name\":\"Kamiinapuhallin Caframo ECOFAN 800 - Kodukolle\",\"isPartOf\":{\"@id\":\"https:\\\/\\\/kloon.kodukolle.ee\\\/#website\"},\"primaryImageOfPage\":{\"@id\":\"https:\\\/\\\/kloon.kodukolle.ee\\\/fi\\\/tuote\\\/kamiinapuhallin-caframo-ecofan-800\\\/#primaryimage\"},\"image\":{\"@id\":\"https:\\\/\\\/kloon.kodukolle.ee\\\/fi\\\/tuote\\\/kamiinapuhallin-caframo-ecofan-800\\\/#primaryimage\"},\"thumbnailUrl\":\"https:\\\/\\\/kloon.kodukolle.ee\\\/wp-content\\\/uploads\\\/2021\\\/05\\\/Ventilaator-Caframo-ECOFAN-800-2.jpg\",\"datePublished\":\"2021-05-18T10:22:48+00:00\",\"dateModified\":\"2024-01-16T12:25:21+00:00\",\"description\":\"Ainutlaatuisen Ecofan-tuulettimen toiminta perustuu l\u00e4mp\u00f6s\u00e4hk\u00f6teknologiaan. Ecofan kamiinapuhallin asetetaan l\u00e4mp\u00f6l\u00e4hteen (esim. puuhella) tasaiselle pinnalle, ja tuuletin alkaa py\u00f6rim\u00e4\u00e4n l\u00e4mp\u00f6tilan kasvaessa.\",\"breadcrumb\":{\"@id\":\"https:\\\/\\\/kloon.kodukolle.ee\\\/fi\\\/tuote\\\/kamiinapuhallin-caframo-ecofan-800\\\/#breadcrumb\"},\"inLanguage\":\"fi\",\"potentialAction\":[{\"@type\":\"ReadAction\",\"target\":[\"https:\\\/\\\/kloon.kodukolle.ee\\\/fi\\\/tuote\\\/kamiinapuhallin-caframo-ecofan-800\\\/\"]}]},{\"@type\":\"ImageObject\",\"inLanguage\":\"fi\",\"@id\":\"https:\\\/\\\/kloon.kodukolle.ee\\\/fi\\\/tuote\\\/kamiinapuhallin-caframo-ecofan-800\\\/#primaryimage\",\"url\":\"https:\\\/\\\/kloon.kodukolle.ee\\\/wp-content\\\/uploads\\\/2021\\\/05\\\/Ventilaator-Caframo-ECOFAN-800-2.jpg\",\"contentUrl\":\"https:\\\/\\\/kloon.kodukolle.ee\\\/wp-content\\\/uploads\\\/2021\\\/05\\\/Ventilaator-Caframo-ECOFAN-800-2.jpg\",\"width\":1100,\"height\":1100,\"caption\":\"Ventilaator Caframo ECOFAN 800\"},{\"@type\":\"BreadcrumbList\",\"@id\":\"https:\\\/\\\/kloon.kodukolle.ee\\\/fi\\\/tuote\\\/kamiinapuhallin-caframo-ecofan-800\\\/#breadcrumb\",\"itemListElement\":[{\"@type\":\"ListItem\",\"position\":1,\"name\":\"Home\",\"item\":\"https:\\\/\\\/kloon.kodukolle.ee\\\/fi\\\/\"},{\"@type\":\"ListItem\",\"position\":2,\"name\":\"Tuotteet\",\"item\":\"https:\\\/\\\/kloon.kodukolle.ee\\\/fi\\\/tuotteet\\\/\"},{\"@type\":\"ListItem\",\"position\":3,\"name\":\"Kamiinapuhallin Caframo ECOFAN 800\"}]},{\"@type\":\"WebSite\",\"@id\":\"https:\\\/\\\/kloon.kodukolle.ee\\\/#website\",\"url\":\"https:\\\/\\\/kloon.kodukolle.ee\\\/\",\"name\":\"Kodukolle\",\"description\":\"\",\"publisher\":{\"@id\":\"https:\\\/\\\/kloon.kodukolle.ee\\\/#organization\"},\"potentialAction\":[{\"@type\":\"SearchAction\",\"target\":{\"@type\":\"EntryPoint\",\"urlTemplate\":\"https:\\\/\\\/kloon.kodukolle.ee\\\/?s={search_term_string}\"},\"query-input\":{\"@type\":\"PropertyValueSpecification\",\"valueRequired\":true,\"valueName\":\"search_term_string\"}}],\"inLanguage\":\"fi\"},{\"@type\":\"Organization\",\"@id\":\"https:\\\/\\\/kloon.kodukolle.ee\\\/#organization\",\"name\":\"Kodukolle\",\"url\":\"https:\\\/\\\/kloon.kodukolle.ee\\\/\",\"logo\":{\"@type\":\"ImageObject\",\"inLanguage\":\"fi\",\"@id\":\"https:\\\/\\\/kloon.kodukolle.ee\\\/#\\\/schema\\\/logo\\\/image\\\/\",\"url\":\"https:\\\/\\\/kloon.kodukolle.ee\\\/wp-content\\\/uploads\\\/2025\\\/06\\\/logo_must_gradient.svg\",\"contentUrl\":\"https:\\\/\\\/kloon.kodukolle.ee\\\/wp-content\\\/uploads\\\/2025\\\/06\\\/logo_must_gradient.svg\",\"caption\":\"Kodukolle\"},\"image\":{\"@id\":\"https:\\\/\\\/kloon.kodukolle.ee\\\/#\\\/schema\\\/logo\\\/image\\\/\"}}]}<\/script>\n<!-- \/ Yoast SEO plugin. -->","yoast_head_json":{"title":"Kamiinapuhallin Caframo ECOFAN 800 - Kodukolle","description":"Ainutlaatuisen Ecofan-tuulettimen toiminta perustuu l\u00e4mp\u00f6s\u00e4hk\u00f6teknologiaan. Ecofan kamiinapuhallin asetetaan l\u00e4mp\u00f6l\u00e4hteen (esim. puuhella) tasaiselle pinnalle, ja tuuletin alkaa py\u00f6rim\u00e4\u00e4n l\u00e4mp\u00f6tilan kasvaessa.","robots":{"index":"noindex","follow":"follow","max-snippet":"max-snippet:-1","max-image-preview":"max-image-preview:large","max-video-preview":"max-video-preview:-1"},"og_locale":"fi_FI","og_type":"article","og_title":"Kamiinapuhallin Caframo ECOFAN 800 - Kodukolle","og_description":"Ainutlaatuisen Ecofan-tuulettimen toiminta perustuu l\u00e4mp\u00f6s\u00e4hk\u00f6teknologiaan. Ecofan kamiinapuhallin asetetaan l\u00e4mp\u00f6l\u00e4hteen (esim. puuhella) tasaiselle pinnalle, ja tuuletin alkaa py\u00f6rim\u00e4\u00e4n l\u00e4mp\u00f6tilan kasvaessa.","og_url":"https:\/\/kloon.kodukolle.ee\/fi\/tuote\/kamiinapuhallin-caframo-ecofan-800\/","og_site_name":"Kodukolle","article_modified_time":"2024-01-16T12:25:21+00:00","og_image":[{"width":1100,"height":1100,"url":"https:\/\/kloon.kodukolle.ee\/wp-content\/uploads\/2021\/05\/Ventilaator-Caframo-ECOFAN-800-2.jpg","type":"image\/jpeg"}],"twitter_card":"summary_large_image","twitter_misc":{"Est. reading time":"1 minuutti"},"schema":{"@context":"https:\/\/schema.org","@graph":[{"@type":"WebPage","@id":"https:\/\/kloon.kodukolle.ee\/fi\/tuote\/kamiinapuhallin-caframo-ecofan-800\/","url":"https:\/\/kloon.kodukolle.ee\/fi\/tuote\/kamiinapuhallin-caframo-ecofan-800\/","name":"Kamiinapuhallin Caframo ECOFAN 800 - Kodukolle","isPartOf":{"@id":"https:\/\/kloon.kodukolle.ee\/#website"},"primaryImageOfPage":{"@id":"https:\/\/kloon.kodukolle.ee\/fi\/tuote\/kamiinapuhallin-caframo-ecofan-800\/#primaryimage"},"image":{"@id":"https:\/\/kloon.kodukolle.ee\/fi\/tuote\/kamiinapuhallin-caframo-ecofan-800\/#primaryimage"},"thumbnailUrl":"https:\/\/kloon.kodukolle.ee\/wp-content\/uploads\/2021\/05\/Ventilaator-Caframo-ECOFAN-800-2.jpg","datePublished":"2021-05-18T10:22:48+00:00","dateModified":"2024-01-16T12:25:21+00:00","description":"Ainutlaatuisen Ecofan-tuulettimen toiminta perustuu l\u00e4mp\u00f6s\u00e4hk\u00f6teknologiaan. Ecofan kamiinapuhallin asetetaan l\u00e4mp\u00f6l\u00e4hteen (esim. puuhella) tasaiselle pinnalle, ja tuuletin alkaa py\u00f6rim\u00e4\u00e4n l\u00e4mp\u00f6tilan kasvaessa.","breadcrumb":{"@id":"https:\/\/kloon.kodukolle.ee\/fi\/tuote\/kamiinapuhallin-caframo-ecofan-800\/#breadcrumb"},"inLanguage":"fi","potentialAction":[{"@type":"ReadAction","target":["https:\/\/kloon.kodukolle.ee\/fi\/tuote\/kamiinapuhallin-caframo-ecofan-800\/"]}]},{"@type":"ImageObject","inLanguage":"fi","@id":"https:\/\/kloon.kodukolle.ee\/fi\/tuote\/kamiinapuhallin-caframo-ecofan-800\/#primaryimage","url":"https:\/\/kloon.kodukolle.ee\/wp-content\/uploads\/2021\/05\/Ventilaator-Caframo-ECOFAN-800-2.jpg","contentUrl":"https:\/\/kloon.kodukolle.ee\/wp-content\/uploads\/2021\/05\/Ventilaator-Caframo-ECOFAN-800-2.jpg","width":1100,"height":1100,"caption":"Ventilaator Caframo ECOFAN 800"},{"@type":"BreadcrumbList","@id":"https:\/\/kloon.kodukolle.ee\/fi\/tuote\/kamiinapuhallin-caframo-ecofan-800\/#breadcrumb","itemListElement":[{"@type":"ListItem","position":1,"name":"Home","item":"https:\/\/kloon.kodukolle.ee\/fi\/"},{"@type":"ListItem","position":2,"name":"Tuotteet","item":"https:\/\/kloon.kodukolle.ee\/fi\/tuotteet\/"},{"@type":"ListItem","position":3,"name":"Kamiinapuhallin Caframo ECOFAN 800"}]},{"@type":"WebSite","@id":"https:\/\/kloon.kodukolle.ee\/#website","url":"https:\/\/kloon.kodukolle.ee\/","name":"Kodukolle","description":"","publisher":{"@id":"https:\/\/kloon.kodukolle.ee\/#organization"},"potentialAction":[{"@type":"SearchAction","target":{"@type":"EntryPoint","urlTemplate":"https:\/\/kloon.kodukolle.ee\/?s={search_term_string}"},"query-input":{"@type":"PropertyValueSpecification","valueRequired":true,"valueName":"search_term_string"}}],"inLanguage":"fi"},{"@type":"Organization","@id":"https:\/\/kloon.kodukolle.ee\/#organization","name":"Kodukolle","url":"https:\/\/kloon.kodukolle.ee\/","logo":{"@type":"ImageObject","inLanguage":"fi","@id":"https:\/\/kloon.kodukolle.ee\/#\/schema\/logo\/image\/","url":"https:\/\/kloon.kodukolle.ee\/wp-content\/uploads\/2025\/06\/logo_must_gradient.svg","contentUrl":"https:\/\/kloon.kodukolle.ee\/wp-content\/uploads\/2025\/06\/logo_must_gradient.svg","caption":"Kodukolle"},"image":{"@id":"https:\/\/kloon.kodukolle.ee\/#\/schema\/logo\/image\/"}}]}},"_links":{"self":[{"href":"https:\/\/kloon.kodukolle.ee\/fi\/wp-json\/wp\/v2\/product\/26133","targetHints":{"allow":["GET"]}}],"collection":[{"href":"https:\/\/kloon.kodukolle.ee\/fi\/wp-json\/wp\/v2\/product"}],"about":[{"href":"https:\/\/kloon.kodukolle.ee\/fi\/wp-json\/wp\/v2\/types\/product"}],"wp:featuredmedia":[{"embeddable":true,"href":"https:\/\/kloon.kodukolle.ee\/fi\/wp-json\/wp\/v2\/media\/8257"}],"wp:attachment":[{"href":"https:\/\/kloon.kodukolle.ee\/fi\/wp-json\/wp\/v2\/media?parent=26133"}],"wp:term":[{"taxonomy":"product_brand","embeddable":true,"href":"https:\/\/kloon.kodukolle.ee\/fi\/wp-json\/wp\/v2\/product_brand?post=26133"},{"taxonomy":"product_cat","embeddable":true,"href":"https:\/\/kloon.kodukolle.ee\/fi\/wp-json\/wp\/v2\/product_cat?post=26133"},{"taxonomy":"product_tag","embeddable":true,"href":"https:\/\/kloon.kodukolle.ee\/fi\/wp-json\/wp\/v2\/product_tag?post=26133"}],"curies":[{"name":"wp","href":"https:\/\/api.w.org\/{rel}","templated":true}]}}