{"id":26158,"date":"2023-06-05T16:12:23","date_gmt":"2023-06-05T13:12:23","guid":{"rendered":"https:\/\/kloon.kodukolle.ee\/?post_type=product&#038;p=26158"},"modified":"2024-01-16T14:29:00","modified_gmt":"2024-01-16T12:29:00","slug":"kamiinapuhallin-caframo-ecofan-airdeco-i","status":"publish","type":"product","link":"https:\/\/kloon.kodukolle.ee\/fi\/tuote\/kamiinapuhallin-caframo-ecofan-airdeco-i\/","title":{"rendered":"Kamiinapuhallin Caframo ECOFAN AIRDECO I"},"content":{"rendered":"<p>Ecofan AirDeco I on seuraavan sukupolven aitoja Ecofaneja modernilla tyylill\u00e4 ja ensiluokkaisella suorituskyvyll\u00e4. Ainutlaatuisen Ecofan AirDeco tuulettimen toiminta perustuu l\u00e4mp\u00f6s\u00e4hk\u00f6teknologiaan. Ecofan kamiinapuhallin asetetaan l\u00e4mp\u00f6l\u00e4hteen (esim. puuhella) tasaiselle pinnalle, ja tuuletin alkaa py\u00f6rim\u00e4\u00e4n l\u00e4mp\u00f6tilan kasvaessa. Mit\u00e4 suurempi l\u00e4mp\u00f6tila saavutetaan, sit\u00e4 nopeammin tuuletin py\u00f6rii. Ecofan AirDeco tuulettimet l\u00e4mmitt\u00e4v\u00e4t huoneen nopeammin ja tehokkaammin. L\u00e4mpim\u00e4n ilman kierto 272 m\u00b3\/h, l\u00e4mmitt\u00e4\u00e4 huoneesi jopa 36 % nopeammin. Sen on todistettu v\u00e4hent\u00e4v\u00e4n l\u00e4mmityskustannuksia ja p\u00e4\u00e4st\u00f6j\u00e4 jopa 17 %. Ecofan on suunniteltu k\u00e4ytett\u00e4v\u00e4ksi liesiss\u00e4, joiden pintal\u00e4mp\u00f6tila on 110-345 \u00b0C. Yli 345 \u00b0C:n l\u00e4mp\u00f6tilat voivat vahingoittaa Ecofania. Aseta Ecofan viile\u00e4mp\u00e4\u00e4n paikkaan liedelle, jos pintal\u00e4mp\u00f6tila ylitt\u00e4\u00e4 345\u00b0C. Varmista, ett\u00e4 Ecofanin kahva on pystyasennossa ennen kuin asetat sen liedelle. K\u00e4yt\u00f6n aikana Ecofanin pohja on eritt\u00e4in kuuma, k\u00e4yt\u00e4 aina kahvaa siirt\u00e4ess\u00e4si paikkaa.<\/p>\n<ul>\n<li>L\u00e4mpim\u00e4n ilman optimaalinen jakautuminen<\/li>\n<li>Virta ja akku vapaa<\/li>\n<li>Toimii hiljaa<\/li>\n<li>Nopeuden s\u00e4\u00e4t\u00f6 liesil\u00e4mp\u00f6tilan avulla<\/li>\n<li>Valmistettu Kanadassa<\/li>\n<\/ul>\n<p>&nbsp;<\/p>\n","protected":false},"excerpt":{"rendered":"<p>Ecofan AirDeco I on seuraavan sukupolven aitoja Ecofaneja modernilla tyylill\u00e4 ja ensiluokkaisella suorituskyvyll\u00e4. Ainutlaatuisen Ecofan AirDeco tuulettimen toiminta perustuu l\u00e4mp\u00f6s\u00e4hk\u00f6teknologiaan. Ecofan kamiinapuhallin asetetaan l\u00e4mp\u00f6l\u00e4hteen (esim. puuhella) tasaiselle pinnalle, ja tuuletin alkaa py\u00f6rim\u00e4\u00e4n l\u00e4mp\u00f6tilan kasvaessa. Mit\u00e4 suurempi l\u00e4mp\u00f6tila saavutetaan, sit\u00e4 nopeammin tuuletin py\u00f6rii. Ecofan AirDeco tuulettimet l\u00e4mmitt\u00e4v\u00e4t huoneen nopeammin ja tehokkaammin. L\u00e4mpim\u00e4n ilman kierto 272 m\u00b3\/h, l\u00e4mmitt\u00e4\u00e4 huoneesi jopa 36 % nopeammin.<\/p>\n","protected":false},"featured_media":12633,"template":"","meta":{"_acf_changed":false},"product_brand":[],"product_cat":[9693,9723],"product_tag":[],"class_list":{"0":"post-26158","1":"product","2":"type-product","3":"status-publish","4":"has-post-thumbnail","6":"brands-caframo-fi","7":"product_cat-tarvikkeet-ja-muut-tuotteet","8":"product_cat-ale","10":"first","11":"instock","12":"shipping-taxable","13":"purchasable","14":"product-type-simple"},"acf":[],"yoast_head":"<!-- This site is optimized with the Yoast SEO plugin v27.3 - https:\/\/yoast.com\/product\/yoast-seo-wordpress\/ -->\n<title>Kamiinapuhallin Caframo ECOFAN AIRDECO I - Kodukolle<\/title>\n<meta name=\"description\" content=\"Ecofan AirDeco I on seuraavan sukupolven aitoja Ecofaneja modernilla tyylill\u00e4 ja ensiluokkaisella suorituskyvyll\u00e4. Ainutlaatuisen Ecofan AirDeco tuulettimen toiminta perustuu l\u00e4mp\u00f6s\u00e4hk\u00f6teknologiaan.\" \/>\n<meta name=\"robots\" content=\"noindex, follow, max-snippet:-1, max-image-preview:large, max-video-preview:-1\" \/>\n<meta property=\"og:locale\" content=\"fi_FI\" \/>\n<meta property=\"og:type\" content=\"article\" \/>\n<meta property=\"og:title\" content=\"Kamiinapuhallin Caframo ECOFAN AIRDECO I - Kodukolle\" \/>\n<meta property=\"og:description\" content=\"Ecofan AirDeco I on seuraavan sukupolven aitoja Ecofaneja modernilla tyylill\u00e4 ja ensiluokkaisella suorituskyvyll\u00e4. Ainutlaatuisen Ecofan AirDeco tuulettimen toiminta perustuu l\u00e4mp\u00f6s\u00e4hk\u00f6teknologiaan.\" \/>\n<meta property=\"og:url\" content=\"https:\/\/kloon.kodukolle.ee\/fi\/tuote\/kamiinapuhallin-caframo-ecofan-airdeco-i\/\" \/>\n<meta property=\"og:site_name\" content=\"Kodukolle\" \/>\n<meta property=\"article:modified_time\" content=\"2024-01-16T12:29:00+00:00\" \/>\n<meta property=\"og:image\" content=\"https:\/\/kloon.kodukolle.ee\/wp-content\/uploads\/2023\/06\/Ecofan-airdeco-I.png\" \/>\n\t<meta property=\"og:image:width\" content=\"1200\" \/>\n\t<meta property=\"og:image:height\" content=\"1428\" \/>\n\t<meta property=\"og:image:type\" content=\"image\/png\" \/>\n<meta name=\"twitter:card\" content=\"summary_large_image\" \/>\n<meta name=\"twitter:label1\" content=\"Est. reading time\" \/>\n\t<meta name=\"twitter:data1\" content=\"1 minuutti\" \/>\n<script type=\"application\/ld+json\" class=\"yoast-schema-graph\">{\"@context\":\"https:\\\/\\\/schema.org\",\"@graph\":[{\"@type\":\"WebPage\",\"@id\":\"https:\\\/\\\/kloon.kodukolle.ee\\\/fi\\\/tuote\\\/kamiinapuhallin-caframo-ecofan-airdeco-i\\\/\",\"url\":\"https:\\\/\\\/kloon.kodukolle.ee\\\/fi\\\/tuote\\\/kamiinapuhallin-caframo-ecofan-airdeco-i\\\/\",\"name\":\"Kamiinapuhallin Caframo ECOFAN AIRDECO I - Kodukolle\",\"isPartOf\":{\"@id\":\"https:\\\/\\\/kloon.kodukolle.ee\\\/#website\"},\"primaryImageOfPage\":{\"@id\":\"https:\\\/\\\/kloon.kodukolle.ee\\\/fi\\\/tuote\\\/kamiinapuhallin-caframo-ecofan-airdeco-i\\\/#primaryimage\"},\"image\":{\"@id\":\"https:\\\/\\\/kloon.kodukolle.ee\\\/fi\\\/tuote\\\/kamiinapuhallin-caframo-ecofan-airdeco-i\\\/#primaryimage\"},\"thumbnailUrl\":\"https:\\\/\\\/kloon.kodukolle.ee\\\/wp-content\\\/uploads\\\/2023\\\/06\\\/Ecofan-airdeco-I.png\",\"datePublished\":\"2023-06-05T13:12:23+00:00\",\"dateModified\":\"2024-01-16T12:29:00+00:00\",\"description\":\"Ecofan AirDeco I on seuraavan sukupolven aitoja Ecofaneja modernilla tyylill\u00e4 ja ensiluokkaisella suorituskyvyll\u00e4. Ainutlaatuisen Ecofan AirDeco tuulettimen toiminta perustuu l\u00e4mp\u00f6s\u00e4hk\u00f6teknologiaan.\",\"breadcrumb\":{\"@id\":\"https:\\\/\\\/kloon.kodukolle.ee\\\/fi\\\/tuote\\\/kamiinapuhallin-caframo-ecofan-airdeco-i\\\/#breadcrumb\"},\"inLanguage\":\"fi\",\"potentialAction\":[{\"@type\":\"ReadAction\",\"target\":[\"https:\\\/\\\/kloon.kodukolle.ee\\\/fi\\\/tuote\\\/kamiinapuhallin-caframo-ecofan-airdeco-i\\\/\"]}]},{\"@type\":\"ImageObject\",\"inLanguage\":\"fi\",\"@id\":\"https:\\\/\\\/kloon.kodukolle.ee\\\/fi\\\/tuote\\\/kamiinapuhallin-caframo-ecofan-airdeco-i\\\/#primaryimage\",\"url\":\"https:\\\/\\\/kloon.kodukolle.ee\\\/wp-content\\\/uploads\\\/2023\\\/06\\\/Ecofan-airdeco-I.png\",\"contentUrl\":\"https:\\\/\\\/kloon.kodukolle.ee\\\/wp-content\\\/uploads\\\/2023\\\/06\\\/Ecofan-airdeco-I.png\",\"width\":1200,\"height\":1428,\"caption\":\"Ecofan airdeco I\"},{\"@type\":\"BreadcrumbList\",\"@id\":\"https:\\\/\\\/kloon.kodukolle.ee\\\/fi\\\/tuote\\\/kamiinapuhallin-caframo-ecofan-airdeco-i\\\/#breadcrumb\",\"itemListElement\":[{\"@type\":\"ListItem\",\"position\":1,\"name\":\"Home\",\"item\":\"https:\\\/\\\/kloon.kodukolle.ee\\\/fi\\\/\"},{\"@type\":\"ListItem\",\"position\":2,\"name\":\"Tuotteet\",\"item\":\"https:\\\/\\\/kloon.kodukolle.ee\\\/fi\\\/tuotteet\\\/\"},{\"@type\":\"ListItem\",\"position\":3,\"name\":\"Kamiinapuhallin Caframo ECOFAN AIRDECO I\"}]},{\"@type\":\"WebSite\",\"@id\":\"https:\\\/\\\/kloon.kodukolle.ee\\\/#website\",\"url\":\"https:\\\/\\\/kloon.kodukolle.ee\\\/\",\"name\":\"Kodukolle\",\"description\":\"\",\"publisher\":{\"@id\":\"https:\\\/\\\/kloon.kodukolle.ee\\\/#organization\"},\"potentialAction\":[{\"@type\":\"SearchAction\",\"target\":{\"@type\":\"EntryPoint\",\"urlTemplate\":\"https:\\\/\\\/kloon.kodukolle.ee\\\/?s={search_term_string}\"},\"query-input\":{\"@type\":\"PropertyValueSpecification\",\"valueRequired\":true,\"valueName\":\"search_term_string\"}}],\"inLanguage\":\"fi\"},{\"@type\":\"Organization\",\"@id\":\"https:\\\/\\\/kloon.kodukolle.ee\\\/#organization\",\"name\":\"Kodukolle\",\"url\":\"https:\\\/\\\/kloon.kodukolle.ee\\\/\",\"logo\":{\"@type\":\"ImageObject\",\"inLanguage\":\"fi\",\"@id\":\"https:\\\/\\\/kloon.kodukolle.ee\\\/#\\\/schema\\\/logo\\\/image\\\/\",\"url\":\"https:\\\/\\\/kloon.kodukolle.ee\\\/wp-content\\\/uploads\\\/2025\\\/06\\\/logo_must_gradient.svg\",\"contentUrl\":\"https:\\\/\\\/kloon.kodukolle.ee\\\/wp-content\\\/uploads\\\/2025\\\/06\\\/logo_must_gradient.svg\",\"caption\":\"Kodukolle\"},\"image\":{\"@id\":\"https:\\\/\\\/kloon.kodukolle.ee\\\/#\\\/schema\\\/logo\\\/image\\\/\"}}]}<\/script>\n<!-- \/ Yoast SEO plugin. -->","yoast_head_json":{"title":"Kamiinapuhallin Caframo ECOFAN AIRDECO I - Kodukolle","description":"Ecofan AirDeco I on seuraavan sukupolven aitoja Ecofaneja modernilla tyylill\u00e4 ja ensiluokkaisella suorituskyvyll\u00e4. Ainutlaatuisen Ecofan AirDeco tuulettimen toiminta perustuu l\u00e4mp\u00f6s\u00e4hk\u00f6teknologiaan.","robots":{"index":"noindex","follow":"follow","max-snippet":"max-snippet:-1","max-image-preview":"max-image-preview:large","max-video-preview":"max-video-preview:-1"},"og_locale":"fi_FI","og_type":"article","og_title":"Kamiinapuhallin Caframo ECOFAN AIRDECO I - Kodukolle","og_description":"Ecofan AirDeco I on seuraavan sukupolven aitoja Ecofaneja modernilla tyylill\u00e4 ja ensiluokkaisella suorituskyvyll\u00e4. Ainutlaatuisen Ecofan AirDeco tuulettimen toiminta perustuu l\u00e4mp\u00f6s\u00e4hk\u00f6teknologiaan.","og_url":"https:\/\/kloon.kodukolle.ee\/fi\/tuote\/kamiinapuhallin-caframo-ecofan-airdeco-i\/","og_site_name":"Kodukolle","article_modified_time":"2024-01-16T12:29:00+00:00","og_image":[{"width":1200,"height":1428,"url":"https:\/\/kloon.kodukolle.ee\/wp-content\/uploads\/2023\/06\/Ecofan-airdeco-I.png","type":"image\/png"}],"twitter_card":"summary_large_image","twitter_misc":{"Est. reading time":"1 minuutti"},"schema":{"@context":"https:\/\/schema.org","@graph":[{"@type":"WebPage","@id":"https:\/\/kloon.kodukolle.ee\/fi\/tuote\/kamiinapuhallin-caframo-ecofan-airdeco-i\/","url":"https:\/\/kloon.kodukolle.ee\/fi\/tuote\/kamiinapuhallin-caframo-ecofan-airdeco-i\/","name":"Kamiinapuhallin Caframo ECOFAN AIRDECO I - Kodukolle","isPartOf":{"@id":"https:\/\/kloon.kodukolle.ee\/#website"},"primaryImageOfPage":{"@id":"https:\/\/kloon.kodukolle.ee\/fi\/tuote\/kamiinapuhallin-caframo-ecofan-airdeco-i\/#primaryimage"},"image":{"@id":"https:\/\/kloon.kodukolle.ee\/fi\/tuote\/kamiinapuhallin-caframo-ecofan-airdeco-i\/#primaryimage"},"thumbnailUrl":"https:\/\/kloon.kodukolle.ee\/wp-content\/uploads\/2023\/06\/Ecofan-airdeco-I.png","datePublished":"2023-06-05T13:12:23+00:00","dateModified":"2024-01-16T12:29:00+00:00","description":"Ecofan AirDeco I on seuraavan sukupolven aitoja Ecofaneja modernilla tyylill\u00e4 ja ensiluokkaisella suorituskyvyll\u00e4. Ainutlaatuisen Ecofan AirDeco tuulettimen toiminta perustuu l\u00e4mp\u00f6s\u00e4hk\u00f6teknologiaan.","breadcrumb":{"@id":"https:\/\/kloon.kodukolle.ee\/fi\/tuote\/kamiinapuhallin-caframo-ecofan-airdeco-i\/#breadcrumb"},"inLanguage":"fi","potentialAction":[{"@type":"ReadAction","target":["https:\/\/kloon.kodukolle.ee\/fi\/tuote\/kamiinapuhallin-caframo-ecofan-airdeco-i\/"]}]},{"@type":"ImageObject","inLanguage":"fi","@id":"https:\/\/kloon.kodukolle.ee\/fi\/tuote\/kamiinapuhallin-caframo-ecofan-airdeco-i\/#primaryimage","url":"https:\/\/kloon.kodukolle.ee\/wp-content\/uploads\/2023\/06\/Ecofan-airdeco-I.png","contentUrl":"https:\/\/kloon.kodukolle.ee\/wp-content\/uploads\/2023\/06\/Ecofan-airdeco-I.png","width":1200,"height":1428,"caption":"Ecofan airdeco I"},{"@type":"BreadcrumbList","@id":"https:\/\/kloon.kodukolle.ee\/fi\/tuote\/kamiinapuhallin-caframo-ecofan-airdeco-i\/#breadcrumb","itemListElement":[{"@type":"ListItem","position":1,"name":"Home","item":"https:\/\/kloon.kodukolle.ee\/fi\/"},{"@type":"ListItem","position":2,"name":"Tuotteet","item":"https:\/\/kloon.kodukolle.ee\/fi\/tuotteet\/"},{"@type":"ListItem","position":3,"name":"Kamiinapuhallin Caframo ECOFAN AIRDECO I"}]},{"@type":"WebSite","@id":"https:\/\/kloon.kodukolle.ee\/#website","url":"https:\/\/kloon.kodukolle.ee\/","name":"Kodukolle","description":"","publisher":{"@id":"https:\/\/kloon.kodukolle.ee\/#organization"},"potentialAction":[{"@type":"SearchAction","target":{"@type":"EntryPoint","urlTemplate":"https:\/\/kloon.kodukolle.ee\/?s={search_term_string}"},"query-input":{"@type":"PropertyValueSpecification","valueRequired":true,"valueName":"search_term_string"}}],"inLanguage":"fi"},{"@type":"Organization","@id":"https:\/\/kloon.kodukolle.ee\/#organization","name":"Kodukolle","url":"https:\/\/kloon.kodukolle.ee\/","logo":{"@type":"ImageObject","inLanguage":"fi","@id":"https:\/\/kloon.kodukolle.ee\/#\/schema\/logo\/image\/","url":"https:\/\/kloon.kodukolle.ee\/wp-content\/uploads\/2025\/06\/logo_must_gradient.svg","contentUrl":"https:\/\/kloon.kodukolle.ee\/wp-content\/uploads\/2025\/06\/logo_must_gradient.svg","caption":"Kodukolle"},"image":{"@id":"https:\/\/kloon.kodukolle.ee\/#\/schema\/logo\/image\/"}}]}},"_links":{"self":[{"href":"https:\/\/kloon.kodukolle.ee\/fi\/wp-json\/wp\/v2\/product\/26158","targetHints":{"allow":["GET"]}}],"collection":[{"href":"https:\/\/kloon.kodukolle.ee\/fi\/wp-json\/wp\/v2\/product"}],"about":[{"href":"https:\/\/kloon.kodukolle.ee\/fi\/wp-json\/wp\/v2\/types\/product"}],"wp:featuredmedia":[{"embeddable":true,"href":"https:\/\/kloon.kodukolle.ee\/fi\/wp-json\/wp\/v2\/media\/12633"}],"wp:attachment":[{"href":"https:\/\/kloon.kodukolle.ee\/fi\/wp-json\/wp\/v2\/media?parent=26158"}],"wp:term":[{"taxonomy":"product_brand","embeddable":true,"href":"https:\/\/kloon.kodukolle.ee\/fi\/wp-json\/wp\/v2\/product_brand?post=26158"},{"taxonomy":"product_cat","embeddable":true,"href":"https:\/\/kloon.kodukolle.ee\/fi\/wp-json\/wp\/v2\/product_cat?post=26158"},{"taxonomy":"product_tag","embeddable":true,"href":"https:\/\/kloon.kodukolle.ee\/fi\/wp-json\/wp\/v2\/product_tag?post=26158"}],"curies":[{"name":"wp","href":"https:\/\/api.w.org\/{rel}","templated":true}]}}