{"id":26162,"date":"2023-05-18T12:34:18","date_gmt":"2023-05-18T09:34:18","guid":{"rendered":"https:\/\/kloon.kodukolle.ee\/?post_type=product&#038;p=26162"},"modified":"2023-12-21T16:01:31","modified_gmt":"2023-12-21T14:01:31","slug":"takkasydan-rocal-arc-65","status":"publish","type":"product","link":"https:\/\/kloon.kodukolle.ee\/fi\/tuote\/takkasydan-rocal-arc-65\/","title":{"rendered":"Takkasyd\u00e4n Rocal ARc 65 \/ 70 \/ 70A \/ 70C \/ 80 \/ 100"},"content":{"rendered":"<p>Rocal ARc -sarjan takkasyd\u00e4met toimivat l\u00e4mm\u00f6nvaihtimina. Takkasyd\u00e4mill\u00e4 voit suunnitella ja valmistaa juuri sellaisen tulisijan kuin haluat, saatavilla eri kokoisina. Asennetaan olemassa oleviin tai uusiin takka-aukoihin, jolloin saavutetaan erinomainen hy\u00f6tysuhde ja teho. Pakkopuhallinj\u00e4rjestelm\u00e4n ansiosta ilma kiert\u00e4\u00e4 niin, ett\u00e4 l\u00e4mm\u00f6n jakautuminen optimoidaan, jolloin saavutetaan ihanteellinen l\u00e4mp\u00f6tila ja katetaan suurempi alue. Takkasyd\u00e4mess\u00e4 on my\u00f6s ulkoinen ilmanottoaukko, joka mahdollistaa kaiken tarvittavan palamisilman imemisen huoneen ulkopuolelta, jolloin huoneen lis\u00e4tuuletusta ei tarvita. ARc-sarjan tulisijoissa on k\u00e4\u00e4nnett\u00e4v\u00e4 ovi, joten voit saranoida sen joko vasemmalta tai oikealta. Koristekehykset (10cm), automaattinen tuulettimen nopeudens\u00e4\u00e4t\u00f6laite ja savuputki ovat saatavilla lis\u00e4varusteena.<\/p>\n<p>&nbsp;<\/p>\n","protected":false},"excerpt":{"rendered":"<p>Rocal ARc -sarjan takkasyd\u00e4met toimivat l\u00e4mm\u00f6nvaihtimina. Takkasyd\u00e4mill\u00e4 voit suunnitella ja valmistaa juuri sellaisen tulisijan kuin haluat, saatavilla eri kokoisina. Asennetaan olemassa oleviin tai uusiin takka-aukoihin, jolloin saavutetaan erinomainen hy\u00f6tysuhde ja teho. Pakkopuhallinj\u00e4rjestelm\u00e4n ansiosta ilma kiert\u00e4\u00e4 niin, ett\u00e4 l\u00e4mm\u00f6n jakautuminen optimoidaan, jolloin saavutetaan ihanteellinen l\u00e4mp\u00f6tila ja katetaan suurempi alue. <\/p>\n","protected":false},"featured_media":11880,"template":"","meta":{"_acf_changed":false},"product_brand":[],"product_cat":[9690],"product_tag":[],"class_list":{"0":"post-26162","1":"product","2":"type-product","3":"status-publish","4":"has-post-thumbnail","6":"brands-rocal-fi","7":"product_cat-takkasydamet","9":"first","10":"instock","11":"shipping-taxable","12":"purchasable","13":"product-type-simple"},"acf":[],"yoast_head":"<!-- This site is optimized with the Yoast SEO plugin v27.3 - https:\/\/yoast.com\/product\/yoast-seo-wordpress\/ -->\n<title>Takkasyd\u00e4n Rocal ARc 65 \/ 70 \/ 70A \/ 70C \/ 80 \/ 100 - Kodukolle<\/title>\n<meta name=\"description\" content=\"Rocal ARc -sarjan takkasyd\u00e4met toimivat l\u00e4mm\u00f6nvaihtimina. Takkasyd\u00e4mill\u00e4 voit suunnitella ja valmistaa juuri sellaisen tulisijan kuin haluat, saatavilla eri kokoisina.\" \/>\n<meta name=\"robots\" content=\"noindex, follow, max-snippet:-1, max-image-preview:large, max-video-preview:-1\" \/>\n<meta property=\"og:locale\" content=\"fi_FI\" \/>\n<meta property=\"og:type\" content=\"article\" \/>\n<meta property=\"og:title\" content=\"Takkasyd\u00e4n Rocal ARc 65 \/ 70 \/ 70A \/ 70C \/ 80 \/ 100 - Kodukolle\" \/>\n<meta property=\"og:description\" content=\"Rocal ARc -sarjan takkasyd\u00e4met toimivat l\u00e4mm\u00f6nvaihtimina. Takkasyd\u00e4mill\u00e4 voit suunnitella ja valmistaa juuri sellaisen tulisijan kuin haluat, saatavilla eri kokoisina.\" \/>\n<meta property=\"og:url\" content=\"https:\/\/kloon.kodukolle.ee\/fi\/tuote\/takkasydan-rocal-arc-65\/\" \/>\n<meta property=\"og:site_name\" content=\"Kodukolle\" \/>\n<meta property=\"article:modified_time\" content=\"2023-12-21T14:01:31+00:00\" \/>\n<meta property=\"og:image\" content=\"https:\/\/kloon.kodukolle.ee\/wp-content\/uploads\/2023\/05\/Rocal-ARC-Frontal.jpg\" \/>\n\t<meta property=\"og:image:width\" content=\"1580\" \/>\n\t<meta property=\"og:image:height\" content=\"1040\" \/>\n\t<meta property=\"og:image:type\" content=\"image\/jpeg\" \/>\n<meta name=\"twitter:card\" content=\"summary_large_image\" \/>\n<meta name=\"twitter:label1\" content=\"Est. reading time\" \/>\n\t<meta name=\"twitter:data1\" content=\"1 minuutti\" \/>\n<script type=\"application\/ld+json\" class=\"yoast-schema-graph\">{\"@context\":\"https:\\\/\\\/schema.org\",\"@graph\":[{\"@type\":\"WebPage\",\"@id\":\"https:\\\/\\\/kloon.kodukolle.ee\\\/fi\\\/tuote\\\/takkasydan-rocal-arc-65\\\/\",\"url\":\"https:\\\/\\\/kloon.kodukolle.ee\\\/fi\\\/tuote\\\/takkasydan-rocal-arc-65\\\/\",\"name\":\"Takkasyd\u00e4n Rocal ARc 65 \\\/ 70 \\\/ 70A \\\/ 70C \\\/ 80 \\\/ 100 - Kodukolle\",\"isPartOf\":{\"@id\":\"https:\\\/\\\/kloon.kodukolle.ee\\\/#website\"},\"primaryImageOfPage\":{\"@id\":\"https:\\\/\\\/kloon.kodukolle.ee\\\/fi\\\/tuote\\\/takkasydan-rocal-arc-65\\\/#primaryimage\"},\"image\":{\"@id\":\"https:\\\/\\\/kloon.kodukolle.ee\\\/fi\\\/tuote\\\/takkasydan-rocal-arc-65\\\/#primaryimage\"},\"thumbnailUrl\":\"https:\\\/\\\/kloon.kodukolle.ee\\\/wp-content\\\/uploads\\\/2023\\\/05\\\/Rocal-ARC-Frontal.jpg\",\"datePublished\":\"2023-05-18T09:34:18+00:00\",\"dateModified\":\"2023-12-21T14:01:31+00:00\",\"description\":\"Rocal ARc -sarjan takkasyd\u00e4met toimivat l\u00e4mm\u00f6nvaihtimina. Takkasyd\u00e4mill\u00e4 voit suunnitella ja valmistaa juuri sellaisen tulisijan kuin haluat, saatavilla eri kokoisina.\",\"breadcrumb\":{\"@id\":\"https:\\\/\\\/kloon.kodukolle.ee\\\/fi\\\/tuote\\\/takkasydan-rocal-arc-65\\\/#breadcrumb\"},\"inLanguage\":\"fi\",\"potentialAction\":[{\"@type\":\"ReadAction\",\"target\":[\"https:\\\/\\\/kloon.kodukolle.ee\\\/fi\\\/tuote\\\/takkasydan-rocal-arc-65\\\/\"]}]},{\"@type\":\"ImageObject\",\"inLanguage\":\"fi\",\"@id\":\"https:\\\/\\\/kloon.kodukolle.ee\\\/fi\\\/tuote\\\/takkasydan-rocal-arc-65\\\/#primaryimage\",\"url\":\"https:\\\/\\\/kloon.kodukolle.ee\\\/wp-content\\\/uploads\\\/2023\\\/05\\\/Rocal-ARC-Frontal.jpg\",\"contentUrl\":\"https:\\\/\\\/kloon.kodukolle.ee\\\/wp-content\\\/uploads\\\/2023\\\/05\\\/Rocal-ARC-Frontal.jpg\",\"width\":1580,\"height\":1040,\"caption\":\"Rocal ARC\"},{\"@type\":\"BreadcrumbList\",\"@id\":\"https:\\\/\\\/kloon.kodukolle.ee\\\/fi\\\/tuote\\\/takkasydan-rocal-arc-65\\\/#breadcrumb\",\"itemListElement\":[{\"@type\":\"ListItem\",\"position\":1,\"name\":\"Home\",\"item\":\"https:\\\/\\\/kloon.kodukolle.ee\\\/fi\\\/\"},{\"@type\":\"ListItem\",\"position\":2,\"name\":\"Tuotteet\",\"item\":\"https:\\\/\\\/kloon.kodukolle.ee\\\/fi\\\/tuotteet\\\/\"},{\"@type\":\"ListItem\",\"position\":3,\"name\":\"Takkasyd\u00e4n Rocal ARc 65 \\\/ 70 \\\/ 70A \\\/ 70C \\\/ 80 \\\/ 100\"}]},{\"@type\":\"WebSite\",\"@id\":\"https:\\\/\\\/kloon.kodukolle.ee\\\/#website\",\"url\":\"https:\\\/\\\/kloon.kodukolle.ee\\\/\",\"name\":\"Kodukolle\",\"description\":\"\",\"publisher\":{\"@id\":\"https:\\\/\\\/kloon.kodukolle.ee\\\/#organization\"},\"potentialAction\":[{\"@type\":\"SearchAction\",\"target\":{\"@type\":\"EntryPoint\",\"urlTemplate\":\"https:\\\/\\\/kloon.kodukolle.ee\\\/?s={search_term_string}\"},\"query-input\":{\"@type\":\"PropertyValueSpecification\",\"valueRequired\":true,\"valueName\":\"search_term_string\"}}],\"inLanguage\":\"fi\"},{\"@type\":\"Organization\",\"@id\":\"https:\\\/\\\/kloon.kodukolle.ee\\\/#organization\",\"name\":\"Kodukolle\",\"url\":\"https:\\\/\\\/kloon.kodukolle.ee\\\/\",\"logo\":{\"@type\":\"ImageObject\",\"inLanguage\":\"fi\",\"@id\":\"https:\\\/\\\/kloon.kodukolle.ee\\\/#\\\/schema\\\/logo\\\/image\\\/\",\"url\":\"https:\\\/\\\/kloon.kodukolle.ee\\\/wp-content\\\/uploads\\\/2025\\\/06\\\/logo_must_gradient.svg\",\"contentUrl\":\"https:\\\/\\\/kloon.kodukolle.ee\\\/wp-content\\\/uploads\\\/2025\\\/06\\\/logo_must_gradient.svg\",\"caption\":\"Kodukolle\"},\"image\":{\"@id\":\"https:\\\/\\\/kloon.kodukolle.ee\\\/#\\\/schema\\\/logo\\\/image\\\/\"}}]}<\/script>\n<!-- \/ Yoast SEO plugin. -->","yoast_head_json":{"title":"Takkasyd\u00e4n Rocal ARc 65 \/ 70 \/ 70A \/ 70C \/ 80 \/ 100 - Kodukolle","description":"Rocal ARc -sarjan takkasyd\u00e4met toimivat l\u00e4mm\u00f6nvaihtimina. Takkasyd\u00e4mill\u00e4 voit suunnitella ja valmistaa juuri sellaisen tulisijan kuin haluat, saatavilla eri kokoisina.","robots":{"index":"noindex","follow":"follow","max-snippet":"max-snippet:-1","max-image-preview":"max-image-preview:large","max-video-preview":"max-video-preview:-1"},"og_locale":"fi_FI","og_type":"article","og_title":"Takkasyd\u00e4n Rocal ARc 65 \/ 70 \/ 70A \/ 70C \/ 80 \/ 100 - Kodukolle","og_description":"Rocal ARc -sarjan takkasyd\u00e4met toimivat l\u00e4mm\u00f6nvaihtimina. Takkasyd\u00e4mill\u00e4 voit suunnitella ja valmistaa juuri sellaisen tulisijan kuin haluat, saatavilla eri kokoisina.","og_url":"https:\/\/kloon.kodukolle.ee\/fi\/tuote\/takkasydan-rocal-arc-65\/","og_site_name":"Kodukolle","article_modified_time":"2023-12-21T14:01:31+00:00","og_image":[{"width":1580,"height":1040,"url":"https:\/\/kloon.kodukolle.ee\/wp-content\/uploads\/2023\/05\/Rocal-ARC-Frontal.jpg","type":"image\/jpeg"}],"twitter_card":"summary_large_image","twitter_misc":{"Est. reading time":"1 minuutti"},"schema":{"@context":"https:\/\/schema.org","@graph":[{"@type":"WebPage","@id":"https:\/\/kloon.kodukolle.ee\/fi\/tuote\/takkasydan-rocal-arc-65\/","url":"https:\/\/kloon.kodukolle.ee\/fi\/tuote\/takkasydan-rocal-arc-65\/","name":"Takkasyd\u00e4n Rocal ARc 65 \/ 70 \/ 70A \/ 70C \/ 80 \/ 100 - Kodukolle","isPartOf":{"@id":"https:\/\/kloon.kodukolle.ee\/#website"},"primaryImageOfPage":{"@id":"https:\/\/kloon.kodukolle.ee\/fi\/tuote\/takkasydan-rocal-arc-65\/#primaryimage"},"image":{"@id":"https:\/\/kloon.kodukolle.ee\/fi\/tuote\/takkasydan-rocal-arc-65\/#primaryimage"},"thumbnailUrl":"https:\/\/kloon.kodukolle.ee\/wp-content\/uploads\/2023\/05\/Rocal-ARC-Frontal.jpg","datePublished":"2023-05-18T09:34:18+00:00","dateModified":"2023-12-21T14:01:31+00:00","description":"Rocal ARc -sarjan takkasyd\u00e4met toimivat l\u00e4mm\u00f6nvaihtimina. Takkasyd\u00e4mill\u00e4 voit suunnitella ja valmistaa juuri sellaisen tulisijan kuin haluat, saatavilla eri kokoisina.","breadcrumb":{"@id":"https:\/\/kloon.kodukolle.ee\/fi\/tuote\/takkasydan-rocal-arc-65\/#breadcrumb"},"inLanguage":"fi","potentialAction":[{"@type":"ReadAction","target":["https:\/\/kloon.kodukolle.ee\/fi\/tuote\/takkasydan-rocal-arc-65\/"]}]},{"@type":"ImageObject","inLanguage":"fi","@id":"https:\/\/kloon.kodukolle.ee\/fi\/tuote\/takkasydan-rocal-arc-65\/#primaryimage","url":"https:\/\/kloon.kodukolle.ee\/wp-content\/uploads\/2023\/05\/Rocal-ARC-Frontal.jpg","contentUrl":"https:\/\/kloon.kodukolle.ee\/wp-content\/uploads\/2023\/05\/Rocal-ARC-Frontal.jpg","width":1580,"height":1040,"caption":"Rocal ARC"},{"@type":"BreadcrumbList","@id":"https:\/\/kloon.kodukolle.ee\/fi\/tuote\/takkasydan-rocal-arc-65\/#breadcrumb","itemListElement":[{"@type":"ListItem","position":1,"name":"Home","item":"https:\/\/kloon.kodukolle.ee\/fi\/"},{"@type":"ListItem","position":2,"name":"Tuotteet","item":"https:\/\/kloon.kodukolle.ee\/fi\/tuotteet\/"},{"@type":"ListItem","position":3,"name":"Takkasyd\u00e4n Rocal ARc 65 \/ 70 \/ 70A \/ 70C \/ 80 \/ 100"}]},{"@type":"WebSite","@id":"https:\/\/kloon.kodukolle.ee\/#website","url":"https:\/\/kloon.kodukolle.ee\/","name":"Kodukolle","description":"","publisher":{"@id":"https:\/\/kloon.kodukolle.ee\/#organization"},"potentialAction":[{"@type":"SearchAction","target":{"@type":"EntryPoint","urlTemplate":"https:\/\/kloon.kodukolle.ee\/?s={search_term_string}"},"query-input":{"@type":"PropertyValueSpecification","valueRequired":true,"valueName":"search_term_string"}}],"inLanguage":"fi"},{"@type":"Organization","@id":"https:\/\/kloon.kodukolle.ee\/#organization","name":"Kodukolle","url":"https:\/\/kloon.kodukolle.ee\/","logo":{"@type":"ImageObject","inLanguage":"fi","@id":"https:\/\/kloon.kodukolle.ee\/#\/schema\/logo\/image\/","url":"https:\/\/kloon.kodukolle.ee\/wp-content\/uploads\/2025\/06\/logo_must_gradient.svg","contentUrl":"https:\/\/kloon.kodukolle.ee\/wp-content\/uploads\/2025\/06\/logo_must_gradient.svg","caption":"Kodukolle"},"image":{"@id":"https:\/\/kloon.kodukolle.ee\/#\/schema\/logo\/image\/"}}]}},"_links":{"self":[{"href":"https:\/\/kloon.kodukolle.ee\/fi\/wp-json\/wp\/v2\/product\/26162","targetHints":{"allow":["GET"]}}],"collection":[{"href":"https:\/\/kloon.kodukolle.ee\/fi\/wp-json\/wp\/v2\/product"}],"about":[{"href":"https:\/\/kloon.kodukolle.ee\/fi\/wp-json\/wp\/v2\/types\/product"}],"wp:featuredmedia":[{"embeddable":true,"href":"https:\/\/kloon.kodukolle.ee\/fi\/wp-json\/wp\/v2\/media\/11880"}],"wp:attachment":[{"href":"https:\/\/kloon.kodukolle.ee\/fi\/wp-json\/wp\/v2\/media?parent=26162"}],"wp:term":[{"taxonomy":"product_brand","embeddable":true,"href":"https:\/\/kloon.kodukolle.ee\/fi\/wp-json\/wp\/v2\/product_brand?post=26162"},{"taxonomy":"product_cat","embeddable":true,"href":"https:\/\/kloon.kodukolle.ee\/fi\/wp-json\/wp\/v2\/product_cat?post=26162"},{"taxonomy":"product_tag","embeddable":true,"href":"https:\/\/kloon.kodukolle.ee\/fi\/wp-json\/wp\/v2\/product_tag?post=26162"}],"curies":[{"name":"wp","href":"https:\/\/api.w.org\/{rel}","templated":true}]}}