{"id":26176,"date":"2023-08-22T15:39:27","date_gmt":"2023-08-22T12:39:27","guid":{"rendered":"https:\/\/kloon.kodukolle.ee\/?post_type=product&#038;p=26176"},"modified":"2024-01-30T11:02:58","modified_gmt":"2024-01-30T09:02:58","slug":"takkasydan-jotul-i-620-fl","status":"publish","type":"product","link":"https:\/\/kloon.kodukolle.ee\/fi\/tuote\/takkasydan-jotul-i-620-fl\/","title":{"rendered":"Takkasyd\u00e4n JOTUL I 620 FL"},"content":{"rendered":"<p>Jotul I 620 FL on tilava valurautatakkasyd\u00e4n, joka tarjoaa kaksipuolisen n\u00e4kym\u00e4n tuleen. Suuresta koostaan huolimatta t\u00e4m\u00e4 takkasyd\u00e4n on suunniteltu varmistamaan optimaalinen palaminen my\u00f6s alhaisilla asetuksilla. Kirkkaat vermikuliittilevyt ja vankka valkoinen emaloitu valurautarakenne tekev\u00e4t tulisijan sisusta s\u00e4teilev\u00e4n hehkun. Tuuletusaukkojen symbolit ohjaavat tulisijan oikeaa k\u00e4ytt\u00f6\u00e4. Jotul I 620 FL on my\u00f6s helppo asentaa. Sen vakiovarusteena on ohut, irrotettava koristekehys, joka varmistaa saumattoman siirtymisen ymp\u00e4r\u00f6iv\u00e4\u00e4n palomuuriin.<\/p>\n<ul>\n<li>Helppo asentaa<\/li>\n<li>Kaksipuolinen n\u00e4kym\u00e4 tulesta<\/li>\n<li>Clean burn j\u00e4rjestelm\u00e4<\/li>\n<\/ul>\n<p><strong>Saatavana lis\u00e4varusteena<\/strong><\/p>\n<ul>\n<li>Elektroninen poltonohjausj\u00e4rjestelm\u00e4<\/li>\n<li>L\u00e4mp\u00f6\u00e4 varaavat kivet<\/li>\n<li>S\u00e4\u00e4dett\u00e4v\u00e4t jalat\/pohja<\/li>\n<\/ul>\n<p>&nbsp;<\/p>\n","protected":false},"excerpt":{"rendered":"<p>Jotul I 620 FL on tilava valurautatakkasyd\u00e4n, joka tarjoaa kaksipuolisen n\u00e4kym\u00e4n tuleen. Suuresta koostaan huolimatta t\u00e4m\u00e4 takkasyd\u00e4n on suunniteltu varmistamaan optimaalinen palaminen my\u00f6s alhaisilla asetuksilla. Kirkkaat vermikuliittilevyt ja vankka valkoinen emaloitu valurautarakenne tekev\u00e4t tulisijan sisusta s\u00e4teilev\u00e4n hehkun. Tuuletusaukkojen symbolit ohjaavat tulisijan oikeaa k\u00e4ytt\u00f6\u00e4. Jotul I 620 FL on my\u00f6s helppo asentaa. Sen vakiovarusteena on ohut, irrotettava koristekehys, joka varmistaa saumattoman siirtymisen ymp\u00e4r\u00f6iv\u00e4\u00e4n palomuuriin.<\/p>\n","protected":false},"featured_media":18384,"template":"","meta":{"_acf_changed":false},"product_brand":[],"product_cat":[9690],"product_tag":[],"class_list":{"0":"post-26176","1":"product","2":"type-product","3":"status-publish","4":"has-post-thumbnail","6":"brands-jotul-fi","7":"product_cat-takkasydamet","9":"first","10":"instock","11":"shipping-taxable","12":"purchasable","13":"product-type-simple"},"acf":[],"yoast_head":"<!-- This site is optimized with the Yoast SEO plugin v27.3 - https:\/\/yoast.com\/product\/yoast-seo-wordpress\/ -->\n<title>Takkasyd\u00e4n JOTUL I 620 FL - Kodukolle<\/title>\n<meta name=\"description\" content=\"Jotul I 620 FL on tilava valurautatakkasyd\u00e4n, joka tarjoaa kaksipuolisen n\u00e4kym\u00e4n tuleen. Suuresta koostaan huolimatta t\u00e4m\u00e4 takkasyd\u00e4n on suunniteltu varmistamaan optimaalinen palaminen my\u00f6s alhaisilla asetuksilla.\" \/>\n<meta name=\"robots\" content=\"noindex, follow, max-snippet:-1, max-image-preview:large, max-video-preview:-1\" \/>\n<meta property=\"og:locale\" content=\"fi_FI\" \/>\n<meta property=\"og:type\" content=\"article\" \/>\n<meta property=\"og:title\" content=\"Takkasyd\u00e4n JOTUL I 620 FL - Kodukolle\" \/>\n<meta property=\"og:description\" content=\"Jotul I 620 FL on tilava valurautatakkasyd\u00e4n, joka tarjoaa kaksipuolisen n\u00e4kym\u00e4n tuleen. Suuresta koostaan huolimatta t\u00e4m\u00e4 takkasyd\u00e4n on suunniteltu varmistamaan optimaalinen palaminen my\u00f6s alhaisilla asetuksilla.\" \/>\n<meta property=\"og:url\" content=\"https:\/\/kloon.kodukolle.ee\/fi\/tuote\/takkasydan-jotul-i-620-fl\/\" \/>\n<meta property=\"og:site_name\" content=\"Kodukolle\" \/>\n<meta property=\"article:modified_time\" content=\"2024-01-30T09:02:58+00:00\" \/>\n<meta property=\"og:image\" content=\"https:\/\/kloon.kodukolle.ee\/wp-content\/uploads\/2023\/08\/Jotul-I-620-FL_3.jpg\" \/>\n\t<meta property=\"og:image:width\" content=\"1288\" \/>\n\t<meta property=\"og:image:height\" content=\"1022\" \/>\n\t<meta property=\"og:image:type\" content=\"image\/jpeg\" \/>\n<meta name=\"twitter:card\" content=\"summary_large_image\" \/>\n<meta name=\"twitter:label1\" content=\"Est. reading time\" \/>\n\t<meta name=\"twitter:data1\" content=\"1 minuutti\" \/>\n<script type=\"application\/ld+json\" class=\"yoast-schema-graph\">{\"@context\":\"https:\\\/\\\/schema.org\",\"@graph\":[{\"@type\":\"WebPage\",\"@id\":\"https:\\\/\\\/kloon.kodukolle.ee\\\/fi\\\/tuote\\\/takkasydan-jotul-i-620-fl\\\/\",\"url\":\"https:\\\/\\\/kloon.kodukolle.ee\\\/fi\\\/tuote\\\/takkasydan-jotul-i-620-fl\\\/\",\"name\":\"Takkasyd\u00e4n JOTUL I 620 FL - Kodukolle\",\"isPartOf\":{\"@id\":\"https:\\\/\\\/kloon.kodukolle.ee\\\/#website\"},\"primaryImageOfPage\":{\"@id\":\"https:\\\/\\\/kloon.kodukolle.ee\\\/fi\\\/tuote\\\/takkasydan-jotul-i-620-fl\\\/#primaryimage\"},\"image\":{\"@id\":\"https:\\\/\\\/kloon.kodukolle.ee\\\/fi\\\/tuote\\\/takkasydan-jotul-i-620-fl\\\/#primaryimage\"},\"thumbnailUrl\":\"https:\\\/\\\/kloon.kodukolle.ee\\\/wp-content\\\/uploads\\\/2023\\\/08\\\/Jotul-I-620-FL_3.jpg\",\"datePublished\":\"2023-08-22T12:39:27+00:00\",\"dateModified\":\"2024-01-30T09:02:58+00:00\",\"description\":\"Jotul I 620 FL on tilava valurautatakkasyd\u00e4n, joka tarjoaa kaksipuolisen n\u00e4kym\u00e4n tuleen. Suuresta koostaan huolimatta t\u00e4m\u00e4 takkasyd\u00e4n on suunniteltu varmistamaan optimaalinen palaminen my\u00f6s alhaisilla asetuksilla.\",\"breadcrumb\":{\"@id\":\"https:\\\/\\\/kloon.kodukolle.ee\\\/fi\\\/tuote\\\/takkasydan-jotul-i-620-fl\\\/#breadcrumb\"},\"inLanguage\":\"fi\",\"potentialAction\":[{\"@type\":\"ReadAction\",\"target\":[\"https:\\\/\\\/kloon.kodukolle.ee\\\/fi\\\/tuote\\\/takkasydan-jotul-i-620-fl\\\/\"]}]},{\"@type\":\"ImageObject\",\"inLanguage\":\"fi\",\"@id\":\"https:\\\/\\\/kloon.kodukolle.ee\\\/fi\\\/tuote\\\/takkasydan-jotul-i-620-fl\\\/#primaryimage\",\"url\":\"https:\\\/\\\/kloon.kodukolle.ee\\\/wp-content\\\/uploads\\\/2023\\\/08\\\/Jotul-I-620-FL_3.jpg\",\"contentUrl\":\"https:\\\/\\\/kloon.kodukolle.ee\\\/wp-content\\\/uploads\\\/2023\\\/08\\\/Jotul-I-620-FL_3.jpg\",\"width\":1288,\"height\":1022,\"caption\":\"Jotul I-620-FL_1\"},{\"@type\":\"BreadcrumbList\",\"@id\":\"https:\\\/\\\/kloon.kodukolle.ee\\\/fi\\\/tuote\\\/takkasydan-jotul-i-620-fl\\\/#breadcrumb\",\"itemListElement\":[{\"@type\":\"ListItem\",\"position\":1,\"name\":\"Home\",\"item\":\"https:\\\/\\\/kloon.kodukolle.ee\\\/fi\\\/\"},{\"@type\":\"ListItem\",\"position\":2,\"name\":\"Tuotteet\",\"item\":\"https:\\\/\\\/kloon.kodukolle.ee\\\/fi\\\/tuotteet\\\/\"},{\"@type\":\"ListItem\",\"position\":3,\"name\":\"Takkasyd\u00e4n JOTUL I 620 FL\"}]},{\"@type\":\"WebSite\",\"@id\":\"https:\\\/\\\/kloon.kodukolle.ee\\\/#website\",\"url\":\"https:\\\/\\\/kloon.kodukolle.ee\\\/\",\"name\":\"Kodukolle\",\"description\":\"\",\"publisher\":{\"@id\":\"https:\\\/\\\/kloon.kodukolle.ee\\\/#organization\"},\"potentialAction\":[{\"@type\":\"SearchAction\",\"target\":{\"@type\":\"EntryPoint\",\"urlTemplate\":\"https:\\\/\\\/kloon.kodukolle.ee\\\/?s={search_term_string}\"},\"query-input\":{\"@type\":\"PropertyValueSpecification\",\"valueRequired\":true,\"valueName\":\"search_term_string\"}}],\"inLanguage\":\"fi\"},{\"@type\":\"Organization\",\"@id\":\"https:\\\/\\\/kloon.kodukolle.ee\\\/#organization\",\"name\":\"Kodukolle\",\"url\":\"https:\\\/\\\/kloon.kodukolle.ee\\\/\",\"logo\":{\"@type\":\"ImageObject\",\"inLanguage\":\"fi\",\"@id\":\"https:\\\/\\\/kloon.kodukolle.ee\\\/#\\\/schema\\\/logo\\\/image\\\/\",\"url\":\"https:\\\/\\\/kloon.kodukolle.ee\\\/wp-content\\\/uploads\\\/2025\\\/06\\\/logo_must_gradient.svg\",\"contentUrl\":\"https:\\\/\\\/kloon.kodukolle.ee\\\/wp-content\\\/uploads\\\/2025\\\/06\\\/logo_must_gradient.svg\",\"caption\":\"Kodukolle\"},\"image\":{\"@id\":\"https:\\\/\\\/kloon.kodukolle.ee\\\/#\\\/schema\\\/logo\\\/image\\\/\"}}]}<\/script>\n<!-- \/ Yoast SEO plugin. -->","yoast_head_json":{"title":"Takkasyd\u00e4n JOTUL I 620 FL - Kodukolle","description":"Jotul I 620 FL on tilava valurautatakkasyd\u00e4n, joka tarjoaa kaksipuolisen n\u00e4kym\u00e4n tuleen. Suuresta koostaan huolimatta t\u00e4m\u00e4 takkasyd\u00e4n on suunniteltu varmistamaan optimaalinen palaminen my\u00f6s alhaisilla asetuksilla.","robots":{"index":"noindex","follow":"follow","max-snippet":"max-snippet:-1","max-image-preview":"max-image-preview:large","max-video-preview":"max-video-preview:-1"},"og_locale":"fi_FI","og_type":"article","og_title":"Takkasyd\u00e4n JOTUL I 620 FL - Kodukolle","og_description":"Jotul I 620 FL on tilava valurautatakkasyd\u00e4n, joka tarjoaa kaksipuolisen n\u00e4kym\u00e4n tuleen. Suuresta koostaan huolimatta t\u00e4m\u00e4 takkasyd\u00e4n on suunniteltu varmistamaan optimaalinen palaminen my\u00f6s alhaisilla asetuksilla.","og_url":"https:\/\/kloon.kodukolle.ee\/fi\/tuote\/takkasydan-jotul-i-620-fl\/","og_site_name":"Kodukolle","article_modified_time":"2024-01-30T09:02:58+00:00","og_image":[{"width":1288,"height":1022,"url":"https:\/\/kloon.kodukolle.ee\/wp-content\/uploads\/2023\/08\/Jotul-I-620-FL_3.jpg","type":"image\/jpeg"}],"twitter_card":"summary_large_image","twitter_misc":{"Est. reading time":"1 minuutti"},"schema":{"@context":"https:\/\/schema.org","@graph":[{"@type":"WebPage","@id":"https:\/\/kloon.kodukolle.ee\/fi\/tuote\/takkasydan-jotul-i-620-fl\/","url":"https:\/\/kloon.kodukolle.ee\/fi\/tuote\/takkasydan-jotul-i-620-fl\/","name":"Takkasyd\u00e4n JOTUL I 620 FL - Kodukolle","isPartOf":{"@id":"https:\/\/kloon.kodukolle.ee\/#website"},"primaryImageOfPage":{"@id":"https:\/\/kloon.kodukolle.ee\/fi\/tuote\/takkasydan-jotul-i-620-fl\/#primaryimage"},"image":{"@id":"https:\/\/kloon.kodukolle.ee\/fi\/tuote\/takkasydan-jotul-i-620-fl\/#primaryimage"},"thumbnailUrl":"https:\/\/kloon.kodukolle.ee\/wp-content\/uploads\/2023\/08\/Jotul-I-620-FL_3.jpg","datePublished":"2023-08-22T12:39:27+00:00","dateModified":"2024-01-30T09:02:58+00:00","description":"Jotul I 620 FL on tilava valurautatakkasyd\u00e4n, joka tarjoaa kaksipuolisen n\u00e4kym\u00e4n tuleen. Suuresta koostaan huolimatta t\u00e4m\u00e4 takkasyd\u00e4n on suunniteltu varmistamaan optimaalinen palaminen my\u00f6s alhaisilla asetuksilla.","breadcrumb":{"@id":"https:\/\/kloon.kodukolle.ee\/fi\/tuote\/takkasydan-jotul-i-620-fl\/#breadcrumb"},"inLanguage":"fi","potentialAction":[{"@type":"ReadAction","target":["https:\/\/kloon.kodukolle.ee\/fi\/tuote\/takkasydan-jotul-i-620-fl\/"]}]},{"@type":"ImageObject","inLanguage":"fi","@id":"https:\/\/kloon.kodukolle.ee\/fi\/tuote\/takkasydan-jotul-i-620-fl\/#primaryimage","url":"https:\/\/kloon.kodukolle.ee\/wp-content\/uploads\/2023\/08\/Jotul-I-620-FL_3.jpg","contentUrl":"https:\/\/kloon.kodukolle.ee\/wp-content\/uploads\/2023\/08\/Jotul-I-620-FL_3.jpg","width":1288,"height":1022,"caption":"Jotul I-620-FL_1"},{"@type":"BreadcrumbList","@id":"https:\/\/kloon.kodukolle.ee\/fi\/tuote\/takkasydan-jotul-i-620-fl\/#breadcrumb","itemListElement":[{"@type":"ListItem","position":1,"name":"Home","item":"https:\/\/kloon.kodukolle.ee\/fi\/"},{"@type":"ListItem","position":2,"name":"Tuotteet","item":"https:\/\/kloon.kodukolle.ee\/fi\/tuotteet\/"},{"@type":"ListItem","position":3,"name":"Takkasyd\u00e4n JOTUL I 620 FL"}]},{"@type":"WebSite","@id":"https:\/\/kloon.kodukolle.ee\/#website","url":"https:\/\/kloon.kodukolle.ee\/","name":"Kodukolle","description":"","publisher":{"@id":"https:\/\/kloon.kodukolle.ee\/#organization"},"potentialAction":[{"@type":"SearchAction","target":{"@type":"EntryPoint","urlTemplate":"https:\/\/kloon.kodukolle.ee\/?s={search_term_string}"},"query-input":{"@type":"PropertyValueSpecification","valueRequired":true,"valueName":"search_term_string"}}],"inLanguage":"fi"},{"@type":"Organization","@id":"https:\/\/kloon.kodukolle.ee\/#organization","name":"Kodukolle","url":"https:\/\/kloon.kodukolle.ee\/","logo":{"@type":"ImageObject","inLanguage":"fi","@id":"https:\/\/kloon.kodukolle.ee\/#\/schema\/logo\/image\/","url":"https:\/\/kloon.kodukolle.ee\/wp-content\/uploads\/2025\/06\/logo_must_gradient.svg","contentUrl":"https:\/\/kloon.kodukolle.ee\/wp-content\/uploads\/2025\/06\/logo_must_gradient.svg","caption":"Kodukolle"},"image":{"@id":"https:\/\/kloon.kodukolle.ee\/#\/schema\/logo\/image\/"}}]}},"_links":{"self":[{"href":"https:\/\/kloon.kodukolle.ee\/fi\/wp-json\/wp\/v2\/product\/26176","targetHints":{"allow":["GET"]}}],"collection":[{"href":"https:\/\/kloon.kodukolle.ee\/fi\/wp-json\/wp\/v2\/product"}],"about":[{"href":"https:\/\/kloon.kodukolle.ee\/fi\/wp-json\/wp\/v2\/types\/product"}],"wp:featuredmedia":[{"embeddable":true,"href":"https:\/\/kloon.kodukolle.ee\/fi\/wp-json\/wp\/v2\/media\/18384"}],"wp:attachment":[{"href":"https:\/\/kloon.kodukolle.ee\/fi\/wp-json\/wp\/v2\/media?parent=26176"}],"wp:term":[{"taxonomy":"product_brand","embeddable":true,"href":"https:\/\/kloon.kodukolle.ee\/fi\/wp-json\/wp\/v2\/product_brand?post=26176"},{"taxonomy":"product_cat","embeddable":true,"href":"https:\/\/kloon.kodukolle.ee\/fi\/wp-json\/wp\/v2\/product_cat?post=26176"},{"taxonomy":"product_tag","embeddable":true,"href":"https:\/\/kloon.kodukolle.ee\/fi\/wp-json\/wp\/v2\/product_tag?post=26176"}],"curies":[{"name":"wp","href":"https:\/\/api.w.org\/{rel}","templated":true}]}}