{"id":26178,"date":"2019-07-29T14:17:54","date_gmt":"2019-07-29T11:17:54","guid":{"rendered":"https:\/\/kloon.kodukolle.ee\/?post_type=product&#038;p=26178"},"modified":"2024-01-30T09:58:08","modified_gmt":"2024-01-30T07:58:08","slug":"takkasydan-jotul-i-520-frl","status":"publish","type":"product","link":"https:\/\/kloon.kodukolle.ee\/fi\/tuote\/takkasydan-jotul-i-520-frl\/","title":{"rendered":"Takkasyd\u00e4n JOTUL I 520 FRL"},"content":{"rendered":"<p>Jotul I 520 FRL -takkasyd\u00e4men muotoilu on ajaton, ja sen rakenne on sek\u00e4 optimaalinen ett\u00e4 futuristinen. Emaloitu tulisijan sis\u00e4puoli varmistaa kirkkaan ja ilmavan liekin, kun taas kolmipuolinen n\u00e4kym\u00e4 tulelle luo kiehtovan tunnelman. Takkalasissa on ainutlaatuinen heijastava pinta, joka est\u00e4\u00e4 noen ker\u00e4\u00e4ntymisen, optimoi palamisen ja parantaa siten tulisijan tehoa. Tuuletusaukkojen symbolit auttavat tulisijan oikeaa k\u00e4ytt\u00f6\u00e4. T\u00e4m\u00e4 takkasyd\u00e4n on suunniteltu optimaaliseen palamiseen jopa alhaisemmilla asetuksilla, mik\u00e4 takaa tehokkaan suorituskyvyn.<\/p>\n<ul>\n<li>Helppo asentaa<\/li>\n<li>Ajaton muotoilu<\/li>\n<li>Clean burn j\u00e4rjestelm\u00e4<\/li>\n<li>Kolmipuolinen n\u00e4kym\u00e4 tulelle<\/li>\n<\/ul>\n<p><strong>Saatavana lis\u00e4varusteena<\/strong><\/p>\n<ul>\n<li>Elektroninen poltonohjausj\u00e4rjestelm\u00e4<\/li>\n<li>L\u00e4mp\u00f6\u00e4 varaavat kivet<\/li>\n<li>S\u00e4\u00e4dett\u00e4v\u00e4t jalat\/pohja<\/li>\n<li>Koristeellinen kehys<\/li>\n<\/ul>\n<p>&nbsp;<\/p>\n","protected":false},"excerpt":{"rendered":"<p>Jotul I 520 FRL -takkasyd\u00e4men muotoilu on ajaton, ja sen rakenne on sek\u00e4 optimaalinen ett\u00e4 futuristinen. Emaloitu tulisijan sis\u00e4puoli varmistaa kirkkaan ja ilmavan liekin, kun taas kolmipuolinen n\u00e4kym\u00e4 tulelle luo kiehtovan tunnelman. Takkalasissa on ainutlaatuinen heijastava pinta, joka est\u00e4\u00e4 noen ker\u00e4\u00e4ntymisen, optimoi palamisen ja parantaa siten tulisijan tehoa. Tuuletusaukkojen symbolit auttavat tulisijan oikeaa k\u00e4ytt\u00f6\u00e4. T\u00e4m\u00e4 takkasyd\u00e4n on suunniteltu optimaaliseen palamiseen jopa alhaisemmilla asetuksilla, mik\u00e4 takaa tehokkaan suorituskyvyn.<\/p>\n","protected":false},"featured_media":18497,"template":"","meta":{"_acf_changed":false},"product_brand":[],"product_cat":[9690],"product_tag":[],"class_list":{"0":"post-26178","1":"product","2":"type-product","3":"status-publish","4":"has-post-thumbnail","6":"brands-jotul-fi","7":"product_cat-takkasydamet","9":"first","10":"instock","11":"shipping-taxable","12":"purchasable","13":"product-type-simple"},"acf":[],"yoast_head":"<!-- This site is optimized with the Yoast SEO plugin v27.3 - https:\/\/yoast.com\/product\/yoast-seo-wordpress\/ -->\n<title>Takkasyd\u00e4n JOTUL I 520 FRL - Kodukolle<\/title>\n<meta name=\"description\" content=\"Jotul I 520 FRL -takkasyd\u00e4men muotoilu on ajaton, ja sen rakenne on sek\u00e4 optimaalinen ett\u00e4 futuristinen. Emaloitu tulisijan sis\u00e4puoli varmistaa kirkkaan ja ilmavan liekin.\" \/>\n<meta name=\"robots\" content=\"noindex, follow, max-snippet:-1, max-image-preview:large, max-video-preview:-1\" \/>\n<meta property=\"og:locale\" content=\"fi_FI\" \/>\n<meta property=\"og:type\" content=\"article\" \/>\n<meta property=\"og:title\" content=\"Takkasyd\u00e4n JOTUL I 520 FRL - Kodukolle\" \/>\n<meta property=\"og:description\" content=\"Jotul I 520 FRL -takkasyd\u00e4men muotoilu on ajaton, ja sen rakenne on sek\u00e4 optimaalinen ett\u00e4 futuristinen. Emaloitu tulisijan sis\u00e4puoli varmistaa kirkkaan ja ilmavan liekin.\" \/>\n<meta property=\"og:url\" content=\"https:\/\/kloon.kodukolle.ee\/fi\/tuote\/takkasydan-jotul-i-520-frl\/\" \/>\n<meta property=\"og:site_name\" content=\"Kodukolle\" \/>\n<meta property=\"article:modified_time\" content=\"2024-01-30T07:58:08+00:00\" \/>\n<meta property=\"og:image\" content=\"https:\/\/kloon.kodukolle.ee\/wp-content\/uploads\/2019\/07\/Jotul-I-520-FRL_2.jpg\" \/>\n\t<meta property=\"og:image:width\" content=\"1292\" \/>\n\t<meta property=\"og:image:height\" content=\"1059\" \/>\n\t<meta property=\"og:image:type\" content=\"image\/jpeg\" \/>\n<meta name=\"twitter:card\" content=\"summary_large_image\" \/>\n<meta name=\"twitter:label1\" content=\"Est. reading time\" \/>\n\t<meta name=\"twitter:data1\" content=\"1 minuutti\" \/>\n<script type=\"application\/ld+json\" class=\"yoast-schema-graph\">{\"@context\":\"https:\\\/\\\/schema.org\",\"@graph\":[{\"@type\":\"WebPage\",\"@id\":\"https:\\\/\\\/kloon.kodukolle.ee\\\/fi\\\/tuote\\\/takkasydan-jotul-i-520-frl\\\/\",\"url\":\"https:\\\/\\\/kloon.kodukolle.ee\\\/fi\\\/tuote\\\/takkasydan-jotul-i-520-frl\\\/\",\"name\":\"Takkasyd\u00e4n JOTUL I 520 FRL - Kodukolle\",\"isPartOf\":{\"@id\":\"https:\\\/\\\/kloon.kodukolle.ee\\\/#website\"},\"primaryImageOfPage\":{\"@id\":\"https:\\\/\\\/kloon.kodukolle.ee\\\/fi\\\/tuote\\\/takkasydan-jotul-i-520-frl\\\/#primaryimage\"},\"image\":{\"@id\":\"https:\\\/\\\/kloon.kodukolle.ee\\\/fi\\\/tuote\\\/takkasydan-jotul-i-520-frl\\\/#primaryimage\"},\"thumbnailUrl\":\"https:\\\/\\\/kloon.kodukolle.ee\\\/wp-content\\\/uploads\\\/2019\\\/07\\\/Jotul-I-520-FRL_2.jpg\",\"datePublished\":\"2019-07-29T11:17:54+00:00\",\"dateModified\":\"2024-01-30T07:58:08+00:00\",\"description\":\"Jotul I 520 FRL -takkasyd\u00e4men muotoilu on ajaton, ja sen rakenne on sek\u00e4 optimaalinen ett\u00e4 futuristinen. Emaloitu tulisijan sis\u00e4puoli varmistaa kirkkaan ja ilmavan liekin.\",\"breadcrumb\":{\"@id\":\"https:\\\/\\\/kloon.kodukolle.ee\\\/fi\\\/tuote\\\/takkasydan-jotul-i-520-frl\\\/#breadcrumb\"},\"inLanguage\":\"fi\",\"potentialAction\":[{\"@type\":\"ReadAction\",\"target\":[\"https:\\\/\\\/kloon.kodukolle.ee\\\/fi\\\/tuote\\\/takkasydan-jotul-i-520-frl\\\/\"]}]},{\"@type\":\"ImageObject\",\"inLanguage\":\"fi\",\"@id\":\"https:\\\/\\\/kloon.kodukolle.ee\\\/fi\\\/tuote\\\/takkasydan-jotul-i-520-frl\\\/#primaryimage\",\"url\":\"https:\\\/\\\/kloon.kodukolle.ee\\\/wp-content\\\/uploads\\\/2019\\\/07\\\/Jotul-I-520-FRL_2.jpg\",\"contentUrl\":\"https:\\\/\\\/kloon.kodukolle.ee\\\/wp-content\\\/uploads\\\/2019\\\/07\\\/Jotul-I-520-FRL_2.jpg\",\"width\":1292,\"height\":1059,\"caption\":\"Jotul I 520 FRL\"},{\"@type\":\"BreadcrumbList\",\"@id\":\"https:\\\/\\\/kloon.kodukolle.ee\\\/fi\\\/tuote\\\/takkasydan-jotul-i-520-frl\\\/#breadcrumb\",\"itemListElement\":[{\"@type\":\"ListItem\",\"position\":1,\"name\":\"Home\",\"item\":\"https:\\\/\\\/kloon.kodukolle.ee\\\/fi\\\/\"},{\"@type\":\"ListItem\",\"position\":2,\"name\":\"Tuotteet\",\"item\":\"https:\\\/\\\/kloon.kodukolle.ee\\\/fi\\\/tuotteet\\\/\"},{\"@type\":\"ListItem\",\"position\":3,\"name\":\"Takkasyd\u00e4n JOTUL I 520 FRL\"}]},{\"@type\":\"WebSite\",\"@id\":\"https:\\\/\\\/kloon.kodukolle.ee\\\/#website\",\"url\":\"https:\\\/\\\/kloon.kodukolle.ee\\\/\",\"name\":\"Kodukolle\",\"description\":\"\",\"publisher\":{\"@id\":\"https:\\\/\\\/kloon.kodukolle.ee\\\/#organization\"},\"potentialAction\":[{\"@type\":\"SearchAction\",\"target\":{\"@type\":\"EntryPoint\",\"urlTemplate\":\"https:\\\/\\\/kloon.kodukolle.ee\\\/?s={search_term_string}\"},\"query-input\":{\"@type\":\"PropertyValueSpecification\",\"valueRequired\":true,\"valueName\":\"search_term_string\"}}],\"inLanguage\":\"fi\"},{\"@type\":\"Organization\",\"@id\":\"https:\\\/\\\/kloon.kodukolle.ee\\\/#organization\",\"name\":\"Kodukolle\",\"url\":\"https:\\\/\\\/kloon.kodukolle.ee\\\/\",\"logo\":{\"@type\":\"ImageObject\",\"inLanguage\":\"fi\",\"@id\":\"https:\\\/\\\/kloon.kodukolle.ee\\\/#\\\/schema\\\/logo\\\/image\\\/\",\"url\":\"https:\\\/\\\/kloon.kodukolle.ee\\\/wp-content\\\/uploads\\\/2025\\\/06\\\/logo_must_gradient.svg\",\"contentUrl\":\"https:\\\/\\\/kloon.kodukolle.ee\\\/wp-content\\\/uploads\\\/2025\\\/06\\\/logo_must_gradient.svg\",\"caption\":\"Kodukolle\"},\"image\":{\"@id\":\"https:\\\/\\\/kloon.kodukolle.ee\\\/#\\\/schema\\\/logo\\\/image\\\/\"}}]}<\/script>\n<!-- \/ Yoast SEO plugin. -->","yoast_head_json":{"title":"Takkasyd\u00e4n JOTUL I 520 FRL - Kodukolle","description":"Jotul I 520 FRL -takkasyd\u00e4men muotoilu on ajaton, ja sen rakenne on sek\u00e4 optimaalinen ett\u00e4 futuristinen. Emaloitu tulisijan sis\u00e4puoli varmistaa kirkkaan ja ilmavan liekin.","robots":{"index":"noindex","follow":"follow","max-snippet":"max-snippet:-1","max-image-preview":"max-image-preview:large","max-video-preview":"max-video-preview:-1"},"og_locale":"fi_FI","og_type":"article","og_title":"Takkasyd\u00e4n JOTUL I 520 FRL - Kodukolle","og_description":"Jotul I 520 FRL -takkasyd\u00e4men muotoilu on ajaton, ja sen rakenne on sek\u00e4 optimaalinen ett\u00e4 futuristinen. Emaloitu tulisijan sis\u00e4puoli varmistaa kirkkaan ja ilmavan liekin.","og_url":"https:\/\/kloon.kodukolle.ee\/fi\/tuote\/takkasydan-jotul-i-520-frl\/","og_site_name":"Kodukolle","article_modified_time":"2024-01-30T07:58:08+00:00","og_image":[{"width":1292,"height":1059,"url":"https:\/\/kloon.kodukolle.ee\/wp-content\/uploads\/2019\/07\/Jotul-I-520-FRL_2.jpg","type":"image\/jpeg"}],"twitter_card":"summary_large_image","twitter_misc":{"Est. reading time":"1 minuutti"},"schema":{"@context":"https:\/\/schema.org","@graph":[{"@type":"WebPage","@id":"https:\/\/kloon.kodukolle.ee\/fi\/tuote\/takkasydan-jotul-i-520-frl\/","url":"https:\/\/kloon.kodukolle.ee\/fi\/tuote\/takkasydan-jotul-i-520-frl\/","name":"Takkasyd\u00e4n JOTUL I 520 FRL - Kodukolle","isPartOf":{"@id":"https:\/\/kloon.kodukolle.ee\/#website"},"primaryImageOfPage":{"@id":"https:\/\/kloon.kodukolle.ee\/fi\/tuote\/takkasydan-jotul-i-520-frl\/#primaryimage"},"image":{"@id":"https:\/\/kloon.kodukolle.ee\/fi\/tuote\/takkasydan-jotul-i-520-frl\/#primaryimage"},"thumbnailUrl":"https:\/\/kloon.kodukolle.ee\/wp-content\/uploads\/2019\/07\/Jotul-I-520-FRL_2.jpg","datePublished":"2019-07-29T11:17:54+00:00","dateModified":"2024-01-30T07:58:08+00:00","description":"Jotul I 520 FRL -takkasyd\u00e4men muotoilu on ajaton, ja sen rakenne on sek\u00e4 optimaalinen ett\u00e4 futuristinen. Emaloitu tulisijan sis\u00e4puoli varmistaa kirkkaan ja ilmavan liekin.","breadcrumb":{"@id":"https:\/\/kloon.kodukolle.ee\/fi\/tuote\/takkasydan-jotul-i-520-frl\/#breadcrumb"},"inLanguage":"fi","potentialAction":[{"@type":"ReadAction","target":["https:\/\/kloon.kodukolle.ee\/fi\/tuote\/takkasydan-jotul-i-520-frl\/"]}]},{"@type":"ImageObject","inLanguage":"fi","@id":"https:\/\/kloon.kodukolle.ee\/fi\/tuote\/takkasydan-jotul-i-520-frl\/#primaryimage","url":"https:\/\/kloon.kodukolle.ee\/wp-content\/uploads\/2019\/07\/Jotul-I-520-FRL_2.jpg","contentUrl":"https:\/\/kloon.kodukolle.ee\/wp-content\/uploads\/2019\/07\/Jotul-I-520-FRL_2.jpg","width":1292,"height":1059,"caption":"Jotul I 520 FRL"},{"@type":"BreadcrumbList","@id":"https:\/\/kloon.kodukolle.ee\/fi\/tuote\/takkasydan-jotul-i-520-frl\/#breadcrumb","itemListElement":[{"@type":"ListItem","position":1,"name":"Home","item":"https:\/\/kloon.kodukolle.ee\/fi\/"},{"@type":"ListItem","position":2,"name":"Tuotteet","item":"https:\/\/kloon.kodukolle.ee\/fi\/tuotteet\/"},{"@type":"ListItem","position":3,"name":"Takkasyd\u00e4n JOTUL I 520 FRL"}]},{"@type":"WebSite","@id":"https:\/\/kloon.kodukolle.ee\/#website","url":"https:\/\/kloon.kodukolle.ee\/","name":"Kodukolle","description":"","publisher":{"@id":"https:\/\/kloon.kodukolle.ee\/#organization"},"potentialAction":[{"@type":"SearchAction","target":{"@type":"EntryPoint","urlTemplate":"https:\/\/kloon.kodukolle.ee\/?s={search_term_string}"},"query-input":{"@type":"PropertyValueSpecification","valueRequired":true,"valueName":"search_term_string"}}],"inLanguage":"fi"},{"@type":"Organization","@id":"https:\/\/kloon.kodukolle.ee\/#organization","name":"Kodukolle","url":"https:\/\/kloon.kodukolle.ee\/","logo":{"@type":"ImageObject","inLanguage":"fi","@id":"https:\/\/kloon.kodukolle.ee\/#\/schema\/logo\/image\/","url":"https:\/\/kloon.kodukolle.ee\/wp-content\/uploads\/2025\/06\/logo_must_gradient.svg","contentUrl":"https:\/\/kloon.kodukolle.ee\/wp-content\/uploads\/2025\/06\/logo_must_gradient.svg","caption":"Kodukolle"},"image":{"@id":"https:\/\/kloon.kodukolle.ee\/#\/schema\/logo\/image\/"}}]}},"_links":{"self":[{"href":"https:\/\/kloon.kodukolle.ee\/fi\/wp-json\/wp\/v2\/product\/26178","targetHints":{"allow":["GET"]}}],"collection":[{"href":"https:\/\/kloon.kodukolle.ee\/fi\/wp-json\/wp\/v2\/product"}],"about":[{"href":"https:\/\/kloon.kodukolle.ee\/fi\/wp-json\/wp\/v2\/types\/product"}],"wp:featuredmedia":[{"embeddable":true,"href":"https:\/\/kloon.kodukolle.ee\/fi\/wp-json\/wp\/v2\/media\/18497"}],"wp:attachment":[{"href":"https:\/\/kloon.kodukolle.ee\/fi\/wp-json\/wp\/v2\/media?parent=26178"}],"wp:term":[{"taxonomy":"product_brand","embeddable":true,"href":"https:\/\/kloon.kodukolle.ee\/fi\/wp-json\/wp\/v2\/product_brand?post=26178"},{"taxonomy":"product_cat","embeddable":true,"href":"https:\/\/kloon.kodukolle.ee\/fi\/wp-json\/wp\/v2\/product_cat?post=26178"},{"taxonomy":"product_tag","embeddable":true,"href":"https:\/\/kloon.kodukolle.ee\/fi\/wp-json\/wp\/v2\/product_tag?post=26178"}],"curies":[{"name":"wp","href":"https:\/\/api.w.org\/{rel}","templated":true}]}}