{"id":26180,"date":"2021-05-14T13:31:26","date_gmt":"2021-05-14T10:31:26","guid":{"rendered":"https:\/\/kloon.kodukolle.ee\/?post_type=product&#038;p=26180"},"modified":"2023-12-22T12:55:52","modified_gmt":"2023-12-22T10:55:52","slug":"valurautatakka-plamen-laguna","status":"publish","type":"product","link":"https:\/\/kloon.kodukolle.ee\/fi\/tuote\/valurautatakka-plamen-laguna\/","title":{"rendered":"Valurautatakka Plamen LAGUNA"},"content":{"rendered":"<p>Tyylik\u00e4s Plamen Laguna valurautatakka on monipuolinen tuote, joka on suunniteltu paitsi l\u00e4mmitt\u00e4m\u00e4\u00e4n huonetta, my\u00f6s mahdollistamaan ruoan l\u00e4mmitt\u00e4misen. Eniten tulelle altistuvat komponentit on valmistettu valuraudasta, kun taas sivusein\u00e4t on valmistettu emaloidusta ter\u00e4ksest\u00e4. T\u00e4m\u00e4 yhdistelm\u00e4 ei ainoastaan tee takasta tyylikk\u00e4\u00e4n lis\u00e4yksen mihin tahansa huoneeseen, vaan lis\u00e4\u00e4 my\u00f6s sen kest\u00e4vyytt\u00e4. Takan alaosassa on s\u00e4ilytyslokero, jossa on k\u00e4tev\u00e4 ovi, jossa on tilaa polttopuille ja muille tarvikkeille. T\u00e4m\u00e4 korkealaatuinen valurautatakka tunnetaan nopeista l\u00e4mmitysominaisuuksistaan ja erinomaisesta l\u00e4mm\u00f6nkestostaan, mik\u00e4 tekee siit\u00e4 sek\u00e4 korroosionkest\u00e4v\u00e4n ett\u00e4 poikkeuksellisen lujan.\n<\/ul>\n<p>&nbsp;<\/p>\n","protected":false},"excerpt":{"rendered":"<p>Tyylik\u00e4s Plamen Laguna valurautatakka on monipuolinen tuote, joka on suunniteltu paitsi l\u00e4mmitt\u00e4m\u00e4\u00e4n huonetta, my\u00f6s mahdollistamaan ruoan l\u00e4mmitt\u00e4misen. Eniten tulelle altistuvat komponentit on valmistettu valuraudasta, kun taas sivusein\u00e4t on valmistettu emaloidusta ter\u00e4ksest\u00e4. T\u00e4m\u00e4 yhdistelm\u00e4 ei ainoastaan tee takasta tyylikk\u00e4\u00e4n lis\u00e4yksen mihin tahansa huoneeseen, vaan lis\u00e4\u00e4 my\u00f6s sen kest\u00e4vyytt\u00e4. Takan alaosassa on s\u00e4ilytyslokero, jossa on k\u00e4tev\u00e4 ovi, jossa on tilaa polttopuille ja muille tarvikkeille. T\u00e4m\u00e4 korkealaatuinen valurautatakka tunnetaan nopeista l\u00e4mmitysominaisuuksistaan ja erinomaisesta l\u00e4mm\u00f6nkestostaan, mik\u00e4 tekee siit\u00e4 sek\u00e4 korroosionkest\u00e4v\u00e4n ett\u00e4 poikkeuksellisen lujan.<\/p>\n","protected":false},"featured_media":17032,"template":"","meta":{"_acf_changed":false},"product_brand":[],"product_cat":[9620,9723],"product_tag":[],"class_list":{"0":"post-26180","1":"product","2":"type-product","3":"status-publish","4":"has-post-thumbnail","6":"brands-plamen-fi","7":"product_cat-takat","8":"product_cat-ale","10":"first","11":"instock","12":"shipping-taxable","13":"product-type-simple"},"acf":[],"yoast_head":"<!-- This site is optimized with the Yoast SEO plugin v27.3 - https:\/\/yoast.com\/product\/yoast-seo-wordpress\/ -->\n<title>Valurautatakka Plamen LAGUNA - Kodukolle<\/title>\n<meta name=\"description\" content=\"yylik\u00e4s Plamen Laguna valurautatakka on monipuolinen tuote, joka on suunniteltu paitsi l\u00e4mmitt\u00e4m\u00e4\u00e4n huonetta, my\u00f6s mahdollistamaan ruoan l\u00e4mmitt\u00e4misen.\" \/>\n<meta name=\"robots\" content=\"noindex, follow, max-snippet:-1, max-image-preview:large, max-video-preview:-1\" \/>\n<meta property=\"og:locale\" content=\"fi_FI\" \/>\n<meta property=\"og:type\" content=\"article\" \/>\n<meta property=\"og:title\" content=\"Valurautatakka Plamen LAGUNA - Kodukolle\" \/>\n<meta property=\"og:description\" content=\"yylik\u00e4s Plamen Laguna valurautatakka on monipuolinen tuote, joka on suunniteltu paitsi l\u00e4mmitt\u00e4m\u00e4\u00e4n huonetta, my\u00f6s mahdollistamaan ruoan l\u00e4mmitt\u00e4misen.\" \/>\n<meta property=\"og:url\" content=\"https:\/\/kloon.kodukolle.ee\/tuote\/malmkamin-plamen-laguna\/\" \/>\n<meta property=\"og:site_name\" content=\"Kodukolle\" \/>\n<meta property=\"article:modified_time\" content=\"2023-12-22T10:55:52+00:00\" \/>\n<meta property=\"og:image\" content=\"https:\/\/kloon.kodukolle.ee\/wp-content\/uploads\/2021\/05\/Plamen-Laguna-1.jpg\" \/>\n\t<meta property=\"og:image:width\" content=\"1365\" \/>\n\t<meta property=\"og:image:height\" content=\"1560\" \/>\n\t<meta property=\"og:image:type\" content=\"image\/jpeg\" \/>\n<meta name=\"twitter:card\" content=\"summary_large_image\" \/>\n<script type=\"application\/ld+json\" class=\"yoast-schema-graph\">{\"@context\":\"https:\\\/\\\/schema.org\",\"@graph\":[{\"@type\":\"WebPage\",\"@id\":\"https:\\\/\\\/kloon.kodukolle.ee\\\/tuote\\\/malmkamin-plamen-laguna\\\/\",\"url\":\"https:\\\/\\\/kloon.kodukolle.ee\\\/tuote\\\/malmkamin-plamen-laguna\\\/\",\"name\":\"Valurautatakka Plamen LAGUNA - Kodukolle\",\"isPartOf\":{\"@id\":\"https:\\\/\\\/kloon.kodukolle.ee\\\/#website\"},\"primaryImageOfPage\":{\"@id\":\"https:\\\/\\\/kloon.kodukolle.ee\\\/tuote\\\/malmkamin-plamen-laguna\\\/#primaryimage\"},\"image\":{\"@id\":\"https:\\\/\\\/kloon.kodukolle.ee\\\/tuote\\\/malmkamin-plamen-laguna\\\/#primaryimage\"},\"thumbnailUrl\":\"https:\\\/\\\/kloon.kodukolle.ee\\\/wp-content\\\/uploads\\\/2021\\\/05\\\/Plamen-Laguna-1.jpg\",\"datePublished\":\"2021-05-14T10:31:26+00:00\",\"dateModified\":\"2023-12-22T10:55:52+00:00\",\"description\":\"yylik\u00e4s Plamen Laguna valurautatakka on monipuolinen tuote, joka on suunniteltu paitsi l\u00e4mmitt\u00e4m\u00e4\u00e4n huonetta, my\u00f6s mahdollistamaan ruoan l\u00e4mmitt\u00e4misen.\",\"breadcrumb\":{\"@id\":\"https:\\\/\\\/kloon.kodukolle.ee\\\/tuote\\\/malmkamin-plamen-laguna\\\/#breadcrumb\"},\"inLanguage\":\"fi\",\"potentialAction\":[{\"@type\":\"ReadAction\",\"target\":[\"https:\\\/\\\/kloon.kodukolle.ee\\\/tuote\\\/malmkamin-plamen-laguna\\\/\"]}]},{\"@type\":\"ImageObject\",\"inLanguage\":\"fi\",\"@id\":\"https:\\\/\\\/kloon.kodukolle.ee\\\/tuote\\\/malmkamin-plamen-laguna\\\/#primaryimage\",\"url\":\"https:\\\/\\\/kloon.kodukolle.ee\\\/wp-content\\\/uploads\\\/2021\\\/05\\\/Plamen-Laguna-1.jpg\",\"contentUrl\":\"https:\\\/\\\/kloon.kodukolle.ee\\\/wp-content\\\/uploads\\\/2021\\\/05\\\/Plamen-Laguna-1.jpg\",\"width\":1365,\"height\":1560,\"caption\":\"Plamen Laguna\"},{\"@type\":\"BreadcrumbList\",\"@id\":\"https:\\\/\\\/kloon.kodukolle.ee\\\/tuote\\\/malmkamin-plamen-laguna\\\/#breadcrumb\",\"itemListElement\":[{\"@type\":\"ListItem\",\"position\":1,\"name\":\"Home\",\"item\":\"https:\\\/\\\/kloon.kodukolle.ee\\\/fi\\\/\"},{\"@type\":\"ListItem\",\"position\":2,\"name\":\"Tuotteet\",\"item\":\"https:\\\/\\\/kloon.kodukolle.ee\\\/fi\\\/tuotteet\\\/\"},{\"@type\":\"ListItem\",\"position\":3,\"name\":\"Valurautatakka Plamen LAGUNA\"}]},{\"@type\":\"WebSite\",\"@id\":\"https:\\\/\\\/kloon.kodukolle.ee\\\/#website\",\"url\":\"https:\\\/\\\/kloon.kodukolle.ee\\\/\",\"name\":\"Kodukolle\",\"description\":\"\",\"publisher\":{\"@id\":\"https:\\\/\\\/kloon.kodukolle.ee\\\/#organization\"},\"potentialAction\":[{\"@type\":\"SearchAction\",\"target\":{\"@type\":\"EntryPoint\",\"urlTemplate\":\"https:\\\/\\\/kloon.kodukolle.ee\\\/?s={search_term_string}\"},\"query-input\":{\"@type\":\"PropertyValueSpecification\",\"valueRequired\":true,\"valueName\":\"search_term_string\"}}],\"inLanguage\":\"fi\"},{\"@type\":\"Organization\",\"@id\":\"https:\\\/\\\/kloon.kodukolle.ee\\\/#organization\",\"name\":\"Kodukolle\",\"url\":\"https:\\\/\\\/kloon.kodukolle.ee\\\/\",\"logo\":{\"@type\":\"ImageObject\",\"inLanguage\":\"fi\",\"@id\":\"https:\\\/\\\/kloon.kodukolle.ee\\\/#\\\/schema\\\/logo\\\/image\\\/\",\"url\":\"https:\\\/\\\/kloon.kodukolle.ee\\\/wp-content\\\/uploads\\\/2025\\\/06\\\/logo_must_gradient.svg\",\"contentUrl\":\"https:\\\/\\\/kloon.kodukolle.ee\\\/wp-content\\\/uploads\\\/2025\\\/06\\\/logo_must_gradient.svg\",\"caption\":\"Kodukolle\"},\"image\":{\"@id\":\"https:\\\/\\\/kloon.kodukolle.ee\\\/#\\\/schema\\\/logo\\\/image\\\/\"}}]}<\/script>\n<!-- \/ Yoast SEO plugin. -->","yoast_head_json":{"title":"Valurautatakka Plamen LAGUNA - Kodukolle","description":"yylik\u00e4s Plamen Laguna valurautatakka on monipuolinen tuote, joka on suunniteltu paitsi l\u00e4mmitt\u00e4m\u00e4\u00e4n huonetta, my\u00f6s mahdollistamaan ruoan l\u00e4mmitt\u00e4misen.","robots":{"index":"noindex","follow":"follow","max-snippet":"max-snippet:-1","max-image-preview":"max-image-preview:large","max-video-preview":"max-video-preview:-1"},"og_locale":"fi_FI","og_type":"article","og_title":"Valurautatakka Plamen LAGUNA - Kodukolle","og_description":"yylik\u00e4s Plamen Laguna valurautatakka on monipuolinen tuote, joka on suunniteltu paitsi l\u00e4mmitt\u00e4m\u00e4\u00e4n huonetta, my\u00f6s mahdollistamaan ruoan l\u00e4mmitt\u00e4misen.","og_url":"https:\/\/kloon.kodukolle.ee\/tuote\/malmkamin-plamen-laguna\/","og_site_name":"Kodukolle","article_modified_time":"2023-12-22T10:55:52+00:00","og_image":[{"width":1365,"height":1560,"url":"https:\/\/kloon.kodukolle.ee\/wp-content\/uploads\/2021\/05\/Plamen-Laguna-1.jpg","type":"image\/jpeg"}],"twitter_card":"summary_large_image","schema":{"@context":"https:\/\/schema.org","@graph":[{"@type":"WebPage","@id":"https:\/\/kloon.kodukolle.ee\/tuote\/malmkamin-plamen-laguna\/","url":"https:\/\/kloon.kodukolle.ee\/tuote\/malmkamin-plamen-laguna\/","name":"Valurautatakka Plamen LAGUNA - Kodukolle","isPartOf":{"@id":"https:\/\/kloon.kodukolle.ee\/#website"},"primaryImageOfPage":{"@id":"https:\/\/kloon.kodukolle.ee\/tuote\/malmkamin-plamen-laguna\/#primaryimage"},"image":{"@id":"https:\/\/kloon.kodukolle.ee\/tuote\/malmkamin-plamen-laguna\/#primaryimage"},"thumbnailUrl":"https:\/\/kloon.kodukolle.ee\/wp-content\/uploads\/2021\/05\/Plamen-Laguna-1.jpg","datePublished":"2021-05-14T10:31:26+00:00","dateModified":"2023-12-22T10:55:52+00:00","description":"yylik\u00e4s Plamen Laguna valurautatakka on monipuolinen tuote, joka on suunniteltu paitsi l\u00e4mmitt\u00e4m\u00e4\u00e4n huonetta, my\u00f6s mahdollistamaan ruoan l\u00e4mmitt\u00e4misen.","breadcrumb":{"@id":"https:\/\/kloon.kodukolle.ee\/tuote\/malmkamin-plamen-laguna\/#breadcrumb"},"inLanguage":"fi","potentialAction":[{"@type":"ReadAction","target":["https:\/\/kloon.kodukolle.ee\/tuote\/malmkamin-plamen-laguna\/"]}]},{"@type":"ImageObject","inLanguage":"fi","@id":"https:\/\/kloon.kodukolle.ee\/tuote\/malmkamin-plamen-laguna\/#primaryimage","url":"https:\/\/kloon.kodukolle.ee\/wp-content\/uploads\/2021\/05\/Plamen-Laguna-1.jpg","contentUrl":"https:\/\/kloon.kodukolle.ee\/wp-content\/uploads\/2021\/05\/Plamen-Laguna-1.jpg","width":1365,"height":1560,"caption":"Plamen Laguna"},{"@type":"BreadcrumbList","@id":"https:\/\/kloon.kodukolle.ee\/tuote\/malmkamin-plamen-laguna\/#breadcrumb","itemListElement":[{"@type":"ListItem","position":1,"name":"Home","item":"https:\/\/kloon.kodukolle.ee\/fi\/"},{"@type":"ListItem","position":2,"name":"Tuotteet","item":"https:\/\/kloon.kodukolle.ee\/fi\/tuotteet\/"},{"@type":"ListItem","position":3,"name":"Valurautatakka Plamen LAGUNA"}]},{"@type":"WebSite","@id":"https:\/\/kloon.kodukolle.ee\/#website","url":"https:\/\/kloon.kodukolle.ee\/","name":"Kodukolle","description":"","publisher":{"@id":"https:\/\/kloon.kodukolle.ee\/#organization"},"potentialAction":[{"@type":"SearchAction","target":{"@type":"EntryPoint","urlTemplate":"https:\/\/kloon.kodukolle.ee\/?s={search_term_string}"},"query-input":{"@type":"PropertyValueSpecification","valueRequired":true,"valueName":"search_term_string"}}],"inLanguage":"fi"},{"@type":"Organization","@id":"https:\/\/kloon.kodukolle.ee\/#organization","name":"Kodukolle","url":"https:\/\/kloon.kodukolle.ee\/","logo":{"@type":"ImageObject","inLanguage":"fi","@id":"https:\/\/kloon.kodukolle.ee\/#\/schema\/logo\/image\/","url":"https:\/\/kloon.kodukolle.ee\/wp-content\/uploads\/2025\/06\/logo_must_gradient.svg","contentUrl":"https:\/\/kloon.kodukolle.ee\/wp-content\/uploads\/2025\/06\/logo_must_gradient.svg","caption":"Kodukolle"},"image":{"@id":"https:\/\/kloon.kodukolle.ee\/#\/schema\/logo\/image\/"}}]}},"_links":{"self":[{"href":"https:\/\/kloon.kodukolle.ee\/fi\/wp-json\/wp\/v2\/product\/26180","targetHints":{"allow":["GET"]}}],"collection":[{"href":"https:\/\/kloon.kodukolle.ee\/fi\/wp-json\/wp\/v2\/product"}],"about":[{"href":"https:\/\/kloon.kodukolle.ee\/fi\/wp-json\/wp\/v2\/types\/product"}],"wp:featuredmedia":[{"embeddable":true,"href":"https:\/\/kloon.kodukolle.ee\/fi\/wp-json\/wp\/v2\/media\/17032"}],"wp:attachment":[{"href":"https:\/\/kloon.kodukolle.ee\/fi\/wp-json\/wp\/v2\/media?parent=26180"}],"wp:term":[{"taxonomy":"product_brand","embeddable":true,"href":"https:\/\/kloon.kodukolle.ee\/fi\/wp-json\/wp\/v2\/product_brand?post=26180"},{"taxonomy":"product_cat","embeddable":true,"href":"https:\/\/kloon.kodukolle.ee\/fi\/wp-json\/wp\/v2\/product_cat?post=26180"},{"taxonomy":"product_tag","embeddable":true,"href":"https:\/\/kloon.kodukolle.ee\/fi\/wp-json\/wp\/v2\/product_tag?post=26180"}],"curies":[{"name":"wp","href":"https:\/\/api.w.org\/{rel}","templated":true}]}}