{"id":26194,"date":"2019-10-09T10:08:33","date_gmt":"2019-10-09T07:08:33","guid":{"rendered":"https:\/\/kloon.kodukolle.ee\/?post_type=product&#038;p=26194"},"modified":"2023-12-22T13:32:15","modified_gmt":"2023-12-22T11:32:15","slug":"valurautatakka-plamen-aria","status":"publish","type":"product","link":"https:\/\/kloon.kodukolle.ee\/fi\/tuote\/valurautatakka-plamen-aria\/","title":{"rendered":"Valurautatakka Plamen ARIA"},"content":{"rendered":"<p>Tyylik\u00e4s Plamen Aria valurautatakka &#8211; loistava yhdistelm\u00e4 muotoilua, laatua ja poikkeuksellista suorituskyky\u00e4, sopii kaikkiin kotiin. Takka on valmistettu korkealaatuisesta valuraudasta ja emaloitu kauniin ja tyylikk\u00e4\u00e4n ulkon\u00e4\u00f6n saavuttamiseksi. Erityinen ilmansy\u00f6tt\u00f6menetelm\u00e4 varmistaa lasipinnan puhtauden koko palamisajan. Tekniset prosessit ja laadukas materiaali takaavat vakaan ja vankan rakenteen turvalliseen ja pitk\u00e4kestoiseen k\u00e4ytt\u00f6\u00f6n. Huippuluokan toiminnallisuutta edulliseen hintaan.\n<\/ul>\n<p>&nbsp;<\/p>\n","protected":false},"excerpt":{"rendered":"<p>Tyylik\u00e4s Plamen Aria valurautatakka &#8211; loistava yhdistelm\u00e4 muotoilua, laatua ja poikkeuksellista suorituskyky\u00e4, sopii kaikkiin kotiin. Takka on valmistettu korkealaatuisesta valuraudasta ja emaloitu kauniin ja tyylikk\u00e4\u00e4n ulkon\u00e4\u00f6n saavuttamiseksi. Erityinen ilmansy\u00f6tt\u00f6menetelm\u00e4 varmistaa lasipinnan puhtauden koko palamisajan. Tekniset prosessit ja laadukas materiaali takaavat vakaan ja vankan rakenteen turvalliseen ja pitk\u00e4kestoiseen k\u00e4ytt\u00f6\u00f6n. Huippuluokan toiminnallisuutta edulliseen hintaan.<\/p>\n","protected":false},"featured_media":26195,"template":"","meta":{"_acf_changed":false},"product_brand":[],"product_cat":[9620,9723],"product_tag":[],"class_list":{"0":"post-26194","1":"product","2":"type-product","3":"status-publish","4":"has-post-thumbnail","6":"brands-plamen-fi","7":"product_cat-takat","8":"product_cat-ale","10":"first","11":"instock","12":"shipping-taxable","13":"purchasable","14":"product-type-simple"},"acf":[],"yoast_head":"<!-- This site is optimized with the Yoast SEO plugin v27.3 - https:\/\/yoast.com\/product\/yoast-seo-wordpress\/ -->\n<title>Valurautatakka Plamen ARIA - Kodukolle<\/title>\n<meta name=\"description\" content=\"Tyylik\u00e4s Plamen Aria valurautatakka - loistava yhdistelm\u00e4 muotoilua, laatua ja poikkeuksellista suorituskyky\u00e4, sopii kaikkiin kotiin.\" \/>\n<meta name=\"robots\" content=\"noindex, follow, max-snippet:-1, max-image-preview:large, max-video-preview:-1\" \/>\n<meta property=\"og:locale\" content=\"fi_FI\" \/>\n<meta property=\"og:type\" content=\"article\" \/>\n<meta property=\"og:title\" content=\"Valurautatakka Plamen ARIA - Kodukolle\" \/>\n<meta property=\"og:description\" content=\"Tyylik\u00e4s Plamen Aria valurautatakka - loistava yhdistelm\u00e4 muotoilua, laatua ja poikkeuksellista suorituskyky\u00e4, sopii kaikkiin kotiin.\" \/>\n<meta property=\"og:url\" content=\"https:\/\/kloon.kodukolle.ee\/tuote\/malmkamin-plamen-aria\/\" \/>\n<meta property=\"og:site_name\" content=\"Kodukolle\" \/>\n<meta property=\"article:modified_time\" content=\"2023-12-22T11:32:15+00:00\" \/>\n<meta property=\"og:image\" content=\"https:\/\/kloon.kodukolle.ee\/wp-content\/uploads\/2019\/10\/Aria-Plamen_v_interjere.jpg\" \/>\n\t<meta property=\"og:image:width\" content=\"1300\" \/>\n\t<meta property=\"og:image:height\" content=\"1725\" \/>\n\t<meta property=\"og:image:type\" content=\"image\/jpeg\" \/>\n<meta name=\"twitter:card\" content=\"summary_large_image\" \/>\n<script type=\"application\/ld+json\" class=\"yoast-schema-graph\">{\"@context\":\"https:\\\/\\\/schema.org\",\"@graph\":[{\"@type\":\"WebPage\",\"@id\":\"https:\\\/\\\/kloon.kodukolle.ee\\\/tuote\\\/malmkamin-plamen-aria\\\/\",\"url\":\"https:\\\/\\\/kloon.kodukolle.ee\\\/tuote\\\/malmkamin-plamen-aria\\\/\",\"name\":\"Valurautatakka Plamen ARIA - Kodukolle\",\"isPartOf\":{\"@id\":\"https:\\\/\\\/kloon.kodukolle.ee\\\/#website\"},\"primaryImageOfPage\":{\"@id\":\"https:\\\/\\\/kloon.kodukolle.ee\\\/tuote\\\/malmkamin-plamen-aria\\\/#primaryimage\"},\"image\":{\"@id\":\"https:\\\/\\\/kloon.kodukolle.ee\\\/tuote\\\/malmkamin-plamen-aria\\\/#primaryimage\"},\"thumbnailUrl\":\"https:\\\/\\\/kloon.kodukolle.ee\\\/wp-content\\\/uploads\\\/2019\\\/10\\\/Aria-Plamen_v_interjere.jpg\",\"datePublished\":\"2019-10-09T07:08:33+00:00\",\"dateModified\":\"2023-12-22T11:32:15+00:00\",\"description\":\"Tyylik\u00e4s Plamen Aria valurautatakka - loistava yhdistelm\u00e4 muotoilua, laatua ja poikkeuksellista suorituskyky\u00e4, sopii kaikkiin kotiin.\",\"breadcrumb\":{\"@id\":\"https:\\\/\\\/kloon.kodukolle.ee\\\/tuote\\\/malmkamin-plamen-aria\\\/#breadcrumb\"},\"inLanguage\":\"fi\",\"potentialAction\":[{\"@type\":\"ReadAction\",\"target\":[\"https:\\\/\\\/kloon.kodukolle.ee\\\/tuote\\\/malmkamin-plamen-aria\\\/\"]}]},{\"@type\":\"ImageObject\",\"inLanguage\":\"fi\",\"@id\":\"https:\\\/\\\/kloon.kodukolle.ee\\\/tuote\\\/malmkamin-plamen-aria\\\/#primaryimage\",\"url\":\"https:\\\/\\\/kloon.kodukolle.ee\\\/wp-content\\\/uploads\\\/2019\\\/10\\\/Aria-Plamen_v_interjere.jpg\",\"contentUrl\":\"https:\\\/\\\/kloon.kodukolle.ee\\\/wp-content\\\/uploads\\\/2019\\\/10\\\/Aria-Plamen_v_interjere.jpg\",\"width\":1300,\"height\":1725},{\"@type\":\"BreadcrumbList\",\"@id\":\"https:\\\/\\\/kloon.kodukolle.ee\\\/tuote\\\/malmkamin-plamen-aria\\\/#breadcrumb\",\"itemListElement\":[{\"@type\":\"ListItem\",\"position\":1,\"name\":\"Home\",\"item\":\"https:\\\/\\\/kloon.kodukolle.ee\\\/fi\\\/\"},{\"@type\":\"ListItem\",\"position\":2,\"name\":\"Tuotteet\",\"item\":\"https:\\\/\\\/kloon.kodukolle.ee\\\/fi\\\/tuotteet\\\/\"},{\"@type\":\"ListItem\",\"position\":3,\"name\":\"Valurautatakka Plamen ARIA\"}]},{\"@type\":\"WebSite\",\"@id\":\"https:\\\/\\\/kloon.kodukolle.ee\\\/#website\",\"url\":\"https:\\\/\\\/kloon.kodukolle.ee\\\/\",\"name\":\"Kodukolle\",\"description\":\"\",\"publisher\":{\"@id\":\"https:\\\/\\\/kloon.kodukolle.ee\\\/#organization\"},\"potentialAction\":[{\"@type\":\"SearchAction\",\"target\":{\"@type\":\"EntryPoint\",\"urlTemplate\":\"https:\\\/\\\/kloon.kodukolle.ee\\\/?s={search_term_string}\"},\"query-input\":{\"@type\":\"PropertyValueSpecification\",\"valueRequired\":true,\"valueName\":\"search_term_string\"}}],\"inLanguage\":\"fi\"},{\"@type\":\"Organization\",\"@id\":\"https:\\\/\\\/kloon.kodukolle.ee\\\/#organization\",\"name\":\"Kodukolle\",\"url\":\"https:\\\/\\\/kloon.kodukolle.ee\\\/\",\"logo\":{\"@type\":\"ImageObject\",\"inLanguage\":\"fi\",\"@id\":\"https:\\\/\\\/kloon.kodukolle.ee\\\/#\\\/schema\\\/logo\\\/image\\\/\",\"url\":\"https:\\\/\\\/kloon.kodukolle.ee\\\/wp-content\\\/uploads\\\/2025\\\/06\\\/logo_must_gradient.svg\",\"contentUrl\":\"https:\\\/\\\/kloon.kodukolle.ee\\\/wp-content\\\/uploads\\\/2025\\\/06\\\/logo_must_gradient.svg\",\"caption\":\"Kodukolle\"},\"image\":{\"@id\":\"https:\\\/\\\/kloon.kodukolle.ee\\\/#\\\/schema\\\/logo\\\/image\\\/\"}}]}<\/script>\n<!-- \/ Yoast SEO plugin. -->","yoast_head_json":{"title":"Valurautatakka Plamen ARIA - Kodukolle","description":"Tyylik\u00e4s Plamen Aria valurautatakka - loistava yhdistelm\u00e4 muotoilua, laatua ja poikkeuksellista suorituskyky\u00e4, sopii kaikkiin kotiin.","robots":{"index":"noindex","follow":"follow","max-snippet":"max-snippet:-1","max-image-preview":"max-image-preview:large","max-video-preview":"max-video-preview:-1"},"og_locale":"fi_FI","og_type":"article","og_title":"Valurautatakka Plamen ARIA - Kodukolle","og_description":"Tyylik\u00e4s Plamen Aria valurautatakka - loistava yhdistelm\u00e4 muotoilua, laatua ja poikkeuksellista suorituskyky\u00e4, sopii kaikkiin kotiin.","og_url":"https:\/\/kloon.kodukolle.ee\/tuote\/malmkamin-plamen-aria\/","og_site_name":"Kodukolle","article_modified_time":"2023-12-22T11:32:15+00:00","og_image":[{"width":1300,"height":1725,"url":"https:\/\/kloon.kodukolle.ee\/wp-content\/uploads\/2019\/10\/Aria-Plamen_v_interjere.jpg","type":"image\/jpeg"}],"twitter_card":"summary_large_image","schema":{"@context":"https:\/\/schema.org","@graph":[{"@type":"WebPage","@id":"https:\/\/kloon.kodukolle.ee\/tuote\/malmkamin-plamen-aria\/","url":"https:\/\/kloon.kodukolle.ee\/tuote\/malmkamin-plamen-aria\/","name":"Valurautatakka Plamen ARIA - Kodukolle","isPartOf":{"@id":"https:\/\/kloon.kodukolle.ee\/#website"},"primaryImageOfPage":{"@id":"https:\/\/kloon.kodukolle.ee\/tuote\/malmkamin-plamen-aria\/#primaryimage"},"image":{"@id":"https:\/\/kloon.kodukolle.ee\/tuote\/malmkamin-plamen-aria\/#primaryimage"},"thumbnailUrl":"https:\/\/kloon.kodukolle.ee\/wp-content\/uploads\/2019\/10\/Aria-Plamen_v_interjere.jpg","datePublished":"2019-10-09T07:08:33+00:00","dateModified":"2023-12-22T11:32:15+00:00","description":"Tyylik\u00e4s Plamen Aria valurautatakka - loistava yhdistelm\u00e4 muotoilua, laatua ja poikkeuksellista suorituskyky\u00e4, sopii kaikkiin kotiin.","breadcrumb":{"@id":"https:\/\/kloon.kodukolle.ee\/tuote\/malmkamin-plamen-aria\/#breadcrumb"},"inLanguage":"fi","potentialAction":[{"@type":"ReadAction","target":["https:\/\/kloon.kodukolle.ee\/tuote\/malmkamin-plamen-aria\/"]}]},{"@type":"ImageObject","inLanguage":"fi","@id":"https:\/\/kloon.kodukolle.ee\/tuote\/malmkamin-plamen-aria\/#primaryimage","url":"https:\/\/kloon.kodukolle.ee\/wp-content\/uploads\/2019\/10\/Aria-Plamen_v_interjere.jpg","contentUrl":"https:\/\/kloon.kodukolle.ee\/wp-content\/uploads\/2019\/10\/Aria-Plamen_v_interjere.jpg","width":1300,"height":1725},{"@type":"BreadcrumbList","@id":"https:\/\/kloon.kodukolle.ee\/tuote\/malmkamin-plamen-aria\/#breadcrumb","itemListElement":[{"@type":"ListItem","position":1,"name":"Home","item":"https:\/\/kloon.kodukolle.ee\/fi\/"},{"@type":"ListItem","position":2,"name":"Tuotteet","item":"https:\/\/kloon.kodukolle.ee\/fi\/tuotteet\/"},{"@type":"ListItem","position":3,"name":"Valurautatakka Plamen ARIA"}]},{"@type":"WebSite","@id":"https:\/\/kloon.kodukolle.ee\/#website","url":"https:\/\/kloon.kodukolle.ee\/","name":"Kodukolle","description":"","publisher":{"@id":"https:\/\/kloon.kodukolle.ee\/#organization"},"potentialAction":[{"@type":"SearchAction","target":{"@type":"EntryPoint","urlTemplate":"https:\/\/kloon.kodukolle.ee\/?s={search_term_string}"},"query-input":{"@type":"PropertyValueSpecification","valueRequired":true,"valueName":"search_term_string"}}],"inLanguage":"fi"},{"@type":"Organization","@id":"https:\/\/kloon.kodukolle.ee\/#organization","name":"Kodukolle","url":"https:\/\/kloon.kodukolle.ee\/","logo":{"@type":"ImageObject","inLanguage":"fi","@id":"https:\/\/kloon.kodukolle.ee\/#\/schema\/logo\/image\/","url":"https:\/\/kloon.kodukolle.ee\/wp-content\/uploads\/2025\/06\/logo_must_gradient.svg","contentUrl":"https:\/\/kloon.kodukolle.ee\/wp-content\/uploads\/2025\/06\/logo_must_gradient.svg","caption":"Kodukolle"},"image":{"@id":"https:\/\/kloon.kodukolle.ee\/#\/schema\/logo\/image\/"}}]}},"_links":{"self":[{"href":"https:\/\/kloon.kodukolle.ee\/fi\/wp-json\/wp\/v2\/product\/26194","targetHints":{"allow":["GET"]}}],"collection":[{"href":"https:\/\/kloon.kodukolle.ee\/fi\/wp-json\/wp\/v2\/product"}],"about":[{"href":"https:\/\/kloon.kodukolle.ee\/fi\/wp-json\/wp\/v2\/types\/product"}],"wp:featuredmedia":[{"embeddable":true,"href":"https:\/\/kloon.kodukolle.ee\/fi\/wp-json\/wp\/v2\/media\/26195"}],"wp:attachment":[{"href":"https:\/\/kloon.kodukolle.ee\/fi\/wp-json\/wp\/v2\/media?parent=26194"}],"wp:term":[{"taxonomy":"product_brand","embeddable":true,"href":"https:\/\/kloon.kodukolle.ee\/fi\/wp-json\/wp\/v2\/product_brand?post=26194"},{"taxonomy":"product_cat","embeddable":true,"href":"https:\/\/kloon.kodukolle.ee\/fi\/wp-json\/wp\/v2\/product_cat?post=26194"},{"taxonomy":"product_tag","embeddable":true,"href":"https:\/\/kloon.kodukolle.ee\/fi\/wp-json\/wp\/v2\/product_tag?post=26194"}],"curies":[{"name":"wp","href":"https:\/\/api.w.org\/{rel}","templated":true}]}}