{"id":26202,"date":"2019-07-31T09:53:52","date_gmt":"2019-07-31T06:53:52","guid":{"rendered":"https:\/\/kloon.kodukolle.ee\/?post_type=product&#038;p=26202"},"modified":"2023-12-22T14:06:05","modified_gmt":"2023-12-22T12:06:05","slug":"takkasydan-plamen-vesta-insert","status":"publish","type":"product","link":"https:\/\/kloon.kodukolle.ee\/fi\/tuote\/takkasydan-plamen-vesta-insert\/","title":{"rendered":"Takkasyd\u00e4n Plamen VESTA insert"},"content":{"rendered":"<p>Plamen Vesta insert valurautatakkasyd\u00e4n on moderni ja tehokas l\u00e4mmityslaite. Sen lis\u00e4ksi, ett\u00e4 se l\u00e4mmitt\u00e4\u00e4 t\u00e4ydellisesti huonetta, se on my\u00f6s tyylik\u00e4s aksentti sisustuksessa. L\u00e4mmityskammio on valmistettu korkealaatuisesta valuraudasta, ja sen l\u00e4mm\u00f6npoistokyky on erinomainen, se kest\u00e4\u00e4 korkeita l\u00e4mp\u00f6tiloja ja kest\u00e4\u00e4 muodonmuutoksia ajan my\u00f6t\u00e4. Mahdollisuus ymp\u00e4r\u00f6id\u00e4 takkasyd\u00e4men omien ideoiden mukaan mukautetulla koristemuurauksella, joka luo miellytt\u00e4v\u00e4n ja kodikkaan tunnelman jokaiseen kotiin.<br \/>\n&nbsp;<\/p>\n","protected":false},"excerpt":{"rendered":"<p>Plamen Vesta insert valurautatakkasyd\u00e4n on moderni ja tehokas l\u00e4mmityslaite. Sen lis\u00e4ksi, ett\u00e4 se l\u00e4mmitt\u00e4\u00e4 t\u00e4ydellisesti huonetta, se on my\u00f6s tyylik\u00e4s aksentti sisustuksessa. L\u00e4mmityskammio on valmistettu korkealaatuisesta valuraudasta, ja sen l\u00e4mm\u00f6npoistokyky on erinomainen, se kest\u00e4\u00e4 korkeita l\u00e4mp\u00f6tiloja ja kest\u00e4\u00e4 muodonmuutoksia ajan my\u00f6t\u00e4. Mahdollisuus ymp\u00e4r\u00f6id\u00e4 takkasyd\u00e4men omien ideoiden mukaan mukautetulla koristemuurauksella, joka luo miellytt\u00e4v\u00e4n ja kodikkaan tunnelman jokaiseen kotiin.<\/p>\n","protected":false},"featured_media":16982,"template":"","meta":{"_acf_changed":false},"product_brand":[],"product_cat":[9690,9723],"product_tag":[],"class_list":{"0":"post-26202","1":"product","2":"type-product","3":"status-publish","4":"has-post-thumbnail","6":"brands-plamen-fi","7":"product_cat-takkasydamet","8":"product_cat-ale","10":"first","11":"instock","12":"shipping-taxable","13":"product-type-simple"},"acf":[],"yoast_head":"<!-- This site is optimized with the Yoast SEO plugin v27.3 - https:\/\/yoast.com\/product\/yoast-seo-wordpress\/ -->\n<title>Takkasyd\u00e4n Plamen VESTA insert - Kodukolle<\/title>\n<meta name=\"description\" content=\"Plamen Vesta insert valurautatakkasyd\u00e4n on moderni ja tehokas l\u00e4mmityslaite. Sen lis\u00e4ksi, ett\u00e4 se l\u00e4mmitt\u00e4\u00e4 t\u00e4ydellisesti huonetta, se on my\u00f6s tyylik\u00e4s aksentti sisustuksessa.\" \/>\n<meta name=\"robots\" content=\"noindex, follow, max-snippet:-1, max-image-preview:large, max-video-preview:-1\" \/>\n<meta property=\"og:locale\" content=\"fi_FI\" \/>\n<meta property=\"og:type\" content=\"article\" \/>\n<meta property=\"og:title\" content=\"Takkasyd\u00e4n Plamen VESTA insert - Kodukolle\" \/>\n<meta property=\"og:description\" content=\"Plamen Vesta insert valurautatakkasyd\u00e4n on moderni ja tehokas l\u00e4mmityslaite. Sen lis\u00e4ksi, ett\u00e4 se l\u00e4mmitt\u00e4\u00e4 t\u00e4ydellisesti huonetta, se on my\u00f6s tyylik\u00e4s aksentti sisustuksessa.\" \/>\n<meta property=\"og:url\" content=\"https:\/\/kloon.kodukolle.ee\/tuote\/kaminasudamik-plamen-vesta\/\" \/>\n<meta property=\"og:site_name\" content=\"Kodukolle\" \/>\n<meta property=\"article:modified_time\" content=\"2023-12-22T12:06:05+00:00\" \/>\n<meta property=\"og:image\" content=\"https:\/\/kloon.kodukolle.ee\/wp-content\/uploads\/2019\/07\/Plamen-Vesta-Insert_1.jpg\" \/>\n\t<meta property=\"og:image:width\" content=\"545\" \/>\n\t<meta property=\"og:image:height\" content=\"495\" \/>\n\t<meta property=\"og:image:type\" content=\"image\/jpeg\" \/>\n<meta name=\"twitter:card\" content=\"summary_large_image\" \/>\n<script type=\"application\/ld+json\" class=\"yoast-schema-graph\">{\"@context\":\"https:\\\/\\\/schema.org\",\"@graph\":[{\"@type\":\"WebPage\",\"@id\":\"https:\\\/\\\/kloon.kodukolle.ee\\\/tuote\\\/kaminasudamik-plamen-vesta\\\/\",\"url\":\"https:\\\/\\\/kloon.kodukolle.ee\\\/tuote\\\/kaminasudamik-plamen-vesta\\\/\",\"name\":\"Takkasyd\u00e4n Plamen VESTA insert - Kodukolle\",\"isPartOf\":{\"@id\":\"https:\\\/\\\/kloon.kodukolle.ee\\\/#website\"},\"primaryImageOfPage\":{\"@id\":\"https:\\\/\\\/kloon.kodukolle.ee\\\/tuote\\\/kaminasudamik-plamen-vesta\\\/#primaryimage\"},\"image\":{\"@id\":\"https:\\\/\\\/kloon.kodukolle.ee\\\/tuote\\\/kaminasudamik-plamen-vesta\\\/#primaryimage\"},\"thumbnailUrl\":\"https:\\\/\\\/kloon.kodukolle.ee\\\/wp-content\\\/uploads\\\/2019\\\/07\\\/Plamen-Vesta-Insert_1.jpg\",\"datePublished\":\"2019-07-31T06:53:52+00:00\",\"dateModified\":\"2023-12-22T12:06:05+00:00\",\"description\":\"Plamen Vesta insert valurautatakkasyd\u00e4n on moderni ja tehokas l\u00e4mmityslaite. Sen lis\u00e4ksi, ett\u00e4 se l\u00e4mmitt\u00e4\u00e4 t\u00e4ydellisesti huonetta, se on my\u00f6s tyylik\u00e4s aksentti sisustuksessa.\",\"breadcrumb\":{\"@id\":\"https:\\\/\\\/kloon.kodukolle.ee\\\/tuote\\\/kaminasudamik-plamen-vesta\\\/#breadcrumb\"},\"inLanguage\":\"fi\",\"potentialAction\":[{\"@type\":\"ReadAction\",\"target\":[\"https:\\\/\\\/kloon.kodukolle.ee\\\/tuote\\\/kaminasudamik-plamen-vesta\\\/\"]}]},{\"@type\":\"ImageObject\",\"inLanguage\":\"fi\",\"@id\":\"https:\\\/\\\/kloon.kodukolle.ee\\\/tuote\\\/kaminasudamik-plamen-vesta\\\/#primaryimage\",\"url\":\"https:\\\/\\\/kloon.kodukolle.ee\\\/wp-content\\\/uploads\\\/2019\\\/07\\\/Plamen-Vesta-Insert_1.jpg\",\"contentUrl\":\"https:\\\/\\\/kloon.kodukolle.ee\\\/wp-content\\\/uploads\\\/2019\\\/07\\\/Plamen-Vesta-Insert_1.jpg\",\"width\":545,\"height\":495},{\"@type\":\"BreadcrumbList\",\"@id\":\"https:\\\/\\\/kloon.kodukolle.ee\\\/tuote\\\/kaminasudamik-plamen-vesta\\\/#breadcrumb\",\"itemListElement\":[{\"@type\":\"ListItem\",\"position\":1,\"name\":\"Home\",\"item\":\"https:\\\/\\\/kloon.kodukolle.ee\\\/fi\\\/\"},{\"@type\":\"ListItem\",\"position\":2,\"name\":\"Tuotteet\",\"item\":\"https:\\\/\\\/kloon.kodukolle.ee\\\/fi\\\/tuotteet\\\/\"},{\"@type\":\"ListItem\",\"position\":3,\"name\":\"Takkasyd\u00e4n Plamen VESTA insert\"}]},{\"@type\":\"WebSite\",\"@id\":\"https:\\\/\\\/kloon.kodukolle.ee\\\/#website\",\"url\":\"https:\\\/\\\/kloon.kodukolle.ee\\\/\",\"name\":\"Kodukolle\",\"description\":\"\",\"publisher\":{\"@id\":\"https:\\\/\\\/kloon.kodukolle.ee\\\/#organization\"},\"potentialAction\":[{\"@type\":\"SearchAction\",\"target\":{\"@type\":\"EntryPoint\",\"urlTemplate\":\"https:\\\/\\\/kloon.kodukolle.ee\\\/?s={search_term_string}\"},\"query-input\":{\"@type\":\"PropertyValueSpecification\",\"valueRequired\":true,\"valueName\":\"search_term_string\"}}],\"inLanguage\":\"fi\"},{\"@type\":\"Organization\",\"@id\":\"https:\\\/\\\/kloon.kodukolle.ee\\\/#organization\",\"name\":\"Kodukolle\",\"url\":\"https:\\\/\\\/kloon.kodukolle.ee\\\/\",\"logo\":{\"@type\":\"ImageObject\",\"inLanguage\":\"fi\",\"@id\":\"https:\\\/\\\/kloon.kodukolle.ee\\\/#\\\/schema\\\/logo\\\/image\\\/\",\"url\":\"https:\\\/\\\/kloon.kodukolle.ee\\\/wp-content\\\/uploads\\\/2025\\\/06\\\/logo_must_gradient.svg\",\"contentUrl\":\"https:\\\/\\\/kloon.kodukolle.ee\\\/wp-content\\\/uploads\\\/2025\\\/06\\\/logo_must_gradient.svg\",\"caption\":\"Kodukolle\"},\"image\":{\"@id\":\"https:\\\/\\\/kloon.kodukolle.ee\\\/#\\\/schema\\\/logo\\\/image\\\/\"}}]}<\/script>\n<!-- \/ Yoast SEO plugin. -->","yoast_head_json":{"title":"Takkasyd\u00e4n Plamen VESTA insert - Kodukolle","description":"Plamen Vesta insert valurautatakkasyd\u00e4n on moderni ja tehokas l\u00e4mmityslaite. Sen lis\u00e4ksi, ett\u00e4 se l\u00e4mmitt\u00e4\u00e4 t\u00e4ydellisesti huonetta, se on my\u00f6s tyylik\u00e4s aksentti sisustuksessa.","robots":{"index":"noindex","follow":"follow","max-snippet":"max-snippet:-1","max-image-preview":"max-image-preview:large","max-video-preview":"max-video-preview:-1"},"og_locale":"fi_FI","og_type":"article","og_title":"Takkasyd\u00e4n Plamen VESTA insert - Kodukolle","og_description":"Plamen Vesta insert valurautatakkasyd\u00e4n on moderni ja tehokas l\u00e4mmityslaite. Sen lis\u00e4ksi, ett\u00e4 se l\u00e4mmitt\u00e4\u00e4 t\u00e4ydellisesti huonetta, se on my\u00f6s tyylik\u00e4s aksentti sisustuksessa.","og_url":"https:\/\/kloon.kodukolle.ee\/tuote\/kaminasudamik-plamen-vesta\/","og_site_name":"Kodukolle","article_modified_time":"2023-12-22T12:06:05+00:00","og_image":[{"width":545,"height":495,"url":"https:\/\/kloon.kodukolle.ee\/wp-content\/uploads\/2019\/07\/Plamen-Vesta-Insert_1.jpg","type":"image\/jpeg"}],"twitter_card":"summary_large_image","schema":{"@context":"https:\/\/schema.org","@graph":[{"@type":"WebPage","@id":"https:\/\/kloon.kodukolle.ee\/tuote\/kaminasudamik-plamen-vesta\/","url":"https:\/\/kloon.kodukolle.ee\/tuote\/kaminasudamik-plamen-vesta\/","name":"Takkasyd\u00e4n Plamen VESTA insert - Kodukolle","isPartOf":{"@id":"https:\/\/kloon.kodukolle.ee\/#website"},"primaryImageOfPage":{"@id":"https:\/\/kloon.kodukolle.ee\/tuote\/kaminasudamik-plamen-vesta\/#primaryimage"},"image":{"@id":"https:\/\/kloon.kodukolle.ee\/tuote\/kaminasudamik-plamen-vesta\/#primaryimage"},"thumbnailUrl":"https:\/\/kloon.kodukolle.ee\/wp-content\/uploads\/2019\/07\/Plamen-Vesta-Insert_1.jpg","datePublished":"2019-07-31T06:53:52+00:00","dateModified":"2023-12-22T12:06:05+00:00","description":"Plamen Vesta insert valurautatakkasyd\u00e4n on moderni ja tehokas l\u00e4mmityslaite. Sen lis\u00e4ksi, ett\u00e4 se l\u00e4mmitt\u00e4\u00e4 t\u00e4ydellisesti huonetta, se on my\u00f6s tyylik\u00e4s aksentti sisustuksessa.","breadcrumb":{"@id":"https:\/\/kloon.kodukolle.ee\/tuote\/kaminasudamik-plamen-vesta\/#breadcrumb"},"inLanguage":"fi","potentialAction":[{"@type":"ReadAction","target":["https:\/\/kloon.kodukolle.ee\/tuote\/kaminasudamik-plamen-vesta\/"]}]},{"@type":"ImageObject","inLanguage":"fi","@id":"https:\/\/kloon.kodukolle.ee\/tuote\/kaminasudamik-plamen-vesta\/#primaryimage","url":"https:\/\/kloon.kodukolle.ee\/wp-content\/uploads\/2019\/07\/Plamen-Vesta-Insert_1.jpg","contentUrl":"https:\/\/kloon.kodukolle.ee\/wp-content\/uploads\/2019\/07\/Plamen-Vesta-Insert_1.jpg","width":545,"height":495},{"@type":"BreadcrumbList","@id":"https:\/\/kloon.kodukolle.ee\/tuote\/kaminasudamik-plamen-vesta\/#breadcrumb","itemListElement":[{"@type":"ListItem","position":1,"name":"Home","item":"https:\/\/kloon.kodukolle.ee\/fi\/"},{"@type":"ListItem","position":2,"name":"Tuotteet","item":"https:\/\/kloon.kodukolle.ee\/fi\/tuotteet\/"},{"@type":"ListItem","position":3,"name":"Takkasyd\u00e4n Plamen VESTA insert"}]},{"@type":"WebSite","@id":"https:\/\/kloon.kodukolle.ee\/#website","url":"https:\/\/kloon.kodukolle.ee\/","name":"Kodukolle","description":"","publisher":{"@id":"https:\/\/kloon.kodukolle.ee\/#organization"},"potentialAction":[{"@type":"SearchAction","target":{"@type":"EntryPoint","urlTemplate":"https:\/\/kloon.kodukolle.ee\/?s={search_term_string}"},"query-input":{"@type":"PropertyValueSpecification","valueRequired":true,"valueName":"search_term_string"}}],"inLanguage":"fi"},{"@type":"Organization","@id":"https:\/\/kloon.kodukolle.ee\/#organization","name":"Kodukolle","url":"https:\/\/kloon.kodukolle.ee\/","logo":{"@type":"ImageObject","inLanguage":"fi","@id":"https:\/\/kloon.kodukolle.ee\/#\/schema\/logo\/image\/","url":"https:\/\/kloon.kodukolle.ee\/wp-content\/uploads\/2025\/06\/logo_must_gradient.svg","contentUrl":"https:\/\/kloon.kodukolle.ee\/wp-content\/uploads\/2025\/06\/logo_must_gradient.svg","caption":"Kodukolle"},"image":{"@id":"https:\/\/kloon.kodukolle.ee\/#\/schema\/logo\/image\/"}}]}},"_links":{"self":[{"href":"https:\/\/kloon.kodukolle.ee\/fi\/wp-json\/wp\/v2\/product\/26202","targetHints":{"allow":["GET"]}}],"collection":[{"href":"https:\/\/kloon.kodukolle.ee\/fi\/wp-json\/wp\/v2\/product"}],"about":[{"href":"https:\/\/kloon.kodukolle.ee\/fi\/wp-json\/wp\/v2\/types\/product"}],"wp:featuredmedia":[{"embeddable":true,"href":"https:\/\/kloon.kodukolle.ee\/fi\/wp-json\/wp\/v2\/media\/16982"}],"wp:attachment":[{"href":"https:\/\/kloon.kodukolle.ee\/fi\/wp-json\/wp\/v2\/media?parent=26202"}],"wp:term":[{"taxonomy":"product_brand","embeddable":true,"href":"https:\/\/kloon.kodukolle.ee\/fi\/wp-json\/wp\/v2\/product_brand?post=26202"},{"taxonomy":"product_cat","embeddable":true,"href":"https:\/\/kloon.kodukolle.ee\/fi\/wp-json\/wp\/v2\/product_cat?post=26202"},{"taxonomy":"product_tag","embeddable":true,"href":"https:\/\/kloon.kodukolle.ee\/fi\/wp-json\/wp\/v2\/product_tag?post=26202"}],"curies":[{"name":"wp","href":"https:\/\/api.w.org\/{rel}","templated":true}]}}