{"id":26296,"date":"2019-10-31T16:55:15","date_gmt":"2019-10-31T14:55:15","guid":{"rendered":"https:\/\/kloon.kodukolle.ee\/?post_type=product&#038;p=26296"},"modified":"2023-12-27T10:06:26","modified_gmt":"2023-12-27T08:06:26","slug":"design-takka-rocal-vertex","status":"publish","type":"product","link":"https:\/\/kloon.kodukolle.ee\/fi\/tuote\/design-takka-rocal-vertex\/","title":{"rendered":"Design takka Rocal VERTEX"},"content":{"rendered":"<p>Rocal Vertex -designtakka \u2013 arkkitehtoninen, hienostunut ja kompakti, sopii kaikkiin tiloihin. Rocal Vertex -designtakassa on kaksi kulmi ovea, jotka lis\u00e4\u00e4v\u00e4t sen muotoiluun ainutlaatuisen ja modernin ilmeen. N\u00e4m\u00e4 ovet eiv\u00e4t ainoastaan paranna sen estetiikkaa, vaan ne my\u00f6s helpottavat polttopuiden lastaamista ja tasaisen tulen yll\u00e4pit\u00e4mist\u00e4. Tyylikk\u00e4\u00e4n muotoilunsa ja tehokkaan polttoj\u00e4rjestelm\u00e4n lis\u00e4ksi Rocal Vertex -designtakassa on useita k\u00e4tevi\u00e4 ominaisuuksia, jotka yksinkertaistavat asennusta ja k\u00e4ytt\u00f6\u00e4. Takka voidaan asentaa sein\u00e4lle, ja vapaasti seisovan vaihtoehdon pit\u00e4ville Vertex tarjoaa my\u00f6s tukijalkaominaisuuden, jonka avulla takka voidaan sijoittaa lattialle.<br \/>\n&nbsp;<\/p>\n","protected":false},"excerpt":{"rendered":"<p>Rocal Vertex -designtakka \u2013 arkkitehtoninen, hienostunut ja kompakti, sopii kaikkiin tiloihin. Rocal Vertex -designtakassa on kaksi kulmi ovea, jotka lis\u00e4\u00e4v\u00e4t sen muotoiluun ainutlaatuisen ja modernin ilmeen. N\u00e4m\u00e4 ovet eiv\u00e4t ainoastaan paranna sen estetiikkaa, vaan ne my\u00f6s helpottavat polttopuiden lastaamista ja tasaisen tulen yll\u00e4pit\u00e4mist\u00e4.<\/p>\n","protected":false},"featured_media":10949,"template":"","meta":{"_acf_changed":false},"product_brand":[],"product_cat":[1584],"product_tag":[],"class_list":{"0":"post-26296","1":"product","2":"type-product","3":"status-publish","4":"has-post-thumbnail","6":"brands-rocal-fi","7":"product_cat-design-takat","9":"first","10":"instock","11":"shipping-taxable","12":"product-type-simple"},"acf":[],"yoast_head":"<!-- This site is optimized with the Yoast SEO plugin v27.3 - https:\/\/yoast.com\/product\/yoast-seo-wordpress\/ -->\n<title>Design takka Rocal VERTEX - Kodukolle<\/title>\n<meta name=\"description\" content=\"Rocal Vertex -designtakassa on kaksi kulmi ovea, jotka lis\u00e4\u00e4v\u00e4t sen muotoiluun ainutlaatuisen ja modernin ilmeen.\" \/>\n<meta name=\"robots\" content=\"noindex, follow, max-snippet:-1, max-image-preview:large, max-video-preview:-1\" \/>\n<meta property=\"og:locale\" content=\"fi_FI\" \/>\n<meta property=\"og:type\" content=\"article\" \/>\n<meta property=\"og:title\" content=\"Design takka Rocal VERTEX - Kodukolle\" \/>\n<meta property=\"og:description\" content=\"Rocal Vertex -designtakassa on kaksi kulmi ovea, jotka lis\u00e4\u00e4v\u00e4t sen muotoiluun ainutlaatuisen ja modernin ilmeen.\" \/>\n<meta property=\"og:url\" content=\"https:\/\/kloon.kodukolle.ee\/fi\/tuote\/design-takka-rocal-vertex\/\" \/>\n<meta property=\"og:site_name\" content=\"Kodukolle\" \/>\n<meta property=\"article:modified_time\" content=\"2023-12-27T08:06:26+00:00\" \/>\n<meta property=\"og:image\" content=\"https:\/\/kloon.kodukolle.ee\/wp-content\/uploads\/2019\/10\/Vertex-1.jpg\" \/>\n\t<meta property=\"og:image:width\" content=\"1580\" \/>\n\t<meta property=\"og:image:height\" content=\"1040\" \/>\n\t<meta property=\"og:image:type\" content=\"image\/jpeg\" \/>\n<meta name=\"twitter:card\" content=\"summary_large_image\" \/>\n<meta name=\"twitter:label1\" content=\"Est. reading time\" \/>\n\t<meta name=\"twitter:data1\" content=\"1 minuutti\" \/>\n<script type=\"application\/ld+json\" class=\"yoast-schema-graph\">{\"@context\":\"https:\\\/\\\/schema.org\",\"@graph\":[{\"@type\":\"WebPage\",\"@id\":\"https:\\\/\\\/kloon.kodukolle.ee\\\/fi\\\/tuote\\\/design-takka-rocal-vertex\\\/\",\"url\":\"https:\\\/\\\/kloon.kodukolle.ee\\\/fi\\\/tuote\\\/design-takka-rocal-vertex\\\/\",\"name\":\"Design takka Rocal VERTEX - Kodukolle\",\"isPartOf\":{\"@id\":\"https:\\\/\\\/kloon.kodukolle.ee\\\/#website\"},\"primaryImageOfPage\":{\"@id\":\"https:\\\/\\\/kloon.kodukolle.ee\\\/fi\\\/tuote\\\/design-takka-rocal-vertex\\\/#primaryimage\"},\"image\":{\"@id\":\"https:\\\/\\\/kloon.kodukolle.ee\\\/fi\\\/tuote\\\/design-takka-rocal-vertex\\\/#primaryimage\"},\"thumbnailUrl\":\"https:\\\/\\\/kloon.kodukolle.ee\\\/wp-content\\\/uploads\\\/2019\\\/10\\\/Vertex-1.jpg\",\"datePublished\":\"2019-10-31T14:55:15+00:00\",\"dateModified\":\"2023-12-27T08:06:26+00:00\",\"description\":\"Rocal Vertex -designtakassa on kaksi kulmi ovea, jotka lis\u00e4\u00e4v\u00e4t sen muotoiluun ainutlaatuisen ja modernin ilmeen.\",\"breadcrumb\":{\"@id\":\"https:\\\/\\\/kloon.kodukolle.ee\\\/fi\\\/tuote\\\/design-takka-rocal-vertex\\\/#breadcrumb\"},\"inLanguage\":\"fi\",\"potentialAction\":[{\"@type\":\"ReadAction\",\"target\":[\"https:\\\/\\\/kloon.kodukolle.ee\\\/fi\\\/tuote\\\/design-takka-rocal-vertex\\\/\"]}]},{\"@type\":\"ImageObject\",\"inLanguage\":\"fi\",\"@id\":\"https:\\\/\\\/kloon.kodukolle.ee\\\/fi\\\/tuote\\\/design-takka-rocal-vertex\\\/#primaryimage\",\"url\":\"https:\\\/\\\/kloon.kodukolle.ee\\\/wp-content\\\/uploads\\\/2019\\\/10\\\/Vertex-1.jpg\",\"contentUrl\":\"https:\\\/\\\/kloon.kodukolle.ee\\\/wp-content\\\/uploads\\\/2019\\\/10\\\/Vertex-1.jpg\",\"width\":1580,\"height\":1040},{\"@type\":\"BreadcrumbList\",\"@id\":\"https:\\\/\\\/kloon.kodukolle.ee\\\/fi\\\/tuote\\\/design-takka-rocal-vertex\\\/#breadcrumb\",\"itemListElement\":[{\"@type\":\"ListItem\",\"position\":1,\"name\":\"Home\",\"item\":\"https:\\\/\\\/kloon.kodukolle.ee\\\/fi\\\/\"},{\"@type\":\"ListItem\",\"position\":2,\"name\":\"Tuotteet\",\"item\":\"https:\\\/\\\/kloon.kodukolle.ee\\\/fi\\\/tuotteet\\\/\"},{\"@type\":\"ListItem\",\"position\":3,\"name\":\"Design takka Rocal VERTEX\"}]},{\"@type\":\"WebSite\",\"@id\":\"https:\\\/\\\/kloon.kodukolle.ee\\\/#website\",\"url\":\"https:\\\/\\\/kloon.kodukolle.ee\\\/\",\"name\":\"Kodukolle\",\"description\":\"\",\"publisher\":{\"@id\":\"https:\\\/\\\/kloon.kodukolle.ee\\\/#organization\"},\"potentialAction\":[{\"@type\":\"SearchAction\",\"target\":{\"@type\":\"EntryPoint\",\"urlTemplate\":\"https:\\\/\\\/kloon.kodukolle.ee\\\/?s={search_term_string}\"},\"query-input\":{\"@type\":\"PropertyValueSpecification\",\"valueRequired\":true,\"valueName\":\"search_term_string\"}}],\"inLanguage\":\"fi\"},{\"@type\":\"Organization\",\"@id\":\"https:\\\/\\\/kloon.kodukolle.ee\\\/#organization\",\"name\":\"Kodukolle\",\"url\":\"https:\\\/\\\/kloon.kodukolle.ee\\\/\",\"logo\":{\"@type\":\"ImageObject\",\"inLanguage\":\"fi\",\"@id\":\"https:\\\/\\\/kloon.kodukolle.ee\\\/#\\\/schema\\\/logo\\\/image\\\/\",\"url\":\"https:\\\/\\\/kloon.kodukolle.ee\\\/wp-content\\\/uploads\\\/2025\\\/06\\\/logo_must_gradient.svg\",\"contentUrl\":\"https:\\\/\\\/kloon.kodukolle.ee\\\/wp-content\\\/uploads\\\/2025\\\/06\\\/logo_must_gradient.svg\",\"caption\":\"Kodukolle\"},\"image\":{\"@id\":\"https:\\\/\\\/kloon.kodukolle.ee\\\/#\\\/schema\\\/logo\\\/image\\\/\"}}]}<\/script>\n<!-- \/ Yoast SEO plugin. -->","yoast_head_json":{"title":"Design takka Rocal VERTEX - Kodukolle","description":"Rocal Vertex -designtakassa on kaksi kulmi ovea, jotka lis\u00e4\u00e4v\u00e4t sen muotoiluun ainutlaatuisen ja modernin ilmeen.","robots":{"index":"noindex","follow":"follow","max-snippet":"max-snippet:-1","max-image-preview":"max-image-preview:large","max-video-preview":"max-video-preview:-1"},"og_locale":"fi_FI","og_type":"article","og_title":"Design takka Rocal VERTEX - Kodukolle","og_description":"Rocal Vertex -designtakassa on kaksi kulmi ovea, jotka lis\u00e4\u00e4v\u00e4t sen muotoiluun ainutlaatuisen ja modernin ilmeen.","og_url":"https:\/\/kloon.kodukolle.ee\/fi\/tuote\/design-takka-rocal-vertex\/","og_site_name":"Kodukolle","article_modified_time":"2023-12-27T08:06:26+00:00","og_image":[{"width":1580,"height":1040,"url":"https:\/\/kloon.kodukolle.ee\/wp-content\/uploads\/2019\/10\/Vertex-1.jpg","type":"image\/jpeg"}],"twitter_card":"summary_large_image","twitter_misc":{"Est. reading time":"1 minuutti"},"schema":{"@context":"https:\/\/schema.org","@graph":[{"@type":"WebPage","@id":"https:\/\/kloon.kodukolle.ee\/fi\/tuote\/design-takka-rocal-vertex\/","url":"https:\/\/kloon.kodukolle.ee\/fi\/tuote\/design-takka-rocal-vertex\/","name":"Design takka Rocal VERTEX - Kodukolle","isPartOf":{"@id":"https:\/\/kloon.kodukolle.ee\/#website"},"primaryImageOfPage":{"@id":"https:\/\/kloon.kodukolle.ee\/fi\/tuote\/design-takka-rocal-vertex\/#primaryimage"},"image":{"@id":"https:\/\/kloon.kodukolle.ee\/fi\/tuote\/design-takka-rocal-vertex\/#primaryimage"},"thumbnailUrl":"https:\/\/kloon.kodukolle.ee\/wp-content\/uploads\/2019\/10\/Vertex-1.jpg","datePublished":"2019-10-31T14:55:15+00:00","dateModified":"2023-12-27T08:06:26+00:00","description":"Rocal Vertex -designtakassa on kaksi kulmi ovea, jotka lis\u00e4\u00e4v\u00e4t sen muotoiluun ainutlaatuisen ja modernin ilmeen.","breadcrumb":{"@id":"https:\/\/kloon.kodukolle.ee\/fi\/tuote\/design-takka-rocal-vertex\/#breadcrumb"},"inLanguage":"fi","potentialAction":[{"@type":"ReadAction","target":["https:\/\/kloon.kodukolle.ee\/fi\/tuote\/design-takka-rocal-vertex\/"]}]},{"@type":"ImageObject","inLanguage":"fi","@id":"https:\/\/kloon.kodukolle.ee\/fi\/tuote\/design-takka-rocal-vertex\/#primaryimage","url":"https:\/\/kloon.kodukolle.ee\/wp-content\/uploads\/2019\/10\/Vertex-1.jpg","contentUrl":"https:\/\/kloon.kodukolle.ee\/wp-content\/uploads\/2019\/10\/Vertex-1.jpg","width":1580,"height":1040},{"@type":"BreadcrumbList","@id":"https:\/\/kloon.kodukolle.ee\/fi\/tuote\/design-takka-rocal-vertex\/#breadcrumb","itemListElement":[{"@type":"ListItem","position":1,"name":"Home","item":"https:\/\/kloon.kodukolle.ee\/fi\/"},{"@type":"ListItem","position":2,"name":"Tuotteet","item":"https:\/\/kloon.kodukolle.ee\/fi\/tuotteet\/"},{"@type":"ListItem","position":3,"name":"Design takka Rocal VERTEX"}]},{"@type":"WebSite","@id":"https:\/\/kloon.kodukolle.ee\/#website","url":"https:\/\/kloon.kodukolle.ee\/","name":"Kodukolle","description":"","publisher":{"@id":"https:\/\/kloon.kodukolle.ee\/#organization"},"potentialAction":[{"@type":"SearchAction","target":{"@type":"EntryPoint","urlTemplate":"https:\/\/kloon.kodukolle.ee\/?s={search_term_string}"},"query-input":{"@type":"PropertyValueSpecification","valueRequired":true,"valueName":"search_term_string"}}],"inLanguage":"fi"},{"@type":"Organization","@id":"https:\/\/kloon.kodukolle.ee\/#organization","name":"Kodukolle","url":"https:\/\/kloon.kodukolle.ee\/","logo":{"@type":"ImageObject","inLanguage":"fi","@id":"https:\/\/kloon.kodukolle.ee\/#\/schema\/logo\/image\/","url":"https:\/\/kloon.kodukolle.ee\/wp-content\/uploads\/2025\/06\/logo_must_gradient.svg","contentUrl":"https:\/\/kloon.kodukolle.ee\/wp-content\/uploads\/2025\/06\/logo_must_gradient.svg","caption":"Kodukolle"},"image":{"@id":"https:\/\/kloon.kodukolle.ee\/#\/schema\/logo\/image\/"}}]}},"_links":{"self":[{"href":"https:\/\/kloon.kodukolle.ee\/fi\/wp-json\/wp\/v2\/product\/26296","targetHints":{"allow":["GET"]}}],"collection":[{"href":"https:\/\/kloon.kodukolle.ee\/fi\/wp-json\/wp\/v2\/product"}],"about":[{"href":"https:\/\/kloon.kodukolle.ee\/fi\/wp-json\/wp\/v2\/types\/product"}],"wp:featuredmedia":[{"embeddable":true,"href":"https:\/\/kloon.kodukolle.ee\/fi\/wp-json\/wp\/v2\/media\/10949"}],"wp:attachment":[{"href":"https:\/\/kloon.kodukolle.ee\/fi\/wp-json\/wp\/v2\/media?parent=26296"}],"wp:term":[{"taxonomy":"product_brand","embeddable":true,"href":"https:\/\/kloon.kodukolle.ee\/fi\/wp-json\/wp\/v2\/product_brand?post=26296"},{"taxonomy":"product_cat","embeddable":true,"href":"https:\/\/kloon.kodukolle.ee\/fi\/wp-json\/wp\/v2\/product_cat?post=26296"},{"taxonomy":"product_tag","embeddable":true,"href":"https:\/\/kloon.kodukolle.ee\/fi\/wp-json\/wp\/v2\/product_tag?post=26296"}],"curies":[{"name":"wp","href":"https:\/\/api.w.org\/{rel}","templated":true}]}}