{"id":26305,"date":"2019-10-31T16:55:15","date_gmt":"2019-10-31T14:55:15","guid":{"rendered":"https:\/\/kloon.kodukolle.ee\/?post_type=product&#038;p=26305"},"modified":"2023-12-27T10:15:20","modified_gmt":"2023-12-27T08:15:20","slug":"design-takka-rocal-giselle-90-graffiti","status":"publish","type":"product","link":"https:\/\/kloon.kodukolle.ee\/fi\/tuote\/design-takka-rocal-giselle-90-graffiti\/","title":{"rendered":"Design takka Rocal GISELLE-90 GRAFFITI"},"content":{"rendered":"<p>Esittelyss\u00e4 Rocal Giselle-90 Graffiti-takka, joka on suunniteltu niille, jotka arvostavat oikean tulen kauneutta ja mukaansatempaavia keskusteluja. Giselle-90 tarjoaa t\u00e4ydellisen tunnelman tulen l\u00e4mm\u00f6n ymp\u00e4rille kokoontumiseen. T\u00e4m\u00e4 Rocalin design-takka ei vain ylpeile upealla estetiikalla, vaan tarjoaa my\u00f6s tehokkaan l\u00e4mmityksen kotiisi. Rocal Giselle-90 huokuu klassista vieh\u00e4tysvoimaa neli\u00f6nmuotoisella muotoilullaan ja perinteisell\u00e4 toppillaan. Takkaa parantaa entisest\u00e4\u00e4n mukana toimitettu koristeellinen hormikansi, joka lis\u00e4\u00e4 elementin eleganssia. T\u00e4m\u00e4n takan erottuva ominaisuus on kuitenkin sen 360 asteen lasi, jonka avulla voit nauttia kiehtovasta liekist\u00e4 mist\u00e4 tahansa huoneen kulmasta. Rocal Giselle-90 Graffiti yhdist\u00e4\u00e4 tyylin ja toimivuuden vaikuttaviin ominaisuuksiensa. Huomattavalla 77,5 %:n hy\u00f6tysuhteella ja 15 kW:n l\u00e4mp\u00f6teholla t\u00e4m\u00e4 takka takaa sek\u00e4 l\u00e4mp\u00f6\u00e4 ett\u00e4 eleganssia asuintilaasi. Se on erinomainen valinta jokaiselle, joka haluaa sisustaa kotiaan designtakalla, joka tarjoaa sek\u00e4 mukavuutta ett\u00e4 hienostuneisuutta.<\/p>\n<p>&nbsp;<\/p>\n","protected":false},"excerpt":{"rendered":"<p>Esittelyss\u00e4 Rocal Giselle-90 Graffiti-takka, joka on suunniteltu niille, jotka arvostavat oikean tulen kauneutta ja mukaansatempaavia keskusteluja. Giselle-90 tarjoaa t\u00e4ydellisen tunnelman tulen l\u00e4mm\u00f6n ymp\u00e4rille kokoontumiseen. T\u00e4m\u00e4 Rocalin design-takka ei vain ylpeile upealla estetiikalla, vaan tarjoaa my\u00f6s tehokkaan l\u00e4mmityksen kotiisi. Rocal Giselle-90 huokuu klassista vieh\u00e4tysvoimaa neli\u00f6nmuotoisella muotoilullaan ja perinteisell\u00e4 toppillaan.<\/p>\n","protected":false},"featured_media":11142,"template":"","meta":{"_acf_changed":false},"product_brand":[],"product_cat":[1584],"product_tag":[],"class_list":{"0":"post-26305","1":"product","2":"type-product","3":"status-publish","4":"has-post-thumbnail","6":"brands-rocal-fi","7":"product_cat-design-takat","9":"first","10":"instock","11":"shipping-taxable","12":"purchasable","13":"product-type-simple"},"acf":[],"yoast_head":"<!-- This site is optimized with the Yoast SEO plugin v27.3 - https:\/\/yoast.com\/product\/yoast-seo-wordpress\/ -->\n<title>Design takka Rocal GISELLE-90 GRAFFITI - Kodukolle<\/title>\n<meta name=\"description\" content=\"Esittelyss\u00e4 Rocal Giselle-90 Graffiti-takka, joka on suunniteltu niille, jotka arvostavat oikean tulen kauneutta ja mukaansatempaavia keskusteluja.\" \/>\n<meta name=\"robots\" content=\"noindex, follow, max-snippet:-1, max-image-preview:large, max-video-preview:-1\" \/>\n<meta property=\"og:locale\" content=\"fi_FI\" \/>\n<meta property=\"og:type\" content=\"article\" \/>\n<meta property=\"og:title\" content=\"Design takka Rocal GISELLE-90 GRAFFITI - Kodukolle\" \/>\n<meta property=\"og:description\" content=\"Esittelyss\u00e4 Rocal Giselle-90 Graffiti-takka, joka on suunniteltu niille, jotka arvostavat oikean tulen kauneutta ja mukaansatempaavia keskusteluja.\" \/>\n<meta property=\"og:url\" content=\"https:\/\/kloon.kodukolle.ee\/fi\/tuote\/design-takka-rocal-giselle-90-graffiti\/\" \/>\n<meta property=\"og:site_name\" content=\"Kodukolle\" \/>\n<meta property=\"article:modified_time\" content=\"2023-12-27T08:15:20+00:00\" \/>\n<meta property=\"og:image\" content=\"https:\/\/kloon.kodukolle.ee\/wp-content\/uploads\/2019\/10\/Giselle-90.jpg\" \/>\n\t<meta property=\"og:image:width\" content=\"1580\" \/>\n\t<meta property=\"og:image:height\" content=\"1040\" \/>\n\t<meta property=\"og:image:type\" content=\"image\/jpeg\" \/>\n<meta name=\"twitter:card\" content=\"summary_large_image\" \/>\n<script type=\"application\/ld+json\" class=\"yoast-schema-graph\">{\"@context\":\"https:\\\/\\\/schema.org\",\"@graph\":[{\"@type\":\"WebPage\",\"@id\":\"https:\\\/\\\/kloon.kodukolle.ee\\\/fi\\\/tuote\\\/design-takka-rocal-giselle-90-graffiti\\\/\",\"url\":\"https:\\\/\\\/kloon.kodukolle.ee\\\/fi\\\/tuote\\\/design-takka-rocal-giselle-90-graffiti\\\/\",\"name\":\"Design takka Rocal GISELLE-90 GRAFFITI - Kodukolle\",\"isPartOf\":{\"@id\":\"https:\\\/\\\/kloon.kodukolle.ee\\\/#website\"},\"primaryImageOfPage\":{\"@id\":\"https:\\\/\\\/kloon.kodukolle.ee\\\/fi\\\/tuote\\\/design-takka-rocal-giselle-90-graffiti\\\/#primaryimage\"},\"image\":{\"@id\":\"https:\\\/\\\/kloon.kodukolle.ee\\\/fi\\\/tuote\\\/design-takka-rocal-giselle-90-graffiti\\\/#primaryimage\"},\"thumbnailUrl\":\"https:\\\/\\\/kloon.kodukolle.ee\\\/wp-content\\\/uploads\\\/2019\\\/10\\\/Giselle-90.jpg\",\"datePublished\":\"2019-10-31T14:55:15+00:00\",\"dateModified\":\"2023-12-27T08:15:20+00:00\",\"description\":\"Esittelyss\u00e4 Rocal Giselle-90 Graffiti-takka, joka on suunniteltu niille, jotka arvostavat oikean tulen kauneutta ja mukaansatempaavia keskusteluja.\",\"breadcrumb\":{\"@id\":\"https:\\\/\\\/kloon.kodukolle.ee\\\/fi\\\/tuote\\\/design-takka-rocal-giselle-90-graffiti\\\/#breadcrumb\"},\"inLanguage\":\"fi\",\"potentialAction\":[{\"@type\":\"ReadAction\",\"target\":[\"https:\\\/\\\/kloon.kodukolle.ee\\\/fi\\\/tuote\\\/design-takka-rocal-giselle-90-graffiti\\\/\"]}]},{\"@type\":\"ImageObject\",\"inLanguage\":\"fi\",\"@id\":\"https:\\\/\\\/kloon.kodukolle.ee\\\/fi\\\/tuote\\\/design-takka-rocal-giselle-90-graffiti\\\/#primaryimage\",\"url\":\"https:\\\/\\\/kloon.kodukolle.ee\\\/wp-content\\\/uploads\\\/2019\\\/10\\\/Giselle-90.jpg\",\"contentUrl\":\"https:\\\/\\\/kloon.kodukolle.ee\\\/wp-content\\\/uploads\\\/2019\\\/10\\\/Giselle-90.jpg\",\"width\":1580,\"height\":1040},{\"@type\":\"BreadcrumbList\",\"@id\":\"https:\\\/\\\/kloon.kodukolle.ee\\\/fi\\\/tuote\\\/design-takka-rocal-giselle-90-graffiti\\\/#breadcrumb\",\"itemListElement\":[{\"@type\":\"ListItem\",\"position\":1,\"name\":\"Home\",\"item\":\"https:\\\/\\\/kloon.kodukolle.ee\\\/fi\\\/\"},{\"@type\":\"ListItem\",\"position\":2,\"name\":\"Tuotteet\",\"item\":\"https:\\\/\\\/kloon.kodukolle.ee\\\/fi\\\/tuotteet\\\/\"},{\"@type\":\"ListItem\",\"position\":3,\"name\":\"Design takka Rocal GISELLE-90 GRAFFITI\"}]},{\"@type\":\"WebSite\",\"@id\":\"https:\\\/\\\/kloon.kodukolle.ee\\\/#website\",\"url\":\"https:\\\/\\\/kloon.kodukolle.ee\\\/\",\"name\":\"Kodukolle\",\"description\":\"\",\"publisher\":{\"@id\":\"https:\\\/\\\/kloon.kodukolle.ee\\\/#organization\"},\"potentialAction\":[{\"@type\":\"SearchAction\",\"target\":{\"@type\":\"EntryPoint\",\"urlTemplate\":\"https:\\\/\\\/kloon.kodukolle.ee\\\/?s={search_term_string}\"},\"query-input\":{\"@type\":\"PropertyValueSpecification\",\"valueRequired\":true,\"valueName\":\"search_term_string\"}}],\"inLanguage\":\"fi\"},{\"@type\":\"Organization\",\"@id\":\"https:\\\/\\\/kloon.kodukolle.ee\\\/#organization\",\"name\":\"Kodukolle\",\"url\":\"https:\\\/\\\/kloon.kodukolle.ee\\\/\",\"logo\":{\"@type\":\"ImageObject\",\"inLanguage\":\"fi\",\"@id\":\"https:\\\/\\\/kloon.kodukolle.ee\\\/#\\\/schema\\\/logo\\\/image\\\/\",\"url\":\"https:\\\/\\\/kloon.kodukolle.ee\\\/wp-content\\\/uploads\\\/2025\\\/06\\\/logo_must_gradient.svg\",\"contentUrl\":\"https:\\\/\\\/kloon.kodukolle.ee\\\/wp-content\\\/uploads\\\/2025\\\/06\\\/logo_must_gradient.svg\",\"caption\":\"Kodukolle\"},\"image\":{\"@id\":\"https:\\\/\\\/kloon.kodukolle.ee\\\/#\\\/schema\\\/logo\\\/image\\\/\"}}]}<\/script>\n<!-- \/ Yoast SEO plugin. -->","yoast_head_json":{"title":"Design takka Rocal GISELLE-90 GRAFFITI - Kodukolle","description":"Esittelyss\u00e4 Rocal Giselle-90 Graffiti-takka, joka on suunniteltu niille, jotka arvostavat oikean tulen kauneutta ja mukaansatempaavia keskusteluja.","robots":{"index":"noindex","follow":"follow","max-snippet":"max-snippet:-1","max-image-preview":"max-image-preview:large","max-video-preview":"max-video-preview:-1"},"og_locale":"fi_FI","og_type":"article","og_title":"Design takka Rocal GISELLE-90 GRAFFITI - Kodukolle","og_description":"Esittelyss\u00e4 Rocal Giselle-90 Graffiti-takka, joka on suunniteltu niille, jotka arvostavat oikean tulen kauneutta ja mukaansatempaavia keskusteluja.","og_url":"https:\/\/kloon.kodukolle.ee\/fi\/tuote\/design-takka-rocal-giselle-90-graffiti\/","og_site_name":"Kodukolle","article_modified_time":"2023-12-27T08:15:20+00:00","og_image":[{"width":1580,"height":1040,"url":"https:\/\/kloon.kodukolle.ee\/wp-content\/uploads\/2019\/10\/Giselle-90.jpg","type":"image\/jpeg"}],"twitter_card":"summary_large_image","schema":{"@context":"https:\/\/schema.org","@graph":[{"@type":"WebPage","@id":"https:\/\/kloon.kodukolle.ee\/fi\/tuote\/design-takka-rocal-giselle-90-graffiti\/","url":"https:\/\/kloon.kodukolle.ee\/fi\/tuote\/design-takka-rocal-giselle-90-graffiti\/","name":"Design takka Rocal GISELLE-90 GRAFFITI - Kodukolle","isPartOf":{"@id":"https:\/\/kloon.kodukolle.ee\/#website"},"primaryImageOfPage":{"@id":"https:\/\/kloon.kodukolle.ee\/fi\/tuote\/design-takka-rocal-giselle-90-graffiti\/#primaryimage"},"image":{"@id":"https:\/\/kloon.kodukolle.ee\/fi\/tuote\/design-takka-rocal-giselle-90-graffiti\/#primaryimage"},"thumbnailUrl":"https:\/\/kloon.kodukolle.ee\/wp-content\/uploads\/2019\/10\/Giselle-90.jpg","datePublished":"2019-10-31T14:55:15+00:00","dateModified":"2023-12-27T08:15:20+00:00","description":"Esittelyss\u00e4 Rocal Giselle-90 Graffiti-takka, joka on suunniteltu niille, jotka arvostavat oikean tulen kauneutta ja mukaansatempaavia keskusteluja.","breadcrumb":{"@id":"https:\/\/kloon.kodukolle.ee\/fi\/tuote\/design-takka-rocal-giselle-90-graffiti\/#breadcrumb"},"inLanguage":"fi","potentialAction":[{"@type":"ReadAction","target":["https:\/\/kloon.kodukolle.ee\/fi\/tuote\/design-takka-rocal-giselle-90-graffiti\/"]}]},{"@type":"ImageObject","inLanguage":"fi","@id":"https:\/\/kloon.kodukolle.ee\/fi\/tuote\/design-takka-rocal-giselle-90-graffiti\/#primaryimage","url":"https:\/\/kloon.kodukolle.ee\/wp-content\/uploads\/2019\/10\/Giselle-90.jpg","contentUrl":"https:\/\/kloon.kodukolle.ee\/wp-content\/uploads\/2019\/10\/Giselle-90.jpg","width":1580,"height":1040},{"@type":"BreadcrumbList","@id":"https:\/\/kloon.kodukolle.ee\/fi\/tuote\/design-takka-rocal-giselle-90-graffiti\/#breadcrumb","itemListElement":[{"@type":"ListItem","position":1,"name":"Home","item":"https:\/\/kloon.kodukolle.ee\/fi\/"},{"@type":"ListItem","position":2,"name":"Tuotteet","item":"https:\/\/kloon.kodukolle.ee\/fi\/tuotteet\/"},{"@type":"ListItem","position":3,"name":"Design takka Rocal GISELLE-90 GRAFFITI"}]},{"@type":"WebSite","@id":"https:\/\/kloon.kodukolle.ee\/#website","url":"https:\/\/kloon.kodukolle.ee\/","name":"Kodukolle","description":"","publisher":{"@id":"https:\/\/kloon.kodukolle.ee\/#organization"},"potentialAction":[{"@type":"SearchAction","target":{"@type":"EntryPoint","urlTemplate":"https:\/\/kloon.kodukolle.ee\/?s={search_term_string}"},"query-input":{"@type":"PropertyValueSpecification","valueRequired":true,"valueName":"search_term_string"}}],"inLanguage":"fi"},{"@type":"Organization","@id":"https:\/\/kloon.kodukolle.ee\/#organization","name":"Kodukolle","url":"https:\/\/kloon.kodukolle.ee\/","logo":{"@type":"ImageObject","inLanguage":"fi","@id":"https:\/\/kloon.kodukolle.ee\/#\/schema\/logo\/image\/","url":"https:\/\/kloon.kodukolle.ee\/wp-content\/uploads\/2025\/06\/logo_must_gradient.svg","contentUrl":"https:\/\/kloon.kodukolle.ee\/wp-content\/uploads\/2025\/06\/logo_must_gradient.svg","caption":"Kodukolle"},"image":{"@id":"https:\/\/kloon.kodukolle.ee\/#\/schema\/logo\/image\/"}}]}},"_links":{"self":[{"href":"https:\/\/kloon.kodukolle.ee\/fi\/wp-json\/wp\/v2\/product\/26305","targetHints":{"allow":["GET"]}}],"collection":[{"href":"https:\/\/kloon.kodukolle.ee\/fi\/wp-json\/wp\/v2\/product"}],"about":[{"href":"https:\/\/kloon.kodukolle.ee\/fi\/wp-json\/wp\/v2\/types\/product"}],"wp:featuredmedia":[{"embeddable":true,"href":"https:\/\/kloon.kodukolle.ee\/fi\/wp-json\/wp\/v2\/media\/11142"}],"wp:attachment":[{"href":"https:\/\/kloon.kodukolle.ee\/fi\/wp-json\/wp\/v2\/media?parent=26305"}],"wp:term":[{"taxonomy":"product_brand","embeddable":true,"href":"https:\/\/kloon.kodukolle.ee\/fi\/wp-json\/wp\/v2\/product_brand?post=26305"},{"taxonomy":"product_cat","embeddable":true,"href":"https:\/\/kloon.kodukolle.ee\/fi\/wp-json\/wp\/v2\/product_cat?post=26305"},{"taxonomy":"product_tag","embeddable":true,"href":"https:\/\/kloon.kodukolle.ee\/fi\/wp-json\/wp\/v2\/product_tag?post=26305"}],"curies":[{"name":"wp","href":"https:\/\/api.w.org\/{rel}","templated":true}]}}