{"id":26319,"date":"2019-10-31T16:55:14","date_gmt":"2019-10-31T14:55:14","guid":{"rendered":"https:\/\/kloon.kodukolle.ee\/?post_type=product&#038;p=26319"},"modified":"2023-12-27T10:21:48","modified_gmt":"2023-12-27T08:21:48","slug":"design-takka-rocal-oval","status":"publish","type":"product","link":"https:\/\/kloon.kodukolle.ee\/fi\/tuote\/design-takka-rocal-oval\/","title":{"rendered":"Design takka Rocal OVAL"},"content":{"rendered":"<p>Rocal Oval -designtakka on t\u00e4ydellinen valinta jokaiselle, joka etsii tyylik\u00e4st\u00e4, nykyaikaista takkaa, joka palaa yht\u00e4 hyvin kuin milt\u00e4 se n\u00e4ytt\u00e4\u00e4. Sen ainutlaatuinen soikea muoto ja suuri lasiovi mahdollistavat el\u00e4v\u00e4n tulen nauttimisen, ja se on helppo mukauttaa mihin tahansa huoneeseen. Lis\u00e4varusteena saatavilla jalusta, jotta tulisija voidaan asentaa my\u00f6s vapaasti seisovaksi takkaksi. Vaikuttavan suorituskyvyn lis\u00e4ksi Rocal Oval -designtakka on my\u00f6s ymp\u00e4rist\u00f6yst\u00e4v\u00e4llinen. Sen korkea hy\u00f6tysuhde 91 % tarkoittaa, ett\u00e4 se polttaa puuta tehokkaammin, mik\u00e4 v\u00e4hent\u00e4\u00e4 l\u00e4mmityskustannuksia ja p\u00e4\u00e4st\u00f6j\u00e4.<\/p>\n<p>&nbsp; <\/p>\n","protected":false},"excerpt":{"rendered":"<p>Rocal Oval -designtakka on t\u00e4ydellinen valinta jokaiselle, joka etsii tyylik\u00e4st\u00e4, nykyaikaista takkaa, joka palaa yht\u00e4 hyvin kuin milt\u00e4 se n\u00e4ytt\u00e4\u00e4. Sen ainutlaatuinen soikea muoto ja suuri lasiovi mahdollistavat el\u00e4v\u00e4n tulen nauttimisen, ja se on helppo mukauttaa mihin tahansa huoneeseen. Lis\u00e4varusteena saatavilla jalusta, jotta tulisija voidaan asentaa my\u00f6s vapaasti seisovaksi takkaksi.<\/p>\n","protected":false},"featured_media":10852,"template":"","meta":{"_acf_changed":false},"product_brand":[],"product_cat":[1584],"product_tag":[],"class_list":{"0":"post-26319","1":"product","2":"type-product","3":"status-publish","4":"has-post-thumbnail","6":"brands-rocal-fi","7":"product_cat-design-takat","9":"first","10":"instock","11":"shipping-taxable","12":"purchasable","13":"product-type-simple"},"acf":[],"yoast_head":"<!-- This site is optimized with the Yoast SEO plugin v27.3 - https:\/\/yoast.com\/product\/yoast-seo-wordpress\/ -->\n<title>Design takka Rocal OVAL - Kodukolle<\/title>\n<meta name=\"description\" content=\"Rocal Oval -designtakka on t\u00e4ydellinen valinta jokaiselle, joka etsii tyylik\u00e4st\u00e4, nykyaikaista takkaa, joka palaa yht\u00e4 hyvin kuin milt\u00e4 se n\u00e4ytt\u00e4\u00e4.\" \/>\n<meta name=\"robots\" content=\"noindex, follow, max-snippet:-1, max-image-preview:large, max-video-preview:-1\" \/>\n<meta property=\"og:locale\" content=\"fi_FI\" \/>\n<meta property=\"og:type\" content=\"article\" \/>\n<meta property=\"og:title\" content=\"Design takka Rocal OVAL - Kodukolle\" \/>\n<meta property=\"og:description\" content=\"Rocal Oval -designtakka on t\u00e4ydellinen valinta jokaiselle, joka etsii tyylik\u00e4st\u00e4, nykyaikaista takkaa, joka palaa yht\u00e4 hyvin kuin milt\u00e4 se n\u00e4ytt\u00e4\u00e4.\" \/>\n<meta property=\"og:url\" content=\"https:\/\/kloon.kodukolle.ee\/fi\/tuote\/design-takka-rocal-oval\/\" \/>\n<meta property=\"og:site_name\" content=\"Kodukolle\" \/>\n<meta property=\"article:modified_time\" content=\"2023-12-27T08:21:48+00:00\" \/>\n<meta property=\"og:image\" content=\"https:\/\/kloon.kodukolle.ee\/wp-content\/uploads\/2019\/10\/OVAL-AMBIENT-3.jpg\" \/>\n\t<meta property=\"og:image:width\" content=\"1580\" \/>\n\t<meta property=\"og:image:height\" content=\"1040\" \/>\n\t<meta property=\"og:image:type\" content=\"image\/jpeg\" \/>\n<meta name=\"twitter:card\" content=\"summary_large_image\" \/>\n<script type=\"application\/ld+json\" class=\"yoast-schema-graph\">{\"@context\":\"https:\\\/\\\/schema.org\",\"@graph\":[{\"@type\":\"WebPage\",\"@id\":\"https:\\\/\\\/kloon.kodukolle.ee\\\/fi\\\/tuote\\\/design-takka-rocal-oval\\\/\",\"url\":\"https:\\\/\\\/kloon.kodukolle.ee\\\/fi\\\/tuote\\\/design-takka-rocal-oval\\\/\",\"name\":\"Design takka Rocal OVAL - Kodukolle\",\"isPartOf\":{\"@id\":\"https:\\\/\\\/kloon.kodukolle.ee\\\/#website\"},\"primaryImageOfPage\":{\"@id\":\"https:\\\/\\\/kloon.kodukolle.ee\\\/fi\\\/tuote\\\/design-takka-rocal-oval\\\/#primaryimage\"},\"image\":{\"@id\":\"https:\\\/\\\/kloon.kodukolle.ee\\\/fi\\\/tuote\\\/design-takka-rocal-oval\\\/#primaryimage\"},\"thumbnailUrl\":\"https:\\\/\\\/kloon.kodukolle.ee\\\/wp-content\\\/uploads\\\/2019\\\/10\\\/OVAL-AMBIENT-3.jpg\",\"datePublished\":\"2019-10-31T14:55:14+00:00\",\"dateModified\":\"2023-12-27T08:21:48+00:00\",\"description\":\"Rocal Oval -designtakka on t\u00e4ydellinen valinta jokaiselle, joka etsii tyylik\u00e4st\u00e4, nykyaikaista takkaa, joka palaa yht\u00e4 hyvin kuin milt\u00e4 se n\u00e4ytt\u00e4\u00e4.\",\"breadcrumb\":{\"@id\":\"https:\\\/\\\/kloon.kodukolle.ee\\\/fi\\\/tuote\\\/design-takka-rocal-oval\\\/#breadcrumb\"},\"inLanguage\":\"fi\",\"potentialAction\":[{\"@type\":\"ReadAction\",\"target\":[\"https:\\\/\\\/kloon.kodukolle.ee\\\/fi\\\/tuote\\\/design-takka-rocal-oval\\\/\"]}]},{\"@type\":\"ImageObject\",\"inLanguage\":\"fi\",\"@id\":\"https:\\\/\\\/kloon.kodukolle.ee\\\/fi\\\/tuote\\\/design-takka-rocal-oval\\\/#primaryimage\",\"url\":\"https:\\\/\\\/kloon.kodukolle.ee\\\/wp-content\\\/uploads\\\/2019\\\/10\\\/OVAL-AMBIENT-3.jpg\",\"contentUrl\":\"https:\\\/\\\/kloon.kodukolle.ee\\\/wp-content\\\/uploads\\\/2019\\\/10\\\/OVAL-AMBIENT-3.jpg\",\"width\":1580,\"height\":1040},{\"@type\":\"BreadcrumbList\",\"@id\":\"https:\\\/\\\/kloon.kodukolle.ee\\\/fi\\\/tuote\\\/design-takka-rocal-oval\\\/#breadcrumb\",\"itemListElement\":[{\"@type\":\"ListItem\",\"position\":1,\"name\":\"Home\",\"item\":\"https:\\\/\\\/kloon.kodukolle.ee\\\/fi\\\/\"},{\"@type\":\"ListItem\",\"position\":2,\"name\":\"Tuotteet\",\"item\":\"https:\\\/\\\/kloon.kodukolle.ee\\\/fi\\\/tuotteet\\\/\"},{\"@type\":\"ListItem\",\"position\":3,\"name\":\"Design takka Rocal OVAL\"}]},{\"@type\":\"WebSite\",\"@id\":\"https:\\\/\\\/kloon.kodukolle.ee\\\/#website\",\"url\":\"https:\\\/\\\/kloon.kodukolle.ee\\\/\",\"name\":\"Kodukolle\",\"description\":\"\",\"publisher\":{\"@id\":\"https:\\\/\\\/kloon.kodukolle.ee\\\/#organization\"},\"potentialAction\":[{\"@type\":\"SearchAction\",\"target\":{\"@type\":\"EntryPoint\",\"urlTemplate\":\"https:\\\/\\\/kloon.kodukolle.ee\\\/?s={search_term_string}\"},\"query-input\":{\"@type\":\"PropertyValueSpecification\",\"valueRequired\":true,\"valueName\":\"search_term_string\"}}],\"inLanguage\":\"fi\"},{\"@type\":\"Organization\",\"@id\":\"https:\\\/\\\/kloon.kodukolle.ee\\\/#organization\",\"name\":\"Kodukolle\",\"url\":\"https:\\\/\\\/kloon.kodukolle.ee\\\/\",\"logo\":{\"@type\":\"ImageObject\",\"inLanguage\":\"fi\",\"@id\":\"https:\\\/\\\/kloon.kodukolle.ee\\\/#\\\/schema\\\/logo\\\/image\\\/\",\"url\":\"https:\\\/\\\/kloon.kodukolle.ee\\\/wp-content\\\/uploads\\\/2025\\\/06\\\/logo_must_gradient.svg\",\"contentUrl\":\"https:\\\/\\\/kloon.kodukolle.ee\\\/wp-content\\\/uploads\\\/2025\\\/06\\\/logo_must_gradient.svg\",\"caption\":\"Kodukolle\"},\"image\":{\"@id\":\"https:\\\/\\\/kloon.kodukolle.ee\\\/#\\\/schema\\\/logo\\\/image\\\/\"}}]}<\/script>\n<!-- \/ Yoast SEO plugin. -->","yoast_head_json":{"title":"Design takka Rocal OVAL - Kodukolle","description":"Rocal Oval -designtakka on t\u00e4ydellinen valinta jokaiselle, joka etsii tyylik\u00e4st\u00e4, nykyaikaista takkaa, joka palaa yht\u00e4 hyvin kuin milt\u00e4 se n\u00e4ytt\u00e4\u00e4.","robots":{"index":"noindex","follow":"follow","max-snippet":"max-snippet:-1","max-image-preview":"max-image-preview:large","max-video-preview":"max-video-preview:-1"},"og_locale":"fi_FI","og_type":"article","og_title":"Design takka Rocal OVAL - Kodukolle","og_description":"Rocal Oval -designtakka on t\u00e4ydellinen valinta jokaiselle, joka etsii tyylik\u00e4st\u00e4, nykyaikaista takkaa, joka palaa yht\u00e4 hyvin kuin milt\u00e4 se n\u00e4ytt\u00e4\u00e4.","og_url":"https:\/\/kloon.kodukolle.ee\/fi\/tuote\/design-takka-rocal-oval\/","og_site_name":"Kodukolle","article_modified_time":"2023-12-27T08:21:48+00:00","og_image":[{"width":1580,"height":1040,"url":"https:\/\/kloon.kodukolle.ee\/wp-content\/uploads\/2019\/10\/OVAL-AMBIENT-3.jpg","type":"image\/jpeg"}],"twitter_card":"summary_large_image","schema":{"@context":"https:\/\/schema.org","@graph":[{"@type":"WebPage","@id":"https:\/\/kloon.kodukolle.ee\/fi\/tuote\/design-takka-rocal-oval\/","url":"https:\/\/kloon.kodukolle.ee\/fi\/tuote\/design-takka-rocal-oval\/","name":"Design takka Rocal OVAL - Kodukolle","isPartOf":{"@id":"https:\/\/kloon.kodukolle.ee\/#website"},"primaryImageOfPage":{"@id":"https:\/\/kloon.kodukolle.ee\/fi\/tuote\/design-takka-rocal-oval\/#primaryimage"},"image":{"@id":"https:\/\/kloon.kodukolle.ee\/fi\/tuote\/design-takka-rocal-oval\/#primaryimage"},"thumbnailUrl":"https:\/\/kloon.kodukolle.ee\/wp-content\/uploads\/2019\/10\/OVAL-AMBIENT-3.jpg","datePublished":"2019-10-31T14:55:14+00:00","dateModified":"2023-12-27T08:21:48+00:00","description":"Rocal Oval -designtakka on t\u00e4ydellinen valinta jokaiselle, joka etsii tyylik\u00e4st\u00e4, nykyaikaista takkaa, joka palaa yht\u00e4 hyvin kuin milt\u00e4 se n\u00e4ytt\u00e4\u00e4.","breadcrumb":{"@id":"https:\/\/kloon.kodukolle.ee\/fi\/tuote\/design-takka-rocal-oval\/#breadcrumb"},"inLanguage":"fi","potentialAction":[{"@type":"ReadAction","target":["https:\/\/kloon.kodukolle.ee\/fi\/tuote\/design-takka-rocal-oval\/"]}]},{"@type":"ImageObject","inLanguage":"fi","@id":"https:\/\/kloon.kodukolle.ee\/fi\/tuote\/design-takka-rocal-oval\/#primaryimage","url":"https:\/\/kloon.kodukolle.ee\/wp-content\/uploads\/2019\/10\/OVAL-AMBIENT-3.jpg","contentUrl":"https:\/\/kloon.kodukolle.ee\/wp-content\/uploads\/2019\/10\/OVAL-AMBIENT-3.jpg","width":1580,"height":1040},{"@type":"BreadcrumbList","@id":"https:\/\/kloon.kodukolle.ee\/fi\/tuote\/design-takka-rocal-oval\/#breadcrumb","itemListElement":[{"@type":"ListItem","position":1,"name":"Home","item":"https:\/\/kloon.kodukolle.ee\/fi\/"},{"@type":"ListItem","position":2,"name":"Tuotteet","item":"https:\/\/kloon.kodukolle.ee\/fi\/tuotteet\/"},{"@type":"ListItem","position":3,"name":"Design takka Rocal OVAL"}]},{"@type":"WebSite","@id":"https:\/\/kloon.kodukolle.ee\/#website","url":"https:\/\/kloon.kodukolle.ee\/","name":"Kodukolle","description":"","publisher":{"@id":"https:\/\/kloon.kodukolle.ee\/#organization"},"potentialAction":[{"@type":"SearchAction","target":{"@type":"EntryPoint","urlTemplate":"https:\/\/kloon.kodukolle.ee\/?s={search_term_string}"},"query-input":{"@type":"PropertyValueSpecification","valueRequired":true,"valueName":"search_term_string"}}],"inLanguage":"fi"},{"@type":"Organization","@id":"https:\/\/kloon.kodukolle.ee\/#organization","name":"Kodukolle","url":"https:\/\/kloon.kodukolle.ee\/","logo":{"@type":"ImageObject","inLanguage":"fi","@id":"https:\/\/kloon.kodukolle.ee\/#\/schema\/logo\/image\/","url":"https:\/\/kloon.kodukolle.ee\/wp-content\/uploads\/2025\/06\/logo_must_gradient.svg","contentUrl":"https:\/\/kloon.kodukolle.ee\/wp-content\/uploads\/2025\/06\/logo_must_gradient.svg","caption":"Kodukolle"},"image":{"@id":"https:\/\/kloon.kodukolle.ee\/#\/schema\/logo\/image\/"}}]}},"_links":{"self":[{"href":"https:\/\/kloon.kodukolle.ee\/fi\/wp-json\/wp\/v2\/product\/26319","targetHints":{"allow":["GET"]}}],"collection":[{"href":"https:\/\/kloon.kodukolle.ee\/fi\/wp-json\/wp\/v2\/product"}],"about":[{"href":"https:\/\/kloon.kodukolle.ee\/fi\/wp-json\/wp\/v2\/types\/product"}],"wp:featuredmedia":[{"embeddable":true,"href":"https:\/\/kloon.kodukolle.ee\/fi\/wp-json\/wp\/v2\/media\/10852"}],"wp:attachment":[{"href":"https:\/\/kloon.kodukolle.ee\/fi\/wp-json\/wp\/v2\/media?parent=26319"}],"wp:term":[{"taxonomy":"product_brand","embeddable":true,"href":"https:\/\/kloon.kodukolle.ee\/fi\/wp-json\/wp\/v2\/product_brand?post=26319"},{"taxonomy":"product_cat","embeddable":true,"href":"https:\/\/kloon.kodukolle.ee\/fi\/wp-json\/wp\/v2\/product_cat?post=26319"},{"taxonomy":"product_tag","embeddable":true,"href":"https:\/\/kloon.kodukolle.ee\/fi\/wp-json\/wp\/v2\/product_tag?post=26319"}],"curies":[{"name":"wp","href":"https:\/\/api.w.org\/{rel}","templated":true}]}}