{"id":26384,"date":"2019-10-31T16:55:13","date_gmt":"2019-10-31T14:55:13","guid":{"rendered":"https:\/\/kloon.kodukolle.ee\/?post_type=product&#038;p=26384"},"modified":"2023-12-27T10:41:12","modified_gmt":"2023-12-27T08:41:12","slug":"design-takka-rocal-d-8","status":"publish","type":"product","link":"https:\/\/kloon.kodukolle.ee\/fi\/tuote\/design-takka-rocal-d-8\/","title":{"rendered":"Design takka Rocal D-8"},"content":{"rendered":"<p>Rocal D-8 design-takka on upea ja innovatiivinen lis\u00e4 jokaiseen kotiin. Takan ainutlaatuisessa kaarevassa muotoilussa on t\u00e4ydellisesti kalibroitu alasp\u00e4in avautuva ovi, joka lis\u00e4\u00e4 eleganttia ja modernia ilmett\u00e4 asuintilaasi. Yksi Rocal D-8 -designtakan erottuvista ominaisuuksista on sen monipuolisuus asennuksessa. Takka voidaan kiinnitt\u00e4\u00e4 sein\u00e4\u00e4n, ripustaa kattoon tai sijoittaa jalustalle. Siksi Rocal D-8 takka on tyylik\u00e4s ja tehokas valinta jokaiseen kotiin, sill\u00e4 se tarjoaa ainutlaatuisen soikean muotoilun, vaikuttavan l\u00e4mp\u00f6tehon ja tehokkuuden sek\u00e4 joustavat asennusvaihtoehdot.<\/p>\n<p>&nbsp;<\/p>\n","protected":false},"excerpt":{"rendered":"<p>Rocal D-8 design-takka on upea ja innovatiivinen lis\u00e4 jokaiseen kotiin. Takan ainutlaatuisessa kaarevassa muotoilussa on t\u00e4ydellisesti kalibroitu alasp\u00e4in avautuva ovi, joka lis\u00e4\u00e4 eleganttia ja modernia ilmett\u00e4 asuintilaasi. Yksi Rocal D-8 -designtakan erottuvista ominaisuuksista on sen monipuolisuus asennuksessa. Takka voidaan kiinnitt\u00e4\u00e4 sein\u00e4\u00e4n, ripustaa kattoon tai sijoittaa jalustalle.<\/p>\n","protected":false},"featured_media":11095,"template":"","meta":{"_acf_changed":false},"product_brand":[],"product_cat":[1584],"product_tag":[],"class_list":{"0":"post-26384","1":"product","2":"type-product","3":"status-publish","4":"has-post-thumbnail","6":"brands-rocal-fi","7":"product_cat-design-takat","9":"first","10":"instock","11":"shipping-taxable","12":"purchasable","13":"product-type-simple"},"acf":[],"yoast_head":"<!-- This site is optimized with the Yoast SEO plugin v27.3 - https:\/\/yoast.com\/product\/yoast-seo-wordpress\/ -->\n<title>Design takka Rocal D-8 - Kodukolle<\/title>\n<meta name=\"description\" content=\"Rocal D-8 design-takka on upea ja innovatiivinen lis\u00e4 jokaiseen kotiin. Takan ainutlaatuisessa kaarevassa muotoilussa on t\u00e4ydellisesti kalibroitu alasp\u00e4in avautuva ovi, joka lis\u00e4\u00e4 eleganttia ja modernia ilmett\u00e4 asuintilaasi.\" \/>\n<meta name=\"robots\" content=\"noindex, follow, max-snippet:-1, max-image-preview:large, max-video-preview:-1\" \/>\n<meta property=\"og:locale\" content=\"fi_FI\" \/>\n<meta property=\"og:type\" content=\"article\" \/>\n<meta property=\"og:title\" content=\"Design takka Rocal D-8 - Kodukolle\" \/>\n<meta property=\"og:description\" content=\"Rocal D-8 design-takka on upea ja innovatiivinen lis\u00e4 jokaiseen kotiin. Takan ainutlaatuisessa kaarevassa muotoilussa on t\u00e4ydellisesti kalibroitu alasp\u00e4in avautuva ovi, joka lis\u00e4\u00e4 eleganttia ja modernia ilmett\u00e4 asuintilaasi.\" \/>\n<meta property=\"og:url\" content=\"https:\/\/kloon.kodukolle.ee\/fi\/tuote\/design-takka-rocal-d-8\/\" \/>\n<meta property=\"og:site_name\" content=\"Kodukolle\" \/>\n<meta property=\"article:modified_time\" content=\"2023-12-27T08:41:12+00:00\" \/>\n<meta property=\"og:image\" content=\"https:\/\/kloon.kodukolle.ee\/wp-content\/uploads\/2019\/10\/Rocal-d-8_1.jpg\" \/>\n\t<meta property=\"og:image:width\" content=\"1580\" \/>\n\t<meta property=\"og:image:height\" content=\"1040\" \/>\n\t<meta property=\"og:image:type\" content=\"image\/jpeg\" \/>\n<meta name=\"twitter:card\" content=\"summary_large_image\" \/>\n<script type=\"application\/ld+json\" class=\"yoast-schema-graph\">{\"@context\":\"https:\\\/\\\/schema.org\",\"@graph\":[{\"@type\":\"WebPage\",\"@id\":\"https:\\\/\\\/kloon.kodukolle.ee\\\/fi\\\/tuote\\\/design-takka-rocal-d-8\\\/\",\"url\":\"https:\\\/\\\/kloon.kodukolle.ee\\\/fi\\\/tuote\\\/design-takka-rocal-d-8\\\/\",\"name\":\"Design takka Rocal D-8 - Kodukolle\",\"isPartOf\":{\"@id\":\"https:\\\/\\\/kloon.kodukolle.ee\\\/#website\"},\"primaryImageOfPage\":{\"@id\":\"https:\\\/\\\/kloon.kodukolle.ee\\\/fi\\\/tuote\\\/design-takka-rocal-d-8\\\/#primaryimage\"},\"image\":{\"@id\":\"https:\\\/\\\/kloon.kodukolle.ee\\\/fi\\\/tuote\\\/design-takka-rocal-d-8\\\/#primaryimage\"},\"thumbnailUrl\":\"https:\\\/\\\/kloon.kodukolle.ee\\\/wp-content\\\/uploads\\\/2019\\\/10\\\/Rocal-d-8_1.jpg\",\"datePublished\":\"2019-10-31T14:55:13+00:00\",\"dateModified\":\"2023-12-27T08:41:12+00:00\",\"description\":\"Rocal D-8 design-takka on upea ja innovatiivinen lis\u00e4 jokaiseen kotiin. Takan ainutlaatuisessa kaarevassa muotoilussa on t\u00e4ydellisesti kalibroitu alasp\u00e4in avautuva ovi, joka lis\u00e4\u00e4 eleganttia ja modernia ilmett\u00e4 asuintilaasi.\",\"breadcrumb\":{\"@id\":\"https:\\\/\\\/kloon.kodukolle.ee\\\/fi\\\/tuote\\\/design-takka-rocal-d-8\\\/#breadcrumb\"},\"inLanguage\":\"fi\",\"potentialAction\":[{\"@type\":\"ReadAction\",\"target\":[\"https:\\\/\\\/kloon.kodukolle.ee\\\/fi\\\/tuote\\\/design-takka-rocal-d-8\\\/\"]}]},{\"@type\":\"ImageObject\",\"inLanguage\":\"fi\",\"@id\":\"https:\\\/\\\/kloon.kodukolle.ee\\\/fi\\\/tuote\\\/design-takka-rocal-d-8\\\/#primaryimage\",\"url\":\"https:\\\/\\\/kloon.kodukolle.ee\\\/wp-content\\\/uploads\\\/2019\\\/10\\\/Rocal-d-8_1.jpg\",\"contentUrl\":\"https:\\\/\\\/kloon.kodukolle.ee\\\/wp-content\\\/uploads\\\/2019\\\/10\\\/Rocal-d-8_1.jpg\",\"width\":1580,\"height\":1040},{\"@type\":\"BreadcrumbList\",\"@id\":\"https:\\\/\\\/kloon.kodukolle.ee\\\/fi\\\/tuote\\\/design-takka-rocal-d-8\\\/#breadcrumb\",\"itemListElement\":[{\"@type\":\"ListItem\",\"position\":1,\"name\":\"Home\",\"item\":\"https:\\\/\\\/kloon.kodukolle.ee\\\/fi\\\/\"},{\"@type\":\"ListItem\",\"position\":2,\"name\":\"Tuotteet\",\"item\":\"https:\\\/\\\/kloon.kodukolle.ee\\\/fi\\\/tuotteet\\\/\"},{\"@type\":\"ListItem\",\"position\":3,\"name\":\"Design takka Rocal D-8\"}]},{\"@type\":\"WebSite\",\"@id\":\"https:\\\/\\\/kloon.kodukolle.ee\\\/#website\",\"url\":\"https:\\\/\\\/kloon.kodukolle.ee\\\/\",\"name\":\"Kodukolle\",\"description\":\"\",\"publisher\":{\"@id\":\"https:\\\/\\\/kloon.kodukolle.ee\\\/#organization\"},\"potentialAction\":[{\"@type\":\"SearchAction\",\"target\":{\"@type\":\"EntryPoint\",\"urlTemplate\":\"https:\\\/\\\/kloon.kodukolle.ee\\\/?s={search_term_string}\"},\"query-input\":{\"@type\":\"PropertyValueSpecification\",\"valueRequired\":true,\"valueName\":\"search_term_string\"}}],\"inLanguage\":\"fi\"},{\"@type\":\"Organization\",\"@id\":\"https:\\\/\\\/kloon.kodukolle.ee\\\/#organization\",\"name\":\"Kodukolle\",\"url\":\"https:\\\/\\\/kloon.kodukolle.ee\\\/\",\"logo\":{\"@type\":\"ImageObject\",\"inLanguage\":\"fi\",\"@id\":\"https:\\\/\\\/kloon.kodukolle.ee\\\/#\\\/schema\\\/logo\\\/image\\\/\",\"url\":\"https:\\\/\\\/kloon.kodukolle.ee\\\/wp-content\\\/uploads\\\/2025\\\/06\\\/logo_must_gradient.svg\",\"contentUrl\":\"https:\\\/\\\/kloon.kodukolle.ee\\\/wp-content\\\/uploads\\\/2025\\\/06\\\/logo_must_gradient.svg\",\"caption\":\"Kodukolle\"},\"image\":{\"@id\":\"https:\\\/\\\/kloon.kodukolle.ee\\\/#\\\/schema\\\/logo\\\/image\\\/\"}}]}<\/script>\n<!-- \/ Yoast SEO plugin. -->","yoast_head_json":{"title":"Design takka Rocal D-8 - Kodukolle","description":"Rocal D-8 design-takka on upea ja innovatiivinen lis\u00e4 jokaiseen kotiin. Takan ainutlaatuisessa kaarevassa muotoilussa on t\u00e4ydellisesti kalibroitu alasp\u00e4in avautuva ovi, joka lis\u00e4\u00e4 eleganttia ja modernia ilmett\u00e4 asuintilaasi.","robots":{"index":"noindex","follow":"follow","max-snippet":"max-snippet:-1","max-image-preview":"max-image-preview:large","max-video-preview":"max-video-preview:-1"},"og_locale":"fi_FI","og_type":"article","og_title":"Design takka Rocal D-8 - Kodukolle","og_description":"Rocal D-8 design-takka on upea ja innovatiivinen lis\u00e4 jokaiseen kotiin. Takan ainutlaatuisessa kaarevassa muotoilussa on t\u00e4ydellisesti kalibroitu alasp\u00e4in avautuva ovi, joka lis\u00e4\u00e4 eleganttia ja modernia ilmett\u00e4 asuintilaasi.","og_url":"https:\/\/kloon.kodukolle.ee\/fi\/tuote\/design-takka-rocal-d-8\/","og_site_name":"Kodukolle","article_modified_time":"2023-12-27T08:41:12+00:00","og_image":[{"width":1580,"height":1040,"url":"https:\/\/kloon.kodukolle.ee\/wp-content\/uploads\/2019\/10\/Rocal-d-8_1.jpg","type":"image\/jpeg"}],"twitter_card":"summary_large_image","schema":{"@context":"https:\/\/schema.org","@graph":[{"@type":"WebPage","@id":"https:\/\/kloon.kodukolle.ee\/fi\/tuote\/design-takka-rocal-d-8\/","url":"https:\/\/kloon.kodukolle.ee\/fi\/tuote\/design-takka-rocal-d-8\/","name":"Design takka Rocal D-8 - Kodukolle","isPartOf":{"@id":"https:\/\/kloon.kodukolle.ee\/#website"},"primaryImageOfPage":{"@id":"https:\/\/kloon.kodukolle.ee\/fi\/tuote\/design-takka-rocal-d-8\/#primaryimage"},"image":{"@id":"https:\/\/kloon.kodukolle.ee\/fi\/tuote\/design-takka-rocal-d-8\/#primaryimage"},"thumbnailUrl":"https:\/\/kloon.kodukolle.ee\/wp-content\/uploads\/2019\/10\/Rocal-d-8_1.jpg","datePublished":"2019-10-31T14:55:13+00:00","dateModified":"2023-12-27T08:41:12+00:00","description":"Rocal D-8 design-takka on upea ja innovatiivinen lis\u00e4 jokaiseen kotiin. Takan ainutlaatuisessa kaarevassa muotoilussa on t\u00e4ydellisesti kalibroitu alasp\u00e4in avautuva ovi, joka lis\u00e4\u00e4 eleganttia ja modernia ilmett\u00e4 asuintilaasi.","breadcrumb":{"@id":"https:\/\/kloon.kodukolle.ee\/fi\/tuote\/design-takka-rocal-d-8\/#breadcrumb"},"inLanguage":"fi","potentialAction":[{"@type":"ReadAction","target":["https:\/\/kloon.kodukolle.ee\/fi\/tuote\/design-takka-rocal-d-8\/"]}]},{"@type":"ImageObject","inLanguage":"fi","@id":"https:\/\/kloon.kodukolle.ee\/fi\/tuote\/design-takka-rocal-d-8\/#primaryimage","url":"https:\/\/kloon.kodukolle.ee\/wp-content\/uploads\/2019\/10\/Rocal-d-8_1.jpg","contentUrl":"https:\/\/kloon.kodukolle.ee\/wp-content\/uploads\/2019\/10\/Rocal-d-8_1.jpg","width":1580,"height":1040},{"@type":"BreadcrumbList","@id":"https:\/\/kloon.kodukolle.ee\/fi\/tuote\/design-takka-rocal-d-8\/#breadcrumb","itemListElement":[{"@type":"ListItem","position":1,"name":"Home","item":"https:\/\/kloon.kodukolle.ee\/fi\/"},{"@type":"ListItem","position":2,"name":"Tuotteet","item":"https:\/\/kloon.kodukolle.ee\/fi\/tuotteet\/"},{"@type":"ListItem","position":3,"name":"Design takka Rocal D-8"}]},{"@type":"WebSite","@id":"https:\/\/kloon.kodukolle.ee\/#website","url":"https:\/\/kloon.kodukolle.ee\/","name":"Kodukolle","description":"","publisher":{"@id":"https:\/\/kloon.kodukolle.ee\/#organization"},"potentialAction":[{"@type":"SearchAction","target":{"@type":"EntryPoint","urlTemplate":"https:\/\/kloon.kodukolle.ee\/?s={search_term_string}"},"query-input":{"@type":"PropertyValueSpecification","valueRequired":true,"valueName":"search_term_string"}}],"inLanguage":"fi"},{"@type":"Organization","@id":"https:\/\/kloon.kodukolle.ee\/#organization","name":"Kodukolle","url":"https:\/\/kloon.kodukolle.ee\/","logo":{"@type":"ImageObject","inLanguage":"fi","@id":"https:\/\/kloon.kodukolle.ee\/#\/schema\/logo\/image\/","url":"https:\/\/kloon.kodukolle.ee\/wp-content\/uploads\/2025\/06\/logo_must_gradient.svg","contentUrl":"https:\/\/kloon.kodukolle.ee\/wp-content\/uploads\/2025\/06\/logo_must_gradient.svg","caption":"Kodukolle"},"image":{"@id":"https:\/\/kloon.kodukolle.ee\/#\/schema\/logo\/image\/"}}]}},"_links":{"self":[{"href":"https:\/\/kloon.kodukolle.ee\/fi\/wp-json\/wp\/v2\/product\/26384","targetHints":{"allow":["GET"]}}],"collection":[{"href":"https:\/\/kloon.kodukolle.ee\/fi\/wp-json\/wp\/v2\/product"}],"about":[{"href":"https:\/\/kloon.kodukolle.ee\/fi\/wp-json\/wp\/v2\/types\/product"}],"wp:featuredmedia":[{"embeddable":true,"href":"https:\/\/kloon.kodukolle.ee\/fi\/wp-json\/wp\/v2\/media\/11095"}],"wp:attachment":[{"href":"https:\/\/kloon.kodukolle.ee\/fi\/wp-json\/wp\/v2\/media?parent=26384"}],"wp:term":[{"taxonomy":"product_brand","embeddable":true,"href":"https:\/\/kloon.kodukolle.ee\/fi\/wp-json\/wp\/v2\/product_brand?post=26384"},{"taxonomy":"product_cat","embeddable":true,"href":"https:\/\/kloon.kodukolle.ee\/fi\/wp-json\/wp\/v2\/product_cat?post=26384"},{"taxonomy":"product_tag","embeddable":true,"href":"https:\/\/kloon.kodukolle.ee\/fi\/wp-json\/wp\/v2\/product_tag?post=26384"}],"curies":[{"name":"wp","href":"https:\/\/api.w.org\/{rel}","templated":true}]}}