{"id":26440,"date":"2023-06-07T08:49:19","date_gmt":"2023-06-07T05:49:19","guid":{"rendered":"https:\/\/kloon.kodukolle.ee\/?post_type=product&#038;p=26440"},"modified":"2023-12-28T12:40:58","modified_gmt":"2023-12-28T10:40:58","slug":"pizzatarvikesetti-fontanaforni-3-osainen","status":"publish","type":"product","link":"https:\/\/kloon.kodukolle.ee\/fi\/tuote\/pizzatarvikesetti-fontanaforni-3-osainen\/","title":{"rendered":"Pizzatarvikesetti FontanaForni 3-osainen"},"content":{"rendered":"<p>Pizzatarvikesetti FontanaForni &#8211; 3 olennaista ty\u00f6kalua ruoanlaiton loppuun saattamiseen: harja messinkiharjaksilla uunin puhdistamiseen, pizzan k\u00e4\u00e4nt\u00f6lapio ja pizzalapio.<\/p>\n<p>Kahvojen ergonomisen muodon ansiosta voit helposti nostaa pizzat uuniin ja k\u00e4\u00e4nt\u00e4\u00e4 niit\u00e4 kypsennyksen aikana ilman huolta liukumisesta. Isompi lapio sopii mainiosti pitsojen laittamiseen uuniin ja uunista &#8211; mutta kun on aika k\u00e4\u00e4nt\u00e4\u00e4 pizzaa kypsennyksen aikana tai vain sijoittaa sit\u00e4 hieman, tarvitset t\u00e4m\u00e4n pizzan k\u00e4\u00e4nt\u00f6lapion k\u00e4teen. Kest\u00e4v\u00e4 harja sopii t\u00e4ydellisesti uunin paistopinnan puhdistamiseen. Harjan j\u00e4yk\u00e4t messinkiharjakset eiv\u00e4t sula kuumaa pintaa puhdistettaessa. Harjaan kiinnitetyll\u00e4 kaapimella voit poistaa pinttyneen lian.<\/p>\n<p>Pizzalapion mitat: 35 x 86 x 38 cm<br \/>\nPizzan k\u00e4\u00e4nt\u00f6lapion mitat: pituus 99cm, \u00d8 17,8cm<br \/>\nHarjan mitat: harjan leveys 17,8 cm, varren pituus 104 cm\n<\/ul>\n<p>&nbsp;<\/p>\n","protected":false},"excerpt":{"rendered":"<p>Pizzatarvikesetti FontanaForni &#8211; 3 olennaista ty\u00f6kalua ruoanlaiton loppuun saattamiseen: harja messinkiharjaksilla uunin puhdistamiseen, pizzan k\u00e4\u00e4nt\u00f6lapio ja pizzalapio. Kahvojen ergonomisen muodon ansiosta voit helposti nostaa pizzat uuniin ja k\u00e4\u00e4nt\u00e4\u00e4 niit\u00e4 kypsennyksen aikana ilman huolta liukumisesta. Isompi lapio sopii mainiosti pitsojen laittamiseen uuniin ja uunista &#8211; mutta kun on aika k\u00e4\u00e4nt\u00e4\u00e4 pizzaa kypsennyksen aikana tai vain sijoittaa sit\u00e4 hieman, tarvitset t\u00e4m\u00e4n pizzan k\u00e4\u00e4nt\u00f6lapion k\u00e4teen. Kest\u00e4v\u00e4 harja sopii t\u00e4ydellisesti uunin paistopinnan puhdistamiseen. Harjan j\u00e4yk\u00e4t messinkiharjakset eiv\u00e4t sula kuumaa pintaa puhdistettaessa. Harjaan kiinnitetyll\u00e4 kaapimella voit poistaa pinttyneen lian.<\/p>\n","protected":false},"featured_media":12788,"template":"","meta":{"_acf_changed":false},"product_brand":[],"product_cat":[9693],"product_tag":[],"class_list":{"0":"post-26440","1":"product","2":"type-product","3":"status-publish","4":"has-post-thumbnail","6":"brands-fontana-forni-fi","7":"product_cat-tarvikkeet-ja-muut-tuotteet","9":"first","10":"instock","11":"shipping-taxable","12":"purchasable","13":"product-type-simple"},"acf":[],"yoast_head":"<!-- This site is optimized with the Yoast SEO plugin v27.3 - https:\/\/yoast.com\/product\/yoast-seo-wordpress\/ -->\n<title>Pizzatarvikesetti FontanaForni 3-osainen - Kodukolle<\/title>\n<meta name=\"description\" content=\"Pizzatarvikesetti FontanaForni - 3 olennaista ty\u00f6kalua ruoanlaiton loppuun saattamiseen: harja messinkiharjaksilla uunin puhdistamiseen, pizzan k\u00e4\u00e4nt\u00f6lapio ja pizzalapio.\" \/>\n<meta name=\"robots\" content=\"noindex, follow, max-snippet:-1, max-image-preview:large, max-video-preview:-1\" \/>\n<meta property=\"og:locale\" content=\"fi_FI\" \/>\n<meta property=\"og:type\" content=\"article\" \/>\n<meta property=\"og:title\" content=\"Pizzatarvikesetti FontanaForni 3-osainen - Kodukolle\" \/>\n<meta property=\"og:description\" content=\"Pizzatarvikesetti FontanaForni - 3 olennaista ty\u00f6kalua ruoanlaiton loppuun saattamiseen: harja messinkiharjaksilla uunin puhdistamiseen, pizzan k\u00e4\u00e4nt\u00f6lapio ja pizzalapio.\" \/>\n<meta property=\"og:url\" content=\"https:\/\/kloon.kodukolle.ee\/fi\/tuote\/pizzatarvikesetti-fontanaforni-3-osainen\/\" \/>\n<meta property=\"og:site_name\" content=\"Kodukolle\" \/>\n<meta property=\"article:modified_time\" content=\"2023-12-28T10:40:58+00:00\" \/>\n<meta property=\"og:image\" content=\"https:\/\/kloon.kodukolle.ee\/wp-content\/uploads\/2023\/06\/102522_LIFESTYLE_53of187_1800x1800.jpg\" \/>\n\t<meta property=\"og:image:width\" content=\"793\" \/>\n\t<meta property=\"og:image:height\" content=\"1190\" \/>\n\t<meta property=\"og:image:type\" content=\"image\/jpeg\" \/>\n<meta name=\"twitter:card\" content=\"summary_large_image\" \/>\n<meta name=\"twitter:label1\" content=\"Est. reading time\" \/>\n\t<meta name=\"twitter:data1\" content=\"1 minuutti\" \/>\n<script type=\"application\/ld+json\" class=\"yoast-schema-graph\">{\"@context\":\"https:\\\/\\\/schema.org\",\"@graph\":[{\"@type\":\"WebPage\",\"@id\":\"https:\\\/\\\/kloon.kodukolle.ee\\\/fi\\\/tuote\\\/pizzatarvikesetti-fontanaforni-3-osainen\\\/\",\"url\":\"https:\\\/\\\/kloon.kodukolle.ee\\\/fi\\\/tuote\\\/pizzatarvikesetti-fontanaforni-3-osainen\\\/\",\"name\":\"Pizzatarvikesetti FontanaForni 3-osainen - Kodukolle\",\"isPartOf\":{\"@id\":\"https:\\\/\\\/kloon.kodukolle.ee\\\/#website\"},\"primaryImageOfPage\":{\"@id\":\"https:\\\/\\\/kloon.kodukolle.ee\\\/fi\\\/tuote\\\/pizzatarvikesetti-fontanaforni-3-osainen\\\/#primaryimage\"},\"image\":{\"@id\":\"https:\\\/\\\/kloon.kodukolle.ee\\\/fi\\\/tuote\\\/pizzatarvikesetti-fontanaforni-3-osainen\\\/#primaryimage\"},\"thumbnailUrl\":\"https:\\\/\\\/kloon.kodukolle.ee\\\/wp-content\\\/uploads\\\/2023\\\/06\\\/102522_LIFESTYLE_53of187_1800x1800.jpg\",\"datePublished\":\"2023-06-07T05:49:19+00:00\",\"dateModified\":\"2023-12-28T10:40:58+00:00\",\"description\":\"Pizzatarvikesetti FontanaForni - 3 olennaista ty\u00f6kalua ruoanlaiton loppuun saattamiseen: harja messinkiharjaksilla uunin puhdistamiseen, pizzan k\u00e4\u00e4nt\u00f6lapio ja pizzalapio.\",\"breadcrumb\":{\"@id\":\"https:\\\/\\\/kloon.kodukolle.ee\\\/fi\\\/tuote\\\/pizzatarvikesetti-fontanaforni-3-osainen\\\/#breadcrumb\"},\"inLanguage\":\"fi\",\"potentialAction\":[{\"@type\":\"ReadAction\",\"target\":[\"https:\\\/\\\/kloon.kodukolle.ee\\\/fi\\\/tuote\\\/pizzatarvikesetti-fontanaforni-3-osainen\\\/\"]}]},{\"@type\":\"ImageObject\",\"inLanguage\":\"fi\",\"@id\":\"https:\\\/\\\/kloon.kodukolle.ee\\\/fi\\\/tuote\\\/pizzatarvikesetti-fontanaforni-3-osainen\\\/#primaryimage\",\"url\":\"https:\\\/\\\/kloon.kodukolle.ee\\\/wp-content\\\/uploads\\\/2023\\\/06\\\/102522_LIFESTYLE_53of187_1800x1800.jpg\",\"contentUrl\":\"https:\\\/\\\/kloon.kodukolle.ee\\\/wp-content\\\/uploads\\\/2023\\\/06\\\/102522_LIFESTYLE_53of187_1800x1800.jpg\",\"width\":793,\"height\":1190,\"caption\":\"FONTANA 3 PIECE TOOL KIT\"},{\"@type\":\"BreadcrumbList\",\"@id\":\"https:\\\/\\\/kloon.kodukolle.ee\\\/fi\\\/tuote\\\/pizzatarvikesetti-fontanaforni-3-osainen\\\/#breadcrumb\",\"itemListElement\":[{\"@type\":\"ListItem\",\"position\":1,\"name\":\"Home\",\"item\":\"https:\\\/\\\/kloon.kodukolle.ee\\\/fi\\\/\"},{\"@type\":\"ListItem\",\"position\":2,\"name\":\"Tuotteet\",\"item\":\"https:\\\/\\\/kloon.kodukolle.ee\\\/fi\\\/tuotteet\\\/\"},{\"@type\":\"ListItem\",\"position\":3,\"name\":\"Pizzatarvikesetti FontanaForni 3-osainen\"}]},{\"@type\":\"WebSite\",\"@id\":\"https:\\\/\\\/kloon.kodukolle.ee\\\/#website\",\"url\":\"https:\\\/\\\/kloon.kodukolle.ee\\\/\",\"name\":\"Kodukolle\",\"description\":\"\",\"publisher\":{\"@id\":\"https:\\\/\\\/kloon.kodukolle.ee\\\/#organization\"},\"potentialAction\":[{\"@type\":\"SearchAction\",\"target\":{\"@type\":\"EntryPoint\",\"urlTemplate\":\"https:\\\/\\\/kloon.kodukolle.ee\\\/?s={search_term_string}\"},\"query-input\":{\"@type\":\"PropertyValueSpecification\",\"valueRequired\":true,\"valueName\":\"search_term_string\"}}],\"inLanguage\":\"fi\"},{\"@type\":\"Organization\",\"@id\":\"https:\\\/\\\/kloon.kodukolle.ee\\\/#organization\",\"name\":\"Kodukolle\",\"url\":\"https:\\\/\\\/kloon.kodukolle.ee\\\/\",\"logo\":{\"@type\":\"ImageObject\",\"inLanguage\":\"fi\",\"@id\":\"https:\\\/\\\/kloon.kodukolle.ee\\\/#\\\/schema\\\/logo\\\/image\\\/\",\"url\":\"https:\\\/\\\/kloon.kodukolle.ee\\\/wp-content\\\/uploads\\\/2025\\\/06\\\/logo_must_gradient.svg\",\"contentUrl\":\"https:\\\/\\\/kloon.kodukolle.ee\\\/wp-content\\\/uploads\\\/2025\\\/06\\\/logo_must_gradient.svg\",\"caption\":\"Kodukolle\"},\"image\":{\"@id\":\"https:\\\/\\\/kloon.kodukolle.ee\\\/#\\\/schema\\\/logo\\\/image\\\/\"}}]}<\/script>\n<!-- \/ Yoast SEO plugin. -->","yoast_head_json":{"title":"Pizzatarvikesetti FontanaForni 3-osainen - Kodukolle","description":"Pizzatarvikesetti FontanaForni - 3 olennaista ty\u00f6kalua ruoanlaiton loppuun saattamiseen: harja messinkiharjaksilla uunin puhdistamiseen, pizzan k\u00e4\u00e4nt\u00f6lapio ja pizzalapio.","robots":{"index":"noindex","follow":"follow","max-snippet":"max-snippet:-1","max-image-preview":"max-image-preview:large","max-video-preview":"max-video-preview:-1"},"og_locale":"fi_FI","og_type":"article","og_title":"Pizzatarvikesetti FontanaForni 3-osainen - Kodukolle","og_description":"Pizzatarvikesetti FontanaForni - 3 olennaista ty\u00f6kalua ruoanlaiton loppuun saattamiseen: harja messinkiharjaksilla uunin puhdistamiseen, pizzan k\u00e4\u00e4nt\u00f6lapio ja pizzalapio.","og_url":"https:\/\/kloon.kodukolle.ee\/fi\/tuote\/pizzatarvikesetti-fontanaforni-3-osainen\/","og_site_name":"Kodukolle","article_modified_time":"2023-12-28T10:40:58+00:00","og_image":[{"width":793,"height":1190,"url":"https:\/\/kloon.kodukolle.ee\/wp-content\/uploads\/2023\/06\/102522_LIFESTYLE_53of187_1800x1800.jpg","type":"image\/jpeg"}],"twitter_card":"summary_large_image","twitter_misc":{"Est. reading time":"1 minuutti"},"schema":{"@context":"https:\/\/schema.org","@graph":[{"@type":"WebPage","@id":"https:\/\/kloon.kodukolle.ee\/fi\/tuote\/pizzatarvikesetti-fontanaforni-3-osainen\/","url":"https:\/\/kloon.kodukolle.ee\/fi\/tuote\/pizzatarvikesetti-fontanaforni-3-osainen\/","name":"Pizzatarvikesetti FontanaForni 3-osainen - Kodukolle","isPartOf":{"@id":"https:\/\/kloon.kodukolle.ee\/#website"},"primaryImageOfPage":{"@id":"https:\/\/kloon.kodukolle.ee\/fi\/tuote\/pizzatarvikesetti-fontanaforni-3-osainen\/#primaryimage"},"image":{"@id":"https:\/\/kloon.kodukolle.ee\/fi\/tuote\/pizzatarvikesetti-fontanaforni-3-osainen\/#primaryimage"},"thumbnailUrl":"https:\/\/kloon.kodukolle.ee\/wp-content\/uploads\/2023\/06\/102522_LIFESTYLE_53of187_1800x1800.jpg","datePublished":"2023-06-07T05:49:19+00:00","dateModified":"2023-12-28T10:40:58+00:00","description":"Pizzatarvikesetti FontanaForni - 3 olennaista ty\u00f6kalua ruoanlaiton loppuun saattamiseen: harja messinkiharjaksilla uunin puhdistamiseen, pizzan k\u00e4\u00e4nt\u00f6lapio ja pizzalapio.","breadcrumb":{"@id":"https:\/\/kloon.kodukolle.ee\/fi\/tuote\/pizzatarvikesetti-fontanaforni-3-osainen\/#breadcrumb"},"inLanguage":"fi","potentialAction":[{"@type":"ReadAction","target":["https:\/\/kloon.kodukolle.ee\/fi\/tuote\/pizzatarvikesetti-fontanaforni-3-osainen\/"]}]},{"@type":"ImageObject","inLanguage":"fi","@id":"https:\/\/kloon.kodukolle.ee\/fi\/tuote\/pizzatarvikesetti-fontanaforni-3-osainen\/#primaryimage","url":"https:\/\/kloon.kodukolle.ee\/wp-content\/uploads\/2023\/06\/102522_LIFESTYLE_53of187_1800x1800.jpg","contentUrl":"https:\/\/kloon.kodukolle.ee\/wp-content\/uploads\/2023\/06\/102522_LIFESTYLE_53of187_1800x1800.jpg","width":793,"height":1190,"caption":"FONTANA 3 PIECE TOOL KIT"},{"@type":"BreadcrumbList","@id":"https:\/\/kloon.kodukolle.ee\/fi\/tuote\/pizzatarvikesetti-fontanaforni-3-osainen\/#breadcrumb","itemListElement":[{"@type":"ListItem","position":1,"name":"Home","item":"https:\/\/kloon.kodukolle.ee\/fi\/"},{"@type":"ListItem","position":2,"name":"Tuotteet","item":"https:\/\/kloon.kodukolle.ee\/fi\/tuotteet\/"},{"@type":"ListItem","position":3,"name":"Pizzatarvikesetti FontanaForni 3-osainen"}]},{"@type":"WebSite","@id":"https:\/\/kloon.kodukolle.ee\/#website","url":"https:\/\/kloon.kodukolle.ee\/","name":"Kodukolle","description":"","publisher":{"@id":"https:\/\/kloon.kodukolle.ee\/#organization"},"potentialAction":[{"@type":"SearchAction","target":{"@type":"EntryPoint","urlTemplate":"https:\/\/kloon.kodukolle.ee\/?s={search_term_string}"},"query-input":{"@type":"PropertyValueSpecification","valueRequired":true,"valueName":"search_term_string"}}],"inLanguage":"fi"},{"@type":"Organization","@id":"https:\/\/kloon.kodukolle.ee\/#organization","name":"Kodukolle","url":"https:\/\/kloon.kodukolle.ee\/","logo":{"@type":"ImageObject","inLanguage":"fi","@id":"https:\/\/kloon.kodukolle.ee\/#\/schema\/logo\/image\/","url":"https:\/\/kloon.kodukolle.ee\/wp-content\/uploads\/2025\/06\/logo_must_gradient.svg","contentUrl":"https:\/\/kloon.kodukolle.ee\/wp-content\/uploads\/2025\/06\/logo_must_gradient.svg","caption":"Kodukolle"},"image":{"@id":"https:\/\/kloon.kodukolle.ee\/#\/schema\/logo\/image\/"}}]}},"_links":{"self":[{"href":"https:\/\/kloon.kodukolle.ee\/fi\/wp-json\/wp\/v2\/product\/26440","targetHints":{"allow":["GET"]}}],"collection":[{"href":"https:\/\/kloon.kodukolle.ee\/fi\/wp-json\/wp\/v2\/product"}],"about":[{"href":"https:\/\/kloon.kodukolle.ee\/fi\/wp-json\/wp\/v2\/types\/product"}],"wp:featuredmedia":[{"embeddable":true,"href":"https:\/\/kloon.kodukolle.ee\/fi\/wp-json\/wp\/v2\/media\/12788"}],"wp:attachment":[{"href":"https:\/\/kloon.kodukolle.ee\/fi\/wp-json\/wp\/v2\/media?parent=26440"}],"wp:term":[{"taxonomy":"product_brand","embeddable":true,"href":"https:\/\/kloon.kodukolle.ee\/fi\/wp-json\/wp\/v2\/product_brand?post=26440"},{"taxonomy":"product_cat","embeddable":true,"href":"https:\/\/kloon.kodukolle.ee\/fi\/wp-json\/wp\/v2\/product_cat?post=26440"},{"taxonomy":"product_tag","embeddable":true,"href":"https:\/\/kloon.kodukolle.ee\/fi\/wp-json\/wp\/v2\/product_tag?post=26440"}],"curies":[{"name":"wp","href":"https:\/\/api.w.org\/{rel}","templated":true}]}}