{"id":26446,"date":"2023-06-06T11:47:08","date_gmt":"2023-06-06T08:47:08","guid":{"rendered":"https:\/\/kloon.kodukolle.ee\/?post_type=product&#038;p=26446"},"modified":"2023-12-28T13:42:35","modified_gmt":"2023-12-28T11:42:35","slug":"pizzauuni-fontanaforni-mangiafuoco-inox","status":"publish","type":"product","link":"https:\/\/kloon.kodukolle.ee\/fi\/tuote\/pizzauuni-fontanaforni-mangiafuoco-inox\/","title":{"rendered":"Pizzauuni FontanaForni MANGIAFUOCO INOX"},"content":{"rendered":"<p>Pizzauuni FontanaForni Mangiafuoco ei ole vain pizzauuni &#8211; valmista pizzojen lis\u00e4ksi pihvej\u00e4, vihanneksia, leip\u00e4\u00e4, j\u00e4lkiruokia ja tee ruoanlaitosta monipuolista.<\/p>\n<p>Ainutlaatuinen keittokammion muotoilu varmistaa tasaisen l\u00e4mm\u00f6n jakautumisen v\u00e4ltt\u00e4en kuumia kohtia. Uunin paistokammion mitat ovat 60\u00d780 cm, tulisija on valmistettu korkealaatuisesta tulenkest\u00e4v\u00e4st\u00e4 samottista. S\u00e4hk\u00f6sinkitty ja jauhemaalattu ulkopinta takaa maksimaalisen l\u00e4mm\u00f6n-, s\u00e4\u00e4- ja ruosteenkest\u00e4vyyden. Uunin eristys on valmistettu luonnonkivivillasta ja sen avulla l\u00e4mp\u00f6tila pysyy tehokkaammin yll\u00e4 ja ulkorakenne ei kuumene liikaa. Ruostumattomasta ter\u00e4ksest\u00e4 valmistetun pellin s\u00e4\u00e4t\u00f6 mahdollistaa tarkan l\u00e4mp\u00f6tilan s\u00e4\u00e4d\u00f6n maksimaalisen l\u00e4mm\u00f6npid\u00e4tyksen saavuttamiseksi.<\/p>\n<p>FontanaForni Mangiafuoco pizzauuni on kauniisti suunniteltu, laadukas, suorituskykyinen pizzauuni, joka on varustettu helposti siirrett\u00e4v\u00e4ll\u00e4 kest\u00e4v\u00e4ll\u00e4 ruostumattomasta ter\u00e4ksest\u00e4 tehdyll\u00e4 pohjarungolla, jossa on k\u00e4tev\u00e4 s\u00e4ilytyshylly, py\u00f6r\u00e4t ja ripustuskoukku ty\u00f6kaluille.<br \/>\n&nbsp;<\/p>\n","protected":false},"excerpt":{"rendered":"<p>Pizzauuni FontanaForni Mangiafuoco ei ole vain pizzauuni &#8211; valmista pizzojen lis\u00e4ksi pihvej\u00e4, vihanneksia, leip\u00e4\u00e4, j\u00e4lkiruokia ja tee ruoanlaitosta monipuolista. Ainutlaatuinen keittokammion muotoilu varmistaa tasaisen l\u00e4mm\u00f6n jakautumisen v\u00e4ltt\u00e4en kuumia kohtia. Uunin paistokammion mitat ovat 60\u00d780 cm, tulisija on valmistettu korkealaatuisesta tulenkest\u00e4v\u00e4st\u00e4 samottista. S\u00e4hk\u00f6sinkitty ja jauhemaalattu ulkopinta takaa maksimaalisen l\u00e4mm\u00f6n-, s\u00e4\u00e4- ja ruosteenkest\u00e4vyyden. Uunin eristys on valmistettu luonnonkivivillasta ja sen avulla l\u00e4mp\u00f6tila pysyy tehokkaammin yll\u00e4 ja ulkorakenne ei kuumene liikaa. Ruostumattomasta ter\u00e4ksest\u00e4 valmistetun pellin s\u00e4\u00e4t\u00f6 mahdollistaa tarkan l\u00e4mp\u00f6tilan s\u00e4\u00e4d\u00f6n maksimaalisen l\u00e4mm\u00f6npid\u00e4tyksen saavuttamiseksi. FontanaForni Mangiafuoco pizzauuni on kauniisti suunniteltu, laadukas, suorituskykyinen pizzauuni, joka on varustettu helposti siirrett\u00e4v\u00e4ll\u00e4 kest\u00e4v\u00e4ll\u00e4 ruostumattomasta ter\u00e4ksest\u00e4 tehdyll\u00e4 pohjarungolla, jossa on k\u00e4tev\u00e4 s\u00e4ilytyshylly, py\u00f6r\u00e4t ja ripustuskoukku ty\u00f6kaluille.<\/p>\n","protected":false},"featured_media":12706,"template":"","meta":{"_acf_changed":false},"product_brand":[],"product_cat":[9692,9694],"product_tag":[],"class_list":{"0":"post-26446","1":"product","2":"type-product","3":"status-publish","4":"has-post-thumbnail","6":"brands-fontana-forni-fi","7":"product_cat-kiukaat-ja-grillit","8":"product_cat-outlet-fi","10":"first","11":"instock","12":"sale","13":"shipping-taxable","14":"purchasable","15":"product-type-simple"},"acf":[],"yoast_head":"<!-- This site is optimized with the Yoast SEO plugin v27.3 - https:\/\/yoast.com\/product\/yoast-seo-wordpress\/ -->\n<title>Pizzauuni FontanaForni MANGIAFUOCO INOX - Kodukolle<\/title>\n<meta name=\"description\" content=\"Pizzauuni FontanaForni Mangiafuoco ei ole vain pizzauuni - valmista pizzojen lis\u00e4ksi pihvej\u00e4, vihanneksia, leip\u00e4\u00e4, j\u00e4lkiruokia ja tee ruoanlaitosta monipuolista.\" \/>\n<meta name=\"robots\" content=\"noindex, follow, max-snippet:-1, max-image-preview:large, max-video-preview:-1\" \/>\n<meta property=\"og:locale\" content=\"fi_FI\" \/>\n<meta property=\"og:type\" content=\"article\" \/>\n<meta property=\"og:title\" content=\"Pizzauuni FontanaForni MANGIAFUOCO INOX - Kodukolle\" \/>\n<meta property=\"og:description\" content=\"Pizzauuni FontanaForni Mangiafuoco ei ole vain pizzauuni - valmista pizzojen lis\u00e4ksi pihvej\u00e4, vihanneksia, leip\u00e4\u00e4, j\u00e4lkiruokia ja tee ruoanlaitosta monipuolista.\" \/>\n<meta property=\"og:url\" content=\"https:\/\/kloon.kodukolle.ee\/fi\/tuote\/pizzauuni-fontanaforni-mangiafuoco-inox\/\" \/>\n<meta property=\"og:site_name\" content=\"Kodukolle\" \/>\n<meta property=\"article:modified_time\" content=\"2023-12-28T11:42:35+00:00\" \/>\n<meta property=\"og:image\" content=\"https:\/\/kloon.kodukolle.ee\/wp-content\/uploads\/2023\/06\/Fontana-Forni-Mangiafuoco-Wood-oven.jpeg\" \/>\n\t<meta property=\"og:image:width\" content=\"1080\" \/>\n\t<meta property=\"og:image:height\" content=\"1080\" \/>\n\t<meta property=\"og:image:type\" content=\"image\/jpeg\" \/>\n<meta name=\"twitter:card\" content=\"summary_large_image\" \/>\n<script type=\"application\/ld+json\" class=\"yoast-schema-graph\">{\"@context\":\"https:\\\/\\\/schema.org\",\"@graph\":[{\"@type\":\"WebPage\",\"@id\":\"https:\\\/\\\/kloon.kodukolle.ee\\\/fi\\\/tuote\\\/pizzauuni-fontanaforni-mangiafuoco-inox\\\/\",\"url\":\"https:\\\/\\\/kloon.kodukolle.ee\\\/fi\\\/tuote\\\/pizzauuni-fontanaforni-mangiafuoco-inox\\\/\",\"name\":\"Pizzauuni FontanaForni MANGIAFUOCO INOX - Kodukolle\",\"isPartOf\":{\"@id\":\"https:\\\/\\\/kloon.kodukolle.ee\\\/#website\"},\"primaryImageOfPage\":{\"@id\":\"https:\\\/\\\/kloon.kodukolle.ee\\\/fi\\\/tuote\\\/pizzauuni-fontanaforni-mangiafuoco-inox\\\/#primaryimage\"},\"image\":{\"@id\":\"https:\\\/\\\/kloon.kodukolle.ee\\\/fi\\\/tuote\\\/pizzauuni-fontanaforni-mangiafuoco-inox\\\/#primaryimage\"},\"thumbnailUrl\":\"https:\\\/\\\/kloon.kodukolle.ee\\\/wp-content\\\/uploads\\\/2023\\\/06\\\/Fontana-Forni-Mangiafuoco-Wood-oven.jpeg\",\"datePublished\":\"2023-06-06T08:47:08+00:00\",\"dateModified\":\"2023-12-28T11:42:35+00:00\",\"description\":\"Pizzauuni FontanaForni Mangiafuoco ei ole vain pizzauuni - valmista pizzojen lis\u00e4ksi pihvej\u00e4, vihanneksia, leip\u00e4\u00e4, j\u00e4lkiruokia ja tee ruoanlaitosta monipuolista.\",\"breadcrumb\":{\"@id\":\"https:\\\/\\\/kloon.kodukolle.ee\\\/fi\\\/tuote\\\/pizzauuni-fontanaforni-mangiafuoco-inox\\\/#breadcrumb\"},\"inLanguage\":\"fi\",\"potentialAction\":[{\"@type\":\"ReadAction\",\"target\":[\"https:\\\/\\\/kloon.kodukolle.ee\\\/fi\\\/tuote\\\/pizzauuni-fontanaforni-mangiafuoco-inox\\\/\"]}]},{\"@type\":\"ImageObject\",\"inLanguage\":\"fi\",\"@id\":\"https:\\\/\\\/kloon.kodukolle.ee\\\/fi\\\/tuote\\\/pizzauuni-fontanaforni-mangiafuoco-inox\\\/#primaryimage\",\"url\":\"https:\\\/\\\/kloon.kodukolle.ee\\\/wp-content\\\/uploads\\\/2023\\\/06\\\/Fontana-Forni-Mangiafuoco-Wood-oven.jpeg\",\"contentUrl\":\"https:\\\/\\\/kloon.kodukolle.ee\\\/wp-content\\\/uploads\\\/2023\\\/06\\\/Fontana-Forni-Mangiafuoco-Wood-oven.jpeg\",\"width\":1080,\"height\":1080,\"caption\":\"Fontana-Forni-Mangiafuoco-Wood-oven\"},{\"@type\":\"BreadcrumbList\",\"@id\":\"https:\\\/\\\/kloon.kodukolle.ee\\\/fi\\\/tuote\\\/pizzauuni-fontanaforni-mangiafuoco-inox\\\/#breadcrumb\",\"itemListElement\":[{\"@type\":\"ListItem\",\"position\":1,\"name\":\"Home\",\"item\":\"https:\\\/\\\/kloon.kodukolle.ee\\\/fi\\\/\"},{\"@type\":\"ListItem\",\"position\":2,\"name\":\"Tuotteet\",\"item\":\"https:\\\/\\\/kloon.kodukolle.ee\\\/fi\\\/tuotteet\\\/\"},{\"@type\":\"ListItem\",\"position\":3,\"name\":\"Pizzauuni FontanaForni MANGIAFUOCO INOX\"}]},{\"@type\":\"WebSite\",\"@id\":\"https:\\\/\\\/kloon.kodukolle.ee\\\/#website\",\"url\":\"https:\\\/\\\/kloon.kodukolle.ee\\\/\",\"name\":\"Kodukolle\",\"description\":\"\",\"publisher\":{\"@id\":\"https:\\\/\\\/kloon.kodukolle.ee\\\/#organization\"},\"potentialAction\":[{\"@type\":\"SearchAction\",\"target\":{\"@type\":\"EntryPoint\",\"urlTemplate\":\"https:\\\/\\\/kloon.kodukolle.ee\\\/?s={search_term_string}\"},\"query-input\":{\"@type\":\"PropertyValueSpecification\",\"valueRequired\":true,\"valueName\":\"search_term_string\"}}],\"inLanguage\":\"fi\"},{\"@type\":\"Organization\",\"@id\":\"https:\\\/\\\/kloon.kodukolle.ee\\\/#organization\",\"name\":\"Kodukolle\",\"url\":\"https:\\\/\\\/kloon.kodukolle.ee\\\/\",\"logo\":{\"@type\":\"ImageObject\",\"inLanguage\":\"fi\",\"@id\":\"https:\\\/\\\/kloon.kodukolle.ee\\\/#\\\/schema\\\/logo\\\/image\\\/\",\"url\":\"https:\\\/\\\/kloon.kodukolle.ee\\\/wp-content\\\/uploads\\\/2025\\\/06\\\/logo_must_gradient.svg\",\"contentUrl\":\"https:\\\/\\\/kloon.kodukolle.ee\\\/wp-content\\\/uploads\\\/2025\\\/06\\\/logo_must_gradient.svg\",\"caption\":\"Kodukolle\"},\"image\":{\"@id\":\"https:\\\/\\\/kloon.kodukolle.ee\\\/#\\\/schema\\\/logo\\\/image\\\/\"}}]}<\/script>\n<!-- \/ Yoast SEO plugin. -->","yoast_head_json":{"title":"Pizzauuni FontanaForni MANGIAFUOCO INOX - Kodukolle","description":"Pizzauuni FontanaForni Mangiafuoco ei ole vain pizzauuni - valmista pizzojen lis\u00e4ksi pihvej\u00e4, vihanneksia, leip\u00e4\u00e4, j\u00e4lkiruokia ja tee ruoanlaitosta monipuolista.","robots":{"index":"noindex","follow":"follow","max-snippet":"max-snippet:-1","max-image-preview":"max-image-preview:large","max-video-preview":"max-video-preview:-1"},"og_locale":"fi_FI","og_type":"article","og_title":"Pizzauuni FontanaForni MANGIAFUOCO INOX - Kodukolle","og_description":"Pizzauuni FontanaForni Mangiafuoco ei ole vain pizzauuni - valmista pizzojen lis\u00e4ksi pihvej\u00e4, vihanneksia, leip\u00e4\u00e4, j\u00e4lkiruokia ja tee ruoanlaitosta monipuolista.","og_url":"https:\/\/kloon.kodukolle.ee\/fi\/tuote\/pizzauuni-fontanaforni-mangiafuoco-inox\/","og_site_name":"Kodukolle","article_modified_time":"2023-12-28T11:42:35+00:00","og_image":[{"width":1080,"height":1080,"url":"https:\/\/kloon.kodukolle.ee\/wp-content\/uploads\/2023\/06\/Fontana-Forni-Mangiafuoco-Wood-oven.jpeg","type":"image\/jpeg"}],"twitter_card":"summary_large_image","schema":{"@context":"https:\/\/schema.org","@graph":[{"@type":"WebPage","@id":"https:\/\/kloon.kodukolle.ee\/fi\/tuote\/pizzauuni-fontanaforni-mangiafuoco-inox\/","url":"https:\/\/kloon.kodukolle.ee\/fi\/tuote\/pizzauuni-fontanaforni-mangiafuoco-inox\/","name":"Pizzauuni FontanaForni MANGIAFUOCO INOX - Kodukolle","isPartOf":{"@id":"https:\/\/kloon.kodukolle.ee\/#website"},"primaryImageOfPage":{"@id":"https:\/\/kloon.kodukolle.ee\/fi\/tuote\/pizzauuni-fontanaforni-mangiafuoco-inox\/#primaryimage"},"image":{"@id":"https:\/\/kloon.kodukolle.ee\/fi\/tuote\/pizzauuni-fontanaforni-mangiafuoco-inox\/#primaryimage"},"thumbnailUrl":"https:\/\/kloon.kodukolle.ee\/wp-content\/uploads\/2023\/06\/Fontana-Forni-Mangiafuoco-Wood-oven.jpeg","datePublished":"2023-06-06T08:47:08+00:00","dateModified":"2023-12-28T11:42:35+00:00","description":"Pizzauuni FontanaForni Mangiafuoco ei ole vain pizzauuni - valmista pizzojen lis\u00e4ksi pihvej\u00e4, vihanneksia, leip\u00e4\u00e4, j\u00e4lkiruokia ja tee ruoanlaitosta monipuolista.","breadcrumb":{"@id":"https:\/\/kloon.kodukolle.ee\/fi\/tuote\/pizzauuni-fontanaforni-mangiafuoco-inox\/#breadcrumb"},"inLanguage":"fi","potentialAction":[{"@type":"ReadAction","target":["https:\/\/kloon.kodukolle.ee\/fi\/tuote\/pizzauuni-fontanaforni-mangiafuoco-inox\/"]}]},{"@type":"ImageObject","inLanguage":"fi","@id":"https:\/\/kloon.kodukolle.ee\/fi\/tuote\/pizzauuni-fontanaforni-mangiafuoco-inox\/#primaryimage","url":"https:\/\/kloon.kodukolle.ee\/wp-content\/uploads\/2023\/06\/Fontana-Forni-Mangiafuoco-Wood-oven.jpeg","contentUrl":"https:\/\/kloon.kodukolle.ee\/wp-content\/uploads\/2023\/06\/Fontana-Forni-Mangiafuoco-Wood-oven.jpeg","width":1080,"height":1080,"caption":"Fontana-Forni-Mangiafuoco-Wood-oven"},{"@type":"BreadcrumbList","@id":"https:\/\/kloon.kodukolle.ee\/fi\/tuote\/pizzauuni-fontanaforni-mangiafuoco-inox\/#breadcrumb","itemListElement":[{"@type":"ListItem","position":1,"name":"Home","item":"https:\/\/kloon.kodukolle.ee\/fi\/"},{"@type":"ListItem","position":2,"name":"Tuotteet","item":"https:\/\/kloon.kodukolle.ee\/fi\/tuotteet\/"},{"@type":"ListItem","position":3,"name":"Pizzauuni FontanaForni MANGIAFUOCO INOX"}]},{"@type":"WebSite","@id":"https:\/\/kloon.kodukolle.ee\/#website","url":"https:\/\/kloon.kodukolle.ee\/","name":"Kodukolle","description":"","publisher":{"@id":"https:\/\/kloon.kodukolle.ee\/#organization"},"potentialAction":[{"@type":"SearchAction","target":{"@type":"EntryPoint","urlTemplate":"https:\/\/kloon.kodukolle.ee\/?s={search_term_string}"},"query-input":{"@type":"PropertyValueSpecification","valueRequired":true,"valueName":"search_term_string"}}],"inLanguage":"fi"},{"@type":"Organization","@id":"https:\/\/kloon.kodukolle.ee\/#organization","name":"Kodukolle","url":"https:\/\/kloon.kodukolle.ee\/","logo":{"@type":"ImageObject","inLanguage":"fi","@id":"https:\/\/kloon.kodukolle.ee\/#\/schema\/logo\/image\/","url":"https:\/\/kloon.kodukolle.ee\/wp-content\/uploads\/2025\/06\/logo_must_gradient.svg","contentUrl":"https:\/\/kloon.kodukolle.ee\/wp-content\/uploads\/2025\/06\/logo_must_gradient.svg","caption":"Kodukolle"},"image":{"@id":"https:\/\/kloon.kodukolle.ee\/#\/schema\/logo\/image\/"}}]}},"_links":{"self":[{"href":"https:\/\/kloon.kodukolle.ee\/fi\/wp-json\/wp\/v2\/product\/26446","targetHints":{"allow":["GET"]}}],"collection":[{"href":"https:\/\/kloon.kodukolle.ee\/fi\/wp-json\/wp\/v2\/product"}],"about":[{"href":"https:\/\/kloon.kodukolle.ee\/fi\/wp-json\/wp\/v2\/types\/product"}],"wp:featuredmedia":[{"embeddable":true,"href":"https:\/\/kloon.kodukolle.ee\/fi\/wp-json\/wp\/v2\/media\/12706"}],"wp:attachment":[{"href":"https:\/\/kloon.kodukolle.ee\/fi\/wp-json\/wp\/v2\/media?parent=26446"}],"wp:term":[{"taxonomy":"product_brand","embeddable":true,"href":"https:\/\/kloon.kodukolle.ee\/fi\/wp-json\/wp\/v2\/product_brand?post=26446"},{"taxonomy":"product_cat","embeddable":true,"href":"https:\/\/kloon.kodukolle.ee\/fi\/wp-json\/wp\/v2\/product_cat?post=26446"},{"taxonomy":"product_tag","embeddable":true,"href":"https:\/\/kloon.kodukolle.ee\/fi\/wp-json\/wp\/v2\/product_tag?post=26446"}],"curies":[{"name":"wp","href":"https:\/\/api.w.org\/{rel}","templated":true}]}}