{"id":26565,"date":"2023-06-15T14:58:31","date_gmt":"2023-06-15T11:58:31","guid":{"rendered":"https:\/\/kloon.kodukolle.ee\/?post_type=product&#038;p=26565"},"modified":"2023-12-29T11:02:26","modified_gmt":"2023-12-29T09:02:26","slug":"polttopuuteline-cook-king-mila","status":"publish","type":"product","link":"https:\/\/kloon.kodukolle.ee\/fi\/tuote\/polttopuuteline-cook-king-mila\/","title":{"rendered":"Polttopuuteline Cook King MILA"},"content":{"rendered":"<p>Mustasta ter\u00e4ksest\u00e4 valmistettu vakaa polttopuuteline Cook King Mila on k\u00e4yt\u00e4nn\u00f6llinen lis\u00e4 Cook Kingin ulkotulisijan ja miksei my\u00f6s olohuoneeseen takan viereen. Polttopuuteline on moderni ja universaali muotoilu, joka sopii kaikkiin ymp\u00e4rist\u00f6ihin. Kaikki elementit on hitsattu, ei ruuvattu, mik\u00e4 tekee puunpidikkeest\u00e4 eritt\u00e4in vakaan ja varmistaa vuosien k\u00e4ytt\u00f6i\u00e4n. Puiden pit\u00e4minen aivan tulen tai takan vieress\u00e4 tekee puiden lis\u00e4\u00e4misest\u00e4 erityisen k\u00e4tev\u00e4\u00e4.\n<\/ul>\n<p>&nbsp;<\/p>\n","protected":false},"excerpt":{"rendered":"<p>Mustasta ter\u00e4ksest\u00e4 valmistettu vakaa polttopuuteline Cook King Mila on k\u00e4yt\u00e4nn\u00f6llinen lis\u00e4 Cook Kingin ulkotulisijan ja miksei my\u00f6s olohuoneeseen takan viereen. Polttopuuteline on moderni ja universaali muotoilu, joka sopii kaikkiin ymp\u00e4rist\u00f6ihin. Kaikki elementit on hitsattu, ei ruuvattu, mik\u00e4 tekee puunpidikkeest\u00e4 eritt\u00e4in vakaan ja varmistaa vuosien k\u00e4ytt\u00f6i\u00e4n. Puiden pit\u00e4minen aivan tulen tai takan vieress\u00e4 tekee puiden lis\u00e4\u00e4misest\u00e4 erityisen k\u00e4tev\u00e4\u00e4.<\/p>\n","protected":false},"featured_media":13495,"template":"","meta":{"_acf_changed":false},"product_brand":[],"product_cat":[9693],"product_tag":[],"class_list":{"0":"post-26565","1":"product","2":"type-product","3":"status-publish","4":"has-post-thumbnail","6":"brands-cook-king-fi","7":"product_cat-tarvikkeet-ja-muut-tuotteet","9":"first","10":"instock","11":"shipping-taxable","12":"product-type-simple"},"acf":[],"yoast_head":"<!-- This site is optimized with the Yoast SEO plugin v27.3 - https:\/\/yoast.com\/product\/yoast-seo-wordpress\/ -->\n<title>Polttopuuteline Cook King MILA - Kodukolle<\/title>\n<meta name=\"description\" content=\"Mustasta ter\u00e4ksest\u00e4 valmistettu vakaa polttopuuteline Cook King Mila on k\u00e4yt\u00e4nn\u00f6llinen lis\u00e4 Cook Kingin ulkotulisijan ja miksei my\u00f6s olohuoneeseen takan viereen.\" \/>\n<meta name=\"robots\" content=\"noindex, follow, max-snippet:-1, max-image-preview:large, max-video-preview:-1\" \/>\n<meta property=\"og:locale\" content=\"fi_FI\" \/>\n<meta property=\"og:type\" content=\"article\" \/>\n<meta property=\"og:title\" content=\"Polttopuuteline Cook King MILA - Kodukolle\" \/>\n<meta property=\"og:description\" content=\"Mustasta ter\u00e4ksest\u00e4 valmistettu vakaa polttopuuteline Cook King Mila on k\u00e4yt\u00e4nn\u00f6llinen lis\u00e4 Cook Kingin ulkotulisijan ja miksei my\u00f6s olohuoneeseen takan viereen.\" \/>\n<meta property=\"og:url\" content=\"https:\/\/kloon.kodukolle.ee\/fi\/tuote\/polttopuuteline-cook-king-mila\/\" \/>\n<meta property=\"og:site_name\" content=\"Kodukolle\" \/>\n<meta property=\"article:modified_time\" content=\"2023-12-29T09:02:26+00:00\" \/>\n<meta property=\"og:image\" content=\"https:\/\/kloon.kodukolle.ee\/wp-content\/uploads\/2023\/06\/mila_1.jpg\" \/>\n\t<meta property=\"og:image:width\" content=\"2000\" \/>\n\t<meta property=\"og:image:height\" content=\"1398\" \/>\n\t<meta property=\"og:image:type\" content=\"image\/jpeg\" \/>\n<meta name=\"twitter:card\" content=\"summary_large_image\" \/>\n<script type=\"application\/ld+json\" class=\"yoast-schema-graph\">{\"@context\":\"https:\\\/\\\/schema.org\",\"@graph\":[{\"@type\":\"WebPage\",\"@id\":\"https:\\\/\\\/kloon.kodukolle.ee\\\/fi\\\/tuote\\\/polttopuuteline-cook-king-mila\\\/\",\"url\":\"https:\\\/\\\/kloon.kodukolle.ee\\\/fi\\\/tuote\\\/polttopuuteline-cook-king-mila\\\/\",\"name\":\"Polttopuuteline Cook King MILA - Kodukolle\",\"isPartOf\":{\"@id\":\"https:\\\/\\\/kloon.kodukolle.ee\\\/#website\"},\"primaryImageOfPage\":{\"@id\":\"https:\\\/\\\/kloon.kodukolle.ee\\\/fi\\\/tuote\\\/polttopuuteline-cook-king-mila\\\/#primaryimage\"},\"image\":{\"@id\":\"https:\\\/\\\/kloon.kodukolle.ee\\\/fi\\\/tuote\\\/polttopuuteline-cook-king-mila\\\/#primaryimage\"},\"thumbnailUrl\":\"https:\\\/\\\/kloon.kodukolle.ee\\\/wp-content\\\/uploads\\\/2023\\\/06\\\/mila_1.jpg\",\"datePublished\":\"2023-06-15T11:58:31+00:00\",\"dateModified\":\"2023-12-29T09:02:26+00:00\",\"description\":\"Mustasta ter\u00e4ksest\u00e4 valmistettu vakaa polttopuuteline Cook King Mila on k\u00e4yt\u00e4nn\u00f6llinen lis\u00e4 Cook Kingin ulkotulisijan ja miksei my\u00f6s olohuoneeseen takan viereen.\",\"breadcrumb\":{\"@id\":\"https:\\\/\\\/kloon.kodukolle.ee\\\/fi\\\/tuote\\\/polttopuuteline-cook-king-mila\\\/#breadcrumb\"},\"inLanguage\":\"fi\",\"potentialAction\":[{\"@type\":\"ReadAction\",\"target\":[\"https:\\\/\\\/kloon.kodukolle.ee\\\/fi\\\/tuote\\\/polttopuuteline-cook-king-mila\\\/\"]}]},{\"@type\":\"ImageObject\",\"inLanguage\":\"fi\",\"@id\":\"https:\\\/\\\/kloon.kodukolle.ee\\\/fi\\\/tuote\\\/polttopuuteline-cook-king-mila\\\/#primaryimage\",\"url\":\"https:\\\/\\\/kloon.kodukolle.ee\\\/wp-content\\\/uploads\\\/2023\\\/06\\\/mila_1.jpg\",\"contentUrl\":\"https:\\\/\\\/kloon.kodukolle.ee\\\/wp-content\\\/uploads\\\/2023\\\/06\\\/mila_1.jpg\",\"width\":2000,\"height\":1398,\"caption\":\"Mila\"},{\"@type\":\"BreadcrumbList\",\"@id\":\"https:\\\/\\\/kloon.kodukolle.ee\\\/fi\\\/tuote\\\/polttopuuteline-cook-king-mila\\\/#breadcrumb\",\"itemListElement\":[{\"@type\":\"ListItem\",\"position\":1,\"name\":\"Home\",\"item\":\"https:\\\/\\\/kloon.kodukolle.ee\\\/fi\\\/\"},{\"@type\":\"ListItem\",\"position\":2,\"name\":\"Tuotteet\",\"item\":\"https:\\\/\\\/kloon.kodukolle.ee\\\/fi\\\/tuotteet\\\/\"},{\"@type\":\"ListItem\",\"position\":3,\"name\":\"Polttopuuteline Cook King MILA\"}]},{\"@type\":\"WebSite\",\"@id\":\"https:\\\/\\\/kloon.kodukolle.ee\\\/#website\",\"url\":\"https:\\\/\\\/kloon.kodukolle.ee\\\/\",\"name\":\"Kodukolle\",\"description\":\"\",\"publisher\":{\"@id\":\"https:\\\/\\\/kloon.kodukolle.ee\\\/#organization\"},\"potentialAction\":[{\"@type\":\"SearchAction\",\"target\":{\"@type\":\"EntryPoint\",\"urlTemplate\":\"https:\\\/\\\/kloon.kodukolle.ee\\\/?s={search_term_string}\"},\"query-input\":{\"@type\":\"PropertyValueSpecification\",\"valueRequired\":true,\"valueName\":\"search_term_string\"}}],\"inLanguage\":\"fi\"},{\"@type\":\"Organization\",\"@id\":\"https:\\\/\\\/kloon.kodukolle.ee\\\/#organization\",\"name\":\"Kodukolle\",\"url\":\"https:\\\/\\\/kloon.kodukolle.ee\\\/\",\"logo\":{\"@type\":\"ImageObject\",\"inLanguage\":\"fi\",\"@id\":\"https:\\\/\\\/kloon.kodukolle.ee\\\/#\\\/schema\\\/logo\\\/image\\\/\",\"url\":\"https:\\\/\\\/kloon.kodukolle.ee\\\/wp-content\\\/uploads\\\/2025\\\/06\\\/logo_must_gradient.svg\",\"contentUrl\":\"https:\\\/\\\/kloon.kodukolle.ee\\\/wp-content\\\/uploads\\\/2025\\\/06\\\/logo_must_gradient.svg\",\"caption\":\"Kodukolle\"},\"image\":{\"@id\":\"https:\\\/\\\/kloon.kodukolle.ee\\\/#\\\/schema\\\/logo\\\/image\\\/\"}}]}<\/script>\n<!-- \/ Yoast SEO plugin. -->","yoast_head_json":{"title":"Polttopuuteline Cook King MILA - Kodukolle","description":"Mustasta ter\u00e4ksest\u00e4 valmistettu vakaa polttopuuteline Cook King Mila on k\u00e4yt\u00e4nn\u00f6llinen lis\u00e4 Cook Kingin ulkotulisijan ja miksei my\u00f6s olohuoneeseen takan viereen.","robots":{"index":"noindex","follow":"follow","max-snippet":"max-snippet:-1","max-image-preview":"max-image-preview:large","max-video-preview":"max-video-preview:-1"},"og_locale":"fi_FI","og_type":"article","og_title":"Polttopuuteline Cook King MILA - Kodukolle","og_description":"Mustasta ter\u00e4ksest\u00e4 valmistettu vakaa polttopuuteline Cook King Mila on k\u00e4yt\u00e4nn\u00f6llinen lis\u00e4 Cook Kingin ulkotulisijan ja miksei my\u00f6s olohuoneeseen takan viereen.","og_url":"https:\/\/kloon.kodukolle.ee\/fi\/tuote\/polttopuuteline-cook-king-mila\/","og_site_name":"Kodukolle","article_modified_time":"2023-12-29T09:02:26+00:00","og_image":[{"width":2000,"height":1398,"url":"https:\/\/kloon.kodukolle.ee\/wp-content\/uploads\/2023\/06\/mila_1.jpg","type":"image\/jpeg"}],"twitter_card":"summary_large_image","schema":{"@context":"https:\/\/schema.org","@graph":[{"@type":"WebPage","@id":"https:\/\/kloon.kodukolle.ee\/fi\/tuote\/polttopuuteline-cook-king-mila\/","url":"https:\/\/kloon.kodukolle.ee\/fi\/tuote\/polttopuuteline-cook-king-mila\/","name":"Polttopuuteline Cook King MILA - Kodukolle","isPartOf":{"@id":"https:\/\/kloon.kodukolle.ee\/#website"},"primaryImageOfPage":{"@id":"https:\/\/kloon.kodukolle.ee\/fi\/tuote\/polttopuuteline-cook-king-mila\/#primaryimage"},"image":{"@id":"https:\/\/kloon.kodukolle.ee\/fi\/tuote\/polttopuuteline-cook-king-mila\/#primaryimage"},"thumbnailUrl":"https:\/\/kloon.kodukolle.ee\/wp-content\/uploads\/2023\/06\/mila_1.jpg","datePublished":"2023-06-15T11:58:31+00:00","dateModified":"2023-12-29T09:02:26+00:00","description":"Mustasta ter\u00e4ksest\u00e4 valmistettu vakaa polttopuuteline Cook King Mila on k\u00e4yt\u00e4nn\u00f6llinen lis\u00e4 Cook Kingin ulkotulisijan ja miksei my\u00f6s olohuoneeseen takan viereen.","breadcrumb":{"@id":"https:\/\/kloon.kodukolle.ee\/fi\/tuote\/polttopuuteline-cook-king-mila\/#breadcrumb"},"inLanguage":"fi","potentialAction":[{"@type":"ReadAction","target":["https:\/\/kloon.kodukolle.ee\/fi\/tuote\/polttopuuteline-cook-king-mila\/"]}]},{"@type":"ImageObject","inLanguage":"fi","@id":"https:\/\/kloon.kodukolle.ee\/fi\/tuote\/polttopuuteline-cook-king-mila\/#primaryimage","url":"https:\/\/kloon.kodukolle.ee\/wp-content\/uploads\/2023\/06\/mila_1.jpg","contentUrl":"https:\/\/kloon.kodukolle.ee\/wp-content\/uploads\/2023\/06\/mila_1.jpg","width":2000,"height":1398,"caption":"Mila"},{"@type":"BreadcrumbList","@id":"https:\/\/kloon.kodukolle.ee\/fi\/tuote\/polttopuuteline-cook-king-mila\/#breadcrumb","itemListElement":[{"@type":"ListItem","position":1,"name":"Home","item":"https:\/\/kloon.kodukolle.ee\/fi\/"},{"@type":"ListItem","position":2,"name":"Tuotteet","item":"https:\/\/kloon.kodukolle.ee\/fi\/tuotteet\/"},{"@type":"ListItem","position":3,"name":"Polttopuuteline Cook King MILA"}]},{"@type":"WebSite","@id":"https:\/\/kloon.kodukolle.ee\/#website","url":"https:\/\/kloon.kodukolle.ee\/","name":"Kodukolle","description":"","publisher":{"@id":"https:\/\/kloon.kodukolle.ee\/#organization"},"potentialAction":[{"@type":"SearchAction","target":{"@type":"EntryPoint","urlTemplate":"https:\/\/kloon.kodukolle.ee\/?s={search_term_string}"},"query-input":{"@type":"PropertyValueSpecification","valueRequired":true,"valueName":"search_term_string"}}],"inLanguage":"fi"},{"@type":"Organization","@id":"https:\/\/kloon.kodukolle.ee\/#organization","name":"Kodukolle","url":"https:\/\/kloon.kodukolle.ee\/","logo":{"@type":"ImageObject","inLanguage":"fi","@id":"https:\/\/kloon.kodukolle.ee\/#\/schema\/logo\/image\/","url":"https:\/\/kloon.kodukolle.ee\/wp-content\/uploads\/2025\/06\/logo_must_gradient.svg","contentUrl":"https:\/\/kloon.kodukolle.ee\/wp-content\/uploads\/2025\/06\/logo_must_gradient.svg","caption":"Kodukolle"},"image":{"@id":"https:\/\/kloon.kodukolle.ee\/#\/schema\/logo\/image\/"}}]}},"_links":{"self":[{"href":"https:\/\/kloon.kodukolle.ee\/fi\/wp-json\/wp\/v2\/product\/26565","targetHints":{"allow":["GET"]}}],"collection":[{"href":"https:\/\/kloon.kodukolle.ee\/fi\/wp-json\/wp\/v2\/product"}],"about":[{"href":"https:\/\/kloon.kodukolle.ee\/fi\/wp-json\/wp\/v2\/types\/product"}],"wp:featuredmedia":[{"embeddable":true,"href":"https:\/\/kloon.kodukolle.ee\/fi\/wp-json\/wp\/v2\/media\/13495"}],"wp:attachment":[{"href":"https:\/\/kloon.kodukolle.ee\/fi\/wp-json\/wp\/v2\/media?parent=26565"}],"wp:term":[{"taxonomy":"product_brand","embeddable":true,"href":"https:\/\/kloon.kodukolle.ee\/fi\/wp-json\/wp\/v2\/product_brand?post=26565"},{"taxonomy":"product_cat","embeddable":true,"href":"https:\/\/kloon.kodukolle.ee\/fi\/wp-json\/wp\/v2\/product_cat?post=26565"},{"taxonomy":"product_tag","embeddable":true,"href":"https:\/\/kloon.kodukolle.ee\/fi\/wp-json\/wp\/v2\/product_tag?post=26565"}],"curies":[{"name":"wp","href":"https:\/\/api.w.org\/{rel}","templated":true}]}}