{"id":26567,"date":"2023-06-15T14:37:50","date_gmt":"2023-06-15T11:37:50","guid":{"rendered":"https:\/\/kloon.kodukolle.ee\/?post_type=product&#038;p=26567"},"modified":"2024-01-18T11:57:26","modified_gmt":"2024-01-18T09:57:26","slug":"polttopuutteline-cook-king-cherry","status":"publish","type":"product","link":"https:\/\/kloon.kodukolle.ee\/fi\/tuote\/polttopuutteline-cook-king-cherry\/","title":{"rendered":"Polttopuutteline Cook King CHERRY"},"content":{"rendered":"<p>K\u00e4yt\u00e4nn\u00f6llisyys kohtaa eleganssin, jonka ansiosta Cook King Cherry polttopuutelineest\u00e4 tulee mielenkiintoinen sisustuselementti huoneeseesi tai puutarhaasi. Cherry polttopuutelineen voit sijoittaa olohuoneeseesi takan tai kiukaan viereen, se on sek\u00e4 tyylik\u00e4s asuste kodin sisustuksessa ett\u00e4 k\u00e4tev\u00e4 tapa s\u00e4ilytt\u00e4\u00e4 puita, ja se muuttaa sisustuksesi tuntemattomaksi. Cherry polttopuuteline on ohut, mik\u00e4 tekee siit\u00e4 todellisen tilaa s\u00e4\u00e4st\u00e4v\u00e4n. Polttopuuteline on valmistettu jauhemaalatuista ter\u00e4sprofiileista, mik\u00e4 tekee siit\u00e4 s\u00e4\u00e4nkest\u00e4v\u00e4n, joten sit\u00e4 voidaan k\u00e4ytt\u00e4\u00e4 my\u00f6s ulkona. Sen elementit on hitsattu, ei ruuvattu, mik\u00e4 tekee puunpidikkeest\u00e4 eritt\u00e4in vakaan ja takaa monen vuoden k\u00e4ytt\u00f6i\u00e4n.\n<\/ul>\n<p>&nbsp;<\/p>\n","protected":false},"excerpt":{"rendered":"<p>K\u00e4yt\u00e4nn\u00f6llisyys kohtaa eleganssin, jonka ansiosta Cook King Cherry polttopuutelineest\u00e4 tulee mielenkiintoinen sisustuselementti huoneeseesi tai puutarhaasi. Cherry polttopuutelineen voit sijoittaa olohuoneeseesi takan tai kiukaan viereen, se on sek\u00e4 tyylik\u00e4s asuste kodin sisustuksessa ett\u00e4 k\u00e4tev\u00e4 tapa s\u00e4ilytt\u00e4\u00e4 puita, ja se muuttaa sisustuksesi tuntemattomaksi. Cherry polttopuuteline on ohut, mik\u00e4 tekee siit\u00e4 todellisen tilaa s\u00e4\u00e4st\u00e4v\u00e4n. Polttopuuteline on valmistettu jauhemaalatuista ter\u00e4sprofiileista, mik\u00e4 tekee siit\u00e4 s\u00e4\u00e4nkest\u00e4v\u00e4n, joten sit\u00e4 voidaan k\u00e4ytt\u00e4\u00e4 my\u00f6s ulkona. Sen elementit on hitsattu, ei ruuvattu, mik\u00e4 tekee puunpidikkeest\u00e4 eritt\u00e4in vakaan ja takaa monen vuoden k\u00e4ytt\u00f6i\u00e4n.<\/p>\n","protected":false},"featured_media":13477,"template":"","meta":{"_acf_changed":false},"product_brand":[],"product_cat":[9693],"product_tag":[],"class_list":{"0":"post-26567","1":"product","2":"type-product","3":"status-publish","4":"has-post-thumbnail","6":"brands-cook-king-fi","7":"product_cat-tarvikkeet-ja-muut-tuotteet","9":"first","10":"instock","11":"shipping-taxable","12":"product-type-simple"},"acf":[],"yoast_head":"<!-- This site is optimized with the Yoast SEO plugin v27.3 - https:\/\/yoast.com\/product\/yoast-seo-wordpress\/ -->\n<title>Polttopuutteline Cook King CHERRY - Kodukolle<\/title>\n<meta name=\"description\" content=\"K\u00e4yt\u00e4nn\u00f6llisyys kohtaa eleganssin, jonka ansiosta Cook King Cherry polttopuutelineest\u00e4 tulee mielenkiintoinen sisustuselementti huoneeseesi tai puutarhaasi.\" \/>\n<meta name=\"robots\" content=\"noindex, follow, max-snippet:-1, max-image-preview:large, max-video-preview:-1\" \/>\n<meta property=\"og:locale\" content=\"fi_FI\" \/>\n<meta property=\"og:type\" content=\"article\" \/>\n<meta property=\"og:title\" content=\"Polttopuutteline Cook King CHERRY - Kodukolle\" \/>\n<meta property=\"og:description\" content=\"K\u00e4yt\u00e4nn\u00f6llisyys kohtaa eleganssin, jonka ansiosta Cook King Cherry polttopuutelineest\u00e4 tulee mielenkiintoinen sisustuselementti huoneeseesi tai puutarhaasi.\" \/>\n<meta property=\"og:url\" content=\"https:\/\/kloon.kodukolle.ee\/fi\/tuote\/polttopuutteline-cook-king-cherry\/\" \/>\n<meta property=\"og:site_name\" content=\"Kodukolle\" \/>\n<meta property=\"article:modified_time\" content=\"2024-01-18T09:57:26+00:00\" \/>\n<meta property=\"og:image\" content=\"https:\/\/kloon.kodukolle.ee\/wp-content\/uploads\/2023\/06\/cherry_1.jpg\" \/>\n\t<meta property=\"og:image:width\" content=\"1598\" \/>\n\t<meta property=\"og:image:height\" content=\"2000\" \/>\n\t<meta property=\"og:image:type\" content=\"image\/jpeg\" \/>\n<meta name=\"twitter:card\" content=\"summary_large_image\" \/>\n<meta name=\"twitter:label1\" content=\"Est. reading time\" \/>\n\t<meta name=\"twitter:data1\" content=\"1 minuutti\" \/>\n<script type=\"application\/ld+json\" class=\"yoast-schema-graph\">{\"@context\":\"https:\\\/\\\/schema.org\",\"@graph\":[{\"@type\":\"WebPage\",\"@id\":\"https:\\\/\\\/kloon.kodukolle.ee\\\/fi\\\/tuote\\\/polttopuutteline-cook-king-cherry\\\/\",\"url\":\"https:\\\/\\\/kloon.kodukolle.ee\\\/fi\\\/tuote\\\/polttopuutteline-cook-king-cherry\\\/\",\"name\":\"Polttopuutteline Cook King CHERRY - Kodukolle\",\"isPartOf\":{\"@id\":\"https:\\\/\\\/kloon.kodukolle.ee\\\/#website\"},\"primaryImageOfPage\":{\"@id\":\"https:\\\/\\\/kloon.kodukolle.ee\\\/fi\\\/tuote\\\/polttopuutteline-cook-king-cherry\\\/#primaryimage\"},\"image\":{\"@id\":\"https:\\\/\\\/kloon.kodukolle.ee\\\/fi\\\/tuote\\\/polttopuutteline-cook-king-cherry\\\/#primaryimage\"},\"thumbnailUrl\":\"https:\\\/\\\/kloon.kodukolle.ee\\\/wp-content\\\/uploads\\\/2023\\\/06\\\/cherry_1.jpg\",\"datePublished\":\"2023-06-15T11:37:50+00:00\",\"dateModified\":\"2024-01-18T09:57:26+00:00\",\"description\":\"K\u00e4yt\u00e4nn\u00f6llisyys kohtaa eleganssin, jonka ansiosta Cook King Cherry polttopuutelineest\u00e4 tulee mielenkiintoinen sisustuselementti huoneeseesi tai puutarhaasi.\",\"breadcrumb\":{\"@id\":\"https:\\\/\\\/kloon.kodukolle.ee\\\/fi\\\/tuote\\\/polttopuutteline-cook-king-cherry\\\/#breadcrumb\"},\"inLanguage\":\"fi\",\"potentialAction\":[{\"@type\":\"ReadAction\",\"target\":[\"https:\\\/\\\/kloon.kodukolle.ee\\\/fi\\\/tuote\\\/polttopuutteline-cook-king-cherry\\\/\"]}]},{\"@type\":\"ImageObject\",\"inLanguage\":\"fi\",\"@id\":\"https:\\\/\\\/kloon.kodukolle.ee\\\/fi\\\/tuote\\\/polttopuutteline-cook-king-cherry\\\/#primaryimage\",\"url\":\"https:\\\/\\\/kloon.kodukolle.ee\\\/wp-content\\\/uploads\\\/2023\\\/06\\\/cherry_1.jpg\",\"contentUrl\":\"https:\\\/\\\/kloon.kodukolle.ee\\\/wp-content\\\/uploads\\\/2023\\\/06\\\/cherry_1.jpg\",\"width\":1598,\"height\":2000,\"caption\":\"Cherry\"},{\"@type\":\"BreadcrumbList\",\"@id\":\"https:\\\/\\\/kloon.kodukolle.ee\\\/fi\\\/tuote\\\/polttopuutteline-cook-king-cherry\\\/#breadcrumb\",\"itemListElement\":[{\"@type\":\"ListItem\",\"position\":1,\"name\":\"Home\",\"item\":\"https:\\\/\\\/kloon.kodukolle.ee\\\/fi\\\/\"},{\"@type\":\"ListItem\",\"position\":2,\"name\":\"Tuotteet\",\"item\":\"https:\\\/\\\/kloon.kodukolle.ee\\\/fi\\\/tuotteet\\\/\"},{\"@type\":\"ListItem\",\"position\":3,\"name\":\"Polttopuutteline Cook King CHERRY\"}]},{\"@type\":\"WebSite\",\"@id\":\"https:\\\/\\\/kloon.kodukolle.ee\\\/#website\",\"url\":\"https:\\\/\\\/kloon.kodukolle.ee\\\/\",\"name\":\"Kodukolle\",\"description\":\"\",\"publisher\":{\"@id\":\"https:\\\/\\\/kloon.kodukolle.ee\\\/#organization\"},\"potentialAction\":[{\"@type\":\"SearchAction\",\"target\":{\"@type\":\"EntryPoint\",\"urlTemplate\":\"https:\\\/\\\/kloon.kodukolle.ee\\\/?s={search_term_string}\"},\"query-input\":{\"@type\":\"PropertyValueSpecification\",\"valueRequired\":true,\"valueName\":\"search_term_string\"}}],\"inLanguage\":\"fi\"},{\"@type\":\"Organization\",\"@id\":\"https:\\\/\\\/kloon.kodukolle.ee\\\/#organization\",\"name\":\"Kodukolle\",\"url\":\"https:\\\/\\\/kloon.kodukolle.ee\\\/\",\"logo\":{\"@type\":\"ImageObject\",\"inLanguage\":\"fi\",\"@id\":\"https:\\\/\\\/kloon.kodukolle.ee\\\/#\\\/schema\\\/logo\\\/image\\\/\",\"url\":\"https:\\\/\\\/kloon.kodukolle.ee\\\/wp-content\\\/uploads\\\/2025\\\/06\\\/logo_must_gradient.svg\",\"contentUrl\":\"https:\\\/\\\/kloon.kodukolle.ee\\\/wp-content\\\/uploads\\\/2025\\\/06\\\/logo_must_gradient.svg\",\"caption\":\"Kodukolle\"},\"image\":{\"@id\":\"https:\\\/\\\/kloon.kodukolle.ee\\\/#\\\/schema\\\/logo\\\/image\\\/\"}}]}<\/script>\n<!-- \/ Yoast SEO plugin. -->","yoast_head_json":{"title":"Polttopuutteline Cook King CHERRY - Kodukolle","description":"K\u00e4yt\u00e4nn\u00f6llisyys kohtaa eleganssin, jonka ansiosta Cook King Cherry polttopuutelineest\u00e4 tulee mielenkiintoinen sisustuselementti huoneeseesi tai puutarhaasi.","robots":{"index":"noindex","follow":"follow","max-snippet":"max-snippet:-1","max-image-preview":"max-image-preview:large","max-video-preview":"max-video-preview:-1"},"og_locale":"fi_FI","og_type":"article","og_title":"Polttopuutteline Cook King CHERRY - Kodukolle","og_description":"K\u00e4yt\u00e4nn\u00f6llisyys kohtaa eleganssin, jonka ansiosta Cook King Cherry polttopuutelineest\u00e4 tulee mielenkiintoinen sisustuselementti huoneeseesi tai puutarhaasi.","og_url":"https:\/\/kloon.kodukolle.ee\/fi\/tuote\/polttopuutteline-cook-king-cherry\/","og_site_name":"Kodukolle","article_modified_time":"2024-01-18T09:57:26+00:00","og_image":[{"width":1598,"height":2000,"url":"https:\/\/kloon.kodukolle.ee\/wp-content\/uploads\/2023\/06\/cherry_1.jpg","type":"image\/jpeg"}],"twitter_card":"summary_large_image","twitter_misc":{"Est. reading time":"1 minuutti"},"schema":{"@context":"https:\/\/schema.org","@graph":[{"@type":"WebPage","@id":"https:\/\/kloon.kodukolle.ee\/fi\/tuote\/polttopuutteline-cook-king-cherry\/","url":"https:\/\/kloon.kodukolle.ee\/fi\/tuote\/polttopuutteline-cook-king-cherry\/","name":"Polttopuutteline Cook King CHERRY - Kodukolle","isPartOf":{"@id":"https:\/\/kloon.kodukolle.ee\/#website"},"primaryImageOfPage":{"@id":"https:\/\/kloon.kodukolle.ee\/fi\/tuote\/polttopuutteline-cook-king-cherry\/#primaryimage"},"image":{"@id":"https:\/\/kloon.kodukolle.ee\/fi\/tuote\/polttopuutteline-cook-king-cherry\/#primaryimage"},"thumbnailUrl":"https:\/\/kloon.kodukolle.ee\/wp-content\/uploads\/2023\/06\/cherry_1.jpg","datePublished":"2023-06-15T11:37:50+00:00","dateModified":"2024-01-18T09:57:26+00:00","description":"K\u00e4yt\u00e4nn\u00f6llisyys kohtaa eleganssin, jonka ansiosta Cook King Cherry polttopuutelineest\u00e4 tulee mielenkiintoinen sisustuselementti huoneeseesi tai puutarhaasi.","breadcrumb":{"@id":"https:\/\/kloon.kodukolle.ee\/fi\/tuote\/polttopuutteline-cook-king-cherry\/#breadcrumb"},"inLanguage":"fi","potentialAction":[{"@type":"ReadAction","target":["https:\/\/kloon.kodukolle.ee\/fi\/tuote\/polttopuutteline-cook-king-cherry\/"]}]},{"@type":"ImageObject","inLanguage":"fi","@id":"https:\/\/kloon.kodukolle.ee\/fi\/tuote\/polttopuutteline-cook-king-cherry\/#primaryimage","url":"https:\/\/kloon.kodukolle.ee\/wp-content\/uploads\/2023\/06\/cherry_1.jpg","contentUrl":"https:\/\/kloon.kodukolle.ee\/wp-content\/uploads\/2023\/06\/cherry_1.jpg","width":1598,"height":2000,"caption":"Cherry"},{"@type":"BreadcrumbList","@id":"https:\/\/kloon.kodukolle.ee\/fi\/tuote\/polttopuutteline-cook-king-cherry\/#breadcrumb","itemListElement":[{"@type":"ListItem","position":1,"name":"Home","item":"https:\/\/kloon.kodukolle.ee\/fi\/"},{"@type":"ListItem","position":2,"name":"Tuotteet","item":"https:\/\/kloon.kodukolle.ee\/fi\/tuotteet\/"},{"@type":"ListItem","position":3,"name":"Polttopuutteline Cook King CHERRY"}]},{"@type":"WebSite","@id":"https:\/\/kloon.kodukolle.ee\/#website","url":"https:\/\/kloon.kodukolle.ee\/","name":"Kodukolle","description":"","publisher":{"@id":"https:\/\/kloon.kodukolle.ee\/#organization"},"potentialAction":[{"@type":"SearchAction","target":{"@type":"EntryPoint","urlTemplate":"https:\/\/kloon.kodukolle.ee\/?s={search_term_string}"},"query-input":{"@type":"PropertyValueSpecification","valueRequired":true,"valueName":"search_term_string"}}],"inLanguage":"fi"},{"@type":"Organization","@id":"https:\/\/kloon.kodukolle.ee\/#organization","name":"Kodukolle","url":"https:\/\/kloon.kodukolle.ee\/","logo":{"@type":"ImageObject","inLanguage":"fi","@id":"https:\/\/kloon.kodukolle.ee\/#\/schema\/logo\/image\/","url":"https:\/\/kloon.kodukolle.ee\/wp-content\/uploads\/2025\/06\/logo_must_gradient.svg","contentUrl":"https:\/\/kloon.kodukolle.ee\/wp-content\/uploads\/2025\/06\/logo_must_gradient.svg","caption":"Kodukolle"},"image":{"@id":"https:\/\/kloon.kodukolle.ee\/#\/schema\/logo\/image\/"}}]}},"_links":{"self":[{"href":"https:\/\/kloon.kodukolle.ee\/fi\/wp-json\/wp\/v2\/product\/26567","targetHints":{"allow":["GET"]}}],"collection":[{"href":"https:\/\/kloon.kodukolle.ee\/fi\/wp-json\/wp\/v2\/product"}],"about":[{"href":"https:\/\/kloon.kodukolle.ee\/fi\/wp-json\/wp\/v2\/types\/product"}],"wp:featuredmedia":[{"embeddable":true,"href":"https:\/\/kloon.kodukolle.ee\/fi\/wp-json\/wp\/v2\/media\/13477"}],"wp:attachment":[{"href":"https:\/\/kloon.kodukolle.ee\/fi\/wp-json\/wp\/v2\/media?parent=26567"}],"wp:term":[{"taxonomy":"product_brand","embeddable":true,"href":"https:\/\/kloon.kodukolle.ee\/fi\/wp-json\/wp\/v2\/product_brand?post=26567"},{"taxonomy":"product_cat","embeddable":true,"href":"https:\/\/kloon.kodukolle.ee\/fi\/wp-json\/wp\/v2\/product_cat?post=26567"},{"taxonomy":"product_tag","embeddable":true,"href":"https:\/\/kloon.kodukolle.ee\/fi\/wp-json\/wp\/v2\/product_tag?post=26567"}],"curies":[{"name":"wp","href":"https:\/\/api.w.org\/{rel}","templated":true}]}}