{"id":26574,"date":"2023-06-15T13:12:43","date_gmt":"2023-06-15T10:12:43","guid":{"rendered":"https:\/\/kloon.kodukolle.ee\/?post_type=product&#038;p=26574"},"modified":"2024-01-18T11:12:06","modified_gmt":"2024-01-18T09:12:06","slug":"polttopuutteline-cook-king-diego","status":"publish","type":"product","link":"https:\/\/kloon.kodukolle.ee\/fi\/tuote\/polttopuutteline-cook-king-diego\/","title":{"rendered":"Polttopuutteline Cook King DIEGO"},"content":{"rendered":"<p>Cook King Diego -polttopuuteline ei ole vain poikkeuksellisen tyylik\u00e4s, vaan my\u00f6s eritt\u00e4in k\u00e4yt\u00e4nn\u00f6llinen. Sen monipuolisuus on yksi sen t\u00e4rkeimmist\u00e4 eduista, sill\u00e4 voit k\u00e4ytt\u00e4\u00e4 Diego-polttopuutelinett\u00e4 monin eri tavoin. Sijoitatpa sen sitten olohuoneeseesi takan tai kiukaan viereen, se toimii tyylikk\u00e4\u00e4n\u00e4 kodin sisustuksen lis\u00e4varusteena ja k\u00e4tev\u00e4n\u00e4 s\u00e4ilytystilana polttopuille muuttaen sisustusta. Samoin se sopii hyvin ulkok\u00e4ytt\u00f6\u00f6n, puutarhaan polttopuiden varastointiin grillin tai ulkotakan viereen. Polttopuuteline on segmentoitu, joten voit j\u00e4rjest\u00e4\u00e4 puun siististi sen paksuuden ja k\u00e4ytt\u00f6tarkoituksen mukaan. Diego on valmistettu jauhemaalatuista ter\u00e4sprofiileista, mik\u00e4 varmistaa sen kest\u00e4vyyden ja s\u00e4\u00e4nkest\u00e4vyyden. Sen komponentit on hitsattu ruuvauksen sijaan, mik\u00e4 tekee tuotteesta poikkeuksellisen vakaan ja takaa vuosien k\u00e4ytt\u00f6i\u00e4n. Tuotteen halkaisija on 80 cm.\n<\/ul>\n<p>&nbsp;<\/p>\n","protected":false},"excerpt":{"rendered":"<p>Cook King Diego -polttopuuteline ei ole vain poikkeuksellisen tyylik\u00e4s, vaan my\u00f6s eritt\u00e4in k\u00e4yt\u00e4nn\u00f6llinen. Sen monipuolisuus on yksi sen t\u00e4rkeimmist\u00e4 eduista, sill\u00e4 voit k\u00e4ytt\u00e4\u00e4 Diego-polttopuutelinett\u00e4 monin eri tavoin. Sijoitatpa sen sitten olohuoneeseesi takan tai kiukaan viereen, se toimii tyylikk\u00e4\u00e4n\u00e4 kodin sisustuksen lis\u00e4varusteena ja k\u00e4tev\u00e4n\u00e4 s\u00e4ilytystilana polttopuille muuttaen sisustusta. Samoin se sopii hyvin ulkok\u00e4ytt\u00f6\u00f6n, puutarhaan polttopuiden varastointiin grillin tai ulkotakan viereen.<\/p>\n","protected":false},"featured_media":13439,"template":"","meta":{"_acf_changed":false},"product_brand":[],"product_cat":[9693],"product_tag":[],"class_list":{"0":"post-26574","1":"product","2":"type-product","3":"status-publish","4":"has-post-thumbnail","6":"brands-cook-king-fi","7":"product_cat-tarvikkeet-ja-muut-tuotteet","9":"first","10":"instock","11":"shipping-taxable","12":"product-type-simple"},"acf":[],"yoast_head":"<!-- This site is optimized with the Yoast SEO plugin v27.3 - https:\/\/yoast.com\/product\/yoast-seo-wordpress\/ -->\n<title>Polttopuutteline Cook King DIEGO - Kodukolle<\/title>\n<meta name=\"description\" content=\"Cook King Diego -polttopuuteline ei ole vain poikkeuksellisen tyylik\u00e4s, vaan my\u00f6s eritt\u00e4in k\u00e4yt\u00e4nn\u00f6llinen. Sen monipuolisuus on yksi sen t\u00e4rkeimmist\u00e4 eduista.\" \/>\n<meta name=\"robots\" content=\"noindex, follow, max-snippet:-1, max-image-preview:large, max-video-preview:-1\" \/>\n<meta property=\"og:locale\" content=\"fi_FI\" \/>\n<meta property=\"og:type\" content=\"article\" \/>\n<meta property=\"og:title\" content=\"Polttopuutteline Cook King DIEGO - Kodukolle\" \/>\n<meta property=\"og:description\" content=\"Cook King Diego -polttopuuteline ei ole vain poikkeuksellisen tyylik\u00e4s, vaan my\u00f6s eritt\u00e4in k\u00e4yt\u00e4nn\u00f6llinen. Sen monipuolisuus on yksi sen t\u00e4rkeimmist\u00e4 eduista.\" \/>\n<meta property=\"og:url\" content=\"https:\/\/kloon.kodukolle.ee\/fi\/tuote\/polttopuutteline-cook-king-diego\/\" \/>\n<meta property=\"og:site_name\" content=\"Kodukolle\" \/>\n<meta property=\"article:modified_time\" content=\"2024-01-18T09:12:06+00:00\" \/>\n<meta property=\"og:image\" content=\"https:\/\/kloon.kodukolle.ee\/wp-content\/uploads\/2023\/06\/diego_1.jpg\" \/>\n\t<meta property=\"og:image:width\" content=\"2000\" \/>\n\t<meta property=\"og:image:height\" content=\"1726\" \/>\n\t<meta property=\"og:image:type\" content=\"image\/jpeg\" \/>\n<meta name=\"twitter:card\" content=\"summary_large_image\" \/>\n<meta name=\"twitter:label1\" content=\"Est. reading time\" \/>\n\t<meta name=\"twitter:data1\" content=\"1 minuutti\" \/>\n<script type=\"application\/ld+json\" class=\"yoast-schema-graph\">{\"@context\":\"https:\\\/\\\/schema.org\",\"@graph\":[{\"@type\":\"WebPage\",\"@id\":\"https:\\\/\\\/kloon.kodukolle.ee\\\/fi\\\/tuote\\\/polttopuutteline-cook-king-diego\\\/\",\"url\":\"https:\\\/\\\/kloon.kodukolle.ee\\\/fi\\\/tuote\\\/polttopuutteline-cook-king-diego\\\/\",\"name\":\"Polttopuutteline Cook King DIEGO - Kodukolle\",\"isPartOf\":{\"@id\":\"https:\\\/\\\/kloon.kodukolle.ee\\\/#website\"},\"primaryImageOfPage\":{\"@id\":\"https:\\\/\\\/kloon.kodukolle.ee\\\/fi\\\/tuote\\\/polttopuutteline-cook-king-diego\\\/#primaryimage\"},\"image\":{\"@id\":\"https:\\\/\\\/kloon.kodukolle.ee\\\/fi\\\/tuote\\\/polttopuutteline-cook-king-diego\\\/#primaryimage\"},\"thumbnailUrl\":\"https:\\\/\\\/kloon.kodukolle.ee\\\/wp-content\\\/uploads\\\/2023\\\/06\\\/diego_1.jpg\",\"datePublished\":\"2023-06-15T10:12:43+00:00\",\"dateModified\":\"2024-01-18T09:12:06+00:00\",\"description\":\"Cook King Diego -polttopuuteline ei ole vain poikkeuksellisen tyylik\u00e4s, vaan my\u00f6s eritt\u00e4in k\u00e4yt\u00e4nn\u00f6llinen. Sen monipuolisuus on yksi sen t\u00e4rkeimmist\u00e4 eduista.\",\"breadcrumb\":{\"@id\":\"https:\\\/\\\/kloon.kodukolle.ee\\\/fi\\\/tuote\\\/polttopuutteline-cook-king-diego\\\/#breadcrumb\"},\"inLanguage\":\"fi\",\"potentialAction\":[{\"@type\":\"ReadAction\",\"target\":[\"https:\\\/\\\/kloon.kodukolle.ee\\\/fi\\\/tuote\\\/polttopuutteline-cook-king-diego\\\/\"]}]},{\"@type\":\"ImageObject\",\"inLanguage\":\"fi\",\"@id\":\"https:\\\/\\\/kloon.kodukolle.ee\\\/fi\\\/tuote\\\/polttopuutteline-cook-king-diego\\\/#primaryimage\",\"url\":\"https:\\\/\\\/kloon.kodukolle.ee\\\/wp-content\\\/uploads\\\/2023\\\/06\\\/diego_1.jpg\",\"contentUrl\":\"https:\\\/\\\/kloon.kodukolle.ee\\\/wp-content\\\/uploads\\\/2023\\\/06\\\/diego_1.jpg\",\"width\":2000,\"height\":1726,\"caption\":\"Diego\"},{\"@type\":\"BreadcrumbList\",\"@id\":\"https:\\\/\\\/kloon.kodukolle.ee\\\/fi\\\/tuote\\\/polttopuutteline-cook-king-diego\\\/#breadcrumb\",\"itemListElement\":[{\"@type\":\"ListItem\",\"position\":1,\"name\":\"Home\",\"item\":\"https:\\\/\\\/kloon.kodukolle.ee\\\/fi\\\/\"},{\"@type\":\"ListItem\",\"position\":2,\"name\":\"Tuotteet\",\"item\":\"https:\\\/\\\/kloon.kodukolle.ee\\\/fi\\\/tuotteet\\\/\"},{\"@type\":\"ListItem\",\"position\":3,\"name\":\"Polttopuutteline Cook King DIEGO\"}]},{\"@type\":\"WebSite\",\"@id\":\"https:\\\/\\\/kloon.kodukolle.ee\\\/#website\",\"url\":\"https:\\\/\\\/kloon.kodukolle.ee\\\/\",\"name\":\"Kodukolle\",\"description\":\"\",\"publisher\":{\"@id\":\"https:\\\/\\\/kloon.kodukolle.ee\\\/#organization\"},\"potentialAction\":[{\"@type\":\"SearchAction\",\"target\":{\"@type\":\"EntryPoint\",\"urlTemplate\":\"https:\\\/\\\/kloon.kodukolle.ee\\\/?s={search_term_string}\"},\"query-input\":{\"@type\":\"PropertyValueSpecification\",\"valueRequired\":true,\"valueName\":\"search_term_string\"}}],\"inLanguage\":\"fi\"},{\"@type\":\"Organization\",\"@id\":\"https:\\\/\\\/kloon.kodukolle.ee\\\/#organization\",\"name\":\"Kodukolle\",\"url\":\"https:\\\/\\\/kloon.kodukolle.ee\\\/\",\"logo\":{\"@type\":\"ImageObject\",\"inLanguage\":\"fi\",\"@id\":\"https:\\\/\\\/kloon.kodukolle.ee\\\/#\\\/schema\\\/logo\\\/image\\\/\",\"url\":\"https:\\\/\\\/kloon.kodukolle.ee\\\/wp-content\\\/uploads\\\/2025\\\/06\\\/logo_must_gradient.svg\",\"contentUrl\":\"https:\\\/\\\/kloon.kodukolle.ee\\\/wp-content\\\/uploads\\\/2025\\\/06\\\/logo_must_gradient.svg\",\"caption\":\"Kodukolle\"},\"image\":{\"@id\":\"https:\\\/\\\/kloon.kodukolle.ee\\\/#\\\/schema\\\/logo\\\/image\\\/\"}}]}<\/script>\n<!-- \/ Yoast SEO plugin. -->","yoast_head_json":{"title":"Polttopuutteline Cook King DIEGO - Kodukolle","description":"Cook King Diego -polttopuuteline ei ole vain poikkeuksellisen tyylik\u00e4s, vaan my\u00f6s eritt\u00e4in k\u00e4yt\u00e4nn\u00f6llinen. Sen monipuolisuus on yksi sen t\u00e4rkeimmist\u00e4 eduista.","robots":{"index":"noindex","follow":"follow","max-snippet":"max-snippet:-1","max-image-preview":"max-image-preview:large","max-video-preview":"max-video-preview:-1"},"og_locale":"fi_FI","og_type":"article","og_title":"Polttopuutteline Cook King DIEGO - Kodukolle","og_description":"Cook King Diego -polttopuuteline ei ole vain poikkeuksellisen tyylik\u00e4s, vaan my\u00f6s eritt\u00e4in k\u00e4yt\u00e4nn\u00f6llinen. Sen monipuolisuus on yksi sen t\u00e4rkeimmist\u00e4 eduista.","og_url":"https:\/\/kloon.kodukolle.ee\/fi\/tuote\/polttopuutteline-cook-king-diego\/","og_site_name":"Kodukolle","article_modified_time":"2024-01-18T09:12:06+00:00","og_image":[{"width":2000,"height":1726,"url":"https:\/\/kloon.kodukolle.ee\/wp-content\/uploads\/2023\/06\/diego_1.jpg","type":"image\/jpeg"}],"twitter_card":"summary_large_image","twitter_misc":{"Est. reading time":"1 minuutti"},"schema":{"@context":"https:\/\/schema.org","@graph":[{"@type":"WebPage","@id":"https:\/\/kloon.kodukolle.ee\/fi\/tuote\/polttopuutteline-cook-king-diego\/","url":"https:\/\/kloon.kodukolle.ee\/fi\/tuote\/polttopuutteline-cook-king-diego\/","name":"Polttopuutteline Cook King DIEGO - Kodukolle","isPartOf":{"@id":"https:\/\/kloon.kodukolle.ee\/#website"},"primaryImageOfPage":{"@id":"https:\/\/kloon.kodukolle.ee\/fi\/tuote\/polttopuutteline-cook-king-diego\/#primaryimage"},"image":{"@id":"https:\/\/kloon.kodukolle.ee\/fi\/tuote\/polttopuutteline-cook-king-diego\/#primaryimage"},"thumbnailUrl":"https:\/\/kloon.kodukolle.ee\/wp-content\/uploads\/2023\/06\/diego_1.jpg","datePublished":"2023-06-15T10:12:43+00:00","dateModified":"2024-01-18T09:12:06+00:00","description":"Cook King Diego -polttopuuteline ei ole vain poikkeuksellisen tyylik\u00e4s, vaan my\u00f6s eritt\u00e4in k\u00e4yt\u00e4nn\u00f6llinen. Sen monipuolisuus on yksi sen t\u00e4rkeimmist\u00e4 eduista.","breadcrumb":{"@id":"https:\/\/kloon.kodukolle.ee\/fi\/tuote\/polttopuutteline-cook-king-diego\/#breadcrumb"},"inLanguage":"fi","potentialAction":[{"@type":"ReadAction","target":["https:\/\/kloon.kodukolle.ee\/fi\/tuote\/polttopuutteline-cook-king-diego\/"]}]},{"@type":"ImageObject","inLanguage":"fi","@id":"https:\/\/kloon.kodukolle.ee\/fi\/tuote\/polttopuutteline-cook-king-diego\/#primaryimage","url":"https:\/\/kloon.kodukolle.ee\/wp-content\/uploads\/2023\/06\/diego_1.jpg","contentUrl":"https:\/\/kloon.kodukolle.ee\/wp-content\/uploads\/2023\/06\/diego_1.jpg","width":2000,"height":1726,"caption":"Diego"},{"@type":"BreadcrumbList","@id":"https:\/\/kloon.kodukolle.ee\/fi\/tuote\/polttopuutteline-cook-king-diego\/#breadcrumb","itemListElement":[{"@type":"ListItem","position":1,"name":"Home","item":"https:\/\/kloon.kodukolle.ee\/fi\/"},{"@type":"ListItem","position":2,"name":"Tuotteet","item":"https:\/\/kloon.kodukolle.ee\/fi\/tuotteet\/"},{"@type":"ListItem","position":3,"name":"Polttopuutteline Cook King DIEGO"}]},{"@type":"WebSite","@id":"https:\/\/kloon.kodukolle.ee\/#website","url":"https:\/\/kloon.kodukolle.ee\/","name":"Kodukolle","description":"","publisher":{"@id":"https:\/\/kloon.kodukolle.ee\/#organization"},"potentialAction":[{"@type":"SearchAction","target":{"@type":"EntryPoint","urlTemplate":"https:\/\/kloon.kodukolle.ee\/?s={search_term_string}"},"query-input":{"@type":"PropertyValueSpecification","valueRequired":true,"valueName":"search_term_string"}}],"inLanguage":"fi"},{"@type":"Organization","@id":"https:\/\/kloon.kodukolle.ee\/#organization","name":"Kodukolle","url":"https:\/\/kloon.kodukolle.ee\/","logo":{"@type":"ImageObject","inLanguage":"fi","@id":"https:\/\/kloon.kodukolle.ee\/#\/schema\/logo\/image\/","url":"https:\/\/kloon.kodukolle.ee\/wp-content\/uploads\/2025\/06\/logo_must_gradient.svg","contentUrl":"https:\/\/kloon.kodukolle.ee\/wp-content\/uploads\/2025\/06\/logo_must_gradient.svg","caption":"Kodukolle"},"image":{"@id":"https:\/\/kloon.kodukolle.ee\/#\/schema\/logo\/image\/"}}]}},"_links":{"self":[{"href":"https:\/\/kloon.kodukolle.ee\/fi\/wp-json\/wp\/v2\/product\/26574","targetHints":{"allow":["GET"]}}],"collection":[{"href":"https:\/\/kloon.kodukolle.ee\/fi\/wp-json\/wp\/v2\/product"}],"about":[{"href":"https:\/\/kloon.kodukolle.ee\/fi\/wp-json\/wp\/v2\/types\/product"}],"wp:featuredmedia":[{"embeddable":true,"href":"https:\/\/kloon.kodukolle.ee\/fi\/wp-json\/wp\/v2\/media\/13439"}],"wp:attachment":[{"href":"https:\/\/kloon.kodukolle.ee\/fi\/wp-json\/wp\/v2\/media?parent=26574"}],"wp:term":[{"taxonomy":"product_brand","embeddable":true,"href":"https:\/\/kloon.kodukolle.ee\/fi\/wp-json\/wp\/v2\/product_brand?post=26574"},{"taxonomy":"product_cat","embeddable":true,"href":"https:\/\/kloon.kodukolle.ee\/fi\/wp-json\/wp\/v2\/product_cat?post=26574"},{"taxonomy":"product_tag","embeddable":true,"href":"https:\/\/kloon.kodukolle.ee\/fi\/wp-json\/wp\/v2\/product_tag?post=26574"}],"curies":[{"name":"wp","href":"https:\/\/api.w.org\/{rel}","templated":true}]}}