{"id":26883,"date":"2023-06-14T13:03:41","date_gmt":"2023-06-14T10:03:41","guid":{"rendered":"https:\/\/kloon.kodukolle.ee\/?post_type=product&#038;p=26883"},"modified":"2024-01-18T15:21:21","modified_gmt":"2024-01-18T13:21:21","slug":"ulkotulisija-cook-king-bali","status":"publish","type":"product","link":"https:\/\/kloon.kodukolle.ee\/fi\/tuote\/ulkotulisija-cook-king-bali\/","title":{"rendered":"Ulkotulisija Cook King BALI"},"content":{"rendered":"<p>Yksinkertaisen ja neutraalin muotoilun ansiosta ikoninen Cook King Bali -ulkotulisija on t\u00e4ydellinen mihin tahansa puutarhaan tai patiolle. Balin laadukkaalle ulkotulisijalle on ominaista yksityiskohtainen viimeistely ja iso kulho, joka on valmistettu 2 mm paksusta ter\u00e4ksest\u00e4. Koko rakenne on eritt\u00e4in vakaa ja vankka, joten se on t\u00e4ydellinen valinta niille, jotka pit\u00e4v\u00e4t turvallisuutta tulen sytytt\u00e4misess\u00e4. T\u00e4t\u00e4 kannettavaa ulkotulisijaa voidaan k\u00e4ytt\u00e4\u00e4 monin eri tavoin toimien k\u00e4yt\u00e4nn\u00f6llisen\u00e4 tulipes\u00e4n\u00e4, kannettavana grillin\u00e4, l\u00e4mm\u00f6nl\u00e4hteen\u00e4 ja tyylikk\u00e4\u00e4n\u00e4 valaisimena. Kulhon muoto on suunniteltu est\u00e4m\u00e4\u00e4n palavan puun levi\u00e4minen my\u00f6s voimakkaassa tuulessa. Ulkotulisijan molemmille puolille hitsattujen kahvojen ansiosta se on helppo siirt\u00e4\u00e4 paikasta toiseen. On t\u00e4rke\u00e4\u00e4 huomata, ett\u00e4 Cook King -palokulho on valmistettu raakater\u00e4ksest\u00e4, mik\u00e4 tarkoittaa, ett\u00e4 sen v\u00e4ri voi poiketa kuvissa n\u00e4kyv\u00e4st\u00e4. T\u00e4ll\u00e4 ter\u00e4ksen v\u00e4rin luonnollisella vaihtelulla ei kuitenkaan ole negatiivista vaikutusta tuotteen toimivuuteen tai vakauteen.<\/p>\n<p>Saatavana 4 eri halkaisijaa: 60cm\/70cm\/80cm\/100cm.<\/p>\n<p><strong>Saatavana lis\u00e4varusteena<\/strong><\/p>\n<ul>\n<li>Kipin\u00e4suoja<\/li>\n<li>Erilaisia \u200b\u200bgrillilevyj\u00e4 ja ritil\u00f6it\u00e4<\/li>\n<li>180 cm korkea tripod grilli<\/li>\n<li>Ulkotulisijan kansi<\/li>\n<li>Hiilihanko<\/li>\n<li>Erilaisia \u200b\u200bpannuja ja kattiloita<\/li>\n<\/ul>\n<p>&nbsp;<\/p>\n","protected":false},"excerpt":{"rendered":"<p>Yksinkertaisen ja neutraalin muotoilun ansiosta ikoninen Cook King Bali -ulkotulisija on t\u00e4ydellinen mihin tahansa puutarhaan tai patiolle. Balin laadukkaalle ulkotulisijalle on ominaista yksityiskohtainen viimeistely ja iso kulho, joka on valmistettu 2 mm paksusta ter\u00e4ksest\u00e4. Koko rakenne on eritt\u00e4in vakaa ja vankka, joten se on t\u00e4ydellinen valinta niille, jotka pit\u00e4v\u00e4t turvallisuutta tulen sytytt\u00e4misess\u00e4. T\u00e4t\u00e4 kannettavaa ulkotulisijaa voidaan k\u00e4ytt\u00e4\u00e4 monin eri tavoin toimien k\u00e4yt\u00e4nn\u00f6llisen\u00e4 tulipes\u00e4n\u00e4, kannettavana grillin\u00e4, l\u00e4mm\u00f6nl\u00e4hteen\u00e4 ja tyylikk\u00e4\u00e4n\u00e4 valaisimena. Kulhon muoto on suunniteltu est\u00e4m\u00e4\u00e4n palavan puun levi\u00e4minen my\u00f6s voimakkaassa tuulessa.<\/p>\n","protected":false},"featured_media":13327,"template":"","meta":{"_acf_changed":false},"product_brand":[],"product_cat":[9692],"product_tag":[],"class_list":{"0":"post-26883","1":"product","2":"type-product","3":"status-publish","4":"has-post-thumbnail","6":"brands-cook-king-fi","7":"product_cat-kiukaat-ja-grillit","9":"first","10":"instock","11":"shipping-taxable","12":"product-type-simple"},"acf":[],"yoast_head":"<!-- This site is optimized with the Yoast SEO plugin v27.3 - https:\/\/yoast.com\/product\/yoast-seo-wordpress\/ -->\n<title>Ulkotulisija Cook King BALI - Kodukolle<\/title>\n<meta name=\"description\" content=\"Yksinkertaisen ja neutraalin muotoilun ansiosta ikoninen Cook King Bali -ulkotulisija on t\u00e4ydellinen mihin tahansa puutarhaan tai patiolle.\" \/>\n<meta name=\"robots\" content=\"noindex, follow, max-snippet:-1, max-image-preview:large, max-video-preview:-1\" \/>\n<meta property=\"og:locale\" content=\"fi_FI\" \/>\n<meta property=\"og:type\" content=\"article\" \/>\n<meta property=\"og:title\" content=\"Ulkotulisija Cook King BALI - Kodukolle\" \/>\n<meta property=\"og:description\" content=\"Yksinkertaisen ja neutraalin muotoilun ansiosta ikoninen Cook King Bali -ulkotulisija on t\u00e4ydellinen mihin tahansa puutarhaan tai patiolle.\" \/>\n<meta property=\"og:url\" content=\"https:\/\/kloon.kodukolle.ee\/fi\/tuote\/ulkotulisija-cook-king-bali\/\" \/>\n<meta property=\"og:site_name\" content=\"Kodukolle\" \/>\n<meta property=\"article:modified_time\" content=\"2024-01-18T13:21:21+00:00\" \/>\n<meta property=\"og:image\" content=\"https:\/\/kloon.kodukolle.ee\/wp-content\/uploads\/2023\/06\/bali_1.jpg\" \/>\n\t<meta property=\"og:image:width\" content=\"2000\" \/>\n\t<meta property=\"og:image:height\" content=\"1556\" \/>\n\t<meta property=\"og:image:type\" content=\"image\/jpeg\" \/>\n<meta name=\"twitter:card\" content=\"summary_large_image\" \/>\n<meta name=\"twitter:label1\" content=\"Est. reading time\" \/>\n\t<meta name=\"twitter:data1\" content=\"1 minuutti\" \/>\n<script type=\"application\/ld+json\" class=\"yoast-schema-graph\">{\"@context\":\"https:\\\/\\\/schema.org\",\"@graph\":[{\"@type\":\"WebPage\",\"@id\":\"https:\\\/\\\/kloon.kodukolle.ee\\\/fi\\\/tuote\\\/ulkotulisija-cook-king-bali\\\/\",\"url\":\"https:\\\/\\\/kloon.kodukolle.ee\\\/fi\\\/tuote\\\/ulkotulisija-cook-king-bali\\\/\",\"name\":\"Ulkotulisija Cook King BALI - Kodukolle\",\"isPartOf\":{\"@id\":\"https:\\\/\\\/kloon.kodukolle.ee\\\/#website\"},\"primaryImageOfPage\":{\"@id\":\"https:\\\/\\\/kloon.kodukolle.ee\\\/fi\\\/tuote\\\/ulkotulisija-cook-king-bali\\\/#primaryimage\"},\"image\":{\"@id\":\"https:\\\/\\\/kloon.kodukolle.ee\\\/fi\\\/tuote\\\/ulkotulisija-cook-king-bali\\\/#primaryimage\"},\"thumbnailUrl\":\"https:\\\/\\\/kloon.kodukolle.ee\\\/wp-content\\\/uploads\\\/2023\\\/06\\\/bali_1.jpg\",\"datePublished\":\"2023-06-14T10:03:41+00:00\",\"dateModified\":\"2024-01-18T13:21:21+00:00\",\"description\":\"Yksinkertaisen ja neutraalin muotoilun ansiosta ikoninen Cook King Bali -ulkotulisija on t\u00e4ydellinen mihin tahansa puutarhaan tai patiolle.\",\"breadcrumb\":{\"@id\":\"https:\\\/\\\/kloon.kodukolle.ee\\\/fi\\\/tuote\\\/ulkotulisija-cook-king-bali\\\/#breadcrumb\"},\"inLanguage\":\"fi\",\"potentialAction\":[{\"@type\":\"ReadAction\",\"target\":[\"https:\\\/\\\/kloon.kodukolle.ee\\\/fi\\\/tuote\\\/ulkotulisija-cook-king-bali\\\/\"]}]},{\"@type\":\"ImageObject\",\"inLanguage\":\"fi\",\"@id\":\"https:\\\/\\\/kloon.kodukolle.ee\\\/fi\\\/tuote\\\/ulkotulisija-cook-king-bali\\\/#primaryimage\",\"url\":\"https:\\\/\\\/kloon.kodukolle.ee\\\/wp-content\\\/uploads\\\/2023\\\/06\\\/bali_1.jpg\",\"contentUrl\":\"https:\\\/\\\/kloon.kodukolle.ee\\\/wp-content\\\/uploads\\\/2023\\\/06\\\/bali_1.jpg\",\"width\":2000,\"height\":1556,\"caption\":\"Bali\"},{\"@type\":\"BreadcrumbList\",\"@id\":\"https:\\\/\\\/kloon.kodukolle.ee\\\/fi\\\/tuote\\\/ulkotulisija-cook-king-bali\\\/#breadcrumb\",\"itemListElement\":[{\"@type\":\"ListItem\",\"position\":1,\"name\":\"Home\",\"item\":\"https:\\\/\\\/kloon.kodukolle.ee\\\/fi\\\/\"},{\"@type\":\"ListItem\",\"position\":2,\"name\":\"Tuotteet\",\"item\":\"https:\\\/\\\/kloon.kodukolle.ee\\\/fi\\\/tuotteet\\\/\"},{\"@type\":\"ListItem\",\"position\":3,\"name\":\"Ulkotulisija Cook King BALI\"}]},{\"@type\":\"WebSite\",\"@id\":\"https:\\\/\\\/kloon.kodukolle.ee\\\/#website\",\"url\":\"https:\\\/\\\/kloon.kodukolle.ee\\\/\",\"name\":\"Kodukolle\",\"description\":\"\",\"publisher\":{\"@id\":\"https:\\\/\\\/kloon.kodukolle.ee\\\/#organization\"},\"potentialAction\":[{\"@type\":\"SearchAction\",\"target\":{\"@type\":\"EntryPoint\",\"urlTemplate\":\"https:\\\/\\\/kloon.kodukolle.ee\\\/?s={search_term_string}\"},\"query-input\":{\"@type\":\"PropertyValueSpecification\",\"valueRequired\":true,\"valueName\":\"search_term_string\"}}],\"inLanguage\":\"fi\"},{\"@type\":\"Organization\",\"@id\":\"https:\\\/\\\/kloon.kodukolle.ee\\\/#organization\",\"name\":\"Kodukolle\",\"url\":\"https:\\\/\\\/kloon.kodukolle.ee\\\/\",\"logo\":{\"@type\":\"ImageObject\",\"inLanguage\":\"fi\",\"@id\":\"https:\\\/\\\/kloon.kodukolle.ee\\\/#\\\/schema\\\/logo\\\/image\\\/\",\"url\":\"https:\\\/\\\/kloon.kodukolle.ee\\\/wp-content\\\/uploads\\\/2025\\\/06\\\/logo_must_gradient.svg\",\"contentUrl\":\"https:\\\/\\\/kloon.kodukolle.ee\\\/wp-content\\\/uploads\\\/2025\\\/06\\\/logo_must_gradient.svg\",\"caption\":\"Kodukolle\"},\"image\":{\"@id\":\"https:\\\/\\\/kloon.kodukolle.ee\\\/#\\\/schema\\\/logo\\\/image\\\/\"}}]}<\/script>\n<!-- \/ Yoast SEO plugin. -->","yoast_head_json":{"title":"Ulkotulisija Cook King BALI - Kodukolle","description":"Yksinkertaisen ja neutraalin muotoilun ansiosta ikoninen Cook King Bali -ulkotulisija on t\u00e4ydellinen mihin tahansa puutarhaan tai patiolle.","robots":{"index":"noindex","follow":"follow","max-snippet":"max-snippet:-1","max-image-preview":"max-image-preview:large","max-video-preview":"max-video-preview:-1"},"og_locale":"fi_FI","og_type":"article","og_title":"Ulkotulisija Cook King BALI - Kodukolle","og_description":"Yksinkertaisen ja neutraalin muotoilun ansiosta ikoninen Cook King Bali -ulkotulisija on t\u00e4ydellinen mihin tahansa puutarhaan tai patiolle.","og_url":"https:\/\/kloon.kodukolle.ee\/fi\/tuote\/ulkotulisija-cook-king-bali\/","og_site_name":"Kodukolle","article_modified_time":"2024-01-18T13:21:21+00:00","og_image":[{"width":2000,"height":1556,"url":"https:\/\/kloon.kodukolle.ee\/wp-content\/uploads\/2023\/06\/bali_1.jpg","type":"image\/jpeg"}],"twitter_card":"summary_large_image","twitter_misc":{"Est. reading time":"1 minuutti"},"schema":{"@context":"https:\/\/schema.org","@graph":[{"@type":"WebPage","@id":"https:\/\/kloon.kodukolle.ee\/fi\/tuote\/ulkotulisija-cook-king-bali\/","url":"https:\/\/kloon.kodukolle.ee\/fi\/tuote\/ulkotulisija-cook-king-bali\/","name":"Ulkotulisija Cook King BALI - Kodukolle","isPartOf":{"@id":"https:\/\/kloon.kodukolle.ee\/#website"},"primaryImageOfPage":{"@id":"https:\/\/kloon.kodukolle.ee\/fi\/tuote\/ulkotulisija-cook-king-bali\/#primaryimage"},"image":{"@id":"https:\/\/kloon.kodukolle.ee\/fi\/tuote\/ulkotulisija-cook-king-bali\/#primaryimage"},"thumbnailUrl":"https:\/\/kloon.kodukolle.ee\/wp-content\/uploads\/2023\/06\/bali_1.jpg","datePublished":"2023-06-14T10:03:41+00:00","dateModified":"2024-01-18T13:21:21+00:00","description":"Yksinkertaisen ja neutraalin muotoilun ansiosta ikoninen Cook King Bali -ulkotulisija on t\u00e4ydellinen mihin tahansa puutarhaan tai patiolle.","breadcrumb":{"@id":"https:\/\/kloon.kodukolle.ee\/fi\/tuote\/ulkotulisija-cook-king-bali\/#breadcrumb"},"inLanguage":"fi","potentialAction":[{"@type":"ReadAction","target":["https:\/\/kloon.kodukolle.ee\/fi\/tuote\/ulkotulisija-cook-king-bali\/"]}]},{"@type":"ImageObject","inLanguage":"fi","@id":"https:\/\/kloon.kodukolle.ee\/fi\/tuote\/ulkotulisija-cook-king-bali\/#primaryimage","url":"https:\/\/kloon.kodukolle.ee\/wp-content\/uploads\/2023\/06\/bali_1.jpg","contentUrl":"https:\/\/kloon.kodukolle.ee\/wp-content\/uploads\/2023\/06\/bali_1.jpg","width":2000,"height":1556,"caption":"Bali"},{"@type":"BreadcrumbList","@id":"https:\/\/kloon.kodukolle.ee\/fi\/tuote\/ulkotulisija-cook-king-bali\/#breadcrumb","itemListElement":[{"@type":"ListItem","position":1,"name":"Home","item":"https:\/\/kloon.kodukolle.ee\/fi\/"},{"@type":"ListItem","position":2,"name":"Tuotteet","item":"https:\/\/kloon.kodukolle.ee\/fi\/tuotteet\/"},{"@type":"ListItem","position":3,"name":"Ulkotulisija Cook King BALI"}]},{"@type":"WebSite","@id":"https:\/\/kloon.kodukolle.ee\/#website","url":"https:\/\/kloon.kodukolle.ee\/","name":"Kodukolle","description":"","publisher":{"@id":"https:\/\/kloon.kodukolle.ee\/#organization"},"potentialAction":[{"@type":"SearchAction","target":{"@type":"EntryPoint","urlTemplate":"https:\/\/kloon.kodukolle.ee\/?s={search_term_string}"},"query-input":{"@type":"PropertyValueSpecification","valueRequired":true,"valueName":"search_term_string"}}],"inLanguage":"fi"},{"@type":"Organization","@id":"https:\/\/kloon.kodukolle.ee\/#organization","name":"Kodukolle","url":"https:\/\/kloon.kodukolle.ee\/","logo":{"@type":"ImageObject","inLanguage":"fi","@id":"https:\/\/kloon.kodukolle.ee\/#\/schema\/logo\/image\/","url":"https:\/\/kloon.kodukolle.ee\/wp-content\/uploads\/2025\/06\/logo_must_gradient.svg","contentUrl":"https:\/\/kloon.kodukolle.ee\/wp-content\/uploads\/2025\/06\/logo_must_gradient.svg","caption":"Kodukolle"},"image":{"@id":"https:\/\/kloon.kodukolle.ee\/#\/schema\/logo\/image\/"}}]}},"_links":{"self":[{"href":"https:\/\/kloon.kodukolle.ee\/fi\/wp-json\/wp\/v2\/product\/26883","targetHints":{"allow":["GET"]}}],"collection":[{"href":"https:\/\/kloon.kodukolle.ee\/fi\/wp-json\/wp\/v2\/product"}],"about":[{"href":"https:\/\/kloon.kodukolle.ee\/fi\/wp-json\/wp\/v2\/types\/product"}],"wp:featuredmedia":[{"embeddable":true,"href":"https:\/\/kloon.kodukolle.ee\/fi\/wp-json\/wp\/v2\/media\/13327"}],"wp:attachment":[{"href":"https:\/\/kloon.kodukolle.ee\/fi\/wp-json\/wp\/v2\/media?parent=26883"}],"wp:term":[{"taxonomy":"product_brand","embeddable":true,"href":"https:\/\/kloon.kodukolle.ee\/fi\/wp-json\/wp\/v2\/product_brand?post=26883"},{"taxonomy":"product_cat","embeddable":true,"href":"https:\/\/kloon.kodukolle.ee\/fi\/wp-json\/wp\/v2\/product_cat?post=26883"},{"taxonomy":"product_tag","embeddable":true,"href":"https:\/\/kloon.kodukolle.ee\/fi\/wp-json\/wp\/v2\/product_tag?post=26883"}],"curies":[{"name":"wp","href":"https:\/\/api.w.org\/{rel}","templated":true}]}}