{"id":26903,"date":"2023-06-15T11:07:35","date_gmt":"2023-06-15T08:07:35","guid":{"rendered":"https:\/\/kloon.kodukolle.ee\/?post_type=product&#038;p=26903"},"modified":"2024-01-18T12:19:19","modified_gmt":"2024-01-18T10:19:19","slug":"ulkotakka-cook-king-faro","status":"publish","type":"product","link":"https:\/\/kloon.kodukolle.ee\/fi\/tuote\/ulkotakka-cook-king-faro\/","title":{"rendered":"Ulkotakka Cook King FARO"},"content":{"rendered":"<p>Lis\u00e4\u00e4 l\u00e4mp\u00f6\u00e4 pihallesi Cook King Faron ulkotakalla. Faron valo ja l\u00e4mp\u00f6 luovat ainutlaatuisen kodikkaan tunnelman. Faron ulkotakka on suunniteltu ulkok\u00e4ytt\u00f6\u00f6n &#8211; voit sijoittaa sen esimerkiksi puutarhaan. T\u00e4m\u00e4 tuote on tarkoitettu kaikille niille, jotka rakastavat viett\u00e4\u00e4 aikaa ulkona, jopa my\u00f6h\u00e4\u00e4n illalla. Ulkotakka koristaa mit\u00e4 tahansa puutarhaa ja tekee siit\u00e4 tyylikk\u00e4\u00e4n ja elegantin. Paksusta metallista valmistetun massiivisen rakenteensa ansiosta takka l\u00e4mpenee nopeasti korkeisiin l\u00e4mp\u00f6tiloihin ja l\u00e4mmitt\u00e4\u00e4 t\u00e4ydellisesti ymp\u00e4r\u00f6iv\u00e4n tilan. Takan reuna leikataan paksusta ter\u00e4slevyst\u00e4 CNC-laserilla. Kun teet tulen, n\u00e4et takasta tulevan ainutlaatuisen ja j\u00e4ljittelem\u00e4tt\u00f6m\u00e4n tulen hehkun. Koko rakenne on eritt\u00e4in vakaa ja vankka. Kaikki elementit on hitsattu toisiinsa, jolloin tuloksena on uskomattoman vakaa tuote. Takassa on hylly, johon mahtuu suuri m\u00e4\u00e4r\u00e4 puuta, lis\u00e4ksi hylly suojaa maata korkeilta l\u00e4mp\u00f6tiloilta. Kahvojen ansiosta sit\u00e4 on helppo siirt\u00e4\u00e4.\n<\/ul>\n<p>&nbsp;<\/p>\n","protected":false},"excerpt":{"rendered":"<p>Lis\u00e4\u00e4 l\u00e4mp\u00f6\u00e4 pihallesi Cook King Faron ulkotakalla. Faron valo ja l\u00e4mp\u00f6 luovat ainutlaatuisen kodikkaan tunnelman. Faron ulkotakka on suunniteltu ulkok\u00e4ytt\u00f6\u00f6n &#8211; voit sijoittaa sen esimerkiksi puutarhaan. T\u00e4m\u00e4 tuote on tarkoitettu kaikille niille, jotka rakastavat viett\u00e4\u00e4 aikaa ulkona, jopa my\u00f6h\u00e4\u00e4n illalla. Ulkotakka koristaa mit\u00e4 tahansa puutarhaa ja tekee siit\u00e4 tyylikk\u00e4\u00e4n ja elegantin. Paksusta metallista valmistetun massiivisen rakenteensa ansiosta takka l\u00e4mpenee nopeasti korkeisiin l\u00e4mp\u00f6tiloihin ja l\u00e4mmitt\u00e4\u00e4 t\u00e4ydellisesti ymp\u00e4r\u00f6iv\u00e4n tilan.<\/p>\n","protected":false},"featured_media":13356,"template":"","meta":{"_acf_changed":false},"product_brand":[],"product_cat":[9692],"product_tag":[],"class_list":{"0":"post-26903","1":"product","2":"type-product","3":"status-publish","4":"has-post-thumbnail","6":"brands-cook-king-fi","7":"product_cat-kiukaat-ja-grillit","9":"first","10":"instock","11":"shipping-taxable","12":"product-type-simple"},"acf":[],"yoast_head":"<!-- This site is optimized with the Yoast SEO plugin v27.3 - https:\/\/yoast.com\/product\/yoast-seo-wordpress\/ -->\n<title>Ulkotakka Cook King FARO - Kodukolle<\/title>\n<meta name=\"description\" content=\"Lis\u00e4\u00e4 l\u00e4mp\u00f6\u00e4 pihallesi Cook King Faron ulkotakalla. Faron valo ja l\u00e4mp\u00f6 luovat ainutlaatuisen kodikkaan tunnelman.\" \/>\n<meta name=\"robots\" content=\"noindex, follow, max-snippet:-1, max-image-preview:large, max-video-preview:-1\" \/>\n<meta property=\"og:locale\" content=\"fi_FI\" \/>\n<meta property=\"og:type\" content=\"article\" \/>\n<meta property=\"og:title\" content=\"Ulkotakka Cook King FARO - Kodukolle\" \/>\n<meta property=\"og:description\" content=\"Lis\u00e4\u00e4 l\u00e4mp\u00f6\u00e4 pihallesi Cook King Faron ulkotakalla. Faron valo ja l\u00e4mp\u00f6 luovat ainutlaatuisen kodikkaan tunnelman.\" \/>\n<meta property=\"og:url\" content=\"https:\/\/kloon.kodukolle.ee\/fi\/tuote\/ulkotakka-cook-king-faro\/\" \/>\n<meta property=\"og:site_name\" content=\"Kodukolle\" \/>\n<meta property=\"article:modified_time\" content=\"2024-01-18T10:19:19+00:00\" \/>\n<meta property=\"og:image\" content=\"https:\/\/kloon.kodukolle.ee\/wp-content\/uploads\/2023\/06\/faro-4.jpg\" \/>\n\t<meta property=\"og:image:width\" content=\"1296\" \/>\n\t<meta property=\"og:image:height\" content=\"2000\" \/>\n\t<meta property=\"og:image:type\" content=\"image\/jpeg\" \/>\n<meta name=\"twitter:card\" content=\"summary_large_image\" \/>\n<meta name=\"twitter:label1\" content=\"Est. reading time\" \/>\n\t<meta name=\"twitter:data1\" content=\"1 minuutti\" \/>\n<script type=\"application\/ld+json\" class=\"yoast-schema-graph\">{\"@context\":\"https:\\\/\\\/schema.org\",\"@graph\":[{\"@type\":\"WebPage\",\"@id\":\"https:\\\/\\\/kloon.kodukolle.ee\\\/fi\\\/tuote\\\/ulkotakka-cook-king-faro\\\/\",\"url\":\"https:\\\/\\\/kloon.kodukolle.ee\\\/fi\\\/tuote\\\/ulkotakka-cook-king-faro\\\/\",\"name\":\"Ulkotakka Cook King FARO - Kodukolle\",\"isPartOf\":{\"@id\":\"https:\\\/\\\/kloon.kodukolle.ee\\\/#website\"},\"primaryImageOfPage\":{\"@id\":\"https:\\\/\\\/kloon.kodukolle.ee\\\/fi\\\/tuote\\\/ulkotakka-cook-king-faro\\\/#primaryimage\"},\"image\":{\"@id\":\"https:\\\/\\\/kloon.kodukolle.ee\\\/fi\\\/tuote\\\/ulkotakka-cook-king-faro\\\/#primaryimage\"},\"thumbnailUrl\":\"https:\\\/\\\/kloon.kodukolle.ee\\\/wp-content\\\/uploads\\\/2023\\\/06\\\/faro-4.jpg\",\"datePublished\":\"2023-06-15T08:07:35+00:00\",\"dateModified\":\"2024-01-18T10:19:19+00:00\",\"description\":\"Lis\u00e4\u00e4 l\u00e4mp\u00f6\u00e4 pihallesi Cook King Faron ulkotakalla. Faron valo ja l\u00e4mp\u00f6 luovat ainutlaatuisen kodikkaan tunnelman.\",\"breadcrumb\":{\"@id\":\"https:\\\/\\\/kloon.kodukolle.ee\\\/fi\\\/tuote\\\/ulkotakka-cook-king-faro\\\/#breadcrumb\"},\"inLanguage\":\"fi\",\"potentialAction\":[{\"@type\":\"ReadAction\",\"target\":[\"https:\\\/\\\/kloon.kodukolle.ee\\\/fi\\\/tuote\\\/ulkotakka-cook-king-faro\\\/\"]}]},{\"@type\":\"ImageObject\",\"inLanguage\":\"fi\",\"@id\":\"https:\\\/\\\/kloon.kodukolle.ee\\\/fi\\\/tuote\\\/ulkotakka-cook-king-faro\\\/#primaryimage\",\"url\":\"https:\\\/\\\/kloon.kodukolle.ee\\\/wp-content\\\/uploads\\\/2023\\\/06\\\/faro-4.jpg\",\"contentUrl\":\"https:\\\/\\\/kloon.kodukolle.ee\\\/wp-content\\\/uploads\\\/2023\\\/06\\\/faro-4.jpg\",\"width\":1296,\"height\":2000,\"caption\":\"Faro\"},{\"@type\":\"BreadcrumbList\",\"@id\":\"https:\\\/\\\/kloon.kodukolle.ee\\\/fi\\\/tuote\\\/ulkotakka-cook-king-faro\\\/#breadcrumb\",\"itemListElement\":[{\"@type\":\"ListItem\",\"position\":1,\"name\":\"Home\",\"item\":\"https:\\\/\\\/kloon.kodukolle.ee\\\/fi\\\/\"},{\"@type\":\"ListItem\",\"position\":2,\"name\":\"Tuotteet\",\"item\":\"https:\\\/\\\/kloon.kodukolle.ee\\\/fi\\\/tuotteet\\\/\"},{\"@type\":\"ListItem\",\"position\":3,\"name\":\"Ulkotakka Cook King FARO\"}]},{\"@type\":\"WebSite\",\"@id\":\"https:\\\/\\\/kloon.kodukolle.ee\\\/#website\",\"url\":\"https:\\\/\\\/kloon.kodukolle.ee\\\/\",\"name\":\"Kodukolle\",\"description\":\"\",\"publisher\":{\"@id\":\"https:\\\/\\\/kloon.kodukolle.ee\\\/#organization\"},\"potentialAction\":[{\"@type\":\"SearchAction\",\"target\":{\"@type\":\"EntryPoint\",\"urlTemplate\":\"https:\\\/\\\/kloon.kodukolle.ee\\\/?s={search_term_string}\"},\"query-input\":{\"@type\":\"PropertyValueSpecification\",\"valueRequired\":true,\"valueName\":\"search_term_string\"}}],\"inLanguage\":\"fi\"},{\"@type\":\"Organization\",\"@id\":\"https:\\\/\\\/kloon.kodukolle.ee\\\/#organization\",\"name\":\"Kodukolle\",\"url\":\"https:\\\/\\\/kloon.kodukolle.ee\\\/\",\"logo\":{\"@type\":\"ImageObject\",\"inLanguage\":\"fi\",\"@id\":\"https:\\\/\\\/kloon.kodukolle.ee\\\/#\\\/schema\\\/logo\\\/image\\\/\",\"url\":\"https:\\\/\\\/kloon.kodukolle.ee\\\/wp-content\\\/uploads\\\/2025\\\/06\\\/logo_must_gradient.svg\",\"contentUrl\":\"https:\\\/\\\/kloon.kodukolle.ee\\\/wp-content\\\/uploads\\\/2025\\\/06\\\/logo_must_gradient.svg\",\"caption\":\"Kodukolle\"},\"image\":{\"@id\":\"https:\\\/\\\/kloon.kodukolle.ee\\\/#\\\/schema\\\/logo\\\/image\\\/\"}}]}<\/script>\n<!-- \/ Yoast SEO plugin. -->","yoast_head_json":{"title":"Ulkotakka Cook King FARO - Kodukolle","description":"Lis\u00e4\u00e4 l\u00e4mp\u00f6\u00e4 pihallesi Cook King Faron ulkotakalla. Faron valo ja l\u00e4mp\u00f6 luovat ainutlaatuisen kodikkaan tunnelman.","robots":{"index":"noindex","follow":"follow","max-snippet":"max-snippet:-1","max-image-preview":"max-image-preview:large","max-video-preview":"max-video-preview:-1"},"og_locale":"fi_FI","og_type":"article","og_title":"Ulkotakka Cook King FARO - Kodukolle","og_description":"Lis\u00e4\u00e4 l\u00e4mp\u00f6\u00e4 pihallesi Cook King Faron ulkotakalla. Faron valo ja l\u00e4mp\u00f6 luovat ainutlaatuisen kodikkaan tunnelman.","og_url":"https:\/\/kloon.kodukolle.ee\/fi\/tuote\/ulkotakka-cook-king-faro\/","og_site_name":"Kodukolle","article_modified_time":"2024-01-18T10:19:19+00:00","og_image":[{"width":1296,"height":2000,"url":"https:\/\/kloon.kodukolle.ee\/wp-content\/uploads\/2023\/06\/faro-4.jpg","type":"image\/jpeg"}],"twitter_card":"summary_large_image","twitter_misc":{"Est. reading time":"1 minuutti"},"schema":{"@context":"https:\/\/schema.org","@graph":[{"@type":"WebPage","@id":"https:\/\/kloon.kodukolle.ee\/fi\/tuote\/ulkotakka-cook-king-faro\/","url":"https:\/\/kloon.kodukolle.ee\/fi\/tuote\/ulkotakka-cook-king-faro\/","name":"Ulkotakka Cook King FARO - Kodukolle","isPartOf":{"@id":"https:\/\/kloon.kodukolle.ee\/#website"},"primaryImageOfPage":{"@id":"https:\/\/kloon.kodukolle.ee\/fi\/tuote\/ulkotakka-cook-king-faro\/#primaryimage"},"image":{"@id":"https:\/\/kloon.kodukolle.ee\/fi\/tuote\/ulkotakka-cook-king-faro\/#primaryimage"},"thumbnailUrl":"https:\/\/kloon.kodukolle.ee\/wp-content\/uploads\/2023\/06\/faro-4.jpg","datePublished":"2023-06-15T08:07:35+00:00","dateModified":"2024-01-18T10:19:19+00:00","description":"Lis\u00e4\u00e4 l\u00e4mp\u00f6\u00e4 pihallesi Cook King Faron ulkotakalla. Faron valo ja l\u00e4mp\u00f6 luovat ainutlaatuisen kodikkaan tunnelman.","breadcrumb":{"@id":"https:\/\/kloon.kodukolle.ee\/fi\/tuote\/ulkotakka-cook-king-faro\/#breadcrumb"},"inLanguage":"fi","potentialAction":[{"@type":"ReadAction","target":["https:\/\/kloon.kodukolle.ee\/fi\/tuote\/ulkotakka-cook-king-faro\/"]}]},{"@type":"ImageObject","inLanguage":"fi","@id":"https:\/\/kloon.kodukolle.ee\/fi\/tuote\/ulkotakka-cook-king-faro\/#primaryimage","url":"https:\/\/kloon.kodukolle.ee\/wp-content\/uploads\/2023\/06\/faro-4.jpg","contentUrl":"https:\/\/kloon.kodukolle.ee\/wp-content\/uploads\/2023\/06\/faro-4.jpg","width":1296,"height":2000,"caption":"Faro"},{"@type":"BreadcrumbList","@id":"https:\/\/kloon.kodukolle.ee\/fi\/tuote\/ulkotakka-cook-king-faro\/#breadcrumb","itemListElement":[{"@type":"ListItem","position":1,"name":"Home","item":"https:\/\/kloon.kodukolle.ee\/fi\/"},{"@type":"ListItem","position":2,"name":"Tuotteet","item":"https:\/\/kloon.kodukolle.ee\/fi\/tuotteet\/"},{"@type":"ListItem","position":3,"name":"Ulkotakka Cook King FARO"}]},{"@type":"WebSite","@id":"https:\/\/kloon.kodukolle.ee\/#website","url":"https:\/\/kloon.kodukolle.ee\/","name":"Kodukolle","description":"","publisher":{"@id":"https:\/\/kloon.kodukolle.ee\/#organization"},"potentialAction":[{"@type":"SearchAction","target":{"@type":"EntryPoint","urlTemplate":"https:\/\/kloon.kodukolle.ee\/?s={search_term_string}"},"query-input":{"@type":"PropertyValueSpecification","valueRequired":true,"valueName":"search_term_string"}}],"inLanguage":"fi"},{"@type":"Organization","@id":"https:\/\/kloon.kodukolle.ee\/#organization","name":"Kodukolle","url":"https:\/\/kloon.kodukolle.ee\/","logo":{"@type":"ImageObject","inLanguage":"fi","@id":"https:\/\/kloon.kodukolle.ee\/#\/schema\/logo\/image\/","url":"https:\/\/kloon.kodukolle.ee\/wp-content\/uploads\/2025\/06\/logo_must_gradient.svg","contentUrl":"https:\/\/kloon.kodukolle.ee\/wp-content\/uploads\/2025\/06\/logo_must_gradient.svg","caption":"Kodukolle"},"image":{"@id":"https:\/\/kloon.kodukolle.ee\/#\/schema\/logo\/image\/"}}]}},"_links":{"self":[{"href":"https:\/\/kloon.kodukolle.ee\/fi\/wp-json\/wp\/v2\/product\/26903","targetHints":{"allow":["GET"]}}],"collection":[{"href":"https:\/\/kloon.kodukolle.ee\/fi\/wp-json\/wp\/v2\/product"}],"about":[{"href":"https:\/\/kloon.kodukolle.ee\/fi\/wp-json\/wp\/v2\/types\/product"}],"wp:featuredmedia":[{"embeddable":true,"href":"https:\/\/kloon.kodukolle.ee\/fi\/wp-json\/wp\/v2\/media\/13356"}],"wp:attachment":[{"href":"https:\/\/kloon.kodukolle.ee\/fi\/wp-json\/wp\/v2\/media?parent=26903"}],"wp:term":[{"taxonomy":"product_brand","embeddable":true,"href":"https:\/\/kloon.kodukolle.ee\/fi\/wp-json\/wp\/v2\/product_brand?post=26903"},{"taxonomy":"product_cat","embeddable":true,"href":"https:\/\/kloon.kodukolle.ee\/fi\/wp-json\/wp\/v2\/product_cat?post=26903"},{"taxonomy":"product_tag","embeddable":true,"href":"https:\/\/kloon.kodukolle.ee\/fi\/wp-json\/wp\/v2\/product_tag?post=26903"}],"curies":[{"name":"wp","href":"https:\/\/api.w.org\/{rel}","templated":true}]}}