{"id":26907,"date":"2023-06-14T11:20:19","date_gmt":"2023-06-14T08:20:19","guid":{"rendered":"https:\/\/kloon.kodukolle.ee\/?post_type=product&#038;p=26907"},"modified":"2024-01-18T13:08:30","modified_gmt":"2024-01-18T11:08:30","slug":"ulkotulisija-cook-king-porto","status":"publish","type":"product","link":"https:\/\/kloon.kodukolle.ee\/fi\/tuote\/ulkotulisija-cook-king-porto\/","title":{"rendered":"Ulkotulisija Cook King PORTO"},"content":{"rendered":"<p>Muuta ulkotilaasi Cook King Porto -ulkotulisijalla ja ota kaikki irti takapihastasi. Koe hyv\u00e4n ruoan, l\u00e4mm\u00f6n ja tyylikk\u00e4\u00e4n keskipisteen nautinnot mukavasti omassa ulkokeidaasi. Porton huippulaadukkaassa ulkotulisijassa on huolellinen k\u00e4sity\u00f6, ja siin\u00e4 on reilun kokoinen tulisija, joka on valmistettu 2 mm paksusta ter\u00e4ksest\u00e4, mik\u00e4 varmistaa horjumattoman vakauden ja kest\u00e4vyyden. Turvallisuus on t\u00e4rkeint\u00e4 tulen sytytt\u00e4misess\u00e4, ja Porton ulkotulisija tarjoaa turvallisen ja luotettavan ratkaisun. T\u00e4m\u00e4 kannettava ulkotulisija tarjoaa monipuolisuutta ja toimii k\u00e4yt\u00e4nn\u00f6llisen\u00e4 tulipes\u00e4n\u00e4, kannettavana grillin\u00e4, luotettavana l\u00e4mm\u00f6nl\u00e4hteen\u00e4 ja tyylikk\u00e4\u00e4n\u00e4 valaisimena. Sen \u00e4lykk\u00e4\u00e4sti suunniteltu pohjamuoto est\u00e4\u00e4 tehokkaasti palavan puun levi\u00e4misen jopa kovissa tuuleissa. On t\u00e4rke\u00e4\u00e4 huomata, ett\u00e4 Cook King -ulkotulisijat on valmistettu raakater\u00e4ksest\u00e4, joten v\u00e4ri voi poiketa kuvissa n\u00e4kyv\u00e4st\u00e4. T\u00e4m\u00e4 vaihtelu on ter\u00e4ksen luonnollinen ominaisuus, eik\u00e4 se vaaranna tuotteen toimivuutta tai vakautta.<\/p>\n<p>Saatavana 4 eri halkaisijaa: 60cm\/70cm\/80cm\/100cm.<\/p>\n<p><strong>Saatavana lis\u00e4varusteena<\/strong><\/p>\n<ul>\n<li>Kipin\u00e4suoja<\/li>\n<li>Erilaisia \u200b\u200bgrillilevyj\u00e4 ja ritil\u00f6it\u00e4<\/li>\n<li>180 cm korkea tripod grilli<\/li>\n<li>Ulkotulisijan kansi<\/li>\n<li>Hiilihanko<\/li>\n<li>Erilaisia \u200b\u200bpannuja ja kattiloita<\/li>\n<\/ul>\n<p>&nbsp;<\/p>\n","protected":false},"excerpt":{"rendered":"<p>Muuta ulkotilaasi Cook King Porto -ulkotulisijalla ja ota kaikki irti takapihastasi. Koe hyv\u00e4n ruoan, l\u00e4mm\u00f6n ja tyylikk\u00e4\u00e4n keskipisteen nautinnot mukavasti omassa ulkokeidaasi. Porton huippulaadukkaassa ulkotulisijassa on huolellinen k\u00e4sity\u00f6, ja siin\u00e4 on reilun kokoinen tulisija, joka on valmistettu 2 mm paksusta ter\u00e4ksest\u00e4, mik\u00e4 varmistaa horjumattoman vakauden ja kest\u00e4vyyden. Turvallisuus on t\u00e4rkeint\u00e4 tulen sytytt\u00e4misess\u00e4, ja Porton ulkotulisija tarjoaa turvallisen ja luotettavan ratkaisun. T\u00e4m\u00e4 kannettava ulkotulisija tarjoaa monipuolisuutta ja toimii k\u00e4yt\u00e4nn\u00f6llisen\u00e4 tulipes\u00e4n\u00e4, kannettavana grillin\u00e4, luotettavana l\u00e4mm\u00f6nl\u00e4hteen\u00e4 ja tyylikk\u00e4\u00e4n\u00e4 valaisimena. <\/p>\n","protected":false},"featured_media":13216,"template":"","meta":{"_acf_changed":false},"product_brand":[],"product_cat":[9692],"product_tag":[],"class_list":{"0":"post-26907","1":"product","2":"type-product","3":"status-publish","4":"has-post-thumbnail","6":"brands-cook-king-fi","7":"product_cat-kiukaat-ja-grillit","9":"first","10":"instock","11":"shipping-taxable","12":"product-type-simple"},"acf":[],"yoast_head":"<!-- This site is optimized with the Yoast SEO plugin v27.3 - https:\/\/yoast.com\/product\/yoast-seo-wordpress\/ -->\n<title>Ulkotulisija Cook King PORTO - Kodukolle<\/title>\n<meta name=\"description\" content=\"Muuta ulkotilaasi Cook King Porto -ulkotulisijalla ja ota kaikki irti takapihastasi. Koe hyv\u00e4n ruoan, l\u00e4mm\u00f6n ja tyylikk\u00e4\u00e4n keskipisteen nautinnot mukavasti omassa ulkokeidaasi.\" \/>\n<meta name=\"robots\" content=\"noindex, follow, max-snippet:-1, max-image-preview:large, max-video-preview:-1\" \/>\n<meta property=\"og:locale\" content=\"fi_FI\" \/>\n<meta property=\"og:type\" content=\"article\" \/>\n<meta property=\"og:title\" content=\"Ulkotulisija Cook King PORTO - Kodukolle\" \/>\n<meta property=\"og:description\" content=\"Muuta ulkotilaasi Cook King Porto -ulkotulisijalla ja ota kaikki irti takapihastasi. Koe hyv\u00e4n ruoan, l\u00e4mm\u00f6n ja tyylikk\u00e4\u00e4n keskipisteen nautinnot mukavasti omassa ulkokeidaasi.\" \/>\n<meta property=\"og:url\" content=\"https:\/\/kloon.kodukolle.ee\/fi\/tuote\/ulkotulisija-cook-king-porto\/\" \/>\n<meta property=\"og:site_name\" content=\"Kodukolle\" \/>\n<meta property=\"article:modified_time\" content=\"2024-01-18T11:08:30+00:00\" \/>\n<meta property=\"og:image\" content=\"https:\/\/kloon.kodukolle.ee\/wp-content\/uploads\/2023\/06\/porto_fire3.jpg\" \/>\n\t<meta property=\"og:image:width\" content=\"2000\" \/>\n\t<meta property=\"og:image:height\" content=\"1480\" \/>\n\t<meta property=\"og:image:type\" content=\"image\/jpeg\" \/>\n<meta name=\"twitter:card\" content=\"summary_large_image\" \/>\n<script type=\"application\/ld+json\" class=\"yoast-schema-graph\">{\"@context\":\"https:\\\/\\\/schema.org\",\"@graph\":[{\"@type\":\"WebPage\",\"@id\":\"https:\\\/\\\/kloon.kodukolle.ee\\\/fi\\\/tuote\\\/ulkotulisija-cook-king-porto\\\/\",\"url\":\"https:\\\/\\\/kloon.kodukolle.ee\\\/fi\\\/tuote\\\/ulkotulisija-cook-king-porto\\\/\",\"name\":\"Ulkotulisija Cook King PORTO - Kodukolle\",\"isPartOf\":{\"@id\":\"https:\\\/\\\/kloon.kodukolle.ee\\\/#website\"},\"primaryImageOfPage\":{\"@id\":\"https:\\\/\\\/kloon.kodukolle.ee\\\/fi\\\/tuote\\\/ulkotulisija-cook-king-porto\\\/#primaryimage\"},\"image\":{\"@id\":\"https:\\\/\\\/kloon.kodukolle.ee\\\/fi\\\/tuote\\\/ulkotulisija-cook-king-porto\\\/#primaryimage\"},\"thumbnailUrl\":\"https:\\\/\\\/kloon.kodukolle.ee\\\/wp-content\\\/uploads\\\/2023\\\/06\\\/porto_fire3.jpg\",\"datePublished\":\"2023-06-14T08:20:19+00:00\",\"dateModified\":\"2024-01-18T11:08:30+00:00\",\"description\":\"Muuta ulkotilaasi Cook King Porto -ulkotulisijalla ja ota kaikki irti takapihastasi. Koe hyv\u00e4n ruoan, l\u00e4mm\u00f6n ja tyylikk\u00e4\u00e4n keskipisteen nautinnot mukavasti omassa ulkokeidaasi.\",\"breadcrumb\":{\"@id\":\"https:\\\/\\\/kloon.kodukolle.ee\\\/fi\\\/tuote\\\/ulkotulisija-cook-king-porto\\\/#breadcrumb\"},\"inLanguage\":\"fi\",\"potentialAction\":[{\"@type\":\"ReadAction\",\"target\":[\"https:\\\/\\\/kloon.kodukolle.ee\\\/fi\\\/tuote\\\/ulkotulisija-cook-king-porto\\\/\"]}]},{\"@type\":\"ImageObject\",\"inLanguage\":\"fi\",\"@id\":\"https:\\\/\\\/kloon.kodukolle.ee\\\/fi\\\/tuote\\\/ulkotulisija-cook-king-porto\\\/#primaryimage\",\"url\":\"https:\\\/\\\/kloon.kodukolle.ee\\\/wp-content\\\/uploads\\\/2023\\\/06\\\/porto_fire3.jpg\",\"contentUrl\":\"https:\\\/\\\/kloon.kodukolle.ee\\\/wp-content\\\/uploads\\\/2023\\\/06\\\/porto_fire3.jpg\",\"width\":2000,\"height\":1480,\"caption\":\"Porto\"},{\"@type\":\"BreadcrumbList\",\"@id\":\"https:\\\/\\\/kloon.kodukolle.ee\\\/fi\\\/tuote\\\/ulkotulisija-cook-king-porto\\\/#breadcrumb\",\"itemListElement\":[{\"@type\":\"ListItem\",\"position\":1,\"name\":\"Home\",\"item\":\"https:\\\/\\\/kloon.kodukolle.ee\\\/fi\\\/\"},{\"@type\":\"ListItem\",\"position\":2,\"name\":\"Tuotteet\",\"item\":\"https:\\\/\\\/kloon.kodukolle.ee\\\/fi\\\/tuotteet\\\/\"},{\"@type\":\"ListItem\",\"position\":3,\"name\":\"Ulkotulisija Cook King PORTO\"}]},{\"@type\":\"WebSite\",\"@id\":\"https:\\\/\\\/kloon.kodukolle.ee\\\/#website\",\"url\":\"https:\\\/\\\/kloon.kodukolle.ee\\\/\",\"name\":\"Kodukolle\",\"description\":\"\",\"publisher\":{\"@id\":\"https:\\\/\\\/kloon.kodukolle.ee\\\/#organization\"},\"potentialAction\":[{\"@type\":\"SearchAction\",\"target\":{\"@type\":\"EntryPoint\",\"urlTemplate\":\"https:\\\/\\\/kloon.kodukolle.ee\\\/?s={search_term_string}\"},\"query-input\":{\"@type\":\"PropertyValueSpecification\",\"valueRequired\":true,\"valueName\":\"search_term_string\"}}],\"inLanguage\":\"fi\"},{\"@type\":\"Organization\",\"@id\":\"https:\\\/\\\/kloon.kodukolle.ee\\\/#organization\",\"name\":\"Kodukolle\",\"url\":\"https:\\\/\\\/kloon.kodukolle.ee\\\/\",\"logo\":{\"@type\":\"ImageObject\",\"inLanguage\":\"fi\",\"@id\":\"https:\\\/\\\/kloon.kodukolle.ee\\\/#\\\/schema\\\/logo\\\/image\\\/\",\"url\":\"https:\\\/\\\/kloon.kodukolle.ee\\\/wp-content\\\/uploads\\\/2025\\\/06\\\/logo_must_gradient.svg\",\"contentUrl\":\"https:\\\/\\\/kloon.kodukolle.ee\\\/wp-content\\\/uploads\\\/2025\\\/06\\\/logo_must_gradient.svg\",\"caption\":\"Kodukolle\"},\"image\":{\"@id\":\"https:\\\/\\\/kloon.kodukolle.ee\\\/#\\\/schema\\\/logo\\\/image\\\/\"}}]}<\/script>\n<!-- \/ Yoast SEO plugin. -->","yoast_head_json":{"title":"Ulkotulisija Cook King PORTO - Kodukolle","description":"Muuta ulkotilaasi Cook King Porto -ulkotulisijalla ja ota kaikki irti takapihastasi. Koe hyv\u00e4n ruoan, l\u00e4mm\u00f6n ja tyylikk\u00e4\u00e4n keskipisteen nautinnot mukavasti omassa ulkokeidaasi.","robots":{"index":"noindex","follow":"follow","max-snippet":"max-snippet:-1","max-image-preview":"max-image-preview:large","max-video-preview":"max-video-preview:-1"},"og_locale":"fi_FI","og_type":"article","og_title":"Ulkotulisija Cook King PORTO - Kodukolle","og_description":"Muuta ulkotilaasi Cook King Porto -ulkotulisijalla ja ota kaikki irti takapihastasi. Koe hyv\u00e4n ruoan, l\u00e4mm\u00f6n ja tyylikk\u00e4\u00e4n keskipisteen nautinnot mukavasti omassa ulkokeidaasi.","og_url":"https:\/\/kloon.kodukolle.ee\/fi\/tuote\/ulkotulisija-cook-king-porto\/","og_site_name":"Kodukolle","article_modified_time":"2024-01-18T11:08:30+00:00","og_image":[{"width":2000,"height":1480,"url":"https:\/\/kloon.kodukolle.ee\/wp-content\/uploads\/2023\/06\/porto_fire3.jpg","type":"image\/jpeg"}],"twitter_card":"summary_large_image","schema":{"@context":"https:\/\/schema.org","@graph":[{"@type":"WebPage","@id":"https:\/\/kloon.kodukolle.ee\/fi\/tuote\/ulkotulisija-cook-king-porto\/","url":"https:\/\/kloon.kodukolle.ee\/fi\/tuote\/ulkotulisija-cook-king-porto\/","name":"Ulkotulisija Cook King PORTO - Kodukolle","isPartOf":{"@id":"https:\/\/kloon.kodukolle.ee\/#website"},"primaryImageOfPage":{"@id":"https:\/\/kloon.kodukolle.ee\/fi\/tuote\/ulkotulisija-cook-king-porto\/#primaryimage"},"image":{"@id":"https:\/\/kloon.kodukolle.ee\/fi\/tuote\/ulkotulisija-cook-king-porto\/#primaryimage"},"thumbnailUrl":"https:\/\/kloon.kodukolle.ee\/wp-content\/uploads\/2023\/06\/porto_fire3.jpg","datePublished":"2023-06-14T08:20:19+00:00","dateModified":"2024-01-18T11:08:30+00:00","description":"Muuta ulkotilaasi Cook King Porto -ulkotulisijalla ja ota kaikki irti takapihastasi. Koe hyv\u00e4n ruoan, l\u00e4mm\u00f6n ja tyylikk\u00e4\u00e4n keskipisteen nautinnot mukavasti omassa ulkokeidaasi.","breadcrumb":{"@id":"https:\/\/kloon.kodukolle.ee\/fi\/tuote\/ulkotulisija-cook-king-porto\/#breadcrumb"},"inLanguage":"fi","potentialAction":[{"@type":"ReadAction","target":["https:\/\/kloon.kodukolle.ee\/fi\/tuote\/ulkotulisija-cook-king-porto\/"]}]},{"@type":"ImageObject","inLanguage":"fi","@id":"https:\/\/kloon.kodukolle.ee\/fi\/tuote\/ulkotulisija-cook-king-porto\/#primaryimage","url":"https:\/\/kloon.kodukolle.ee\/wp-content\/uploads\/2023\/06\/porto_fire3.jpg","contentUrl":"https:\/\/kloon.kodukolle.ee\/wp-content\/uploads\/2023\/06\/porto_fire3.jpg","width":2000,"height":1480,"caption":"Porto"},{"@type":"BreadcrumbList","@id":"https:\/\/kloon.kodukolle.ee\/fi\/tuote\/ulkotulisija-cook-king-porto\/#breadcrumb","itemListElement":[{"@type":"ListItem","position":1,"name":"Home","item":"https:\/\/kloon.kodukolle.ee\/fi\/"},{"@type":"ListItem","position":2,"name":"Tuotteet","item":"https:\/\/kloon.kodukolle.ee\/fi\/tuotteet\/"},{"@type":"ListItem","position":3,"name":"Ulkotulisija Cook King PORTO"}]},{"@type":"WebSite","@id":"https:\/\/kloon.kodukolle.ee\/#website","url":"https:\/\/kloon.kodukolle.ee\/","name":"Kodukolle","description":"","publisher":{"@id":"https:\/\/kloon.kodukolle.ee\/#organization"},"potentialAction":[{"@type":"SearchAction","target":{"@type":"EntryPoint","urlTemplate":"https:\/\/kloon.kodukolle.ee\/?s={search_term_string}"},"query-input":{"@type":"PropertyValueSpecification","valueRequired":true,"valueName":"search_term_string"}}],"inLanguage":"fi"},{"@type":"Organization","@id":"https:\/\/kloon.kodukolle.ee\/#organization","name":"Kodukolle","url":"https:\/\/kloon.kodukolle.ee\/","logo":{"@type":"ImageObject","inLanguage":"fi","@id":"https:\/\/kloon.kodukolle.ee\/#\/schema\/logo\/image\/","url":"https:\/\/kloon.kodukolle.ee\/wp-content\/uploads\/2025\/06\/logo_must_gradient.svg","contentUrl":"https:\/\/kloon.kodukolle.ee\/wp-content\/uploads\/2025\/06\/logo_must_gradient.svg","caption":"Kodukolle"},"image":{"@id":"https:\/\/kloon.kodukolle.ee\/#\/schema\/logo\/image\/"}}]}},"_links":{"self":[{"href":"https:\/\/kloon.kodukolle.ee\/fi\/wp-json\/wp\/v2\/product\/26907","targetHints":{"allow":["GET"]}}],"collection":[{"href":"https:\/\/kloon.kodukolle.ee\/fi\/wp-json\/wp\/v2\/product"}],"about":[{"href":"https:\/\/kloon.kodukolle.ee\/fi\/wp-json\/wp\/v2\/types\/product"}],"wp:featuredmedia":[{"embeddable":true,"href":"https:\/\/kloon.kodukolle.ee\/fi\/wp-json\/wp\/v2\/media\/13216"}],"wp:attachment":[{"href":"https:\/\/kloon.kodukolle.ee\/fi\/wp-json\/wp\/v2\/media?parent=26907"}],"wp:term":[{"taxonomy":"product_brand","embeddable":true,"href":"https:\/\/kloon.kodukolle.ee\/fi\/wp-json\/wp\/v2\/product_brand?post=26907"},{"taxonomy":"product_cat","embeddable":true,"href":"https:\/\/kloon.kodukolle.ee\/fi\/wp-json\/wp\/v2\/product_cat?post=26907"},{"taxonomy":"product_tag","embeddable":true,"href":"https:\/\/kloon.kodukolle.ee\/fi\/wp-json\/wp\/v2\/product_tag?post=26907"}],"curies":[{"name":"wp","href":"https:\/\/api.w.org\/{rel}","templated":true}]}}