{"id":26920,"date":"2023-06-14T14:15:08","date_gmt":"2023-06-14T11:15:08","guid":{"rendered":"https:\/\/kloon.kodukolle.ee\/?post_type=product&#038;p=26920"},"modified":"2024-01-18T15:54:56","modified_gmt":"2024-01-18T13:54:56","slug":"ulkotulisija-cook-king-toronto","status":"publish","type":"product","link":"https:\/\/kloon.kodukolle.ee\/fi\/tuote\/ulkotulisija-cook-king-toronto\/","title":{"rendered":"Ulkotulisija Cook King TORONTO"},"content":{"rendered":"<p>Korosta puutarhasi vieh\u00e4tysvoimaa Cook King Toronton koristeellisella ulkotulisijalla, jossa on upea herkk\u00e4 lehtikuvioitu leikkausreuna. Toronton korkealaatuiselle ulkotulisijalle on ominaista sen yksityiskohtainen viimeistely ja suuri kulho, joka on valmistettu 2 mm paksusta ter\u00e4ksest\u00e4. Koko rakenne on poikkeuksellisen vakaa ja vankka, mik\u00e4 antaa turvallisuuden tunteen tulen sytytt\u00e4miseen. T\u00e4m\u00e4 kannettava ulkotulisija tarjoaa monipuolisuutta ja toimii k\u00e4yt\u00e4nn\u00f6llisen\u00e4 tulipes\u00e4n\u00e4, kannettavana grillin\u00e4, l\u00e4mm\u00f6nl\u00e4hteen\u00e4 ja tyylikk\u00e4\u00e4n\u00e4 valaisimena. Kulhon muotoilu est\u00e4\u00e4 tehokkaasti palavan puun levi\u00e4misen jopa voimakkaassa tuulessa. Toronton ulkotulisijan reuna on leikattu tarkasti paksusta ter\u00e4slevyst\u00e4 CNC-lasertekniikalla. Kun tuli sytytet\u00e4\u00e4n kulhon sis\u00e4ll\u00e4, leikatusta reunasta tulee ainutlaatuinen ja kiehtova hehku, joka luo ihastuttavan tunnelman varjoineen. Huomaathan, ett\u00e4 Cook King -ulkotulisija on valmistettu raakater\u00e4ksest\u00e4, joten v\u00e4ri saattaa poiketa kuvissa n\u00e4kyv\u00e4st\u00e4. T\u00e4m\u00e4 luonnollinen vaihtelu on ter\u00e4kselle ominaista, eik\u00e4 se vaikuta tuotteen toimivuuteen tai vakauteen.<br \/>\n\u200b<\/p>\n<p>Saatavana halkaisija: 80 cm.<\/p>\n<p><strong>Saatavana lis\u00e4varusteena<\/strong><\/p>\n<ul>\n<li>Kipin\u00e4suoja<\/li>\n<li>Erilaisia \u200b\u200bgrillilevyj\u00e4 ja ritil\u00f6it\u00e4<\/li>\n<li>220 cm korkea tripod grilli<\/li>\n<li>Ulkotulisijan kansi<\/li>\n<li>Hiilihanko<\/li>\n<li>Erilaisia \u200b\u200bpannuja ja kattiloita<\/li>\n<\/ul>\n<p>&nbsp;<\/p>\n","protected":false},"excerpt":{"rendered":"<p>Korosta puutarhasi vieh\u00e4tysvoimaa Cook King Toronton koristeellisella ulkotulisijalla, jossa on upea herkk\u00e4 lehtikuvioitu leikkausreuna. Toronton korkealaatuiselle ulkotulisijalle on ominaista sen yksityiskohtainen viimeistely ja suuri kulho, joka on valmistettu 2 mm paksusta ter\u00e4ksest\u00e4. Koko rakenne on poikkeuksellisen vakaa ja vankka, mik\u00e4 antaa turvallisuuden tunteen tulen sytytt\u00e4miseen. T\u00e4m\u00e4 kannettava ulkotulisija tarjoaa monipuolisuutta ja toimii k\u00e4yt\u00e4nn\u00f6llisen\u00e4 tulipes\u00e4n\u00e4, kannettavana grillin\u00e4, l\u00e4mm\u00f6nl\u00e4hteen\u00e4 ja tyylikk\u00e4\u00e4n\u00e4 valaisimena.<\/p>\n","protected":false},"featured_media":13307,"template":"","meta":{"_acf_changed":false},"product_brand":[],"product_cat":[9692],"product_tag":[],"class_list":{"0":"post-26920","1":"product","2":"type-product","3":"status-publish","4":"has-post-thumbnail","6":"brands-cook-king-fi","7":"product_cat-kiukaat-ja-grillit","9":"first","10":"instock","11":"shipping-taxable","12":"product-type-simple"},"acf":[],"yoast_head":"<!-- This site is optimized with the Yoast SEO plugin v27.3 - https:\/\/yoast.com\/product\/yoast-seo-wordpress\/ -->\n<title>Ulkotulisija Cook King TORONTO - Kodukolle<\/title>\n<meta name=\"description\" content=\"Korosta puutarhasi vieh\u00e4tysvoimaa Cook King Toronton koristeellisella ulkotulisijalla, jossa on upea herkk\u00e4 lehtikuvioitu leikkausreuna.\" \/>\n<meta name=\"robots\" content=\"noindex, follow, max-snippet:-1, max-image-preview:large, max-video-preview:-1\" \/>\n<meta property=\"og:locale\" content=\"fi_FI\" \/>\n<meta property=\"og:type\" content=\"article\" \/>\n<meta property=\"og:title\" content=\"Ulkotulisija Cook King TORONTO - Kodukolle\" \/>\n<meta property=\"og:description\" content=\"Korosta puutarhasi vieh\u00e4tysvoimaa Cook King Toronton koristeellisella ulkotulisijalla, jossa on upea herkk\u00e4 lehtikuvioitu leikkausreuna.\" \/>\n<meta property=\"og:url\" content=\"https:\/\/kloon.kodukolle.ee\/fi\/tuote\/ulkotulisija-cook-king-toronto\/\" \/>\n<meta property=\"og:site_name\" content=\"Kodukolle\" \/>\n<meta property=\"article:modified_time\" content=\"2024-01-18T13:54:56+00:00\" \/>\n<meta property=\"og:image\" content=\"https:\/\/kloon.kodukolle.ee\/wp-content\/uploads\/2023\/06\/toronto_fire1.jpg\" \/>\n\t<meta property=\"og:image:width\" content=\"2000\" \/>\n\t<meta property=\"og:image:height\" content=\"1380\" \/>\n\t<meta property=\"og:image:type\" content=\"image\/jpeg\" \/>\n<meta name=\"twitter:card\" content=\"summary_large_image\" \/>\n<script type=\"application\/ld+json\" class=\"yoast-schema-graph\">{\"@context\":\"https:\\\/\\\/schema.org\",\"@graph\":[{\"@type\":\"WebPage\",\"@id\":\"https:\\\/\\\/kloon.kodukolle.ee\\\/fi\\\/tuote\\\/ulkotulisija-cook-king-toronto\\\/\",\"url\":\"https:\\\/\\\/kloon.kodukolle.ee\\\/fi\\\/tuote\\\/ulkotulisija-cook-king-toronto\\\/\",\"name\":\"Ulkotulisija Cook King TORONTO - Kodukolle\",\"isPartOf\":{\"@id\":\"https:\\\/\\\/kloon.kodukolle.ee\\\/#website\"},\"primaryImageOfPage\":{\"@id\":\"https:\\\/\\\/kloon.kodukolle.ee\\\/fi\\\/tuote\\\/ulkotulisija-cook-king-toronto\\\/#primaryimage\"},\"image\":{\"@id\":\"https:\\\/\\\/kloon.kodukolle.ee\\\/fi\\\/tuote\\\/ulkotulisija-cook-king-toronto\\\/#primaryimage\"},\"thumbnailUrl\":\"https:\\\/\\\/kloon.kodukolle.ee\\\/wp-content\\\/uploads\\\/2023\\\/06\\\/toronto_fire1.jpg\",\"datePublished\":\"2023-06-14T11:15:08+00:00\",\"dateModified\":\"2024-01-18T13:54:56+00:00\",\"description\":\"Korosta puutarhasi vieh\u00e4tysvoimaa Cook King Toronton koristeellisella ulkotulisijalla, jossa on upea herkk\u00e4 lehtikuvioitu leikkausreuna.\",\"breadcrumb\":{\"@id\":\"https:\\\/\\\/kloon.kodukolle.ee\\\/fi\\\/tuote\\\/ulkotulisija-cook-king-toronto\\\/#breadcrumb\"},\"inLanguage\":\"fi\",\"potentialAction\":[{\"@type\":\"ReadAction\",\"target\":[\"https:\\\/\\\/kloon.kodukolle.ee\\\/fi\\\/tuote\\\/ulkotulisija-cook-king-toronto\\\/\"]}]},{\"@type\":\"ImageObject\",\"inLanguage\":\"fi\",\"@id\":\"https:\\\/\\\/kloon.kodukolle.ee\\\/fi\\\/tuote\\\/ulkotulisija-cook-king-toronto\\\/#primaryimage\",\"url\":\"https:\\\/\\\/kloon.kodukolle.ee\\\/wp-content\\\/uploads\\\/2023\\\/06\\\/toronto_fire1.jpg\",\"contentUrl\":\"https:\\\/\\\/kloon.kodukolle.ee\\\/wp-content\\\/uploads\\\/2023\\\/06\\\/toronto_fire1.jpg\",\"width\":2000,\"height\":1380,\"caption\":\"Toronto\"},{\"@type\":\"BreadcrumbList\",\"@id\":\"https:\\\/\\\/kloon.kodukolle.ee\\\/fi\\\/tuote\\\/ulkotulisija-cook-king-toronto\\\/#breadcrumb\",\"itemListElement\":[{\"@type\":\"ListItem\",\"position\":1,\"name\":\"Home\",\"item\":\"https:\\\/\\\/kloon.kodukolle.ee\\\/fi\\\/\"},{\"@type\":\"ListItem\",\"position\":2,\"name\":\"Tuotteet\",\"item\":\"https:\\\/\\\/kloon.kodukolle.ee\\\/fi\\\/tuotteet\\\/\"},{\"@type\":\"ListItem\",\"position\":3,\"name\":\"Ulkotulisija Cook King TORONTO\"}]},{\"@type\":\"WebSite\",\"@id\":\"https:\\\/\\\/kloon.kodukolle.ee\\\/#website\",\"url\":\"https:\\\/\\\/kloon.kodukolle.ee\\\/\",\"name\":\"Kodukolle\",\"description\":\"\",\"publisher\":{\"@id\":\"https:\\\/\\\/kloon.kodukolle.ee\\\/#organization\"},\"potentialAction\":[{\"@type\":\"SearchAction\",\"target\":{\"@type\":\"EntryPoint\",\"urlTemplate\":\"https:\\\/\\\/kloon.kodukolle.ee\\\/?s={search_term_string}\"},\"query-input\":{\"@type\":\"PropertyValueSpecification\",\"valueRequired\":true,\"valueName\":\"search_term_string\"}}],\"inLanguage\":\"fi\"},{\"@type\":\"Organization\",\"@id\":\"https:\\\/\\\/kloon.kodukolle.ee\\\/#organization\",\"name\":\"Kodukolle\",\"url\":\"https:\\\/\\\/kloon.kodukolle.ee\\\/\",\"logo\":{\"@type\":\"ImageObject\",\"inLanguage\":\"fi\",\"@id\":\"https:\\\/\\\/kloon.kodukolle.ee\\\/#\\\/schema\\\/logo\\\/image\\\/\",\"url\":\"https:\\\/\\\/kloon.kodukolle.ee\\\/wp-content\\\/uploads\\\/2025\\\/06\\\/logo_must_gradient.svg\",\"contentUrl\":\"https:\\\/\\\/kloon.kodukolle.ee\\\/wp-content\\\/uploads\\\/2025\\\/06\\\/logo_must_gradient.svg\",\"caption\":\"Kodukolle\"},\"image\":{\"@id\":\"https:\\\/\\\/kloon.kodukolle.ee\\\/#\\\/schema\\\/logo\\\/image\\\/\"}}]}<\/script>\n<!-- \/ Yoast SEO plugin. -->","yoast_head_json":{"title":"Ulkotulisija Cook King TORONTO - Kodukolle","description":"Korosta puutarhasi vieh\u00e4tysvoimaa Cook King Toronton koristeellisella ulkotulisijalla, jossa on upea herkk\u00e4 lehtikuvioitu leikkausreuna.","robots":{"index":"noindex","follow":"follow","max-snippet":"max-snippet:-1","max-image-preview":"max-image-preview:large","max-video-preview":"max-video-preview:-1"},"og_locale":"fi_FI","og_type":"article","og_title":"Ulkotulisija Cook King TORONTO - Kodukolle","og_description":"Korosta puutarhasi vieh\u00e4tysvoimaa Cook King Toronton koristeellisella ulkotulisijalla, jossa on upea herkk\u00e4 lehtikuvioitu leikkausreuna.","og_url":"https:\/\/kloon.kodukolle.ee\/fi\/tuote\/ulkotulisija-cook-king-toronto\/","og_site_name":"Kodukolle","article_modified_time":"2024-01-18T13:54:56+00:00","og_image":[{"width":2000,"height":1380,"url":"https:\/\/kloon.kodukolle.ee\/wp-content\/uploads\/2023\/06\/toronto_fire1.jpg","type":"image\/jpeg"}],"twitter_card":"summary_large_image","schema":{"@context":"https:\/\/schema.org","@graph":[{"@type":"WebPage","@id":"https:\/\/kloon.kodukolle.ee\/fi\/tuote\/ulkotulisija-cook-king-toronto\/","url":"https:\/\/kloon.kodukolle.ee\/fi\/tuote\/ulkotulisija-cook-king-toronto\/","name":"Ulkotulisija Cook King TORONTO - Kodukolle","isPartOf":{"@id":"https:\/\/kloon.kodukolle.ee\/#website"},"primaryImageOfPage":{"@id":"https:\/\/kloon.kodukolle.ee\/fi\/tuote\/ulkotulisija-cook-king-toronto\/#primaryimage"},"image":{"@id":"https:\/\/kloon.kodukolle.ee\/fi\/tuote\/ulkotulisija-cook-king-toronto\/#primaryimage"},"thumbnailUrl":"https:\/\/kloon.kodukolle.ee\/wp-content\/uploads\/2023\/06\/toronto_fire1.jpg","datePublished":"2023-06-14T11:15:08+00:00","dateModified":"2024-01-18T13:54:56+00:00","description":"Korosta puutarhasi vieh\u00e4tysvoimaa Cook King Toronton koristeellisella ulkotulisijalla, jossa on upea herkk\u00e4 lehtikuvioitu leikkausreuna.","breadcrumb":{"@id":"https:\/\/kloon.kodukolle.ee\/fi\/tuote\/ulkotulisija-cook-king-toronto\/#breadcrumb"},"inLanguage":"fi","potentialAction":[{"@type":"ReadAction","target":["https:\/\/kloon.kodukolle.ee\/fi\/tuote\/ulkotulisija-cook-king-toronto\/"]}]},{"@type":"ImageObject","inLanguage":"fi","@id":"https:\/\/kloon.kodukolle.ee\/fi\/tuote\/ulkotulisija-cook-king-toronto\/#primaryimage","url":"https:\/\/kloon.kodukolle.ee\/wp-content\/uploads\/2023\/06\/toronto_fire1.jpg","contentUrl":"https:\/\/kloon.kodukolle.ee\/wp-content\/uploads\/2023\/06\/toronto_fire1.jpg","width":2000,"height":1380,"caption":"Toronto"},{"@type":"BreadcrumbList","@id":"https:\/\/kloon.kodukolle.ee\/fi\/tuote\/ulkotulisija-cook-king-toronto\/#breadcrumb","itemListElement":[{"@type":"ListItem","position":1,"name":"Home","item":"https:\/\/kloon.kodukolle.ee\/fi\/"},{"@type":"ListItem","position":2,"name":"Tuotteet","item":"https:\/\/kloon.kodukolle.ee\/fi\/tuotteet\/"},{"@type":"ListItem","position":3,"name":"Ulkotulisija Cook King TORONTO"}]},{"@type":"WebSite","@id":"https:\/\/kloon.kodukolle.ee\/#website","url":"https:\/\/kloon.kodukolle.ee\/","name":"Kodukolle","description":"","publisher":{"@id":"https:\/\/kloon.kodukolle.ee\/#organization"},"potentialAction":[{"@type":"SearchAction","target":{"@type":"EntryPoint","urlTemplate":"https:\/\/kloon.kodukolle.ee\/?s={search_term_string}"},"query-input":{"@type":"PropertyValueSpecification","valueRequired":true,"valueName":"search_term_string"}}],"inLanguage":"fi"},{"@type":"Organization","@id":"https:\/\/kloon.kodukolle.ee\/#organization","name":"Kodukolle","url":"https:\/\/kloon.kodukolle.ee\/","logo":{"@type":"ImageObject","inLanguage":"fi","@id":"https:\/\/kloon.kodukolle.ee\/#\/schema\/logo\/image\/","url":"https:\/\/kloon.kodukolle.ee\/wp-content\/uploads\/2025\/06\/logo_must_gradient.svg","contentUrl":"https:\/\/kloon.kodukolle.ee\/wp-content\/uploads\/2025\/06\/logo_must_gradient.svg","caption":"Kodukolle"},"image":{"@id":"https:\/\/kloon.kodukolle.ee\/#\/schema\/logo\/image\/"}}]}},"_links":{"self":[{"href":"https:\/\/kloon.kodukolle.ee\/fi\/wp-json\/wp\/v2\/product\/26920","targetHints":{"allow":["GET"]}}],"collection":[{"href":"https:\/\/kloon.kodukolle.ee\/fi\/wp-json\/wp\/v2\/product"}],"about":[{"href":"https:\/\/kloon.kodukolle.ee\/fi\/wp-json\/wp\/v2\/types\/product"}],"wp:featuredmedia":[{"embeddable":true,"href":"https:\/\/kloon.kodukolle.ee\/fi\/wp-json\/wp\/v2\/media\/13307"}],"wp:attachment":[{"href":"https:\/\/kloon.kodukolle.ee\/fi\/wp-json\/wp\/v2\/media?parent=26920"}],"wp:term":[{"taxonomy":"product_brand","embeddable":true,"href":"https:\/\/kloon.kodukolle.ee\/fi\/wp-json\/wp\/v2\/product_brand?post=26920"},{"taxonomy":"product_cat","embeddable":true,"href":"https:\/\/kloon.kodukolle.ee\/fi\/wp-json\/wp\/v2\/product_cat?post=26920"},{"taxonomy":"product_tag","embeddable":true,"href":"https:\/\/kloon.kodukolle.ee\/fi\/wp-json\/wp\/v2\/product_tag?post=26920"}],"curies":[{"name":"wp","href":"https:\/\/api.w.org\/{rel}","templated":true}]}}