{"id":26958,"date":"2023-09-05T13:04:51","date_gmt":"2023-09-05T10:04:51","guid":{"rendered":"https:\/\/kloon.kodukolle.ee\/?post_type=product&#038;p=26958"},"modified":"2024-01-19T14:52:33","modified_gmt":"2024-01-19T12:52:33","slug":"ulkotakka-jotul-loke","status":"publish","type":"product","link":"https:\/\/kloon.kodukolle.ee\/fi\/tuote\/ulkotakka-jotul-loke\/","title":{"rendered":"Ulkotakka JOTUL LOKE"},"content":{"rendered":"<p>Moderni ja kest\u00e4v\u00e4 Jotul Loke -ulkotakka n\u00e4ytt\u00e4v\u00e4ll\u00e4 minimalistisella muotoilullaan t\u00e4ydent\u00e4\u00e4 varmasti mit\u00e4 tahansa patioa tai terassia. T\u00e4ss\u00e4 ulkotakassa on k\u00e4yt\u00e4nn\u00f6llinen s\u00e4ilytystila, joka varmistaa, ett\u00e4 puut ovat aina helposti ulottuvillasi. Loke ei ainoastaan l\u00e4mmit\u00e4, vaan toimii my\u00f6s grillin\u00e4 tarjoten monipuolisia ruoanlaittovaihtoehtoja takan \u00e4\u00e4rell\u00e4. Lis\u00e4varusteena saatavan grilliritil\u00e4n korkeutta voi s\u00e4\u00e4t\u00e4\u00e4 kolmelle eri korkeudelle. Jotul Loke -ulkotakka luo l\u00e4mpim\u00e4n ja kutsuvan tunnelman, jolloin voit nauttia pidempi\u00e4kin iltoja ulkona. Corten-ter\u00e4ksest\u00e4 valmistettu se muodostaa nopeasti &#8221;karkean&#8221; ruosteisen pinnan, joka tarjoaa erinomaisen suojan kaikenlaisilta s\u00e4\u00e4olosuhteilta ymp\u00e4ri vuoden. Corten-ter\u00e4st\u00e4 k\u00e4ytet\u00e4\u00e4n yleisesti my\u00f6s rakennusten julkisivuissa ruosteisen ulkon\u00e4\u00f6n saavuttamiseksi.\n<\/ul>\n<p><strong>Saatavana lis\u00e4varusteena<\/strong><\/p>\n<ul>\n<li>Kipin\u00e4suoja<\/li>\n<li>Grillausritil\u00e4<\/li>\n<\/ul>\n<p>&nbsp;<\/p>\n","protected":false},"excerpt":{"rendered":"<p>Moderni ja kest\u00e4v\u00e4 Jotul Loke -ulkotakka n\u00e4ytt\u00e4v\u00e4ll\u00e4 minimalistisella muotoilullaan t\u00e4ydent\u00e4\u00e4 varmasti mit\u00e4 tahansa patioa tai terassia. T\u00e4ss\u00e4 ulkotakassa on k\u00e4yt\u00e4nn\u00f6llinen s\u00e4ilytystila, joka varmistaa, ett\u00e4 puut ovat aina helposti ulottuvillasi. Loke ei ainoastaan l\u00e4mmit\u00e4, vaan toimii my\u00f6s grillin\u00e4 tarjoten monipuolisia ruoanlaittovaihtoehtoja takan \u00e4\u00e4rell\u00e4. Lis\u00e4varusteena saatavan grilliritil\u00e4n korkeutta voi s\u00e4\u00e4t\u00e4\u00e4 kolmelle eri korkeudelle. Jotul Loke -ulkotakka luo l\u00e4mpim\u00e4n ja kutsuvan tunnelman, jolloin voit nauttia pidempi\u00e4kin iltoja ulkona.<\/p>\n","protected":false},"featured_media":20048,"template":"","meta":{"_acf_changed":false},"product_brand":[],"product_cat":[9692],"product_tag":[],"class_list":{"0":"post-26958","1":"product","2":"type-product","3":"status-publish","4":"has-post-thumbnail","6":"brands-jotul-fi","7":"product_cat-kiukaat-ja-grillit","9":"first","10":"instock","11":"shipping-taxable","12":"purchasable","13":"product-type-simple"},"acf":[],"yoast_head":"<!-- This site is optimized with the Yoast SEO plugin v27.3 - https:\/\/yoast.com\/product\/yoast-seo-wordpress\/ -->\n<title>Ulkotakka JOTUL LOKE - Kodukolle<\/title>\n<meta name=\"description\" content=\"Moderni ja kest\u00e4v\u00e4 Jotul Loke -ulkotakka n\u00e4ytt\u00e4v\u00e4ll\u00e4 minimalistisella muotoilullaan t\u00e4ydent\u00e4\u00e4 varmasti mit\u00e4 tahansa patioa tai terassia.\" \/>\n<meta name=\"robots\" content=\"noindex, follow, max-snippet:-1, max-image-preview:large, max-video-preview:-1\" \/>\n<meta property=\"og:locale\" content=\"fi_FI\" \/>\n<meta property=\"og:type\" content=\"article\" \/>\n<meta property=\"og:title\" content=\"Ulkotakka JOTUL LOKE - Kodukolle\" \/>\n<meta property=\"og:description\" content=\"Moderni ja kest\u00e4v\u00e4 Jotul Loke -ulkotakka n\u00e4ytt\u00e4v\u00e4ll\u00e4 minimalistisella muotoilullaan t\u00e4ydent\u00e4\u00e4 varmasti mit\u00e4 tahansa patioa tai terassia.\" \/>\n<meta property=\"og:url\" content=\"https:\/\/kloon.kodukolle.ee\/fi\/tuote\/ulkotakka-jotul-loke\/\" \/>\n<meta property=\"og:site_name\" content=\"Kodukolle\" \/>\n<meta property=\"article:modified_time\" content=\"2024-01-19T12:52:33+00:00\" \/>\n<meta property=\"og:image\" content=\"https:\/\/kloon.kodukolle.ee\/wp-content\/uploads\/2023\/09\/Jotul-Loke_7.jpg\" \/>\n\t<meta property=\"og:image:width\" content=\"1204\" \/>\n\t<meta property=\"og:image:height\" content=\"1026\" \/>\n\t<meta property=\"og:image:type\" content=\"image\/jpeg\" \/>\n<meta name=\"twitter:card\" content=\"summary_large_image\" \/>\n<script type=\"application\/ld+json\" class=\"yoast-schema-graph\">{\"@context\":\"https:\\\/\\\/schema.org\",\"@graph\":[{\"@type\":\"WebPage\",\"@id\":\"https:\\\/\\\/kloon.kodukolle.ee\\\/fi\\\/tuote\\\/ulkotakka-jotul-loke\\\/\",\"url\":\"https:\\\/\\\/kloon.kodukolle.ee\\\/fi\\\/tuote\\\/ulkotakka-jotul-loke\\\/\",\"name\":\"Ulkotakka JOTUL LOKE - Kodukolle\",\"isPartOf\":{\"@id\":\"https:\\\/\\\/kloon.kodukolle.ee\\\/#website\"},\"primaryImageOfPage\":{\"@id\":\"https:\\\/\\\/kloon.kodukolle.ee\\\/fi\\\/tuote\\\/ulkotakka-jotul-loke\\\/#primaryimage\"},\"image\":{\"@id\":\"https:\\\/\\\/kloon.kodukolle.ee\\\/fi\\\/tuote\\\/ulkotakka-jotul-loke\\\/#primaryimage\"},\"thumbnailUrl\":\"https:\\\/\\\/kloon.kodukolle.ee\\\/wp-content\\\/uploads\\\/2023\\\/09\\\/Jotul-Loke_7.jpg\",\"datePublished\":\"2023-09-05T10:04:51+00:00\",\"dateModified\":\"2024-01-19T12:52:33+00:00\",\"description\":\"Moderni ja kest\u00e4v\u00e4 Jotul Loke -ulkotakka n\u00e4ytt\u00e4v\u00e4ll\u00e4 minimalistisella muotoilullaan t\u00e4ydent\u00e4\u00e4 varmasti mit\u00e4 tahansa patioa tai terassia.\",\"breadcrumb\":{\"@id\":\"https:\\\/\\\/kloon.kodukolle.ee\\\/fi\\\/tuote\\\/ulkotakka-jotul-loke\\\/#breadcrumb\"},\"inLanguage\":\"fi\",\"potentialAction\":[{\"@type\":\"ReadAction\",\"target\":[\"https:\\\/\\\/kloon.kodukolle.ee\\\/fi\\\/tuote\\\/ulkotakka-jotul-loke\\\/\"]}]},{\"@type\":\"ImageObject\",\"inLanguage\":\"fi\",\"@id\":\"https:\\\/\\\/kloon.kodukolle.ee\\\/fi\\\/tuote\\\/ulkotakka-jotul-loke\\\/#primaryimage\",\"url\":\"https:\\\/\\\/kloon.kodukolle.ee\\\/wp-content\\\/uploads\\\/2023\\\/09\\\/Jotul-Loke_7.jpg\",\"contentUrl\":\"https:\\\/\\\/kloon.kodukolle.ee\\\/wp-content\\\/uploads\\\/2023\\\/09\\\/Jotul-Loke_7.jpg\",\"width\":1204,\"height\":1026,\"caption\":\"Jotul Loke\"},{\"@type\":\"BreadcrumbList\",\"@id\":\"https:\\\/\\\/kloon.kodukolle.ee\\\/fi\\\/tuote\\\/ulkotakka-jotul-loke\\\/#breadcrumb\",\"itemListElement\":[{\"@type\":\"ListItem\",\"position\":1,\"name\":\"Home\",\"item\":\"https:\\\/\\\/kloon.kodukolle.ee\\\/fi\\\/\"},{\"@type\":\"ListItem\",\"position\":2,\"name\":\"Tuotteet\",\"item\":\"https:\\\/\\\/kloon.kodukolle.ee\\\/fi\\\/tuotteet\\\/\"},{\"@type\":\"ListItem\",\"position\":3,\"name\":\"Ulkotakka JOTUL LOKE\"}]},{\"@type\":\"WebSite\",\"@id\":\"https:\\\/\\\/kloon.kodukolle.ee\\\/#website\",\"url\":\"https:\\\/\\\/kloon.kodukolle.ee\\\/\",\"name\":\"Kodukolle\",\"description\":\"\",\"publisher\":{\"@id\":\"https:\\\/\\\/kloon.kodukolle.ee\\\/#organization\"},\"potentialAction\":[{\"@type\":\"SearchAction\",\"target\":{\"@type\":\"EntryPoint\",\"urlTemplate\":\"https:\\\/\\\/kloon.kodukolle.ee\\\/?s={search_term_string}\"},\"query-input\":{\"@type\":\"PropertyValueSpecification\",\"valueRequired\":true,\"valueName\":\"search_term_string\"}}],\"inLanguage\":\"fi\"},{\"@type\":\"Organization\",\"@id\":\"https:\\\/\\\/kloon.kodukolle.ee\\\/#organization\",\"name\":\"Kodukolle\",\"url\":\"https:\\\/\\\/kloon.kodukolle.ee\\\/\",\"logo\":{\"@type\":\"ImageObject\",\"inLanguage\":\"fi\",\"@id\":\"https:\\\/\\\/kloon.kodukolle.ee\\\/#\\\/schema\\\/logo\\\/image\\\/\",\"url\":\"https:\\\/\\\/kloon.kodukolle.ee\\\/wp-content\\\/uploads\\\/2025\\\/06\\\/logo_must_gradient.svg\",\"contentUrl\":\"https:\\\/\\\/kloon.kodukolle.ee\\\/wp-content\\\/uploads\\\/2025\\\/06\\\/logo_must_gradient.svg\",\"caption\":\"Kodukolle\"},\"image\":{\"@id\":\"https:\\\/\\\/kloon.kodukolle.ee\\\/#\\\/schema\\\/logo\\\/image\\\/\"}}]}<\/script>\n<!-- \/ Yoast SEO plugin. -->","yoast_head_json":{"title":"Ulkotakka JOTUL LOKE - Kodukolle","description":"Moderni ja kest\u00e4v\u00e4 Jotul Loke -ulkotakka n\u00e4ytt\u00e4v\u00e4ll\u00e4 minimalistisella muotoilullaan t\u00e4ydent\u00e4\u00e4 varmasti mit\u00e4 tahansa patioa tai terassia.","robots":{"index":"noindex","follow":"follow","max-snippet":"max-snippet:-1","max-image-preview":"max-image-preview:large","max-video-preview":"max-video-preview:-1"},"og_locale":"fi_FI","og_type":"article","og_title":"Ulkotakka JOTUL LOKE - Kodukolle","og_description":"Moderni ja kest\u00e4v\u00e4 Jotul Loke -ulkotakka n\u00e4ytt\u00e4v\u00e4ll\u00e4 minimalistisella muotoilullaan t\u00e4ydent\u00e4\u00e4 varmasti mit\u00e4 tahansa patioa tai terassia.","og_url":"https:\/\/kloon.kodukolle.ee\/fi\/tuote\/ulkotakka-jotul-loke\/","og_site_name":"Kodukolle","article_modified_time":"2024-01-19T12:52:33+00:00","og_image":[{"width":1204,"height":1026,"url":"https:\/\/kloon.kodukolle.ee\/wp-content\/uploads\/2023\/09\/Jotul-Loke_7.jpg","type":"image\/jpeg"}],"twitter_card":"summary_large_image","schema":{"@context":"https:\/\/schema.org","@graph":[{"@type":"WebPage","@id":"https:\/\/kloon.kodukolle.ee\/fi\/tuote\/ulkotakka-jotul-loke\/","url":"https:\/\/kloon.kodukolle.ee\/fi\/tuote\/ulkotakka-jotul-loke\/","name":"Ulkotakka JOTUL LOKE - Kodukolle","isPartOf":{"@id":"https:\/\/kloon.kodukolle.ee\/#website"},"primaryImageOfPage":{"@id":"https:\/\/kloon.kodukolle.ee\/fi\/tuote\/ulkotakka-jotul-loke\/#primaryimage"},"image":{"@id":"https:\/\/kloon.kodukolle.ee\/fi\/tuote\/ulkotakka-jotul-loke\/#primaryimage"},"thumbnailUrl":"https:\/\/kloon.kodukolle.ee\/wp-content\/uploads\/2023\/09\/Jotul-Loke_7.jpg","datePublished":"2023-09-05T10:04:51+00:00","dateModified":"2024-01-19T12:52:33+00:00","description":"Moderni ja kest\u00e4v\u00e4 Jotul Loke -ulkotakka n\u00e4ytt\u00e4v\u00e4ll\u00e4 minimalistisella muotoilullaan t\u00e4ydent\u00e4\u00e4 varmasti mit\u00e4 tahansa patioa tai terassia.","breadcrumb":{"@id":"https:\/\/kloon.kodukolle.ee\/fi\/tuote\/ulkotakka-jotul-loke\/#breadcrumb"},"inLanguage":"fi","potentialAction":[{"@type":"ReadAction","target":["https:\/\/kloon.kodukolle.ee\/fi\/tuote\/ulkotakka-jotul-loke\/"]}]},{"@type":"ImageObject","inLanguage":"fi","@id":"https:\/\/kloon.kodukolle.ee\/fi\/tuote\/ulkotakka-jotul-loke\/#primaryimage","url":"https:\/\/kloon.kodukolle.ee\/wp-content\/uploads\/2023\/09\/Jotul-Loke_7.jpg","contentUrl":"https:\/\/kloon.kodukolle.ee\/wp-content\/uploads\/2023\/09\/Jotul-Loke_7.jpg","width":1204,"height":1026,"caption":"Jotul Loke"},{"@type":"BreadcrumbList","@id":"https:\/\/kloon.kodukolle.ee\/fi\/tuote\/ulkotakka-jotul-loke\/#breadcrumb","itemListElement":[{"@type":"ListItem","position":1,"name":"Home","item":"https:\/\/kloon.kodukolle.ee\/fi\/"},{"@type":"ListItem","position":2,"name":"Tuotteet","item":"https:\/\/kloon.kodukolle.ee\/fi\/tuotteet\/"},{"@type":"ListItem","position":3,"name":"Ulkotakka JOTUL LOKE"}]},{"@type":"WebSite","@id":"https:\/\/kloon.kodukolle.ee\/#website","url":"https:\/\/kloon.kodukolle.ee\/","name":"Kodukolle","description":"","publisher":{"@id":"https:\/\/kloon.kodukolle.ee\/#organization"},"potentialAction":[{"@type":"SearchAction","target":{"@type":"EntryPoint","urlTemplate":"https:\/\/kloon.kodukolle.ee\/?s={search_term_string}"},"query-input":{"@type":"PropertyValueSpecification","valueRequired":true,"valueName":"search_term_string"}}],"inLanguage":"fi"},{"@type":"Organization","@id":"https:\/\/kloon.kodukolle.ee\/#organization","name":"Kodukolle","url":"https:\/\/kloon.kodukolle.ee\/","logo":{"@type":"ImageObject","inLanguage":"fi","@id":"https:\/\/kloon.kodukolle.ee\/#\/schema\/logo\/image\/","url":"https:\/\/kloon.kodukolle.ee\/wp-content\/uploads\/2025\/06\/logo_must_gradient.svg","contentUrl":"https:\/\/kloon.kodukolle.ee\/wp-content\/uploads\/2025\/06\/logo_must_gradient.svg","caption":"Kodukolle"},"image":{"@id":"https:\/\/kloon.kodukolle.ee\/#\/schema\/logo\/image\/"}}]}},"_links":{"self":[{"href":"https:\/\/kloon.kodukolle.ee\/fi\/wp-json\/wp\/v2\/product\/26958","targetHints":{"allow":["GET"]}}],"collection":[{"href":"https:\/\/kloon.kodukolle.ee\/fi\/wp-json\/wp\/v2\/product"}],"about":[{"href":"https:\/\/kloon.kodukolle.ee\/fi\/wp-json\/wp\/v2\/types\/product"}],"wp:featuredmedia":[{"embeddable":true,"href":"https:\/\/kloon.kodukolle.ee\/fi\/wp-json\/wp\/v2\/media\/20048"}],"wp:attachment":[{"href":"https:\/\/kloon.kodukolle.ee\/fi\/wp-json\/wp\/v2\/media?parent=26958"}],"wp:term":[{"taxonomy":"product_brand","embeddable":true,"href":"https:\/\/kloon.kodukolle.ee\/fi\/wp-json\/wp\/v2\/product_brand?post=26958"},{"taxonomy":"product_cat","embeddable":true,"href":"https:\/\/kloon.kodukolle.ee\/fi\/wp-json\/wp\/v2\/product_cat?post=26958"},{"taxonomy":"product_tag","embeddable":true,"href":"https:\/\/kloon.kodukolle.ee\/fi\/wp-json\/wp\/v2\/product_tag?post=26958"}],"curies":[{"name":"wp","href":"https:\/\/api.w.org\/{rel}","templated":true}]}}