{"id":26960,"date":"2023-09-05T11:59:34","date_gmt":"2023-09-05T08:59:34","guid":{"rendered":"https:\/\/kloon.kodukolle.ee\/?post_type=product&#038;p=26960"},"modified":"2024-01-19T15:10:17","modified_gmt":"2024-01-19T13:10:17","slug":"ulkotakka-jotul-froya","status":"publish","type":"product","link":"https:\/\/kloon.kodukolle.ee\/fi\/tuote\/ulkotakka-jotul-froya\/","title":{"rendered":"Ulkotakka JOTUL FROYA"},"content":{"rendered":"<p>Valaise Jotul Froya -ulkotakaasi luodaksesi kodikkaan tunnelman ja tuodaksesi yhteen perheen ja yst\u00e4v\u00e4t l\u00e4mp\u00f6tilasta riippumatta. Ulkotakkaa k\u00e4ytett\u00e4ess\u00e4 ei tarvitse ep\u00e4r\u00f6id\u00e4, vaikka elohopea olisi nollan alapuolella. Jotul Froya on suunniteltu parantamaan ulkotilasi houkuttelevuutta ja luomaan aitoa tunnelmaa. Sen l\u00e4mp\u00f6 ja valaistus luovat vieraanvaraisen tunnelman miss\u00e4 tahansa tilanteessa. T\u00e4m\u00e4 takka on valmistettu Corten-ter\u00e4ksest\u00e4, joka muodostaa nopeasti &#8221;s\u00e4\u00e4ntyneen&#8221; ruosteisen pinnan. T\u00e4m\u00e4 suojakerros suojaa takkaa kaikenlaisilta s\u00e4\u00e4olosuhteilta ymp\u00e4ri vuoden. Corten-ter\u00e4st\u00e4 k\u00e4ytet\u00e4\u00e4n yleisesti my\u00f6s rakennusten julkisivuissa maalaismaisen ulkon\u00e4\u00f6n saavuttamiseksi.\n<\/ul>\n<p><strong>Saatavana lis\u00e4varusteena<\/strong><\/p>\n<ul>\n<li>Kipin\u00e4suoja<\/li>\n<\/ul>\n<p>&nbsp;<\/p>\n","protected":false},"excerpt":{"rendered":"<p>Valaise Jotul Froya -ulkotakaasi luodaksesi kodikkaan tunnelman ja tuodaksesi yhteen perheen ja yst\u00e4v\u00e4t l\u00e4mp\u00f6tilasta riippumatta. Ulkotakkaa k\u00e4ytett\u00e4ess\u00e4 ei tarvitse ep\u00e4r\u00f6id\u00e4, vaikka elohopea olisi nollan alapuolella. Jotul Froya on suunniteltu parantamaan ulkotilasi houkuttelevuutta ja luomaan aitoa tunnelmaa. Sen l\u00e4mp\u00f6 ja valaistus luovat vieraanvaraisen tunnelman miss\u00e4 tahansa tilanteessa.<\/p>\n","protected":false},"featured_media":20013,"template":"","meta":{"_acf_changed":false},"product_brand":[],"product_cat":[9692],"product_tag":[],"class_list":{"0":"post-26960","1":"product","2":"type-product","3":"status-publish","4":"has-post-thumbnail","6":"brands-jotul-fi","7":"product_cat-kiukaat-ja-grillit","9":"first","10":"instock","11":"shipping-taxable","12":"purchasable","13":"product-type-simple"},"acf":[],"yoast_head":"<!-- This site is optimized with the Yoast SEO plugin v27.3 - https:\/\/yoast.com\/product\/yoast-seo-wordpress\/ -->\n<title>Ulkotakka JOTUL FROYA - Kodukolle<\/title>\n<meta name=\"description\" content=\"Valaise Jotul Froya -ulkotakaasi luodaksesi kodikkaan tunnelman ja tuodaksesi yhteen perheen ja yst\u00e4v\u00e4t l\u00e4mp\u00f6tilasta riippumatta.\" \/>\n<meta name=\"robots\" content=\"noindex, follow, max-snippet:-1, max-image-preview:large, max-video-preview:-1\" \/>\n<meta property=\"og:locale\" content=\"fi_FI\" \/>\n<meta property=\"og:type\" content=\"article\" \/>\n<meta property=\"og:title\" content=\"Ulkotakka JOTUL FROYA - Kodukolle\" \/>\n<meta property=\"og:description\" content=\"Valaise Jotul Froya -ulkotakaasi luodaksesi kodikkaan tunnelman ja tuodaksesi yhteen perheen ja yst\u00e4v\u00e4t l\u00e4mp\u00f6tilasta riippumatta.\" \/>\n<meta property=\"og:url\" content=\"https:\/\/kloon.kodukolle.ee\/fi\/tuote\/ulkotakka-jotul-froya\/\" \/>\n<meta property=\"og:site_name\" content=\"Kodukolle\" \/>\n<meta property=\"article:modified_time\" content=\"2024-01-19T13:10:17+00:00\" \/>\n<meta property=\"og:image\" content=\"https:\/\/kloon.kodukolle.ee\/wp-content\/uploads\/2023\/09\/Jotul-Froya-3.jpg\" \/>\n\t<meta property=\"og:image:width\" content=\"1164\" \/>\n\t<meta property=\"og:image:height\" content=\"976\" \/>\n\t<meta property=\"og:image:type\" content=\"image\/jpeg\" \/>\n<meta name=\"twitter:card\" content=\"summary_large_image\" \/>\n<script type=\"application\/ld+json\" class=\"yoast-schema-graph\">{\"@context\":\"https:\\\/\\\/schema.org\",\"@graph\":[{\"@type\":\"WebPage\",\"@id\":\"https:\\\/\\\/kloon.kodukolle.ee\\\/fi\\\/tuote\\\/ulkotakka-jotul-froya\\\/\",\"url\":\"https:\\\/\\\/kloon.kodukolle.ee\\\/fi\\\/tuote\\\/ulkotakka-jotul-froya\\\/\",\"name\":\"Ulkotakka JOTUL FROYA - Kodukolle\",\"isPartOf\":{\"@id\":\"https:\\\/\\\/kloon.kodukolle.ee\\\/#website\"},\"primaryImageOfPage\":{\"@id\":\"https:\\\/\\\/kloon.kodukolle.ee\\\/fi\\\/tuote\\\/ulkotakka-jotul-froya\\\/#primaryimage\"},\"image\":{\"@id\":\"https:\\\/\\\/kloon.kodukolle.ee\\\/fi\\\/tuote\\\/ulkotakka-jotul-froya\\\/#primaryimage\"},\"thumbnailUrl\":\"https:\\\/\\\/kloon.kodukolle.ee\\\/wp-content\\\/uploads\\\/2023\\\/09\\\/Jotul-Froya-3.jpg\",\"datePublished\":\"2023-09-05T08:59:34+00:00\",\"dateModified\":\"2024-01-19T13:10:17+00:00\",\"description\":\"Valaise Jotul Froya -ulkotakaasi luodaksesi kodikkaan tunnelman ja tuodaksesi yhteen perheen ja yst\u00e4v\u00e4t l\u00e4mp\u00f6tilasta riippumatta.\",\"breadcrumb\":{\"@id\":\"https:\\\/\\\/kloon.kodukolle.ee\\\/fi\\\/tuote\\\/ulkotakka-jotul-froya\\\/#breadcrumb\"},\"inLanguage\":\"fi\",\"potentialAction\":[{\"@type\":\"ReadAction\",\"target\":[\"https:\\\/\\\/kloon.kodukolle.ee\\\/fi\\\/tuote\\\/ulkotakka-jotul-froya\\\/\"]}]},{\"@type\":\"ImageObject\",\"inLanguage\":\"fi\",\"@id\":\"https:\\\/\\\/kloon.kodukolle.ee\\\/fi\\\/tuote\\\/ulkotakka-jotul-froya\\\/#primaryimage\",\"url\":\"https:\\\/\\\/kloon.kodukolle.ee\\\/wp-content\\\/uploads\\\/2023\\\/09\\\/Jotul-Froya-3.jpg\",\"contentUrl\":\"https:\\\/\\\/kloon.kodukolle.ee\\\/wp-content\\\/uploads\\\/2023\\\/09\\\/Jotul-Froya-3.jpg\",\"width\":1164,\"height\":976,\"caption\":\"Jotul Froya\"},{\"@type\":\"BreadcrumbList\",\"@id\":\"https:\\\/\\\/kloon.kodukolle.ee\\\/fi\\\/tuote\\\/ulkotakka-jotul-froya\\\/#breadcrumb\",\"itemListElement\":[{\"@type\":\"ListItem\",\"position\":1,\"name\":\"Home\",\"item\":\"https:\\\/\\\/kloon.kodukolle.ee\\\/fi\\\/\"},{\"@type\":\"ListItem\",\"position\":2,\"name\":\"Tuotteet\",\"item\":\"https:\\\/\\\/kloon.kodukolle.ee\\\/fi\\\/tuotteet\\\/\"},{\"@type\":\"ListItem\",\"position\":3,\"name\":\"Ulkotakka JOTUL FROYA\"}]},{\"@type\":\"WebSite\",\"@id\":\"https:\\\/\\\/kloon.kodukolle.ee\\\/#website\",\"url\":\"https:\\\/\\\/kloon.kodukolle.ee\\\/\",\"name\":\"Kodukolle\",\"description\":\"\",\"publisher\":{\"@id\":\"https:\\\/\\\/kloon.kodukolle.ee\\\/#organization\"},\"potentialAction\":[{\"@type\":\"SearchAction\",\"target\":{\"@type\":\"EntryPoint\",\"urlTemplate\":\"https:\\\/\\\/kloon.kodukolle.ee\\\/?s={search_term_string}\"},\"query-input\":{\"@type\":\"PropertyValueSpecification\",\"valueRequired\":true,\"valueName\":\"search_term_string\"}}],\"inLanguage\":\"fi\"},{\"@type\":\"Organization\",\"@id\":\"https:\\\/\\\/kloon.kodukolle.ee\\\/#organization\",\"name\":\"Kodukolle\",\"url\":\"https:\\\/\\\/kloon.kodukolle.ee\\\/\",\"logo\":{\"@type\":\"ImageObject\",\"inLanguage\":\"fi\",\"@id\":\"https:\\\/\\\/kloon.kodukolle.ee\\\/#\\\/schema\\\/logo\\\/image\\\/\",\"url\":\"https:\\\/\\\/kloon.kodukolle.ee\\\/wp-content\\\/uploads\\\/2025\\\/06\\\/logo_must_gradient.svg\",\"contentUrl\":\"https:\\\/\\\/kloon.kodukolle.ee\\\/wp-content\\\/uploads\\\/2025\\\/06\\\/logo_must_gradient.svg\",\"caption\":\"Kodukolle\"},\"image\":{\"@id\":\"https:\\\/\\\/kloon.kodukolle.ee\\\/#\\\/schema\\\/logo\\\/image\\\/\"}}]}<\/script>\n<!-- \/ Yoast SEO plugin. -->","yoast_head_json":{"title":"Ulkotakka JOTUL FROYA - Kodukolle","description":"Valaise Jotul Froya -ulkotakaasi luodaksesi kodikkaan tunnelman ja tuodaksesi yhteen perheen ja yst\u00e4v\u00e4t l\u00e4mp\u00f6tilasta riippumatta.","robots":{"index":"noindex","follow":"follow","max-snippet":"max-snippet:-1","max-image-preview":"max-image-preview:large","max-video-preview":"max-video-preview:-1"},"og_locale":"fi_FI","og_type":"article","og_title":"Ulkotakka JOTUL FROYA - Kodukolle","og_description":"Valaise Jotul Froya -ulkotakaasi luodaksesi kodikkaan tunnelman ja tuodaksesi yhteen perheen ja yst\u00e4v\u00e4t l\u00e4mp\u00f6tilasta riippumatta.","og_url":"https:\/\/kloon.kodukolle.ee\/fi\/tuote\/ulkotakka-jotul-froya\/","og_site_name":"Kodukolle","article_modified_time":"2024-01-19T13:10:17+00:00","og_image":[{"width":1164,"height":976,"url":"https:\/\/kloon.kodukolle.ee\/wp-content\/uploads\/2023\/09\/Jotul-Froya-3.jpg","type":"image\/jpeg"}],"twitter_card":"summary_large_image","schema":{"@context":"https:\/\/schema.org","@graph":[{"@type":"WebPage","@id":"https:\/\/kloon.kodukolle.ee\/fi\/tuote\/ulkotakka-jotul-froya\/","url":"https:\/\/kloon.kodukolle.ee\/fi\/tuote\/ulkotakka-jotul-froya\/","name":"Ulkotakka JOTUL FROYA - Kodukolle","isPartOf":{"@id":"https:\/\/kloon.kodukolle.ee\/#website"},"primaryImageOfPage":{"@id":"https:\/\/kloon.kodukolle.ee\/fi\/tuote\/ulkotakka-jotul-froya\/#primaryimage"},"image":{"@id":"https:\/\/kloon.kodukolle.ee\/fi\/tuote\/ulkotakka-jotul-froya\/#primaryimage"},"thumbnailUrl":"https:\/\/kloon.kodukolle.ee\/wp-content\/uploads\/2023\/09\/Jotul-Froya-3.jpg","datePublished":"2023-09-05T08:59:34+00:00","dateModified":"2024-01-19T13:10:17+00:00","description":"Valaise Jotul Froya -ulkotakaasi luodaksesi kodikkaan tunnelman ja tuodaksesi yhteen perheen ja yst\u00e4v\u00e4t l\u00e4mp\u00f6tilasta riippumatta.","breadcrumb":{"@id":"https:\/\/kloon.kodukolle.ee\/fi\/tuote\/ulkotakka-jotul-froya\/#breadcrumb"},"inLanguage":"fi","potentialAction":[{"@type":"ReadAction","target":["https:\/\/kloon.kodukolle.ee\/fi\/tuote\/ulkotakka-jotul-froya\/"]}]},{"@type":"ImageObject","inLanguage":"fi","@id":"https:\/\/kloon.kodukolle.ee\/fi\/tuote\/ulkotakka-jotul-froya\/#primaryimage","url":"https:\/\/kloon.kodukolle.ee\/wp-content\/uploads\/2023\/09\/Jotul-Froya-3.jpg","contentUrl":"https:\/\/kloon.kodukolle.ee\/wp-content\/uploads\/2023\/09\/Jotul-Froya-3.jpg","width":1164,"height":976,"caption":"Jotul Froya"},{"@type":"BreadcrumbList","@id":"https:\/\/kloon.kodukolle.ee\/fi\/tuote\/ulkotakka-jotul-froya\/#breadcrumb","itemListElement":[{"@type":"ListItem","position":1,"name":"Home","item":"https:\/\/kloon.kodukolle.ee\/fi\/"},{"@type":"ListItem","position":2,"name":"Tuotteet","item":"https:\/\/kloon.kodukolle.ee\/fi\/tuotteet\/"},{"@type":"ListItem","position":3,"name":"Ulkotakka JOTUL FROYA"}]},{"@type":"WebSite","@id":"https:\/\/kloon.kodukolle.ee\/#website","url":"https:\/\/kloon.kodukolle.ee\/","name":"Kodukolle","description":"","publisher":{"@id":"https:\/\/kloon.kodukolle.ee\/#organization"},"potentialAction":[{"@type":"SearchAction","target":{"@type":"EntryPoint","urlTemplate":"https:\/\/kloon.kodukolle.ee\/?s={search_term_string}"},"query-input":{"@type":"PropertyValueSpecification","valueRequired":true,"valueName":"search_term_string"}}],"inLanguage":"fi"},{"@type":"Organization","@id":"https:\/\/kloon.kodukolle.ee\/#organization","name":"Kodukolle","url":"https:\/\/kloon.kodukolle.ee\/","logo":{"@type":"ImageObject","inLanguage":"fi","@id":"https:\/\/kloon.kodukolle.ee\/#\/schema\/logo\/image\/","url":"https:\/\/kloon.kodukolle.ee\/wp-content\/uploads\/2025\/06\/logo_must_gradient.svg","contentUrl":"https:\/\/kloon.kodukolle.ee\/wp-content\/uploads\/2025\/06\/logo_must_gradient.svg","caption":"Kodukolle"},"image":{"@id":"https:\/\/kloon.kodukolle.ee\/#\/schema\/logo\/image\/"}}]}},"_links":{"self":[{"href":"https:\/\/kloon.kodukolle.ee\/fi\/wp-json\/wp\/v2\/product\/26960","targetHints":{"allow":["GET"]}}],"collection":[{"href":"https:\/\/kloon.kodukolle.ee\/fi\/wp-json\/wp\/v2\/product"}],"about":[{"href":"https:\/\/kloon.kodukolle.ee\/fi\/wp-json\/wp\/v2\/types\/product"}],"wp:featuredmedia":[{"embeddable":true,"href":"https:\/\/kloon.kodukolle.ee\/fi\/wp-json\/wp\/v2\/media\/20013"}],"wp:attachment":[{"href":"https:\/\/kloon.kodukolle.ee\/fi\/wp-json\/wp\/v2\/media?parent=26960"}],"wp:term":[{"taxonomy":"product_brand","embeddable":true,"href":"https:\/\/kloon.kodukolle.ee\/fi\/wp-json\/wp\/v2\/product_brand?post=26960"},{"taxonomy":"product_cat","embeddable":true,"href":"https:\/\/kloon.kodukolle.ee\/fi\/wp-json\/wp\/v2\/product_cat?post=26960"},{"taxonomy":"product_tag","embeddable":true,"href":"https:\/\/kloon.kodukolle.ee\/fi\/wp-json\/wp\/v2\/product_tag?post=26960"}],"curies":[{"name":"wp","href":"https:\/\/api.w.org\/{rel}","templated":true}]}}