{"id":26962,"date":"2023-09-05T11:08:38","date_gmt":"2023-09-05T08:08:38","guid":{"rendered":"https:\/\/kloon.kodukolle.ee\/?post_type=product&#038;p=26962"},"modified":"2024-01-30T11:10:49","modified_gmt":"2024-01-30T09:10:49","slug":"takkasydan-jotul-c-24","status":"publish","type":"product","link":"https:\/\/kloon.kodukolle.ee\/fi\/tuote\/takkasydan-jotul-c-24\/","title":{"rendered":"Takkasyd\u00e4n JOTUL C 24"},"content":{"rendered":"<p>Jotul C 24 -takkasyd\u00e4n puhdas muotoilu tekee siit\u00e4 sopivan mihin tahansa sisustukseen, ja suuren lasiluukun ansiosta voit nauttia upeasta n\u00e4kymist\u00e4 liekkeihin. Jotul C 24 -takkasyd\u00e4men palotilaa ymp\u00e4r\u00f6i konvektiolaatikko, joten se sopii erinomaisesti asennettavaksi vanhoihin avotakoihin tarjoten nykyaikaisen ja tehokkaan suljetun polttoj\u00e4rjestelm\u00e4n. Voit valita kahdesta koristekehyksen koosta (20 mm tai 40 mm), jotka tarjoavat sujuvan siirtymisen takkasein\u00e4\u00e4n.<\/p>\n<ul>\n<li>Helppo asentaa<\/li>\n<li>Hurmaava n\u00e4kym\u00e4 tulesta<\/li>\n<li>Clean burn j\u00e4rjestelm\u00e4<\/li>\n<\/ul>\n<p><strong>Saatavilla lis\u00e4varusteena<\/strong><\/p>\n<ul>\n<li>Elektroninen poltonohjausj\u00e4rjestelm\u00e4<\/li>\n<\/ul>\n<p>&nbsp;<\/p>\n","protected":false},"excerpt":{"rendered":"<p>Jotul C 24 -takkasyd\u00e4n puhdas muotoilu tekee siit\u00e4 sopivan mihin tahansa sisustukseen, ja suuren lasiluukun ansiosta voit nauttia upeasta n\u00e4kymist\u00e4 liekkeihin. Jotul C 24 -takkasyd\u00e4men palotilaa ymp\u00e4r\u00f6i konvektiolaatikko, joten se sopii erinomaisesti asennettavaksi vanhoihin avotakoihin tarjoten nykyaikaisen ja tehokkaan suljetun polttoj\u00e4rjestelm\u00e4n. Voit valita kahdesta koristekehyksen koosta (20 mm tai 40 mm), jotka tarjoavat sujuvan siirtymisen takkasein\u00e4\u00e4n.<\/p>\n","protected":false},"featured_media":19987,"template":"","meta":{"_acf_changed":false},"product_brand":[],"product_cat":[9690],"product_tag":[],"class_list":{"0":"post-26962","1":"product","2":"type-product","3":"status-publish","4":"has-post-thumbnail","6":"brands-jotul-fi","7":"product_cat-takkasydamet","9":"first","10":"instock","11":"shipping-taxable","12":"purchasable","13":"product-type-simple"},"acf":[],"yoast_head":"<!-- This site is optimized with the Yoast SEO plugin v27.3 - https:\/\/yoast.com\/product\/yoast-seo-wordpress\/ -->\n<title>Takkasyd\u00e4n JOTUL C 24 - Kodukolle<\/title>\n<meta name=\"description\" content=\"Jotul C 24 -takkasyd\u00e4n puhdas muotoilu tekee siit\u00e4 sopivan mihin tahansa sisustukseen, ja suuren lasiluukun ansiosta voit nauttia upeasta n\u00e4kymist\u00e4 liekkeihin.\" \/>\n<meta name=\"robots\" content=\"noindex, follow, max-snippet:-1, max-image-preview:large, max-video-preview:-1\" \/>\n<meta property=\"og:locale\" content=\"fi_FI\" \/>\n<meta property=\"og:type\" content=\"article\" \/>\n<meta property=\"og:title\" content=\"Takkasyd\u00e4n JOTUL C 24 - Kodukolle\" \/>\n<meta property=\"og:description\" content=\"Jotul C 24 -takkasyd\u00e4n puhdas muotoilu tekee siit\u00e4 sopivan mihin tahansa sisustukseen, ja suuren lasiluukun ansiosta voit nauttia upeasta n\u00e4kymist\u00e4 liekkeihin.\" \/>\n<meta property=\"og:url\" content=\"https:\/\/kloon.kodukolle.ee\/fi\/tuote\/takkasydan-jotul-c-24\/\" \/>\n<meta property=\"og:site_name\" content=\"Kodukolle\" \/>\n<meta property=\"article:modified_time\" content=\"2024-01-30T09:10:49+00:00\" \/>\n<meta property=\"og:image\" content=\"https:\/\/kloon.kodukolle.ee\/wp-content\/uploads\/2023\/09\/Jotul-C-24-int-1.jpg\" \/>\n\t<meta property=\"og:image:width\" content=\"1126\" \/>\n\t<meta property=\"og:image:height\" content=\"889\" \/>\n\t<meta property=\"og:image:type\" content=\"image\/jpeg\" \/>\n<meta name=\"twitter:card\" content=\"summary_large_image\" \/>\n<meta name=\"twitter:label1\" content=\"Est. reading time\" \/>\n\t<meta name=\"twitter:data1\" content=\"1 minuutti\" \/>\n<script type=\"application\/ld+json\" class=\"yoast-schema-graph\">{\"@context\":\"https:\\\/\\\/schema.org\",\"@graph\":[{\"@type\":\"WebPage\",\"@id\":\"https:\\\/\\\/kloon.kodukolle.ee\\\/fi\\\/tuote\\\/takkasydan-jotul-c-24\\\/\",\"url\":\"https:\\\/\\\/kloon.kodukolle.ee\\\/fi\\\/tuote\\\/takkasydan-jotul-c-24\\\/\",\"name\":\"Takkasyd\u00e4n JOTUL C 24 - Kodukolle\",\"isPartOf\":{\"@id\":\"https:\\\/\\\/kloon.kodukolle.ee\\\/#website\"},\"primaryImageOfPage\":{\"@id\":\"https:\\\/\\\/kloon.kodukolle.ee\\\/fi\\\/tuote\\\/takkasydan-jotul-c-24\\\/#primaryimage\"},\"image\":{\"@id\":\"https:\\\/\\\/kloon.kodukolle.ee\\\/fi\\\/tuote\\\/takkasydan-jotul-c-24\\\/#primaryimage\"},\"thumbnailUrl\":\"https:\\\/\\\/kloon.kodukolle.ee\\\/wp-content\\\/uploads\\\/2023\\\/09\\\/Jotul-C-24-int-1.jpg\",\"datePublished\":\"2023-09-05T08:08:38+00:00\",\"dateModified\":\"2024-01-30T09:10:49+00:00\",\"description\":\"Jotul C 24 -takkasyd\u00e4n puhdas muotoilu tekee siit\u00e4 sopivan mihin tahansa sisustukseen, ja suuren lasiluukun ansiosta voit nauttia upeasta n\u00e4kymist\u00e4 liekkeihin.\",\"breadcrumb\":{\"@id\":\"https:\\\/\\\/kloon.kodukolle.ee\\\/fi\\\/tuote\\\/takkasydan-jotul-c-24\\\/#breadcrumb\"},\"inLanguage\":\"fi\",\"potentialAction\":[{\"@type\":\"ReadAction\",\"target\":[\"https:\\\/\\\/kloon.kodukolle.ee\\\/fi\\\/tuote\\\/takkasydan-jotul-c-24\\\/\"]}]},{\"@type\":\"ImageObject\",\"inLanguage\":\"fi\",\"@id\":\"https:\\\/\\\/kloon.kodukolle.ee\\\/fi\\\/tuote\\\/takkasydan-jotul-c-24\\\/#primaryimage\",\"url\":\"https:\\\/\\\/kloon.kodukolle.ee\\\/wp-content\\\/uploads\\\/2023\\\/09\\\/Jotul-C-24-int-1.jpg\",\"contentUrl\":\"https:\\\/\\\/kloon.kodukolle.ee\\\/wp-content\\\/uploads\\\/2023\\\/09\\\/Jotul-C-24-int-1.jpg\",\"width\":1126,\"height\":889,\"caption\":\"Jotul C 24\"},{\"@type\":\"BreadcrumbList\",\"@id\":\"https:\\\/\\\/kloon.kodukolle.ee\\\/fi\\\/tuote\\\/takkasydan-jotul-c-24\\\/#breadcrumb\",\"itemListElement\":[{\"@type\":\"ListItem\",\"position\":1,\"name\":\"Home\",\"item\":\"https:\\\/\\\/kloon.kodukolle.ee\\\/fi\\\/\"},{\"@type\":\"ListItem\",\"position\":2,\"name\":\"Tuotteet\",\"item\":\"https:\\\/\\\/kloon.kodukolle.ee\\\/fi\\\/tuotteet\\\/\"},{\"@type\":\"ListItem\",\"position\":3,\"name\":\"Takkasyd\u00e4n JOTUL C 24\"}]},{\"@type\":\"WebSite\",\"@id\":\"https:\\\/\\\/kloon.kodukolle.ee\\\/#website\",\"url\":\"https:\\\/\\\/kloon.kodukolle.ee\\\/\",\"name\":\"Kodukolle\",\"description\":\"\",\"publisher\":{\"@id\":\"https:\\\/\\\/kloon.kodukolle.ee\\\/#organization\"},\"potentialAction\":[{\"@type\":\"SearchAction\",\"target\":{\"@type\":\"EntryPoint\",\"urlTemplate\":\"https:\\\/\\\/kloon.kodukolle.ee\\\/?s={search_term_string}\"},\"query-input\":{\"@type\":\"PropertyValueSpecification\",\"valueRequired\":true,\"valueName\":\"search_term_string\"}}],\"inLanguage\":\"fi\"},{\"@type\":\"Organization\",\"@id\":\"https:\\\/\\\/kloon.kodukolle.ee\\\/#organization\",\"name\":\"Kodukolle\",\"url\":\"https:\\\/\\\/kloon.kodukolle.ee\\\/\",\"logo\":{\"@type\":\"ImageObject\",\"inLanguage\":\"fi\",\"@id\":\"https:\\\/\\\/kloon.kodukolle.ee\\\/#\\\/schema\\\/logo\\\/image\\\/\",\"url\":\"https:\\\/\\\/kloon.kodukolle.ee\\\/wp-content\\\/uploads\\\/2025\\\/06\\\/logo_must_gradient.svg\",\"contentUrl\":\"https:\\\/\\\/kloon.kodukolle.ee\\\/wp-content\\\/uploads\\\/2025\\\/06\\\/logo_must_gradient.svg\",\"caption\":\"Kodukolle\"},\"image\":{\"@id\":\"https:\\\/\\\/kloon.kodukolle.ee\\\/#\\\/schema\\\/logo\\\/image\\\/\"}}]}<\/script>\n<!-- \/ Yoast SEO plugin. -->","yoast_head_json":{"title":"Takkasyd\u00e4n JOTUL C 24 - Kodukolle","description":"Jotul C 24 -takkasyd\u00e4n puhdas muotoilu tekee siit\u00e4 sopivan mihin tahansa sisustukseen, ja suuren lasiluukun ansiosta voit nauttia upeasta n\u00e4kymist\u00e4 liekkeihin.","robots":{"index":"noindex","follow":"follow","max-snippet":"max-snippet:-1","max-image-preview":"max-image-preview:large","max-video-preview":"max-video-preview:-1"},"og_locale":"fi_FI","og_type":"article","og_title":"Takkasyd\u00e4n JOTUL C 24 - Kodukolle","og_description":"Jotul C 24 -takkasyd\u00e4n puhdas muotoilu tekee siit\u00e4 sopivan mihin tahansa sisustukseen, ja suuren lasiluukun ansiosta voit nauttia upeasta n\u00e4kymist\u00e4 liekkeihin.","og_url":"https:\/\/kloon.kodukolle.ee\/fi\/tuote\/takkasydan-jotul-c-24\/","og_site_name":"Kodukolle","article_modified_time":"2024-01-30T09:10:49+00:00","og_image":[{"width":1126,"height":889,"url":"https:\/\/kloon.kodukolle.ee\/wp-content\/uploads\/2023\/09\/Jotul-C-24-int-1.jpg","type":"image\/jpeg"}],"twitter_card":"summary_large_image","twitter_misc":{"Est. reading time":"1 minuutti"},"schema":{"@context":"https:\/\/schema.org","@graph":[{"@type":"WebPage","@id":"https:\/\/kloon.kodukolle.ee\/fi\/tuote\/takkasydan-jotul-c-24\/","url":"https:\/\/kloon.kodukolle.ee\/fi\/tuote\/takkasydan-jotul-c-24\/","name":"Takkasyd\u00e4n JOTUL C 24 - Kodukolle","isPartOf":{"@id":"https:\/\/kloon.kodukolle.ee\/#website"},"primaryImageOfPage":{"@id":"https:\/\/kloon.kodukolle.ee\/fi\/tuote\/takkasydan-jotul-c-24\/#primaryimage"},"image":{"@id":"https:\/\/kloon.kodukolle.ee\/fi\/tuote\/takkasydan-jotul-c-24\/#primaryimage"},"thumbnailUrl":"https:\/\/kloon.kodukolle.ee\/wp-content\/uploads\/2023\/09\/Jotul-C-24-int-1.jpg","datePublished":"2023-09-05T08:08:38+00:00","dateModified":"2024-01-30T09:10:49+00:00","description":"Jotul C 24 -takkasyd\u00e4n puhdas muotoilu tekee siit\u00e4 sopivan mihin tahansa sisustukseen, ja suuren lasiluukun ansiosta voit nauttia upeasta n\u00e4kymist\u00e4 liekkeihin.","breadcrumb":{"@id":"https:\/\/kloon.kodukolle.ee\/fi\/tuote\/takkasydan-jotul-c-24\/#breadcrumb"},"inLanguage":"fi","potentialAction":[{"@type":"ReadAction","target":["https:\/\/kloon.kodukolle.ee\/fi\/tuote\/takkasydan-jotul-c-24\/"]}]},{"@type":"ImageObject","inLanguage":"fi","@id":"https:\/\/kloon.kodukolle.ee\/fi\/tuote\/takkasydan-jotul-c-24\/#primaryimage","url":"https:\/\/kloon.kodukolle.ee\/wp-content\/uploads\/2023\/09\/Jotul-C-24-int-1.jpg","contentUrl":"https:\/\/kloon.kodukolle.ee\/wp-content\/uploads\/2023\/09\/Jotul-C-24-int-1.jpg","width":1126,"height":889,"caption":"Jotul C 24"},{"@type":"BreadcrumbList","@id":"https:\/\/kloon.kodukolle.ee\/fi\/tuote\/takkasydan-jotul-c-24\/#breadcrumb","itemListElement":[{"@type":"ListItem","position":1,"name":"Home","item":"https:\/\/kloon.kodukolle.ee\/fi\/"},{"@type":"ListItem","position":2,"name":"Tuotteet","item":"https:\/\/kloon.kodukolle.ee\/fi\/tuotteet\/"},{"@type":"ListItem","position":3,"name":"Takkasyd\u00e4n JOTUL C 24"}]},{"@type":"WebSite","@id":"https:\/\/kloon.kodukolle.ee\/#website","url":"https:\/\/kloon.kodukolle.ee\/","name":"Kodukolle","description":"","publisher":{"@id":"https:\/\/kloon.kodukolle.ee\/#organization"},"potentialAction":[{"@type":"SearchAction","target":{"@type":"EntryPoint","urlTemplate":"https:\/\/kloon.kodukolle.ee\/?s={search_term_string}"},"query-input":{"@type":"PropertyValueSpecification","valueRequired":true,"valueName":"search_term_string"}}],"inLanguage":"fi"},{"@type":"Organization","@id":"https:\/\/kloon.kodukolle.ee\/#organization","name":"Kodukolle","url":"https:\/\/kloon.kodukolle.ee\/","logo":{"@type":"ImageObject","inLanguage":"fi","@id":"https:\/\/kloon.kodukolle.ee\/#\/schema\/logo\/image\/","url":"https:\/\/kloon.kodukolle.ee\/wp-content\/uploads\/2025\/06\/logo_must_gradient.svg","contentUrl":"https:\/\/kloon.kodukolle.ee\/wp-content\/uploads\/2025\/06\/logo_must_gradient.svg","caption":"Kodukolle"},"image":{"@id":"https:\/\/kloon.kodukolle.ee\/#\/schema\/logo\/image\/"}}]}},"_links":{"self":[{"href":"https:\/\/kloon.kodukolle.ee\/fi\/wp-json\/wp\/v2\/product\/26962","targetHints":{"allow":["GET"]}}],"collection":[{"href":"https:\/\/kloon.kodukolle.ee\/fi\/wp-json\/wp\/v2\/product"}],"about":[{"href":"https:\/\/kloon.kodukolle.ee\/fi\/wp-json\/wp\/v2\/types\/product"}],"wp:featuredmedia":[{"embeddable":true,"href":"https:\/\/kloon.kodukolle.ee\/fi\/wp-json\/wp\/v2\/media\/19987"}],"wp:attachment":[{"href":"https:\/\/kloon.kodukolle.ee\/fi\/wp-json\/wp\/v2\/media?parent=26962"}],"wp:term":[{"taxonomy":"product_brand","embeddable":true,"href":"https:\/\/kloon.kodukolle.ee\/fi\/wp-json\/wp\/v2\/product_brand?post=26962"},{"taxonomy":"product_cat","embeddable":true,"href":"https:\/\/kloon.kodukolle.ee\/fi\/wp-json\/wp\/v2\/product_cat?post=26962"},{"taxonomy":"product_tag","embeddable":true,"href":"https:\/\/kloon.kodukolle.ee\/fi\/wp-json\/wp\/v2\/product_tag?post=26962"}],"curies":[{"name":"wp","href":"https:\/\/api.w.org\/{rel}","templated":true}]}}