{"id":27005,"date":"2021-04-07T16:50:44","date_gmt":"2021-04-07T13:50:44","guid":{"rendered":"https:\/\/kloon.kodukolle.ee\/?post_type=product&#038;p=27005"},"modified":"2024-01-23T09:08:59","modified_gmt":"2024-01-23T07:08:59","slug":"lammonkestava-lasi-eli-takkalasi","status":"publish","type":"product","link":"https:\/\/kloon.kodukolle.ee\/fi\/tuote\/lammonkestava-lasi-eli-takkalasi\/","title":{"rendered":"L\u00e4mm\u00f6nkest\u00e4v\u00e4 lasi eli takkalasi"},"content":{"rendered":"<p>Tunnetun japanilaisen Nippon Electric Glassin l\u00e4mm\u00f6nkest\u00e4v\u00e4 keraaminen lasi on ainutlaatuinen tuote, joka on kiillotettu molemmilta puolilta, mik\u00e4 johtaa t\u00e4ydelliseen l\u00e4pin\u00e4kyvyyteen. T\u00e4m\u00e4 erityinen pintak\u00e4sittely, joka tunnetaan nimell\u00e4 neoclear\u00ae, ei ainoastaan tarjoa poikkeuksellista kirkkautta, vaan tekee siit\u00e4 vaivatonta huoltaa. Voit nauttia liekkien lumoavasta tanssista esteett\u00f6m\u00e4sti t\u00e4m\u00e4n kristallinkirkkaan lasin l\u00e4pi. Neoclear\u00ae lasi on erityisesti suunniteltu kest\u00e4m\u00e4\u00e4n korkeita l\u00e4mp\u00f6tiloja ja kest\u00e4\u00e4 l\u00e4mp\u00f6tilan muutoksia. L\u00e4mm\u00f6nkest\u00e4v\u00e4 lasi tai takkalasi soveltuu k\u00e4ytett\u00e4v\u00e4ksi erilaisissa tulisijoissa, erityisesti takoissa ja liesiss\u00e4.<\/p>\n<ul>\n<li>L\u00e4mm\u00f6nkesto jopa 750\u00b0<\/li>\n<li>Lasin paksuus 4 mm<\/li>\n<li>Leikkaamme asiakkaan toiveiden mukaan tarvittaviin mittoihin<\/li>\n<\/ul>\n<p>&nbsp;<\/p>\n","protected":false},"excerpt":{"rendered":"<p>Tunnetun japanilaisen Nippon Electric Glassin l\u00e4mm\u00f6nkest\u00e4v\u00e4 keraaminen lasi on ainutlaatuinen tuote, joka on kiillotettu molemmilta puolilta, mik\u00e4 johtaa t\u00e4ydelliseen l\u00e4pin\u00e4kyvyyteen. T\u00e4m\u00e4 erityinen pintak\u00e4sittely, joka tunnetaan nimell\u00e4 neoclear\u00ae, ei ainoastaan tarjoa poikkeuksellista kirkkautta, vaan tekee siit\u00e4 vaivatonta huoltaa. Voit nauttia liekkien lumoavasta tanssista esteett\u00f6m\u00e4sti t\u00e4m\u00e4n kristallinkirkkaan lasin l\u00e4pi. Neoclear\u00ae lasi on erityisesti suunniteltu kest\u00e4m\u00e4\u00e4n korkeita l\u00e4mp\u00f6tiloja ja kest\u00e4\u00e4 l\u00e4mp\u00f6tilan muutoksia. L\u00e4mm\u00f6nkest\u00e4v\u00e4 lasi tai takkalasi soveltuu k\u00e4ytett\u00e4v\u00e4ksi erilaisissa tulisijoissa, erityisesti takoissa ja liesiss\u00e4.<\/p>\n","protected":false},"featured_media":27011,"template":"","meta":{"_acf_changed":false},"product_brand":[],"product_cat":[9693],"product_tag":[],"class_list":{"0":"post-27005","1":"product","2":"type-product","3":"status-publish","4":"has-post-thumbnail","6":"brands-hecker-fi","7":"product_cat-tarvikkeet-ja-muut-tuotteet","9":"first","10":"instock","11":"shipping-taxable","12":"product-type-simple"},"acf":[],"yoast_head":"<!-- This site is optimized with the Yoast SEO plugin v27.3 - https:\/\/yoast.com\/product\/yoast-seo-wordpress\/ -->\n<title>L\u00e4mm\u00f6nkest\u00e4v\u00e4 lasi eli takkalasi - Kodukolle<\/title>\n<meta name=\"description\" content=\"Tunnetun japanilaisen Nippon Electric Glassin l\u00e4mm\u00f6nkest\u00e4v\u00e4 keraaminen lasi on ainutlaatuinen tuote, joka on kiillotettu molemmilta puolilta, mik\u00e4 johtaa t\u00e4ydelliseen l\u00e4pin\u00e4kyvyyteen.\" \/>\n<meta name=\"robots\" content=\"noindex, follow, max-snippet:-1, max-image-preview:large, max-video-preview:-1\" \/>\n<meta property=\"og:locale\" content=\"fi_FI\" \/>\n<meta property=\"og:type\" content=\"article\" \/>\n<meta property=\"og:title\" content=\"L\u00e4mm\u00f6nkest\u00e4v\u00e4 lasi eli takkalasi - Kodukolle\" \/>\n<meta property=\"og:description\" content=\"Tunnetun japanilaisen Nippon Electric Glassin l\u00e4mm\u00f6nkest\u00e4v\u00e4 keraaminen lasi on ainutlaatuinen tuote, joka on kiillotettu molemmilta puolilta, mik\u00e4 johtaa t\u00e4ydelliseen l\u00e4pin\u00e4kyvyyteen.\" \/>\n<meta property=\"og:url\" content=\"https:\/\/kloon.kodukolle.ee\/fi\/tuote\/lammonkestava-lasi-eli-takkalasi\/\" \/>\n<meta property=\"og:site_name\" content=\"Kodukolle\" \/>\n<meta property=\"article:modified_time\" content=\"2024-01-23T07:08:59+00:00\" \/>\n<meta property=\"og:image\" content=\"https:\/\/kloon.kodukolle.ee\/wp-content\/uploads\/2021\/04\/Kaminaklaas-ehk-tulekindel-klaas.jpg\" \/>\n\t<meta property=\"og:image:width\" content=\"225\" \/>\n\t<meta property=\"og:image:height\" content=\"225\" \/>\n\t<meta property=\"og:image:type\" content=\"image\/jpeg\" \/>\n<meta name=\"twitter:card\" content=\"summary_large_image\" \/>\n<meta name=\"twitter:label1\" content=\"Est. reading time\" \/>\n\t<meta name=\"twitter:data1\" content=\"1 minuutti\" \/>\n<script type=\"application\/ld+json\" class=\"yoast-schema-graph\">{\"@context\":\"https:\\\/\\\/schema.org\",\"@graph\":[{\"@type\":\"WebPage\",\"@id\":\"https:\\\/\\\/kloon.kodukolle.ee\\\/fi\\\/tuote\\\/lammonkestava-lasi-eli-takkalasi\\\/\",\"url\":\"https:\\\/\\\/kloon.kodukolle.ee\\\/fi\\\/tuote\\\/lammonkestava-lasi-eli-takkalasi\\\/\",\"name\":\"L\u00e4mm\u00f6nkest\u00e4v\u00e4 lasi eli takkalasi - Kodukolle\",\"isPartOf\":{\"@id\":\"https:\\\/\\\/kloon.kodukolle.ee\\\/#website\"},\"primaryImageOfPage\":{\"@id\":\"https:\\\/\\\/kloon.kodukolle.ee\\\/fi\\\/tuote\\\/lammonkestava-lasi-eli-takkalasi\\\/#primaryimage\"},\"image\":{\"@id\":\"https:\\\/\\\/kloon.kodukolle.ee\\\/fi\\\/tuote\\\/lammonkestava-lasi-eli-takkalasi\\\/#primaryimage\"},\"thumbnailUrl\":\"https:\\\/\\\/kloon.kodukolle.ee\\\/wp-content\\\/uploads\\\/2021\\\/04\\\/Glass-2.jpg\",\"datePublished\":\"2021-04-07T13:50:44+00:00\",\"dateModified\":\"2024-01-23T07:08:59+00:00\",\"description\":\"Tunnetun japanilaisen Nippon Electric Glassin l\u00e4mm\u00f6nkest\u00e4v\u00e4 keraaminen lasi on ainutlaatuinen tuote, joka on kiillotettu molemmilta puolilta, mik\u00e4 johtaa t\u00e4ydelliseen l\u00e4pin\u00e4kyvyyteen.\",\"breadcrumb\":{\"@id\":\"https:\\\/\\\/kloon.kodukolle.ee\\\/fi\\\/tuote\\\/lammonkestava-lasi-eli-takkalasi\\\/#breadcrumb\"},\"inLanguage\":\"fi\",\"potentialAction\":[{\"@type\":\"ReadAction\",\"target\":[\"https:\\\/\\\/kloon.kodukolle.ee\\\/fi\\\/tuote\\\/lammonkestava-lasi-eli-takkalasi\\\/\"]}]},{\"@type\":\"ImageObject\",\"inLanguage\":\"fi\",\"@id\":\"https:\\\/\\\/kloon.kodukolle.ee\\\/fi\\\/tuote\\\/lammonkestava-lasi-eli-takkalasi\\\/#primaryimage\",\"url\":\"https:\\\/\\\/kloon.kodukolle.ee\\\/wp-content\\\/uploads\\\/2021\\\/04\\\/Glass-2.jpg\",\"contentUrl\":\"https:\\\/\\\/kloon.kodukolle.ee\\\/wp-content\\\/uploads\\\/2021\\\/04\\\/Glass-2.jpg\",\"width\":980,\"height\":879,\"caption\":\"Glass\"},{\"@type\":\"BreadcrumbList\",\"@id\":\"https:\\\/\\\/kloon.kodukolle.ee\\\/fi\\\/tuote\\\/lammonkestava-lasi-eli-takkalasi\\\/#breadcrumb\",\"itemListElement\":[{\"@type\":\"ListItem\",\"position\":1,\"name\":\"Home\",\"item\":\"https:\\\/\\\/kloon.kodukolle.ee\\\/fi\\\/\"},{\"@type\":\"ListItem\",\"position\":2,\"name\":\"Tuotteet\",\"item\":\"https:\\\/\\\/kloon.kodukolle.ee\\\/fi\\\/tuotteet\\\/\"},{\"@type\":\"ListItem\",\"position\":3,\"name\":\"L\u00e4mm\u00f6nkest\u00e4v\u00e4 lasi eli takkalasi\"}]},{\"@type\":\"WebSite\",\"@id\":\"https:\\\/\\\/kloon.kodukolle.ee\\\/#website\",\"url\":\"https:\\\/\\\/kloon.kodukolle.ee\\\/\",\"name\":\"Kodukolle\",\"description\":\"\",\"publisher\":{\"@id\":\"https:\\\/\\\/kloon.kodukolle.ee\\\/#organization\"},\"potentialAction\":[{\"@type\":\"SearchAction\",\"target\":{\"@type\":\"EntryPoint\",\"urlTemplate\":\"https:\\\/\\\/kloon.kodukolle.ee\\\/?s={search_term_string}\"},\"query-input\":{\"@type\":\"PropertyValueSpecification\",\"valueRequired\":true,\"valueName\":\"search_term_string\"}}],\"inLanguage\":\"fi\"},{\"@type\":\"Organization\",\"@id\":\"https:\\\/\\\/kloon.kodukolle.ee\\\/#organization\",\"name\":\"Kodukolle\",\"url\":\"https:\\\/\\\/kloon.kodukolle.ee\\\/\",\"logo\":{\"@type\":\"ImageObject\",\"inLanguage\":\"fi\",\"@id\":\"https:\\\/\\\/kloon.kodukolle.ee\\\/#\\\/schema\\\/logo\\\/image\\\/\",\"url\":\"https:\\\/\\\/kloon.kodukolle.ee\\\/wp-content\\\/uploads\\\/2025\\\/06\\\/logo_must_gradient.svg\",\"contentUrl\":\"https:\\\/\\\/kloon.kodukolle.ee\\\/wp-content\\\/uploads\\\/2025\\\/06\\\/logo_must_gradient.svg\",\"caption\":\"Kodukolle\"},\"image\":{\"@id\":\"https:\\\/\\\/kloon.kodukolle.ee\\\/#\\\/schema\\\/logo\\\/image\\\/\"}}]}<\/script>\n<!-- \/ Yoast SEO plugin. -->","yoast_head_json":{"title":"L\u00e4mm\u00f6nkest\u00e4v\u00e4 lasi eli takkalasi - Kodukolle","description":"Tunnetun japanilaisen Nippon Electric Glassin l\u00e4mm\u00f6nkest\u00e4v\u00e4 keraaminen lasi on ainutlaatuinen tuote, joka on kiillotettu molemmilta puolilta, mik\u00e4 johtaa t\u00e4ydelliseen l\u00e4pin\u00e4kyvyyteen.","robots":{"index":"noindex","follow":"follow","max-snippet":"max-snippet:-1","max-image-preview":"max-image-preview:large","max-video-preview":"max-video-preview:-1"},"og_locale":"fi_FI","og_type":"article","og_title":"L\u00e4mm\u00f6nkest\u00e4v\u00e4 lasi eli takkalasi - Kodukolle","og_description":"Tunnetun japanilaisen Nippon Electric Glassin l\u00e4mm\u00f6nkest\u00e4v\u00e4 keraaminen lasi on ainutlaatuinen tuote, joka on kiillotettu molemmilta puolilta, mik\u00e4 johtaa t\u00e4ydelliseen l\u00e4pin\u00e4kyvyyteen.","og_url":"https:\/\/kloon.kodukolle.ee\/fi\/tuote\/lammonkestava-lasi-eli-takkalasi\/","og_site_name":"Kodukolle","article_modified_time":"2024-01-23T07:08:59+00:00","og_image":[{"width":225,"height":225,"url":"https:\/\/kloon.kodukolle.ee\/wp-content\/uploads\/2021\/04\/Kaminaklaas-ehk-tulekindel-klaas.jpg","type":"image\/jpeg"}],"twitter_card":"summary_large_image","twitter_misc":{"Est. reading time":"1 minuutti"},"schema":{"@context":"https:\/\/schema.org","@graph":[{"@type":"WebPage","@id":"https:\/\/kloon.kodukolle.ee\/fi\/tuote\/lammonkestava-lasi-eli-takkalasi\/","url":"https:\/\/kloon.kodukolle.ee\/fi\/tuote\/lammonkestava-lasi-eli-takkalasi\/","name":"L\u00e4mm\u00f6nkest\u00e4v\u00e4 lasi eli takkalasi - Kodukolle","isPartOf":{"@id":"https:\/\/kloon.kodukolle.ee\/#website"},"primaryImageOfPage":{"@id":"https:\/\/kloon.kodukolle.ee\/fi\/tuote\/lammonkestava-lasi-eli-takkalasi\/#primaryimage"},"image":{"@id":"https:\/\/kloon.kodukolle.ee\/fi\/tuote\/lammonkestava-lasi-eli-takkalasi\/#primaryimage"},"thumbnailUrl":"https:\/\/kloon.kodukolle.ee\/wp-content\/uploads\/2021\/04\/Glass-2.jpg","datePublished":"2021-04-07T13:50:44+00:00","dateModified":"2024-01-23T07:08:59+00:00","description":"Tunnetun japanilaisen Nippon Electric Glassin l\u00e4mm\u00f6nkest\u00e4v\u00e4 keraaminen lasi on ainutlaatuinen tuote, joka on kiillotettu molemmilta puolilta, mik\u00e4 johtaa t\u00e4ydelliseen l\u00e4pin\u00e4kyvyyteen.","breadcrumb":{"@id":"https:\/\/kloon.kodukolle.ee\/fi\/tuote\/lammonkestava-lasi-eli-takkalasi\/#breadcrumb"},"inLanguage":"fi","potentialAction":[{"@type":"ReadAction","target":["https:\/\/kloon.kodukolle.ee\/fi\/tuote\/lammonkestava-lasi-eli-takkalasi\/"]}]},{"@type":"ImageObject","inLanguage":"fi","@id":"https:\/\/kloon.kodukolle.ee\/fi\/tuote\/lammonkestava-lasi-eli-takkalasi\/#primaryimage","url":"https:\/\/kloon.kodukolle.ee\/wp-content\/uploads\/2021\/04\/Glass-2.jpg","contentUrl":"https:\/\/kloon.kodukolle.ee\/wp-content\/uploads\/2021\/04\/Glass-2.jpg","width":980,"height":879,"caption":"Glass"},{"@type":"BreadcrumbList","@id":"https:\/\/kloon.kodukolle.ee\/fi\/tuote\/lammonkestava-lasi-eli-takkalasi\/#breadcrumb","itemListElement":[{"@type":"ListItem","position":1,"name":"Home","item":"https:\/\/kloon.kodukolle.ee\/fi\/"},{"@type":"ListItem","position":2,"name":"Tuotteet","item":"https:\/\/kloon.kodukolle.ee\/fi\/tuotteet\/"},{"@type":"ListItem","position":3,"name":"L\u00e4mm\u00f6nkest\u00e4v\u00e4 lasi eli takkalasi"}]},{"@type":"WebSite","@id":"https:\/\/kloon.kodukolle.ee\/#website","url":"https:\/\/kloon.kodukolle.ee\/","name":"Kodukolle","description":"","publisher":{"@id":"https:\/\/kloon.kodukolle.ee\/#organization"},"potentialAction":[{"@type":"SearchAction","target":{"@type":"EntryPoint","urlTemplate":"https:\/\/kloon.kodukolle.ee\/?s={search_term_string}"},"query-input":{"@type":"PropertyValueSpecification","valueRequired":true,"valueName":"search_term_string"}}],"inLanguage":"fi"},{"@type":"Organization","@id":"https:\/\/kloon.kodukolle.ee\/#organization","name":"Kodukolle","url":"https:\/\/kloon.kodukolle.ee\/","logo":{"@type":"ImageObject","inLanguage":"fi","@id":"https:\/\/kloon.kodukolle.ee\/#\/schema\/logo\/image\/","url":"https:\/\/kloon.kodukolle.ee\/wp-content\/uploads\/2025\/06\/logo_must_gradient.svg","contentUrl":"https:\/\/kloon.kodukolle.ee\/wp-content\/uploads\/2025\/06\/logo_must_gradient.svg","caption":"Kodukolle"},"image":{"@id":"https:\/\/kloon.kodukolle.ee\/#\/schema\/logo\/image\/"}}]}},"_links":{"self":[{"href":"https:\/\/kloon.kodukolle.ee\/fi\/wp-json\/wp\/v2\/product\/27005","targetHints":{"allow":["GET"]}}],"collection":[{"href":"https:\/\/kloon.kodukolle.ee\/fi\/wp-json\/wp\/v2\/product"}],"about":[{"href":"https:\/\/kloon.kodukolle.ee\/fi\/wp-json\/wp\/v2\/types\/product"}],"wp:featuredmedia":[{"embeddable":true,"href":"https:\/\/kloon.kodukolle.ee\/fi\/wp-json\/wp\/v2\/media\/27011"}],"wp:attachment":[{"href":"https:\/\/kloon.kodukolle.ee\/fi\/wp-json\/wp\/v2\/media?parent=27005"}],"wp:term":[{"taxonomy":"product_brand","embeddable":true,"href":"https:\/\/kloon.kodukolle.ee\/fi\/wp-json\/wp\/v2\/product_brand?post=27005"},{"taxonomy":"product_cat","embeddable":true,"href":"https:\/\/kloon.kodukolle.ee\/fi\/wp-json\/wp\/v2\/product_cat?post=27005"},{"taxonomy":"product_tag","embeddable":true,"href":"https:\/\/kloon.kodukolle.ee\/fi\/wp-json\/wp\/v2\/product_tag?post=27005"}],"curies":[{"name":"wp","href":"https:\/\/api.w.org\/{rel}","templated":true}]}}