{"id":27039,"date":"2023-08-29T09:27:03","date_gmt":"2023-08-29T06:27:03","guid":{"rendered":"https:\/\/kloon.kodukolle.ee\/?post_type=product&#038;p=27039"},"modified":"2024-01-30T11:53:58","modified_gmt":"2024-01-30T09:53:58","slug":"valurautatakka-jotul-f-100-eco-2-ll","status":"publish","type":"product","link":"https:\/\/kloon.kodukolle.ee\/fi\/tuote\/valurautatakka-jotul-f-100-eco-2-ll\/","title":{"rendered":"Valurautatakka JOTUL F 100 ECO.2 LL"},"content":{"rendered":"<p>L\u00e4mp\u00f6, klassinen muotoilu ja innovatiivinen teknologia \u2013 n\u00e4m\u00e4 ovat olleet Jotulin perusarvoja yli 160 vuoden ajan. Suosituin malli, Jotul F 100 ECO.2, tarjoaa uusinta polttotekniikkaa, joka on suunniteltu tulevien ymp\u00e4rist\u00f6vaatimusten mukaisesti. Jotul F 100 ECOssa on erottuva perinteinen norjalainen kuvio, jota korostaa vaakasuora lasiovi, joka tarjoaa selke\u00e4n n\u00e4kym\u00e4n liekkeihin. T\u00e4m\u00e4 takka on kompakti ja sopii monenlaisiin l\u00e4mmitystarpeisiin.<\/p>\n<ul>\n<li>Klassinen muotoilu perinteisell\u00e4 norjalaisella kuviolla<\/li>\n<li>Moderni l\u00e4mmitystekniikka<\/li>\n<li>Clean burn j\u00e4rjestelm\u00e4<\/li>\n<li>Helppo asentaa<\/li>\n<\/ul>\n<p>&nbsp;<\/p>\n","protected":false},"excerpt":{"rendered":"<p>L\u00e4mp\u00f6, klassinen muotoilu ja innovatiivinen teknologia \u2013 n\u00e4m\u00e4 ovat olleet Jotulin perusarvoja yli 160 vuoden ajan. Suosituin malli, Jotul F 100 ECO.2, tarjoaa uusinta polttotekniikkaa, joka on suunniteltu tulevien ymp\u00e4rist\u00f6vaatimusten mukaisesti. Jotul F 100 ECOssa on erottuva perinteinen norjalainen kuvio, jota korostaa vaakasuora lasiovi, joka tarjoaa selke\u00e4n n\u00e4kym\u00e4n liekkeihin. T\u00e4m\u00e4 takka on kompakti ja sopii monenlaisiin l\u00e4mmitystarpeisiin.<\/p>\n","protected":false},"featured_media":19068,"template":"","meta":{"_acf_changed":false},"product_brand":[],"product_cat":[9620,9694],"product_tag":[],"class_list":{"0":"post-27039","1":"product","2":"type-product","3":"status-publish","4":"has-post-thumbnail","6":"brands-jotul-fi","7":"product_cat-takat","8":"product_cat-outlet-fi","10":"first","11":"instock","12":"shipping-taxable","13":"purchasable","14":"product-type-simple"},"acf":[],"yoast_head":"<!-- This site is optimized with the Yoast SEO plugin v27.3 - https:\/\/yoast.com\/product\/yoast-seo-wordpress\/ -->\n<title>Valurautatakka JOTUL F 100 ECO.2 LL - Kodukolle<\/title>\n<meta name=\"description\" content=\"L\u00e4mp\u00f6, klassinen muotoilu ja innovatiivinen teknologia \u2013 n\u00e4m\u00e4 ovat olleet Jotulin perusarvoja yli 160 vuoden ajan.\" \/>\n<meta name=\"robots\" content=\"noindex, follow, max-snippet:-1, max-image-preview:large, max-video-preview:-1\" \/>\n<meta property=\"og:locale\" content=\"fi_FI\" \/>\n<meta property=\"og:type\" content=\"article\" \/>\n<meta property=\"og:title\" content=\"Valurautatakka JOTUL F 100 ECO.2 LL - Kodukolle\" \/>\n<meta property=\"og:description\" content=\"L\u00e4mp\u00f6, klassinen muotoilu ja innovatiivinen teknologia \u2013 n\u00e4m\u00e4 ovat olleet Jotulin perusarvoja yli 160 vuoden ajan.\" \/>\n<meta property=\"og:url\" content=\"https:\/\/kloon.kodukolle.ee\/fi\/tuote\/valurautatakka-jotul-f-100-eco-2-ll\/\" \/>\n<meta property=\"og:site_name\" content=\"Kodukolle\" \/>\n<meta property=\"article:modified_time\" content=\"2024-01-30T09:53:58+00:00\" \/>\n<meta property=\"og:image\" content=\"https:\/\/kloon.kodukolle.ee\/wp-content\/uploads\/2023\/08\/Jotul-F-100-Eco-BP-LL-int-1.jpg\" \/>\n\t<meta property=\"og:image:width\" content=\"1122\" \/>\n\t<meta property=\"og:image:height\" content=\"864\" \/>\n\t<meta property=\"og:image:type\" content=\"image\/jpeg\" \/>\n<meta name=\"twitter:card\" content=\"summary_large_image\" \/>\n<meta name=\"twitter:label1\" content=\"Est. reading time\" \/>\n\t<meta name=\"twitter:data1\" content=\"1 minuutti\" \/>\n<script type=\"application\/ld+json\" class=\"yoast-schema-graph\">{\"@context\":\"https:\\\/\\\/schema.org\",\"@graph\":[{\"@type\":\"WebPage\",\"@id\":\"https:\\\/\\\/kloon.kodukolle.ee\\\/fi\\\/tuote\\\/valurautatakka-jotul-f-100-eco-2-ll\\\/\",\"url\":\"https:\\\/\\\/kloon.kodukolle.ee\\\/fi\\\/tuote\\\/valurautatakka-jotul-f-100-eco-2-ll\\\/\",\"name\":\"Valurautatakka JOTUL F 100 ECO.2 LL - Kodukolle\",\"isPartOf\":{\"@id\":\"https:\\\/\\\/kloon.kodukolle.ee\\\/#website\"},\"primaryImageOfPage\":{\"@id\":\"https:\\\/\\\/kloon.kodukolle.ee\\\/fi\\\/tuote\\\/valurautatakka-jotul-f-100-eco-2-ll\\\/#primaryimage\"},\"image\":{\"@id\":\"https:\\\/\\\/kloon.kodukolle.ee\\\/fi\\\/tuote\\\/valurautatakka-jotul-f-100-eco-2-ll\\\/#primaryimage\"},\"thumbnailUrl\":\"https:\\\/\\\/kloon.kodukolle.ee\\\/wp-content\\\/uploads\\\/2023\\\/08\\\/Jotul-F-100-Eco-BP-LL-int-1.jpg\",\"datePublished\":\"2023-08-29T06:27:03+00:00\",\"dateModified\":\"2024-01-30T09:53:58+00:00\",\"description\":\"L\u00e4mp\u00f6, klassinen muotoilu ja innovatiivinen teknologia \u2013 n\u00e4m\u00e4 ovat olleet Jotulin perusarvoja yli 160 vuoden ajan.\",\"breadcrumb\":{\"@id\":\"https:\\\/\\\/kloon.kodukolle.ee\\\/fi\\\/tuote\\\/valurautatakka-jotul-f-100-eco-2-ll\\\/#breadcrumb\"},\"inLanguage\":\"fi\",\"potentialAction\":[{\"@type\":\"ReadAction\",\"target\":[\"https:\\\/\\\/kloon.kodukolle.ee\\\/fi\\\/tuote\\\/valurautatakka-jotul-f-100-eco-2-ll\\\/\"]}]},{\"@type\":\"ImageObject\",\"inLanguage\":\"fi\",\"@id\":\"https:\\\/\\\/kloon.kodukolle.ee\\\/fi\\\/tuote\\\/valurautatakka-jotul-f-100-eco-2-ll\\\/#primaryimage\",\"url\":\"https:\\\/\\\/kloon.kodukolle.ee\\\/wp-content\\\/uploads\\\/2023\\\/08\\\/Jotul-F-100-Eco-BP-LL-int-1.jpg\",\"contentUrl\":\"https:\\\/\\\/kloon.kodukolle.ee\\\/wp-content\\\/uploads\\\/2023\\\/08\\\/Jotul-F-100-Eco-BP-LL-int-1.jpg\",\"width\":1122,\"height\":864,\"caption\":\"Jotul F 100 ECO.2 LL\"},{\"@type\":\"BreadcrumbList\",\"@id\":\"https:\\\/\\\/kloon.kodukolle.ee\\\/fi\\\/tuote\\\/valurautatakka-jotul-f-100-eco-2-ll\\\/#breadcrumb\",\"itemListElement\":[{\"@type\":\"ListItem\",\"position\":1,\"name\":\"Home\",\"item\":\"https:\\\/\\\/kloon.kodukolle.ee\\\/fi\\\/\"},{\"@type\":\"ListItem\",\"position\":2,\"name\":\"Tuotteet\",\"item\":\"https:\\\/\\\/kloon.kodukolle.ee\\\/fi\\\/tuotteet\\\/\"},{\"@type\":\"ListItem\",\"position\":3,\"name\":\"Valurautatakka JOTUL F 100 ECO.2 LL\"}]},{\"@type\":\"WebSite\",\"@id\":\"https:\\\/\\\/kloon.kodukolle.ee\\\/#website\",\"url\":\"https:\\\/\\\/kloon.kodukolle.ee\\\/\",\"name\":\"Kodukolle\",\"description\":\"\",\"publisher\":{\"@id\":\"https:\\\/\\\/kloon.kodukolle.ee\\\/#organization\"},\"potentialAction\":[{\"@type\":\"SearchAction\",\"target\":{\"@type\":\"EntryPoint\",\"urlTemplate\":\"https:\\\/\\\/kloon.kodukolle.ee\\\/?s={search_term_string}\"},\"query-input\":{\"@type\":\"PropertyValueSpecification\",\"valueRequired\":true,\"valueName\":\"search_term_string\"}}],\"inLanguage\":\"fi\"},{\"@type\":\"Organization\",\"@id\":\"https:\\\/\\\/kloon.kodukolle.ee\\\/#organization\",\"name\":\"Kodukolle\",\"url\":\"https:\\\/\\\/kloon.kodukolle.ee\\\/\",\"logo\":{\"@type\":\"ImageObject\",\"inLanguage\":\"fi\",\"@id\":\"https:\\\/\\\/kloon.kodukolle.ee\\\/#\\\/schema\\\/logo\\\/image\\\/\",\"url\":\"https:\\\/\\\/kloon.kodukolle.ee\\\/wp-content\\\/uploads\\\/2025\\\/06\\\/logo_must_gradient.svg\",\"contentUrl\":\"https:\\\/\\\/kloon.kodukolle.ee\\\/wp-content\\\/uploads\\\/2025\\\/06\\\/logo_must_gradient.svg\",\"caption\":\"Kodukolle\"},\"image\":{\"@id\":\"https:\\\/\\\/kloon.kodukolle.ee\\\/#\\\/schema\\\/logo\\\/image\\\/\"}}]}<\/script>\n<!-- \/ Yoast SEO plugin. -->","yoast_head_json":{"title":"Valurautatakka JOTUL F 100 ECO.2 LL - Kodukolle","description":"L\u00e4mp\u00f6, klassinen muotoilu ja innovatiivinen teknologia \u2013 n\u00e4m\u00e4 ovat olleet Jotulin perusarvoja yli 160 vuoden ajan.","robots":{"index":"noindex","follow":"follow","max-snippet":"max-snippet:-1","max-image-preview":"max-image-preview:large","max-video-preview":"max-video-preview:-1"},"og_locale":"fi_FI","og_type":"article","og_title":"Valurautatakka JOTUL F 100 ECO.2 LL - Kodukolle","og_description":"L\u00e4mp\u00f6, klassinen muotoilu ja innovatiivinen teknologia \u2013 n\u00e4m\u00e4 ovat olleet Jotulin perusarvoja yli 160 vuoden ajan.","og_url":"https:\/\/kloon.kodukolle.ee\/fi\/tuote\/valurautatakka-jotul-f-100-eco-2-ll\/","og_site_name":"Kodukolle","article_modified_time":"2024-01-30T09:53:58+00:00","og_image":[{"width":1122,"height":864,"url":"https:\/\/kloon.kodukolle.ee\/wp-content\/uploads\/2023\/08\/Jotul-F-100-Eco-BP-LL-int-1.jpg","type":"image\/jpeg"}],"twitter_card":"summary_large_image","twitter_misc":{"Est. reading time":"1 minuutti"},"schema":{"@context":"https:\/\/schema.org","@graph":[{"@type":"WebPage","@id":"https:\/\/kloon.kodukolle.ee\/fi\/tuote\/valurautatakka-jotul-f-100-eco-2-ll\/","url":"https:\/\/kloon.kodukolle.ee\/fi\/tuote\/valurautatakka-jotul-f-100-eco-2-ll\/","name":"Valurautatakka JOTUL F 100 ECO.2 LL - Kodukolle","isPartOf":{"@id":"https:\/\/kloon.kodukolle.ee\/#website"},"primaryImageOfPage":{"@id":"https:\/\/kloon.kodukolle.ee\/fi\/tuote\/valurautatakka-jotul-f-100-eco-2-ll\/#primaryimage"},"image":{"@id":"https:\/\/kloon.kodukolle.ee\/fi\/tuote\/valurautatakka-jotul-f-100-eco-2-ll\/#primaryimage"},"thumbnailUrl":"https:\/\/kloon.kodukolle.ee\/wp-content\/uploads\/2023\/08\/Jotul-F-100-Eco-BP-LL-int-1.jpg","datePublished":"2023-08-29T06:27:03+00:00","dateModified":"2024-01-30T09:53:58+00:00","description":"L\u00e4mp\u00f6, klassinen muotoilu ja innovatiivinen teknologia \u2013 n\u00e4m\u00e4 ovat olleet Jotulin perusarvoja yli 160 vuoden ajan.","breadcrumb":{"@id":"https:\/\/kloon.kodukolle.ee\/fi\/tuote\/valurautatakka-jotul-f-100-eco-2-ll\/#breadcrumb"},"inLanguage":"fi","potentialAction":[{"@type":"ReadAction","target":["https:\/\/kloon.kodukolle.ee\/fi\/tuote\/valurautatakka-jotul-f-100-eco-2-ll\/"]}]},{"@type":"ImageObject","inLanguage":"fi","@id":"https:\/\/kloon.kodukolle.ee\/fi\/tuote\/valurautatakka-jotul-f-100-eco-2-ll\/#primaryimage","url":"https:\/\/kloon.kodukolle.ee\/wp-content\/uploads\/2023\/08\/Jotul-F-100-Eco-BP-LL-int-1.jpg","contentUrl":"https:\/\/kloon.kodukolle.ee\/wp-content\/uploads\/2023\/08\/Jotul-F-100-Eco-BP-LL-int-1.jpg","width":1122,"height":864,"caption":"Jotul F 100 ECO.2 LL"},{"@type":"BreadcrumbList","@id":"https:\/\/kloon.kodukolle.ee\/fi\/tuote\/valurautatakka-jotul-f-100-eco-2-ll\/#breadcrumb","itemListElement":[{"@type":"ListItem","position":1,"name":"Home","item":"https:\/\/kloon.kodukolle.ee\/fi\/"},{"@type":"ListItem","position":2,"name":"Tuotteet","item":"https:\/\/kloon.kodukolle.ee\/fi\/tuotteet\/"},{"@type":"ListItem","position":3,"name":"Valurautatakka JOTUL F 100 ECO.2 LL"}]},{"@type":"WebSite","@id":"https:\/\/kloon.kodukolle.ee\/#website","url":"https:\/\/kloon.kodukolle.ee\/","name":"Kodukolle","description":"","publisher":{"@id":"https:\/\/kloon.kodukolle.ee\/#organization"},"potentialAction":[{"@type":"SearchAction","target":{"@type":"EntryPoint","urlTemplate":"https:\/\/kloon.kodukolle.ee\/?s={search_term_string}"},"query-input":{"@type":"PropertyValueSpecification","valueRequired":true,"valueName":"search_term_string"}}],"inLanguage":"fi"},{"@type":"Organization","@id":"https:\/\/kloon.kodukolle.ee\/#organization","name":"Kodukolle","url":"https:\/\/kloon.kodukolle.ee\/","logo":{"@type":"ImageObject","inLanguage":"fi","@id":"https:\/\/kloon.kodukolle.ee\/#\/schema\/logo\/image\/","url":"https:\/\/kloon.kodukolle.ee\/wp-content\/uploads\/2025\/06\/logo_must_gradient.svg","contentUrl":"https:\/\/kloon.kodukolle.ee\/wp-content\/uploads\/2025\/06\/logo_must_gradient.svg","caption":"Kodukolle"},"image":{"@id":"https:\/\/kloon.kodukolle.ee\/#\/schema\/logo\/image\/"}}]}},"_links":{"self":[{"href":"https:\/\/kloon.kodukolle.ee\/fi\/wp-json\/wp\/v2\/product\/27039","targetHints":{"allow":["GET"]}}],"collection":[{"href":"https:\/\/kloon.kodukolle.ee\/fi\/wp-json\/wp\/v2\/product"}],"about":[{"href":"https:\/\/kloon.kodukolle.ee\/fi\/wp-json\/wp\/v2\/types\/product"}],"wp:featuredmedia":[{"embeddable":true,"href":"https:\/\/kloon.kodukolle.ee\/fi\/wp-json\/wp\/v2\/media\/19068"}],"wp:attachment":[{"href":"https:\/\/kloon.kodukolle.ee\/fi\/wp-json\/wp\/v2\/media?parent=27039"}],"wp:term":[{"taxonomy":"product_brand","embeddable":true,"href":"https:\/\/kloon.kodukolle.ee\/fi\/wp-json\/wp\/v2\/product_brand?post=27039"},{"taxonomy":"product_cat","embeddable":true,"href":"https:\/\/kloon.kodukolle.ee\/fi\/wp-json\/wp\/v2\/product_cat?post=27039"},{"taxonomy":"product_tag","embeddable":true,"href":"https:\/\/kloon.kodukolle.ee\/fi\/wp-json\/wp\/v2\/product_tag?post=27039"}],"curies":[{"name":"wp","href":"https:\/\/api.w.org\/{rel}","templated":true}]}}