{"id":27051,"date":"2021-05-14T13:26:07","date_gmt":"2021-05-14T10:26:07","guid":{"rendered":"https:\/\/kloon.kodukolle.ee\/?post_type=product&#038;p=27051"},"modified":"2024-01-30T11:31:29","modified_gmt":"2024-01-30T09:31:29","slug":"takkasydan-jotul-i-400-harmony","status":"publish","type":"product","link":"https:\/\/kloon.kodukolle.ee\/fi\/tuote\/takkasydan-jotul-i-400-harmony\/","title":{"rendered":"Takkasyd\u00e4n JOTUL I 400 HARMONY"},"content":{"rendered":"<p>Jotul I 400 Harmony on keskikokoinen takkasyd\u00e4n, joka modernilla muotoilullaan ja kaarevilla taitettavilla lasiovilla takaa upean n\u00e4kym\u00e4n palavaan puuhun. Vaaleiden palolevyjen ansiosta takka n\u00e4ytt\u00e4\u00e4 valoisalta silloinkin, kun siin\u00e4 ei pala tuli. Parannettu polttoj\u00e4rjestelm\u00e4 varmistaa puhtaan ja tehokkaan palamisen, mik\u00e4 v\u00e4hent\u00e4\u00e4 sek\u00e4 p\u00e4\u00e4st\u00f6j\u00e4 ett\u00e4 l\u00e4mmityskustannuksia.<\/p>\n<ul>\n<li>Moderni muotoilu<\/li>\n<li>Upea n\u00e4kym\u00e4 tulelle<\/li>\n<li>Clean burn j\u00e4rjestelm\u00e4<\/li>\n<li>Kaarevat taitettavat ovet<\/li>\n<\/ul>\n<p><strong>Saatavana lis\u00e4varusteena<\/strong><\/p>\n<ul>\n<li>Elektroninen poltonohjausj\u00e4rjestelm\u00e4<\/li>\n<li>Koristeellinen kehys<\/li>\n<li>Tuhkalaatikko<\/li>\n<li>Raitisilmaliit\u00e4nt\u00e4sarja<\/li>\n<\/ul>\n<p>&nbsp;<\/p>\n","protected":false},"excerpt":{"rendered":"<p>Jotul I 400 Harmony on keskikokoinen takkasyd\u00e4n, joka modernilla muotoilullaan ja kaarevilla taitettavilla lasiovilla takaa upean n\u00e4kym\u00e4n palavaan puuhun. Vaaleiden palolevyjen ansiosta takka n\u00e4ytt\u00e4\u00e4 valoisalta silloinkin, kun siin\u00e4 ei pala tuli. Parannettu polttoj\u00e4rjestelm\u00e4 varmistaa puhtaan ja tehokkaan palamisen, mik\u00e4 v\u00e4hent\u00e4\u00e4 sek\u00e4 p\u00e4\u00e4st\u00f6j\u00e4 ett\u00e4 l\u00e4mmityskustannuksia.<\/p>\n","protected":false},"featured_media":18551,"template":"","meta":{"_acf_changed":false},"product_brand":[],"product_cat":[9690],"product_tag":[],"class_list":{"0":"post-27051","1":"product","2":"type-product","3":"status-publish","4":"has-post-thumbnail","6":"brands-jotul-fi","7":"product_cat-takkasydamet","9":"first","10":"instock","11":"shipping-taxable","12":"purchasable","13":"product-type-simple"},"acf":[],"yoast_head":"<!-- This site is optimized with the Yoast SEO plugin v27.3 - https:\/\/yoast.com\/product\/yoast-seo-wordpress\/ -->\n<title>Takkasyd\u00e4n JOTUL I 400 HARMONY - Kodukolle<\/title>\n<meta name=\"description\" content=\"Jotul I 400 Harmony on keskikokoinen takkasyd\u00e4n, joka modernilla muotoilullaan ja kaarevilla taitettavilla lasiovilla takaa upean n\u00e4kym\u00e4n palavaan puuhun.\" \/>\n<meta name=\"robots\" content=\"noindex, follow, max-snippet:-1, max-image-preview:large, max-video-preview:-1\" \/>\n<meta property=\"og:locale\" content=\"fi_FI\" \/>\n<meta property=\"og:type\" content=\"article\" \/>\n<meta property=\"og:title\" content=\"Takkasyd\u00e4n JOTUL I 400 HARMONY - Kodukolle\" \/>\n<meta property=\"og:description\" content=\"Jotul I 400 Harmony on keskikokoinen takkasyd\u00e4n, joka modernilla muotoilullaan ja kaarevilla taitettavilla lasiovilla takaa upean n\u00e4kym\u00e4n palavaan puuhun.\" \/>\n<meta property=\"og:url\" content=\"https:\/\/kloon.kodukolle.ee\/fi\/tuote\/takkasydan-jotul-i-400-harmony\/\" \/>\n<meta property=\"og:site_name\" content=\"Kodukolle\" \/>\n<meta property=\"article:modified_time\" content=\"2024-01-30T09:31:29+00:00\" \/>\n<meta property=\"og:image\" content=\"https:\/\/kloon.kodukolle.ee\/wp-content\/uploads\/2021\/05\/Jotul-I-400-Harmony_2.jpg\" \/>\n\t<meta property=\"og:image:width\" content=\"1395\" \/>\n\t<meta property=\"og:image:height\" content=\"1025\" \/>\n\t<meta property=\"og:image:type\" content=\"image\/jpeg\" \/>\n<meta name=\"twitter:card\" content=\"summary_large_image\" \/>\n<meta name=\"twitter:label1\" content=\"Est. reading time\" \/>\n\t<meta name=\"twitter:data1\" content=\"1 minuutti\" \/>\n<script type=\"application\/ld+json\" class=\"yoast-schema-graph\">{\"@context\":\"https:\\\/\\\/schema.org\",\"@graph\":[{\"@type\":\"WebPage\",\"@id\":\"https:\\\/\\\/kloon.kodukolle.ee\\\/fi\\\/tuote\\\/takkasydan-jotul-i-400-harmony\\\/\",\"url\":\"https:\\\/\\\/kloon.kodukolle.ee\\\/fi\\\/tuote\\\/takkasydan-jotul-i-400-harmony\\\/\",\"name\":\"Takkasyd\u00e4n JOTUL I 400 HARMONY - Kodukolle\",\"isPartOf\":{\"@id\":\"https:\\\/\\\/kloon.kodukolle.ee\\\/#website\"},\"primaryImageOfPage\":{\"@id\":\"https:\\\/\\\/kloon.kodukolle.ee\\\/fi\\\/tuote\\\/takkasydan-jotul-i-400-harmony\\\/#primaryimage\"},\"image\":{\"@id\":\"https:\\\/\\\/kloon.kodukolle.ee\\\/fi\\\/tuote\\\/takkasydan-jotul-i-400-harmony\\\/#primaryimage\"},\"thumbnailUrl\":\"https:\\\/\\\/kloon.kodukolle.ee\\\/wp-content\\\/uploads\\\/2021\\\/05\\\/Jotul-I-400-Harmony_2.jpg\",\"datePublished\":\"2021-05-14T10:26:07+00:00\",\"dateModified\":\"2024-01-30T09:31:29+00:00\",\"description\":\"Jotul I 400 Harmony on keskikokoinen takkasyd\u00e4n, joka modernilla muotoilullaan ja kaarevilla taitettavilla lasiovilla takaa upean n\u00e4kym\u00e4n palavaan puuhun.\",\"breadcrumb\":{\"@id\":\"https:\\\/\\\/kloon.kodukolle.ee\\\/fi\\\/tuote\\\/takkasydan-jotul-i-400-harmony\\\/#breadcrumb\"},\"inLanguage\":\"fi\",\"potentialAction\":[{\"@type\":\"ReadAction\",\"target\":[\"https:\\\/\\\/kloon.kodukolle.ee\\\/fi\\\/tuote\\\/takkasydan-jotul-i-400-harmony\\\/\"]}]},{\"@type\":\"ImageObject\",\"inLanguage\":\"fi\",\"@id\":\"https:\\\/\\\/kloon.kodukolle.ee\\\/fi\\\/tuote\\\/takkasydan-jotul-i-400-harmony\\\/#primaryimage\",\"url\":\"https:\\\/\\\/kloon.kodukolle.ee\\\/wp-content\\\/uploads\\\/2021\\\/05\\\/Jotul-I-400-Harmony_2.jpg\",\"contentUrl\":\"https:\\\/\\\/kloon.kodukolle.ee\\\/wp-content\\\/uploads\\\/2021\\\/05\\\/Jotul-I-400-Harmony_2.jpg\",\"width\":1395,\"height\":1025,\"caption\":\"Jotul I 400 Harmony\"},{\"@type\":\"BreadcrumbList\",\"@id\":\"https:\\\/\\\/kloon.kodukolle.ee\\\/fi\\\/tuote\\\/takkasydan-jotul-i-400-harmony\\\/#breadcrumb\",\"itemListElement\":[{\"@type\":\"ListItem\",\"position\":1,\"name\":\"Home\",\"item\":\"https:\\\/\\\/kloon.kodukolle.ee\\\/fi\\\/\"},{\"@type\":\"ListItem\",\"position\":2,\"name\":\"Tuotteet\",\"item\":\"https:\\\/\\\/kloon.kodukolle.ee\\\/fi\\\/tuotteet\\\/\"},{\"@type\":\"ListItem\",\"position\":3,\"name\":\"Takkasyd\u00e4n JOTUL I 400 HARMONY\"}]},{\"@type\":\"WebSite\",\"@id\":\"https:\\\/\\\/kloon.kodukolle.ee\\\/#website\",\"url\":\"https:\\\/\\\/kloon.kodukolle.ee\\\/\",\"name\":\"Kodukolle\",\"description\":\"\",\"publisher\":{\"@id\":\"https:\\\/\\\/kloon.kodukolle.ee\\\/#organization\"},\"potentialAction\":[{\"@type\":\"SearchAction\",\"target\":{\"@type\":\"EntryPoint\",\"urlTemplate\":\"https:\\\/\\\/kloon.kodukolle.ee\\\/?s={search_term_string}\"},\"query-input\":{\"@type\":\"PropertyValueSpecification\",\"valueRequired\":true,\"valueName\":\"search_term_string\"}}],\"inLanguage\":\"fi\"},{\"@type\":\"Organization\",\"@id\":\"https:\\\/\\\/kloon.kodukolle.ee\\\/#organization\",\"name\":\"Kodukolle\",\"url\":\"https:\\\/\\\/kloon.kodukolle.ee\\\/\",\"logo\":{\"@type\":\"ImageObject\",\"inLanguage\":\"fi\",\"@id\":\"https:\\\/\\\/kloon.kodukolle.ee\\\/#\\\/schema\\\/logo\\\/image\\\/\",\"url\":\"https:\\\/\\\/kloon.kodukolle.ee\\\/wp-content\\\/uploads\\\/2025\\\/06\\\/logo_must_gradient.svg\",\"contentUrl\":\"https:\\\/\\\/kloon.kodukolle.ee\\\/wp-content\\\/uploads\\\/2025\\\/06\\\/logo_must_gradient.svg\",\"caption\":\"Kodukolle\"},\"image\":{\"@id\":\"https:\\\/\\\/kloon.kodukolle.ee\\\/#\\\/schema\\\/logo\\\/image\\\/\"}}]}<\/script>\n<!-- \/ Yoast SEO plugin. -->","yoast_head_json":{"title":"Takkasyd\u00e4n JOTUL I 400 HARMONY - Kodukolle","description":"Jotul I 400 Harmony on keskikokoinen takkasyd\u00e4n, joka modernilla muotoilullaan ja kaarevilla taitettavilla lasiovilla takaa upean n\u00e4kym\u00e4n palavaan puuhun.","robots":{"index":"noindex","follow":"follow","max-snippet":"max-snippet:-1","max-image-preview":"max-image-preview:large","max-video-preview":"max-video-preview:-1"},"og_locale":"fi_FI","og_type":"article","og_title":"Takkasyd\u00e4n JOTUL I 400 HARMONY - Kodukolle","og_description":"Jotul I 400 Harmony on keskikokoinen takkasyd\u00e4n, joka modernilla muotoilullaan ja kaarevilla taitettavilla lasiovilla takaa upean n\u00e4kym\u00e4n palavaan puuhun.","og_url":"https:\/\/kloon.kodukolle.ee\/fi\/tuote\/takkasydan-jotul-i-400-harmony\/","og_site_name":"Kodukolle","article_modified_time":"2024-01-30T09:31:29+00:00","og_image":[{"width":1395,"height":1025,"url":"https:\/\/kloon.kodukolle.ee\/wp-content\/uploads\/2021\/05\/Jotul-I-400-Harmony_2.jpg","type":"image\/jpeg"}],"twitter_card":"summary_large_image","twitter_misc":{"Est. reading time":"1 minuutti"},"schema":{"@context":"https:\/\/schema.org","@graph":[{"@type":"WebPage","@id":"https:\/\/kloon.kodukolle.ee\/fi\/tuote\/takkasydan-jotul-i-400-harmony\/","url":"https:\/\/kloon.kodukolle.ee\/fi\/tuote\/takkasydan-jotul-i-400-harmony\/","name":"Takkasyd\u00e4n JOTUL I 400 HARMONY - Kodukolle","isPartOf":{"@id":"https:\/\/kloon.kodukolle.ee\/#website"},"primaryImageOfPage":{"@id":"https:\/\/kloon.kodukolle.ee\/fi\/tuote\/takkasydan-jotul-i-400-harmony\/#primaryimage"},"image":{"@id":"https:\/\/kloon.kodukolle.ee\/fi\/tuote\/takkasydan-jotul-i-400-harmony\/#primaryimage"},"thumbnailUrl":"https:\/\/kloon.kodukolle.ee\/wp-content\/uploads\/2021\/05\/Jotul-I-400-Harmony_2.jpg","datePublished":"2021-05-14T10:26:07+00:00","dateModified":"2024-01-30T09:31:29+00:00","description":"Jotul I 400 Harmony on keskikokoinen takkasyd\u00e4n, joka modernilla muotoilullaan ja kaarevilla taitettavilla lasiovilla takaa upean n\u00e4kym\u00e4n palavaan puuhun.","breadcrumb":{"@id":"https:\/\/kloon.kodukolle.ee\/fi\/tuote\/takkasydan-jotul-i-400-harmony\/#breadcrumb"},"inLanguage":"fi","potentialAction":[{"@type":"ReadAction","target":["https:\/\/kloon.kodukolle.ee\/fi\/tuote\/takkasydan-jotul-i-400-harmony\/"]}]},{"@type":"ImageObject","inLanguage":"fi","@id":"https:\/\/kloon.kodukolle.ee\/fi\/tuote\/takkasydan-jotul-i-400-harmony\/#primaryimage","url":"https:\/\/kloon.kodukolle.ee\/wp-content\/uploads\/2021\/05\/Jotul-I-400-Harmony_2.jpg","contentUrl":"https:\/\/kloon.kodukolle.ee\/wp-content\/uploads\/2021\/05\/Jotul-I-400-Harmony_2.jpg","width":1395,"height":1025,"caption":"Jotul I 400 Harmony"},{"@type":"BreadcrumbList","@id":"https:\/\/kloon.kodukolle.ee\/fi\/tuote\/takkasydan-jotul-i-400-harmony\/#breadcrumb","itemListElement":[{"@type":"ListItem","position":1,"name":"Home","item":"https:\/\/kloon.kodukolle.ee\/fi\/"},{"@type":"ListItem","position":2,"name":"Tuotteet","item":"https:\/\/kloon.kodukolle.ee\/fi\/tuotteet\/"},{"@type":"ListItem","position":3,"name":"Takkasyd\u00e4n JOTUL I 400 HARMONY"}]},{"@type":"WebSite","@id":"https:\/\/kloon.kodukolle.ee\/#website","url":"https:\/\/kloon.kodukolle.ee\/","name":"Kodukolle","description":"","publisher":{"@id":"https:\/\/kloon.kodukolle.ee\/#organization"},"potentialAction":[{"@type":"SearchAction","target":{"@type":"EntryPoint","urlTemplate":"https:\/\/kloon.kodukolle.ee\/?s={search_term_string}"},"query-input":{"@type":"PropertyValueSpecification","valueRequired":true,"valueName":"search_term_string"}}],"inLanguage":"fi"},{"@type":"Organization","@id":"https:\/\/kloon.kodukolle.ee\/#organization","name":"Kodukolle","url":"https:\/\/kloon.kodukolle.ee\/","logo":{"@type":"ImageObject","inLanguage":"fi","@id":"https:\/\/kloon.kodukolle.ee\/#\/schema\/logo\/image\/","url":"https:\/\/kloon.kodukolle.ee\/wp-content\/uploads\/2025\/06\/logo_must_gradient.svg","contentUrl":"https:\/\/kloon.kodukolle.ee\/wp-content\/uploads\/2025\/06\/logo_must_gradient.svg","caption":"Kodukolle"},"image":{"@id":"https:\/\/kloon.kodukolle.ee\/#\/schema\/logo\/image\/"}}]}},"_links":{"self":[{"href":"https:\/\/kloon.kodukolle.ee\/fi\/wp-json\/wp\/v2\/product\/27051","targetHints":{"allow":["GET"]}}],"collection":[{"href":"https:\/\/kloon.kodukolle.ee\/fi\/wp-json\/wp\/v2\/product"}],"about":[{"href":"https:\/\/kloon.kodukolle.ee\/fi\/wp-json\/wp\/v2\/types\/product"}],"wp:featuredmedia":[{"embeddable":true,"href":"https:\/\/kloon.kodukolle.ee\/fi\/wp-json\/wp\/v2\/media\/18551"}],"wp:attachment":[{"href":"https:\/\/kloon.kodukolle.ee\/fi\/wp-json\/wp\/v2\/media?parent=27051"}],"wp:term":[{"taxonomy":"product_brand","embeddable":true,"href":"https:\/\/kloon.kodukolle.ee\/fi\/wp-json\/wp\/v2\/product_brand?post=27051"},{"taxonomy":"product_cat","embeddable":true,"href":"https:\/\/kloon.kodukolle.ee\/fi\/wp-json\/wp\/v2\/product_cat?post=27051"},{"taxonomy":"product_tag","embeddable":true,"href":"https:\/\/kloon.kodukolle.ee\/fi\/wp-json\/wp\/v2\/product_tag?post=27051"}],"curies":[{"name":"wp","href":"https:\/\/api.w.org\/{rel}","templated":true}]}}