{"id":27061,"date":"2021-05-14T12:42:01","date_gmt":"2021-05-14T09:42:01","guid":{"rendered":"https:\/\/kloon.kodukolle.ee\/?post_type=product&#038;p=27061"},"modified":"2024-01-30T10:59:26","modified_gmt":"2024-01-30T08:59:26","slug":"takkasydan-jotul-i-620-frl","status":"publish","type":"product","link":"https:\/\/kloon.kodukolle.ee\/fi\/tuote\/takkasydan-jotul-i-620-frl\/","title":{"rendered":"Takkasyd\u00e4n JOTUL I 620 FRL"},"content":{"rendered":"<p>Jotul I 620 FRL on tilava valurautatakkasyd\u00e4n, josta on kolmisuuntainen n\u00e4kym\u00e4 tuleen. Kokostaan huolimatta t\u00e4m\u00e4 takkasyd\u00e4n on suunniteltu optimaaliseen palamiseen my\u00f6s hiljaisemmilla s\u00e4\u00e4d\u00f6ill\u00e4. Kirkkaiden vermikuliittilevyjen ja kest\u00e4v\u00e4n valkoiseksi emaloidun valuraudan ansiosta tulisijan sis\u00e4puoli s\u00e4teilee valoisuutta. Tuuletusaukkojen symbolit auttavat tulisijan oikeaa k\u00e4ytt\u00f6\u00e4. Jotul I 620 FRL:n asentaminen on yksinkertaista, ja sen vakiovarusteena on ohut irrotettava koristekehys, joka varmistaa saumattoman siirtymisen ymp\u00e4r\u00f6iv\u00e4\u00e4n palomuuriin.<\/p>\n<ul>\n<li>Helppo asentaa<\/li>\n<li>Kolmipuolinen n\u00e4kym\u00e4 tulesta<\/li>\n<li>Clean burn j\u00e4rjestelm\u00e4<\/li>\n<\/ul>\n<p><strong>Saatavana lis\u00e4varusteena<\/strong><\/p>\n<ul>\n<li>Elektroninen poltonohjausj\u00e4rjestelm\u00e4<\/li>\n<li>L\u00e4mp\u00f6\u00e4 varaavat kivet<\/li>\n<li>S\u00e4\u00e4dett\u00e4v\u00e4t jalat\/pohja<\/li>\n<\/ul>\n<p>&nbsp;<\/p>\n","protected":false},"excerpt":{"rendered":"<p>Jotul I 620 FRL on tilava valurautatakkasyd\u00e4n, josta on kolmisuuntainen n\u00e4kym\u00e4 tuleen. Kokostaan huolimatta t\u00e4m\u00e4 takkasyd\u00e4n on suunniteltu optimaaliseen palamiseen my\u00f6s hiljaisemmilla s\u00e4\u00e4d\u00f6ill\u00e4. Kirkkaiden vermikuliittilevyjen ja kest\u00e4v\u00e4n valkoiseksi emaloidun valuraudan ansiosta tulisijan sis\u00e4puoli s\u00e4teilee valoisuutta. Tuuletusaukkojen symbolit auttavat tulisijan oikeaa k\u00e4ytt\u00f6\u00e4. Jotul I 620 FRL:n asentaminen on yksinkertaista, ja sen vakiovarusteena on ohut irrotettava koristekehys, joka varmistaa saumattoman siirtymisen ymp\u00e4r\u00f6iv\u00e4\u00e4n palomuuriin.<\/p>\n","protected":false},"featured_media":18396,"template":"","meta":{"_acf_changed":false},"product_brand":[],"product_cat":[9690],"product_tag":[],"class_list":{"0":"post-27061","1":"product","2":"type-product","3":"status-publish","4":"has-post-thumbnail","6":"brands-jotul-fi","7":"product_cat-takkasydamet","9":"first","10":"instock","11":"shipping-taxable","12":"purchasable","13":"product-type-simple"},"acf":[],"yoast_head":"<!-- This site is optimized with the Yoast SEO plugin v27.3 - https:\/\/yoast.com\/product\/yoast-seo-wordpress\/ -->\n<title>Takkasyd\u00e4n JOTUL I 620 FRL - Kodukolle<\/title>\n<meta name=\"description\" content=\"Jotul I 620 FRL on tilava valurautatakkasyd\u00e4n, josta on kolmisuuntainen n\u00e4kym\u00e4 tuleen. Kokostaan huolimatta t\u00e4m\u00e4 takkasyd\u00e4n on suunniteltu optimaaliseen palamiseen my\u00f6s hiljaisemmilla s\u00e4\u00e4d\u00f6ill\u00e4.\" \/>\n<meta name=\"robots\" content=\"noindex, follow, max-snippet:-1, max-image-preview:large, max-video-preview:-1\" \/>\n<meta property=\"og:locale\" content=\"fi_FI\" \/>\n<meta property=\"og:type\" content=\"article\" \/>\n<meta property=\"og:title\" content=\"Takkasyd\u00e4n JOTUL I 620 FRL - Kodukolle\" \/>\n<meta property=\"og:description\" content=\"Jotul I 620 FRL on tilava valurautatakkasyd\u00e4n, josta on kolmisuuntainen n\u00e4kym\u00e4 tuleen. Kokostaan huolimatta t\u00e4m\u00e4 takkasyd\u00e4n on suunniteltu optimaaliseen palamiseen my\u00f6s hiljaisemmilla s\u00e4\u00e4d\u00f6ill\u00e4.\" \/>\n<meta property=\"og:url\" content=\"https:\/\/kloon.kodukolle.ee\/fi\/tuote\/takkasydan-jotul-i-620-frl\/\" \/>\n<meta property=\"og:site_name\" content=\"Kodukolle\" \/>\n<meta property=\"article:modified_time\" content=\"2024-01-30T08:59:26+00:00\" \/>\n<meta property=\"og:image\" content=\"https:\/\/kloon.kodukolle.ee\/wp-content\/uploads\/2021\/05\/Jotul-I-620-FRL_1-scaled.jpg\" \/>\n\t<meta property=\"og:image:width\" content=\"2560\" \/>\n\t<meta property=\"og:image:height\" content=\"2048\" \/>\n\t<meta property=\"og:image:type\" content=\"image\/jpeg\" \/>\n<meta name=\"twitter:card\" content=\"summary_large_image\" \/>\n<meta name=\"twitter:label1\" content=\"Est. reading time\" \/>\n\t<meta name=\"twitter:data1\" content=\"1 minuutti\" \/>\n<script type=\"application\/ld+json\" class=\"yoast-schema-graph\">{\"@context\":\"https:\\\/\\\/schema.org\",\"@graph\":[{\"@type\":\"WebPage\",\"@id\":\"https:\\\/\\\/kloon.kodukolle.ee\\\/fi\\\/tuote\\\/takkasydan-jotul-i-620-frl\\\/\",\"url\":\"https:\\\/\\\/kloon.kodukolle.ee\\\/fi\\\/tuote\\\/takkasydan-jotul-i-620-frl\\\/\",\"name\":\"Takkasyd\u00e4n JOTUL I 620 FRL - Kodukolle\",\"isPartOf\":{\"@id\":\"https:\\\/\\\/kloon.kodukolle.ee\\\/#website\"},\"primaryImageOfPage\":{\"@id\":\"https:\\\/\\\/kloon.kodukolle.ee\\\/fi\\\/tuote\\\/takkasydan-jotul-i-620-frl\\\/#primaryimage\"},\"image\":{\"@id\":\"https:\\\/\\\/kloon.kodukolle.ee\\\/fi\\\/tuote\\\/takkasydan-jotul-i-620-frl\\\/#primaryimage\"},\"thumbnailUrl\":\"https:\\\/\\\/kloon.kodukolle.ee\\\/wp-content\\\/uploads\\\/2021\\\/05\\\/Jotul-I-620-FRL_1-scaled.jpg\",\"datePublished\":\"2021-05-14T09:42:01+00:00\",\"dateModified\":\"2024-01-30T08:59:26+00:00\",\"description\":\"Jotul I 620 FRL on tilava valurautatakkasyd\u00e4n, josta on kolmisuuntainen n\u00e4kym\u00e4 tuleen. Kokostaan huolimatta t\u00e4m\u00e4 takkasyd\u00e4n on suunniteltu optimaaliseen palamiseen my\u00f6s hiljaisemmilla s\u00e4\u00e4d\u00f6ill\u00e4.\",\"breadcrumb\":{\"@id\":\"https:\\\/\\\/kloon.kodukolle.ee\\\/fi\\\/tuote\\\/takkasydan-jotul-i-620-frl\\\/#breadcrumb\"},\"inLanguage\":\"fi\",\"potentialAction\":[{\"@type\":\"ReadAction\",\"target\":[\"https:\\\/\\\/kloon.kodukolle.ee\\\/fi\\\/tuote\\\/takkasydan-jotul-i-620-frl\\\/\"]}]},{\"@type\":\"ImageObject\",\"inLanguage\":\"fi\",\"@id\":\"https:\\\/\\\/kloon.kodukolle.ee\\\/fi\\\/tuote\\\/takkasydan-jotul-i-620-frl\\\/#primaryimage\",\"url\":\"https:\\\/\\\/kloon.kodukolle.ee\\\/wp-content\\\/uploads\\\/2021\\\/05\\\/Jotul-I-620-FRL_1-scaled.jpg\",\"contentUrl\":\"https:\\\/\\\/kloon.kodukolle.ee\\\/wp-content\\\/uploads\\\/2021\\\/05\\\/Jotul-I-620-FRL_1-scaled.jpg\",\"width\":2560,\"height\":2048,\"caption\":\"Jotul I 620 FRL\"},{\"@type\":\"BreadcrumbList\",\"@id\":\"https:\\\/\\\/kloon.kodukolle.ee\\\/fi\\\/tuote\\\/takkasydan-jotul-i-620-frl\\\/#breadcrumb\",\"itemListElement\":[{\"@type\":\"ListItem\",\"position\":1,\"name\":\"Home\",\"item\":\"https:\\\/\\\/kloon.kodukolle.ee\\\/fi\\\/\"},{\"@type\":\"ListItem\",\"position\":2,\"name\":\"Tuotteet\",\"item\":\"https:\\\/\\\/kloon.kodukolle.ee\\\/fi\\\/tuotteet\\\/\"},{\"@type\":\"ListItem\",\"position\":3,\"name\":\"Takkasyd\u00e4n JOTUL I 620 FRL\"}]},{\"@type\":\"WebSite\",\"@id\":\"https:\\\/\\\/kloon.kodukolle.ee\\\/#website\",\"url\":\"https:\\\/\\\/kloon.kodukolle.ee\\\/\",\"name\":\"Kodukolle\",\"description\":\"\",\"publisher\":{\"@id\":\"https:\\\/\\\/kloon.kodukolle.ee\\\/#organization\"},\"potentialAction\":[{\"@type\":\"SearchAction\",\"target\":{\"@type\":\"EntryPoint\",\"urlTemplate\":\"https:\\\/\\\/kloon.kodukolle.ee\\\/?s={search_term_string}\"},\"query-input\":{\"@type\":\"PropertyValueSpecification\",\"valueRequired\":true,\"valueName\":\"search_term_string\"}}],\"inLanguage\":\"fi\"},{\"@type\":\"Organization\",\"@id\":\"https:\\\/\\\/kloon.kodukolle.ee\\\/#organization\",\"name\":\"Kodukolle\",\"url\":\"https:\\\/\\\/kloon.kodukolle.ee\\\/\",\"logo\":{\"@type\":\"ImageObject\",\"inLanguage\":\"fi\",\"@id\":\"https:\\\/\\\/kloon.kodukolle.ee\\\/#\\\/schema\\\/logo\\\/image\\\/\",\"url\":\"https:\\\/\\\/kloon.kodukolle.ee\\\/wp-content\\\/uploads\\\/2025\\\/06\\\/logo_must_gradient.svg\",\"contentUrl\":\"https:\\\/\\\/kloon.kodukolle.ee\\\/wp-content\\\/uploads\\\/2025\\\/06\\\/logo_must_gradient.svg\",\"caption\":\"Kodukolle\"},\"image\":{\"@id\":\"https:\\\/\\\/kloon.kodukolle.ee\\\/#\\\/schema\\\/logo\\\/image\\\/\"}}]}<\/script>\n<!-- \/ Yoast SEO plugin. -->","yoast_head_json":{"title":"Takkasyd\u00e4n JOTUL I 620 FRL - Kodukolle","description":"Jotul I 620 FRL on tilava valurautatakkasyd\u00e4n, josta on kolmisuuntainen n\u00e4kym\u00e4 tuleen. Kokostaan huolimatta t\u00e4m\u00e4 takkasyd\u00e4n on suunniteltu optimaaliseen palamiseen my\u00f6s hiljaisemmilla s\u00e4\u00e4d\u00f6ill\u00e4.","robots":{"index":"noindex","follow":"follow","max-snippet":"max-snippet:-1","max-image-preview":"max-image-preview:large","max-video-preview":"max-video-preview:-1"},"og_locale":"fi_FI","og_type":"article","og_title":"Takkasyd\u00e4n JOTUL I 620 FRL - Kodukolle","og_description":"Jotul I 620 FRL on tilava valurautatakkasyd\u00e4n, josta on kolmisuuntainen n\u00e4kym\u00e4 tuleen. Kokostaan huolimatta t\u00e4m\u00e4 takkasyd\u00e4n on suunniteltu optimaaliseen palamiseen my\u00f6s hiljaisemmilla s\u00e4\u00e4d\u00f6ill\u00e4.","og_url":"https:\/\/kloon.kodukolle.ee\/fi\/tuote\/takkasydan-jotul-i-620-frl\/","og_site_name":"Kodukolle","article_modified_time":"2024-01-30T08:59:26+00:00","og_image":[{"width":2560,"height":2048,"url":"https:\/\/kloon.kodukolle.ee\/wp-content\/uploads\/2021\/05\/Jotul-I-620-FRL_1-scaled.jpg","type":"image\/jpeg"}],"twitter_card":"summary_large_image","twitter_misc":{"Est. reading time":"1 minuutti"},"schema":{"@context":"https:\/\/schema.org","@graph":[{"@type":"WebPage","@id":"https:\/\/kloon.kodukolle.ee\/fi\/tuote\/takkasydan-jotul-i-620-frl\/","url":"https:\/\/kloon.kodukolle.ee\/fi\/tuote\/takkasydan-jotul-i-620-frl\/","name":"Takkasyd\u00e4n JOTUL I 620 FRL - Kodukolle","isPartOf":{"@id":"https:\/\/kloon.kodukolle.ee\/#website"},"primaryImageOfPage":{"@id":"https:\/\/kloon.kodukolle.ee\/fi\/tuote\/takkasydan-jotul-i-620-frl\/#primaryimage"},"image":{"@id":"https:\/\/kloon.kodukolle.ee\/fi\/tuote\/takkasydan-jotul-i-620-frl\/#primaryimage"},"thumbnailUrl":"https:\/\/kloon.kodukolle.ee\/wp-content\/uploads\/2021\/05\/Jotul-I-620-FRL_1-scaled.jpg","datePublished":"2021-05-14T09:42:01+00:00","dateModified":"2024-01-30T08:59:26+00:00","description":"Jotul I 620 FRL on tilava valurautatakkasyd\u00e4n, josta on kolmisuuntainen n\u00e4kym\u00e4 tuleen. Kokostaan huolimatta t\u00e4m\u00e4 takkasyd\u00e4n on suunniteltu optimaaliseen palamiseen my\u00f6s hiljaisemmilla s\u00e4\u00e4d\u00f6ill\u00e4.","breadcrumb":{"@id":"https:\/\/kloon.kodukolle.ee\/fi\/tuote\/takkasydan-jotul-i-620-frl\/#breadcrumb"},"inLanguage":"fi","potentialAction":[{"@type":"ReadAction","target":["https:\/\/kloon.kodukolle.ee\/fi\/tuote\/takkasydan-jotul-i-620-frl\/"]}]},{"@type":"ImageObject","inLanguage":"fi","@id":"https:\/\/kloon.kodukolle.ee\/fi\/tuote\/takkasydan-jotul-i-620-frl\/#primaryimage","url":"https:\/\/kloon.kodukolle.ee\/wp-content\/uploads\/2021\/05\/Jotul-I-620-FRL_1-scaled.jpg","contentUrl":"https:\/\/kloon.kodukolle.ee\/wp-content\/uploads\/2021\/05\/Jotul-I-620-FRL_1-scaled.jpg","width":2560,"height":2048,"caption":"Jotul I 620 FRL"},{"@type":"BreadcrumbList","@id":"https:\/\/kloon.kodukolle.ee\/fi\/tuote\/takkasydan-jotul-i-620-frl\/#breadcrumb","itemListElement":[{"@type":"ListItem","position":1,"name":"Home","item":"https:\/\/kloon.kodukolle.ee\/fi\/"},{"@type":"ListItem","position":2,"name":"Tuotteet","item":"https:\/\/kloon.kodukolle.ee\/fi\/tuotteet\/"},{"@type":"ListItem","position":3,"name":"Takkasyd\u00e4n JOTUL I 620 FRL"}]},{"@type":"WebSite","@id":"https:\/\/kloon.kodukolle.ee\/#website","url":"https:\/\/kloon.kodukolle.ee\/","name":"Kodukolle","description":"","publisher":{"@id":"https:\/\/kloon.kodukolle.ee\/#organization"},"potentialAction":[{"@type":"SearchAction","target":{"@type":"EntryPoint","urlTemplate":"https:\/\/kloon.kodukolle.ee\/?s={search_term_string}"},"query-input":{"@type":"PropertyValueSpecification","valueRequired":true,"valueName":"search_term_string"}}],"inLanguage":"fi"},{"@type":"Organization","@id":"https:\/\/kloon.kodukolle.ee\/#organization","name":"Kodukolle","url":"https:\/\/kloon.kodukolle.ee\/","logo":{"@type":"ImageObject","inLanguage":"fi","@id":"https:\/\/kloon.kodukolle.ee\/#\/schema\/logo\/image\/","url":"https:\/\/kloon.kodukolle.ee\/wp-content\/uploads\/2025\/06\/logo_must_gradient.svg","contentUrl":"https:\/\/kloon.kodukolle.ee\/wp-content\/uploads\/2025\/06\/logo_must_gradient.svg","caption":"Kodukolle"},"image":{"@id":"https:\/\/kloon.kodukolle.ee\/#\/schema\/logo\/image\/"}}]}},"_links":{"self":[{"href":"https:\/\/kloon.kodukolle.ee\/fi\/wp-json\/wp\/v2\/product\/27061","targetHints":{"allow":["GET"]}}],"collection":[{"href":"https:\/\/kloon.kodukolle.ee\/fi\/wp-json\/wp\/v2\/product"}],"about":[{"href":"https:\/\/kloon.kodukolle.ee\/fi\/wp-json\/wp\/v2\/types\/product"}],"wp:featuredmedia":[{"embeddable":true,"href":"https:\/\/kloon.kodukolle.ee\/fi\/wp-json\/wp\/v2\/media\/18396"}],"wp:attachment":[{"href":"https:\/\/kloon.kodukolle.ee\/fi\/wp-json\/wp\/v2\/media?parent=27061"}],"wp:term":[{"taxonomy":"product_brand","embeddable":true,"href":"https:\/\/kloon.kodukolle.ee\/fi\/wp-json\/wp\/v2\/product_brand?post=27061"},{"taxonomy":"product_cat","embeddable":true,"href":"https:\/\/kloon.kodukolle.ee\/fi\/wp-json\/wp\/v2\/product_cat?post=27061"},{"taxonomy":"product_tag","embeddable":true,"href":"https:\/\/kloon.kodukolle.ee\/fi\/wp-json\/wp\/v2\/product_tag?post=27061"}],"curies":[{"name":"wp","href":"https:\/\/api.w.org\/{rel}","templated":true}]}}