{"id":27120,"date":"2021-04-09T15:33:47","date_gmt":"2021-04-09T12:33:47","guid":{"rendered":"https:\/\/kloon.kodukolle.ee\/?post_type=product&#038;p=27120"},"modified":"2024-03-14T11:14:32","modified_gmt":"2024-03-14T09:14:32","slug":"valurautatakka-jotul-f-162","status":"publish","type":"product","link":"https:\/\/kloon.kodukolle.ee\/fi\/tuote\/valurautatakka-jotul-f-162\/","title":{"rendered":"Valurautatakka JOTUL F 162"},"content":{"rendered":"<p>Kompakti ja kest\u00e4v\u00e4 Jotul F 162 valurautatakka on tyylik\u00e4s ja nykyaikainen. Kolmen valurautaisen jalan tukema takka huokuu tyylik\u00e4st\u00e4 ja siisti\u00e4 ulkon\u00e4k\u00f6\u00e4. Tulisijaan on saatavissa koristeellinen ja l\u00e4mp\u00f6\u00e4 varaava vuolukivinen p\u00e4\u00e4llyslevy, joka varastoi l\u00e4mp\u00f6\u00e4, kun takassa palaa tuli. Yhden tuuletusaukon ansiosta takka on k\u00e4ytt\u00e4j\u00e4yst\u00e4v\u00e4llinen ja sen k\u00e4yt\u00e4nn\u00f6llinen tuhkalaatikko lis\u00e4\u00e4 k\u00e4ytt\u00f6mukavuutta. Ihanteellinen energiatehokkaisiin koteihin, Jotul F 162 t\u00e4ydent\u00e4\u00e4 alhaista energiankulutusta. Lis\u00e4ksi takka noudattaa tiukkoja p\u00e4\u00e4st\u00f6rajoja, mik\u00e4 mahdollistaa ekologisen palamisen my\u00f6s pienill\u00e4 tehotasoilla.<\/p>\n<ul>\n<li>Yksinkertainen ja moderni muotoilu<\/li>\n<li>Clean burn j\u00e4rjestelm\u00e4<\/li>\n<\/ul>\n<p><strong>Saatavana lis\u00e4varusteena<\/strong><\/p>\n<ul>\n<li>Vuolukivinen p\u00e4\u00e4llyslevy<\/li>\n<li>Raitisilmaliittimen kansi<\/li>\n<\/ul>\n<p>&nbsp;<\/p>\n","protected":false},"excerpt":{"rendered":"<p>Kompakti ja kest\u00e4v\u00e4 Jotul F 162 valurautatakka on tyylik\u00e4s ja nykyaikainen. Kolmen valurautaisen jalan tukema takka huokuu tyylik\u00e4st\u00e4 ja siisti\u00e4 ulkon\u00e4k\u00f6\u00e4. Tulisijaan on saatavissa koristeellinen ja l\u00e4mp\u00f6\u00e4 varaava vuolukivinen p\u00e4\u00e4llyslevy, joka varastoi l\u00e4mp\u00f6\u00e4, kun takassa palaa tuli. Yhden tuuletusaukon ansiosta takka on k\u00e4ytt\u00e4j\u00e4yst\u00e4v\u00e4llinen ja sen k\u00e4yt\u00e4nn\u00f6llinen tuhkalaatikko lis\u00e4\u00e4 k\u00e4ytt\u00f6mukavuutta. <\/p>\n","protected":false},"featured_media":18815,"template":"","meta":{"_acf_changed":false},"product_brand":[],"product_cat":[9620],"product_tag":[],"class_list":{"0":"post-27120","1":"product","2":"type-product","3":"status-publish","4":"has-post-thumbnail","6":"brands-jotul-fi","7":"product_cat-takat","9":"first","10":"instock","11":"shipping-taxable","12":"purchasable","13":"product-type-simple"},"acf":[],"yoast_head":"<!-- This site is optimized with the Yoast SEO plugin v27.3 - https:\/\/yoast.com\/product\/yoast-seo-wordpress\/ -->\n<title>Valurautatakka JOTUL F 162 - Kodukolle<\/title>\n<meta name=\"description\" content=\"Kompakti ja kest\u00e4v\u00e4 Jotul F 162 valurautatakka on tyylik\u00e4s ja nykyaikainen. Kolmen valurautaisen jalan tukema takka huokuu tyylik\u00e4st\u00e4 ja siisti\u00e4 ulkon\u00e4k\u00f6\u00e4.\" \/>\n<meta name=\"robots\" content=\"noindex, follow, max-snippet:-1, max-image-preview:large, max-video-preview:-1\" \/>\n<meta property=\"og:locale\" content=\"fi_FI\" \/>\n<meta property=\"og:type\" content=\"article\" \/>\n<meta property=\"og:title\" content=\"Valurautatakka JOTUL F 162 - Kodukolle\" \/>\n<meta property=\"og:description\" content=\"Kompakti ja kest\u00e4v\u00e4 Jotul F 162 valurautatakka on tyylik\u00e4s ja nykyaikainen. Kolmen valurautaisen jalan tukema takka huokuu tyylik\u00e4st\u00e4 ja siisti\u00e4 ulkon\u00e4k\u00f6\u00e4.\" \/>\n<meta property=\"og:url\" content=\"https:\/\/kloon.kodukolle.ee\/fi\/tuote\/valurautatakka-jotul-f-162\/\" \/>\n<meta property=\"og:site_name\" content=\"Kodukolle\" \/>\n<meta property=\"article:modified_time\" content=\"2024-03-14T09:14:32+00:00\" \/>\n<meta property=\"og:image\" content=\"https:\/\/kloon.kodukolle.ee\/wp-content\/uploads\/2021\/04\/Jotul-F-162-BP-int-1-scaled.jpg\" \/>\n\t<meta property=\"og:image:width\" content=\"2560\" \/>\n\t<meta property=\"og:image:height\" content=\"2027\" \/>\n\t<meta property=\"og:image:type\" content=\"image\/jpeg\" \/>\n<meta name=\"twitter:card\" content=\"summary_large_image\" \/>\n<meta name=\"twitter:label1\" content=\"Est. reading time\" \/>\n\t<meta name=\"twitter:data1\" content=\"1 minuutti\" \/>\n<script type=\"application\/ld+json\" class=\"yoast-schema-graph\">{\"@context\":\"https:\\\/\\\/schema.org\",\"@graph\":[{\"@type\":\"WebPage\",\"@id\":\"https:\\\/\\\/kloon.kodukolle.ee\\\/fi\\\/tuote\\\/valurautatakka-jotul-f-162\\\/\",\"url\":\"https:\\\/\\\/kloon.kodukolle.ee\\\/fi\\\/tuote\\\/valurautatakka-jotul-f-162\\\/\",\"name\":\"Valurautatakka JOTUL F 162 - Kodukolle\",\"isPartOf\":{\"@id\":\"https:\\\/\\\/kloon.kodukolle.ee\\\/#website\"},\"primaryImageOfPage\":{\"@id\":\"https:\\\/\\\/kloon.kodukolle.ee\\\/fi\\\/tuote\\\/valurautatakka-jotul-f-162\\\/#primaryimage\"},\"image\":{\"@id\":\"https:\\\/\\\/kloon.kodukolle.ee\\\/fi\\\/tuote\\\/valurautatakka-jotul-f-162\\\/#primaryimage\"},\"thumbnailUrl\":\"https:\\\/\\\/kloon.kodukolle.ee\\\/wp-content\\\/uploads\\\/2021\\\/04\\\/Jotul-F-162-BP-int-1-scaled.jpg\",\"datePublished\":\"2021-04-09T12:33:47+00:00\",\"dateModified\":\"2024-03-14T09:14:32+00:00\",\"description\":\"Kompakti ja kest\u00e4v\u00e4 Jotul F 162 valurautatakka on tyylik\u00e4s ja nykyaikainen. Kolmen valurautaisen jalan tukema takka huokuu tyylik\u00e4st\u00e4 ja siisti\u00e4 ulkon\u00e4k\u00f6\u00e4.\",\"breadcrumb\":{\"@id\":\"https:\\\/\\\/kloon.kodukolle.ee\\\/fi\\\/tuote\\\/valurautatakka-jotul-f-162\\\/#breadcrumb\"},\"inLanguage\":\"fi\",\"potentialAction\":[{\"@type\":\"ReadAction\",\"target\":[\"https:\\\/\\\/kloon.kodukolle.ee\\\/fi\\\/tuote\\\/valurautatakka-jotul-f-162\\\/\"]}]},{\"@type\":\"ImageObject\",\"inLanguage\":\"fi\",\"@id\":\"https:\\\/\\\/kloon.kodukolle.ee\\\/fi\\\/tuote\\\/valurautatakka-jotul-f-162\\\/#primaryimage\",\"url\":\"https:\\\/\\\/kloon.kodukolle.ee\\\/wp-content\\\/uploads\\\/2021\\\/04\\\/Jotul-F-162-BP-int-1-scaled.jpg\",\"contentUrl\":\"https:\\\/\\\/kloon.kodukolle.ee\\\/wp-content\\\/uploads\\\/2021\\\/04\\\/Jotul-F-162-BP-int-1-scaled.jpg\",\"width\":2560,\"height\":2027,\"caption\":\"Jotul F 162\"},{\"@type\":\"BreadcrumbList\",\"@id\":\"https:\\\/\\\/kloon.kodukolle.ee\\\/fi\\\/tuote\\\/valurautatakka-jotul-f-162\\\/#breadcrumb\",\"itemListElement\":[{\"@type\":\"ListItem\",\"position\":1,\"name\":\"Home\",\"item\":\"https:\\\/\\\/kloon.kodukolle.ee\\\/fi\\\/\"},{\"@type\":\"ListItem\",\"position\":2,\"name\":\"Tuotteet\",\"item\":\"https:\\\/\\\/kloon.kodukolle.ee\\\/fi\\\/tuotteet\\\/\"},{\"@type\":\"ListItem\",\"position\":3,\"name\":\"Valurautatakka JOTUL F 162\"}]},{\"@type\":\"WebSite\",\"@id\":\"https:\\\/\\\/kloon.kodukolle.ee\\\/#website\",\"url\":\"https:\\\/\\\/kloon.kodukolle.ee\\\/\",\"name\":\"Kodukolle\",\"description\":\"\",\"publisher\":{\"@id\":\"https:\\\/\\\/kloon.kodukolle.ee\\\/#organization\"},\"potentialAction\":[{\"@type\":\"SearchAction\",\"target\":{\"@type\":\"EntryPoint\",\"urlTemplate\":\"https:\\\/\\\/kloon.kodukolle.ee\\\/?s={search_term_string}\"},\"query-input\":{\"@type\":\"PropertyValueSpecification\",\"valueRequired\":true,\"valueName\":\"search_term_string\"}}],\"inLanguage\":\"fi\"},{\"@type\":\"Organization\",\"@id\":\"https:\\\/\\\/kloon.kodukolle.ee\\\/#organization\",\"name\":\"Kodukolle\",\"url\":\"https:\\\/\\\/kloon.kodukolle.ee\\\/\",\"logo\":{\"@type\":\"ImageObject\",\"inLanguage\":\"fi\",\"@id\":\"https:\\\/\\\/kloon.kodukolle.ee\\\/#\\\/schema\\\/logo\\\/image\\\/\",\"url\":\"https:\\\/\\\/kloon.kodukolle.ee\\\/wp-content\\\/uploads\\\/2025\\\/06\\\/logo_must_gradient.svg\",\"contentUrl\":\"https:\\\/\\\/kloon.kodukolle.ee\\\/wp-content\\\/uploads\\\/2025\\\/06\\\/logo_must_gradient.svg\",\"caption\":\"Kodukolle\"},\"image\":{\"@id\":\"https:\\\/\\\/kloon.kodukolle.ee\\\/#\\\/schema\\\/logo\\\/image\\\/\"}}]}<\/script>\n<!-- \/ Yoast SEO plugin. -->","yoast_head_json":{"title":"Valurautatakka JOTUL F 162 - Kodukolle","description":"Kompakti ja kest\u00e4v\u00e4 Jotul F 162 valurautatakka on tyylik\u00e4s ja nykyaikainen. Kolmen valurautaisen jalan tukema takka huokuu tyylik\u00e4st\u00e4 ja siisti\u00e4 ulkon\u00e4k\u00f6\u00e4.","robots":{"index":"noindex","follow":"follow","max-snippet":"max-snippet:-1","max-image-preview":"max-image-preview:large","max-video-preview":"max-video-preview:-1"},"og_locale":"fi_FI","og_type":"article","og_title":"Valurautatakka JOTUL F 162 - Kodukolle","og_description":"Kompakti ja kest\u00e4v\u00e4 Jotul F 162 valurautatakka on tyylik\u00e4s ja nykyaikainen. Kolmen valurautaisen jalan tukema takka huokuu tyylik\u00e4st\u00e4 ja siisti\u00e4 ulkon\u00e4k\u00f6\u00e4.","og_url":"https:\/\/kloon.kodukolle.ee\/fi\/tuote\/valurautatakka-jotul-f-162\/","og_site_name":"Kodukolle","article_modified_time":"2024-03-14T09:14:32+00:00","og_image":[{"width":2560,"height":2027,"url":"https:\/\/kloon.kodukolle.ee\/wp-content\/uploads\/2021\/04\/Jotul-F-162-BP-int-1-scaled.jpg","type":"image\/jpeg"}],"twitter_card":"summary_large_image","twitter_misc":{"Est. reading time":"1 minuutti"},"schema":{"@context":"https:\/\/schema.org","@graph":[{"@type":"WebPage","@id":"https:\/\/kloon.kodukolle.ee\/fi\/tuote\/valurautatakka-jotul-f-162\/","url":"https:\/\/kloon.kodukolle.ee\/fi\/tuote\/valurautatakka-jotul-f-162\/","name":"Valurautatakka JOTUL F 162 - Kodukolle","isPartOf":{"@id":"https:\/\/kloon.kodukolle.ee\/#website"},"primaryImageOfPage":{"@id":"https:\/\/kloon.kodukolle.ee\/fi\/tuote\/valurautatakka-jotul-f-162\/#primaryimage"},"image":{"@id":"https:\/\/kloon.kodukolle.ee\/fi\/tuote\/valurautatakka-jotul-f-162\/#primaryimage"},"thumbnailUrl":"https:\/\/kloon.kodukolle.ee\/wp-content\/uploads\/2021\/04\/Jotul-F-162-BP-int-1-scaled.jpg","datePublished":"2021-04-09T12:33:47+00:00","dateModified":"2024-03-14T09:14:32+00:00","description":"Kompakti ja kest\u00e4v\u00e4 Jotul F 162 valurautatakka on tyylik\u00e4s ja nykyaikainen. Kolmen valurautaisen jalan tukema takka huokuu tyylik\u00e4st\u00e4 ja siisti\u00e4 ulkon\u00e4k\u00f6\u00e4.","breadcrumb":{"@id":"https:\/\/kloon.kodukolle.ee\/fi\/tuote\/valurautatakka-jotul-f-162\/#breadcrumb"},"inLanguage":"fi","potentialAction":[{"@type":"ReadAction","target":["https:\/\/kloon.kodukolle.ee\/fi\/tuote\/valurautatakka-jotul-f-162\/"]}]},{"@type":"ImageObject","inLanguage":"fi","@id":"https:\/\/kloon.kodukolle.ee\/fi\/tuote\/valurautatakka-jotul-f-162\/#primaryimage","url":"https:\/\/kloon.kodukolle.ee\/wp-content\/uploads\/2021\/04\/Jotul-F-162-BP-int-1-scaled.jpg","contentUrl":"https:\/\/kloon.kodukolle.ee\/wp-content\/uploads\/2021\/04\/Jotul-F-162-BP-int-1-scaled.jpg","width":2560,"height":2027,"caption":"Jotul F 162"},{"@type":"BreadcrumbList","@id":"https:\/\/kloon.kodukolle.ee\/fi\/tuote\/valurautatakka-jotul-f-162\/#breadcrumb","itemListElement":[{"@type":"ListItem","position":1,"name":"Home","item":"https:\/\/kloon.kodukolle.ee\/fi\/"},{"@type":"ListItem","position":2,"name":"Tuotteet","item":"https:\/\/kloon.kodukolle.ee\/fi\/tuotteet\/"},{"@type":"ListItem","position":3,"name":"Valurautatakka JOTUL F 162"}]},{"@type":"WebSite","@id":"https:\/\/kloon.kodukolle.ee\/#website","url":"https:\/\/kloon.kodukolle.ee\/","name":"Kodukolle","description":"","publisher":{"@id":"https:\/\/kloon.kodukolle.ee\/#organization"},"potentialAction":[{"@type":"SearchAction","target":{"@type":"EntryPoint","urlTemplate":"https:\/\/kloon.kodukolle.ee\/?s={search_term_string}"},"query-input":{"@type":"PropertyValueSpecification","valueRequired":true,"valueName":"search_term_string"}}],"inLanguage":"fi"},{"@type":"Organization","@id":"https:\/\/kloon.kodukolle.ee\/#organization","name":"Kodukolle","url":"https:\/\/kloon.kodukolle.ee\/","logo":{"@type":"ImageObject","inLanguage":"fi","@id":"https:\/\/kloon.kodukolle.ee\/#\/schema\/logo\/image\/","url":"https:\/\/kloon.kodukolle.ee\/wp-content\/uploads\/2025\/06\/logo_must_gradient.svg","contentUrl":"https:\/\/kloon.kodukolle.ee\/wp-content\/uploads\/2025\/06\/logo_must_gradient.svg","caption":"Kodukolle"},"image":{"@id":"https:\/\/kloon.kodukolle.ee\/#\/schema\/logo\/image\/"}}]}},"_links":{"self":[{"href":"https:\/\/kloon.kodukolle.ee\/fi\/wp-json\/wp\/v2\/product\/27120","targetHints":{"allow":["GET"]}}],"collection":[{"href":"https:\/\/kloon.kodukolle.ee\/fi\/wp-json\/wp\/v2\/product"}],"about":[{"href":"https:\/\/kloon.kodukolle.ee\/fi\/wp-json\/wp\/v2\/types\/product"}],"wp:featuredmedia":[{"embeddable":true,"href":"https:\/\/kloon.kodukolle.ee\/fi\/wp-json\/wp\/v2\/media\/18815"}],"wp:attachment":[{"href":"https:\/\/kloon.kodukolle.ee\/fi\/wp-json\/wp\/v2\/media?parent=27120"}],"wp:term":[{"taxonomy":"product_brand","embeddable":true,"href":"https:\/\/kloon.kodukolle.ee\/fi\/wp-json\/wp\/v2\/product_brand?post=27120"},{"taxonomy":"product_cat","embeddable":true,"href":"https:\/\/kloon.kodukolle.ee\/fi\/wp-json\/wp\/v2\/product_cat?post=27120"},{"taxonomy":"product_tag","embeddable":true,"href":"https:\/\/kloon.kodukolle.ee\/fi\/wp-json\/wp\/v2\/product_tag?post=27120"}],"curies":[{"name":"wp","href":"https:\/\/api.w.org\/{rel}","templated":true}]}}