{"id":27230,"date":"2023-05-31T15:09:03","date_gmt":"2023-05-31T12:09:03","guid":{"rendered":"https:\/\/kloon.kodukolle.ee\/?post_type=product&#038;p=27230"},"modified":"2024-02-02T08:02:52","modified_gmt":"2024-02-02T06:02:52","slug":"puukiuas-skamet-ps-210-gl","status":"publish","type":"product","link":"https:\/\/kloon.kodukolle.ee\/fi\/tuote\/puukiuas-skamet-ps-210-gl\/","title":{"rendered":"Puukiuas SKAMET PS-210 GL"},"content":{"rendered":"<p>Kiuas on l\u00f6ylyhuoneen syd\u00e4n ja se on jokaisen todellisen saunan yst\u00e4v\u00e4n kodin pakollinen hankinta. Virkist\u00e4v\u00e4 sauna tarjoaa t\u00e4ydellisen pakopaikan arjen huolista v\u00e4syneen ty\u00f6p\u00e4iv\u00e4n tai stressaavan ty\u00f6viikon j\u00e4lkeen. Skamet-kiukaat on tarkoitettu kaikille, jotka arvostavat rentouttavaa saunaa, h\u00f6yryn ottamisesta yst\u00e4vien kanssa tai parantavaa saunomista.<\/p>\n<p>Toisesta huoneesta l\u00e4mmitetty pieni ter\u00e4srunkoinen Skamet PS-210 GL kiuas sopii mainiosti 7-12 m\u00b3 kokoisiin l\u00f6ylyhuoneisiin. T\u00e4m\u00e4 kiuas on varustettu kaksinkertaisella sein\u00e4ll\u00e4 kolmella sivulla, mik\u00e4 v\u00e4hent\u00e4\u00e4 vaadittuja turvaet\u00e4isyyksi\u00e4 muihin kiukaisiin verrattuna jopa puoleen. Kompaktin kokonsa ansiosta se sopii ihanteellisesti pienempiin l\u00f6ylyhuoneisiin ja tynnyrisaunoihin. Metallinen runkol\u00e4mmitin on eritt\u00e4in kest\u00e4v\u00e4, ja h\u00f6yrysaunan l\u00e4mmitt\u00e4miseen menee vain 30-45 minuuttia. Puul\u00e4mmitteiseen kiuassarjaan kuuluu metallikahvalla varustettu l\u00e4mm\u00f6nkest\u00e4v\u00e4 lasiovi ja oven avautumistapa on valittavissa. On my\u00f6s mahdollista ostaa kiuaskivi\u00e4 ja vesis\u00e4ili\u00f6 savupiippuun kiinnitett\u00e4v\u00e4ksi ja l\u00e4mmitt\u00e4\u00e4 sen avulla vett\u00e4. Lis\u00e4ksi on mahdollista ostaa musta tai ruostumaton ter\u00e4sverhous, joka muuttaa kiukaan tyylikk\u00e4\u00e4n sisustuselementin.<\/p>\n<p>&nbsp;<\/p>\n","protected":false},"excerpt":{"rendered":"<p>Toisesta huoneesta l\u00e4mmitetty pieni ter\u00e4srunkoinen Skamet PS-210 GL kiuas sopii mainiosti 7-12 m\u00b3 kokoisiin l\u00f6ylyhuoneisiin. T\u00e4m\u00e4 kiuas on varustettu kaksinkertaisella sein\u00e4ll\u00e4 kolmella sivulla, mik\u00e4 v\u00e4hent\u00e4\u00e4 vaadittuja turvaet\u00e4isyyksi\u00e4 muihin kiukaisiin verrattuna jopa puoleen. Kompaktin kokonsa ansiosta se sopii ihanteellisesti pienempiin l\u00f6ylyhuoneisiin ja tynnyrisaunoihin. Metallinen runkol\u00e4mmitin on eritt\u00e4in kest\u00e4v\u00e4, ja h\u00f6yrysaunan l\u00e4mmitt\u00e4miseen menee vain 30-45 minuuttia.<\/p>\n","protected":false},"featured_media":12122,"template":"","meta":{"_acf_changed":false},"product_brand":[],"product_cat":[9692,9723],"product_tag":[],"class_list":{"0":"post-27230","1":"product","2":"type-product","3":"status-publish","4":"has-post-thumbnail","6":"brands-skamet-fi","7":"product_cat-kiukaat-ja-grillit","8":"product_cat-ale","10":"first","11":"instock","12":"shipping-taxable","13":"purchasable","14":"product-type-simple"},"acf":[],"yoast_head":"<!-- This site is optimized with the Yoast SEO plugin v27.3 - https:\/\/yoast.com\/product\/yoast-seo-wordpress\/ -->\n<title>Puukiuas SKAMET PS-210 GL - Kodukolle<\/title>\n<meta name=\"description\" content=\"Toisesta huoneesta l\u00e4mmitetty pieni ter\u00e4srunkoinen Skamet PS-210 GL kiuas sopii mainiosti 7-12 m\u00b3 kokoisiin l\u00f6ylyhuoneisiin.\" \/>\n<meta name=\"robots\" content=\"noindex, follow, max-snippet:-1, max-image-preview:large, max-video-preview:-1\" \/>\n<meta property=\"og:locale\" content=\"fi_FI\" \/>\n<meta property=\"og:type\" content=\"article\" \/>\n<meta property=\"og:title\" content=\"Puukiuas SKAMET PS-210 GL - Kodukolle\" \/>\n<meta property=\"og:description\" content=\"Toisesta huoneesta l\u00e4mmitetty pieni ter\u00e4srunkoinen Skamet PS-210 GL kiuas sopii mainiosti 7-12 m\u00b3 kokoisiin l\u00f6ylyhuoneisiin.\" \/>\n<meta property=\"og:url\" content=\"https:\/\/kloon.kodukolle.ee\/fi\/tuote\/puukiuas-skamet-ps-210-gl\/\" \/>\n<meta property=\"og:site_name\" content=\"Kodukolle\" \/>\n<meta property=\"article:modified_time\" content=\"2024-02-02T06:02:52+00:00\" \/>\n<meta property=\"og:image\" content=\"https:\/\/kloon.kodukolle.ee\/wp-content\/uploads\/2023\/05\/PS-210.jpg\" \/>\n\t<meta property=\"og:image:width\" content=\"1000\" \/>\n\t<meta property=\"og:image:height\" content=\"1101\" \/>\n\t<meta property=\"og:image:type\" content=\"image\/jpeg\" \/>\n<meta name=\"twitter:card\" content=\"summary_large_image\" \/>\n<script type=\"application\/ld+json\" class=\"yoast-schema-graph\">{\"@context\":\"https:\\\/\\\/schema.org\",\"@graph\":[{\"@type\":\"WebPage\",\"@id\":\"https:\\\/\\\/kloon.kodukolle.ee\\\/fi\\\/tuote\\\/puukiuas-skamet-ps-210-gl\\\/\",\"url\":\"https:\\\/\\\/kloon.kodukolle.ee\\\/fi\\\/tuote\\\/puukiuas-skamet-ps-210-gl\\\/\",\"name\":\"Puukiuas SKAMET PS-210 GL - Kodukolle\",\"isPartOf\":{\"@id\":\"https:\\\/\\\/kloon.kodukolle.ee\\\/#website\"},\"primaryImageOfPage\":{\"@id\":\"https:\\\/\\\/kloon.kodukolle.ee\\\/fi\\\/tuote\\\/puukiuas-skamet-ps-210-gl\\\/#primaryimage\"},\"image\":{\"@id\":\"https:\\\/\\\/kloon.kodukolle.ee\\\/fi\\\/tuote\\\/puukiuas-skamet-ps-210-gl\\\/#primaryimage\"},\"thumbnailUrl\":\"https:\\\/\\\/kloon.kodukolle.ee\\\/wp-content\\\/uploads\\\/2023\\\/05\\\/PS-210.jpg\",\"datePublished\":\"2023-05-31T12:09:03+00:00\",\"dateModified\":\"2024-02-02T06:02:52+00:00\",\"description\":\"Toisesta huoneesta l\u00e4mmitetty pieni ter\u00e4srunkoinen Skamet PS-210 GL kiuas sopii mainiosti 7-12 m\u00b3 kokoisiin l\u00f6ylyhuoneisiin.\",\"breadcrumb\":{\"@id\":\"https:\\\/\\\/kloon.kodukolle.ee\\\/fi\\\/tuote\\\/puukiuas-skamet-ps-210-gl\\\/#breadcrumb\"},\"inLanguage\":\"fi\",\"potentialAction\":[{\"@type\":\"ReadAction\",\"target\":[\"https:\\\/\\\/kloon.kodukolle.ee\\\/fi\\\/tuote\\\/puukiuas-skamet-ps-210-gl\\\/\"]}]},{\"@type\":\"ImageObject\",\"inLanguage\":\"fi\",\"@id\":\"https:\\\/\\\/kloon.kodukolle.ee\\\/fi\\\/tuote\\\/puukiuas-skamet-ps-210-gl\\\/#primaryimage\",\"url\":\"https:\\\/\\\/kloon.kodukolle.ee\\\/wp-content\\\/uploads\\\/2023\\\/05\\\/PS-210.jpg\",\"contentUrl\":\"https:\\\/\\\/kloon.kodukolle.ee\\\/wp-content\\\/uploads\\\/2023\\\/05\\\/PS-210.jpg\",\"width\":1000,\"height\":1101,\"caption\":\"skamet ps-210 gl\"},{\"@type\":\"BreadcrumbList\",\"@id\":\"https:\\\/\\\/kloon.kodukolle.ee\\\/fi\\\/tuote\\\/puukiuas-skamet-ps-210-gl\\\/#breadcrumb\",\"itemListElement\":[{\"@type\":\"ListItem\",\"position\":1,\"name\":\"Home\",\"item\":\"https:\\\/\\\/kloon.kodukolle.ee\\\/fi\\\/\"},{\"@type\":\"ListItem\",\"position\":2,\"name\":\"Tuotteet\",\"item\":\"https:\\\/\\\/kloon.kodukolle.ee\\\/fi\\\/tuotteet\\\/\"},{\"@type\":\"ListItem\",\"position\":3,\"name\":\"Puukiuas SKAMET PS-210 GL\"}]},{\"@type\":\"WebSite\",\"@id\":\"https:\\\/\\\/kloon.kodukolle.ee\\\/#website\",\"url\":\"https:\\\/\\\/kloon.kodukolle.ee\\\/\",\"name\":\"Kodukolle\",\"description\":\"\",\"publisher\":{\"@id\":\"https:\\\/\\\/kloon.kodukolle.ee\\\/#organization\"},\"potentialAction\":[{\"@type\":\"SearchAction\",\"target\":{\"@type\":\"EntryPoint\",\"urlTemplate\":\"https:\\\/\\\/kloon.kodukolle.ee\\\/?s={search_term_string}\"},\"query-input\":{\"@type\":\"PropertyValueSpecification\",\"valueRequired\":true,\"valueName\":\"search_term_string\"}}],\"inLanguage\":\"fi\"},{\"@type\":\"Organization\",\"@id\":\"https:\\\/\\\/kloon.kodukolle.ee\\\/#organization\",\"name\":\"Kodukolle\",\"url\":\"https:\\\/\\\/kloon.kodukolle.ee\\\/\",\"logo\":{\"@type\":\"ImageObject\",\"inLanguage\":\"fi\",\"@id\":\"https:\\\/\\\/kloon.kodukolle.ee\\\/#\\\/schema\\\/logo\\\/image\\\/\",\"url\":\"https:\\\/\\\/kloon.kodukolle.ee\\\/wp-content\\\/uploads\\\/2025\\\/06\\\/logo_must_gradient.svg\",\"contentUrl\":\"https:\\\/\\\/kloon.kodukolle.ee\\\/wp-content\\\/uploads\\\/2025\\\/06\\\/logo_must_gradient.svg\",\"caption\":\"Kodukolle\"},\"image\":{\"@id\":\"https:\\\/\\\/kloon.kodukolle.ee\\\/#\\\/schema\\\/logo\\\/image\\\/\"}}]}<\/script>\n<!-- \/ Yoast SEO plugin. -->","yoast_head_json":{"title":"Puukiuas SKAMET PS-210 GL - Kodukolle","description":"Toisesta huoneesta l\u00e4mmitetty pieni ter\u00e4srunkoinen Skamet PS-210 GL kiuas sopii mainiosti 7-12 m\u00b3 kokoisiin l\u00f6ylyhuoneisiin.","robots":{"index":"noindex","follow":"follow","max-snippet":"max-snippet:-1","max-image-preview":"max-image-preview:large","max-video-preview":"max-video-preview:-1"},"og_locale":"fi_FI","og_type":"article","og_title":"Puukiuas SKAMET PS-210 GL - Kodukolle","og_description":"Toisesta huoneesta l\u00e4mmitetty pieni ter\u00e4srunkoinen Skamet PS-210 GL kiuas sopii mainiosti 7-12 m\u00b3 kokoisiin l\u00f6ylyhuoneisiin.","og_url":"https:\/\/kloon.kodukolle.ee\/fi\/tuote\/puukiuas-skamet-ps-210-gl\/","og_site_name":"Kodukolle","article_modified_time":"2024-02-02T06:02:52+00:00","og_image":[{"width":1000,"height":1101,"url":"https:\/\/kloon.kodukolle.ee\/wp-content\/uploads\/2023\/05\/PS-210.jpg","type":"image\/jpeg"}],"twitter_card":"summary_large_image","schema":{"@context":"https:\/\/schema.org","@graph":[{"@type":"WebPage","@id":"https:\/\/kloon.kodukolle.ee\/fi\/tuote\/puukiuas-skamet-ps-210-gl\/","url":"https:\/\/kloon.kodukolle.ee\/fi\/tuote\/puukiuas-skamet-ps-210-gl\/","name":"Puukiuas SKAMET PS-210 GL - Kodukolle","isPartOf":{"@id":"https:\/\/kloon.kodukolle.ee\/#website"},"primaryImageOfPage":{"@id":"https:\/\/kloon.kodukolle.ee\/fi\/tuote\/puukiuas-skamet-ps-210-gl\/#primaryimage"},"image":{"@id":"https:\/\/kloon.kodukolle.ee\/fi\/tuote\/puukiuas-skamet-ps-210-gl\/#primaryimage"},"thumbnailUrl":"https:\/\/kloon.kodukolle.ee\/wp-content\/uploads\/2023\/05\/PS-210.jpg","datePublished":"2023-05-31T12:09:03+00:00","dateModified":"2024-02-02T06:02:52+00:00","description":"Toisesta huoneesta l\u00e4mmitetty pieni ter\u00e4srunkoinen Skamet PS-210 GL kiuas sopii mainiosti 7-12 m\u00b3 kokoisiin l\u00f6ylyhuoneisiin.","breadcrumb":{"@id":"https:\/\/kloon.kodukolle.ee\/fi\/tuote\/puukiuas-skamet-ps-210-gl\/#breadcrumb"},"inLanguage":"fi","potentialAction":[{"@type":"ReadAction","target":["https:\/\/kloon.kodukolle.ee\/fi\/tuote\/puukiuas-skamet-ps-210-gl\/"]}]},{"@type":"ImageObject","inLanguage":"fi","@id":"https:\/\/kloon.kodukolle.ee\/fi\/tuote\/puukiuas-skamet-ps-210-gl\/#primaryimage","url":"https:\/\/kloon.kodukolle.ee\/wp-content\/uploads\/2023\/05\/PS-210.jpg","contentUrl":"https:\/\/kloon.kodukolle.ee\/wp-content\/uploads\/2023\/05\/PS-210.jpg","width":1000,"height":1101,"caption":"skamet ps-210 gl"},{"@type":"BreadcrumbList","@id":"https:\/\/kloon.kodukolle.ee\/fi\/tuote\/puukiuas-skamet-ps-210-gl\/#breadcrumb","itemListElement":[{"@type":"ListItem","position":1,"name":"Home","item":"https:\/\/kloon.kodukolle.ee\/fi\/"},{"@type":"ListItem","position":2,"name":"Tuotteet","item":"https:\/\/kloon.kodukolle.ee\/fi\/tuotteet\/"},{"@type":"ListItem","position":3,"name":"Puukiuas SKAMET PS-210 GL"}]},{"@type":"WebSite","@id":"https:\/\/kloon.kodukolle.ee\/#website","url":"https:\/\/kloon.kodukolle.ee\/","name":"Kodukolle","description":"","publisher":{"@id":"https:\/\/kloon.kodukolle.ee\/#organization"},"potentialAction":[{"@type":"SearchAction","target":{"@type":"EntryPoint","urlTemplate":"https:\/\/kloon.kodukolle.ee\/?s={search_term_string}"},"query-input":{"@type":"PropertyValueSpecification","valueRequired":true,"valueName":"search_term_string"}}],"inLanguage":"fi"},{"@type":"Organization","@id":"https:\/\/kloon.kodukolle.ee\/#organization","name":"Kodukolle","url":"https:\/\/kloon.kodukolle.ee\/","logo":{"@type":"ImageObject","inLanguage":"fi","@id":"https:\/\/kloon.kodukolle.ee\/#\/schema\/logo\/image\/","url":"https:\/\/kloon.kodukolle.ee\/wp-content\/uploads\/2025\/06\/logo_must_gradient.svg","contentUrl":"https:\/\/kloon.kodukolle.ee\/wp-content\/uploads\/2025\/06\/logo_must_gradient.svg","caption":"Kodukolle"},"image":{"@id":"https:\/\/kloon.kodukolle.ee\/#\/schema\/logo\/image\/"}}]}},"_links":{"self":[{"href":"https:\/\/kloon.kodukolle.ee\/fi\/wp-json\/wp\/v2\/product\/27230","targetHints":{"allow":["GET"]}}],"collection":[{"href":"https:\/\/kloon.kodukolle.ee\/fi\/wp-json\/wp\/v2\/product"}],"about":[{"href":"https:\/\/kloon.kodukolle.ee\/fi\/wp-json\/wp\/v2\/types\/product"}],"wp:featuredmedia":[{"embeddable":true,"href":"https:\/\/kloon.kodukolle.ee\/fi\/wp-json\/wp\/v2\/media\/12122"}],"wp:attachment":[{"href":"https:\/\/kloon.kodukolle.ee\/fi\/wp-json\/wp\/v2\/media?parent=27230"}],"wp:term":[{"taxonomy":"product_brand","embeddable":true,"href":"https:\/\/kloon.kodukolle.ee\/fi\/wp-json\/wp\/v2\/product_brand?post=27230"},{"taxonomy":"product_cat","embeddable":true,"href":"https:\/\/kloon.kodukolle.ee\/fi\/wp-json\/wp\/v2\/product_cat?post=27230"},{"taxonomy":"product_tag","embeddable":true,"href":"https:\/\/kloon.kodukolle.ee\/fi\/wp-json\/wp\/v2\/product_tag?post=27230"}],"curies":[{"name":"wp","href":"https:\/\/api.w.org\/{rel}","templated":true}]}}