{"id":27235,"date":"2023-05-31T14:05:41","date_gmt":"2023-05-31T11:05:41","guid":{"rendered":"https:\/\/kloon.kodukolle.ee\/?post_type=product&#038;p=27235"},"modified":"2024-02-12T09:16:24","modified_gmt":"2024-02-12T07:16:24","slug":"puukiuas-skamet-sy-120","status":"publish","type":"product","link":"https:\/\/kloon.kodukolle.ee\/fi\/tuote\/puukiuas-skamet-sy-120\/","title":{"rendered":"Puukiuas SKAMET SY-120"},"content":{"rendered":"<p>Puukiuas on l\u00f6ylyhuoneen syd\u00e4n, jota ei pit\u00e4isi puuttua kenenk\u00e4\u00e4n todellisen saunan yst\u00e4v\u00e4n kodista. Virkist\u00e4v\u00e4 sauna on t\u00e4ydellinen tapa paeta arjen huolia v\u00e4sytt\u00e4v\u00e4n ty\u00f6p\u00e4iv\u00e4n tai stressaavan ty\u00f6viikon j\u00e4lkeen. Skamet-kiukaat on tarkoitettu kaikille, jotka arvostavat rentouttavaa saunaa, h\u00f6yry yst\u00e4vien kanssa tai parantavaa saunomista.<\/p>\n<p>Samasta huoneesta l\u00e4mmitett\u00e4v\u00e4 py\u00f6re\u00e4 verkkorunkoinen Skamet SY-120 -kiuas sopii mainiosti 16-25 m\u00b3:n l\u00f6ylyhuoneisiin. Verkkorungolla varustetuissa kiukaissa saunak\u00e4ynti kest\u00e4\u00e4 yleens\u00e4 tavallista pidemp\u00e4\u00e4n kiuaskivien suuren m\u00e4\u00e4r\u00e4n vuoksi. Sauna l\u00e4mpenee 60-90 minuutissa. Sen kompaktit mitat tekev\u00e4t siit\u00e4 ihanteellisen my\u00f6s pienempiin h\u00f6yryhuoneisiin. Puul\u00e4mmitteinen kiuassarja sis\u00e4lt\u00e4\u00e4 metalliluukun puisella kahvalla, oven aukeamista voi valita. On my\u00f6s mahdollista ostaa kiuaskivi\u00e4 ja vesis\u00e4ili\u00f6 savupiippuun kiinnitett\u00e4v\u00e4ksi ja l\u00e4mmitt\u00e4\u00e4 sen avulla vett\u00e4. Kattilan liit\u00e4nt\u00e4vaihtoehto (oikea, vasen, taka) tai ilman. Haluttaessa metalliovi voidaan korvata l\u00e4mm\u00f6nkest\u00e4v\u00e4ll\u00e4 lasiovella.<\/p>\n<p>&nbsp;<\/p>\n","protected":false},"excerpt":{"rendered":"<p>Samasta huoneesta l\u00e4mmitett\u00e4v\u00e4 py\u00f6re\u00e4 verkkorunkoinen Skamet SY-120 -kiuas sopii mainiosti 16-25 m\u00b3:n l\u00f6ylyhuoneisiin. Verkkorungolla varustetuissa kiukaissa saunak\u00e4ynti kest\u00e4\u00e4 yleens\u00e4 tavallista pidemp\u00e4\u00e4n kiuaskivien suuren m\u00e4\u00e4r\u00e4n vuoksi. Sauna l\u00e4mpenee 60-90 minuutissa. Sen kompaktit mitat tekev\u00e4t siit\u00e4 ihanteellisen my\u00f6s pienempiin h\u00f6yryhuoneisiin.<\/p>\n","protected":false},"featured_media":12100,"template":"","meta":{"_acf_changed":false},"product_brand":[],"product_cat":[9692,9723],"product_tag":[],"class_list":{"0":"post-27235","1":"product","2":"type-product","3":"status-publish","4":"has-post-thumbnail","6":"brands-skamet-fi","7":"product_cat-kiukaat-ja-grillit","8":"product_cat-ale","10":"first","11":"instock","12":"shipping-taxable","13":"product-type-simple"},"acf":[],"yoast_head":"<!-- This site is optimized with the Yoast SEO plugin v27.3 - https:\/\/yoast.com\/product\/yoast-seo-wordpress\/ -->\n<title>Puukiuas SKAMET SY-120 - Kodukolle<\/title>\n<meta name=\"description\" content=\"Samasta huoneesta l\u00e4mmitett\u00e4v\u00e4 py\u00f6re\u00e4 verkkorunkoinen Skamet SY-120 -kiuas sopii mainiosti 16-25 m\u00b3:n l\u00f6ylyhuoneisiin.\" \/>\n<meta name=\"robots\" content=\"noindex, follow, max-snippet:-1, max-image-preview:large, max-video-preview:-1\" \/>\n<meta property=\"og:locale\" content=\"fi_FI\" \/>\n<meta property=\"og:type\" content=\"article\" \/>\n<meta property=\"og:title\" content=\"Puukiuas SKAMET SY-120 - Kodukolle\" \/>\n<meta property=\"og:description\" content=\"Samasta huoneesta l\u00e4mmitett\u00e4v\u00e4 py\u00f6re\u00e4 verkkorunkoinen Skamet SY-120 -kiuas sopii mainiosti 16-25 m\u00b3:n l\u00f6ylyhuoneisiin.\" \/>\n<meta property=\"og:url\" content=\"https:\/\/kloon.kodukolle.ee\/fi\/tuote\/puukiuas-skamet-sy-120\/\" \/>\n<meta property=\"og:site_name\" content=\"Kodukolle\" \/>\n<meta property=\"article:modified_time\" content=\"2024-02-12T07:16:24+00:00\" \/>\n<meta property=\"og:image\" content=\"https:\/\/kloon.kodukolle.ee\/wp-content\/uploads\/2023\/05\/SY-116-SY-120.jpg\" \/>\n\t<meta property=\"og:image:width\" content=\"999\" \/>\n\t<meta property=\"og:image:height\" content=\"990\" \/>\n\t<meta property=\"og:image:type\" content=\"image\/jpeg\" \/>\n<meta name=\"twitter:card\" content=\"summary_large_image\" \/>\n<meta name=\"twitter:label1\" content=\"Est. reading time\" \/>\n\t<meta name=\"twitter:data1\" content=\"2 minuuttia\" \/>\n<script type=\"application\/ld+json\" class=\"yoast-schema-graph\">{\"@context\":\"https:\\\/\\\/schema.org\",\"@graph\":[{\"@type\":\"WebPage\",\"@id\":\"https:\\\/\\\/kloon.kodukolle.ee\\\/fi\\\/tuote\\\/puukiuas-skamet-sy-120\\\/\",\"url\":\"https:\\\/\\\/kloon.kodukolle.ee\\\/fi\\\/tuote\\\/puukiuas-skamet-sy-120\\\/\",\"name\":\"Puukiuas SKAMET SY-120 - Kodukolle\",\"isPartOf\":{\"@id\":\"https:\\\/\\\/kloon.kodukolle.ee\\\/#website\"},\"primaryImageOfPage\":{\"@id\":\"https:\\\/\\\/kloon.kodukolle.ee\\\/fi\\\/tuote\\\/puukiuas-skamet-sy-120\\\/#primaryimage\"},\"image\":{\"@id\":\"https:\\\/\\\/kloon.kodukolle.ee\\\/fi\\\/tuote\\\/puukiuas-skamet-sy-120\\\/#primaryimage\"},\"thumbnailUrl\":\"https:\\\/\\\/kloon.kodukolle.ee\\\/wp-content\\\/uploads\\\/2023\\\/05\\\/SY-116-SY-120.jpg\",\"datePublished\":\"2023-05-31T11:05:41+00:00\",\"dateModified\":\"2024-02-12T07:16:24+00:00\",\"description\":\"Samasta huoneesta l\u00e4mmitett\u00e4v\u00e4 py\u00f6re\u00e4 verkkorunkoinen Skamet SY-120 -kiuas sopii mainiosti 16-25 m\u00b3:n l\u00f6ylyhuoneisiin.\",\"breadcrumb\":{\"@id\":\"https:\\\/\\\/kloon.kodukolle.ee\\\/fi\\\/tuote\\\/puukiuas-skamet-sy-120\\\/#breadcrumb\"},\"inLanguage\":\"fi\",\"potentialAction\":[{\"@type\":\"ReadAction\",\"target\":[\"https:\\\/\\\/kloon.kodukolle.ee\\\/fi\\\/tuote\\\/puukiuas-skamet-sy-120\\\/\"]}]},{\"@type\":\"ImageObject\",\"inLanguage\":\"fi\",\"@id\":\"https:\\\/\\\/kloon.kodukolle.ee\\\/fi\\\/tuote\\\/puukiuas-skamet-sy-120\\\/#primaryimage\",\"url\":\"https:\\\/\\\/kloon.kodukolle.ee\\\/wp-content\\\/uploads\\\/2023\\\/05\\\/SY-116-SY-120.jpg\",\"contentUrl\":\"https:\\\/\\\/kloon.kodukolle.ee\\\/wp-content\\\/uploads\\\/2023\\\/05\\\/SY-116-SY-120.jpg\",\"width\":999,\"height\":990,\"caption\":\"SY-116\"},{\"@type\":\"BreadcrumbList\",\"@id\":\"https:\\\/\\\/kloon.kodukolle.ee\\\/fi\\\/tuote\\\/puukiuas-skamet-sy-120\\\/#breadcrumb\",\"itemListElement\":[{\"@type\":\"ListItem\",\"position\":1,\"name\":\"Home\",\"item\":\"https:\\\/\\\/kloon.kodukolle.ee\\\/fi\\\/\"},{\"@type\":\"ListItem\",\"position\":2,\"name\":\"Tuotteet\",\"item\":\"https:\\\/\\\/kloon.kodukolle.ee\\\/fi\\\/tuotteet\\\/\"},{\"@type\":\"ListItem\",\"position\":3,\"name\":\"Puukiuas SKAMET SY-120\"}]},{\"@type\":\"WebSite\",\"@id\":\"https:\\\/\\\/kloon.kodukolle.ee\\\/#website\",\"url\":\"https:\\\/\\\/kloon.kodukolle.ee\\\/\",\"name\":\"Kodukolle\",\"description\":\"\",\"publisher\":{\"@id\":\"https:\\\/\\\/kloon.kodukolle.ee\\\/#organization\"},\"potentialAction\":[{\"@type\":\"SearchAction\",\"target\":{\"@type\":\"EntryPoint\",\"urlTemplate\":\"https:\\\/\\\/kloon.kodukolle.ee\\\/?s={search_term_string}\"},\"query-input\":{\"@type\":\"PropertyValueSpecification\",\"valueRequired\":true,\"valueName\":\"search_term_string\"}}],\"inLanguage\":\"fi\"},{\"@type\":\"Organization\",\"@id\":\"https:\\\/\\\/kloon.kodukolle.ee\\\/#organization\",\"name\":\"Kodukolle\",\"url\":\"https:\\\/\\\/kloon.kodukolle.ee\\\/\",\"logo\":{\"@type\":\"ImageObject\",\"inLanguage\":\"fi\",\"@id\":\"https:\\\/\\\/kloon.kodukolle.ee\\\/#\\\/schema\\\/logo\\\/image\\\/\",\"url\":\"https:\\\/\\\/kloon.kodukolle.ee\\\/wp-content\\\/uploads\\\/2025\\\/06\\\/logo_must_gradient.svg\",\"contentUrl\":\"https:\\\/\\\/kloon.kodukolle.ee\\\/wp-content\\\/uploads\\\/2025\\\/06\\\/logo_must_gradient.svg\",\"caption\":\"Kodukolle\"},\"image\":{\"@id\":\"https:\\\/\\\/kloon.kodukolle.ee\\\/#\\\/schema\\\/logo\\\/image\\\/\"}}]}<\/script>\n<!-- \/ Yoast SEO plugin. -->","yoast_head_json":{"title":"Puukiuas SKAMET SY-120 - Kodukolle","description":"Samasta huoneesta l\u00e4mmitett\u00e4v\u00e4 py\u00f6re\u00e4 verkkorunkoinen Skamet SY-120 -kiuas sopii mainiosti 16-25 m\u00b3:n l\u00f6ylyhuoneisiin.","robots":{"index":"noindex","follow":"follow","max-snippet":"max-snippet:-1","max-image-preview":"max-image-preview:large","max-video-preview":"max-video-preview:-1"},"og_locale":"fi_FI","og_type":"article","og_title":"Puukiuas SKAMET SY-120 - Kodukolle","og_description":"Samasta huoneesta l\u00e4mmitett\u00e4v\u00e4 py\u00f6re\u00e4 verkkorunkoinen Skamet SY-120 -kiuas sopii mainiosti 16-25 m\u00b3:n l\u00f6ylyhuoneisiin.","og_url":"https:\/\/kloon.kodukolle.ee\/fi\/tuote\/puukiuas-skamet-sy-120\/","og_site_name":"Kodukolle","article_modified_time":"2024-02-12T07:16:24+00:00","og_image":[{"width":999,"height":990,"url":"https:\/\/kloon.kodukolle.ee\/wp-content\/uploads\/2023\/05\/SY-116-SY-120.jpg","type":"image\/jpeg"}],"twitter_card":"summary_large_image","twitter_misc":{"Est. reading time":"2 minuuttia"},"schema":{"@context":"https:\/\/schema.org","@graph":[{"@type":"WebPage","@id":"https:\/\/kloon.kodukolle.ee\/fi\/tuote\/puukiuas-skamet-sy-120\/","url":"https:\/\/kloon.kodukolle.ee\/fi\/tuote\/puukiuas-skamet-sy-120\/","name":"Puukiuas SKAMET SY-120 - Kodukolle","isPartOf":{"@id":"https:\/\/kloon.kodukolle.ee\/#website"},"primaryImageOfPage":{"@id":"https:\/\/kloon.kodukolle.ee\/fi\/tuote\/puukiuas-skamet-sy-120\/#primaryimage"},"image":{"@id":"https:\/\/kloon.kodukolle.ee\/fi\/tuote\/puukiuas-skamet-sy-120\/#primaryimage"},"thumbnailUrl":"https:\/\/kloon.kodukolle.ee\/wp-content\/uploads\/2023\/05\/SY-116-SY-120.jpg","datePublished":"2023-05-31T11:05:41+00:00","dateModified":"2024-02-12T07:16:24+00:00","description":"Samasta huoneesta l\u00e4mmitett\u00e4v\u00e4 py\u00f6re\u00e4 verkkorunkoinen Skamet SY-120 -kiuas sopii mainiosti 16-25 m\u00b3:n l\u00f6ylyhuoneisiin.","breadcrumb":{"@id":"https:\/\/kloon.kodukolle.ee\/fi\/tuote\/puukiuas-skamet-sy-120\/#breadcrumb"},"inLanguage":"fi","potentialAction":[{"@type":"ReadAction","target":["https:\/\/kloon.kodukolle.ee\/fi\/tuote\/puukiuas-skamet-sy-120\/"]}]},{"@type":"ImageObject","inLanguage":"fi","@id":"https:\/\/kloon.kodukolle.ee\/fi\/tuote\/puukiuas-skamet-sy-120\/#primaryimage","url":"https:\/\/kloon.kodukolle.ee\/wp-content\/uploads\/2023\/05\/SY-116-SY-120.jpg","contentUrl":"https:\/\/kloon.kodukolle.ee\/wp-content\/uploads\/2023\/05\/SY-116-SY-120.jpg","width":999,"height":990,"caption":"SY-116"},{"@type":"BreadcrumbList","@id":"https:\/\/kloon.kodukolle.ee\/fi\/tuote\/puukiuas-skamet-sy-120\/#breadcrumb","itemListElement":[{"@type":"ListItem","position":1,"name":"Home","item":"https:\/\/kloon.kodukolle.ee\/fi\/"},{"@type":"ListItem","position":2,"name":"Tuotteet","item":"https:\/\/kloon.kodukolle.ee\/fi\/tuotteet\/"},{"@type":"ListItem","position":3,"name":"Puukiuas SKAMET SY-120"}]},{"@type":"WebSite","@id":"https:\/\/kloon.kodukolle.ee\/#website","url":"https:\/\/kloon.kodukolle.ee\/","name":"Kodukolle","description":"","publisher":{"@id":"https:\/\/kloon.kodukolle.ee\/#organization"},"potentialAction":[{"@type":"SearchAction","target":{"@type":"EntryPoint","urlTemplate":"https:\/\/kloon.kodukolle.ee\/?s={search_term_string}"},"query-input":{"@type":"PropertyValueSpecification","valueRequired":true,"valueName":"search_term_string"}}],"inLanguage":"fi"},{"@type":"Organization","@id":"https:\/\/kloon.kodukolle.ee\/#organization","name":"Kodukolle","url":"https:\/\/kloon.kodukolle.ee\/","logo":{"@type":"ImageObject","inLanguage":"fi","@id":"https:\/\/kloon.kodukolle.ee\/#\/schema\/logo\/image\/","url":"https:\/\/kloon.kodukolle.ee\/wp-content\/uploads\/2025\/06\/logo_must_gradient.svg","contentUrl":"https:\/\/kloon.kodukolle.ee\/wp-content\/uploads\/2025\/06\/logo_must_gradient.svg","caption":"Kodukolle"},"image":{"@id":"https:\/\/kloon.kodukolle.ee\/#\/schema\/logo\/image\/"}}]}},"_links":{"self":[{"href":"https:\/\/kloon.kodukolle.ee\/fi\/wp-json\/wp\/v2\/product\/27235","targetHints":{"allow":["GET"]}}],"collection":[{"href":"https:\/\/kloon.kodukolle.ee\/fi\/wp-json\/wp\/v2\/product"}],"about":[{"href":"https:\/\/kloon.kodukolle.ee\/fi\/wp-json\/wp\/v2\/types\/product"}],"wp:featuredmedia":[{"embeddable":true,"href":"https:\/\/kloon.kodukolle.ee\/fi\/wp-json\/wp\/v2\/media\/12100"}],"wp:attachment":[{"href":"https:\/\/kloon.kodukolle.ee\/fi\/wp-json\/wp\/v2\/media?parent=27235"}],"wp:term":[{"taxonomy":"product_brand","embeddable":true,"href":"https:\/\/kloon.kodukolle.ee\/fi\/wp-json\/wp\/v2\/product_brand?post=27235"},{"taxonomy":"product_cat","embeddable":true,"href":"https:\/\/kloon.kodukolle.ee\/fi\/wp-json\/wp\/v2\/product_cat?post=27235"},{"taxonomy":"product_tag","embeddable":true,"href":"https:\/\/kloon.kodukolle.ee\/fi\/wp-json\/wp\/v2\/product_tag?post=27235"}],"curies":[{"name":"wp","href":"https:\/\/api.w.org\/{rel}","templated":true}]}}