{"id":27929,"date":"2020-02-20T12:26:18","date_gmt":"2020-02-20T10:26:18","guid":{"rendered":"https:\/\/kloon.kodukolle.ee\/?post_type=product&#038;p=27929"},"modified":"2024-03-11T15:43:11","modified_gmt":"2024-03-11T13:43:11","slug":"kamiina-alfa-plam-elita-2","status":"publish","type":"product","link":"https:\/\/kloon.kodukolle.ee\/fi\/tuote\/kamiina-alfa-plam-elita-2\/","title":{"rendered":"Kamiina Alfa Plam ELITA 2"},"content":{"rendered":"<p>Yksinkertaisesti muotoiltu ja k\u00e4yt\u00e4nn\u00f6llinen Alfa Plam Elita 2 -takka l\u00e4mmitt\u00e4\u00e4 tehokkaasti pienipintaisia \u200b\u200bhuoneita. Takan Elita 2 jokainen yksityiskohta on valmistettu poikkeuksellisen tarkasti ja sen valmistuksessa on k\u00e4ytetty laadukkaimpia materiaaleja. T\u00e4m\u00e4 takka sopii ihmisille, jotka arvostavat paitsi toimivuutta, my\u00f6s estetiikkaa ja kest\u00e4vyytt\u00e4. Saatavilla olevien eri v\u00e4rivaihtoehtojen ansiosta l\u00f6yd\u00e4t varmasti t\u00e4ydellisen tulisijan sisustukseen.<\/p>\n<p><strong>EDUT:<\/strong> <\/p>\n<ul>\n<li>Laadukkaasta valuraudasta valmistettu pintalevy, joka on ihanteellinen, jos haluat k\u00e4ytt\u00e4\u00e4 takkaa ruoan ja juoman l\u00e4mmitt\u00e4miseen<\/li>\n<li>Takkaluukun l\u00e4mm\u00f6nkest\u00e4v\u00e4 lasi mahdollistaa tulisijan el\u00e4v\u00e4n tulen nauttimisen<\/li>\n<li>Palokammio vuorattu samottilevyill\u00e4, mik\u00e4 parantaa l\u00e4mm\u00f6n kertymist\u00e4 ja palamisl\u00e4mp\u00f6tilaa<\/li>\n<li>Prim\u00e4\u00e4ri- ja toisioilman sy\u00f6t\u00f6n s\u00e4\u00e4t\u00f6 takaa tarkan ilman annostelun ja paremman palamistehokkuuden<\/li>\n<li>Irrotettava tuhkalaatikko helppoon puhdistamiseen<\/li>\n<li>Takan alaosassa on s\u00e4ilytyspaikka polttopuille tai tarvikkeille<\/li>\n<li>Hormiliit\u00e4nn\u00e4n sijainti: ylh\u00e4\u00e4ll\u00e4<\/li>\n<\/ul>\n<p>&nbsp;<\/p>\n","protected":false},"excerpt":{"rendered":"<p>Yksinkertaisesti muotoiltu ja k\u00e4yt\u00e4nn\u00f6llinen Alfa Plam Elita 2 -takka l\u00e4mmitt\u00e4\u00e4 tehokkaasti pienipintaisia \u200b\u200bhuoneita. Takan Elita 2 jokainen yksityiskohta on valmistettu poikkeuksellisen tarkasti ja sen valmistuksessa on k\u00e4ytetty laadukkaimpia materiaaleja. T\u00e4m\u00e4 takka sopii ihmisille, jotka arvostavat paitsi toimivuutta, my\u00f6s estetiikkaa ja kest\u00e4vyytt\u00e4. Saatavilla olevien eri v\u00e4rivaihtoehtojen ansiosta l\u00f6yd\u00e4t varmasti t\u00e4ydellisen tulisijan sisustukseen.<\/p>\n","protected":false},"featured_media":27890,"template":"","meta":{"_acf_changed":false},"product_brand":[],"product_cat":[9620],"product_tag":[],"class_list":{"0":"post-27929","1":"product","2":"type-product","3":"status-publish","4":"has-post-thumbnail","6":"brands-alfa-plam-fi","7":"product_cat-takat","9":"first","10":"instock","11":"shipping-taxable","12":"purchasable","13":"product-type-simple"},"acf":[],"yoast_head":"<!-- This site is optimized with the Yoast SEO plugin v27.3 - https:\/\/yoast.com\/product\/yoast-seo-wordpress\/ -->\n<title>Kamiina Alfa Plam ELITA 2 - Kodukolle<\/title>\n<meta name=\"description\" content=\"Yksinkertaisesti muotoiltu ja k\u00e4yt\u00e4nn\u00f6llinen Alfa Plam Elita 2 -takka l\u00e4mmitt\u00e4\u00e4 tehokkaasti pienipintaisia \u200b\u200bhuoneita.\" \/>\n<meta name=\"robots\" content=\"noindex, follow, max-snippet:-1, max-image-preview:large, max-video-preview:-1\" \/>\n<meta property=\"og:locale\" content=\"fi_FI\" \/>\n<meta property=\"og:type\" content=\"article\" \/>\n<meta property=\"og:title\" content=\"Kamiina Alfa Plam ELITA 2 - Kodukolle\" \/>\n<meta property=\"og:description\" content=\"Yksinkertaisesti muotoiltu ja k\u00e4yt\u00e4nn\u00f6llinen Alfa Plam Elita 2 -takka l\u00e4mmitt\u00e4\u00e4 tehokkaasti pienipintaisia \u200b\u200bhuoneita.\" \/>\n<meta property=\"og:url\" content=\"https:\/\/kloon.kodukolle.ee\/fi\/tuote\/kamiina-alfa-plam-elita-2\/\" \/>\n<meta property=\"og:site_name\" content=\"Kodukolle\" \/>\n<meta property=\"article:modified_time\" content=\"2024-03-11T13:43:11+00:00\" \/>\n<meta property=\"og:image\" content=\"https:\/\/kloon.kodukolle.ee\/wp-content\/uploads\/2020\/02\/Alfa-Plam-Elita-2.jpg\" \/>\n\t<meta property=\"og:image:width\" content=\"1003\" \/>\n\t<meta property=\"og:image:height\" content=\"836\" \/>\n\t<meta property=\"og:image:type\" content=\"image\/jpeg\" \/>\n<meta name=\"twitter:card\" content=\"summary_large_image\" \/>\n<meta name=\"twitter:label1\" content=\"Est. reading time\" \/>\n\t<meta name=\"twitter:data1\" content=\"1 minuutti\" \/>\n<script type=\"application\/ld+json\" class=\"yoast-schema-graph\">{\"@context\":\"https:\\\/\\\/schema.org\",\"@graph\":[{\"@type\":\"WebPage\",\"@id\":\"https:\\\/\\\/kloon.kodukolle.ee\\\/fi\\\/tuote\\\/kamiina-alfa-plam-elita-2\\\/\",\"url\":\"https:\\\/\\\/kloon.kodukolle.ee\\\/fi\\\/tuote\\\/kamiina-alfa-plam-elita-2\\\/\",\"name\":\"Kamiina Alfa Plam ELITA 2 - Kodukolle\",\"isPartOf\":{\"@id\":\"https:\\\/\\\/kloon.kodukolle.ee\\\/#website\"},\"primaryImageOfPage\":{\"@id\":\"https:\\\/\\\/kloon.kodukolle.ee\\\/fi\\\/tuote\\\/kamiina-alfa-plam-elita-2\\\/#primaryimage\"},\"image\":{\"@id\":\"https:\\\/\\\/kloon.kodukolle.ee\\\/fi\\\/tuote\\\/kamiina-alfa-plam-elita-2\\\/#primaryimage\"},\"thumbnailUrl\":\"https:\\\/\\\/kloon.kodukolle.ee\\\/wp-content\\\/uploads\\\/2020\\\/02\\\/Alfa-Plam-Elita-2.jpg\",\"datePublished\":\"2020-02-20T10:26:18+00:00\",\"dateModified\":\"2024-03-11T13:43:11+00:00\",\"description\":\"Yksinkertaisesti muotoiltu ja k\u00e4yt\u00e4nn\u00f6llinen Alfa Plam Elita 2 -takka l\u00e4mmitt\u00e4\u00e4 tehokkaasti pienipintaisia \u200b\u200bhuoneita.\",\"breadcrumb\":{\"@id\":\"https:\\\/\\\/kloon.kodukolle.ee\\\/fi\\\/tuote\\\/kamiina-alfa-plam-elita-2\\\/#breadcrumb\"},\"inLanguage\":\"fi\",\"potentialAction\":[{\"@type\":\"ReadAction\",\"target\":[\"https:\\\/\\\/kloon.kodukolle.ee\\\/fi\\\/tuote\\\/kamiina-alfa-plam-elita-2\\\/\"]}]},{\"@type\":\"ImageObject\",\"inLanguage\":\"fi\",\"@id\":\"https:\\\/\\\/kloon.kodukolle.ee\\\/fi\\\/tuote\\\/kamiina-alfa-plam-elita-2\\\/#primaryimage\",\"url\":\"https:\\\/\\\/kloon.kodukolle.ee\\\/wp-content\\\/uploads\\\/2020\\\/02\\\/Alfa-Plam-Elita-2.jpg\",\"contentUrl\":\"https:\\\/\\\/kloon.kodukolle.ee\\\/wp-content\\\/uploads\\\/2020\\\/02\\\/Alfa-Plam-Elita-2.jpg\",\"width\":1003,\"height\":836,\"caption\":\"Alfa Plam Elita 2\"},{\"@type\":\"BreadcrumbList\",\"@id\":\"https:\\\/\\\/kloon.kodukolle.ee\\\/fi\\\/tuote\\\/kamiina-alfa-plam-elita-2\\\/#breadcrumb\",\"itemListElement\":[{\"@type\":\"ListItem\",\"position\":1,\"name\":\"Home\",\"item\":\"https:\\\/\\\/kloon.kodukolle.ee\\\/fi\\\/\"},{\"@type\":\"ListItem\",\"position\":2,\"name\":\"Tuotteet\",\"item\":\"https:\\\/\\\/kloon.kodukolle.ee\\\/fi\\\/tuotteet\\\/\"},{\"@type\":\"ListItem\",\"position\":3,\"name\":\"Kamiina Alfa Plam ELITA 2\"}]},{\"@type\":\"WebSite\",\"@id\":\"https:\\\/\\\/kloon.kodukolle.ee\\\/#website\",\"url\":\"https:\\\/\\\/kloon.kodukolle.ee\\\/\",\"name\":\"Kodukolle\",\"description\":\"\",\"publisher\":{\"@id\":\"https:\\\/\\\/kloon.kodukolle.ee\\\/#organization\"},\"potentialAction\":[{\"@type\":\"SearchAction\",\"target\":{\"@type\":\"EntryPoint\",\"urlTemplate\":\"https:\\\/\\\/kloon.kodukolle.ee\\\/?s={search_term_string}\"},\"query-input\":{\"@type\":\"PropertyValueSpecification\",\"valueRequired\":true,\"valueName\":\"search_term_string\"}}],\"inLanguage\":\"fi\"},{\"@type\":\"Organization\",\"@id\":\"https:\\\/\\\/kloon.kodukolle.ee\\\/#organization\",\"name\":\"Kodukolle\",\"url\":\"https:\\\/\\\/kloon.kodukolle.ee\\\/\",\"logo\":{\"@type\":\"ImageObject\",\"inLanguage\":\"fi\",\"@id\":\"https:\\\/\\\/kloon.kodukolle.ee\\\/#\\\/schema\\\/logo\\\/image\\\/\",\"url\":\"https:\\\/\\\/kloon.kodukolle.ee\\\/wp-content\\\/uploads\\\/2025\\\/06\\\/logo_must_gradient.svg\",\"contentUrl\":\"https:\\\/\\\/kloon.kodukolle.ee\\\/wp-content\\\/uploads\\\/2025\\\/06\\\/logo_must_gradient.svg\",\"caption\":\"Kodukolle\"},\"image\":{\"@id\":\"https:\\\/\\\/kloon.kodukolle.ee\\\/#\\\/schema\\\/logo\\\/image\\\/\"}}]}<\/script>\n<!-- \/ Yoast SEO plugin. -->","yoast_head_json":{"title":"Kamiina Alfa Plam ELITA 2 - Kodukolle","description":"Yksinkertaisesti muotoiltu ja k\u00e4yt\u00e4nn\u00f6llinen Alfa Plam Elita 2 -takka l\u00e4mmitt\u00e4\u00e4 tehokkaasti pienipintaisia \u200b\u200bhuoneita.","robots":{"index":"noindex","follow":"follow","max-snippet":"max-snippet:-1","max-image-preview":"max-image-preview:large","max-video-preview":"max-video-preview:-1"},"og_locale":"fi_FI","og_type":"article","og_title":"Kamiina Alfa Plam ELITA 2 - Kodukolle","og_description":"Yksinkertaisesti muotoiltu ja k\u00e4yt\u00e4nn\u00f6llinen Alfa Plam Elita 2 -takka l\u00e4mmitt\u00e4\u00e4 tehokkaasti pienipintaisia \u200b\u200bhuoneita.","og_url":"https:\/\/kloon.kodukolle.ee\/fi\/tuote\/kamiina-alfa-plam-elita-2\/","og_site_name":"Kodukolle","article_modified_time":"2024-03-11T13:43:11+00:00","og_image":[{"width":1003,"height":836,"url":"https:\/\/kloon.kodukolle.ee\/wp-content\/uploads\/2020\/02\/Alfa-Plam-Elita-2.jpg","type":"image\/jpeg"}],"twitter_card":"summary_large_image","twitter_misc":{"Est. reading time":"1 minuutti"},"schema":{"@context":"https:\/\/schema.org","@graph":[{"@type":"WebPage","@id":"https:\/\/kloon.kodukolle.ee\/fi\/tuote\/kamiina-alfa-plam-elita-2\/","url":"https:\/\/kloon.kodukolle.ee\/fi\/tuote\/kamiina-alfa-plam-elita-2\/","name":"Kamiina Alfa Plam ELITA 2 - Kodukolle","isPartOf":{"@id":"https:\/\/kloon.kodukolle.ee\/#website"},"primaryImageOfPage":{"@id":"https:\/\/kloon.kodukolle.ee\/fi\/tuote\/kamiina-alfa-plam-elita-2\/#primaryimage"},"image":{"@id":"https:\/\/kloon.kodukolle.ee\/fi\/tuote\/kamiina-alfa-plam-elita-2\/#primaryimage"},"thumbnailUrl":"https:\/\/kloon.kodukolle.ee\/wp-content\/uploads\/2020\/02\/Alfa-Plam-Elita-2.jpg","datePublished":"2020-02-20T10:26:18+00:00","dateModified":"2024-03-11T13:43:11+00:00","description":"Yksinkertaisesti muotoiltu ja k\u00e4yt\u00e4nn\u00f6llinen Alfa Plam Elita 2 -takka l\u00e4mmitt\u00e4\u00e4 tehokkaasti pienipintaisia \u200b\u200bhuoneita.","breadcrumb":{"@id":"https:\/\/kloon.kodukolle.ee\/fi\/tuote\/kamiina-alfa-plam-elita-2\/#breadcrumb"},"inLanguage":"fi","potentialAction":[{"@type":"ReadAction","target":["https:\/\/kloon.kodukolle.ee\/fi\/tuote\/kamiina-alfa-plam-elita-2\/"]}]},{"@type":"ImageObject","inLanguage":"fi","@id":"https:\/\/kloon.kodukolle.ee\/fi\/tuote\/kamiina-alfa-plam-elita-2\/#primaryimage","url":"https:\/\/kloon.kodukolle.ee\/wp-content\/uploads\/2020\/02\/Alfa-Plam-Elita-2.jpg","contentUrl":"https:\/\/kloon.kodukolle.ee\/wp-content\/uploads\/2020\/02\/Alfa-Plam-Elita-2.jpg","width":1003,"height":836,"caption":"Alfa Plam Elita 2"},{"@type":"BreadcrumbList","@id":"https:\/\/kloon.kodukolle.ee\/fi\/tuote\/kamiina-alfa-plam-elita-2\/#breadcrumb","itemListElement":[{"@type":"ListItem","position":1,"name":"Home","item":"https:\/\/kloon.kodukolle.ee\/fi\/"},{"@type":"ListItem","position":2,"name":"Tuotteet","item":"https:\/\/kloon.kodukolle.ee\/fi\/tuotteet\/"},{"@type":"ListItem","position":3,"name":"Kamiina Alfa Plam ELITA 2"}]},{"@type":"WebSite","@id":"https:\/\/kloon.kodukolle.ee\/#website","url":"https:\/\/kloon.kodukolle.ee\/","name":"Kodukolle","description":"","publisher":{"@id":"https:\/\/kloon.kodukolle.ee\/#organization"},"potentialAction":[{"@type":"SearchAction","target":{"@type":"EntryPoint","urlTemplate":"https:\/\/kloon.kodukolle.ee\/?s={search_term_string}"},"query-input":{"@type":"PropertyValueSpecification","valueRequired":true,"valueName":"search_term_string"}}],"inLanguage":"fi"},{"@type":"Organization","@id":"https:\/\/kloon.kodukolle.ee\/#organization","name":"Kodukolle","url":"https:\/\/kloon.kodukolle.ee\/","logo":{"@type":"ImageObject","inLanguage":"fi","@id":"https:\/\/kloon.kodukolle.ee\/#\/schema\/logo\/image\/","url":"https:\/\/kloon.kodukolle.ee\/wp-content\/uploads\/2025\/06\/logo_must_gradient.svg","contentUrl":"https:\/\/kloon.kodukolle.ee\/wp-content\/uploads\/2025\/06\/logo_must_gradient.svg","caption":"Kodukolle"},"image":{"@id":"https:\/\/kloon.kodukolle.ee\/#\/schema\/logo\/image\/"}}]}},"_links":{"self":[{"href":"https:\/\/kloon.kodukolle.ee\/fi\/wp-json\/wp\/v2\/product\/27929","targetHints":{"allow":["GET"]}}],"collection":[{"href":"https:\/\/kloon.kodukolle.ee\/fi\/wp-json\/wp\/v2\/product"}],"about":[{"href":"https:\/\/kloon.kodukolle.ee\/fi\/wp-json\/wp\/v2\/types\/product"}],"wp:featuredmedia":[{"embeddable":true,"href":"https:\/\/kloon.kodukolle.ee\/fi\/wp-json\/wp\/v2\/media\/27890"}],"wp:attachment":[{"href":"https:\/\/kloon.kodukolle.ee\/fi\/wp-json\/wp\/v2\/media?parent=27929"}],"wp:term":[{"taxonomy":"product_brand","embeddable":true,"href":"https:\/\/kloon.kodukolle.ee\/fi\/wp-json\/wp\/v2\/product_brand?post=27929"},{"taxonomy":"product_cat","embeddable":true,"href":"https:\/\/kloon.kodukolle.ee\/fi\/wp-json\/wp\/v2\/product_cat?post=27929"},{"taxonomy":"product_tag","embeddable":true,"href":"https:\/\/kloon.kodukolle.ee\/fi\/wp-json\/wp\/v2\/product_tag?post=27929"}],"curies":[{"name":"wp","href":"https:\/\/api.w.org\/{rel}","templated":true}]}}