{"id":28363,"date":"2024-03-14T15:10:52","date_gmt":"2024-03-14T13:10:52","guid":{"rendered":"https:\/\/kloon.kodukolle.ee\/?post_type=product&#038;p=28363"},"modified":"2024-03-15T12:22:52","modified_gmt":"2024-03-15T10:22:52","slug":"ulkotakka-grilli-color-hestia-300","status":"publish","type":"product","link":"https:\/\/kloon.kodukolle.ee\/fi\/tuote\/ulkotakka-grilli-color-hestia-300\/","title":{"rendered":"Ulkotakka-grilli Color HESTIA 300"},"content":{"rendered":"<p>Color Hestia 300 esittelee nerokkaan kaksik\u00e4ytt\u00f6isen ulkotakka-grillin, joka on ihanteellinen niille, jotka nauttivat ulkoilmaruokailusta tai haluavat viett\u00e4\u00e4 enemm\u00e4n aikaa ulkona. Takkatulen \u00e4\u00e4ress\u00e4 on mukava l\u00e4mmitell\u00e4, viett\u00e4\u00e4 aikaa ja grillata herkkuja. Nauti upeista, lumoavista hetkist\u00e4 perheen ja yst\u00e4vien kanssa ymp\u00e4ri vuoden. T\u00e4ydellisen kokoinen grillausalue 6-8 hengen porukalle. Tyylikk\u00e4\u00e4sti muotoiltu ulkotakka-grilli Color Hestia 300 on upea lis\u00e4varuste, joka korostaa mit\u00e4 tahansa terassia tai pihaa.\n<\/ul>\n<p><strong>EDUT:<\/strong><\/p>\n<ul>\n<li>Grillin koko sopii 6-8 hengen ruokittavaksi<\/li>\n<li>Integroitu deflektori mahdollistaa helpon vaihtamisen kypsennystilaan<\/li>\n<li>Irrotettavat sivulevyt ruostumattomasta ter\u00e4ksest\u00e4<\/li>\n<li>Suuri lasiovi tarjoaa upean mahdollisuuden nauttia el\u00e4v\u00e4st\u00e4 tulesta ja sen l\u00e4mm\u00f6st\u00e4<\/li>\n<li>Suljettava kansi k\u00f6ydell\u00e4 ja s\u00e4\u00e4dett\u00e4v\u00e4 savuputki<\/li>\n<li>Tulokammioon tulevaa ilmavirtaa voidaan s\u00e4\u00e4t\u00e4\u00e4 vaivattomasti yhdell\u00e4 vivulla<\/li>\n<\/ul>\n<p>&nbsp;<\/p>\n","protected":false},"excerpt":{"rendered":"<p>Color Hestia 300 esittelee nerokkaan kaksik\u00e4ytt\u00f6isen ulkotakka-grillin, joka on ihanteellinen niille, jotka nauttivat ulkoilmaruokailusta tai haluavat viett\u00e4\u00e4 enemm\u00e4n aikaa ulkona. Takkatulen \u00e4\u00e4ress\u00e4 on mukava l\u00e4mmitell\u00e4, viett\u00e4\u00e4 aikaa ja grillata herkkuja. Nauti upeista, lumoavista hetkist\u00e4 perheen ja yst\u00e4vien kanssa ymp\u00e4ri vuoden.<\/p>\n","protected":false},"featured_media":28379,"template":"","meta":{"_acf_changed":false},"product_brand":[],"product_cat":[9692,9723],"product_tag":[],"class_list":{"0":"post-28363","1":"product","2":"type-product","3":"status-publish","4":"has-post-thumbnail","6":"brands-color-fi","7":"product_cat-kiukaat-ja-grillit","8":"product_cat-ale","10":"first","11":"instock","12":"sale","13":"shipping-taxable","14":"purchasable","15":"product-type-simple"},"acf":[],"yoast_head":"<!-- This site is optimized with the Yoast SEO plugin v27.3 - https:\/\/yoast.com\/product\/yoast-seo-wordpress\/ -->\n<title>Ulkotakka-grilli Color HESTIA 300 - Kodukolle<\/title>\n<meta name=\"description\" content=\"Color Hestia 300 esittelee nerokkaan kaksik\u00e4ytt\u00f6isen ulkotakka-grillin, joka on ihanteellinen niille, jotka nauttivat ulkoilmaruokailusta tai haluavat viett\u00e4\u00e4 enemm\u00e4n aikaa ulkona.\" \/>\n<meta name=\"robots\" content=\"noindex, follow, max-snippet:-1, max-image-preview:large, max-video-preview:-1\" \/>\n<meta property=\"og:locale\" content=\"fi_FI\" \/>\n<meta property=\"og:type\" content=\"article\" \/>\n<meta property=\"og:title\" content=\"Ulkotakka-grilli Color HESTIA 300 - Kodukolle\" \/>\n<meta property=\"og:description\" content=\"Color Hestia 300 esittelee nerokkaan kaksik\u00e4ytt\u00f6isen ulkotakka-grillin, joka on ihanteellinen niille, jotka nauttivat ulkoilmaruokailusta tai haluavat viett\u00e4\u00e4 enemm\u00e4n aikaa ulkona.\" \/>\n<meta property=\"og:url\" content=\"https:\/\/kloon.kodukolle.ee\/fi\/tuote\/ulkotakka-grilli-color-hestia-300\/\" \/>\n<meta property=\"og:site_name\" content=\"Kodukolle\" \/>\n<meta property=\"article:modified_time\" content=\"2024-03-15T10:22:52+00:00\" \/>\n<meta property=\"og:image\" content=\"https:\/\/kloon.kodukolle.ee\/wp-content\/uploads\/2024\/03\/Color-HESTIA-300_4-scaled.jpg\" \/>\n\t<meta property=\"og:image:width\" content=\"2560\" \/>\n\t<meta property=\"og:image:height\" content=\"2518\" \/>\n\t<meta property=\"og:image:type\" content=\"image\/jpeg\" \/>\n<meta name=\"twitter:card\" content=\"summary_large_image\" \/>\n<meta name=\"twitter:label1\" content=\"Est. reading time\" \/>\n\t<meta name=\"twitter:data1\" content=\"1 minuutti\" \/>\n<script type=\"application\/ld+json\" class=\"yoast-schema-graph\">{\"@context\":\"https:\\\/\\\/schema.org\",\"@graph\":[{\"@type\":\"WebPage\",\"@id\":\"https:\\\/\\\/kloon.kodukolle.ee\\\/fi\\\/tuote\\\/ulkotakka-grilli-color-hestia-300\\\/\",\"url\":\"https:\\\/\\\/kloon.kodukolle.ee\\\/fi\\\/tuote\\\/ulkotakka-grilli-color-hestia-300\\\/\",\"name\":\"Ulkotakka-grilli Color HESTIA 300 - Kodukolle\",\"isPartOf\":{\"@id\":\"https:\\\/\\\/kloon.kodukolle.ee\\\/#website\"},\"primaryImageOfPage\":{\"@id\":\"https:\\\/\\\/kloon.kodukolle.ee\\\/fi\\\/tuote\\\/ulkotakka-grilli-color-hestia-300\\\/#primaryimage\"},\"image\":{\"@id\":\"https:\\\/\\\/kloon.kodukolle.ee\\\/fi\\\/tuote\\\/ulkotakka-grilli-color-hestia-300\\\/#primaryimage\"},\"thumbnailUrl\":\"https:\\\/\\\/kloon.kodukolle.ee\\\/wp-content\\\/uploads\\\/2024\\\/03\\\/Color-HESTIA-300_4-scaled.jpg\",\"datePublished\":\"2024-03-14T13:10:52+00:00\",\"dateModified\":\"2024-03-15T10:22:52+00:00\",\"description\":\"Color Hestia 300 esittelee nerokkaan kaksik\u00e4ytt\u00f6isen ulkotakka-grillin, joka on ihanteellinen niille, jotka nauttivat ulkoilmaruokailusta tai haluavat viett\u00e4\u00e4 enemm\u00e4n aikaa ulkona.\",\"breadcrumb\":{\"@id\":\"https:\\\/\\\/kloon.kodukolle.ee\\\/fi\\\/tuote\\\/ulkotakka-grilli-color-hestia-300\\\/#breadcrumb\"},\"inLanguage\":\"fi\",\"potentialAction\":[{\"@type\":\"ReadAction\",\"target\":[\"https:\\\/\\\/kloon.kodukolle.ee\\\/fi\\\/tuote\\\/ulkotakka-grilli-color-hestia-300\\\/\"]}]},{\"@type\":\"ImageObject\",\"inLanguage\":\"fi\",\"@id\":\"https:\\\/\\\/kloon.kodukolle.ee\\\/fi\\\/tuote\\\/ulkotakka-grilli-color-hestia-300\\\/#primaryimage\",\"url\":\"https:\\\/\\\/kloon.kodukolle.ee\\\/wp-content\\\/uploads\\\/2024\\\/03\\\/Color-HESTIA-300_4-scaled.jpg\",\"contentUrl\":\"https:\\\/\\\/kloon.kodukolle.ee\\\/wp-content\\\/uploads\\\/2024\\\/03\\\/Color-HESTIA-300_4-scaled.jpg\",\"width\":2560,\"height\":2518,\"caption\":\"Color HESTIA 300\"},{\"@type\":\"BreadcrumbList\",\"@id\":\"https:\\\/\\\/kloon.kodukolle.ee\\\/fi\\\/tuote\\\/ulkotakka-grilli-color-hestia-300\\\/#breadcrumb\",\"itemListElement\":[{\"@type\":\"ListItem\",\"position\":1,\"name\":\"Home\",\"item\":\"https:\\\/\\\/kloon.kodukolle.ee\\\/fi\\\/\"},{\"@type\":\"ListItem\",\"position\":2,\"name\":\"Tuotteet\",\"item\":\"https:\\\/\\\/kloon.kodukolle.ee\\\/fi\\\/tuotteet\\\/\"},{\"@type\":\"ListItem\",\"position\":3,\"name\":\"Ulkotakka-grilli Color HESTIA 300\"}]},{\"@type\":\"WebSite\",\"@id\":\"https:\\\/\\\/kloon.kodukolle.ee\\\/#website\",\"url\":\"https:\\\/\\\/kloon.kodukolle.ee\\\/\",\"name\":\"Kodukolle\",\"description\":\"\",\"publisher\":{\"@id\":\"https:\\\/\\\/kloon.kodukolle.ee\\\/#organization\"},\"potentialAction\":[{\"@type\":\"SearchAction\",\"target\":{\"@type\":\"EntryPoint\",\"urlTemplate\":\"https:\\\/\\\/kloon.kodukolle.ee\\\/?s={search_term_string}\"},\"query-input\":{\"@type\":\"PropertyValueSpecification\",\"valueRequired\":true,\"valueName\":\"search_term_string\"}}],\"inLanguage\":\"fi\"},{\"@type\":\"Organization\",\"@id\":\"https:\\\/\\\/kloon.kodukolle.ee\\\/#organization\",\"name\":\"Kodukolle\",\"url\":\"https:\\\/\\\/kloon.kodukolle.ee\\\/\",\"logo\":{\"@type\":\"ImageObject\",\"inLanguage\":\"fi\",\"@id\":\"https:\\\/\\\/kloon.kodukolle.ee\\\/#\\\/schema\\\/logo\\\/image\\\/\",\"url\":\"https:\\\/\\\/kloon.kodukolle.ee\\\/wp-content\\\/uploads\\\/2025\\\/06\\\/logo_must_gradient.svg\",\"contentUrl\":\"https:\\\/\\\/kloon.kodukolle.ee\\\/wp-content\\\/uploads\\\/2025\\\/06\\\/logo_must_gradient.svg\",\"caption\":\"Kodukolle\"},\"image\":{\"@id\":\"https:\\\/\\\/kloon.kodukolle.ee\\\/#\\\/schema\\\/logo\\\/image\\\/\"}}]}<\/script>\n<!-- \/ Yoast SEO plugin. -->","yoast_head_json":{"title":"Ulkotakka-grilli Color HESTIA 300 - Kodukolle","description":"Color Hestia 300 esittelee nerokkaan kaksik\u00e4ytt\u00f6isen ulkotakka-grillin, joka on ihanteellinen niille, jotka nauttivat ulkoilmaruokailusta tai haluavat viett\u00e4\u00e4 enemm\u00e4n aikaa ulkona.","robots":{"index":"noindex","follow":"follow","max-snippet":"max-snippet:-1","max-image-preview":"max-image-preview:large","max-video-preview":"max-video-preview:-1"},"og_locale":"fi_FI","og_type":"article","og_title":"Ulkotakka-grilli Color HESTIA 300 - Kodukolle","og_description":"Color Hestia 300 esittelee nerokkaan kaksik\u00e4ytt\u00f6isen ulkotakka-grillin, joka on ihanteellinen niille, jotka nauttivat ulkoilmaruokailusta tai haluavat viett\u00e4\u00e4 enemm\u00e4n aikaa ulkona.","og_url":"https:\/\/kloon.kodukolle.ee\/fi\/tuote\/ulkotakka-grilli-color-hestia-300\/","og_site_name":"Kodukolle","article_modified_time":"2024-03-15T10:22:52+00:00","og_image":[{"width":2560,"height":2518,"url":"https:\/\/kloon.kodukolle.ee\/wp-content\/uploads\/2024\/03\/Color-HESTIA-300_4-scaled.jpg","type":"image\/jpeg"}],"twitter_card":"summary_large_image","twitter_misc":{"Est. reading time":"1 minuutti"},"schema":{"@context":"https:\/\/schema.org","@graph":[{"@type":"WebPage","@id":"https:\/\/kloon.kodukolle.ee\/fi\/tuote\/ulkotakka-grilli-color-hestia-300\/","url":"https:\/\/kloon.kodukolle.ee\/fi\/tuote\/ulkotakka-grilli-color-hestia-300\/","name":"Ulkotakka-grilli Color HESTIA 300 - Kodukolle","isPartOf":{"@id":"https:\/\/kloon.kodukolle.ee\/#website"},"primaryImageOfPage":{"@id":"https:\/\/kloon.kodukolle.ee\/fi\/tuote\/ulkotakka-grilli-color-hestia-300\/#primaryimage"},"image":{"@id":"https:\/\/kloon.kodukolle.ee\/fi\/tuote\/ulkotakka-grilli-color-hestia-300\/#primaryimage"},"thumbnailUrl":"https:\/\/kloon.kodukolle.ee\/wp-content\/uploads\/2024\/03\/Color-HESTIA-300_4-scaled.jpg","datePublished":"2024-03-14T13:10:52+00:00","dateModified":"2024-03-15T10:22:52+00:00","description":"Color Hestia 300 esittelee nerokkaan kaksik\u00e4ytt\u00f6isen ulkotakka-grillin, joka on ihanteellinen niille, jotka nauttivat ulkoilmaruokailusta tai haluavat viett\u00e4\u00e4 enemm\u00e4n aikaa ulkona.","breadcrumb":{"@id":"https:\/\/kloon.kodukolle.ee\/fi\/tuote\/ulkotakka-grilli-color-hestia-300\/#breadcrumb"},"inLanguage":"fi","potentialAction":[{"@type":"ReadAction","target":["https:\/\/kloon.kodukolle.ee\/fi\/tuote\/ulkotakka-grilli-color-hestia-300\/"]}]},{"@type":"ImageObject","inLanguage":"fi","@id":"https:\/\/kloon.kodukolle.ee\/fi\/tuote\/ulkotakka-grilli-color-hestia-300\/#primaryimage","url":"https:\/\/kloon.kodukolle.ee\/wp-content\/uploads\/2024\/03\/Color-HESTIA-300_4-scaled.jpg","contentUrl":"https:\/\/kloon.kodukolle.ee\/wp-content\/uploads\/2024\/03\/Color-HESTIA-300_4-scaled.jpg","width":2560,"height":2518,"caption":"Color HESTIA 300"},{"@type":"BreadcrumbList","@id":"https:\/\/kloon.kodukolle.ee\/fi\/tuote\/ulkotakka-grilli-color-hestia-300\/#breadcrumb","itemListElement":[{"@type":"ListItem","position":1,"name":"Home","item":"https:\/\/kloon.kodukolle.ee\/fi\/"},{"@type":"ListItem","position":2,"name":"Tuotteet","item":"https:\/\/kloon.kodukolle.ee\/fi\/tuotteet\/"},{"@type":"ListItem","position":3,"name":"Ulkotakka-grilli Color HESTIA 300"}]},{"@type":"WebSite","@id":"https:\/\/kloon.kodukolle.ee\/#website","url":"https:\/\/kloon.kodukolle.ee\/","name":"Kodukolle","description":"","publisher":{"@id":"https:\/\/kloon.kodukolle.ee\/#organization"},"potentialAction":[{"@type":"SearchAction","target":{"@type":"EntryPoint","urlTemplate":"https:\/\/kloon.kodukolle.ee\/?s={search_term_string}"},"query-input":{"@type":"PropertyValueSpecification","valueRequired":true,"valueName":"search_term_string"}}],"inLanguage":"fi"},{"@type":"Organization","@id":"https:\/\/kloon.kodukolle.ee\/#organization","name":"Kodukolle","url":"https:\/\/kloon.kodukolle.ee\/","logo":{"@type":"ImageObject","inLanguage":"fi","@id":"https:\/\/kloon.kodukolle.ee\/#\/schema\/logo\/image\/","url":"https:\/\/kloon.kodukolle.ee\/wp-content\/uploads\/2025\/06\/logo_must_gradient.svg","contentUrl":"https:\/\/kloon.kodukolle.ee\/wp-content\/uploads\/2025\/06\/logo_must_gradient.svg","caption":"Kodukolle"},"image":{"@id":"https:\/\/kloon.kodukolle.ee\/#\/schema\/logo\/image\/"}}]}},"_links":{"self":[{"href":"https:\/\/kloon.kodukolle.ee\/fi\/wp-json\/wp\/v2\/product\/28363","targetHints":{"allow":["GET"]}}],"collection":[{"href":"https:\/\/kloon.kodukolle.ee\/fi\/wp-json\/wp\/v2\/product"}],"about":[{"href":"https:\/\/kloon.kodukolle.ee\/fi\/wp-json\/wp\/v2\/types\/product"}],"wp:featuredmedia":[{"embeddable":true,"href":"https:\/\/kloon.kodukolle.ee\/fi\/wp-json\/wp\/v2\/media\/28379"}],"wp:attachment":[{"href":"https:\/\/kloon.kodukolle.ee\/fi\/wp-json\/wp\/v2\/media?parent=28363"}],"wp:term":[{"taxonomy":"product_brand","embeddable":true,"href":"https:\/\/kloon.kodukolle.ee\/fi\/wp-json\/wp\/v2\/product_brand?post=28363"},{"taxonomy":"product_cat","embeddable":true,"href":"https:\/\/kloon.kodukolle.ee\/fi\/wp-json\/wp\/v2\/product_cat?post=28363"},{"taxonomy":"product_tag","embeddable":true,"href":"https:\/\/kloon.kodukolle.ee\/fi\/wp-json\/wp\/v2\/product_tag?post=28363"}],"curies":[{"name":"wp","href":"https:\/\/api.w.org\/{rel}","templated":true}]}}