{"id":30078,"date":"2022-10-20T11:57:31","date_gmt":"2022-10-20T08:57:31","guid":{"rendered":"https:\/\/kloon.kodukolle.ee\/?post_type=product&#038;p=30078"},"modified":"2025-11-23T21:24:16","modified_gmt":"2025-11-23T19:24:16","slug":"pellettitakka-extraflame-klaudia-plus-air","status":"publish","type":"product","link":"https:\/\/kloon.kodukolle.ee\/fi\/tuote\/pellettitakka-extraflame-klaudia-plus-air\/","title":{"rendered":"Pellettitakka Extraflame KLAUDIA PLUS (AIR)"},"content":{"rendered":"<p>Pellettitakka Extraflame KLAUDIA PLUS<\/p>\n<ul>\n<li>Ilmal\u00e4mmitysmalli, jossa 1 lis\u00e4ilmapuhallin<\/li>\n<li>Viron-kielinen valikko<\/li>\n<li>Kaunis n\u00e4kym\u00e4 liekkiin<\/li>\n<\/ul>\n","protected":false},"excerpt":{"rendered":"<p>Pellettitakka Extraflame KLAUDIA PLUS Ilmal\u00e4mmitysmalli, jossa 1 lis\u00e4ilmapuhallin Viron-kielinen valikko Kaunis n\u00e4kym\u00e4 liekkiin<\/p>\n","protected":false},"featured_media":8755,"template":"","meta":{"_acf_changed":false},"product_brand":[],"product_cat":[9687],"product_tag":[],"class_list":{"0":"post-30078","1":"product","2":"type-product","3":"status-publish","4":"has-post-thumbnail","6":"brands-extraflame-fi","7":"product_cat-pellettitakat","9":"first","10":"instock","11":"shipping-taxable","12":"purchasable","13":"product-type-simple"},"acf":[],"yoast_head":"<!-- This site is optimized with the Yoast SEO plugin v27.3 - https:\/\/yoast.com\/product\/yoast-seo-wordpress\/ -->\n<title>Pellettitakka Extraflame KLAUDIA PLUS<\/title>\n<meta name=\"description\" content=\"Tutustu Extraflame KLAUDIA PLUS pellettitakkaan \u2013 ilmal\u00e4mmitysmalli lis\u00e4ilmapuhaltimella, Viron-kielisell\u00e4 valikolla ja kauniilla n\u00e4kym\u00e4ll\u00e4 liekkeihin. Pyyd\u00e4 tarjous ja l\u00e4mmit\u00e4 kotisi tyylikk\u00e4\u00e4sti ja tehokkaasti.\" \/>\n<meta name=\"robots\" content=\"noindex, follow, max-snippet:-1, max-image-preview:large, max-video-preview:-1\" \/>\n<meta property=\"og:locale\" content=\"fi_FI\" \/>\n<meta property=\"og:type\" content=\"article\" \/>\n<meta property=\"og:title\" content=\"Pellettitakka Extraflame KLAUDIA PLUS\" \/>\n<meta property=\"og:description\" content=\"Tutustu Extraflame KLAUDIA PLUS pellettitakkaan \u2013 ilmal\u00e4mmitysmalli lis\u00e4ilmapuhaltimella, Viron-kielisell\u00e4 valikolla ja kauniilla n\u00e4kym\u00e4ll\u00e4 liekkeihin. Pyyd\u00e4 tarjous ja l\u00e4mmit\u00e4 kotisi tyylikk\u00e4\u00e4sti ja tehokkaasti.\" \/>\n<meta property=\"og:url\" content=\"https:\/\/kloon.kodukolle.ee\/fi\/tuote\/pellettitakka-extraflame-klaudia-plus-air\/\" \/>\n<meta property=\"og:site_name\" content=\"Kodukolle\" \/>\n<meta property=\"article:modified_time\" content=\"2025-11-23T19:24:16+00:00\" \/>\n<meta property=\"og:image\" content=\"https:\/\/kloon.kodukolle.ee\/wp-content\/uploads\/2022\/10\/klaudia_bo_582-542.jpg\" \/>\n\t<meta property=\"og:image:width\" content=\"582\" \/>\n\t<meta property=\"og:image:height\" content=\"542\" \/>\n\t<meta property=\"og:image:type\" content=\"image\/jpeg\" \/>\n<meta name=\"twitter:card\" content=\"summary_large_image\" \/>\n<meta name=\"twitter:label1\" content=\"Est. reading time\" \/>\n\t<meta name=\"twitter:data1\" content=\"1 minuutti\" \/>\n<script type=\"application\/ld+json\" class=\"yoast-schema-graph\">{\"@context\":\"https:\\\/\\\/schema.org\",\"@graph\":[{\"@type\":\"WebPage\",\"@id\":\"https:\\\/\\\/kloon.kodukolle.ee\\\/fi\\\/tuote\\\/pellettitakka-extraflame-klaudia-plus-air\\\/\",\"url\":\"https:\\\/\\\/kloon.kodukolle.ee\\\/fi\\\/tuote\\\/pellettitakka-extraflame-klaudia-plus-air\\\/\",\"name\":\"Pellettitakka Extraflame KLAUDIA PLUS\",\"isPartOf\":{\"@id\":\"https:\\\/\\\/kloon.kodukolle.ee\\\/#website\"},\"primaryImageOfPage\":{\"@id\":\"https:\\\/\\\/kloon.kodukolle.ee\\\/fi\\\/tuote\\\/pellettitakka-extraflame-klaudia-plus-air\\\/#primaryimage\"},\"image\":{\"@id\":\"https:\\\/\\\/kloon.kodukolle.ee\\\/fi\\\/tuote\\\/pellettitakka-extraflame-klaudia-plus-air\\\/#primaryimage\"},\"thumbnailUrl\":\"https:\\\/\\\/kloon.kodukolle.ee\\\/wp-content\\\/uploads\\\/2022\\\/10\\\/klaudia_bo_582-542.jpg\",\"datePublished\":\"2022-10-20T08:57:31+00:00\",\"dateModified\":\"2025-11-23T19:24:16+00:00\",\"description\":\"Tutustu Extraflame KLAUDIA PLUS pellettitakkaan \u2013 ilmal\u00e4mmitysmalli lis\u00e4ilmapuhaltimella, Viron-kielisell\u00e4 valikolla ja kauniilla n\u00e4kym\u00e4ll\u00e4 liekkeihin. Pyyd\u00e4 tarjous ja l\u00e4mmit\u00e4 kotisi tyylikk\u00e4\u00e4sti ja tehokkaasti.\",\"breadcrumb\":{\"@id\":\"https:\\\/\\\/kloon.kodukolle.ee\\\/fi\\\/tuote\\\/pellettitakka-extraflame-klaudia-plus-air\\\/#breadcrumb\"},\"inLanguage\":\"fi\",\"potentialAction\":[{\"@type\":\"ReadAction\",\"target\":[\"https:\\\/\\\/kloon.kodukolle.ee\\\/fi\\\/tuote\\\/pellettitakka-extraflame-klaudia-plus-air\\\/\"]}]},{\"@type\":\"ImageObject\",\"inLanguage\":\"fi\",\"@id\":\"https:\\\/\\\/kloon.kodukolle.ee\\\/fi\\\/tuote\\\/pellettitakka-extraflame-klaudia-plus-air\\\/#primaryimage\",\"url\":\"https:\\\/\\\/kloon.kodukolle.ee\\\/wp-content\\\/uploads\\\/2022\\\/10\\\/klaudia_bo_582-542.jpg\",\"contentUrl\":\"https:\\\/\\\/kloon.kodukolle.ee\\\/wp-content\\\/uploads\\\/2022\\\/10\\\/klaudia_bo_582-542.jpg\",\"width\":582,\"height\":542},{\"@type\":\"BreadcrumbList\",\"@id\":\"https:\\\/\\\/kloon.kodukolle.ee\\\/fi\\\/tuote\\\/pellettitakka-extraflame-klaudia-plus-air\\\/#breadcrumb\",\"itemListElement\":[{\"@type\":\"ListItem\",\"position\":1,\"name\":\"Home\",\"item\":\"https:\\\/\\\/kloon.kodukolle.ee\\\/fi\\\/\"},{\"@type\":\"ListItem\",\"position\":2,\"name\":\"Tuotteet\",\"item\":\"https:\\\/\\\/kloon.kodukolle.ee\\\/fi\\\/tuotteet\\\/\"},{\"@type\":\"ListItem\",\"position\":3,\"name\":\"Pellettitakka Extraflame KLAUDIA PLUS (AIR)\"}]},{\"@type\":\"WebSite\",\"@id\":\"https:\\\/\\\/kloon.kodukolle.ee\\\/#website\",\"url\":\"https:\\\/\\\/kloon.kodukolle.ee\\\/\",\"name\":\"Kodukolle\",\"description\":\"\",\"publisher\":{\"@id\":\"https:\\\/\\\/kloon.kodukolle.ee\\\/#organization\"},\"potentialAction\":[{\"@type\":\"SearchAction\",\"target\":{\"@type\":\"EntryPoint\",\"urlTemplate\":\"https:\\\/\\\/kloon.kodukolle.ee\\\/?s={search_term_string}\"},\"query-input\":{\"@type\":\"PropertyValueSpecification\",\"valueRequired\":true,\"valueName\":\"search_term_string\"}}],\"inLanguage\":\"fi\"},{\"@type\":\"Organization\",\"@id\":\"https:\\\/\\\/kloon.kodukolle.ee\\\/#organization\",\"name\":\"Kodukolle\",\"url\":\"https:\\\/\\\/kloon.kodukolle.ee\\\/\",\"logo\":{\"@type\":\"ImageObject\",\"inLanguage\":\"fi\",\"@id\":\"https:\\\/\\\/kloon.kodukolle.ee\\\/#\\\/schema\\\/logo\\\/image\\\/\",\"url\":\"https:\\\/\\\/kloon.kodukolle.ee\\\/wp-content\\\/uploads\\\/2025\\\/06\\\/logo_must_gradient.svg\",\"contentUrl\":\"https:\\\/\\\/kloon.kodukolle.ee\\\/wp-content\\\/uploads\\\/2025\\\/06\\\/logo_must_gradient.svg\",\"caption\":\"Kodukolle\"},\"image\":{\"@id\":\"https:\\\/\\\/kloon.kodukolle.ee\\\/#\\\/schema\\\/logo\\\/image\\\/\"}}]}<\/script>\n<!-- \/ Yoast SEO plugin. -->","yoast_head_json":{"title":"Pellettitakka Extraflame KLAUDIA PLUS","description":"Tutustu Extraflame KLAUDIA PLUS pellettitakkaan \u2013 ilmal\u00e4mmitysmalli lis\u00e4ilmapuhaltimella, Viron-kielisell\u00e4 valikolla ja kauniilla n\u00e4kym\u00e4ll\u00e4 liekkeihin. Pyyd\u00e4 tarjous ja l\u00e4mmit\u00e4 kotisi tyylikk\u00e4\u00e4sti ja tehokkaasti.","robots":{"index":"noindex","follow":"follow","max-snippet":"max-snippet:-1","max-image-preview":"max-image-preview:large","max-video-preview":"max-video-preview:-1"},"og_locale":"fi_FI","og_type":"article","og_title":"Pellettitakka Extraflame KLAUDIA PLUS","og_description":"Tutustu Extraflame KLAUDIA PLUS pellettitakkaan \u2013 ilmal\u00e4mmitysmalli lis\u00e4ilmapuhaltimella, Viron-kielisell\u00e4 valikolla ja kauniilla n\u00e4kym\u00e4ll\u00e4 liekkeihin. Pyyd\u00e4 tarjous ja l\u00e4mmit\u00e4 kotisi tyylikk\u00e4\u00e4sti ja tehokkaasti.","og_url":"https:\/\/kloon.kodukolle.ee\/fi\/tuote\/pellettitakka-extraflame-klaudia-plus-air\/","og_site_name":"Kodukolle","article_modified_time":"2025-11-23T19:24:16+00:00","og_image":[{"width":582,"height":542,"url":"https:\/\/kloon.kodukolle.ee\/wp-content\/uploads\/2022\/10\/klaudia_bo_582-542.jpg","type":"image\/jpeg"}],"twitter_card":"summary_large_image","twitter_misc":{"Est. reading time":"1 minuutti"},"schema":{"@context":"https:\/\/schema.org","@graph":[{"@type":"WebPage","@id":"https:\/\/kloon.kodukolle.ee\/fi\/tuote\/pellettitakka-extraflame-klaudia-plus-air\/","url":"https:\/\/kloon.kodukolle.ee\/fi\/tuote\/pellettitakka-extraflame-klaudia-plus-air\/","name":"Pellettitakka Extraflame KLAUDIA PLUS","isPartOf":{"@id":"https:\/\/kloon.kodukolle.ee\/#website"},"primaryImageOfPage":{"@id":"https:\/\/kloon.kodukolle.ee\/fi\/tuote\/pellettitakka-extraflame-klaudia-plus-air\/#primaryimage"},"image":{"@id":"https:\/\/kloon.kodukolle.ee\/fi\/tuote\/pellettitakka-extraflame-klaudia-plus-air\/#primaryimage"},"thumbnailUrl":"https:\/\/kloon.kodukolle.ee\/wp-content\/uploads\/2022\/10\/klaudia_bo_582-542.jpg","datePublished":"2022-10-20T08:57:31+00:00","dateModified":"2025-11-23T19:24:16+00:00","description":"Tutustu Extraflame KLAUDIA PLUS pellettitakkaan \u2013 ilmal\u00e4mmitysmalli lis\u00e4ilmapuhaltimella, Viron-kielisell\u00e4 valikolla ja kauniilla n\u00e4kym\u00e4ll\u00e4 liekkeihin. Pyyd\u00e4 tarjous ja l\u00e4mmit\u00e4 kotisi tyylikk\u00e4\u00e4sti ja tehokkaasti.","breadcrumb":{"@id":"https:\/\/kloon.kodukolle.ee\/fi\/tuote\/pellettitakka-extraflame-klaudia-plus-air\/#breadcrumb"},"inLanguage":"fi","potentialAction":[{"@type":"ReadAction","target":["https:\/\/kloon.kodukolle.ee\/fi\/tuote\/pellettitakka-extraflame-klaudia-plus-air\/"]}]},{"@type":"ImageObject","inLanguage":"fi","@id":"https:\/\/kloon.kodukolle.ee\/fi\/tuote\/pellettitakka-extraflame-klaudia-plus-air\/#primaryimage","url":"https:\/\/kloon.kodukolle.ee\/wp-content\/uploads\/2022\/10\/klaudia_bo_582-542.jpg","contentUrl":"https:\/\/kloon.kodukolle.ee\/wp-content\/uploads\/2022\/10\/klaudia_bo_582-542.jpg","width":582,"height":542},{"@type":"BreadcrumbList","@id":"https:\/\/kloon.kodukolle.ee\/fi\/tuote\/pellettitakka-extraflame-klaudia-plus-air\/#breadcrumb","itemListElement":[{"@type":"ListItem","position":1,"name":"Home","item":"https:\/\/kloon.kodukolle.ee\/fi\/"},{"@type":"ListItem","position":2,"name":"Tuotteet","item":"https:\/\/kloon.kodukolle.ee\/fi\/tuotteet\/"},{"@type":"ListItem","position":3,"name":"Pellettitakka Extraflame KLAUDIA PLUS (AIR)"}]},{"@type":"WebSite","@id":"https:\/\/kloon.kodukolle.ee\/#website","url":"https:\/\/kloon.kodukolle.ee\/","name":"Kodukolle","description":"","publisher":{"@id":"https:\/\/kloon.kodukolle.ee\/#organization"},"potentialAction":[{"@type":"SearchAction","target":{"@type":"EntryPoint","urlTemplate":"https:\/\/kloon.kodukolle.ee\/?s={search_term_string}"},"query-input":{"@type":"PropertyValueSpecification","valueRequired":true,"valueName":"search_term_string"}}],"inLanguage":"fi"},{"@type":"Organization","@id":"https:\/\/kloon.kodukolle.ee\/#organization","name":"Kodukolle","url":"https:\/\/kloon.kodukolle.ee\/","logo":{"@type":"ImageObject","inLanguage":"fi","@id":"https:\/\/kloon.kodukolle.ee\/#\/schema\/logo\/image\/","url":"https:\/\/kloon.kodukolle.ee\/wp-content\/uploads\/2025\/06\/logo_must_gradient.svg","contentUrl":"https:\/\/kloon.kodukolle.ee\/wp-content\/uploads\/2025\/06\/logo_must_gradient.svg","caption":"Kodukolle"},"image":{"@id":"https:\/\/kloon.kodukolle.ee\/#\/schema\/logo\/image\/"}}]}},"_links":{"self":[{"href":"https:\/\/kloon.kodukolle.ee\/fi\/wp-json\/wp\/v2\/product\/30078","targetHints":{"allow":["GET"]}}],"collection":[{"href":"https:\/\/kloon.kodukolle.ee\/fi\/wp-json\/wp\/v2\/product"}],"about":[{"href":"https:\/\/kloon.kodukolle.ee\/fi\/wp-json\/wp\/v2\/types\/product"}],"wp:featuredmedia":[{"embeddable":true,"href":"https:\/\/kloon.kodukolle.ee\/fi\/wp-json\/wp\/v2\/media\/8755"}],"wp:attachment":[{"href":"https:\/\/kloon.kodukolle.ee\/fi\/wp-json\/wp\/v2\/media?parent=30078"}],"wp:term":[{"taxonomy":"product_brand","embeddable":true,"href":"https:\/\/kloon.kodukolle.ee\/fi\/wp-json\/wp\/v2\/product_brand?post=30078"},{"taxonomy":"product_cat","embeddable":true,"href":"https:\/\/kloon.kodukolle.ee\/fi\/wp-json\/wp\/v2\/product_cat?post=30078"},{"taxonomy":"product_tag","embeddable":true,"href":"https:\/\/kloon.kodukolle.ee\/fi\/wp-json\/wp\/v2\/product_tag?post=30078"}],"curies":[{"name":"wp","href":"https:\/\/api.w.org\/{rel}","templated":true}]}}