{"id":30119,"date":"2024-09-20T14:17:52","date_gmt":"2024-09-20T11:17:52","guid":{"rendered":"https:\/\/kloon.kodukolle.ee\/?post_type=product&#038;p=30119"},"modified":"2025-11-24T10:25:28","modified_gmt":"2025-11-24T08:25:28","slug":"jeremias-moduulisavupiippupaketti-saunaan-eco-musta-23-metria-d-115-215-mm","status":"publish","type":"product","link":"https:\/\/kloon.kodukolle.ee\/fi\/tuote\/jeremias-moduulisavupiippupaketti-saunaan-eco-musta-23-metria-d-115-215-mm\/","title":{"rendered":"Jeremias moduulisavupiippupaketti saunaan ECO musta, 2,3 metri\u00e4 D.115\/215 mm"},"content":{"rendered":"<p>Ter\u00e4spiipun aloituspaketti sis\u00e4lt\u00e4\u00e4:<br data-start=\"1063\" data-end=\"1066\" \/>1,5 m eristetty savupiippu ja 1,0 m erist\u00e4m\u00e4t\u00f6n savukaasuputki, sadekupu, kuminen kattol\u00e4pivientikaulus ja asennussarja, kattol\u00e4pivientikaulus sek\u00e4 ter\u00e4spiipun l\u00e4piviennin eristys ja turvakaulus.<br data-start=\"1261\" data-end=\"1264\" \/>Ter\u00e4spiippua on helppo jatkaa lis\u00e4osilla, 0,5 m ja 1,0 m pituisilla putkilla.<\/p>\n","protected":false},"excerpt":{"rendered":"<p>Ter\u00e4spiipun aloituspaketti sis\u00e4lt\u00e4\u00e4:1,5 m eristetty savupiippu ja 1,0 m erist\u00e4m\u00e4t\u00f6n savukaasuputki, sadekupu, kuminen kattol\u00e4pivientikaulus ja asennussarja, kattol\u00e4pivientikaulus sek\u00e4 ter\u00e4spiipun l\u00e4piviennin eristys ja turvakaulus.Ter\u00e4spiippua on helppo jatkaa lis\u00e4osilla, 0,5 m ja 1,0 m pituisilla putkilla.<\/p>\n","protected":false},"featured_media":28678,"template":"","meta":{"_acf_changed":false},"product_brand":[],"product_cat":[9691],"product_tag":[],"class_list":{"0":"post-30119","1":"product","2":"type-product","3":"status-publish","4":"has-post-thumbnail","6":"brands-jeremias-fi","7":"product_cat-hormit-ja-savupiiput","9":"first","10":"instock","11":"shipping-taxable","12":"purchasable","13":"product-type-simple"},"acf":[],"yoast_head":"<!-- This site is optimized with the Yoast SEO plugin v27.3 - https:\/\/yoast.com\/product\/yoast-seo-wordpress\/ -->\n<title>Jeremias moduulisavupiippupaketti saunaan ECO musta, 2,3 metri\u00e4 D.115\/215 mm - Kodukolle<\/title>\n<meta name=\"description\" content=\"Tilaa Jeremias ECO musta savupiippupaketti saunaan \u2014 2,3 m eristetty moduulisavupiippu, savukaasuputki, sadekupu ja turvatarvikkeet. Laajennettavissa 0,5 m ja 1,0 m jatko-osilla. Pyyd\u00e4 tarjous jo t\u00e4n\u00e4\u00e4n.\" \/>\n<meta name=\"robots\" content=\"noindex, follow, max-snippet:-1, max-image-preview:large, max-video-preview:-1\" \/>\n<meta property=\"og:locale\" content=\"fi_FI\" \/>\n<meta property=\"og:type\" content=\"article\" \/>\n<meta property=\"og:title\" content=\"Jeremias moduulisavupiippupaketti saunaan ECO musta, 2,3 metri\u00e4 D.115\/215 mm - Kodukolle\" \/>\n<meta property=\"og:description\" content=\"Tilaa Jeremias ECO musta savupiippupaketti saunaan \u2014 2,3 m eristetty moduulisavupiippu, savukaasuputki, sadekupu ja turvatarvikkeet. Laajennettavissa 0,5 m ja 1,0 m jatko-osilla. Pyyd\u00e4 tarjous jo t\u00e4n\u00e4\u00e4n.\" \/>\n<meta property=\"og:url\" content=\"https:\/\/kloon.kodukolle.ee\/fi\/tuote\/jeremias-moduulisavupiippupaketti-saunaan-eco-musta-23-metria-d-115-215-mm\/\" \/>\n<meta property=\"og:site_name\" content=\"Kodukolle\" \/>\n<meta property=\"article:modified_time\" content=\"2025-11-24T08:25:28+00:00\" \/>\n<meta property=\"og:image\" content=\"https:\/\/kloon.kodukolle.ee\/wp-content\/uploads\/2024\/09\/jeremias_saunan_piippu_115_mm_pituus_2500_mm_musta.jpg\" \/>\n\t<meta property=\"og:image:width\" content=\"343\" \/>\n\t<meta property=\"og:image:height\" content=\"1200\" \/>\n\t<meta property=\"og:image:type\" content=\"image\/jpeg\" \/>\n<meta name=\"twitter:card\" content=\"summary_large_image\" \/>\n<meta name=\"twitter:label1\" content=\"Est. reading time\" \/>\n\t<meta name=\"twitter:data1\" content=\"1 minuutti\" \/>\n<script type=\"application\/ld+json\" class=\"yoast-schema-graph\">{\"@context\":\"https:\\\/\\\/schema.org\",\"@graph\":[{\"@type\":\"WebPage\",\"@id\":\"https:\\\/\\\/kloon.kodukolle.ee\\\/fi\\\/tuote\\\/jeremias-moduulisavupiippupaketti-saunaan-eco-musta-23-metria-d-115-215-mm\\\/\",\"url\":\"https:\\\/\\\/kloon.kodukolle.ee\\\/fi\\\/tuote\\\/jeremias-moduulisavupiippupaketti-saunaan-eco-musta-23-metria-d-115-215-mm\\\/\",\"name\":\"Jeremias moduulisavupiippupaketti saunaan ECO musta, 2,3 metri\u00e4 D.115\\\/215 mm - Kodukolle\",\"isPartOf\":{\"@id\":\"https:\\\/\\\/kloon.kodukolle.ee\\\/#website\"},\"primaryImageOfPage\":{\"@id\":\"https:\\\/\\\/kloon.kodukolle.ee\\\/fi\\\/tuote\\\/jeremias-moduulisavupiippupaketti-saunaan-eco-musta-23-metria-d-115-215-mm\\\/#primaryimage\"},\"image\":{\"@id\":\"https:\\\/\\\/kloon.kodukolle.ee\\\/fi\\\/tuote\\\/jeremias-moduulisavupiippupaketti-saunaan-eco-musta-23-metria-d-115-215-mm\\\/#primaryimage\"},\"thumbnailUrl\":\"https:\\\/\\\/kloon.kodukolle.ee\\\/wp-content\\\/uploads\\\/2024\\\/09\\\/jeremias_saunan_piippu_115_mm_pituus_2500_mm_musta.jpg\",\"datePublished\":\"2024-09-20T11:17:52+00:00\",\"dateModified\":\"2025-11-24T08:25:28+00:00\",\"description\":\"Tilaa Jeremias ECO musta savupiippupaketti saunaan \u2014 2,3 m eristetty moduulisavupiippu, savukaasuputki, sadekupu ja turvatarvikkeet. Laajennettavissa 0,5 m ja 1,0 m jatko-osilla. Pyyd\u00e4 tarjous jo t\u00e4n\u00e4\u00e4n.\",\"breadcrumb\":{\"@id\":\"https:\\\/\\\/kloon.kodukolle.ee\\\/fi\\\/tuote\\\/jeremias-moduulisavupiippupaketti-saunaan-eco-musta-23-metria-d-115-215-mm\\\/#breadcrumb\"},\"inLanguage\":\"fi\",\"potentialAction\":[{\"@type\":\"ReadAction\",\"target\":[\"https:\\\/\\\/kloon.kodukolle.ee\\\/fi\\\/tuote\\\/jeremias-moduulisavupiippupaketti-saunaan-eco-musta-23-metria-d-115-215-mm\\\/\"]}]},{\"@type\":\"ImageObject\",\"inLanguage\":\"fi\",\"@id\":\"https:\\\/\\\/kloon.kodukolle.ee\\\/fi\\\/tuote\\\/jeremias-moduulisavupiippupaketti-saunaan-eco-musta-23-metria-d-115-215-mm\\\/#primaryimage\",\"url\":\"https:\\\/\\\/kloon.kodukolle.ee\\\/wp-content\\\/uploads\\\/2024\\\/09\\\/jeremias_saunan_piippu_115_mm_pituus_2500_mm_musta.jpg\",\"contentUrl\":\"https:\\\/\\\/kloon.kodukolle.ee\\\/wp-content\\\/uploads\\\/2024\\\/09\\\/jeremias_saunan_piippu_115_mm_pituus_2500_mm_musta.jpg\",\"width\":343,\"height\":1200},{\"@type\":\"BreadcrumbList\",\"@id\":\"https:\\\/\\\/kloon.kodukolle.ee\\\/fi\\\/tuote\\\/jeremias-moduulisavupiippupaketti-saunaan-eco-musta-23-metria-d-115-215-mm\\\/#breadcrumb\",\"itemListElement\":[{\"@type\":\"ListItem\",\"position\":1,\"name\":\"Home\",\"item\":\"https:\\\/\\\/kloon.kodukolle.ee\\\/fi\\\/\"},{\"@type\":\"ListItem\",\"position\":2,\"name\":\"Tuotteet\",\"item\":\"https:\\\/\\\/kloon.kodukolle.ee\\\/fi\\\/tuotteet\\\/\"},{\"@type\":\"ListItem\",\"position\":3,\"name\":\"Jeremias moduulisavupiippupaketti saunaan ECO musta, 2,3 metri\u00e4 D.115\\\/215 mm\"}]},{\"@type\":\"WebSite\",\"@id\":\"https:\\\/\\\/kloon.kodukolle.ee\\\/#website\",\"url\":\"https:\\\/\\\/kloon.kodukolle.ee\\\/\",\"name\":\"Kodukolle\",\"description\":\"\",\"publisher\":{\"@id\":\"https:\\\/\\\/kloon.kodukolle.ee\\\/#organization\"},\"potentialAction\":[{\"@type\":\"SearchAction\",\"target\":{\"@type\":\"EntryPoint\",\"urlTemplate\":\"https:\\\/\\\/kloon.kodukolle.ee\\\/?s={search_term_string}\"},\"query-input\":{\"@type\":\"PropertyValueSpecification\",\"valueRequired\":true,\"valueName\":\"search_term_string\"}}],\"inLanguage\":\"fi\"},{\"@type\":\"Organization\",\"@id\":\"https:\\\/\\\/kloon.kodukolle.ee\\\/#organization\",\"name\":\"Kodukolle\",\"url\":\"https:\\\/\\\/kloon.kodukolle.ee\\\/\",\"logo\":{\"@type\":\"ImageObject\",\"inLanguage\":\"fi\",\"@id\":\"https:\\\/\\\/kloon.kodukolle.ee\\\/#\\\/schema\\\/logo\\\/image\\\/\",\"url\":\"https:\\\/\\\/kloon.kodukolle.ee\\\/wp-content\\\/uploads\\\/2025\\\/06\\\/logo_must_gradient.svg\",\"contentUrl\":\"https:\\\/\\\/kloon.kodukolle.ee\\\/wp-content\\\/uploads\\\/2025\\\/06\\\/logo_must_gradient.svg\",\"caption\":\"Kodukolle\"},\"image\":{\"@id\":\"https:\\\/\\\/kloon.kodukolle.ee\\\/#\\\/schema\\\/logo\\\/image\\\/\"}}]}<\/script>\n<!-- \/ Yoast SEO plugin. -->","yoast_head_json":{"title":"Jeremias moduulisavupiippupaketti saunaan ECO musta, 2,3 metri\u00e4 D.115\/215 mm - Kodukolle","description":"Tilaa Jeremias ECO musta savupiippupaketti saunaan \u2014 2,3 m eristetty moduulisavupiippu, savukaasuputki, sadekupu ja turvatarvikkeet. Laajennettavissa 0,5 m ja 1,0 m jatko-osilla. Pyyd\u00e4 tarjous jo t\u00e4n\u00e4\u00e4n.","robots":{"index":"noindex","follow":"follow","max-snippet":"max-snippet:-1","max-image-preview":"max-image-preview:large","max-video-preview":"max-video-preview:-1"},"og_locale":"fi_FI","og_type":"article","og_title":"Jeremias moduulisavupiippupaketti saunaan ECO musta, 2,3 metri\u00e4 D.115\/215 mm - Kodukolle","og_description":"Tilaa Jeremias ECO musta savupiippupaketti saunaan \u2014 2,3 m eristetty moduulisavupiippu, savukaasuputki, sadekupu ja turvatarvikkeet. Laajennettavissa 0,5 m ja 1,0 m jatko-osilla. Pyyd\u00e4 tarjous jo t\u00e4n\u00e4\u00e4n.","og_url":"https:\/\/kloon.kodukolle.ee\/fi\/tuote\/jeremias-moduulisavupiippupaketti-saunaan-eco-musta-23-metria-d-115-215-mm\/","og_site_name":"Kodukolle","article_modified_time":"2025-11-24T08:25:28+00:00","og_image":[{"width":343,"height":1200,"url":"https:\/\/kloon.kodukolle.ee\/wp-content\/uploads\/2024\/09\/jeremias_saunan_piippu_115_mm_pituus_2500_mm_musta.jpg","type":"image\/jpeg"}],"twitter_card":"summary_large_image","twitter_misc":{"Est. reading time":"1 minuutti"},"schema":{"@context":"https:\/\/schema.org","@graph":[{"@type":"WebPage","@id":"https:\/\/kloon.kodukolle.ee\/fi\/tuote\/jeremias-moduulisavupiippupaketti-saunaan-eco-musta-23-metria-d-115-215-mm\/","url":"https:\/\/kloon.kodukolle.ee\/fi\/tuote\/jeremias-moduulisavupiippupaketti-saunaan-eco-musta-23-metria-d-115-215-mm\/","name":"Jeremias moduulisavupiippupaketti saunaan ECO musta, 2,3 metri\u00e4 D.115\/215 mm - Kodukolle","isPartOf":{"@id":"https:\/\/kloon.kodukolle.ee\/#website"},"primaryImageOfPage":{"@id":"https:\/\/kloon.kodukolle.ee\/fi\/tuote\/jeremias-moduulisavupiippupaketti-saunaan-eco-musta-23-metria-d-115-215-mm\/#primaryimage"},"image":{"@id":"https:\/\/kloon.kodukolle.ee\/fi\/tuote\/jeremias-moduulisavupiippupaketti-saunaan-eco-musta-23-metria-d-115-215-mm\/#primaryimage"},"thumbnailUrl":"https:\/\/kloon.kodukolle.ee\/wp-content\/uploads\/2024\/09\/jeremias_saunan_piippu_115_mm_pituus_2500_mm_musta.jpg","datePublished":"2024-09-20T11:17:52+00:00","dateModified":"2025-11-24T08:25:28+00:00","description":"Tilaa Jeremias ECO musta savupiippupaketti saunaan \u2014 2,3 m eristetty moduulisavupiippu, savukaasuputki, sadekupu ja turvatarvikkeet. Laajennettavissa 0,5 m ja 1,0 m jatko-osilla. Pyyd\u00e4 tarjous jo t\u00e4n\u00e4\u00e4n.","breadcrumb":{"@id":"https:\/\/kloon.kodukolle.ee\/fi\/tuote\/jeremias-moduulisavupiippupaketti-saunaan-eco-musta-23-metria-d-115-215-mm\/#breadcrumb"},"inLanguage":"fi","potentialAction":[{"@type":"ReadAction","target":["https:\/\/kloon.kodukolle.ee\/fi\/tuote\/jeremias-moduulisavupiippupaketti-saunaan-eco-musta-23-metria-d-115-215-mm\/"]}]},{"@type":"ImageObject","inLanguage":"fi","@id":"https:\/\/kloon.kodukolle.ee\/fi\/tuote\/jeremias-moduulisavupiippupaketti-saunaan-eco-musta-23-metria-d-115-215-mm\/#primaryimage","url":"https:\/\/kloon.kodukolle.ee\/wp-content\/uploads\/2024\/09\/jeremias_saunan_piippu_115_mm_pituus_2500_mm_musta.jpg","contentUrl":"https:\/\/kloon.kodukolle.ee\/wp-content\/uploads\/2024\/09\/jeremias_saunan_piippu_115_mm_pituus_2500_mm_musta.jpg","width":343,"height":1200},{"@type":"BreadcrumbList","@id":"https:\/\/kloon.kodukolle.ee\/fi\/tuote\/jeremias-moduulisavupiippupaketti-saunaan-eco-musta-23-metria-d-115-215-mm\/#breadcrumb","itemListElement":[{"@type":"ListItem","position":1,"name":"Home","item":"https:\/\/kloon.kodukolle.ee\/fi\/"},{"@type":"ListItem","position":2,"name":"Tuotteet","item":"https:\/\/kloon.kodukolle.ee\/fi\/tuotteet\/"},{"@type":"ListItem","position":3,"name":"Jeremias moduulisavupiippupaketti saunaan ECO musta, 2,3 metri\u00e4 D.115\/215 mm"}]},{"@type":"WebSite","@id":"https:\/\/kloon.kodukolle.ee\/#website","url":"https:\/\/kloon.kodukolle.ee\/","name":"Kodukolle","description":"","publisher":{"@id":"https:\/\/kloon.kodukolle.ee\/#organization"},"potentialAction":[{"@type":"SearchAction","target":{"@type":"EntryPoint","urlTemplate":"https:\/\/kloon.kodukolle.ee\/?s={search_term_string}"},"query-input":{"@type":"PropertyValueSpecification","valueRequired":true,"valueName":"search_term_string"}}],"inLanguage":"fi"},{"@type":"Organization","@id":"https:\/\/kloon.kodukolle.ee\/#organization","name":"Kodukolle","url":"https:\/\/kloon.kodukolle.ee\/","logo":{"@type":"ImageObject","inLanguage":"fi","@id":"https:\/\/kloon.kodukolle.ee\/#\/schema\/logo\/image\/","url":"https:\/\/kloon.kodukolle.ee\/wp-content\/uploads\/2025\/06\/logo_must_gradient.svg","contentUrl":"https:\/\/kloon.kodukolle.ee\/wp-content\/uploads\/2025\/06\/logo_must_gradient.svg","caption":"Kodukolle"},"image":{"@id":"https:\/\/kloon.kodukolle.ee\/#\/schema\/logo\/image\/"}}]}},"_links":{"self":[{"href":"https:\/\/kloon.kodukolle.ee\/fi\/wp-json\/wp\/v2\/product\/30119","targetHints":{"allow":["GET"]}}],"collection":[{"href":"https:\/\/kloon.kodukolle.ee\/fi\/wp-json\/wp\/v2\/product"}],"about":[{"href":"https:\/\/kloon.kodukolle.ee\/fi\/wp-json\/wp\/v2\/types\/product"}],"wp:featuredmedia":[{"embeddable":true,"href":"https:\/\/kloon.kodukolle.ee\/fi\/wp-json\/wp\/v2\/media\/28678"}],"wp:attachment":[{"href":"https:\/\/kloon.kodukolle.ee\/fi\/wp-json\/wp\/v2\/media?parent=30119"}],"wp:term":[{"taxonomy":"product_brand","embeddable":true,"href":"https:\/\/kloon.kodukolle.ee\/fi\/wp-json\/wp\/v2\/product_brand?post=30119"},{"taxonomy":"product_cat","embeddable":true,"href":"https:\/\/kloon.kodukolle.ee\/fi\/wp-json\/wp\/v2\/product_cat?post=30119"},{"taxonomy":"product_tag","embeddable":true,"href":"https:\/\/kloon.kodukolle.ee\/fi\/wp-json\/wp\/v2\/product_tag?post=30119"}],"curies":[{"name":"wp","href":"https:\/\/api.w.org\/{rel}","templated":true}]}}