{"id":30389,"date":"2026-02-01T21:21:31","date_gmt":"2026-02-01T19:21:31","guid":{"rendered":"https:\/\/kloon.kodukolle.ee\/?post_type=product&#038;p=30389"},"modified":"2026-02-01T21:56:34","modified_gmt":"2026-02-01T19:56:34","slug":"sytyke-156-kpl","status":"publish","type":"product","link":"https:\/\/kloon.kodukolle.ee\/fi\/tuote\/sytyke-156-kpl\/","title":{"rendered":"Sytyke, 156 kpl"},"content":{"rendered":"<p data-start=\"2457\" data-end=\"2804\">Kodukollen luonnollinen sytyke on asiakkaidemme luottotuote. Se on luonnollinen ja luotettava kiinte\u00e4n polttoaineen sytyke, joka on valmistettu puulastuista. Soveltuu tulen sytytt\u00e4miseen takoissa, uuneissa, avotulisijoissa ja grilleiss\u00e4. Tasainen palaminen takaa nopean ja varman syttymisen ilman ep\u00e4miellytt\u00e4v\u00e4\u00e4 hajua tai kemiallisia lis\u00e4aineita.<br \/>\nAseta sytyke polttoaineen (polttopuut, hiilet tai puubriketit) alle ja sytyt\u00e4. Yhden rullan paloaika on noin 10 minuuttia.<br \/>\nGrillattaessa varmista ennen ruoan asettamista grilliritil\u00e4lle, ett\u00e4 sytyke on palanut kokonaan ja hiilet ovat tasaisesti tuhkan peitossa.<\/p>\n<p data-start=\"3074\" data-end=\"3090\">Ominaisuudet:<\/p>\n<ul>\n<li data-start=\"3074\" data-end=\"3090\">Luonnollinen puulastuista valmistettu sytyke<\/li>\n<li data-start=\"3142\" data-end=\"3172\">Kiinte\u00e4n polttoaineen sytyke<\/li>\n<li data-start=\"3142\" data-end=\"3172\">Palaa noin 10 minuuttia per rulla<\/li>\n<li data-start=\"3213\" data-end=\"3245\">Soveltuu sis\u00e4- ja ulkok\u00e4ytt\u00f6\u00f6n<\/li>\n<li data-start=\"3213\" data-end=\"3245\">Helppo ja turvallinen k\u00e4ytt\u00e4\u00e4<\/li>\n<\/ul>\n<p data-start=\"3281\" data-end=\"3342\">S\u00e4ilytys: s\u00e4ilyt\u00e4 kuivassa paikassa<br data-start=\"3320\" data-end=\"3323\" \/>Pakkaus: 50 kpl<\/p>\n","protected":false},"excerpt":{"rendered":"<p>Kodukollen luonnollinen sytyke on asiakkaidemme luottotuote. Se on luonnollinen ja luotettava kiinte\u00e4n polttoaineen sytyke, joka on valmistettu puulastuista. Soveltuu tulen sytytt\u00e4miseen takoissa, uuneissa, avotulisijoissa ja grilleiss\u00e4. Tasainen palaminen takaa nopean ja varman syttymisen ilman ep\u00e4miellytt\u00e4v\u00e4\u00e4 hajua tai kemiallisia lis\u00e4aineita. Aseta sytyke polttoaineen (polttopuut, hiilet tai puubriketit) alle ja sytyt\u00e4. Yhden rullan paloaika on noin 10 [&hellip;]<\/p>\n","protected":false},"featured_media":30384,"template":"","meta":{"_acf_changed":false},"product_brand":[],"product_cat":[9693],"product_tag":[],"class_list":{"0":"post-30389","1":"product","2":"type-product","3":"status-publish","4":"has-post-thumbnail","6":"brands-kodukolle-fi","7":"product_cat-tarvikkeet-ja-muut-tuotteet","9":"first","10":"instock","11":"shipping-taxable","12":"purchasable","13":"product-type-simple"},"acf":[],"yoast_head":"<!-- This site is optimized with the Yoast SEO plugin v27.3 - https:\/\/yoast.com\/product\/yoast-seo-wordpress\/ -->\n<title>Luonnollinen sytyke<\/title>\n<meta name=\"description\" content=\"Luonnollinen puulastuista valmistettu sytyke takoille, uuneille ja grilleille. Nopea syttyminen, tasainen palaminen ja turvallinen k\u00e4ytt\u00f6. Kodukolle.\" \/>\n<meta name=\"robots\" content=\"noindex, follow, max-snippet:-1, max-image-preview:large, max-video-preview:-1\" \/>\n<meta property=\"og:locale\" content=\"fi_FI\" \/>\n<meta property=\"og:type\" content=\"article\" \/>\n<meta property=\"og:title\" content=\"Luonnollinen sytyke\" \/>\n<meta property=\"og:description\" content=\"Luonnollinen puulastuista valmistettu sytyke takoille, uuneille ja grilleille. Nopea syttyminen, tasainen palaminen ja turvallinen k\u00e4ytt\u00f6. Kodukolle.\" \/>\n<meta property=\"og:url\" content=\"https:\/\/kloon.kodukolle.ee\/ru\/?post_type=product&amp;p=30390\" \/>\n<meta property=\"og:site_name\" content=\"Kodukolle\" \/>\n<meta property=\"article:modified_time\" content=\"2026-02-01T19:56:34+00:00\" \/>\n<meta property=\"og:image\" content=\"https:\/\/kloon.kodukolle.ee\/wp-content\/uploads\/2026\/02\/Tulesuutaja.jpg\" \/>\n\t<meta property=\"og:image:width\" content=\"550\" \/>\n\t<meta property=\"og:image:height\" content=\"500\" \/>\n\t<meta property=\"og:image:type\" content=\"image\/jpeg\" \/>\n<meta name=\"twitter:card\" content=\"summary_large_image\" \/>\n<meta name=\"twitter:label1\" content=\"Est. reading time\" \/>\n\t<meta name=\"twitter:data1\" content=\"1 minuutti\" \/>\n<script type=\"application\/ld+json\" class=\"yoast-schema-graph\">{\"@context\":\"https:\\\/\\\/schema.org\",\"@graph\":[{\"@type\":\"WebPage\",\"@id\":\"https:\\\/\\\/kloon.kodukolle.ee\\\/ru\\\/?post_type=product&p=30390\",\"url\":\"https:\\\/\\\/kloon.kodukolle.ee\\\/ru\\\/?post_type=product&p=30390\",\"name\":\"Luonnollinen sytyke\",\"isPartOf\":{\"@id\":\"https:\\\/\\\/kloon.kodukolle.ee\\\/#website\"},\"primaryImageOfPage\":{\"@id\":\"https:\\\/\\\/kloon.kodukolle.ee\\\/ru\\\/?post_type=product&p=30390#primaryimage\"},\"image\":{\"@id\":\"https:\\\/\\\/kloon.kodukolle.ee\\\/ru\\\/?post_type=product&p=30390#primaryimage\"},\"thumbnailUrl\":\"https:\\\/\\\/kloon.kodukolle.ee\\\/wp-content\\\/uploads\\\/2026\\\/02\\\/Tulesuutaja.jpg\",\"datePublished\":\"2026-02-01T19:21:31+00:00\",\"dateModified\":\"2026-02-01T19:56:34+00:00\",\"description\":\"Luonnollinen puulastuista valmistettu sytyke takoille, uuneille ja grilleille. Nopea syttyminen, tasainen palaminen ja turvallinen k\u00e4ytt\u00f6. Kodukolle.\",\"breadcrumb\":{\"@id\":\"https:\\\/\\\/kloon.kodukolle.ee\\\/ru\\\/?post_type=product&p=30390#breadcrumb\"},\"inLanguage\":\"fi\",\"potentialAction\":[{\"@type\":\"ReadAction\",\"target\":[\"https:\\\/\\\/kloon.kodukolle.ee\\\/ru\\\/?post_type=product&p=30390\"]}]},{\"@type\":\"ImageObject\",\"inLanguage\":\"fi\",\"@id\":\"https:\\\/\\\/kloon.kodukolle.ee\\\/ru\\\/?post_type=product&p=30390#primaryimage\",\"url\":\"https:\\\/\\\/kloon.kodukolle.ee\\\/wp-content\\\/uploads\\\/2026\\\/02\\\/Tulesuutaja.jpg\",\"contentUrl\":\"https:\\\/\\\/kloon.kodukolle.ee\\\/wp-content\\\/uploads\\\/2026\\\/02\\\/Tulesuutaja.jpg\",\"width\":550,\"height\":500,\"caption\":\"Tules\u00fc\u00fctaja\"},{\"@type\":\"BreadcrumbList\",\"@id\":\"https:\\\/\\\/kloon.kodukolle.ee\\\/ru\\\/?post_type=product&p=30390#breadcrumb\",\"itemListElement\":[{\"@type\":\"ListItem\",\"position\":1,\"name\":\"Home\",\"item\":\"https:\\\/\\\/kloon.kodukolle.ee\\\/fi\\\/\"},{\"@type\":\"ListItem\",\"position\":2,\"name\":\"Tuotteet\",\"item\":\"https:\\\/\\\/kloon.kodukolle.ee\\\/fi\\\/tuotteet\\\/\"},{\"@type\":\"ListItem\",\"position\":3,\"name\":\"Sytyke, 156 kpl\"}]},{\"@type\":\"WebSite\",\"@id\":\"https:\\\/\\\/kloon.kodukolle.ee\\\/#website\",\"url\":\"https:\\\/\\\/kloon.kodukolle.ee\\\/\",\"name\":\"Kodukolle\",\"description\":\"\",\"publisher\":{\"@id\":\"https:\\\/\\\/kloon.kodukolle.ee\\\/#organization\"},\"potentialAction\":[{\"@type\":\"SearchAction\",\"target\":{\"@type\":\"EntryPoint\",\"urlTemplate\":\"https:\\\/\\\/kloon.kodukolle.ee\\\/?s={search_term_string}\"},\"query-input\":{\"@type\":\"PropertyValueSpecification\",\"valueRequired\":true,\"valueName\":\"search_term_string\"}}],\"inLanguage\":\"fi\"},{\"@type\":\"Organization\",\"@id\":\"https:\\\/\\\/kloon.kodukolle.ee\\\/#organization\",\"name\":\"Kodukolle\",\"url\":\"https:\\\/\\\/kloon.kodukolle.ee\\\/\",\"logo\":{\"@type\":\"ImageObject\",\"inLanguage\":\"fi\",\"@id\":\"https:\\\/\\\/kloon.kodukolle.ee\\\/#\\\/schema\\\/logo\\\/image\\\/\",\"url\":\"https:\\\/\\\/kloon.kodukolle.ee\\\/wp-content\\\/uploads\\\/2025\\\/06\\\/logo_must_gradient.svg\",\"contentUrl\":\"https:\\\/\\\/kloon.kodukolle.ee\\\/wp-content\\\/uploads\\\/2025\\\/06\\\/logo_must_gradient.svg\",\"caption\":\"Kodukolle\"},\"image\":{\"@id\":\"https:\\\/\\\/kloon.kodukolle.ee\\\/#\\\/schema\\\/logo\\\/image\\\/\"}}]}<\/script>\n<!-- \/ Yoast SEO plugin. -->","yoast_head_json":{"title":"Luonnollinen sytyke","description":"Luonnollinen puulastuista valmistettu sytyke takoille, uuneille ja grilleille. Nopea syttyminen, tasainen palaminen ja turvallinen k\u00e4ytt\u00f6. Kodukolle.","robots":{"index":"noindex","follow":"follow","max-snippet":"max-snippet:-1","max-image-preview":"max-image-preview:large","max-video-preview":"max-video-preview:-1"},"og_locale":"fi_FI","og_type":"article","og_title":"Luonnollinen sytyke","og_description":"Luonnollinen puulastuista valmistettu sytyke takoille, uuneille ja grilleille. Nopea syttyminen, tasainen palaminen ja turvallinen k\u00e4ytt\u00f6. Kodukolle.","og_url":"https:\/\/kloon.kodukolle.ee\/ru\/?post_type=product&p=30390","og_site_name":"Kodukolle","article_modified_time":"2026-02-01T19:56:34+00:00","og_image":[{"width":550,"height":500,"url":"https:\/\/kloon.kodukolle.ee\/wp-content\/uploads\/2026\/02\/Tulesuutaja.jpg","type":"image\/jpeg"}],"twitter_card":"summary_large_image","twitter_misc":{"Est. reading time":"1 minuutti"},"schema":{"@context":"https:\/\/schema.org","@graph":[{"@type":"WebPage","@id":"https:\/\/kloon.kodukolle.ee\/ru\/?post_type=product&p=30390","url":"https:\/\/kloon.kodukolle.ee\/ru\/?post_type=product&p=30390","name":"Luonnollinen sytyke","isPartOf":{"@id":"https:\/\/kloon.kodukolle.ee\/#website"},"primaryImageOfPage":{"@id":"https:\/\/kloon.kodukolle.ee\/ru\/?post_type=product&p=30390#primaryimage"},"image":{"@id":"https:\/\/kloon.kodukolle.ee\/ru\/?post_type=product&p=30390#primaryimage"},"thumbnailUrl":"https:\/\/kloon.kodukolle.ee\/wp-content\/uploads\/2026\/02\/Tulesuutaja.jpg","datePublished":"2026-02-01T19:21:31+00:00","dateModified":"2026-02-01T19:56:34+00:00","description":"Luonnollinen puulastuista valmistettu sytyke takoille, uuneille ja grilleille. Nopea syttyminen, tasainen palaminen ja turvallinen k\u00e4ytt\u00f6. Kodukolle.","breadcrumb":{"@id":"https:\/\/kloon.kodukolle.ee\/ru\/?post_type=product&p=30390#breadcrumb"},"inLanguage":"fi","potentialAction":[{"@type":"ReadAction","target":["https:\/\/kloon.kodukolle.ee\/ru\/?post_type=product&p=30390"]}]},{"@type":"ImageObject","inLanguage":"fi","@id":"https:\/\/kloon.kodukolle.ee\/ru\/?post_type=product&p=30390#primaryimage","url":"https:\/\/kloon.kodukolle.ee\/wp-content\/uploads\/2026\/02\/Tulesuutaja.jpg","contentUrl":"https:\/\/kloon.kodukolle.ee\/wp-content\/uploads\/2026\/02\/Tulesuutaja.jpg","width":550,"height":500,"caption":"Tules\u00fc\u00fctaja"},{"@type":"BreadcrumbList","@id":"https:\/\/kloon.kodukolle.ee\/ru\/?post_type=product&p=30390#breadcrumb","itemListElement":[{"@type":"ListItem","position":1,"name":"Home","item":"https:\/\/kloon.kodukolle.ee\/fi\/"},{"@type":"ListItem","position":2,"name":"Tuotteet","item":"https:\/\/kloon.kodukolle.ee\/fi\/tuotteet\/"},{"@type":"ListItem","position":3,"name":"Sytyke, 156 kpl"}]},{"@type":"WebSite","@id":"https:\/\/kloon.kodukolle.ee\/#website","url":"https:\/\/kloon.kodukolle.ee\/","name":"Kodukolle","description":"","publisher":{"@id":"https:\/\/kloon.kodukolle.ee\/#organization"},"potentialAction":[{"@type":"SearchAction","target":{"@type":"EntryPoint","urlTemplate":"https:\/\/kloon.kodukolle.ee\/?s={search_term_string}"},"query-input":{"@type":"PropertyValueSpecification","valueRequired":true,"valueName":"search_term_string"}}],"inLanguage":"fi"},{"@type":"Organization","@id":"https:\/\/kloon.kodukolle.ee\/#organization","name":"Kodukolle","url":"https:\/\/kloon.kodukolle.ee\/","logo":{"@type":"ImageObject","inLanguage":"fi","@id":"https:\/\/kloon.kodukolle.ee\/#\/schema\/logo\/image\/","url":"https:\/\/kloon.kodukolle.ee\/wp-content\/uploads\/2025\/06\/logo_must_gradient.svg","contentUrl":"https:\/\/kloon.kodukolle.ee\/wp-content\/uploads\/2025\/06\/logo_must_gradient.svg","caption":"Kodukolle"},"image":{"@id":"https:\/\/kloon.kodukolle.ee\/#\/schema\/logo\/image\/"}}]}},"_links":{"self":[{"href":"https:\/\/kloon.kodukolle.ee\/fi\/wp-json\/wp\/v2\/product\/30389","targetHints":{"allow":["GET"]}}],"collection":[{"href":"https:\/\/kloon.kodukolle.ee\/fi\/wp-json\/wp\/v2\/product"}],"about":[{"href":"https:\/\/kloon.kodukolle.ee\/fi\/wp-json\/wp\/v2\/types\/product"}],"wp:featuredmedia":[{"embeddable":true,"href":"https:\/\/kloon.kodukolle.ee\/fi\/wp-json\/wp\/v2\/media\/30384"}],"wp:attachment":[{"href":"https:\/\/kloon.kodukolle.ee\/fi\/wp-json\/wp\/v2\/media?parent=30389"}],"wp:term":[{"taxonomy":"product_brand","embeddable":true,"href":"https:\/\/kloon.kodukolle.ee\/fi\/wp-json\/wp\/v2\/product_brand?post=30389"},{"taxonomy":"product_cat","embeddable":true,"href":"https:\/\/kloon.kodukolle.ee\/fi\/wp-json\/wp\/v2\/product_cat?post=30389"},{"taxonomy":"product_tag","embeddable":true,"href":"https:\/\/kloon.kodukolle.ee\/fi\/wp-json\/wp\/v2\/product_tag?post=30389"}],"curies":[{"name":"wp","href":"https:\/\/api.w.org\/{rel}","templated":true}]}}